{"id":11246,"date":"2021-04-29T10:05:51","date_gmt":"2021-04-29T10:05:51","guid":{"rendered":"https:\/\/www.loire-gourmande.fr\/produit\/sauvignon-de-touraine-aop-domaine-dutertre\/"},"modified":"2025-05-27T16:20:07","modified_gmt":"2025-05-27T15:20:07","slug":"sauvignon-de-touraine-aop-domaine-dutertre","status":"publish","type":"product","link":"https:\/\/www.loire-gourmande.fr\/de\/Produkt\/sauvignon-de-touraine-aop-domaine-dutertre\/","title":{"rendered":"SAUVIGNON DE TOURAINE AOP DOMAINE DUTERTRE"},"content":{"rendered":"<p>Sch\u00f6ne Frische im Mund, Sauvignon mit Frucht und Struktur<\/p>\n<p>Servieren Sie den Wein bei 16\u00b0-18\u00b0. Ein Wein mit mittlerer Reife, der sehr gut im Keller gealtert ist. Aromen von schwarzen Fr\u00fcchten.<br \/>\n<span style=\"font-size: 15pt;\">Wein &amp; Speisen<\/span><\/p>\n<p>Aperitif &#8211; gebratene Loire &#8211; Fisch Rillettes Aufstrich &#8211; frischer<br \/>\nZiegenk\u00e4se Meeres- oder Flussfisch auf dem Grill oder im Ofen, Fischgerichte mit Meeresfr\u00fcchten<\/p>\n","protected":false},"excerpt":{"rendered":"<p><strong>Die Domaine Dutertre<\/strong> ist ein Familienweingut, das seine Leidenschaft f\u00fcr das &#8222;gute Leben&#8220; weitergibt. Die Weine, die auf unserem 37 Hektar gro\u00dfen Weinberg an der S\u00fcdseite der Loire produziert werden, vereinen Terroir, Tradition und Know-how und haben schon viele Auszeichnungen erhalten. Unser Betrieb befindet sich in einem kleinen Dorf am Ufer der Loire. Wir sind seit f\u00fcnf Generationen Weinbauern und haben ein Museum eingerichtet, das der \u00d6ffentlichkeit zug\u00e4nglich ist und Gegenst\u00e4nde f\u00fcr die Arbeit im Weinberg und die Weinbereitung enth\u00e4lt.<\/p>\n<p><strong>Touraine Amboise<\/strong> wei\u00df, ros\u00e9, rot, <strong>Touraine Sauvignon und M\u00e9thode traditionnelle<\/strong> und die ber\u00fchmten <strong>Cr\u00e9mants de Loire<\/strong> wei\u00df und ros\u00e9. Feine, typische Weine mit dem Duft von Blumen und roten Fr\u00fcchten, die immer einen Platz auf Ihrem Tisch finden werden.<\/p>\n<p>&nbsp;<\/p>\n","protected":false},"featured_media":11248,"template":"","meta":{"inline_featured_image":false},"product_brand":[],"product_cat":[600,609,608],"product_tag":[618,701,615,606],"class_list":{"0":"post-11246","1":"product","2":"type-product","3":"status-publish","4":"has-post-thumbnail","6":"product_cat-die-weine","7":"product_cat-touraine-de","8":"product_cat-weis","9":"product_tag-aperitif-de","10":"product_tag-eintrag","11":"product_tag-wein","12":"product_tag-ziegenkase","13":"product_shipping_class-flasche","15":"first","16":"instock","17":"featured","18":"taxable","19":"shipping-taxable","20":"purchasable","21":"product-type-simple"},"yoast_head":"<!-- This site is optimized with the Yoast SEO plugin v27.6 - https:\/\/yoast.com\/product\/yoast-seo-wordpress\/ -->\n<title>SAUVIGNON DE TOURAINE AOP DOMAINE DUTERTRE - Loire Gourmande - une \u00e9tape savoureuse<\/title>\n<meta name=\"description\" content=\"Sch\u00f6ne Frische am Gaumen, Sauvignon mit Frucht und Struktur. Servieren bei 16\u00b0-18\u00b0 C. Ein Wein mit mittlerer Reife, der sehr gut im Keller gealtert ist. Aromen von schwarzen Fr\u00fcchten. Passt zu Wein &amp; Speisen Aperitif - Friture de Loire - Fischaufstrich - frischer Ziegenk\u00e4se Meeres- oder Flussfische vom Grill oder aus dem Ofen, Meeresfr\u00fcchtegerichte\" \/>\n<meta name=\"robots\" content=\"index, follow, max-snippet:-1, max-image-preview:large, max-video-preview:-1\" \/>\n<link rel=\"canonical\" href=\"https:\/\/www.loire-gourmande.fr\/de\/Produkt\/sauvignon-de-touraine-aop-domaine-dutertre\/\" \/>\n<meta property=\"og:locale\" content=\"de_DE\" \/>\n<meta property=\"og:type\" content=\"article\" \/>\n<meta property=\"og:title\" content=\"SAUVIGNON DE TOURAINE AOP DOMAINE DUTERTRE - Loire Gourmande - une \u00e9tape savoureuse\" \/>\n<meta property=\"og:description\" content=\"Sch\u00f6ne Frische am Gaumen, Sauvignon mit Frucht und Struktur. Servieren bei 16\u00b0-18\u00b0 C. Ein Wein mit mittlerer Reife, der sehr gut im Keller gealtert ist. Aromen von schwarzen Fr\u00fcchten. Passt zu Wein &amp; Speisen Aperitif - Friture de Loire - Fischaufstrich - frischer Ziegenk\u00e4se Meeres- oder Flussfische vom Grill oder aus dem Ofen, Meeresfr\u00fcchtegerichte\" \/>\n<meta property=\"og:url\" content=\"https:\/\/www.loire-gourmande.fr\/de\/Produkt\/sauvignon-de-touraine-aop-domaine-dutertre\/\" \/>\n<meta property=\"og:site_name\" content=\"Loire Gourmande - une \u00e9tape savoureuse\" \/>\n<meta property=\"article:publisher\" content=\"https:\/\/www.facebook.com\/Loire-Gourmande-Turquant-101991328328493\/\" \/>\n<meta property=\"article:modified_time\" content=\"2025-05-27T15:20:07+00:00\" \/>\n<meta property=\"og:image\" content=\"https:\/\/www.loire-gourmande.fr\/wp-content\/uploads\/2021\/04\/3TOUBLCDUT19BLC-Blanc-Touraine-Domaine-Dutertre-2019.png\" \/>\n\t<meta property=\"og:image:width\" content=\"1200\" \/>\n\t<meta property=\"og:image:height\" content=\"1200\" \/>\n\t<meta property=\"og:image:type\" content=\"image\/png\" \/>\n<meta name=\"twitter:card\" content=\"summary_large_image\" \/>\n<script type=\"application\/ld+json\" class=\"yoast-schema-graph\">{\"@context\":\"https:\\\/\\\/schema.org\",\"@graph\":[{\"@type\":\"WebPage\",\"@id\":\"https:\\\/\\\/www.loire-gourmande.fr\\\/de\\\/Produkt\\\/sauvignon-de-touraine-aop-domaine-dutertre\\\/\",\"url\":\"https:\\\/\\\/www.loire-gourmande.fr\\\/de\\\/Produkt\\\/sauvignon-de-touraine-aop-domaine-dutertre\\\/\",\"name\":\"SAUVIGNON DE TOURAINE AOP DOMAINE DUTERTRE - Loire Gourmande - une \u00e9tape savoureuse\",\"isPartOf\":{\"@id\":\"https:\\\/\\\/www.loire-gourmande.fr\\\/de\\\/#website\"},\"primaryImageOfPage\":{\"@id\":\"https:\\\/\\\/www.loire-gourmande.fr\\\/de\\\/Produkt\\\/sauvignon-de-touraine-aop-domaine-dutertre\\\/#primaryimage\"},\"image\":{\"@id\":\"https:\\\/\\\/www.loire-gourmande.fr\\\/de\\\/Produkt\\\/sauvignon-de-touraine-aop-domaine-dutertre\\\/#primaryimage\"},\"thumbnailUrl\":\"https:\\\/\\\/www.loire-gourmande.fr\\\/wp-content\\\/uploads\\\/2021\\\/04\\\/3TOUBLCDUT19BLC-Blanc-Touraine-Domaine-Dutertre-2019.png\",\"datePublished\":\"2021-04-29T10:05:51+00:00\",\"dateModified\":\"2025-05-27T15:20:07+00:00\",\"description\":\"Sch\u00f6ne Frische am Gaumen, Sauvignon mit Frucht und Struktur. Servieren bei 16\u00b0-18\u00b0 C. Ein Wein mit mittlerer Reife, der sehr gut im Keller gealtert ist. Aromen von schwarzen Fr\u00fcchten. Passt zu Wein & Speisen Aperitif - Friture de Loire - Fischaufstrich - frischer Ziegenk\u00e4se Meeres- oder Flussfische vom Grill oder aus dem Ofen, Meeresfr\u00fcchtegerichte\",\"breadcrumb\":{\"@id\":\"https:\\\/\\\/www.loire-gourmande.fr\\\/de\\\/Produkt\\\/sauvignon-de-touraine-aop-domaine-dutertre\\\/#breadcrumb\"},\"inLanguage\":\"de\",\"potentialAction\":[{\"@type\":\"ReadAction\",\"target\":[\"https:\\\/\\\/www.loire-gourmande.fr\\\/de\\\/Produkt\\\/sauvignon-de-touraine-aop-domaine-dutertre\\\/\"]}]},{\"@type\":\"ImageObject\",\"inLanguage\":\"de\",\"@id\":\"https:\\\/\\\/www.loire-gourmande.fr\\\/de\\\/Produkt\\\/sauvignon-de-touraine-aop-domaine-dutertre\\\/#primaryimage\",\"url\":\"https:\\\/\\\/www.loire-gourmande.fr\\\/wp-content\\\/uploads\\\/2021\\\/04\\\/3TOUBLCDUT19BLC-Blanc-Touraine-Domaine-Dutertre-2019.png\",\"contentUrl\":\"https:\\\/\\\/www.loire-gourmande.fr\\\/wp-content\\\/uploads\\\/2021\\\/04\\\/3TOUBLCDUT19BLC-Blanc-Touraine-Domaine-Dutertre-2019.png\",\"width\":1200,\"height\":1200},{\"@type\":\"BreadcrumbList\",\"@id\":\"https:\\\/\\\/www.loire-gourmande.fr\\\/de\\\/Produkt\\\/sauvignon-de-touraine-aop-domaine-dutertre\\\/#breadcrumb\",\"itemListElement\":[{\"@type\":\"ListItem\",\"position\":1,\"name\":\"Startseite\",\"item\":\"https:\\\/\\\/www.loire-gourmande.fr\\\/de\\\/\"},{\"@type\":\"ListItem\",\"position\":2,\"name\":\"Die Boutique de Loire Gourmande: die Weine der Loire\",\"item\":\"https:\\\/\\\/www.loire-gourmande.fr\\\/de\\\/woocommerce\\\/\"},{\"@type\":\"ListItem\",\"position\":3,\"name\":\"Die Weine\",\"item\":\"https:\\\/\\\/www.loire-gourmande.fr\\\/de\\\/Produktkategorie\\\/die-weine\\\/\"},{\"@type\":\"ListItem\",\"position\":4,\"name\":\"Touraine\",\"item\":\"https:\\\/\\\/www.loire-gourmande.fr\\\/de\\\/Produktkategorie\\\/die-weine\\\/touraine-de\\\/\"},{\"@type\":\"ListItem\",\"position\":5,\"name\":\"SAUVIGNON DE TOURAINE AOP DOMAINE DUTERTRE\"}]},{\"@type\":\"WebSite\",\"@id\":\"https:\\\/\\\/www.loire-gourmande.fr\\\/de\\\/#website\",\"url\":\"https:\\\/\\\/www.loire-gourmande.fr\\\/de\\\/\",\"name\":\"Loire Gourmande, une \u00e9tape savoureuse\",\"description\":\"une d\u00e9gustation \u00e0 toute heure et une boutique \u00e0 visiter \u00e0 Turquant (49)\",\"publisher\":{\"@id\":\"https:\\\/\\\/www.loire-gourmande.fr\\\/de\\\/#organization\"},\"potentialAction\":[{\"@type\":\"SearchAction\",\"target\":{\"@type\":\"EntryPoint\",\"urlTemplate\":\"https:\\\/\\\/www.loire-gourmande.fr\\\/de\\\/?s={search_term_string}\"},\"query-input\":{\"@type\":\"PropertyValueSpecification\",\"valueRequired\":true,\"valueName\":\"search_term_string\"}}],\"inLanguage\":\"de\"},{\"@type\":\"Organization\",\"@id\":\"https:\\\/\\\/www.loire-gourmande.fr\\\/de\\\/#organization\",\"name\":\"Loire Gourmande - Schnellrestaurant und Besuch in Turquant (49)\",\"url\":\"https:\\\/\\\/www.loire-gourmande.fr\\\/de\\\/\",\"logo\":{\"@type\":\"ImageObject\",\"inLanguage\":\"de\",\"@id\":\"https:\\\/\\\/www.loire-gourmande.fr\\\/de\\\/#\\\/schema\\\/logo\\\/image\\\/\",\"url\":\"https:\\\/\\\/www.loire-gourmande.fr\\\/wp-content\\\/uploads\\\/2020\\\/10\\\/loire-gourmande-logo.jpg\",\"contentUrl\":\"https:\\\/\\\/www.loire-gourmande.fr\\\/wp-content\\\/uploads\\\/2020\\\/10\\\/loire-gourmande-logo.jpg\",\"width\":800,\"height\":415,\"caption\":\"Loire Gourmande - Schnellrestaurant und Besuch in Turquant (49)\"},\"image\":{\"@id\":\"https:\\\/\\\/www.loire-gourmande.fr\\\/de\\\/#\\\/schema\\\/logo\\\/image\\\/\"},\"sameAs\":[\"https:\\\/\\\/www.facebook.com\\\/Loire-Gourmande-Turquant-101991328328493\\\/\",\"https:\\\/\\\/www.instagram.com\\\/jean_yves_auradon\\\/?igshid=1ta3mfjka326t\"]}]}<\/script>\n<!-- \/ Yoast SEO plugin. -->","yoast_head_json":{"title":"SAUVIGNON DE TOURAINE AOP DOMAINE DUTERTRE - Loire Gourmande - une \u00e9tape savoureuse","description":"Sch\u00f6ne Frische am Gaumen, Sauvignon mit Frucht und Struktur. Servieren bei 16\u00b0-18\u00b0 C. Ein Wein mit mittlerer Reife, der sehr gut im Keller gealtert ist. Aromen von schwarzen Fr\u00fcchten. Passt zu Wein & Speisen Aperitif - Friture de Loire - Fischaufstrich - frischer Ziegenk\u00e4se Meeres- oder Flussfische vom Grill oder aus dem Ofen, Meeresfr\u00fcchtegerichte","robots":{"index":"index","follow":"follow","max-snippet":"max-snippet:-1","max-image-preview":"max-image-preview:large","max-video-preview":"max-video-preview:-1"},"canonical":"https:\/\/www.loire-gourmande.fr\/de\/Produkt\/sauvignon-de-touraine-aop-domaine-dutertre\/","og_locale":"de_DE","og_type":"article","og_title":"SAUVIGNON DE TOURAINE AOP DOMAINE DUTERTRE - Loire Gourmande - une \u00e9tape savoureuse","og_description":"Sch\u00f6ne Frische am Gaumen, Sauvignon mit Frucht und Struktur. Servieren bei 16\u00b0-18\u00b0 C. Ein Wein mit mittlerer Reife, der sehr gut im Keller gealtert ist. Aromen von schwarzen Fr\u00fcchten. Passt zu Wein & Speisen Aperitif - Friture de Loire - Fischaufstrich - frischer Ziegenk\u00e4se Meeres- oder Flussfische vom Grill oder aus dem Ofen, Meeresfr\u00fcchtegerichte","og_url":"https:\/\/www.loire-gourmande.fr\/de\/Produkt\/sauvignon-de-touraine-aop-domaine-dutertre\/","og_site_name":"Loire Gourmande - une \u00e9tape savoureuse","article_publisher":"https:\/\/www.facebook.com\/Loire-Gourmande-Turquant-101991328328493\/","article_modified_time":"2025-05-27T15:20:07+00:00","og_image":[{"width":1200,"height":1200,"url":"https:\/\/www.loire-gourmande.fr\/wp-content\/uploads\/2021\/04\/3TOUBLCDUT19BLC-Blanc-Touraine-Domaine-Dutertre-2019.png","type":"image\/png"}],"twitter_card":"summary_large_image","schema":{"@context":"https:\/\/schema.org","@graph":[{"@type":"WebPage","@id":"https:\/\/www.loire-gourmande.fr\/de\/Produkt\/sauvignon-de-touraine-aop-domaine-dutertre\/","url":"https:\/\/www.loire-gourmande.fr\/de\/Produkt\/sauvignon-de-touraine-aop-domaine-dutertre\/","name":"SAUVIGNON DE TOURAINE AOP DOMAINE DUTERTRE - Loire Gourmande - une \u00e9tape savoureuse","isPartOf":{"@id":"https:\/\/www.loire-gourmande.fr\/de\/#website"},"primaryImageOfPage":{"@id":"https:\/\/www.loire-gourmande.fr\/de\/Produkt\/sauvignon-de-touraine-aop-domaine-dutertre\/#primaryimage"},"image":{"@id":"https:\/\/www.loire-gourmande.fr\/de\/Produkt\/sauvignon-de-touraine-aop-domaine-dutertre\/#primaryimage"},"thumbnailUrl":"https:\/\/www.loire-gourmande.fr\/wp-content\/uploads\/2021\/04\/3TOUBLCDUT19BLC-Blanc-Touraine-Domaine-Dutertre-2019.png","datePublished":"2021-04-29T10:05:51+00:00","dateModified":"2025-05-27T15:20:07+00:00","description":"Sch\u00f6ne Frische am Gaumen, Sauvignon mit Frucht und Struktur. Servieren bei 16\u00b0-18\u00b0 C. Ein Wein mit mittlerer Reife, der sehr gut im Keller gealtert ist. Aromen von schwarzen Fr\u00fcchten. Passt zu Wein & Speisen Aperitif - Friture de Loire - Fischaufstrich - frischer Ziegenk\u00e4se Meeres- oder Flussfische vom Grill oder aus dem Ofen, Meeresfr\u00fcchtegerichte","breadcrumb":{"@id":"https:\/\/www.loire-gourmande.fr\/de\/Produkt\/sauvignon-de-touraine-aop-domaine-dutertre\/#breadcrumb"},"inLanguage":"de","potentialAction":[{"@type":"ReadAction","target":["https:\/\/www.loire-gourmande.fr\/de\/Produkt\/sauvignon-de-touraine-aop-domaine-dutertre\/"]}]},{"@type":"ImageObject","inLanguage":"de","@id":"https:\/\/www.loire-gourmande.fr\/de\/Produkt\/sauvignon-de-touraine-aop-domaine-dutertre\/#primaryimage","url":"https:\/\/www.loire-gourmande.fr\/wp-content\/uploads\/2021\/04\/3TOUBLCDUT19BLC-Blanc-Touraine-Domaine-Dutertre-2019.png","contentUrl":"https:\/\/www.loire-gourmande.fr\/wp-content\/uploads\/2021\/04\/3TOUBLCDUT19BLC-Blanc-Touraine-Domaine-Dutertre-2019.png","width":1200,"height":1200},{"@type":"BreadcrumbList","@id":"https:\/\/www.loire-gourmande.fr\/de\/Produkt\/sauvignon-de-touraine-aop-domaine-dutertre\/#breadcrumb","itemListElement":[{"@type":"ListItem","position":1,"name":"Startseite","item":"https:\/\/www.loire-gourmande.fr\/de\/"},{"@type":"ListItem","position":2,"name":"Die Boutique de Loire Gourmande: die Weine der Loire","item":"https:\/\/www.loire-gourmande.fr\/de\/woocommerce\/"},{"@type":"ListItem","position":3,"name":"Die Weine","item":"https:\/\/www.loire-gourmande.fr\/de\/Produktkategorie\/die-weine\/"},{"@type":"ListItem","position":4,"name":"Touraine","item":"https:\/\/www.loire-gourmande.fr\/de\/Produktkategorie\/die-weine\/touraine-de\/"},{"@type":"ListItem","position":5,"name":"SAUVIGNON DE TOURAINE AOP DOMAINE DUTERTRE"}]},{"@type":"WebSite","@id":"https:\/\/www.loire-gourmande.fr\/de\/#website","url":"https:\/\/www.loire-gourmande.fr\/de\/","name":"Loire Gourmande, une \u00e9tape savoureuse","description":"une d\u00e9gustation \u00e0 toute heure et une boutique \u00e0 visiter \u00e0 Turquant (49)","publisher":{"@id":"https:\/\/www.loire-gourmande.fr\/de\/#organization"},"potentialAction":[{"@type":"SearchAction","target":{"@type":"EntryPoint","urlTemplate":"https:\/\/www.loire-gourmande.fr\/de\/?s={search_term_string}"},"query-input":{"@type":"PropertyValueSpecification","valueRequired":true,"valueName":"search_term_string"}}],"inLanguage":"de"},{"@type":"Organization","@id":"https:\/\/www.loire-gourmande.fr\/de\/#organization","name":"Loire Gourmande - Schnellrestaurant und Besuch in Turquant (49)","url":"https:\/\/www.loire-gourmande.fr\/de\/","logo":{"@type":"ImageObject","inLanguage":"de","@id":"https:\/\/www.loire-gourmande.fr\/de\/#\/schema\/logo\/image\/","url":"https:\/\/www.loire-gourmande.fr\/wp-content\/uploads\/2020\/10\/loire-gourmande-logo.jpg","contentUrl":"https:\/\/www.loire-gourmande.fr\/wp-content\/uploads\/2020\/10\/loire-gourmande-logo.jpg","width":800,"height":415,"caption":"Loire Gourmande - Schnellrestaurant und Besuch in Turquant (49)"},"image":{"@id":"https:\/\/www.loire-gourmande.fr\/de\/#\/schema\/logo\/image\/"},"sameAs":["https:\/\/www.facebook.com\/Loire-Gourmande-Turquant-101991328328493\/","https:\/\/www.instagram.com\/jean_yves_auradon\/?igshid=1ta3mfjka326t"]}]}},"_links":{"self":[{"href":"https:\/\/www.loire-gourmande.fr\/de\/wp-json\/wp\/v2\/product\/11246","targetHints":{"allow":["GET"]}}],"collection":[{"href":"https:\/\/www.loire-gourmande.fr\/de\/wp-json\/wp\/v2\/product"}],"about":[{"href":"https:\/\/www.loire-gourmande.fr\/de\/wp-json\/wp\/v2\/types\/product"}],"version-history":[{"count":2,"href":"https:\/\/www.loire-gourmande.fr\/de\/wp-json\/wp\/v2\/product\/11246\/revisions"}],"predecessor-version":[{"id":13083,"href":"https:\/\/www.loire-gourmande.fr\/de\/wp-json\/wp\/v2\/product\/11246\/revisions\/13083"}],"wp:featuredmedia":[{"embeddable":true,"href":"https:\/\/www.loire-gourmande.fr\/de\/wp-json\/wp\/v2\/media\/11248"}],"wp:attachment":[{"href":"https:\/\/www.loire-gourmande.fr\/de\/wp-json\/wp\/v2\/media?parent=11246"}],"wp:term":[{"taxonomy":"product_brand","embeddable":true,"href":"https:\/\/www.loire-gourmande.fr\/de\/wp-json\/wp\/v2\/product_brand?post=11246"},{"taxonomy":"product_cat","embeddable":true,"href":"https:\/\/www.loire-gourmande.fr\/de\/wp-json\/wp\/v2\/product_cat?post=11246"},{"taxonomy":"product_tag","embeddable":true,"href":"https:\/\/www.loire-gourmande.fr\/de\/wp-json\/wp\/v2\/product_tag?post=11246"}],"curies":[{"name":"wp","href":"https:\/\/api.w.org\/{rel}","templated":true}]}}