{"id":11261,"date":"2021-04-29T10:06:03","date_gmt":"2021-04-29T10:06:03","guid":{"rendered":"https:\/\/www.loire-gourmande.fr\/produit\/igp-viognier-utfe-domaine-vial-fleur-de-granite-granitbluete\/"},"modified":"2025-05-27T16:30:54","modified_gmt":"2025-05-27T15:30:54","slug":"igp-viognier-utfe-domaine-vial-fleur-de-granite-granitbluete","status":"publish","type":"product","link":"https:\/\/www.loire-gourmande.fr\/de\/Produkt\/igp-viognier-utfe-domaine-vial-fleur-de-granite-granitbluete\/","title":{"rendered":"IGP VIOGNIER UTFE DOMAINE VIAL &#8222;fleur de granite&#8220; (Granitbl\u00fcte)"},"content":{"rendered":"<p><span class=\"has-inline-color\">GRANITBLUMEN \u2013 g.g.A. Urf\u00e9<br \/>\n<\/span><strong>Rebsorte<\/strong> \u2013 Viognier<br \/>\n<strong>Terroir<\/strong> &#8211; Bouth\u00e9ran-H\u00fcgel, \u00f6stlich auf einem Granitbett gelegen.<br \/>\n<strong>Weinbereitung<\/strong> &#8211; Sanfte und lange direkte Pressung, um den klaren Saft abflie\u00dfen zu lassen, Kl\u00e4rung in der K\u00e4lte und G\u00e4rung bei niedriger Temperatur.<br \/>\n<strong>Weinprobe<\/strong> &#8211; Das Bouquet zeigt Noten von wei\u00dfen Blumen, Aprikose und Weinbergpfirsich. Im Mund entwickelt er sich von einem frischen Auftakt zu einer fleischigen Mitte. Der Abgang ist eher mineralisch und weckt die Aromen, die in der Nase zu finden waren.<br \/>\n<span style=\"font-size: 12pt;\"><br \/>\n  <strong>Passt zu Met &amp; Wein<\/strong><br \/>\n<\/span> &#8211; Ideal als Aperitif oder zu Fisch- und Meeresfr\u00fcchtegerichten. Er kann auch ein Dessert oder einen Ziegenk\u00e4se begleiten.<\/p>\n<p>&nbsp;<\/p>\n<p>&nbsp;<\/p>\n<p>&nbsp;<\/p>\n","protected":false},"excerpt":{"rendered":"<p>Domaine Vial ist ein Weingut in der franz\u00f6sischen Region Loiretal, das 7 Weine zum Kauf produziert, darunter den 2018er Fleurs de Granit<br \/>\n.Die Rebsorte Viognier, die aus dem n\u00f6rdlichen Rh\u00f4netal stammt, ist hier im Gaec der Gebr\u00fcder Vial zu finden.<br \/>\nZart und rund, kann dieser blumige und fruchtige Wein zu jeder Tageszeit serviert werden, gek\u00fchlt in einem Glas, das ziemlich ausgestellt ist, um seine Aromen zu f\u00f6rdern. Und ein zarter und runder, blumiger und fruchtiger Wein<\/p>\n<p>&nbsp;<\/p>\n<p>&nbsp;<\/p>\n","protected":false},"featured_media":11262,"template":"","meta":{"inline_featured_image":false},"product_brand":[],"product_cat":[614,600,624,608],"product_tag":[618,622,617],"class_list":{"0":"post-11261","1":"product","2":"type-product","3":"status-publish","4":"has-post-thumbnail","6":"product_cat-auvergne-de","7":"product_cat-die-weine","8":"product_cat-vergessene-rebsorten","9":"product_cat-weis","10":"product_tag-aperitif-de","11":"product_tag-entdeckung","12":"product_tag-weis","13":"product_shipping_class-flasche","15":"first","16":"instock","17":"featured","18":"taxable","19":"shipping-taxable","20":"purchasable","21":"product-type-simple"},"yoast_head":"<!-- This site is optimized with the Yoast SEO plugin v27.3 - https:\/\/yoast.com\/product\/yoast-seo-wordpress\/ -->\n<title>IGP VIOGNIER UTFE DOMAINE VIAL &quot;fleur de granite&quot; (Granitbl\u00fcte) - Loire Gourmande - une \u00e9tape savoureuse<\/title>\n<meta name=\"description\" content=\"GP VIOGNIER DOMAINE VIAL &quot;fleur de granite&quot; Loire-Weine. Bestellung im Weinkeller auf der Website von Loire Gourmande. Weinh\u00e4ndler in Turquant (49).\" \/>\n<meta name=\"robots\" content=\"index, follow, max-snippet:-1, max-image-preview:large, max-video-preview:-1\" \/>\n<link rel=\"canonical\" href=\"https:\/\/www.loire-gourmande.fr\/de\/Produkt\/igp-viognier-utfe-domaine-vial-fleur-de-granite-granitbluete\/\" \/>\n<meta property=\"og:locale\" content=\"de_DE\" \/>\n<meta property=\"og:type\" content=\"article\" \/>\n<meta property=\"og:title\" content=\"IGP VIOGNIER UTFE DOMAINE VIAL &quot;fleur de granite&quot; (Granitbl\u00fcte) - Loire Gourmande - une \u00e9tape savoureuse\" \/>\n<meta property=\"og:description\" content=\"GP VIOGNIER DOMAINE VIAL &quot;fleur de granite&quot; Loire-Weine. Bestellung im Weinkeller auf der Website von Loire Gourmande. Weinh\u00e4ndler in Turquant (49).\" \/>\n<meta property=\"og:url\" content=\"https:\/\/www.loire-gourmande.fr\/de\/Produkt\/igp-viognier-utfe-domaine-vial-fleur-de-granite-granitbluete\/\" \/>\n<meta property=\"og:site_name\" content=\"Loire Gourmande - une \u00e9tape savoureuse\" \/>\n<meta property=\"article:publisher\" content=\"https:\/\/www.facebook.com\/Loire-Gourmande-Turquant-101991328328493\/\" \/>\n<meta property=\"article:modified_time\" content=\"2025-05-27T15:30:54+00:00\" \/>\n<meta property=\"og:image\" content=\"https:\/\/www.loire-gourmande.fr\/wp-content\/uploads\/2021\/04\/Viognier.jpg\" \/>\n\t<meta property=\"og:image:width\" content=\"800\" \/>\n\t<meta property=\"og:image:height\" content=\"800\" \/>\n\t<meta property=\"og:image:type\" content=\"image\/jpeg\" \/>\n<meta name=\"twitter:card\" content=\"summary_large_image\" \/>\n<meta name=\"twitter:label1\" content=\"Gesch\u00e4tzte Lesezeit\" \/>\n\t<meta name=\"twitter:data1\" content=\"1\u00a0Minute\" \/>\n<script type=\"application\/ld+json\" class=\"yoast-schema-graph\">{\"@context\":\"https:\\\/\\\/schema.org\",\"@graph\":[{\"@type\":\"WebPage\",\"@id\":\"https:\\\/\\\/www.loire-gourmande.fr\\\/de\\\/Produkt\\\/igp-viognier-utfe-domaine-vial-fleur-de-granite-granitbluete\\\/\",\"url\":\"https:\\\/\\\/www.loire-gourmande.fr\\\/de\\\/Produkt\\\/igp-viognier-utfe-domaine-vial-fleur-de-granite-granitbluete\\\/\",\"name\":\"IGP VIOGNIER UTFE DOMAINE VIAL \\\"fleur de granite\\\" (Granitbl\u00fcte) - Loire Gourmande - une \u00e9tape savoureuse\",\"isPartOf\":{\"@id\":\"https:\\\/\\\/www.loire-gourmande.fr\\\/de\\\/#website\"},\"primaryImageOfPage\":{\"@id\":\"https:\\\/\\\/www.loire-gourmande.fr\\\/de\\\/Produkt\\\/igp-viognier-utfe-domaine-vial-fleur-de-granite-granitbluete\\\/#primaryimage\"},\"image\":{\"@id\":\"https:\\\/\\\/www.loire-gourmande.fr\\\/de\\\/Produkt\\\/igp-viognier-utfe-domaine-vial-fleur-de-granite-granitbluete\\\/#primaryimage\"},\"thumbnailUrl\":\"https:\\\/\\\/www.loire-gourmande.fr\\\/wp-content\\\/uploads\\\/2021\\\/04\\\/Viognier.jpg\",\"datePublished\":\"2021-04-29T10:06:03+00:00\",\"dateModified\":\"2025-05-27T15:30:54+00:00\",\"description\":\"GP VIOGNIER DOMAINE VIAL \\\"fleur de granite\\\" Loire-Weine. Bestellung im Weinkeller auf der Website von Loire Gourmande. Weinh\u00e4ndler in Turquant (49).\",\"breadcrumb\":{\"@id\":\"https:\\\/\\\/www.loire-gourmande.fr\\\/de\\\/Produkt\\\/igp-viognier-utfe-domaine-vial-fleur-de-granite-granitbluete\\\/#breadcrumb\"},\"inLanguage\":\"de\",\"potentialAction\":[{\"@type\":\"ReadAction\",\"target\":[\"https:\\\/\\\/www.loire-gourmande.fr\\\/de\\\/Produkt\\\/igp-viognier-utfe-domaine-vial-fleur-de-granite-granitbluete\\\/\"]}]},{\"@type\":\"ImageObject\",\"inLanguage\":\"de\",\"@id\":\"https:\\\/\\\/www.loire-gourmande.fr\\\/de\\\/Produkt\\\/igp-viognier-utfe-domaine-vial-fleur-de-granite-granitbluete\\\/#primaryimage\",\"url\":\"https:\\\/\\\/www.loire-gourmande.fr\\\/wp-content\\\/uploads\\\/2021\\\/04\\\/Viognier.jpg\",\"contentUrl\":\"https:\\\/\\\/www.loire-gourmande.fr\\\/wp-content\\\/uploads\\\/2021\\\/04\\\/Viognier.jpg\",\"width\":800,\"height\":800},{\"@type\":\"BreadcrumbList\",\"@id\":\"https:\\\/\\\/www.loire-gourmande.fr\\\/de\\\/Produkt\\\/igp-viognier-utfe-domaine-vial-fleur-de-granite-granitbluete\\\/#breadcrumb\",\"itemListElement\":[{\"@type\":\"ListItem\",\"position\":1,\"name\":\"Startseite\",\"item\":\"https:\\\/\\\/www.loire-gourmande.fr\\\/de\\\/\"},{\"@type\":\"ListItem\",\"position\":2,\"name\":\"Die Boutique de Loire Gourmande: die Weine der Loire\",\"item\":\"https:\\\/\\\/www.loire-gourmande.fr\\\/de\\\/woocommerce\\\/\"},{\"@type\":\"ListItem\",\"position\":3,\"name\":\"Die Weine\",\"item\":\"https:\\\/\\\/www.loire-gourmande.fr\\\/de\\\/Produktkategorie\\\/die-weine\\\/\"},{\"@type\":\"ListItem\",\"position\":4,\"name\":\"IGP VIOGNIER UTFE DOMAINE VIAL &#8222;fleur de granite&#8220; (Granitbl\u00fcte)\"}]},{\"@type\":\"WebSite\",\"@id\":\"https:\\\/\\\/www.loire-gourmande.fr\\\/de\\\/#website\",\"url\":\"https:\\\/\\\/www.loire-gourmande.fr\\\/de\\\/\",\"name\":\"Loire Gourmande, une \u00e9tape savoureuse\",\"description\":\"une d\u00e9gustation \u00e0 toute heure et une boutique \u00e0 visiter \u00e0 Turquant (49)\",\"publisher\":{\"@id\":\"https:\\\/\\\/www.loire-gourmande.fr\\\/de\\\/#organization\"},\"potentialAction\":[{\"@type\":\"SearchAction\",\"target\":{\"@type\":\"EntryPoint\",\"urlTemplate\":\"https:\\\/\\\/www.loire-gourmande.fr\\\/de\\\/?s={search_term_string}\"},\"query-input\":{\"@type\":\"PropertyValueSpecification\",\"valueRequired\":true,\"valueName\":\"search_term_string\"}}],\"inLanguage\":\"de\"},{\"@type\":\"Organization\",\"@id\":\"https:\\\/\\\/www.loire-gourmande.fr\\\/de\\\/#organization\",\"name\":\"Loire Gourmande - Schnellrestaurant und Besuch in Turquant (49)\",\"url\":\"https:\\\/\\\/www.loire-gourmande.fr\\\/de\\\/\",\"logo\":{\"@type\":\"ImageObject\",\"inLanguage\":\"de\",\"@id\":\"https:\\\/\\\/www.loire-gourmande.fr\\\/de\\\/#\\\/schema\\\/logo\\\/image\\\/\",\"url\":\"https:\\\/\\\/www.loire-gourmande.fr\\\/wp-content\\\/uploads\\\/2020\\\/10\\\/loire-gourmande-logo.jpg\",\"contentUrl\":\"https:\\\/\\\/www.loire-gourmande.fr\\\/wp-content\\\/uploads\\\/2020\\\/10\\\/loire-gourmande-logo.jpg\",\"width\":800,\"height\":415,\"caption\":\"Loire Gourmande - Schnellrestaurant und Besuch in Turquant (49)\"},\"image\":{\"@id\":\"https:\\\/\\\/www.loire-gourmande.fr\\\/de\\\/#\\\/schema\\\/logo\\\/image\\\/\"},\"sameAs\":[\"https:\\\/\\\/www.facebook.com\\\/Loire-Gourmande-Turquant-101991328328493\\\/\",\"https:\\\/\\\/www.instagram.com\\\/jean_yves_auradon\\\/?igshid=1ta3mfjka326t\"]}]}<\/script>\n<!-- \/ Yoast SEO plugin. -->","yoast_head_json":{"title":"IGP VIOGNIER UTFE DOMAINE VIAL \"fleur de granite\" (Granitbl\u00fcte) - Loire Gourmande - une \u00e9tape savoureuse","description":"GP VIOGNIER DOMAINE VIAL \"fleur de granite\" Loire-Weine. Bestellung im Weinkeller auf der Website von Loire Gourmande. Weinh\u00e4ndler in Turquant (49).","robots":{"index":"index","follow":"follow","max-snippet":"max-snippet:-1","max-image-preview":"max-image-preview:large","max-video-preview":"max-video-preview:-1"},"canonical":"https:\/\/www.loire-gourmande.fr\/de\/Produkt\/igp-viognier-utfe-domaine-vial-fleur-de-granite-granitbluete\/","og_locale":"de_DE","og_type":"article","og_title":"IGP VIOGNIER UTFE DOMAINE VIAL \"fleur de granite\" (Granitbl\u00fcte) - Loire Gourmande - une \u00e9tape savoureuse","og_description":"GP VIOGNIER DOMAINE VIAL \"fleur de granite\" Loire-Weine. Bestellung im Weinkeller auf der Website von Loire Gourmande. Weinh\u00e4ndler in Turquant (49).","og_url":"https:\/\/www.loire-gourmande.fr\/de\/Produkt\/igp-viognier-utfe-domaine-vial-fleur-de-granite-granitbluete\/","og_site_name":"Loire Gourmande - une \u00e9tape savoureuse","article_publisher":"https:\/\/www.facebook.com\/Loire-Gourmande-Turquant-101991328328493\/","article_modified_time":"2025-05-27T15:30:54+00:00","og_image":[{"width":800,"height":800,"url":"https:\/\/www.loire-gourmande.fr\/wp-content\/uploads\/2021\/04\/Viognier.jpg","type":"image\/jpeg"}],"twitter_card":"summary_large_image","twitter_misc":{"Gesch\u00e4tzte Lesezeit":"1\u00a0Minute"},"schema":{"@context":"https:\/\/schema.org","@graph":[{"@type":"WebPage","@id":"https:\/\/www.loire-gourmande.fr\/de\/Produkt\/igp-viognier-utfe-domaine-vial-fleur-de-granite-granitbluete\/","url":"https:\/\/www.loire-gourmande.fr\/de\/Produkt\/igp-viognier-utfe-domaine-vial-fleur-de-granite-granitbluete\/","name":"IGP VIOGNIER UTFE DOMAINE VIAL \"fleur de granite\" (Granitbl\u00fcte) - Loire Gourmande - une \u00e9tape savoureuse","isPartOf":{"@id":"https:\/\/www.loire-gourmande.fr\/de\/#website"},"primaryImageOfPage":{"@id":"https:\/\/www.loire-gourmande.fr\/de\/Produkt\/igp-viognier-utfe-domaine-vial-fleur-de-granite-granitbluete\/#primaryimage"},"image":{"@id":"https:\/\/www.loire-gourmande.fr\/de\/Produkt\/igp-viognier-utfe-domaine-vial-fleur-de-granite-granitbluete\/#primaryimage"},"thumbnailUrl":"https:\/\/www.loire-gourmande.fr\/wp-content\/uploads\/2021\/04\/Viognier.jpg","datePublished":"2021-04-29T10:06:03+00:00","dateModified":"2025-05-27T15:30:54+00:00","description":"GP VIOGNIER DOMAINE VIAL \"fleur de granite\" Loire-Weine. Bestellung im Weinkeller auf der Website von Loire Gourmande. Weinh\u00e4ndler in Turquant (49).","breadcrumb":{"@id":"https:\/\/www.loire-gourmande.fr\/de\/Produkt\/igp-viognier-utfe-domaine-vial-fleur-de-granite-granitbluete\/#breadcrumb"},"inLanguage":"de","potentialAction":[{"@type":"ReadAction","target":["https:\/\/www.loire-gourmande.fr\/de\/Produkt\/igp-viognier-utfe-domaine-vial-fleur-de-granite-granitbluete\/"]}]},{"@type":"ImageObject","inLanguage":"de","@id":"https:\/\/www.loire-gourmande.fr\/de\/Produkt\/igp-viognier-utfe-domaine-vial-fleur-de-granite-granitbluete\/#primaryimage","url":"https:\/\/www.loire-gourmande.fr\/wp-content\/uploads\/2021\/04\/Viognier.jpg","contentUrl":"https:\/\/www.loire-gourmande.fr\/wp-content\/uploads\/2021\/04\/Viognier.jpg","width":800,"height":800},{"@type":"BreadcrumbList","@id":"https:\/\/www.loire-gourmande.fr\/de\/Produkt\/igp-viognier-utfe-domaine-vial-fleur-de-granite-granitbluete\/#breadcrumb","itemListElement":[{"@type":"ListItem","position":1,"name":"Startseite","item":"https:\/\/www.loire-gourmande.fr\/de\/"},{"@type":"ListItem","position":2,"name":"Die Boutique de Loire Gourmande: die Weine der Loire","item":"https:\/\/www.loire-gourmande.fr\/de\/woocommerce\/"},{"@type":"ListItem","position":3,"name":"Die Weine","item":"https:\/\/www.loire-gourmande.fr\/de\/Produktkategorie\/die-weine\/"},{"@type":"ListItem","position":4,"name":"IGP VIOGNIER UTFE DOMAINE VIAL &#8222;fleur de granite&#8220; (Granitbl\u00fcte)"}]},{"@type":"WebSite","@id":"https:\/\/www.loire-gourmande.fr\/de\/#website","url":"https:\/\/www.loire-gourmande.fr\/de\/","name":"Loire Gourmande, une \u00e9tape savoureuse","description":"une d\u00e9gustation \u00e0 toute heure et une boutique \u00e0 visiter \u00e0 Turquant (49)","publisher":{"@id":"https:\/\/www.loire-gourmande.fr\/de\/#organization"},"potentialAction":[{"@type":"SearchAction","target":{"@type":"EntryPoint","urlTemplate":"https:\/\/www.loire-gourmande.fr\/de\/?s={search_term_string}"},"query-input":{"@type":"PropertyValueSpecification","valueRequired":true,"valueName":"search_term_string"}}],"inLanguage":"de"},{"@type":"Organization","@id":"https:\/\/www.loire-gourmande.fr\/de\/#organization","name":"Loire Gourmande - Schnellrestaurant und Besuch in Turquant (49)","url":"https:\/\/www.loire-gourmande.fr\/de\/","logo":{"@type":"ImageObject","inLanguage":"de","@id":"https:\/\/www.loire-gourmande.fr\/de\/#\/schema\/logo\/image\/","url":"https:\/\/www.loire-gourmande.fr\/wp-content\/uploads\/2020\/10\/loire-gourmande-logo.jpg","contentUrl":"https:\/\/www.loire-gourmande.fr\/wp-content\/uploads\/2020\/10\/loire-gourmande-logo.jpg","width":800,"height":415,"caption":"Loire Gourmande - Schnellrestaurant und Besuch in Turquant (49)"},"image":{"@id":"https:\/\/www.loire-gourmande.fr\/de\/#\/schema\/logo\/image\/"},"sameAs":["https:\/\/www.facebook.com\/Loire-Gourmande-Turquant-101991328328493\/","https:\/\/www.instagram.com\/jean_yves_auradon\/?igshid=1ta3mfjka326t"]}]}},"_links":{"self":[{"href":"https:\/\/www.loire-gourmande.fr\/de\/wp-json\/wp\/v2\/product\/11261","targetHints":{"allow":["GET"]}}],"collection":[{"href":"https:\/\/www.loire-gourmande.fr\/de\/wp-json\/wp\/v2\/product"}],"about":[{"href":"https:\/\/www.loire-gourmande.fr\/de\/wp-json\/wp\/v2\/types\/product"}],"version-history":[{"count":2,"href":"https:\/\/www.loire-gourmande.fr\/de\/wp-json\/wp\/v2\/product\/11261\/revisions"}],"predecessor-version":[{"id":13189,"href":"https:\/\/www.loire-gourmande.fr\/de\/wp-json\/wp\/v2\/product\/11261\/revisions\/13189"}],"wp:featuredmedia":[{"embeddable":true,"href":"https:\/\/www.loire-gourmande.fr\/de\/wp-json\/wp\/v2\/media\/11262"}],"wp:attachment":[{"href":"https:\/\/www.loire-gourmande.fr\/de\/wp-json\/wp\/v2\/media?parent=11261"}],"wp:term":[{"taxonomy":"product_brand","embeddable":true,"href":"https:\/\/www.loire-gourmande.fr\/de\/wp-json\/wp\/v2\/product_brand?post=11261"},{"taxonomy":"product_cat","embeddable":true,"href":"https:\/\/www.loire-gourmande.fr\/de\/wp-json\/wp\/v2\/product_cat?post=11261"},{"taxonomy":"product_tag","embeddable":true,"href":"https:\/\/www.loire-gourmande.fr\/de\/wp-json\/wp\/v2\/product_tag?post=11261"}],"curies":[{"name":"wp","href":"https:\/\/api.w.org\/{rel}","templated":true}]}}