{"id":11267,"date":"2021-04-29T10:06:02","date_gmt":"2021-04-29T10:06:02","guid":{"rendered":"https:\/\/www.loire-gourmande.fr\/produit\/touraine-azay-le-rideau-igp-la-parisienne-rose-domaine-badiller\/"},"modified":"2025-05-27T16:31:16","modified_gmt":"2025-05-27T15:31:16","slug":"touraine-azay-le-rideau-igp-la-parisienne-rose-domaine-badiller","status":"publish","type":"product","link":"https:\/\/www.loire-gourmande.fr\/de\/Produkt\/touraine-azay-le-rideau-igp-la-parisienne-rose-domaine-badiller\/","title":{"rendered":"TOURAINE AZAY LE RIDEAU IGP LA PARISIENNE ROS\u00c9 DOMAINE BADILLER"},"content":{"rendered":"<p>La Parisienne ist ein einzigartiger Ros\u00e9, ein halbtrockener Ros\u00e9, der keinem anderen Ros\u00e9 \u00e4hnelt. Wagen Sie mit La Parisienne einen Schritt \u00fcber den Tellerrand hinaus. In der Nase finden Sie Aromen von Walderdbeeren und kandierten roten Fr\u00fcchten. Am Gaumen ist dieser Ros\u00e9 strukturiert und ausgewogen, rund und weich.<br \/>\nG\u00f6ttlich s\u00fc\u00dfer Ros\u00e9 mit spritzigen Noten von Walderdbeeren, der Parisienne ist ein atypischer Wein, der ein wesentlicher Bestandteil unserer Geschichte ist. Und das aus gutem Grund, denn bis heute sind wir die einzigen, die diese geheimnisvolle Rebsorte anbauen. Jahrhunderts auf dem Gebiet von Ridellois, verschwand jedoch fast vollst\u00e4ndig aus dem Gebiet, bevor in den 1990er Jahren eine Rettungsmission durchgef\u00fchrt wurde.<br \/>\n<strong>TYP:<\/strong> Halbtrockener Ros\u00e9wein 100% Parisienne<br \/>\n<strong>APPELLATION:<\/strong> Vin de France<br \/>\n<span style=\"font-size: 12pt;\"><strong>Passt zu Wein &amp; Speisen: <\/strong>Wir empfehlen Ihnen, diesen Wein zu einer Scheibe Foie Gras oder hochwertigem R\u00e4ucherlachs zu genie\u00dfen. Er wird wirklich perfekt sein! Sie k\u00f6nnen ihn auch als Aperitif trinken, als Premium-Ros\u00e9, den Sie mit guten Freunden teilen k\u00f6nnen.<br \/>\nEin k\u00f6stlicher Ros\u00e9 mit Aromen von Grenadinen, der zu jedem Dessert passt! Eine echte \u00dcberraschung und ein Herzenswunsch!<br \/>\n<\/span><\/p>\n<p>&nbsp;<\/p>\n<p>&nbsp;<\/p>\n","protected":false},"excerpt":{"rendered":"<div>\n<p>Heute verf\u00fcgen wir \u00fcber etwa 1,5 Milliarden Euro.<span class=\"apple-converted-space\"> <\/span><span class=\"ver\"><br \/>\n  <span style=\"caret-color: #000000; font-style: inherit; font-variant-caps: inherit; font-weight: inherit; text-align: start; -webkit-text-stroke-width: 0px; box-sizing: border-box; outline: 0px; font-stretch: inherit; line-height: inherit; font-size-adjust: inherit; font-kerning: inherit; font-variant-alternates: inherit; font-variant-ligatures: inherit; font-variant-numeric: inherit; font-variant-east-asian: inherit; font-variant-position: inherit; font-feature-settings: inherit; font-optical-sizing: inherit; font-variation-settings: inherit; word-spacing: 0px;\" title=\"Adjektive und Sprachen werden immer in Kleinbuchstaben geschrieben, z.B. \"A\".: &lt;encoded_tag_open \/&gt;i&lt;encoded_tag_closed \/&gt;ein Programm &lt;encoded_tag_open \/&gt;b&lt;encoded_tag_closed \/&gt;c&lt;encoded_tag_open \/&gt;\/b&lt;encoded_tag_closed \/&gt;.anadien&lt;encoded_tag_open \/&gt;\/i&lt;encoded_tag_closed \/&gt; (aber &lt;encoded_tag_open \/&gt;i&lt;encoded_tag_closed \/&gt;ein &lt;encoded_tag_open \/&gt;b&lt;encoded_tag_closed \/&gt;C&lt;.encoded_tag_open \/&gt;\/b&lt;encoded_tag_closed \/&gt;kanadisch&lt;encoded_tag_open \/&gt;\/i&lt;encoded_tag_closed \/&gt;), Japanisch (aber &lt;encoded_tag_open \/&gt;i&lt;encoded_tag_closed \/&gt;) und Englisch (aber &lt;encoded_tag_open \/&gt;i&lt;encoded_tag_closed \/&gt;).ein &lt;encoded_tag_open \/&gt;b&lt;encoded_tag_closed \/&gt;J&lt;encoded_tag_open \/&gt;\/b&lt;encoded_tag_closed \/&gt;aponesisch&lt;encoded_tag_open \/&gt;\/i&lt;encoded_tag_closed \/&gt;).\">Hektar von Parisienne<\/span><br \/>\n<\/span>. Die Rebsorte gedeiht auf Lehmb\u00f6den mit Feuerstein, die ihr eine leichte S\u00e4ure verleihen. Die Cuv\u00e9es bleiben jedoch dank der Zuckerkonzentration der kleinen Traubenkugeln ausgewogen.<br \/>\nNach der Ernte von Hand<span class=\"apple-converted-space\"> <\/span><span class=\"ver\"><br \/>\n  <span style=\"caret-color: #000000; font-style: inherit; font-variant-caps: inherit; font-weight: inherit; text-align: start; -webkit-text-stroke-width: 0px; box-sizing: border-box; outline: 0px; font-stretch: inherit; line-height: inherit; font-size-adjust: inherit; font-kerning: inherit; font-variant-alternates: inherit; font-variant-ligatures: inherit; font-variant-numeric: inherit; font-variant-east-asian: inherit; font-variant-position: inherit; font-feature-settings: inherit; font-optical-sizing: inherit; font-variation-settings: inherit; word-spacing: 0px;\" title=\"Bitte \u00fcberpr\u00fcfen Sie dies: &lt;encoded_tag_open \/&gt;i&lt;encoded_tag_closed \/&gt;rais&lt;encoded_tag_open \/&gt;b&lt;encoded_tag_closed \/&gt;.i&lt;encoded_tag_open \/&gt;\/b&lt;encoded_tag_closed \/&gt;n&lt;encoded_tag_open \/&gt;\/i&lt;encoded_tag_closed \/&gt; oder &lt;encoded_tag_open \/&gt;i&lt;encoded_tag_closed \/&gt;rais&lt;encoded_tag_open \/&gt;b&lt;encoded_tag_closed \/&gt;.o&lt;encoded_tag_open \/&gt;\/b&lt;encoded_tag_closed \/&gt;n&lt;encoded_tag_open \/&gt;\/i&lt;encoded_tag_closed \/&gt;.\">Trauben<\/span><br \/>\n<\/span><span class=\"apple-converted-space\"> wird direkt gepresst und in alten Eichenf\u00e4ssern ausgebaut.<br \/>\nDie Mikro-Sauerstoffzufuhr w\u00e4hrend des Ausbaus extrahiert die Komplexit\u00e4t seiner Aromen.<br \/>\nEin ausgezeichneter Wein f\u00fcr die Lagerung, <\/span><span class=\"ver\"><br \/>\n  <span style=\"caret-color: #000000; font-style: inherit; font-variant-caps: inherit; font-weight: inherit; text-align: start; -webkit-text-stroke-width: 0px; box-sizing: border-box; outline: 0px; font-stretch: inherit; line-height: inherit; font-size-adjust: inherit; font-kerning: inherit; font-variant-alternates: inherit; font-variant-ligatures: inherit; font-variant-numeric: inherit; font-variant-east-asian: inherit; font-variant-position: inherit; font-feature-settings: inherit; font-optical-sizing: inherit; font-variation-settings: inherit; word-spacing: 0px;\" title=\"Adjektive und Sprachen werden immer in Kleinbuchstaben geschrieben, z.B. \"A\".: &lt;encoded_tag_open \/&gt;i&lt;encoded_tag_closed \/&gt;ein Programm &lt;encoded_tag_open \/&gt;b&lt;encoded_tag_closed \/&gt;c&lt;encoded_tag_open \/&gt;\/b&lt;encoded_tag_closed \/&gt;.anadien&lt;encoded_tag_open \/&gt;\/i&lt;encoded_tag_closed \/&gt; (aber &lt;encoded_tag_open \/&gt;i&lt;encoded_tag_closed \/&gt;ein &lt;encoded_tag_open \/&gt;b&lt;encoded_tag_closed \/&gt;C&lt;.encoded_tag_open \/&gt;\/b&lt;encoded_tag_closed \/&gt;kanadisch&lt;encoded_tag_open \/&gt;\/i&lt;encoded_tag_closed \/&gt;), Japanisch (aber &lt;encoded_tag_open \/&gt;i&lt;encoded_tag_closed \/&gt;) und Englisch (aber &lt;encoded_tag_open \/&gt;i&lt;encoded_tag_closed \/&gt;).ein &lt;encoded_tag_open \/&gt;b&lt;encoded_tag_closed \/&gt;J&lt;encoded_tag_open \/&gt;\/b&lt;encoded_tag_closed \/&gt;aponesisch&lt;encoded_tag_open \/&gt;\/i&lt;encoded_tag_closed \/&gt;).\">Der Parisienne<\/span><br \/>\n<\/span><span class=\"apple-converted-space\">  zeichnet sich durch seine Lebendigkeit im Mund und seine Originalit\u00e4t aus. Seine atypische und komplexe Aromenpalette verleitet Verkoster oft dazu, ihn mit einem lieblichen Wei\u00dfwein zu verwechseln. Die dominierenden Noten sind kandierte Walderdbeeren, gefolgt von den s\u00e4uerlichen Noten von  <\/span><span class=\"ver\">Bonbon.<\/span><span class=\"apple-converted-space\"> Am Gaumen ist er strukturiert, ausgewogen und lieblich.<br \/>\nWein aus einer einzigen Rebsorte, die hier auf der Domaine Badiller &#8222;la parisienne&#8220; genannt wird, eine alte Rebsorte des Gro\u00dfvaters Badiller, die vor kurzem vom Enkel wiederbelebt wurde.<\/span><\/p>\n<\/div>\n","protected":false},"featured_media":11268,"template":"","meta":{"inline_featured_image":false},"product_brand":[],"product_cat":[600,642,609,624],"product_tag":[618,622,615],"class_list":{"0":"post-11267","1":"product","2":"type-product","3":"status-publish","4":"has-post-thumbnail","6":"product_cat-die-weine","7":"product_cat-rose-de","8":"product_cat-touraine-de","9":"product_cat-vergessene-rebsorten","10":"product_tag-aperitif-de","11":"product_tag-entdeckung","12":"product_tag-wein","13":"product_shipping_class-flasche","15":"first","16":"instock","17":"featured","18":"taxable","19":"shipping-taxable","20":"purchasable","21":"product-type-simple"},"yoast_head":"<!-- This site is optimized with the Yoast SEO plugin v27.3 - https:\/\/yoast.com\/product\/yoast-seo-wordpress\/ -->\n<title>TOURAINE AZAY LE RIDEAU IGP LA PARISIENNE ROS\u00c9 DOMAINE BADILLER - Loire Gourmande - une \u00e9tape savoureuse<\/title>\n<meta name=\"description\" content=\"TOURAINE AZAY LE RIDEAU IGP LA PARISIENNE ROS\u00c9 DOMAINE BADILLER. Wein aus der Loire. Bestellung im Weinkeller auf der Website von Loire Gourmande. Weinh\u00e4ndler in Turquant (49).\" \/>\n<meta name=\"robots\" content=\"index, follow, max-snippet:-1, max-image-preview:large, max-video-preview:-1\" \/>\n<link rel=\"canonical\" href=\"https:\/\/www.loire-gourmande.fr\/de\/Produkt\/touraine-azay-le-rideau-igp-la-parisienne-rose-domaine-badiller\/\" \/>\n<meta property=\"og:locale\" content=\"de_DE\" \/>\n<meta property=\"og:type\" content=\"article\" \/>\n<meta property=\"og:title\" content=\"TOURAINE AZAY LE RIDEAU IGP LA PARISIENNE ROS\u00c9 DOMAINE BADILLER - Loire Gourmande - une \u00e9tape savoureuse\" \/>\n<meta property=\"og:description\" content=\"TOURAINE AZAY LE RIDEAU IGP LA PARISIENNE ROS\u00c9 DOMAINE BADILLER. Wein aus der Loire. Bestellung im Weinkeller auf der Website von Loire Gourmande. Weinh\u00e4ndler in Turquant (49).\" \/>\n<meta property=\"og:url\" content=\"https:\/\/www.loire-gourmande.fr\/de\/Produkt\/touraine-azay-le-rideau-igp-la-parisienne-rose-domaine-badiller\/\" \/>\n<meta property=\"og:site_name\" content=\"Loire Gourmande - une \u00e9tape savoureuse\" \/>\n<meta property=\"article:publisher\" content=\"https:\/\/www.facebook.com\/Loire-Gourmande-Turquant-101991328328493\/\" \/>\n<meta property=\"article:modified_time\" content=\"2025-05-27T15:31:16+00:00\" \/>\n<meta property=\"og:image\" content=\"https:\/\/www.loire-gourmande.fr\/wp-content\/uploads\/2021\/04\/La-Parisienne.jpg\" \/>\n\t<meta property=\"og:image:width\" content=\"800\" \/>\n\t<meta property=\"og:image:height\" content=\"800\" \/>\n\t<meta property=\"og:image:type\" content=\"image\/jpeg\" \/>\n<meta name=\"twitter:card\" content=\"summary_large_image\" \/>\n<meta name=\"twitter:label1\" content=\"Gesch\u00e4tzte Lesezeit\" \/>\n\t<meta name=\"twitter:data1\" content=\"1\u00a0Minute\" \/>\n<script type=\"application\/ld+json\" class=\"yoast-schema-graph\">{\"@context\":\"https:\\\/\\\/schema.org\",\"@graph\":[{\"@type\":\"WebPage\",\"@id\":\"https:\\\/\\\/www.loire-gourmande.fr\\\/de\\\/Produkt\\\/touraine-azay-le-rideau-igp-la-parisienne-rose-domaine-badiller\\\/\",\"url\":\"https:\\\/\\\/www.loire-gourmande.fr\\\/de\\\/Produkt\\\/touraine-azay-le-rideau-igp-la-parisienne-rose-domaine-badiller\\\/\",\"name\":\"TOURAINE AZAY LE RIDEAU IGP LA PARISIENNE ROS\u00c9 DOMAINE BADILLER - Loire Gourmande - une \u00e9tape savoureuse\",\"isPartOf\":{\"@id\":\"https:\\\/\\\/www.loire-gourmande.fr\\\/de\\\/#website\"},\"primaryImageOfPage\":{\"@id\":\"https:\\\/\\\/www.loire-gourmande.fr\\\/de\\\/Produkt\\\/touraine-azay-le-rideau-igp-la-parisienne-rose-domaine-badiller\\\/#primaryimage\"},\"image\":{\"@id\":\"https:\\\/\\\/www.loire-gourmande.fr\\\/de\\\/Produkt\\\/touraine-azay-le-rideau-igp-la-parisienne-rose-domaine-badiller\\\/#primaryimage\"},\"thumbnailUrl\":\"https:\\\/\\\/www.loire-gourmande.fr\\\/wp-content\\\/uploads\\\/2021\\\/04\\\/La-Parisienne.jpg\",\"datePublished\":\"2021-04-29T10:06:02+00:00\",\"dateModified\":\"2025-05-27T15:31:16+00:00\",\"description\":\"TOURAINE AZAY LE RIDEAU IGP LA PARISIENNE ROS\u00c9 DOMAINE BADILLER. Wein aus der Loire. Bestellung im Weinkeller auf der Website von Loire Gourmande. Weinh\u00e4ndler in Turquant (49).\",\"breadcrumb\":{\"@id\":\"https:\\\/\\\/www.loire-gourmande.fr\\\/de\\\/Produkt\\\/touraine-azay-le-rideau-igp-la-parisienne-rose-domaine-badiller\\\/#breadcrumb\"},\"inLanguage\":\"de\",\"potentialAction\":[{\"@type\":\"ReadAction\",\"target\":[\"https:\\\/\\\/www.loire-gourmande.fr\\\/de\\\/Produkt\\\/touraine-azay-le-rideau-igp-la-parisienne-rose-domaine-badiller\\\/\"]}]},{\"@type\":\"ImageObject\",\"inLanguage\":\"de\",\"@id\":\"https:\\\/\\\/www.loire-gourmande.fr\\\/de\\\/Produkt\\\/touraine-azay-le-rideau-igp-la-parisienne-rose-domaine-badiller\\\/#primaryimage\",\"url\":\"https:\\\/\\\/www.loire-gourmande.fr\\\/wp-content\\\/uploads\\\/2021\\\/04\\\/La-Parisienne.jpg\",\"contentUrl\":\"https:\\\/\\\/www.loire-gourmande.fr\\\/wp-content\\\/uploads\\\/2021\\\/04\\\/La-Parisienne.jpg\",\"width\":800,\"height\":800},{\"@type\":\"BreadcrumbList\",\"@id\":\"https:\\\/\\\/www.loire-gourmande.fr\\\/de\\\/Produkt\\\/touraine-azay-le-rideau-igp-la-parisienne-rose-domaine-badiller\\\/#breadcrumb\",\"itemListElement\":[{\"@type\":\"ListItem\",\"position\":1,\"name\":\"Startseite\",\"item\":\"https:\\\/\\\/www.loire-gourmande.fr\\\/de\\\/\"},{\"@type\":\"ListItem\",\"position\":2,\"name\":\"Die Boutique de Loire Gourmande: die Weine der Loire\",\"item\":\"https:\\\/\\\/www.loire-gourmande.fr\\\/de\\\/woocommerce\\\/\"},{\"@type\":\"ListItem\",\"position\":3,\"name\":\"Die Weine\",\"item\":\"https:\\\/\\\/www.loire-gourmande.fr\\\/de\\\/Produktkategorie\\\/die-weine\\\/\"},{\"@type\":\"ListItem\",\"position\":4,\"name\":\"TOURAINE AZAY LE RIDEAU IGP LA PARISIENNE ROS\u00c9 DOMAINE BADILLER\"}]},{\"@type\":\"WebSite\",\"@id\":\"https:\\\/\\\/www.loire-gourmande.fr\\\/de\\\/#website\",\"url\":\"https:\\\/\\\/www.loire-gourmande.fr\\\/de\\\/\",\"name\":\"Loire Gourmande, une \u00e9tape savoureuse\",\"description\":\"une d\u00e9gustation \u00e0 toute heure et une boutique \u00e0 visiter \u00e0 Turquant (49)\",\"publisher\":{\"@id\":\"https:\\\/\\\/www.loire-gourmande.fr\\\/de\\\/#organization\"},\"potentialAction\":[{\"@type\":\"SearchAction\",\"target\":{\"@type\":\"EntryPoint\",\"urlTemplate\":\"https:\\\/\\\/www.loire-gourmande.fr\\\/de\\\/?s={search_term_string}\"},\"query-input\":{\"@type\":\"PropertyValueSpecification\",\"valueRequired\":true,\"valueName\":\"search_term_string\"}}],\"inLanguage\":\"de\"},{\"@type\":\"Organization\",\"@id\":\"https:\\\/\\\/www.loire-gourmande.fr\\\/de\\\/#organization\",\"name\":\"Loire Gourmande - Schnellrestaurant und Besuch in Turquant (49)\",\"url\":\"https:\\\/\\\/www.loire-gourmande.fr\\\/de\\\/\",\"logo\":{\"@type\":\"ImageObject\",\"inLanguage\":\"de\",\"@id\":\"https:\\\/\\\/www.loire-gourmande.fr\\\/de\\\/#\\\/schema\\\/logo\\\/image\\\/\",\"url\":\"https:\\\/\\\/www.loire-gourmande.fr\\\/wp-content\\\/uploads\\\/2020\\\/10\\\/loire-gourmande-logo.jpg\",\"contentUrl\":\"https:\\\/\\\/www.loire-gourmande.fr\\\/wp-content\\\/uploads\\\/2020\\\/10\\\/loire-gourmande-logo.jpg\",\"width\":800,\"height\":415,\"caption\":\"Loire Gourmande - Schnellrestaurant und Besuch in Turquant (49)\"},\"image\":{\"@id\":\"https:\\\/\\\/www.loire-gourmande.fr\\\/de\\\/#\\\/schema\\\/logo\\\/image\\\/\"},\"sameAs\":[\"https:\\\/\\\/www.facebook.com\\\/Loire-Gourmande-Turquant-101991328328493\\\/\",\"https:\\\/\\\/www.instagram.com\\\/jean_yves_auradon\\\/?igshid=1ta3mfjka326t\"]}]}<\/script>\n<!-- \/ Yoast SEO plugin. -->","yoast_head_json":{"title":"TOURAINE AZAY LE RIDEAU IGP LA PARISIENNE ROS\u00c9 DOMAINE BADILLER - Loire Gourmande - une \u00e9tape savoureuse","description":"TOURAINE AZAY LE RIDEAU IGP LA PARISIENNE ROS\u00c9 DOMAINE BADILLER. Wein aus der Loire. Bestellung im Weinkeller auf der Website von Loire Gourmande. Weinh\u00e4ndler in Turquant (49).","robots":{"index":"index","follow":"follow","max-snippet":"max-snippet:-1","max-image-preview":"max-image-preview:large","max-video-preview":"max-video-preview:-1"},"canonical":"https:\/\/www.loire-gourmande.fr\/de\/Produkt\/touraine-azay-le-rideau-igp-la-parisienne-rose-domaine-badiller\/","og_locale":"de_DE","og_type":"article","og_title":"TOURAINE AZAY LE RIDEAU IGP LA PARISIENNE ROS\u00c9 DOMAINE BADILLER - Loire Gourmande - une \u00e9tape savoureuse","og_description":"TOURAINE AZAY LE RIDEAU IGP LA PARISIENNE ROS\u00c9 DOMAINE BADILLER. Wein aus der Loire. Bestellung im Weinkeller auf der Website von Loire Gourmande. Weinh\u00e4ndler in Turquant (49).","og_url":"https:\/\/www.loire-gourmande.fr\/de\/Produkt\/touraine-azay-le-rideau-igp-la-parisienne-rose-domaine-badiller\/","og_site_name":"Loire Gourmande - une \u00e9tape savoureuse","article_publisher":"https:\/\/www.facebook.com\/Loire-Gourmande-Turquant-101991328328493\/","article_modified_time":"2025-05-27T15:31:16+00:00","og_image":[{"width":800,"height":800,"url":"https:\/\/www.loire-gourmande.fr\/wp-content\/uploads\/2021\/04\/La-Parisienne.jpg","type":"image\/jpeg"}],"twitter_card":"summary_large_image","twitter_misc":{"Gesch\u00e4tzte Lesezeit":"1\u00a0Minute"},"schema":{"@context":"https:\/\/schema.org","@graph":[{"@type":"WebPage","@id":"https:\/\/www.loire-gourmande.fr\/de\/Produkt\/touraine-azay-le-rideau-igp-la-parisienne-rose-domaine-badiller\/","url":"https:\/\/www.loire-gourmande.fr\/de\/Produkt\/touraine-azay-le-rideau-igp-la-parisienne-rose-domaine-badiller\/","name":"TOURAINE AZAY LE RIDEAU IGP LA PARISIENNE ROS\u00c9 DOMAINE BADILLER - Loire Gourmande - une \u00e9tape savoureuse","isPartOf":{"@id":"https:\/\/www.loire-gourmande.fr\/de\/#website"},"primaryImageOfPage":{"@id":"https:\/\/www.loire-gourmande.fr\/de\/Produkt\/touraine-azay-le-rideau-igp-la-parisienne-rose-domaine-badiller\/#primaryimage"},"image":{"@id":"https:\/\/www.loire-gourmande.fr\/de\/Produkt\/touraine-azay-le-rideau-igp-la-parisienne-rose-domaine-badiller\/#primaryimage"},"thumbnailUrl":"https:\/\/www.loire-gourmande.fr\/wp-content\/uploads\/2021\/04\/La-Parisienne.jpg","datePublished":"2021-04-29T10:06:02+00:00","dateModified":"2025-05-27T15:31:16+00:00","description":"TOURAINE AZAY LE RIDEAU IGP LA PARISIENNE ROS\u00c9 DOMAINE BADILLER. Wein aus der Loire. Bestellung im Weinkeller auf der Website von Loire Gourmande. Weinh\u00e4ndler in Turquant (49).","breadcrumb":{"@id":"https:\/\/www.loire-gourmande.fr\/de\/Produkt\/touraine-azay-le-rideau-igp-la-parisienne-rose-domaine-badiller\/#breadcrumb"},"inLanguage":"de","potentialAction":[{"@type":"ReadAction","target":["https:\/\/www.loire-gourmande.fr\/de\/Produkt\/touraine-azay-le-rideau-igp-la-parisienne-rose-domaine-badiller\/"]}]},{"@type":"ImageObject","inLanguage":"de","@id":"https:\/\/www.loire-gourmande.fr\/de\/Produkt\/touraine-azay-le-rideau-igp-la-parisienne-rose-domaine-badiller\/#primaryimage","url":"https:\/\/www.loire-gourmande.fr\/wp-content\/uploads\/2021\/04\/La-Parisienne.jpg","contentUrl":"https:\/\/www.loire-gourmande.fr\/wp-content\/uploads\/2021\/04\/La-Parisienne.jpg","width":800,"height":800},{"@type":"BreadcrumbList","@id":"https:\/\/www.loire-gourmande.fr\/de\/Produkt\/touraine-azay-le-rideau-igp-la-parisienne-rose-domaine-badiller\/#breadcrumb","itemListElement":[{"@type":"ListItem","position":1,"name":"Startseite","item":"https:\/\/www.loire-gourmande.fr\/de\/"},{"@type":"ListItem","position":2,"name":"Die Boutique de Loire Gourmande: die Weine der Loire","item":"https:\/\/www.loire-gourmande.fr\/de\/woocommerce\/"},{"@type":"ListItem","position":3,"name":"Die Weine","item":"https:\/\/www.loire-gourmande.fr\/de\/Produktkategorie\/die-weine\/"},{"@type":"ListItem","position":4,"name":"TOURAINE AZAY LE RIDEAU IGP LA PARISIENNE ROS\u00c9 DOMAINE BADILLER"}]},{"@type":"WebSite","@id":"https:\/\/www.loire-gourmande.fr\/de\/#website","url":"https:\/\/www.loire-gourmande.fr\/de\/","name":"Loire Gourmande, une \u00e9tape savoureuse","description":"une d\u00e9gustation \u00e0 toute heure et une boutique \u00e0 visiter \u00e0 Turquant (49)","publisher":{"@id":"https:\/\/www.loire-gourmande.fr\/de\/#organization"},"potentialAction":[{"@type":"SearchAction","target":{"@type":"EntryPoint","urlTemplate":"https:\/\/www.loire-gourmande.fr\/de\/?s={search_term_string}"},"query-input":{"@type":"PropertyValueSpecification","valueRequired":true,"valueName":"search_term_string"}}],"inLanguage":"de"},{"@type":"Organization","@id":"https:\/\/www.loire-gourmande.fr\/de\/#organization","name":"Loire Gourmande - Schnellrestaurant und Besuch in Turquant (49)","url":"https:\/\/www.loire-gourmande.fr\/de\/","logo":{"@type":"ImageObject","inLanguage":"de","@id":"https:\/\/www.loire-gourmande.fr\/de\/#\/schema\/logo\/image\/","url":"https:\/\/www.loire-gourmande.fr\/wp-content\/uploads\/2020\/10\/loire-gourmande-logo.jpg","contentUrl":"https:\/\/www.loire-gourmande.fr\/wp-content\/uploads\/2020\/10\/loire-gourmande-logo.jpg","width":800,"height":415,"caption":"Loire Gourmande - Schnellrestaurant und Besuch in Turquant (49)"},"image":{"@id":"https:\/\/www.loire-gourmande.fr\/de\/#\/schema\/logo\/image\/"},"sameAs":["https:\/\/www.facebook.com\/Loire-Gourmande-Turquant-101991328328493\/","https:\/\/www.instagram.com\/jean_yves_auradon\/?igshid=1ta3mfjka326t"]}]}},"_links":{"self":[{"href":"https:\/\/www.loire-gourmande.fr\/de\/wp-json\/wp\/v2\/product\/11267","targetHints":{"allow":["GET"]}}],"collection":[{"href":"https:\/\/www.loire-gourmande.fr\/de\/wp-json\/wp\/v2\/product"}],"about":[{"href":"https:\/\/www.loire-gourmande.fr\/de\/wp-json\/wp\/v2\/types\/product"}],"version-history":[{"count":2,"href":"https:\/\/www.loire-gourmande.fr\/de\/wp-json\/wp\/v2\/product\/11267\/revisions"}],"predecessor-version":[{"id":13214,"href":"https:\/\/www.loire-gourmande.fr\/de\/wp-json\/wp\/v2\/product\/11267\/revisions\/13214"}],"wp:featuredmedia":[{"embeddable":true,"href":"https:\/\/www.loire-gourmande.fr\/de\/wp-json\/wp\/v2\/media\/11268"}],"wp:attachment":[{"href":"https:\/\/www.loire-gourmande.fr\/de\/wp-json\/wp\/v2\/media?parent=11267"}],"wp:term":[{"taxonomy":"product_brand","embeddable":true,"href":"https:\/\/www.loire-gourmande.fr\/de\/wp-json\/wp\/v2\/product_brand?post=11267"},{"taxonomy":"product_cat","embeddable":true,"href":"https:\/\/www.loire-gourmande.fr\/de\/wp-json\/wp\/v2\/product_cat?post=11267"},{"taxonomy":"product_tag","embeddable":true,"href":"https:\/\/www.loire-gourmande.fr\/de\/wp-json\/wp\/v2\/product_tag?post=11267"}],"curies":[{"name":"wp","href":"https:\/\/api.w.org\/{rel}","templated":true}]}}