{"id":11276,"date":"2021-04-29T10:05:28","date_gmt":"2021-04-29T09:05:28","guid":{"rendered":"https:\/\/www.loire-gourmande.fr\/produit\/muscadet-coteaux-de-la-loire-landron-chartier\/"},"modified":"2025-05-27T16:32:01","modified_gmt":"2025-05-27T15:32:01","slug":"muscadet-coteaux-de-la-loire-landron-chartier","status":"publish","type":"product","link":"https:\/\/www.loire-gourmande.fr\/de\/Produkt\/muscadet-coteaux-de-la-loire-landron-chartier\/","title":{"rendered":"MUSCADET COTEAUX DE LA LOIRE LANDRON CHARTIER"},"content":{"rendered":"<p>Diese Parzelle befindet sich auf dem Boden Micaschiste in Lign\u00e9 und bietet uns einen eleganten und raffinierten Muscadet, jodhaltig und fruchtig! Alles, was man an einem sch\u00f6nen Muscadet liebt<\/p>\n<div class=\"is-layout-flex wp-container-3 wp-block-columns\">\n<div class=\"is-layout-flow wp-block-column\">\n<div class=\"page\" title=\"Seite 1\">\n<div class=\"section\">\n<div class=\"layoutArea\">\n<div class=\"column\">\n<p><strong>TITEL<\/strong><br \/>\nMuscadet C\u00f4teaux de la Loire<br \/>\n<strong>ZERTIFIZIERUNG<\/strong><br \/>\nBiologische Landwirtschaft<br \/>\n<strong>WEINLESE<\/strong><br \/>\n2016<br \/>\n<strong>REBSORTE<\/strong><br \/>\n100% Melone de Bourgogne<br \/>\n<strong>BODEN<\/strong><br \/>\nVerschmelzung der 3 Terroirs<br \/>\n<strong>FEEDBACK<\/strong><br \/>\nDieser Muscadet Coteaux de la Loire aus jungen Reben ist eine Mischung aus unseren verschiedenen Terroirs und hat alles, um charmant zu sein. Blassgelbe Farbe. Die Nase ist k\u00f6stlich mit Noten von Steinfr\u00fcchten und Melone. Am Gaumen ist er rund mit einem Hauch von Mineralit\u00e4t.<\/p>\n<\/div>\n<\/div>\n<\/div>\n<\/div>\n<p><strong><br \/>\n  <span style=\"font-size: 12pt;\">Passt zu Wein und Speisen:<br \/>\n<\/span><br \/>\n<\/strong><span style=\"font-size: 12pt;\">\u00d6ffnen Sie den Wein zu einem Aperitif oder zu Meeresfr\u00fcchten. <\/span>Froschschenkel Mara\u00eechine, Hecht mit wei\u00dfer Butter, St. Pierre im Ofen, Cur\u00e9 Nantais<\/p>\n<\/div>\n<\/div>\n","protected":false},"excerpt":{"rendered":"<p>2009 wurde das gesamte 35 Hektar gro\u00dfe Weingut Landron Chartier auf biologische Landwirtschaft umgestellt. &#8222;Unsere Arbeit besteht darin, \u00fcber unser t\u00e4gliches Leben nachzudenken und unsere Auswirkungen auf die Umwelt zu minimieren, wir sind Teil eines GR\u00dcNEN Weinbaus mit gesundem Menschenverstand.<br \/>\nAlle unsere Behandlungen sind nat\u00fcrlich, um die Auswirkungen auf die Biodiversit\u00e4t zu minimieren. Wir stellen Erg\u00e4nzungen wie \u00e4therische \u00d6le und verschiedene Jauchen her. Ziel ist es, die Pflanze zu stimulieren, ohne das Leben des Bodens zu beeintr\u00e4chtigen.<br \/>\nDas ganze Jahr \u00fcber begleiten wir die Rebe schonend, ohne sie zu hetzen, um gesunde und ausgewogene Trauben zu erhalten. Die Weinlese erfolgt von Hand mit Hilfe von etwa 40 Erntehelfern.<\/p>\n<p><span style=\"font-size: 18pt;\"><em><strong> <\/strong><\/em><\/span><\/p>\n","protected":false},"featured_media":11278,"template":"","meta":{"inline_featured_image":false},"product_brand":[],"product_cat":[600,611,608],"product_tag":[615,617],"class_list":{"0":"post-11276","1":"product","2":"type-product","3":"status-publish","4":"has-post-thumbnail","6":"product_cat-die-weine","7":"product_cat-weinberge-nantes","8":"product_cat-weis","9":"product_tag-wein","10":"product_tag-weis","11":"product_shipping_class-flasche","13":"first","14":"instock","15":"featured","16":"taxable","17":"shipping-taxable","18":"purchasable","19":"product-type-simple"},"yoast_head":"<!-- This site is optimized with the Yoast SEO plugin v27.6 - https:\/\/yoast.com\/product\/yoast-seo-wordpress\/ -->\n<title>MUSCADET COTEAUX DE LA LOIRE LANDRON CHARTIER - Loire Gourmande - une \u00e9tape savoureuse<\/title>\n<meta name=\"description\" content=\"MUSCADET COTEAUX DE LA LOIRE LANDRON CHARTIER. Wein aus der Loire. Bestellung im Weinkeller auf der Website von Loire Gourmande. Weinh\u00e4ndler in Turquant (49).\" \/>\n<meta name=\"robots\" content=\"index, follow, max-snippet:-1, max-image-preview:large, max-video-preview:-1\" \/>\n<link rel=\"canonical\" href=\"https:\/\/www.loire-gourmande.fr\/de\/Produkt\/muscadet-coteaux-de-la-loire-landron-chartier\/\" \/>\n<meta property=\"og:locale\" content=\"de_DE\" \/>\n<meta property=\"og:type\" content=\"article\" \/>\n<meta property=\"og:title\" content=\"MUSCADET COTEAUX DE LA LOIRE LANDRON CHARTIER - Loire Gourmande - une \u00e9tape savoureuse\" \/>\n<meta property=\"og:description\" content=\"MUSCADET COTEAUX DE LA LOIRE LANDRON CHARTIER. Wein aus der Loire. Bestellung im Weinkeller auf der Website von Loire Gourmande. Weinh\u00e4ndler in Turquant (49).\" \/>\n<meta property=\"og:url\" content=\"https:\/\/www.loire-gourmande.fr\/de\/Produkt\/muscadet-coteaux-de-la-loire-landron-chartier\/\" \/>\n<meta property=\"og:site_name\" content=\"Loire Gourmande - une \u00e9tape savoureuse\" \/>\n<meta property=\"article:publisher\" content=\"https:\/\/www.facebook.com\/Loire-Gourmande-Turquant-101991328328493\/\" \/>\n<meta property=\"article:modified_time\" content=\"2025-05-27T15:32:01+00:00\" \/>\n<meta property=\"og:image\" content=\"https:\/\/www.loire-gourmande.fr\/wp-content\/uploads\/2021\/04\/Muscadet-Landron.jpg\" \/>\n\t<meta property=\"og:image:width\" content=\"800\" \/>\n\t<meta property=\"og:image:height\" content=\"800\" \/>\n\t<meta property=\"og:image:type\" content=\"image\/jpeg\" \/>\n<meta name=\"twitter:card\" content=\"summary_large_image\" \/>\n<meta name=\"twitter:label1\" content=\"Gesch\u00e4tzte Lesezeit\" \/>\n\t<meta name=\"twitter:data1\" content=\"1\u00a0Minute\" \/>\n<script type=\"application\/ld+json\" class=\"yoast-schema-graph\">{\"@context\":\"https:\\\/\\\/schema.org\",\"@graph\":[{\"@type\":\"WebPage\",\"@id\":\"https:\\\/\\\/www.loire-gourmande.fr\\\/de\\\/Produkt\\\/muscadet-coteaux-de-la-loire-landron-chartier\\\/\",\"url\":\"https:\\\/\\\/www.loire-gourmande.fr\\\/de\\\/Produkt\\\/muscadet-coteaux-de-la-loire-landron-chartier\\\/\",\"name\":\"MUSCADET COTEAUX DE LA LOIRE LANDRON CHARTIER - Loire Gourmande - une \u00e9tape savoureuse\",\"isPartOf\":{\"@id\":\"https:\\\/\\\/www.loire-gourmande.fr\\\/de\\\/#website\"},\"primaryImageOfPage\":{\"@id\":\"https:\\\/\\\/www.loire-gourmande.fr\\\/de\\\/Produkt\\\/muscadet-coteaux-de-la-loire-landron-chartier\\\/#primaryimage\"},\"image\":{\"@id\":\"https:\\\/\\\/www.loire-gourmande.fr\\\/de\\\/Produkt\\\/muscadet-coteaux-de-la-loire-landron-chartier\\\/#primaryimage\"},\"thumbnailUrl\":\"https:\\\/\\\/www.loire-gourmande.fr\\\/wp-content\\\/uploads\\\/2021\\\/04\\\/Muscadet-Landron.jpg\",\"datePublished\":\"2021-04-29T09:05:28+00:00\",\"dateModified\":\"2025-05-27T15:32:01+00:00\",\"description\":\"MUSCADET COTEAUX DE LA LOIRE LANDRON CHARTIER. Wein aus der Loire. Bestellung im Weinkeller auf der Website von Loire Gourmande. Weinh\u00e4ndler in Turquant (49).\",\"breadcrumb\":{\"@id\":\"https:\\\/\\\/www.loire-gourmande.fr\\\/de\\\/Produkt\\\/muscadet-coteaux-de-la-loire-landron-chartier\\\/#breadcrumb\"},\"inLanguage\":\"de\",\"potentialAction\":[{\"@type\":\"ReadAction\",\"target\":[\"https:\\\/\\\/www.loire-gourmande.fr\\\/de\\\/Produkt\\\/muscadet-coteaux-de-la-loire-landron-chartier\\\/\"]}]},{\"@type\":\"ImageObject\",\"inLanguage\":\"de\",\"@id\":\"https:\\\/\\\/www.loire-gourmande.fr\\\/de\\\/Produkt\\\/muscadet-coteaux-de-la-loire-landron-chartier\\\/#primaryimage\",\"url\":\"https:\\\/\\\/www.loire-gourmande.fr\\\/wp-content\\\/uploads\\\/2021\\\/04\\\/Muscadet-Landron.jpg\",\"contentUrl\":\"https:\\\/\\\/www.loire-gourmande.fr\\\/wp-content\\\/uploads\\\/2021\\\/04\\\/Muscadet-Landron.jpg\",\"width\":800,\"height\":800},{\"@type\":\"BreadcrumbList\",\"@id\":\"https:\\\/\\\/www.loire-gourmande.fr\\\/de\\\/Produkt\\\/muscadet-coteaux-de-la-loire-landron-chartier\\\/#breadcrumb\",\"itemListElement\":[{\"@type\":\"ListItem\",\"position\":1,\"name\":\"Startseite\",\"item\":\"https:\\\/\\\/www.loire-gourmande.fr\\\/de\\\/\"},{\"@type\":\"ListItem\",\"position\":2,\"name\":\"Die Boutique de Loire Gourmande: die Weine der Loire\",\"item\":\"https:\\\/\\\/www.loire-gourmande.fr\\\/de\\\/woocommerce\\\/\"},{\"@type\":\"ListItem\",\"position\":3,\"name\":\"Die Weine\",\"item\":\"https:\\\/\\\/www.loire-gourmande.fr\\\/de\\\/Produktkategorie\\\/die-weine\\\/\"},{\"@type\":\"ListItem\",\"position\":4,\"name\":\"Weinberge Nantes\",\"item\":\"https:\\\/\\\/www.loire-gourmande.fr\\\/de\\\/Produktkategorie\\\/die-weine\\\/weinberge-nantes\\\/\"},{\"@type\":\"ListItem\",\"position\":5,\"name\":\"MUSCADET COTEAUX DE LA LOIRE LANDRON CHARTIER\"}]},{\"@type\":\"WebSite\",\"@id\":\"https:\\\/\\\/www.loire-gourmande.fr\\\/de\\\/#website\",\"url\":\"https:\\\/\\\/www.loire-gourmande.fr\\\/de\\\/\",\"name\":\"Loire Gourmande, une \u00e9tape savoureuse\",\"description\":\"une d\u00e9gustation \u00e0 toute heure et une boutique \u00e0 visiter \u00e0 Turquant (49)\",\"publisher\":{\"@id\":\"https:\\\/\\\/www.loire-gourmande.fr\\\/de\\\/#organization\"},\"potentialAction\":[{\"@type\":\"SearchAction\",\"target\":{\"@type\":\"EntryPoint\",\"urlTemplate\":\"https:\\\/\\\/www.loire-gourmande.fr\\\/de\\\/?s={search_term_string}\"},\"query-input\":{\"@type\":\"PropertyValueSpecification\",\"valueRequired\":true,\"valueName\":\"search_term_string\"}}],\"inLanguage\":\"de\"},{\"@type\":\"Organization\",\"@id\":\"https:\\\/\\\/www.loire-gourmande.fr\\\/de\\\/#organization\",\"name\":\"Loire Gourmande - Schnellrestaurant und Besuch in Turquant (49)\",\"url\":\"https:\\\/\\\/www.loire-gourmande.fr\\\/de\\\/\",\"logo\":{\"@type\":\"ImageObject\",\"inLanguage\":\"de\",\"@id\":\"https:\\\/\\\/www.loire-gourmande.fr\\\/de\\\/#\\\/schema\\\/logo\\\/image\\\/\",\"url\":\"https:\\\/\\\/www.loire-gourmande.fr\\\/wp-content\\\/uploads\\\/2020\\\/10\\\/loire-gourmande-logo.jpg\",\"contentUrl\":\"https:\\\/\\\/www.loire-gourmande.fr\\\/wp-content\\\/uploads\\\/2020\\\/10\\\/loire-gourmande-logo.jpg\",\"width\":800,\"height\":415,\"caption\":\"Loire Gourmande - Schnellrestaurant und Besuch in Turquant (49)\"},\"image\":{\"@id\":\"https:\\\/\\\/www.loire-gourmande.fr\\\/de\\\/#\\\/schema\\\/logo\\\/image\\\/\"},\"sameAs\":[\"https:\\\/\\\/www.facebook.com\\\/Loire-Gourmande-Turquant-101991328328493\\\/\",\"https:\\\/\\\/www.instagram.com\\\/jean_yves_auradon\\\/?igshid=1ta3mfjka326t\"]}]}<\/script>\n<!-- \/ Yoast SEO plugin. -->","yoast_head_json":{"title":"MUSCADET COTEAUX DE LA LOIRE LANDRON CHARTIER - Loire Gourmande - une \u00e9tape savoureuse","description":"MUSCADET COTEAUX DE LA LOIRE LANDRON CHARTIER. Wein aus der Loire. Bestellung im Weinkeller auf der Website von Loire Gourmande. Weinh\u00e4ndler in Turquant (49).","robots":{"index":"index","follow":"follow","max-snippet":"max-snippet:-1","max-image-preview":"max-image-preview:large","max-video-preview":"max-video-preview:-1"},"canonical":"https:\/\/www.loire-gourmande.fr\/de\/Produkt\/muscadet-coteaux-de-la-loire-landron-chartier\/","og_locale":"de_DE","og_type":"article","og_title":"MUSCADET COTEAUX DE LA LOIRE LANDRON CHARTIER - Loire Gourmande - une \u00e9tape savoureuse","og_description":"MUSCADET COTEAUX DE LA LOIRE LANDRON CHARTIER. Wein aus der Loire. Bestellung im Weinkeller auf der Website von Loire Gourmande. Weinh\u00e4ndler in Turquant (49).","og_url":"https:\/\/www.loire-gourmande.fr\/de\/Produkt\/muscadet-coteaux-de-la-loire-landron-chartier\/","og_site_name":"Loire Gourmande - une \u00e9tape savoureuse","article_publisher":"https:\/\/www.facebook.com\/Loire-Gourmande-Turquant-101991328328493\/","article_modified_time":"2025-05-27T15:32:01+00:00","og_image":[{"width":800,"height":800,"url":"https:\/\/www.loire-gourmande.fr\/wp-content\/uploads\/2021\/04\/Muscadet-Landron.jpg","type":"image\/jpeg"}],"twitter_card":"summary_large_image","twitter_misc":{"Gesch\u00e4tzte Lesezeit":"1\u00a0Minute"},"schema":{"@context":"https:\/\/schema.org","@graph":[{"@type":"WebPage","@id":"https:\/\/www.loire-gourmande.fr\/de\/Produkt\/muscadet-coteaux-de-la-loire-landron-chartier\/","url":"https:\/\/www.loire-gourmande.fr\/de\/Produkt\/muscadet-coteaux-de-la-loire-landron-chartier\/","name":"MUSCADET COTEAUX DE LA LOIRE LANDRON CHARTIER - Loire Gourmande - une \u00e9tape savoureuse","isPartOf":{"@id":"https:\/\/www.loire-gourmande.fr\/de\/#website"},"primaryImageOfPage":{"@id":"https:\/\/www.loire-gourmande.fr\/de\/Produkt\/muscadet-coteaux-de-la-loire-landron-chartier\/#primaryimage"},"image":{"@id":"https:\/\/www.loire-gourmande.fr\/de\/Produkt\/muscadet-coteaux-de-la-loire-landron-chartier\/#primaryimage"},"thumbnailUrl":"https:\/\/www.loire-gourmande.fr\/wp-content\/uploads\/2021\/04\/Muscadet-Landron.jpg","datePublished":"2021-04-29T09:05:28+00:00","dateModified":"2025-05-27T15:32:01+00:00","description":"MUSCADET COTEAUX DE LA LOIRE LANDRON CHARTIER. Wein aus der Loire. Bestellung im Weinkeller auf der Website von Loire Gourmande. Weinh\u00e4ndler in Turquant (49).","breadcrumb":{"@id":"https:\/\/www.loire-gourmande.fr\/de\/Produkt\/muscadet-coteaux-de-la-loire-landron-chartier\/#breadcrumb"},"inLanguage":"de","potentialAction":[{"@type":"ReadAction","target":["https:\/\/www.loire-gourmande.fr\/de\/Produkt\/muscadet-coteaux-de-la-loire-landron-chartier\/"]}]},{"@type":"ImageObject","inLanguage":"de","@id":"https:\/\/www.loire-gourmande.fr\/de\/Produkt\/muscadet-coteaux-de-la-loire-landron-chartier\/#primaryimage","url":"https:\/\/www.loire-gourmande.fr\/wp-content\/uploads\/2021\/04\/Muscadet-Landron.jpg","contentUrl":"https:\/\/www.loire-gourmande.fr\/wp-content\/uploads\/2021\/04\/Muscadet-Landron.jpg","width":800,"height":800},{"@type":"BreadcrumbList","@id":"https:\/\/www.loire-gourmande.fr\/de\/Produkt\/muscadet-coteaux-de-la-loire-landron-chartier\/#breadcrumb","itemListElement":[{"@type":"ListItem","position":1,"name":"Startseite","item":"https:\/\/www.loire-gourmande.fr\/de\/"},{"@type":"ListItem","position":2,"name":"Die Boutique de Loire Gourmande: die Weine der Loire","item":"https:\/\/www.loire-gourmande.fr\/de\/woocommerce\/"},{"@type":"ListItem","position":3,"name":"Die Weine","item":"https:\/\/www.loire-gourmande.fr\/de\/Produktkategorie\/die-weine\/"},{"@type":"ListItem","position":4,"name":"Weinberge Nantes","item":"https:\/\/www.loire-gourmande.fr\/de\/Produktkategorie\/die-weine\/weinberge-nantes\/"},{"@type":"ListItem","position":5,"name":"MUSCADET COTEAUX DE LA LOIRE LANDRON CHARTIER"}]},{"@type":"WebSite","@id":"https:\/\/www.loire-gourmande.fr\/de\/#website","url":"https:\/\/www.loire-gourmande.fr\/de\/","name":"Loire Gourmande, une \u00e9tape savoureuse","description":"une d\u00e9gustation \u00e0 toute heure et une boutique \u00e0 visiter \u00e0 Turquant (49)","publisher":{"@id":"https:\/\/www.loire-gourmande.fr\/de\/#organization"},"potentialAction":[{"@type":"SearchAction","target":{"@type":"EntryPoint","urlTemplate":"https:\/\/www.loire-gourmande.fr\/de\/?s={search_term_string}"},"query-input":{"@type":"PropertyValueSpecification","valueRequired":true,"valueName":"search_term_string"}}],"inLanguage":"de"},{"@type":"Organization","@id":"https:\/\/www.loire-gourmande.fr\/de\/#organization","name":"Loire Gourmande - Schnellrestaurant und Besuch in Turquant (49)","url":"https:\/\/www.loire-gourmande.fr\/de\/","logo":{"@type":"ImageObject","inLanguage":"de","@id":"https:\/\/www.loire-gourmande.fr\/de\/#\/schema\/logo\/image\/","url":"https:\/\/www.loire-gourmande.fr\/wp-content\/uploads\/2020\/10\/loire-gourmande-logo.jpg","contentUrl":"https:\/\/www.loire-gourmande.fr\/wp-content\/uploads\/2020\/10\/loire-gourmande-logo.jpg","width":800,"height":415,"caption":"Loire Gourmande - Schnellrestaurant und Besuch in Turquant (49)"},"image":{"@id":"https:\/\/www.loire-gourmande.fr\/de\/#\/schema\/logo\/image\/"},"sameAs":["https:\/\/www.facebook.com\/Loire-Gourmande-Turquant-101991328328493\/","https:\/\/www.instagram.com\/jean_yves_auradon\/?igshid=1ta3mfjka326t"]}]}},"_links":{"self":[{"href":"https:\/\/www.loire-gourmande.fr\/de\/wp-json\/wp\/v2\/product\/11276","targetHints":{"allow":["GET"]}}],"collection":[{"href":"https:\/\/www.loire-gourmande.fr\/de\/wp-json\/wp\/v2\/product"}],"about":[{"href":"https:\/\/www.loire-gourmande.fr\/de\/wp-json\/wp\/v2\/types\/product"}],"version-history":[{"count":2,"href":"https:\/\/www.loire-gourmande.fr\/de\/wp-json\/wp\/v2\/product\/11276\/revisions"}],"predecessor-version":[{"id":13266,"href":"https:\/\/www.loire-gourmande.fr\/de\/wp-json\/wp\/v2\/product\/11276\/revisions\/13266"}],"wp:featuredmedia":[{"embeddable":true,"href":"https:\/\/www.loire-gourmande.fr\/de\/wp-json\/wp\/v2\/media\/11278"}],"wp:attachment":[{"href":"https:\/\/www.loire-gourmande.fr\/de\/wp-json\/wp\/v2\/media?parent=11276"}],"wp:term":[{"taxonomy":"product_brand","embeddable":true,"href":"https:\/\/www.loire-gourmande.fr\/de\/wp-json\/wp\/v2\/product_brand?post=11276"},{"taxonomy":"product_cat","embeddable":true,"href":"https:\/\/www.loire-gourmande.fr\/de\/wp-json\/wp\/v2\/product_cat?post=11276"},{"taxonomy":"product_tag","embeddable":true,"href":"https:\/\/www.loire-gourmande.fr\/de\/wp-json\/wp\/v2\/product_tag?post=11276"}],"curies":[{"name":"wp","href":"https:\/\/api.w.org\/{rel}","templated":true}]}}