{"id":11277,"date":"2021-04-29T10:05:27","date_gmt":"2021-04-29T10:05:27","guid":{"rendered":"https:\/\/www.loire-gourmande.fr\/produit\/muscadet-cru-communal-aop-clisson-muscadet-cru-communal-aop-clisson\/"},"modified":"2025-05-27T16:21:09","modified_gmt":"2025-05-27T15:21:09","slug":"muscadet-cru-communal-aop-clisson-muscadet-cru-communal-aop-clisson","status":"publish","type":"product","link":"https:\/\/www.loire-gourmande.fr\/de\/Produkt\/muscadet-cru-communal-aop-clisson-muscadet-cru-communal-aop-clisson\/","title":{"rendered":"MUSCADET CRU COMMUNAL AOP &#8222;CLISSON&#8220; (MUSCADET CRU COMMUNAL AOP &#8222;CLISSON&#8220;)"},"content":{"rendered":"<p>Ein Anf\u00e4nger mag von dieser Bandbreite verwirrt bleiben, aber er wird schnell vom Wert dieser \u201eJahrg\u00e4nge\u201c \u00fcberzeugt sein.<br \/>\nDie Rebsorte Melone offenbart mit zunehmender Reife<br \/>\n ihre burgundische Herkunft, gewinnt an Rundheit und ihre Aromen wechseln die Familien: kandierte Fr\u00fcchte, Trockenfr\u00fcchte, Butter.<br \/>\nDieser Wein vereint Komplexit\u00e4t und aromatische Finesse, aber auch Frische und Rundheit.<br \/>\nMuscadet S\u00e8vre et Maine auf Hefe AOC &#8211; Lagerung &gt; f\u00fcr 3 Jahre.<br \/>\nKombination <span style=\"font-size: 15pt;\">von Speisen und Weinen<\/span><br \/>\nTopf mit Jakobsmuscheln \/ Austern zum Meer hin Bretagne \/ Petersilie mit Schwertmuscheln oder Pinienkernen<\/p>\n","protected":false},"excerpt":{"rendered":"<p><span style=\"font-size: 18pt;\"><em><strong>CRU COMMUNAL BIO CLISSON<\/strong><\/em><\/span><\/p>\n","protected":false},"featured_media":14134,"template":"","meta":{"inline_featured_image":false},"product_brand":[],"product_cat":[600,611,608],"product_tag":[618,628,708,617],"class_list":{"0":"post-11277","1":"product","2":"type-product","3":"status-publish","4":"has-post-thumbnail","6":"product_cat-die-weine","7":"product_cat-weinberge-nantes","8":"product_cat-weis","9":"product_tag-aperitif-de","10":"product_tag-fisch","11":"product_tag-guard-de","12":"product_tag-weis","13":"product_shipping_class-flasche","15":"first","16":"instock","17":"featured","18":"taxable","19":"shipping-taxable","20":"purchasable","21":"product-type-simple"},"yoast_head":"<!-- This site is optimized with the Yoast SEO plugin v27.3 - https:\/\/yoast.com\/product\/yoast-seo-wordpress\/ -->\n<title>MUSCADET CRU COMMUNAL AOP &quot;CLISSON&quot; (MUSCADET CRU COMMUNAL AOP &quot;CLISSON&quot;) - Loire Gourmande - une \u00e9tape savoureuse<\/title>\n<meta name=\"description\" content=\"Dieser Wei\u00dfwein aus 100% Melon B wurde von den Winzern des Pays d&#039;Ancenis kreiert. Er ist authentisch und \u00fcberraschend und verk\u00f6rpert die Exzellenz eines Terroirs und das Know-how der Winzer. Er wird sicherlich eine ungew\u00f6hnliche Entdeckung f\u00fcr Verbraucher sein, die auf der Suche nach einem gemeinsamen Genuss sind. Speisenempfehlung Dieser Wein ist ein idealer Aperitif, aber Sie k\u00f6nnen ihn auch zu Meeresfr\u00fcchten, Edelfischen aus dem Meer oder der Loire oder zu Gefl\u00fcgel mit Crema aus Ancenis genie\u00dfen.\" \/>\n<meta name=\"robots\" content=\"index, follow, max-snippet:-1, max-image-preview:large, max-video-preview:-1\" \/>\n<link rel=\"canonical\" href=\"https:\/\/www.loire-gourmande.fr\/de\/Produkt\/muscadet-cru-communal-aop-clisson-muscadet-cru-communal-aop-clisson\/\" \/>\n<meta property=\"og:locale\" content=\"de_DE\" \/>\n<meta property=\"og:type\" content=\"article\" \/>\n<meta property=\"og:title\" content=\"MUSCADET CRU COMMUNAL AOP &quot;CLISSON&quot; (MUSCADET CRU COMMUNAL AOP &quot;CLISSON&quot;) - Loire Gourmande - une \u00e9tape savoureuse\" \/>\n<meta property=\"og:description\" content=\"Dieser Wei\u00dfwein aus 100% Melon B wurde von den Winzern des Pays d&#039;Ancenis kreiert. Er ist authentisch und \u00fcberraschend und verk\u00f6rpert die Exzellenz eines Terroirs und das Know-how der Winzer. Er wird sicherlich eine ungew\u00f6hnliche Entdeckung f\u00fcr Verbraucher sein, die auf der Suche nach einem gemeinsamen Genuss sind. Speisenempfehlung Dieser Wein ist ein idealer Aperitif, aber Sie k\u00f6nnen ihn auch zu Meeresfr\u00fcchten, Edelfischen aus dem Meer oder der Loire oder zu Gefl\u00fcgel mit Crema aus Ancenis genie\u00dfen.\" \/>\n<meta property=\"og:url\" content=\"https:\/\/www.loire-gourmande.fr\/de\/Produkt\/muscadet-cru-communal-aop-clisson-muscadet-cru-communal-aop-clisson\/\" \/>\n<meta property=\"og:site_name\" content=\"Loire Gourmande - une \u00e9tape savoureuse\" \/>\n<meta property=\"article:publisher\" content=\"https:\/\/www.facebook.com\/Loire-Gourmande-Turquant-101991328328493\/\" \/>\n<meta property=\"article:modified_time\" content=\"2025-05-27T15:21:09+00:00\" \/>\n<meta property=\"og:image\" content=\"https:\/\/www.loire-gourmande.fr\/wp-content\/uploads\/woocommerce-placeholder.png\" \/>\n\t<meta property=\"og:image:width\" content=\"1200\" \/>\n\t<meta property=\"og:image:height\" content=\"1200\" \/>\n\t<meta property=\"og:image:type\" content=\"image\/png\" \/>\n<meta name=\"twitter:card\" content=\"summary_large_image\" \/>\n<script type=\"application\/ld+json\" class=\"yoast-schema-graph\">{\"@context\":\"https:\\\/\\\/schema.org\",\"@graph\":[{\"@type\":\"WebPage\",\"@id\":\"https:\\\/\\\/www.loire-gourmande.fr\\\/de\\\/Produkt\\\/muscadet-cru-communal-aop-clisson-muscadet-cru-communal-aop-clisson\\\/\",\"url\":\"https:\\\/\\\/www.loire-gourmande.fr\\\/de\\\/Produkt\\\/muscadet-cru-communal-aop-clisson-muscadet-cru-communal-aop-clisson\\\/\",\"name\":\"MUSCADET CRU COMMUNAL AOP \\\"CLISSON\\\" (MUSCADET CRU COMMUNAL AOP \\\"CLISSON\\\") - Loire Gourmande - une \u00e9tape savoureuse\",\"isPartOf\":{\"@id\":\"https:\\\/\\\/www.loire-gourmande.fr\\\/de\\\/#website\"},\"primaryImageOfPage\":{\"@id\":\"https:\\\/\\\/www.loire-gourmande.fr\\\/de\\\/Produkt\\\/muscadet-cru-communal-aop-clisson-muscadet-cru-communal-aop-clisson\\\/#primaryimage\"},\"image\":{\"@id\":\"https:\\\/\\\/www.loire-gourmande.fr\\\/de\\\/Produkt\\\/muscadet-cru-communal-aop-clisson-muscadet-cru-communal-aop-clisson\\\/#primaryimage\"},\"thumbnailUrl\":\"https:\\\/\\\/www.loire-gourmande.fr\\\/wp-content\\\/uploads\\\/2021\\\/04\\\/Clisson.png\",\"datePublished\":\"2021-04-29T10:05:27+00:00\",\"dateModified\":\"2025-05-27T15:21:09+00:00\",\"description\":\"Dieser Wei\u00dfwein aus 100% Melon B wurde von den Winzern des Pays d'Ancenis kreiert. Er ist authentisch und \u00fcberraschend und verk\u00f6rpert die Exzellenz eines Terroirs und das Know-how der Winzer. Er wird sicherlich eine ungew\u00f6hnliche Entdeckung f\u00fcr Verbraucher sein, die auf der Suche nach einem gemeinsamen Genuss sind. Speisenempfehlung Dieser Wein ist ein idealer Aperitif, aber Sie k\u00f6nnen ihn auch zu Meeresfr\u00fcchten, Edelfischen aus dem Meer oder der Loire oder zu Gefl\u00fcgel mit Crema aus Ancenis genie\u00dfen.\",\"breadcrumb\":{\"@id\":\"https:\\\/\\\/www.loire-gourmande.fr\\\/de\\\/Produkt\\\/muscadet-cru-communal-aop-clisson-muscadet-cru-communal-aop-clisson\\\/#breadcrumb\"},\"inLanguage\":\"de\",\"potentialAction\":[{\"@type\":\"ReadAction\",\"target\":[\"https:\\\/\\\/www.loire-gourmande.fr\\\/de\\\/Produkt\\\/muscadet-cru-communal-aop-clisson-muscadet-cru-communal-aop-clisson\\\/\"]}]},{\"@type\":\"ImageObject\",\"inLanguage\":\"de\",\"@id\":\"https:\\\/\\\/www.loire-gourmande.fr\\\/de\\\/Produkt\\\/muscadet-cru-communal-aop-clisson-muscadet-cru-communal-aop-clisson\\\/#primaryimage\",\"url\":\"https:\\\/\\\/www.loire-gourmande.fr\\\/wp-content\\\/uploads\\\/2021\\\/04\\\/Clisson.png\",\"contentUrl\":\"https:\\\/\\\/www.loire-gourmande.fr\\\/wp-content\\\/uploads\\\/2021\\\/04\\\/Clisson.png\",\"width\":536,\"height\":800},{\"@type\":\"BreadcrumbList\",\"@id\":\"https:\\\/\\\/www.loire-gourmande.fr\\\/de\\\/Produkt\\\/muscadet-cru-communal-aop-clisson-muscadet-cru-communal-aop-clisson\\\/#breadcrumb\",\"itemListElement\":[{\"@type\":\"ListItem\",\"position\":1,\"name\":\"Startseite\",\"item\":\"https:\\\/\\\/www.loire-gourmande.fr\\\/de\\\/\"},{\"@type\":\"ListItem\",\"position\":2,\"name\":\"Die Boutique de Loire Gourmande: die Weine der Loire\",\"item\":\"https:\\\/\\\/www.loire-gourmande.fr\\\/de\\\/woocommerce\\\/\"},{\"@type\":\"ListItem\",\"position\":3,\"name\":\"Die Weine\",\"item\":\"https:\\\/\\\/www.loire-gourmande.fr\\\/de\\\/Produktkategorie\\\/die-weine\\\/\"},{\"@type\":\"ListItem\",\"position\":4,\"name\":\"Weinberge Nantes\",\"item\":\"https:\\\/\\\/www.loire-gourmande.fr\\\/de\\\/Produktkategorie\\\/die-weine\\\/weinberge-nantes\\\/\"},{\"@type\":\"ListItem\",\"position\":5,\"name\":\"MUSCADET CRU COMMUNAL AOP &#8222;CLISSON&#8220; (MUSCADET CRU COMMUNAL AOP &#8222;CLISSON&#8220;)\"}]},{\"@type\":\"WebSite\",\"@id\":\"https:\\\/\\\/www.loire-gourmande.fr\\\/de\\\/#website\",\"url\":\"https:\\\/\\\/www.loire-gourmande.fr\\\/de\\\/\",\"name\":\"Loire Gourmande, une \u00e9tape savoureuse\",\"description\":\"une d\u00e9gustation \u00e0 toute heure et une boutique \u00e0 visiter \u00e0 Turquant (49)\",\"publisher\":{\"@id\":\"https:\\\/\\\/www.loire-gourmande.fr\\\/de\\\/#organization\"},\"potentialAction\":[{\"@type\":\"SearchAction\",\"target\":{\"@type\":\"EntryPoint\",\"urlTemplate\":\"https:\\\/\\\/www.loire-gourmande.fr\\\/de\\\/?s={search_term_string}\"},\"query-input\":{\"@type\":\"PropertyValueSpecification\",\"valueRequired\":true,\"valueName\":\"search_term_string\"}}],\"inLanguage\":\"de\"},{\"@type\":\"Organization\",\"@id\":\"https:\\\/\\\/www.loire-gourmande.fr\\\/de\\\/#organization\",\"name\":\"Loire Gourmande - Schnellrestaurant und Besuch in Turquant (49)\",\"url\":\"https:\\\/\\\/www.loire-gourmande.fr\\\/de\\\/\",\"logo\":{\"@type\":\"ImageObject\",\"inLanguage\":\"de\",\"@id\":\"https:\\\/\\\/www.loire-gourmande.fr\\\/de\\\/#\\\/schema\\\/logo\\\/image\\\/\",\"url\":\"https:\\\/\\\/www.loire-gourmande.fr\\\/wp-content\\\/uploads\\\/2020\\\/10\\\/loire-gourmande-logo.jpg\",\"contentUrl\":\"https:\\\/\\\/www.loire-gourmande.fr\\\/wp-content\\\/uploads\\\/2020\\\/10\\\/loire-gourmande-logo.jpg\",\"width\":800,\"height\":415,\"caption\":\"Loire Gourmande - Schnellrestaurant und Besuch in Turquant (49)\"},\"image\":{\"@id\":\"https:\\\/\\\/www.loire-gourmande.fr\\\/de\\\/#\\\/schema\\\/logo\\\/image\\\/\"},\"sameAs\":[\"https:\\\/\\\/www.facebook.com\\\/Loire-Gourmande-Turquant-101991328328493\\\/\",\"https:\\\/\\\/www.instagram.com\\\/jean_yves_auradon\\\/?igshid=1ta3mfjka326t\"]}]}<\/script>\n<!-- \/ Yoast SEO plugin. -->","yoast_head_json":{"title":"MUSCADET CRU COMMUNAL AOP \"CLISSON\" (MUSCADET CRU COMMUNAL AOP \"CLISSON\") - Loire Gourmande - une \u00e9tape savoureuse","description":"Dieser Wei\u00dfwein aus 100% Melon B wurde von den Winzern des Pays d'Ancenis kreiert. Er ist authentisch und \u00fcberraschend und verk\u00f6rpert die Exzellenz eines Terroirs und das Know-how der Winzer. Er wird sicherlich eine ungew\u00f6hnliche Entdeckung f\u00fcr Verbraucher sein, die auf der Suche nach einem gemeinsamen Genuss sind. Speisenempfehlung Dieser Wein ist ein idealer Aperitif, aber Sie k\u00f6nnen ihn auch zu Meeresfr\u00fcchten, Edelfischen aus dem Meer oder der Loire oder zu Gefl\u00fcgel mit Crema aus Ancenis genie\u00dfen.","robots":{"index":"index","follow":"follow","max-snippet":"max-snippet:-1","max-image-preview":"max-image-preview:large","max-video-preview":"max-video-preview:-1"},"canonical":"https:\/\/www.loire-gourmande.fr\/de\/Produkt\/muscadet-cru-communal-aop-clisson-muscadet-cru-communal-aop-clisson\/","og_locale":"de_DE","og_type":"article","og_title":"MUSCADET CRU COMMUNAL AOP \"CLISSON\" (MUSCADET CRU COMMUNAL AOP \"CLISSON\") - Loire Gourmande - une \u00e9tape savoureuse","og_description":"Dieser Wei\u00dfwein aus 100% Melon B wurde von den Winzern des Pays d'Ancenis kreiert. Er ist authentisch und \u00fcberraschend und verk\u00f6rpert die Exzellenz eines Terroirs und das Know-how der Winzer. Er wird sicherlich eine ungew\u00f6hnliche Entdeckung f\u00fcr Verbraucher sein, die auf der Suche nach einem gemeinsamen Genuss sind. Speisenempfehlung Dieser Wein ist ein idealer Aperitif, aber Sie k\u00f6nnen ihn auch zu Meeresfr\u00fcchten, Edelfischen aus dem Meer oder der Loire oder zu Gefl\u00fcgel mit Crema aus Ancenis genie\u00dfen.","og_url":"https:\/\/www.loire-gourmande.fr\/de\/Produkt\/muscadet-cru-communal-aop-clisson-muscadet-cru-communal-aop-clisson\/","og_site_name":"Loire Gourmande - une \u00e9tape savoureuse","article_publisher":"https:\/\/www.facebook.com\/Loire-Gourmande-Turquant-101991328328493\/","article_modified_time":"2025-05-27T15:21:09+00:00","og_image":[{"width":1200,"height":1200,"url":"https:\/\/www.loire-gourmande.fr\/wp-content\/uploads\/woocommerce-placeholder.png","type":"image\/png"}],"twitter_card":"summary_large_image","schema":{"@context":"https:\/\/schema.org","@graph":[{"@type":"WebPage","@id":"https:\/\/www.loire-gourmande.fr\/de\/Produkt\/muscadet-cru-communal-aop-clisson-muscadet-cru-communal-aop-clisson\/","url":"https:\/\/www.loire-gourmande.fr\/de\/Produkt\/muscadet-cru-communal-aop-clisson-muscadet-cru-communal-aop-clisson\/","name":"MUSCADET CRU COMMUNAL AOP \"CLISSON\" (MUSCADET CRU COMMUNAL AOP \"CLISSON\") - Loire Gourmande - une \u00e9tape savoureuse","isPartOf":{"@id":"https:\/\/www.loire-gourmande.fr\/de\/#website"},"primaryImageOfPage":{"@id":"https:\/\/www.loire-gourmande.fr\/de\/Produkt\/muscadet-cru-communal-aop-clisson-muscadet-cru-communal-aop-clisson\/#primaryimage"},"image":{"@id":"https:\/\/www.loire-gourmande.fr\/de\/Produkt\/muscadet-cru-communal-aop-clisson-muscadet-cru-communal-aop-clisson\/#primaryimage"},"thumbnailUrl":"https:\/\/www.loire-gourmande.fr\/wp-content\/uploads\/2021\/04\/Clisson.png","datePublished":"2021-04-29T10:05:27+00:00","dateModified":"2025-05-27T15:21:09+00:00","description":"Dieser Wei\u00dfwein aus 100% Melon B wurde von den Winzern des Pays d'Ancenis kreiert. Er ist authentisch und \u00fcberraschend und verk\u00f6rpert die Exzellenz eines Terroirs und das Know-how der Winzer. Er wird sicherlich eine ungew\u00f6hnliche Entdeckung f\u00fcr Verbraucher sein, die auf der Suche nach einem gemeinsamen Genuss sind. Speisenempfehlung Dieser Wein ist ein idealer Aperitif, aber Sie k\u00f6nnen ihn auch zu Meeresfr\u00fcchten, Edelfischen aus dem Meer oder der Loire oder zu Gefl\u00fcgel mit Crema aus Ancenis genie\u00dfen.","breadcrumb":{"@id":"https:\/\/www.loire-gourmande.fr\/de\/Produkt\/muscadet-cru-communal-aop-clisson-muscadet-cru-communal-aop-clisson\/#breadcrumb"},"inLanguage":"de","potentialAction":[{"@type":"ReadAction","target":["https:\/\/www.loire-gourmande.fr\/de\/Produkt\/muscadet-cru-communal-aop-clisson-muscadet-cru-communal-aop-clisson\/"]}]},{"@type":"ImageObject","inLanguage":"de","@id":"https:\/\/www.loire-gourmande.fr\/de\/Produkt\/muscadet-cru-communal-aop-clisson-muscadet-cru-communal-aop-clisson\/#primaryimage","url":"https:\/\/www.loire-gourmande.fr\/wp-content\/uploads\/2021\/04\/Clisson.png","contentUrl":"https:\/\/www.loire-gourmande.fr\/wp-content\/uploads\/2021\/04\/Clisson.png","width":536,"height":800},{"@type":"BreadcrumbList","@id":"https:\/\/www.loire-gourmande.fr\/de\/Produkt\/muscadet-cru-communal-aop-clisson-muscadet-cru-communal-aop-clisson\/#breadcrumb","itemListElement":[{"@type":"ListItem","position":1,"name":"Startseite","item":"https:\/\/www.loire-gourmande.fr\/de\/"},{"@type":"ListItem","position":2,"name":"Die Boutique de Loire Gourmande: die Weine der Loire","item":"https:\/\/www.loire-gourmande.fr\/de\/woocommerce\/"},{"@type":"ListItem","position":3,"name":"Die Weine","item":"https:\/\/www.loire-gourmande.fr\/de\/Produktkategorie\/die-weine\/"},{"@type":"ListItem","position":4,"name":"Weinberge Nantes","item":"https:\/\/www.loire-gourmande.fr\/de\/Produktkategorie\/die-weine\/weinberge-nantes\/"},{"@type":"ListItem","position":5,"name":"MUSCADET CRU COMMUNAL AOP &#8222;CLISSON&#8220; (MUSCADET CRU COMMUNAL AOP &#8222;CLISSON&#8220;)"}]},{"@type":"WebSite","@id":"https:\/\/www.loire-gourmande.fr\/de\/#website","url":"https:\/\/www.loire-gourmande.fr\/de\/","name":"Loire Gourmande, une \u00e9tape savoureuse","description":"une d\u00e9gustation \u00e0 toute heure et une boutique \u00e0 visiter \u00e0 Turquant (49)","publisher":{"@id":"https:\/\/www.loire-gourmande.fr\/de\/#organization"},"potentialAction":[{"@type":"SearchAction","target":{"@type":"EntryPoint","urlTemplate":"https:\/\/www.loire-gourmande.fr\/de\/?s={search_term_string}"},"query-input":{"@type":"PropertyValueSpecification","valueRequired":true,"valueName":"search_term_string"}}],"inLanguage":"de"},{"@type":"Organization","@id":"https:\/\/www.loire-gourmande.fr\/de\/#organization","name":"Loire Gourmande - Schnellrestaurant und Besuch in Turquant (49)","url":"https:\/\/www.loire-gourmande.fr\/de\/","logo":{"@type":"ImageObject","inLanguage":"de","@id":"https:\/\/www.loire-gourmande.fr\/de\/#\/schema\/logo\/image\/","url":"https:\/\/www.loire-gourmande.fr\/wp-content\/uploads\/2020\/10\/loire-gourmande-logo.jpg","contentUrl":"https:\/\/www.loire-gourmande.fr\/wp-content\/uploads\/2020\/10\/loire-gourmande-logo.jpg","width":800,"height":415,"caption":"Loire Gourmande - Schnellrestaurant und Besuch in Turquant (49)"},"image":{"@id":"https:\/\/www.loire-gourmande.fr\/de\/#\/schema\/logo\/image\/"},"sameAs":["https:\/\/www.facebook.com\/Loire-Gourmande-Turquant-101991328328493\/","https:\/\/www.instagram.com\/jean_yves_auradon\/?igshid=1ta3mfjka326t"]}]}},"_links":{"self":[{"href":"https:\/\/www.loire-gourmande.fr\/de\/wp-json\/wp\/v2\/product\/11277","targetHints":{"allow":["GET"]}}],"collection":[{"href":"https:\/\/www.loire-gourmande.fr\/de\/wp-json\/wp\/v2\/product"}],"about":[{"href":"https:\/\/www.loire-gourmande.fr\/de\/wp-json\/wp\/v2\/types\/product"}],"version-history":[{"count":2,"href":"https:\/\/www.loire-gourmande.fr\/de\/wp-json\/wp\/v2\/product\/11277\/revisions"}],"predecessor-version":[{"id":13136,"href":"https:\/\/www.loire-gourmande.fr\/de\/wp-json\/wp\/v2\/product\/11277\/revisions\/13136"}],"wp:featuredmedia":[{"embeddable":true,"href":"https:\/\/www.loire-gourmande.fr\/de\/wp-json\/wp\/v2\/media\/14134"}],"wp:attachment":[{"href":"https:\/\/www.loire-gourmande.fr\/de\/wp-json\/wp\/v2\/media?parent=11277"}],"wp:term":[{"taxonomy":"product_brand","embeddable":true,"href":"https:\/\/www.loire-gourmande.fr\/de\/wp-json\/wp\/v2\/product_brand?post=11277"},{"taxonomy":"product_cat","embeddable":true,"href":"https:\/\/www.loire-gourmande.fr\/de\/wp-json\/wp\/v2\/product_cat?post=11277"},{"taxonomy":"product_tag","embeddable":true,"href":"https:\/\/www.loire-gourmande.fr\/de\/wp-json\/wp\/v2\/product_tag?post=11277"}],"curies":[{"name":"wp","href":"https:\/\/api.w.org\/{rel}","templated":true}]}}