{"id":11299,"date":"2021-04-29T10:05:33","date_gmt":"2021-04-29T10:05:33","guid":{"rendered":"https:\/\/www.loire-gourmande.fr\/produit\/cabernet-danjou-aop-domaine-leduc-frouin\/"},"modified":"2025-05-27T16:31:45","modified_gmt":"2025-05-27T15:31:45","slug":"cabernet-danjou-aop-domaine-leduc-frouin","status":"publish","type":"product","link":"https:\/\/www.loire-gourmande.fr\/de\/Produkt\/cabernet-danjou-aop-domaine-leduc-frouin\/","title":{"rendered":"CABERNET D&#8217;ANJOU AOP DOMAINE LEDUC FROUIN"},"content":{"rendered":"<div class=\"page\" title=\"Seite 1\">\n<div class=\"section\">\n<div class=\"layoutArea\">\n<div class=\"column\">\n<p><strong>Verkostung<br \/>\n<\/strong>Unser Cabernet d&#8217;Anjou &#8222;La Seigneurie&#8220; aus manueller Lese hat eine sch\u00f6ne, leuchtend rosafarbene Farbe. Seine k\u00f6stlichen Noten von kleinen roten Fr\u00fcchten und seine feine S\u00fc\u00dfe machen ihn zu einem knackigen Wein, der vom Aperitif bis zum Dessert gek\u00fchlt genossen werden kann.<br \/>\n<strong>Terroir<br \/>\n<\/strong>\u00ab Les Champs Horreau&#8220;, Dorf Sousign\u00e9, &#8222;L&#8217;enclos&#8220;, La fosse de Tign\u00e9<br \/>\nBoden und Untergrund: Boden und Untergrund: schluffig-lehmig<br \/>\nRebsorten: 50% Cabernet Franc, 50% Cabernet Sauvignon.<br \/>\n<strong>Ernte<br \/>\n<\/strong>Die manuelle Weinlese wurde im September 2022 mit unserem Team von etwa 20 Personen durchgef\u00fchrt.<br \/>\n<strong>Weinbereitung<br \/>\n<\/strong>Die Trauben werden abgebeert und direkt gepresst. Der Most wird dann statisch gekl\u00e4rt. Die alkoholische G\u00e4rung wird in temperaturkontrollierten Beton- und Edelstahltanks (16\u00b0C-18\u00b0C) durchgef\u00fchrt. Die Abf\u00fcllung wurde von uns auf dem Weingut ohne unsere H\u00f6hlenkeller im Fr\u00fchjahr 2023 durchgef\u00fchrt.<br \/>\n<strong><span style=\"font-size: 12pt;\">Kombination von Speisen und Weinen<br \/>\n<\/span><\/strong>Unsere Vorschl\u00e4ge&#8230;<br \/>\nVerrines aus ger\u00e4uchertem Lachs, Wurstplatte, Melone, Erdbeer-Charlotte, Himbeeren&#8230; und einfach f\u00fcr einen Moment des Vergn\u00fcgens. Ideal als Aperitif oder zu gemischten Salaten, gegrilltem Fleisch, Erdbeertorten oder Obstsalaten. Frisch zu servieren: Aufschnitt \/ Wildterrine \/ Schweineniere mit Wurstsauce \/ Mironton-Rindfleisch \/ Lammnierst\u00fcck \/ gut gemachte K\u00e4sesorten.<\/p>\n<div class=\"page\" title=\"Seite 1\">\n<div class=\"section\">\n<div class=\"layoutArea\">\n<div class=\"column\">\n<p>Gute Verkostung,<\/p>\n<\/div>\n<\/div>\n<\/div>\n<\/div>\n<p><strong><span style=\"font-size: 12pt;\"> <\/span><\/strong><\/p>\n<p><strong><span style=\"font-size: 12pt;\"> <\/span><\/strong><\/p>\n<\/div>\n<\/div>\n<\/div>\n<\/div>\n","protected":false},"excerpt":{"rendered":"<p>Das Weingut LEDUC-FROUIN wird von Nathalie und Antoine LEDUC geleitet, der vierten Generation von Winzern auf dem Familienweingut!<br data-reader-unique-id=\"7\">Unser 30 Hektar gro\u00dfer Weinberg liegt in der N\u00e4he des Dorfes Sousign\u00e9, n\u00f6rdlich von Martign\u00e9-Briand (im Herzen des Haut-Layon). Unsere wichtigsten roten Rebsorten sind Cabernet Franc und Cabernet Sauvignon sowie Grolleau. F\u00fcr die Herstellung unserer Wei\u00dfweine ist Chenin die wichtigste Rebsorte, aber wir bauen auch Chardonnay an.  <br data-reader-unique-id=\"9\">Um unser Terroir und das Gleichgewicht der Reben in ihrer Umgebung zu f\u00f6rdern, werden unsere Weinberge in integrierter Produktion bewirtschaftet. Wir arbeiten nach \u00f6kologischen Methoden, wobei wir die Beobachtung der Rebe und den Respekt vor der Umwelt bevorzugen.<br data-reader-unique-id=\"10\">Antoine und Nathalie verbinden Tradition und Moderne und tun alles, um Ihnen typische, subtile und \u00fcberraschende Weine anzubieten&#8230;<\/p>\n","protected":false},"featured_media":14315,"template":"","meta":{"inline_featured_image":false},"product_brand":[],"product_cat":[602,600,642,649],"product_tag":[618,701,652,615],"class_list":{"0":"post-11299","1":"product","2":"type-product","3":"status-publish","4":"has-post-thumbnail","6":"product_cat-anjou-de","7":"product_cat-die-weine","8":"product_cat-rose-de","9":"product_cat-suesswein","10":"product_tag-aperitif-de","11":"product_tag-eintrag","12":"product_tag-nachtisch","13":"product_tag-wein","14":"product_shipping_class-flasche","16":"first","17":"instock","18":"featured","19":"taxable","20":"shipping-taxable","21":"purchasable","22":"product-type-simple"},"yoast_head":"<!-- This site is optimized with the Yoast SEO plugin v27.6 - https:\/\/yoast.com\/product\/yoast-seo-wordpress\/ -->\n<title>CABERNET D&#039;ANJOU AOP DOMAINE LEDUC FROUIN - Loire Gourmande - une \u00e9tape savoureuse<\/title>\n<meta name=\"description\" content=\"CABERNET D&#039;ANJOU AOP DOMAINE LEDUC FROUIN. Wein aus der Loire. Bestellung im Weinkeller auf der Website von Loire Gourmande. Weinh\u00e4ndler in Turquant (49).\" \/>\n<meta name=\"robots\" content=\"index, follow, max-snippet:-1, max-image-preview:large, max-video-preview:-1\" \/>\n<link rel=\"canonical\" href=\"https:\/\/www.loire-gourmande.fr\/de\/Produkt\/cabernet-danjou-aop-domaine-leduc-frouin\/\" \/>\n<meta property=\"og:locale\" content=\"de_DE\" \/>\n<meta property=\"og:type\" content=\"article\" \/>\n<meta property=\"og:title\" content=\"CABERNET D&#039;ANJOU AOP DOMAINE LEDUC FROUIN - Loire Gourmande - une \u00e9tape savoureuse\" \/>\n<meta property=\"og:description\" content=\"CABERNET D&#039;ANJOU AOP DOMAINE LEDUC FROUIN. Wein aus der Loire. Bestellung im Weinkeller auf der Website von Loire Gourmande. Weinh\u00e4ndler in Turquant (49).\" \/>\n<meta property=\"og:url\" content=\"https:\/\/www.loire-gourmande.fr\/de\/Produkt\/cabernet-danjou-aop-domaine-leduc-frouin\/\" \/>\n<meta property=\"og:site_name\" content=\"Loire Gourmande - une \u00e9tape savoureuse\" \/>\n<meta property=\"article:publisher\" content=\"https:\/\/www.facebook.com\/Loire-Gourmande-Turquant-101991328328493\/\" \/>\n<meta property=\"article:modified_time\" content=\"2025-05-27T15:31:45+00:00\" \/>\n<meta property=\"og:image\" content=\"https:\/\/www.loire-gourmande.fr\/wp-content\/uploads\/2023\/02\/Cabernet-dAnjou.jpg\" \/>\n\t<meta property=\"og:image:width\" content=\"800\" \/>\n\t<meta property=\"og:image:height\" content=\"1024\" \/>\n\t<meta property=\"og:image:type\" content=\"image\/jpeg\" \/>\n<meta name=\"twitter:card\" content=\"summary_large_image\" \/>\n<meta name=\"twitter:label1\" content=\"Gesch\u00e4tzte Lesezeit\" \/>\n\t<meta name=\"twitter:data1\" content=\"1\u00a0Minute\" \/>\n<script type=\"application\/ld+json\" class=\"yoast-schema-graph\">{\"@context\":\"https:\\\/\\\/schema.org\",\"@graph\":[{\"@type\":\"WebPage\",\"@id\":\"https:\\\/\\\/www.loire-gourmande.fr\\\/de\\\/Produkt\\\/cabernet-danjou-aop-domaine-leduc-frouin\\\/\",\"url\":\"https:\\\/\\\/www.loire-gourmande.fr\\\/de\\\/Produkt\\\/cabernet-danjou-aop-domaine-leduc-frouin\\\/\",\"name\":\"CABERNET D'ANJOU AOP DOMAINE LEDUC FROUIN - Loire Gourmande - une \u00e9tape savoureuse\",\"isPartOf\":{\"@id\":\"https:\\\/\\\/www.loire-gourmande.fr\\\/de\\\/#website\"},\"primaryImageOfPage\":{\"@id\":\"https:\\\/\\\/www.loire-gourmande.fr\\\/de\\\/Produkt\\\/cabernet-danjou-aop-domaine-leduc-frouin\\\/#primaryimage\"},\"image\":{\"@id\":\"https:\\\/\\\/www.loire-gourmande.fr\\\/de\\\/Produkt\\\/cabernet-danjou-aop-domaine-leduc-frouin\\\/#primaryimage\"},\"thumbnailUrl\":\"https:\\\/\\\/www.loire-gourmande.fr\\\/wp-content\\\/uploads\\\/2021\\\/04\\\/CABERNET-DANJOU-AOP-DOMAINE-LEDUC-FROUIN.jpg\",\"datePublished\":\"2021-04-29T10:05:33+00:00\",\"dateModified\":\"2025-05-27T15:31:45+00:00\",\"description\":\"CABERNET D'ANJOU AOP DOMAINE LEDUC FROUIN. Wein aus der Loire. Bestellung im Weinkeller auf der Website von Loire Gourmande. Weinh\u00e4ndler in Turquant (49).\",\"breadcrumb\":{\"@id\":\"https:\\\/\\\/www.loire-gourmande.fr\\\/de\\\/Produkt\\\/cabernet-danjou-aop-domaine-leduc-frouin\\\/#breadcrumb\"},\"inLanguage\":\"de\",\"potentialAction\":[{\"@type\":\"ReadAction\",\"target\":[\"https:\\\/\\\/www.loire-gourmande.fr\\\/de\\\/Produkt\\\/cabernet-danjou-aop-domaine-leduc-frouin\\\/\"]}]},{\"@type\":\"ImageObject\",\"inLanguage\":\"de\",\"@id\":\"https:\\\/\\\/www.loire-gourmande.fr\\\/de\\\/Produkt\\\/cabernet-danjou-aop-domaine-leduc-frouin\\\/#primaryimage\",\"url\":\"https:\\\/\\\/www.loire-gourmande.fr\\\/wp-content\\\/uploads\\\/2021\\\/04\\\/CABERNET-DANJOU-AOP-DOMAINE-LEDUC-FROUIN.jpg\",\"contentUrl\":\"https:\\\/\\\/www.loire-gourmande.fr\\\/wp-content\\\/uploads\\\/2021\\\/04\\\/CABERNET-DANJOU-AOP-DOMAINE-LEDUC-FROUIN.jpg\",\"width\":800,\"height\":800},{\"@type\":\"BreadcrumbList\",\"@id\":\"https:\\\/\\\/www.loire-gourmande.fr\\\/de\\\/Produkt\\\/cabernet-danjou-aop-domaine-leduc-frouin\\\/#breadcrumb\",\"itemListElement\":[{\"@type\":\"ListItem\",\"position\":1,\"name\":\"Startseite\",\"item\":\"https:\\\/\\\/www.loire-gourmande.fr\\\/de\\\/\"},{\"@type\":\"ListItem\",\"position\":2,\"name\":\"Die Boutique de Loire Gourmande: die Weine der Loire\",\"item\":\"https:\\\/\\\/www.loire-gourmande.fr\\\/de\\\/woocommerce\\\/\"},{\"@type\":\"ListItem\",\"position\":3,\"name\":\"Die Weine\",\"item\":\"https:\\\/\\\/www.loire-gourmande.fr\\\/de\\\/Produktkategorie\\\/die-weine\\\/\"},{\"@type\":\"ListItem\",\"position\":4,\"name\":\"CABERNET D&#8217;ANJOU AOP DOMAINE LEDUC FROUIN\"}]},{\"@type\":\"WebSite\",\"@id\":\"https:\\\/\\\/www.loire-gourmande.fr\\\/de\\\/#website\",\"url\":\"https:\\\/\\\/www.loire-gourmande.fr\\\/de\\\/\",\"name\":\"Loire Gourmande, une \u00e9tape savoureuse\",\"description\":\"une d\u00e9gustation \u00e0 toute heure et une boutique \u00e0 visiter \u00e0 Turquant (49)\",\"publisher\":{\"@id\":\"https:\\\/\\\/www.loire-gourmande.fr\\\/de\\\/#organization\"},\"potentialAction\":[{\"@type\":\"SearchAction\",\"target\":{\"@type\":\"EntryPoint\",\"urlTemplate\":\"https:\\\/\\\/www.loire-gourmande.fr\\\/de\\\/?s={search_term_string}\"},\"query-input\":{\"@type\":\"PropertyValueSpecification\",\"valueRequired\":true,\"valueName\":\"search_term_string\"}}],\"inLanguage\":\"de\"},{\"@type\":\"Organization\",\"@id\":\"https:\\\/\\\/www.loire-gourmande.fr\\\/de\\\/#organization\",\"name\":\"Loire Gourmande - Schnellrestaurant und Besuch in Turquant (49)\",\"url\":\"https:\\\/\\\/www.loire-gourmande.fr\\\/de\\\/\",\"logo\":{\"@type\":\"ImageObject\",\"inLanguage\":\"de\",\"@id\":\"https:\\\/\\\/www.loire-gourmande.fr\\\/de\\\/#\\\/schema\\\/logo\\\/image\\\/\",\"url\":\"https:\\\/\\\/www.loire-gourmande.fr\\\/wp-content\\\/uploads\\\/2020\\\/10\\\/loire-gourmande-logo.jpg\",\"contentUrl\":\"https:\\\/\\\/www.loire-gourmande.fr\\\/wp-content\\\/uploads\\\/2020\\\/10\\\/loire-gourmande-logo.jpg\",\"width\":800,\"height\":415,\"caption\":\"Loire Gourmande - Schnellrestaurant und Besuch in Turquant (49)\"},\"image\":{\"@id\":\"https:\\\/\\\/www.loire-gourmande.fr\\\/de\\\/#\\\/schema\\\/logo\\\/image\\\/\"},\"sameAs\":[\"https:\\\/\\\/www.facebook.com\\\/Loire-Gourmande-Turquant-101991328328493\\\/\",\"https:\\\/\\\/www.instagram.com\\\/jean_yves_auradon\\\/?igshid=1ta3mfjka326t\"]}]}<\/script>\n<!-- \/ Yoast SEO plugin. -->","yoast_head_json":{"title":"CABERNET D'ANJOU AOP DOMAINE LEDUC FROUIN - Loire Gourmande - une \u00e9tape savoureuse","description":"CABERNET D'ANJOU AOP DOMAINE LEDUC FROUIN. Wein aus der Loire. Bestellung im Weinkeller auf der Website von Loire Gourmande. Weinh\u00e4ndler in Turquant (49).","robots":{"index":"index","follow":"follow","max-snippet":"max-snippet:-1","max-image-preview":"max-image-preview:large","max-video-preview":"max-video-preview:-1"},"canonical":"https:\/\/www.loire-gourmande.fr\/de\/Produkt\/cabernet-danjou-aop-domaine-leduc-frouin\/","og_locale":"de_DE","og_type":"article","og_title":"CABERNET D'ANJOU AOP DOMAINE LEDUC FROUIN - Loire Gourmande - une \u00e9tape savoureuse","og_description":"CABERNET D'ANJOU AOP DOMAINE LEDUC FROUIN. Wein aus der Loire. Bestellung im Weinkeller auf der Website von Loire Gourmande. Weinh\u00e4ndler in Turquant (49).","og_url":"https:\/\/www.loire-gourmande.fr\/de\/Produkt\/cabernet-danjou-aop-domaine-leduc-frouin\/","og_site_name":"Loire Gourmande - une \u00e9tape savoureuse","article_publisher":"https:\/\/www.facebook.com\/Loire-Gourmande-Turquant-101991328328493\/","article_modified_time":"2025-05-27T15:31:45+00:00","og_image":[{"width":800,"height":1024,"url":"https:\/\/www.loire-gourmande.fr\/wp-content\/uploads\/2023\/02\/Cabernet-dAnjou.jpg","type":"image\/jpeg"}],"twitter_card":"summary_large_image","twitter_misc":{"Gesch\u00e4tzte Lesezeit":"1\u00a0Minute"},"schema":{"@context":"https:\/\/schema.org","@graph":[{"@type":"WebPage","@id":"https:\/\/www.loire-gourmande.fr\/de\/Produkt\/cabernet-danjou-aop-domaine-leduc-frouin\/","url":"https:\/\/www.loire-gourmande.fr\/de\/Produkt\/cabernet-danjou-aop-domaine-leduc-frouin\/","name":"CABERNET D'ANJOU AOP DOMAINE LEDUC FROUIN - Loire Gourmande - une \u00e9tape savoureuse","isPartOf":{"@id":"https:\/\/www.loire-gourmande.fr\/de\/#website"},"primaryImageOfPage":{"@id":"https:\/\/www.loire-gourmande.fr\/de\/Produkt\/cabernet-danjou-aop-domaine-leduc-frouin\/#primaryimage"},"image":{"@id":"https:\/\/www.loire-gourmande.fr\/de\/Produkt\/cabernet-danjou-aop-domaine-leduc-frouin\/#primaryimage"},"thumbnailUrl":"https:\/\/www.loire-gourmande.fr\/wp-content\/uploads\/2021\/04\/CABERNET-DANJOU-AOP-DOMAINE-LEDUC-FROUIN.jpg","datePublished":"2021-04-29T10:05:33+00:00","dateModified":"2025-05-27T15:31:45+00:00","description":"CABERNET D'ANJOU AOP DOMAINE LEDUC FROUIN. Wein aus der Loire. Bestellung im Weinkeller auf der Website von Loire Gourmande. Weinh\u00e4ndler in Turquant (49).","breadcrumb":{"@id":"https:\/\/www.loire-gourmande.fr\/de\/Produkt\/cabernet-danjou-aop-domaine-leduc-frouin\/#breadcrumb"},"inLanguage":"de","potentialAction":[{"@type":"ReadAction","target":["https:\/\/www.loire-gourmande.fr\/de\/Produkt\/cabernet-danjou-aop-domaine-leduc-frouin\/"]}]},{"@type":"ImageObject","inLanguage":"de","@id":"https:\/\/www.loire-gourmande.fr\/de\/Produkt\/cabernet-danjou-aop-domaine-leduc-frouin\/#primaryimage","url":"https:\/\/www.loire-gourmande.fr\/wp-content\/uploads\/2021\/04\/CABERNET-DANJOU-AOP-DOMAINE-LEDUC-FROUIN.jpg","contentUrl":"https:\/\/www.loire-gourmande.fr\/wp-content\/uploads\/2021\/04\/CABERNET-DANJOU-AOP-DOMAINE-LEDUC-FROUIN.jpg","width":800,"height":800},{"@type":"BreadcrumbList","@id":"https:\/\/www.loire-gourmande.fr\/de\/Produkt\/cabernet-danjou-aop-domaine-leduc-frouin\/#breadcrumb","itemListElement":[{"@type":"ListItem","position":1,"name":"Startseite","item":"https:\/\/www.loire-gourmande.fr\/de\/"},{"@type":"ListItem","position":2,"name":"Die Boutique de Loire Gourmande: die Weine der Loire","item":"https:\/\/www.loire-gourmande.fr\/de\/woocommerce\/"},{"@type":"ListItem","position":3,"name":"Die Weine","item":"https:\/\/www.loire-gourmande.fr\/de\/Produktkategorie\/die-weine\/"},{"@type":"ListItem","position":4,"name":"CABERNET D&#8217;ANJOU AOP DOMAINE LEDUC FROUIN"}]},{"@type":"WebSite","@id":"https:\/\/www.loire-gourmande.fr\/de\/#website","url":"https:\/\/www.loire-gourmande.fr\/de\/","name":"Loire Gourmande, une \u00e9tape savoureuse","description":"une d\u00e9gustation \u00e0 toute heure et une boutique \u00e0 visiter \u00e0 Turquant (49)","publisher":{"@id":"https:\/\/www.loire-gourmande.fr\/de\/#organization"},"potentialAction":[{"@type":"SearchAction","target":{"@type":"EntryPoint","urlTemplate":"https:\/\/www.loire-gourmande.fr\/de\/?s={search_term_string}"},"query-input":{"@type":"PropertyValueSpecification","valueRequired":true,"valueName":"search_term_string"}}],"inLanguage":"de"},{"@type":"Organization","@id":"https:\/\/www.loire-gourmande.fr\/de\/#organization","name":"Loire Gourmande - Schnellrestaurant und Besuch in Turquant (49)","url":"https:\/\/www.loire-gourmande.fr\/de\/","logo":{"@type":"ImageObject","inLanguage":"de","@id":"https:\/\/www.loire-gourmande.fr\/de\/#\/schema\/logo\/image\/","url":"https:\/\/www.loire-gourmande.fr\/wp-content\/uploads\/2020\/10\/loire-gourmande-logo.jpg","contentUrl":"https:\/\/www.loire-gourmande.fr\/wp-content\/uploads\/2020\/10\/loire-gourmande-logo.jpg","width":800,"height":415,"caption":"Loire Gourmande - Schnellrestaurant und Besuch in Turquant (49)"},"image":{"@id":"https:\/\/www.loire-gourmande.fr\/de\/#\/schema\/logo\/image\/"},"sameAs":["https:\/\/www.facebook.com\/Loire-Gourmande-Turquant-101991328328493\/","https:\/\/www.instagram.com\/jean_yves_auradon\/?igshid=1ta3mfjka326t"]}]}},"_links":{"self":[{"href":"https:\/\/www.loire-gourmande.fr\/de\/wp-json\/wp\/v2\/product\/11299","targetHints":{"allow":["GET"]}}],"collection":[{"href":"https:\/\/www.loire-gourmande.fr\/de\/wp-json\/wp\/v2\/product"}],"about":[{"href":"https:\/\/www.loire-gourmande.fr\/de\/wp-json\/wp\/v2\/types\/product"}],"version-history":[{"count":2,"href":"https:\/\/www.loire-gourmande.fr\/de\/wp-json\/wp\/v2\/product\/11299\/revisions"}],"predecessor-version":[{"id":13247,"href":"https:\/\/www.loire-gourmande.fr\/de\/wp-json\/wp\/v2\/product\/11299\/revisions\/13247"}],"wp:featuredmedia":[{"embeddable":true,"href":"https:\/\/www.loire-gourmande.fr\/de\/wp-json\/wp\/v2\/media\/14315"}],"wp:attachment":[{"href":"https:\/\/www.loire-gourmande.fr\/de\/wp-json\/wp\/v2\/media?parent=11299"}],"wp:term":[{"taxonomy":"product_brand","embeddable":true,"href":"https:\/\/www.loire-gourmande.fr\/de\/wp-json\/wp\/v2\/product_brand?post=11299"},{"taxonomy":"product_cat","embeddable":true,"href":"https:\/\/www.loire-gourmande.fr\/de\/wp-json\/wp\/v2\/product_cat?post=11299"},{"taxonomy":"product_tag","embeddable":true,"href":"https:\/\/www.loire-gourmande.fr\/de\/wp-json\/wp\/v2\/product_tag?post=11299"}],"curies":[{"name":"wp","href":"https:\/\/api.w.org\/{rel}","templated":true}]}}