{"id":11301,"date":"2021-04-29T10:05:33","date_gmt":"2021-04-29T10:05:33","guid":{"rendered":"https:\/\/www.loire-gourmande.fr\/produit\/aop-bonnezeaux-domaine-les-fontaines\/"},"modified":"2026-02-09T14:54:02","modified_gmt":"2026-02-09T13:54:02","slug":"aop-bonnezeaux-domaine-les-fontaines","status":"publish","type":"product","link":"https:\/\/www.loire-gourmande.fr\/de\/Produkt\/aop-bonnezeaux-domaine-les-fontaines\/","title":{"rendered":"AOP BONNEZEAUX DOMAINE LES FONTAINES"},"content":{"rendered":"<p><strong>PR\u00c4SENTATION :<\/strong><\/p>\n<p><strong>Bezeichnung: <\/strong>Bonnezeaux A.O.P. (Appellation d&#8217;Origine Prot\u00e9g\u00e9e)<br \/>\nCuv\u00e9e<strong>: <\/strong>&#8222;Cuv\u00e9e Prestige&#8220;.<br \/>\n<strong>Inhalt:<\/strong> 75cl<\/p>\n<p><strong>MERKMALE :<\/strong><\/p>\n<p><strong>Rebsorte:<\/strong> 100% Chenin<br \/>\n<strong>Das Terroir :<\/strong> Purpurroter Schiefer, blauer Schiefer, Phtanit und Lehm.<br \/>\n<strong>Eigenschaften: <\/strong>In franz\u00f6sischen Eichenf\u00e4ssern vinifiziert. Intensive goldgelbe Farbe. Au\u00dferordentliche aromatische Komplexit\u00e4t, die Echos von sehr reifen Quitten, kompottartigen Aprikosen, Karamell und exotischen Fr\u00fcchten vermischt. Volumen und sch\u00f6ne L\u00e4nge am Gaumen.<br \/>\n<strong><span style=\"font-size: 12pt;\">Speisen- &amp; Weinempfehlung<\/span>: <\/strong>Ein hervorragender Aperitif. Zu G\u00e4nseleberpastete, Jakobsmuscheln, Ziegenk\u00e4se, Blauschimmelk\u00e4se, Birnen- und Mandelkuchen. Tourangelles Rillettes \/ Rillonsalat \/ Ziegenk\u00e4setorte &#8211; Artischocke &amp; Tomate \/ Rote Beete &#8211; Feta-Salat \/ Gegrillter Hering mit Senfsauce<br \/>\n<strong>Temperatur:<\/strong> K\u00fchl servieren (um 10\u00b0C).<br \/>\n<strong>Reife:<\/strong> Lagerwein, der nach 3 bis 8 Jahren <strong>Flaschenreife<\/strong> getrunken werden kann.<br \/>\nDer <strong>AOP BONNEZEAUX <\/strong>ist ein gro\u00dfer wei\u00dfer S\u00fc\u00dfwein, der ausschlie\u00dflich in der Gemeinde Thouarc\u00e9 in Maine et Loire erzeugt wird.<br \/>\nRebsorte Chenin, die von der Edelf\u00e4ule konzentrierten Trauben werden nacheinander geerntet.<br \/>\nEin Lagerwein, der sich als Aperitif auszeichnet.<br \/>\nDies ist ein gro\u00dfer S\u00fc\u00dfwein, der nacheinander geerntet wird. Die Trauben werden durch die Edelf\u00e4ule konzentriert.<br \/>\nEr hat ein lang anhaltendes Aroma, das Noten von Honig, Quitte und Aprikosenkompott enth\u00fcllt. <\/p>\n","protected":false},"excerpt":{"rendered":"<p>Bonnezeaux ist eine gesch\u00fctzte Ursprungsbezeichnung der Rebsorte Chenin.<br \/>\nEs handelt sich um einen gro\u00dfen Lik\u00f6rwein, der auf einem Schieferboden sortenrein geerntet wird.<br \/>\nDie teilweise Weinbereitung in F\u00e4ssern und die Mischung der verschiedenen Traubensorten verleihen dieser Cuv\u00e9e eine gro\u00dfe aromatische Persistenz, die Ankl\u00e4nge an sehr reife Quitten und kompottartige Aprikosen vermischt.<br \/>\nDer Bonnezeaux ist ein hervorragender Aperitif, passt zu Foie Gras, Jakobsmuscheln, Blauschimmelk\u00e4se, Ziegenk\u00e4se und Zartbitterschokolade.<\/p>\n","protected":false},"featured_media":11302,"template":"","meta":{"inline_featured_image":false},"product_brand":[],"product_cat":[602,600,649,608],"product_tag":[618,652,615,617],"class_list":{"0":"post-11301","1":"product","2":"type-product","3":"status-publish","4":"has-post-thumbnail","6":"product_cat-anjou-de","7":"product_cat-die-weine","8":"product_cat-suesswein","9":"product_cat-weis","10":"product_tag-aperitif-de","11":"product_tag-nachtisch","12":"product_tag-wein","13":"product_tag-weis","14":"product_shipping_class-flasche","16":"first","17":"instock","18":"featured","19":"taxable","20":"shipping-taxable","21":"purchasable","22":"product-type-simple"},"yoast_head":"<!-- This site is optimized with the Yoast SEO plugin v27.6 - https:\/\/yoast.com\/product\/yoast-seo-wordpress\/ -->\n<title>AOP BONNEZEAUX DOMAINE LES FONTAINES - Loire Gourmande - une \u00e9tape savoureuse<\/title>\n<meta name=\"description\" content=\"AOP BONNEZEAUX DOMAINE LES FONTAINES. Loire-Wein. Bestellung im Weinkeller auf der Website von Loire Gourmande. Weinh\u00e4ndler in Turquant (49).\" \/>\n<meta name=\"robots\" content=\"index, follow, max-snippet:-1, max-image-preview:large, max-video-preview:-1\" \/>\n<link rel=\"canonical\" href=\"https:\/\/www.loire-gourmande.fr\/de\/Produkt\/aop-bonnezeaux-domaine-les-fontaines\/\" \/>\n<meta property=\"og:locale\" content=\"de_DE\" \/>\n<meta property=\"og:type\" content=\"article\" \/>\n<meta property=\"og:title\" content=\"AOP BONNEZEAUX DOMAINE LES FONTAINES - Loire Gourmande - une \u00e9tape savoureuse\" \/>\n<meta property=\"og:description\" content=\"AOP BONNEZEAUX DOMAINE LES FONTAINES. Loire-Wein. Bestellung im Weinkeller auf der Website von Loire Gourmande. Weinh\u00e4ndler in Turquant (49).\" \/>\n<meta property=\"og:url\" content=\"https:\/\/www.loire-gourmande.fr\/de\/Produkt\/aop-bonnezeaux-domaine-les-fontaines\/\" \/>\n<meta property=\"og:site_name\" content=\"Loire Gourmande - une \u00e9tape savoureuse\" \/>\n<meta property=\"article:publisher\" content=\"https:\/\/www.facebook.com\/Loire-Gourmande-Turquant-101991328328493\/\" \/>\n<meta property=\"article:modified_time\" content=\"2026-02-09T13:54:02+00:00\" \/>\n<meta property=\"og:image\" content=\"https:\/\/www.loire-gourmande.fr\/wp-content\/uploads\/2021\/04\/2BONLESFON15MOE-Blanc-Bonnezeaux-Les-Brunettes-Domaine-des-Fontaines.png\" \/>\n\t<meta property=\"og:image:width\" content=\"1200\" \/>\n\t<meta property=\"og:image:height\" content=\"1200\" \/>\n\t<meta property=\"og:image:type\" content=\"image\/png\" \/>\n<meta name=\"twitter:card\" content=\"summary_large_image\" \/>\n<meta name=\"twitter:label1\" content=\"Gesch\u00e4tzte Lesezeit\" \/>\n\t<meta name=\"twitter:data1\" content=\"1\u00a0Minute\" \/>\n<script type=\"application\/ld+json\" class=\"yoast-schema-graph\">{\"@context\":\"https:\\\/\\\/schema.org\",\"@graph\":[{\"@type\":\"WebPage\",\"@id\":\"https:\\\/\\\/www.loire-gourmande.fr\\\/de\\\/Produkt\\\/aop-bonnezeaux-domaine-les-fontaines\\\/\",\"url\":\"https:\\\/\\\/www.loire-gourmande.fr\\\/de\\\/Produkt\\\/aop-bonnezeaux-domaine-les-fontaines\\\/\",\"name\":\"AOP BONNEZEAUX DOMAINE LES FONTAINES - Loire Gourmande - une \u00e9tape savoureuse\",\"isPartOf\":{\"@id\":\"https:\\\/\\\/www.loire-gourmande.fr\\\/de\\\/#website\"},\"primaryImageOfPage\":{\"@id\":\"https:\\\/\\\/www.loire-gourmande.fr\\\/de\\\/Produkt\\\/aop-bonnezeaux-domaine-les-fontaines\\\/#primaryimage\"},\"image\":{\"@id\":\"https:\\\/\\\/www.loire-gourmande.fr\\\/de\\\/Produkt\\\/aop-bonnezeaux-domaine-les-fontaines\\\/#primaryimage\"},\"thumbnailUrl\":\"https:\\\/\\\/www.loire-gourmande.fr\\\/wp-content\\\/uploads\\\/2021\\\/04\\\/2BONLESFON15MOE-Blanc-Bonnezeaux-Les-Brunettes-Domaine-des-Fontaines.png\",\"datePublished\":\"2021-04-29T10:05:33+00:00\",\"dateModified\":\"2026-02-09T13:54:02+00:00\",\"description\":\"AOP BONNEZEAUX DOMAINE LES FONTAINES. Loire-Wein. Bestellung im Weinkeller auf der Website von Loire Gourmande. Weinh\u00e4ndler in Turquant (49).\",\"breadcrumb\":{\"@id\":\"https:\\\/\\\/www.loire-gourmande.fr\\\/de\\\/Produkt\\\/aop-bonnezeaux-domaine-les-fontaines\\\/#breadcrumb\"},\"inLanguage\":\"de\",\"potentialAction\":[{\"@type\":\"ReadAction\",\"target\":[\"https:\\\/\\\/www.loire-gourmande.fr\\\/de\\\/Produkt\\\/aop-bonnezeaux-domaine-les-fontaines\\\/\"]}]},{\"@type\":\"ImageObject\",\"inLanguage\":\"de\",\"@id\":\"https:\\\/\\\/www.loire-gourmande.fr\\\/de\\\/Produkt\\\/aop-bonnezeaux-domaine-les-fontaines\\\/#primaryimage\",\"url\":\"https:\\\/\\\/www.loire-gourmande.fr\\\/wp-content\\\/uploads\\\/2021\\\/04\\\/2BONLESFON15MOE-Blanc-Bonnezeaux-Les-Brunettes-Domaine-des-Fontaines.png\",\"contentUrl\":\"https:\\\/\\\/www.loire-gourmande.fr\\\/wp-content\\\/uploads\\\/2021\\\/04\\\/2BONLESFON15MOE-Blanc-Bonnezeaux-Les-Brunettes-Domaine-des-Fontaines.png\",\"width\":1200,\"height\":1200},{\"@type\":\"BreadcrumbList\",\"@id\":\"https:\\\/\\\/www.loire-gourmande.fr\\\/de\\\/Produkt\\\/aop-bonnezeaux-domaine-les-fontaines\\\/#breadcrumb\",\"itemListElement\":[{\"@type\":\"ListItem\",\"position\":1,\"name\":\"Startseite\",\"item\":\"https:\\\/\\\/www.loire-gourmande.fr\\\/de\\\/\"},{\"@type\":\"ListItem\",\"position\":2,\"name\":\"Die Boutique de Loire Gourmande: die Weine der Loire\",\"item\":\"https:\\\/\\\/www.loire-gourmande.fr\\\/de\\\/woocommerce\\\/\"},{\"@type\":\"ListItem\",\"position\":3,\"name\":\"Die Weine\",\"item\":\"https:\\\/\\\/www.loire-gourmande.fr\\\/de\\\/Produktkategorie\\\/die-weine\\\/\"},{\"@type\":\"ListItem\",\"position\":4,\"name\":\"AOP BONNEZEAUX DOMAINE LES FONTAINES\"}]},{\"@type\":\"WebSite\",\"@id\":\"https:\\\/\\\/www.loire-gourmande.fr\\\/de\\\/#website\",\"url\":\"https:\\\/\\\/www.loire-gourmande.fr\\\/de\\\/\",\"name\":\"Loire Gourmande, une \u00e9tape savoureuse\",\"description\":\"une d\u00e9gustation \u00e0 toute heure et une boutique \u00e0 visiter \u00e0 Turquant (49)\",\"publisher\":{\"@id\":\"https:\\\/\\\/www.loire-gourmande.fr\\\/de\\\/#organization\"},\"potentialAction\":[{\"@type\":\"SearchAction\",\"target\":{\"@type\":\"EntryPoint\",\"urlTemplate\":\"https:\\\/\\\/www.loire-gourmande.fr\\\/de\\\/?s={search_term_string}\"},\"query-input\":{\"@type\":\"PropertyValueSpecification\",\"valueRequired\":true,\"valueName\":\"search_term_string\"}}],\"inLanguage\":\"de\"},{\"@type\":\"Organization\",\"@id\":\"https:\\\/\\\/www.loire-gourmande.fr\\\/de\\\/#organization\",\"name\":\"Loire Gourmande - Schnellrestaurant und Besuch in Turquant (49)\",\"url\":\"https:\\\/\\\/www.loire-gourmande.fr\\\/de\\\/\",\"logo\":{\"@type\":\"ImageObject\",\"inLanguage\":\"de\",\"@id\":\"https:\\\/\\\/www.loire-gourmande.fr\\\/de\\\/#\\\/schema\\\/logo\\\/image\\\/\",\"url\":\"https:\\\/\\\/www.loire-gourmande.fr\\\/wp-content\\\/uploads\\\/2020\\\/10\\\/loire-gourmande-logo.jpg\",\"contentUrl\":\"https:\\\/\\\/www.loire-gourmande.fr\\\/wp-content\\\/uploads\\\/2020\\\/10\\\/loire-gourmande-logo.jpg\",\"width\":800,\"height\":415,\"caption\":\"Loire Gourmande - Schnellrestaurant und Besuch in Turquant (49)\"},\"image\":{\"@id\":\"https:\\\/\\\/www.loire-gourmande.fr\\\/de\\\/#\\\/schema\\\/logo\\\/image\\\/\"},\"sameAs\":[\"https:\\\/\\\/www.facebook.com\\\/Loire-Gourmande-Turquant-101991328328493\\\/\",\"https:\\\/\\\/www.instagram.com\\\/jean_yves_auradon\\\/?igshid=1ta3mfjka326t\"]}]}<\/script>\n<!-- \/ Yoast SEO plugin. -->","yoast_head_json":{"title":"AOP BONNEZEAUX DOMAINE LES FONTAINES - Loire Gourmande - une \u00e9tape savoureuse","description":"AOP BONNEZEAUX DOMAINE LES FONTAINES. Loire-Wein. Bestellung im Weinkeller auf der Website von Loire Gourmande. Weinh\u00e4ndler in Turquant (49).","robots":{"index":"index","follow":"follow","max-snippet":"max-snippet:-1","max-image-preview":"max-image-preview:large","max-video-preview":"max-video-preview:-1"},"canonical":"https:\/\/www.loire-gourmande.fr\/de\/Produkt\/aop-bonnezeaux-domaine-les-fontaines\/","og_locale":"de_DE","og_type":"article","og_title":"AOP BONNEZEAUX DOMAINE LES FONTAINES - Loire Gourmande - une \u00e9tape savoureuse","og_description":"AOP BONNEZEAUX DOMAINE LES FONTAINES. Loire-Wein. Bestellung im Weinkeller auf der Website von Loire Gourmande. Weinh\u00e4ndler in Turquant (49).","og_url":"https:\/\/www.loire-gourmande.fr\/de\/Produkt\/aop-bonnezeaux-domaine-les-fontaines\/","og_site_name":"Loire Gourmande - une \u00e9tape savoureuse","article_publisher":"https:\/\/www.facebook.com\/Loire-Gourmande-Turquant-101991328328493\/","article_modified_time":"2026-02-09T13:54:02+00:00","og_image":[{"width":1200,"height":1200,"url":"https:\/\/www.loire-gourmande.fr\/wp-content\/uploads\/2021\/04\/2BONLESFON15MOE-Blanc-Bonnezeaux-Les-Brunettes-Domaine-des-Fontaines.png","type":"image\/png"}],"twitter_card":"summary_large_image","twitter_misc":{"Gesch\u00e4tzte Lesezeit":"1\u00a0Minute"},"schema":{"@context":"https:\/\/schema.org","@graph":[{"@type":"WebPage","@id":"https:\/\/www.loire-gourmande.fr\/de\/Produkt\/aop-bonnezeaux-domaine-les-fontaines\/","url":"https:\/\/www.loire-gourmande.fr\/de\/Produkt\/aop-bonnezeaux-domaine-les-fontaines\/","name":"AOP BONNEZEAUX DOMAINE LES FONTAINES - Loire Gourmande - une \u00e9tape savoureuse","isPartOf":{"@id":"https:\/\/www.loire-gourmande.fr\/de\/#website"},"primaryImageOfPage":{"@id":"https:\/\/www.loire-gourmande.fr\/de\/Produkt\/aop-bonnezeaux-domaine-les-fontaines\/#primaryimage"},"image":{"@id":"https:\/\/www.loire-gourmande.fr\/de\/Produkt\/aop-bonnezeaux-domaine-les-fontaines\/#primaryimage"},"thumbnailUrl":"https:\/\/www.loire-gourmande.fr\/wp-content\/uploads\/2021\/04\/2BONLESFON15MOE-Blanc-Bonnezeaux-Les-Brunettes-Domaine-des-Fontaines.png","datePublished":"2021-04-29T10:05:33+00:00","dateModified":"2026-02-09T13:54:02+00:00","description":"AOP BONNEZEAUX DOMAINE LES FONTAINES. Loire-Wein. Bestellung im Weinkeller auf der Website von Loire Gourmande. Weinh\u00e4ndler in Turquant (49).","breadcrumb":{"@id":"https:\/\/www.loire-gourmande.fr\/de\/Produkt\/aop-bonnezeaux-domaine-les-fontaines\/#breadcrumb"},"inLanguage":"de","potentialAction":[{"@type":"ReadAction","target":["https:\/\/www.loire-gourmande.fr\/de\/Produkt\/aop-bonnezeaux-domaine-les-fontaines\/"]}]},{"@type":"ImageObject","inLanguage":"de","@id":"https:\/\/www.loire-gourmande.fr\/de\/Produkt\/aop-bonnezeaux-domaine-les-fontaines\/#primaryimage","url":"https:\/\/www.loire-gourmande.fr\/wp-content\/uploads\/2021\/04\/2BONLESFON15MOE-Blanc-Bonnezeaux-Les-Brunettes-Domaine-des-Fontaines.png","contentUrl":"https:\/\/www.loire-gourmande.fr\/wp-content\/uploads\/2021\/04\/2BONLESFON15MOE-Blanc-Bonnezeaux-Les-Brunettes-Domaine-des-Fontaines.png","width":1200,"height":1200},{"@type":"BreadcrumbList","@id":"https:\/\/www.loire-gourmande.fr\/de\/Produkt\/aop-bonnezeaux-domaine-les-fontaines\/#breadcrumb","itemListElement":[{"@type":"ListItem","position":1,"name":"Startseite","item":"https:\/\/www.loire-gourmande.fr\/de\/"},{"@type":"ListItem","position":2,"name":"Die Boutique de Loire Gourmande: die Weine der Loire","item":"https:\/\/www.loire-gourmande.fr\/de\/woocommerce\/"},{"@type":"ListItem","position":3,"name":"Die Weine","item":"https:\/\/www.loire-gourmande.fr\/de\/Produktkategorie\/die-weine\/"},{"@type":"ListItem","position":4,"name":"AOP BONNEZEAUX DOMAINE LES FONTAINES"}]},{"@type":"WebSite","@id":"https:\/\/www.loire-gourmande.fr\/de\/#website","url":"https:\/\/www.loire-gourmande.fr\/de\/","name":"Loire Gourmande, une \u00e9tape savoureuse","description":"une d\u00e9gustation \u00e0 toute heure et une boutique \u00e0 visiter \u00e0 Turquant (49)","publisher":{"@id":"https:\/\/www.loire-gourmande.fr\/de\/#organization"},"potentialAction":[{"@type":"SearchAction","target":{"@type":"EntryPoint","urlTemplate":"https:\/\/www.loire-gourmande.fr\/de\/?s={search_term_string}"},"query-input":{"@type":"PropertyValueSpecification","valueRequired":true,"valueName":"search_term_string"}}],"inLanguage":"de"},{"@type":"Organization","@id":"https:\/\/www.loire-gourmande.fr\/de\/#organization","name":"Loire Gourmande - Schnellrestaurant und Besuch in Turquant (49)","url":"https:\/\/www.loire-gourmande.fr\/de\/","logo":{"@type":"ImageObject","inLanguage":"de","@id":"https:\/\/www.loire-gourmande.fr\/de\/#\/schema\/logo\/image\/","url":"https:\/\/www.loire-gourmande.fr\/wp-content\/uploads\/2020\/10\/loire-gourmande-logo.jpg","contentUrl":"https:\/\/www.loire-gourmande.fr\/wp-content\/uploads\/2020\/10\/loire-gourmande-logo.jpg","width":800,"height":415,"caption":"Loire Gourmande - Schnellrestaurant und Besuch in Turquant (49)"},"image":{"@id":"https:\/\/www.loire-gourmande.fr\/de\/#\/schema\/logo\/image\/"},"sameAs":["https:\/\/www.facebook.com\/Loire-Gourmande-Turquant-101991328328493\/","https:\/\/www.instagram.com\/jean_yves_auradon\/?igshid=1ta3mfjka326t"]}]}},"_links":{"self":[{"href":"https:\/\/www.loire-gourmande.fr\/de\/wp-json\/wp\/v2\/product\/11301","targetHints":{"allow":["GET"]}}],"collection":[{"href":"https:\/\/www.loire-gourmande.fr\/de\/wp-json\/wp\/v2\/product"}],"about":[{"href":"https:\/\/www.loire-gourmande.fr\/de\/wp-json\/wp\/v2\/types\/product"}],"version-history":[{"count":2,"href":"https:\/\/www.loire-gourmande.fr\/de\/wp-json\/wp\/v2\/product\/11301\/revisions"}],"predecessor-version":[{"id":12818,"href":"https:\/\/www.loire-gourmande.fr\/de\/wp-json\/wp\/v2\/product\/11301\/revisions\/12818"}],"wp:featuredmedia":[{"embeddable":true,"href":"https:\/\/www.loire-gourmande.fr\/de\/wp-json\/wp\/v2\/media\/11302"}],"wp:attachment":[{"href":"https:\/\/www.loire-gourmande.fr\/de\/wp-json\/wp\/v2\/media?parent=11301"}],"wp:term":[{"taxonomy":"product_brand","embeddable":true,"href":"https:\/\/www.loire-gourmande.fr\/de\/wp-json\/wp\/v2\/product_brand?post=11301"},{"taxonomy":"product_cat","embeddable":true,"href":"https:\/\/www.loire-gourmande.fr\/de\/wp-json\/wp\/v2\/product_cat?post=11301"},{"taxonomy":"product_tag","embeddable":true,"href":"https:\/\/www.loire-gourmande.fr\/de\/wp-json\/wp\/v2\/product_tag?post=11301"}],"curies":[{"name":"wp","href":"https:\/\/api.w.org\/{rel}","templated":true}]}}