{"id":11304,"date":"2021-04-29T10:05:33","date_gmt":"2021-04-29T10:05:33","guid":{"rendered":"https:\/\/www.loire-gourmande.fr\/produit\/anjou-villages-la-seignerie-domaine-leduc-frouin\/"},"modified":"2025-05-27T16:31:53","modified_gmt":"2025-05-27T15:31:53","slug":"anjou-villages-la-seignerie-domaine-leduc-frouin","status":"publish","type":"product","link":"https:\/\/www.loire-gourmande.fr\/de\/Produkt\/anjou-villages-la-seignerie-domaine-leduc-frouin\/","title":{"rendered":"ANJOU VILLAGES LA SEIGNERIE DOMAINE LEDUC FROUIN"},"content":{"rendered":"<div class=\"page\" title=\"Seite 1\">\n<div class=\"section\">\n<div class=\"layoutArea\">\n<div class=\"column\">\n<p><strong>Verkostung:<\/strong> Unser Anjou &#8222;La Seigneurie&#8220;, der aus der manuellen Lese von Cabernet Franc-Trauben stammt, hat eine wunderbare Note von \u00fcberreifen roten Fr\u00fcchten. Am Gaumen zeigt er sich k\u00f6stlich und lieblich mit einem frischen und gro\u00dfz\u00fcgigen Abgang. Genie\u00dfen Sie diesen sehr sch\u00f6nen Jahrgang 2021. Lagerf\u00e4higkeit: 6 Jahre.<\/p>\n<\/div>\n<\/div>\n<div class=\"layoutArea\">\n<div class=\"column\">\n<p><strong>Terroir<\/strong><br \/>\n\u00ab Les Pr\u00e9s Yaux&#8220;, Dorf &#8222;L&#8217;enclos&#8220;, La fosse de Tign\u00e9<br \/>\nBoden und Untergrund: Ton-Kiesels\u00e4ure auf Lehm<br \/>\nRebsorte: 100% Cabernet Franc<\/p>\n<p><strong>Ernte: <\/strong>Unterzeichnet, Keller. Die manuelle Weinlese wurde im September 2021 mit unserem 20-k\u00f6pfigen Team durchgef\u00fchrt.<\/p>\n<\/div>\n<\/div>\n<div class=\"layoutArea\">\n<div class=\"column\">\n<p><strong>Weinbereitung: <\/strong>Die Weinbereitung beginnt mit dem vollst\u00e4ndigen Abbeeren der Trauben, gefolgt von der Einlagerung in Tanks. Die Mazeration dauert 15 Tage bei 28\u00b0C mit t\u00e4glichem Umpumpen. Der Abstich erfolgt durch Schwerkraft und die Pressung ist pneumatisch. Der Wein wird dann in Betontanks ausgebaut und von uns auf dem Weingut in unseren H\u00f6hlenkellern abgef\u00fcllt.<\/p>\n<p><strong>Passt zu: <\/strong>Rinderfilet Maine-Anjou, Rillauds d&#8217;Anjou, gebratenes Huhn mit Quinoa, rotem Fleisch, Wild oder K\u00e4se vom Bauernhof.<\/p>\n<\/div>\n<\/div>\n<\/div>\n<\/div>\n","protected":false},"excerpt":{"rendered":"<p data-reader-unique-id=\"54\">Die Domaine LEDUC-FROUIN wird von Nathalie und Antoine LEDUC gef\u00fchrt, Winzer in der 4. Generation des Familienguts.<br \/>\nAntoine war schon lange dazu bestimmt, auf dem Familienanwesen zu arbeiten. Er kam 1993 nach Avize, Dijon und Bordeaux nach \u00d6nologie.<br \/>\nNathalie kehrte im Jahr 2000 nach 10 Jahren im Bankensektor einer anderen Weinregion auf das Weingut zur\u00fcck. <\/p>\n<p data-reader-unique-id=\"57\">Vor ihnen waren es ihre Eltern, Onkel, Gro\u00dfeltern, &#8230;, die die Bedeutung des Weinbergs der Seigneurie aufbauten und entwickelten.<br data-reader-unique-id=\"58\">Die Familie LEDUC-FROUIN leitet das Weingut seit 1873!<br data-reader-unique-id=\"59\">Antoine und Nathalie verbinden Tradition und Moderne und tun alles, um Ihnen typische, subtile und \u00fcberraschende Weine anzubieten&#8230;<br data-reader-unique-id=\"60\">Mit Leidenschaft und Erfahrung bearbeiten wir unseren Weinberg von etwa drei\u00dfig Hektar rigoros und f\u00fchren die manuelle Weinlese durch.<br data-reader-unique-id=\"61\">Die Vielfalt unserer B\u00f6den (Falun, Schiefer, Lehm) erm\u00f6glicht uns eine Weinbereitung auf Parzellenbasis, die jedes Jahr den Charakter der Weine der &#8222;Seigneurie&#8220; offenbart!  <br data-reader-unique-id=\"62\">Wir wollen das uns anvertraute Erbe bewahren und arbeiten nach den Richtlinien der kontrollierten Landwirtschaft &#8222;Terra Vitis&#8220;.<\/p>\n","protected":false},"featured_media":14330,"template":"","meta":{"inline_featured_image":false},"product_brand":[],"product_cat":[602,600,601],"product_tag":[620,627,708,716,615],"class_list":{"0":"post-11304","1":"product","2":"type-product","3":"status-publish","4":"has-post-thumbnail","6":"product_cat-anjou-de","7":"product_cat-die-weine","8":"product_cat-rot","9":"product_tag-fleisch","10":"product_tag-fleisch-wurstwaren","11":"product_tag-guard-de","12":"product_tag-rot","13":"product_tag-wein","14":"product_shipping_class-flasche","16":"first","17":"instock","18":"featured","19":"taxable","20":"shipping-taxable","21":"purchasable","22":"product-type-simple"},"yoast_head":"<!-- This site is optimized with the Yoast SEO plugin v27.6 - https:\/\/yoast.com\/product\/yoast-seo-wordpress\/ -->\n<title>ANJOU VILLAGES LA SEIGNERIE DOMAINE LEDUC FROUIN - Loire Gourmande - une \u00e9tape savoureuse<\/title>\n<meta name=\"description\" content=\"ANJOU VILLAGES LA SEIGNERIE DOMAINE LEDUC FROUIN. Wein aus der Loire. Bestellung im Weinkeller auf der Website von Loire Gourmande. Weinh\u00e4ndler in Turquant (49).\" \/>\n<meta name=\"robots\" content=\"index, follow, max-snippet:-1, max-image-preview:large, max-video-preview:-1\" \/>\n<link rel=\"canonical\" href=\"https:\/\/www.loire-gourmande.fr\/de\/Produkt\/anjou-villages-la-seignerie-domaine-leduc-frouin\/\" \/>\n<meta property=\"og:locale\" content=\"de_DE\" \/>\n<meta property=\"og:type\" content=\"article\" \/>\n<meta property=\"og:title\" content=\"ANJOU VILLAGES LA SEIGNERIE DOMAINE LEDUC FROUIN - Loire Gourmande - une \u00e9tape savoureuse\" \/>\n<meta property=\"og:description\" content=\"ANJOU VILLAGES LA SEIGNERIE DOMAINE LEDUC FROUIN. Wein aus der Loire. Bestellung im Weinkeller auf der Website von Loire Gourmande. Weinh\u00e4ndler in Turquant (49).\" \/>\n<meta property=\"og:url\" content=\"https:\/\/www.loire-gourmande.fr\/de\/Produkt\/anjou-villages-la-seignerie-domaine-leduc-frouin\/\" \/>\n<meta property=\"og:site_name\" content=\"Loire Gourmande - une \u00e9tape savoureuse\" \/>\n<meta property=\"article:publisher\" content=\"https:\/\/www.facebook.com\/Loire-Gourmande-Turquant-101991328328493\/\" \/>\n<meta property=\"article:modified_time\" content=\"2025-05-27T15:31:53+00:00\" \/>\n<meta property=\"og:image\" content=\"https:\/\/www.loire-gourmande.fr\/wp-content\/uploads\/2023\/11\/Anjou-Villages.jpg\" \/>\n\t<meta property=\"og:image:width\" content=\"800\" \/>\n\t<meta property=\"og:image:height\" content=\"1024\" \/>\n\t<meta property=\"og:image:type\" content=\"image\/jpeg\" \/>\n<meta name=\"twitter:card\" content=\"summary_large_image\" \/>\n<meta name=\"twitter:label1\" content=\"Gesch\u00e4tzte Lesezeit\" \/>\n\t<meta name=\"twitter:data1\" content=\"1\u00a0Minute\" \/>\n<script type=\"application\/ld+json\" class=\"yoast-schema-graph\">{\"@context\":\"https:\\\/\\\/schema.org\",\"@graph\":[{\"@type\":\"WebPage\",\"@id\":\"https:\\\/\\\/www.loire-gourmande.fr\\\/de\\\/Produkt\\\/anjou-villages-la-seignerie-domaine-leduc-frouin\\\/\",\"url\":\"https:\\\/\\\/www.loire-gourmande.fr\\\/de\\\/Produkt\\\/anjou-villages-la-seignerie-domaine-leduc-frouin\\\/\",\"name\":\"ANJOU VILLAGES LA SEIGNERIE DOMAINE LEDUC FROUIN - Loire Gourmande - une \u00e9tape savoureuse\",\"isPartOf\":{\"@id\":\"https:\\\/\\\/www.loire-gourmande.fr\\\/de\\\/#website\"},\"primaryImageOfPage\":{\"@id\":\"https:\\\/\\\/www.loire-gourmande.fr\\\/de\\\/Produkt\\\/anjou-villages-la-seignerie-domaine-leduc-frouin\\\/#primaryimage\"},\"image\":{\"@id\":\"https:\\\/\\\/www.loire-gourmande.fr\\\/de\\\/Produkt\\\/anjou-villages-la-seignerie-domaine-leduc-frouin\\\/#primaryimage\"},\"thumbnailUrl\":\"https:\\\/\\\/www.loire-gourmande.fr\\\/wp-content\\\/uploads\\\/2021\\\/04\\\/ANJOU-VILLAGES-LA-SEIGNERIE-DOMAINE-LEDUC-FROUIN.jpg\",\"datePublished\":\"2021-04-29T10:05:33+00:00\",\"dateModified\":\"2025-05-27T15:31:53+00:00\",\"description\":\"ANJOU VILLAGES LA SEIGNERIE DOMAINE LEDUC FROUIN. Wein aus der Loire. Bestellung im Weinkeller auf der Website von Loire Gourmande. Weinh\u00e4ndler in Turquant (49).\",\"breadcrumb\":{\"@id\":\"https:\\\/\\\/www.loire-gourmande.fr\\\/de\\\/Produkt\\\/anjou-villages-la-seignerie-domaine-leduc-frouin\\\/#breadcrumb\"},\"inLanguage\":\"de\",\"potentialAction\":[{\"@type\":\"ReadAction\",\"target\":[\"https:\\\/\\\/www.loire-gourmande.fr\\\/de\\\/Produkt\\\/anjou-villages-la-seignerie-domaine-leduc-frouin\\\/\"]}]},{\"@type\":\"ImageObject\",\"inLanguage\":\"de\",\"@id\":\"https:\\\/\\\/www.loire-gourmande.fr\\\/de\\\/Produkt\\\/anjou-villages-la-seignerie-domaine-leduc-frouin\\\/#primaryimage\",\"url\":\"https:\\\/\\\/www.loire-gourmande.fr\\\/wp-content\\\/uploads\\\/2021\\\/04\\\/ANJOU-VILLAGES-LA-SEIGNERIE-DOMAINE-LEDUC-FROUIN.jpg\",\"contentUrl\":\"https:\\\/\\\/www.loire-gourmande.fr\\\/wp-content\\\/uploads\\\/2021\\\/04\\\/ANJOU-VILLAGES-LA-SEIGNERIE-DOMAINE-LEDUC-FROUIN.jpg\",\"width\":800,\"height\":800},{\"@type\":\"BreadcrumbList\",\"@id\":\"https:\\\/\\\/www.loire-gourmande.fr\\\/de\\\/Produkt\\\/anjou-villages-la-seignerie-domaine-leduc-frouin\\\/#breadcrumb\",\"itemListElement\":[{\"@type\":\"ListItem\",\"position\":1,\"name\":\"Startseite\",\"item\":\"https:\\\/\\\/www.loire-gourmande.fr\\\/de\\\/\"},{\"@type\":\"ListItem\",\"position\":2,\"name\":\"Die Boutique de Loire Gourmande: die Weine der Loire\",\"item\":\"https:\\\/\\\/www.loire-gourmande.fr\\\/de\\\/woocommerce\\\/\"},{\"@type\":\"ListItem\",\"position\":3,\"name\":\"Die Weine\",\"item\":\"https:\\\/\\\/www.loire-gourmande.fr\\\/de\\\/Produktkategorie\\\/die-weine\\\/\"},{\"@type\":\"ListItem\",\"position\":4,\"name\":\"Anjou\",\"item\":\"https:\\\/\\\/www.loire-gourmande.fr\\\/de\\\/Produktkategorie\\\/die-weine\\\/anjou-de\\\/\"},{\"@type\":\"ListItem\",\"position\":5,\"name\":\"ANJOU VILLAGES LA SEIGNERIE DOMAINE LEDUC FROUIN\"}]},{\"@type\":\"WebSite\",\"@id\":\"https:\\\/\\\/www.loire-gourmande.fr\\\/de\\\/#website\",\"url\":\"https:\\\/\\\/www.loire-gourmande.fr\\\/de\\\/\",\"name\":\"Loire Gourmande, une \u00e9tape savoureuse\",\"description\":\"une d\u00e9gustation \u00e0 toute heure et une boutique \u00e0 visiter \u00e0 Turquant (49)\",\"publisher\":{\"@id\":\"https:\\\/\\\/www.loire-gourmande.fr\\\/de\\\/#organization\"},\"potentialAction\":[{\"@type\":\"SearchAction\",\"target\":{\"@type\":\"EntryPoint\",\"urlTemplate\":\"https:\\\/\\\/www.loire-gourmande.fr\\\/de\\\/?s={search_term_string}\"},\"query-input\":{\"@type\":\"PropertyValueSpecification\",\"valueRequired\":true,\"valueName\":\"search_term_string\"}}],\"inLanguage\":\"de\"},{\"@type\":\"Organization\",\"@id\":\"https:\\\/\\\/www.loire-gourmande.fr\\\/de\\\/#organization\",\"name\":\"Loire Gourmande - Schnellrestaurant und Besuch in Turquant (49)\",\"url\":\"https:\\\/\\\/www.loire-gourmande.fr\\\/de\\\/\",\"logo\":{\"@type\":\"ImageObject\",\"inLanguage\":\"de\",\"@id\":\"https:\\\/\\\/www.loire-gourmande.fr\\\/de\\\/#\\\/schema\\\/logo\\\/image\\\/\",\"url\":\"https:\\\/\\\/www.loire-gourmande.fr\\\/wp-content\\\/uploads\\\/2020\\\/10\\\/loire-gourmande-logo.jpg\",\"contentUrl\":\"https:\\\/\\\/www.loire-gourmande.fr\\\/wp-content\\\/uploads\\\/2020\\\/10\\\/loire-gourmande-logo.jpg\",\"width\":800,\"height\":415,\"caption\":\"Loire Gourmande - Schnellrestaurant und Besuch in Turquant (49)\"},\"image\":{\"@id\":\"https:\\\/\\\/www.loire-gourmande.fr\\\/de\\\/#\\\/schema\\\/logo\\\/image\\\/\"},\"sameAs\":[\"https:\\\/\\\/www.facebook.com\\\/Loire-Gourmande-Turquant-101991328328493\\\/\",\"https:\\\/\\\/www.instagram.com\\\/jean_yves_auradon\\\/?igshid=1ta3mfjka326t\"]}]}<\/script>\n<!-- \/ Yoast SEO plugin. -->","yoast_head_json":{"title":"ANJOU VILLAGES LA SEIGNERIE DOMAINE LEDUC FROUIN - Loire Gourmande - une \u00e9tape savoureuse","description":"ANJOU VILLAGES LA SEIGNERIE DOMAINE LEDUC FROUIN. Wein aus der Loire. Bestellung im Weinkeller auf der Website von Loire Gourmande. Weinh\u00e4ndler in Turquant (49).","robots":{"index":"index","follow":"follow","max-snippet":"max-snippet:-1","max-image-preview":"max-image-preview:large","max-video-preview":"max-video-preview:-1"},"canonical":"https:\/\/www.loire-gourmande.fr\/de\/Produkt\/anjou-villages-la-seignerie-domaine-leduc-frouin\/","og_locale":"de_DE","og_type":"article","og_title":"ANJOU VILLAGES LA SEIGNERIE DOMAINE LEDUC FROUIN - Loire Gourmande - une \u00e9tape savoureuse","og_description":"ANJOU VILLAGES LA SEIGNERIE DOMAINE LEDUC FROUIN. Wein aus der Loire. Bestellung im Weinkeller auf der Website von Loire Gourmande. Weinh\u00e4ndler in Turquant (49).","og_url":"https:\/\/www.loire-gourmande.fr\/de\/Produkt\/anjou-villages-la-seignerie-domaine-leduc-frouin\/","og_site_name":"Loire Gourmande - une \u00e9tape savoureuse","article_publisher":"https:\/\/www.facebook.com\/Loire-Gourmande-Turquant-101991328328493\/","article_modified_time":"2025-05-27T15:31:53+00:00","og_image":[{"width":800,"height":1024,"url":"https:\/\/www.loire-gourmande.fr\/wp-content\/uploads\/2023\/11\/Anjou-Villages.jpg","type":"image\/jpeg"}],"twitter_card":"summary_large_image","twitter_misc":{"Gesch\u00e4tzte Lesezeit":"1\u00a0Minute"},"schema":{"@context":"https:\/\/schema.org","@graph":[{"@type":"WebPage","@id":"https:\/\/www.loire-gourmande.fr\/de\/Produkt\/anjou-villages-la-seignerie-domaine-leduc-frouin\/","url":"https:\/\/www.loire-gourmande.fr\/de\/Produkt\/anjou-villages-la-seignerie-domaine-leduc-frouin\/","name":"ANJOU VILLAGES LA SEIGNERIE DOMAINE LEDUC FROUIN - Loire Gourmande - une \u00e9tape savoureuse","isPartOf":{"@id":"https:\/\/www.loire-gourmande.fr\/de\/#website"},"primaryImageOfPage":{"@id":"https:\/\/www.loire-gourmande.fr\/de\/Produkt\/anjou-villages-la-seignerie-domaine-leduc-frouin\/#primaryimage"},"image":{"@id":"https:\/\/www.loire-gourmande.fr\/de\/Produkt\/anjou-villages-la-seignerie-domaine-leduc-frouin\/#primaryimage"},"thumbnailUrl":"https:\/\/www.loire-gourmande.fr\/wp-content\/uploads\/2021\/04\/ANJOU-VILLAGES-LA-SEIGNERIE-DOMAINE-LEDUC-FROUIN.jpg","datePublished":"2021-04-29T10:05:33+00:00","dateModified":"2025-05-27T15:31:53+00:00","description":"ANJOU VILLAGES LA SEIGNERIE DOMAINE LEDUC FROUIN. Wein aus der Loire. Bestellung im Weinkeller auf der Website von Loire Gourmande. Weinh\u00e4ndler in Turquant (49).","breadcrumb":{"@id":"https:\/\/www.loire-gourmande.fr\/de\/Produkt\/anjou-villages-la-seignerie-domaine-leduc-frouin\/#breadcrumb"},"inLanguage":"de","potentialAction":[{"@type":"ReadAction","target":["https:\/\/www.loire-gourmande.fr\/de\/Produkt\/anjou-villages-la-seignerie-domaine-leduc-frouin\/"]}]},{"@type":"ImageObject","inLanguage":"de","@id":"https:\/\/www.loire-gourmande.fr\/de\/Produkt\/anjou-villages-la-seignerie-domaine-leduc-frouin\/#primaryimage","url":"https:\/\/www.loire-gourmande.fr\/wp-content\/uploads\/2021\/04\/ANJOU-VILLAGES-LA-SEIGNERIE-DOMAINE-LEDUC-FROUIN.jpg","contentUrl":"https:\/\/www.loire-gourmande.fr\/wp-content\/uploads\/2021\/04\/ANJOU-VILLAGES-LA-SEIGNERIE-DOMAINE-LEDUC-FROUIN.jpg","width":800,"height":800},{"@type":"BreadcrumbList","@id":"https:\/\/www.loire-gourmande.fr\/de\/Produkt\/anjou-villages-la-seignerie-domaine-leduc-frouin\/#breadcrumb","itemListElement":[{"@type":"ListItem","position":1,"name":"Startseite","item":"https:\/\/www.loire-gourmande.fr\/de\/"},{"@type":"ListItem","position":2,"name":"Die Boutique de Loire Gourmande: die Weine der Loire","item":"https:\/\/www.loire-gourmande.fr\/de\/woocommerce\/"},{"@type":"ListItem","position":3,"name":"Die Weine","item":"https:\/\/www.loire-gourmande.fr\/de\/Produktkategorie\/die-weine\/"},{"@type":"ListItem","position":4,"name":"Anjou","item":"https:\/\/www.loire-gourmande.fr\/de\/Produktkategorie\/die-weine\/anjou-de\/"},{"@type":"ListItem","position":5,"name":"ANJOU VILLAGES LA SEIGNERIE DOMAINE LEDUC FROUIN"}]},{"@type":"WebSite","@id":"https:\/\/www.loire-gourmande.fr\/de\/#website","url":"https:\/\/www.loire-gourmande.fr\/de\/","name":"Loire Gourmande, une \u00e9tape savoureuse","description":"une d\u00e9gustation \u00e0 toute heure et une boutique \u00e0 visiter \u00e0 Turquant (49)","publisher":{"@id":"https:\/\/www.loire-gourmande.fr\/de\/#organization"},"potentialAction":[{"@type":"SearchAction","target":{"@type":"EntryPoint","urlTemplate":"https:\/\/www.loire-gourmande.fr\/de\/?s={search_term_string}"},"query-input":{"@type":"PropertyValueSpecification","valueRequired":true,"valueName":"search_term_string"}}],"inLanguage":"de"},{"@type":"Organization","@id":"https:\/\/www.loire-gourmande.fr\/de\/#organization","name":"Loire Gourmande - Schnellrestaurant und Besuch in Turquant (49)","url":"https:\/\/www.loire-gourmande.fr\/de\/","logo":{"@type":"ImageObject","inLanguage":"de","@id":"https:\/\/www.loire-gourmande.fr\/de\/#\/schema\/logo\/image\/","url":"https:\/\/www.loire-gourmande.fr\/wp-content\/uploads\/2020\/10\/loire-gourmande-logo.jpg","contentUrl":"https:\/\/www.loire-gourmande.fr\/wp-content\/uploads\/2020\/10\/loire-gourmande-logo.jpg","width":800,"height":415,"caption":"Loire Gourmande - Schnellrestaurant und Besuch in Turquant (49)"},"image":{"@id":"https:\/\/www.loire-gourmande.fr\/de\/#\/schema\/logo\/image\/"},"sameAs":["https:\/\/www.facebook.com\/Loire-Gourmande-Turquant-101991328328493\/","https:\/\/www.instagram.com\/jean_yves_auradon\/?igshid=1ta3mfjka326t"]}]}},"_links":{"self":[{"href":"https:\/\/www.loire-gourmande.fr\/de\/wp-json\/wp\/v2\/product\/11304","targetHints":{"allow":["GET"]}}],"collection":[{"href":"https:\/\/www.loire-gourmande.fr\/de\/wp-json\/wp\/v2\/product"}],"about":[{"href":"https:\/\/www.loire-gourmande.fr\/de\/wp-json\/wp\/v2\/types\/product"}],"version-history":[{"count":2,"href":"https:\/\/www.loire-gourmande.fr\/de\/wp-json\/wp\/v2\/product\/11304\/revisions"}],"predecessor-version":[{"id":13255,"href":"https:\/\/www.loire-gourmande.fr\/de\/wp-json\/wp\/v2\/product\/11304\/revisions\/13255"}],"wp:featuredmedia":[{"embeddable":true,"href":"https:\/\/www.loire-gourmande.fr\/de\/wp-json\/wp\/v2\/media\/14330"}],"wp:attachment":[{"href":"https:\/\/www.loire-gourmande.fr\/de\/wp-json\/wp\/v2\/media?parent=11304"}],"wp:term":[{"taxonomy":"product_brand","embeddable":true,"href":"https:\/\/www.loire-gourmande.fr\/de\/wp-json\/wp\/v2\/product_brand?post=11304"},{"taxonomy":"product_cat","embeddable":true,"href":"https:\/\/www.loire-gourmande.fr\/de\/wp-json\/wp\/v2\/product_cat?post=11304"},{"taxonomy":"product_tag","embeddable":true,"href":"https:\/\/www.loire-gourmande.fr\/de\/wp-json\/wp\/v2\/product_tag?post=11304"}],"curies":[{"name":"wp","href":"https:\/\/api.w.org\/{rel}","templated":true}]}}