{"id":11314,"date":"2021-04-29T10:05:29","date_gmt":"2021-04-29T10:05:29","guid":{"rendered":"https:\/\/www.loire-gourmande.fr\/produit\/anjou-rouge-la-cerisaie-domaine-la-bergerie\/"},"modified":"2026-02-09T13:47:34","modified_gmt":"2026-02-09T12:47:34","slug":"anjou-rouge-la-cerisaie-domaine-la-bergerie","status":"publish","type":"product","link":"https:\/\/www.loire-gourmande.fr\/de\/Produkt\/anjou-rouge-la-cerisaie-domaine-la-bergerie\/","title":{"rendered":"ANJOU RED DAS KIRSCHGARTENANWESEN LA BERGERIE"},"content":{"rendered":"<div class=\"wines-infos\">\n<div class=\"wines-infos__content--title\">\n<p class=\"h3-title\">KEPAGE<\/p>\n<\/div>\n<div class=\"wines-infos__content--description\">Cabernet-Franc 90 % + Grolleau 10 %<\/div>\n<\/div>\n<div class=\"wines-infos\">\n<div class=\"wines-infos__content--title\">\n<p class=\"h3-title\">TERROIR<\/p>\n<\/div>\n<div class=\"wines-infos__content--description\">\n<p>Ort: Champ-sur-Layon<br \/>\nBoden: Lehm<\/p>\n<\/div>\n<\/div>\n<div class=\"wines-infos\">\n<div class=\"wines-infos__content--title\">\n<p class=\"h3-title\">WEINHERSTELLUNG<\/p>\n<\/div>\n<div class=\"wines-infos__content--description\">\n<p>Um die Frucht zu f\u00f6rdern, wird kaum eine Extraktion durchgef\u00fchrt; Die Mazeration dauert 8 bis 10 Tage. Nach der G\u00e4rung wird der Pomace isoliert, sodass nur noch der frei laufende Saft bleibt, der die gesamte Cuv\u00e9e von &#8222;La Cerisaie&#8220; ausmacht.<br \/>\nDie Reifung erfolgt zu 100 % in Bottinnen f\u00fcr 9 Monate.<\/p>\n<\/div>\n<\/div>\n<div class=\"wines-infos\">\n<div class=\"wines-infos__content--title\">\n<p class=\"h3-title\">VERKOSTUNGSNOTIZEN<\/p>\n<\/div>\n<div class=\"wines-infos__content--description\">\n<p>Alle Phasen der Weinherstellung werden mit einem einzigen Ziel durchgef\u00fchrt: der Frucht Priorit\u00e4t zu geben. Etwas, das man leicht beim Probieren findet. Diese weiche und fruchtige Cuv\u00e9e (kleine rote Fr\u00fcchte) ist eine gute M\u00f6glichkeit, die Sortennoten eines recht charmanten Cabernet Franc zu entdecken.<br \/>\nEs ist die perfekte Begleitung zur Leichtigkeit und dem Genuss freudiger Momente wie dem Sonntagsbratenh\u00e4hnchen.  <\/p>\n<\/div>\n<\/div>\n<div class=\"wines-infos\">\n<div class=\"wines-infos__content--title\">\n<p class=\"h3-title\">UNSER RAT<\/p>\n<\/div>\n<div class=\"wines-infos__content--description\">\n<p>Wir empfehlen eine Serviertemperatur von etwa 14\u00b0C. Es kann jetzt oder in den n\u00e4chsten f\u00fcnf Jahren gekostet werden. <\/p>\n<\/div>\n<\/div>\n","protected":false},"excerpt":{"rendered":"<p>Das 1961 erworbene Domaine de la Bergerie hat bis heute acht Generationen der Familie Gu\u00e9gniard betreut. Dieser Familienbetrieb wird seit 2018 von Anne und Marie betrieben. Jedes ihrer Plots wird vinifiziert und dann separat gealtert, um die Authentizit\u00e4t und den Ausdruck des Terroirs so weit wie m\u00f6glich zu bewahren. Der Weinberg umfasst nun 36 Hektar auf den Terroirs von Anjou und ist seit dem Jahrgang 2016 als Bio zertifiziert.<\/p>\n<p>Dieses Anjou-Gebiet &#8222;La Cerisaie&#8220; besteht aus Cabernet Franc und Cabernet Sauvignon, deren Reben in der Gemeinde Champ-sur-Layon liegen. Die Ernte erfolgt manuell.<\/p>\n","protected":false},"featured_media":14285,"template":"","meta":{"inline_featured_image":false},"product_brand":[],"product_cat":[602,603,600,601],"product_tag":[627,605,716,615],"class_list":{"0":"post-11314","1":"product","2":"type-product","3":"status-publish","4":"has-post-thumbnail","6":"product_cat-anjou-de","7":"product_cat-bio-wein","8":"product_cat-die-weine","9":"product_cat-rot","10":"product_tag-fleisch-wurstwaren","11":"product_tag-kase","12":"product_tag-rot","13":"product_tag-wein","14":"product_shipping_class-flasche","16":"first","17":"instock","18":"featured","19":"taxable","20":"shipping-taxable","21":"purchasable","22":"product-type-simple"},"yoast_head":"<!-- This site is optimized with the Yoast SEO plugin v27.6 - https:\/\/yoast.com\/product\/yoast-seo-wordpress\/ -->\n<title>ANJOU RED DAS KIRSCHGARTENANWESEN LA BERGERIE - Loire Gourmande - une \u00e9tape savoureuse<\/title>\n<meta name=\"description\" content=\"ANJOU ROUGE LA CERISAIE DOMAINE LA BERGERIE. Loire-Wein. Bestellung im Weinkeller auf der Website von Loire Gourmande. Weinh\u00e4ndler in Turquant (49).\" \/>\n<meta name=\"robots\" content=\"index, follow, max-snippet:-1, max-image-preview:large, max-video-preview:-1\" \/>\n<link rel=\"canonical\" href=\"https:\/\/www.loire-gourmande.fr\/de\/Produkt\/anjou-rouge-la-cerisaie-domaine-la-bergerie\/\" \/>\n<meta property=\"og:locale\" content=\"de_DE\" \/>\n<meta property=\"og:type\" content=\"article\" \/>\n<meta property=\"og:title\" content=\"ANJOU RED DAS KIRSCHGARTENANWESEN LA BERGERIE - Loire Gourmande - une \u00e9tape savoureuse\" \/>\n<meta property=\"og:description\" content=\"ANJOU ROUGE LA CERISAIE DOMAINE LA BERGERIE. Loire-Wein. Bestellung im Weinkeller auf der Website von Loire Gourmande. Weinh\u00e4ndler in Turquant (49).\" \/>\n<meta property=\"og:url\" content=\"https:\/\/www.loire-gourmande.fr\/de\/Produkt\/anjou-rouge-la-cerisaie-domaine-la-bergerie\/\" \/>\n<meta property=\"og:site_name\" content=\"Loire Gourmande - une \u00e9tape savoureuse\" \/>\n<meta property=\"article:publisher\" content=\"https:\/\/www.facebook.com\/Loire-Gourmande-Turquant-101991328328493\/\" \/>\n<meta property=\"article:modified_time\" content=\"2026-02-09T12:47:34+00:00\" \/>\n<meta property=\"og:image\" content=\"https:\/\/www.loire-gourmande.fr\/wp-content\/uploads\/2021\/04\/ANJOU-ROUGE-LA-CERISAIE-DOMAINE-LA-BERGERIE.jpg\" \/>\n\t<meta property=\"og:image:width\" content=\"800\" \/>\n\t<meta property=\"og:image:height\" content=\"800\" \/>\n\t<meta property=\"og:image:type\" content=\"image\/jpeg\" \/>\n<meta name=\"twitter:card\" content=\"summary_large_image\" \/>\n<meta name=\"twitter:label1\" content=\"Gesch\u00e4tzte Lesezeit\" \/>\n\t<meta name=\"twitter:data1\" content=\"1\u00a0Minute\" \/>\n<script type=\"application\/ld+json\" class=\"yoast-schema-graph\">{\"@context\":\"https:\\\/\\\/schema.org\",\"@graph\":[{\"@type\":\"WebPage\",\"@id\":\"https:\\\/\\\/www.loire-gourmande.fr\\\/de\\\/Produkt\\\/anjou-rouge-la-cerisaie-domaine-la-bergerie\\\/\",\"url\":\"https:\\\/\\\/www.loire-gourmande.fr\\\/de\\\/Produkt\\\/anjou-rouge-la-cerisaie-domaine-la-bergerie\\\/\",\"name\":\"ANJOU RED DAS KIRSCHGARTENANWESEN LA BERGERIE - Loire Gourmande - une \u00e9tape savoureuse\",\"isPartOf\":{\"@id\":\"https:\\\/\\\/www.loire-gourmande.fr\\\/de\\\/#website\"},\"primaryImageOfPage\":{\"@id\":\"https:\\\/\\\/www.loire-gourmande.fr\\\/de\\\/Produkt\\\/anjou-rouge-la-cerisaie-domaine-la-bergerie\\\/#primaryimage\"},\"image\":{\"@id\":\"https:\\\/\\\/www.loire-gourmande.fr\\\/de\\\/Produkt\\\/anjou-rouge-la-cerisaie-domaine-la-bergerie\\\/#primaryimage\"},\"thumbnailUrl\":\"https:\\\/\\\/www.loire-gourmande.fr\\\/wp-content\\\/uploads\\\/2021\\\/04\\\/ANJOU-ROUGE-LA-CERISAIE-DOMAINE-LA-BERGERIE.jpg\",\"datePublished\":\"2021-04-29T10:05:29+00:00\",\"dateModified\":\"2026-02-09T12:47:34+00:00\",\"description\":\"ANJOU ROUGE LA CERISAIE DOMAINE LA BERGERIE. Loire-Wein. Bestellung im Weinkeller auf der Website von Loire Gourmande. Weinh\u00e4ndler in Turquant (49).\",\"breadcrumb\":{\"@id\":\"https:\\\/\\\/www.loire-gourmande.fr\\\/de\\\/Produkt\\\/anjou-rouge-la-cerisaie-domaine-la-bergerie\\\/#breadcrumb\"},\"inLanguage\":\"de\",\"potentialAction\":[{\"@type\":\"ReadAction\",\"target\":[\"https:\\\/\\\/www.loire-gourmande.fr\\\/de\\\/Produkt\\\/anjou-rouge-la-cerisaie-domaine-la-bergerie\\\/\"]}]},{\"@type\":\"ImageObject\",\"inLanguage\":\"de\",\"@id\":\"https:\\\/\\\/www.loire-gourmande.fr\\\/de\\\/Produkt\\\/anjou-rouge-la-cerisaie-domaine-la-bergerie\\\/#primaryimage\",\"url\":\"https:\\\/\\\/www.loire-gourmande.fr\\\/wp-content\\\/uploads\\\/2021\\\/04\\\/ANJOU-ROUGE-LA-CERISAIE-DOMAINE-LA-BERGERIE.jpg\",\"contentUrl\":\"https:\\\/\\\/www.loire-gourmande.fr\\\/wp-content\\\/uploads\\\/2021\\\/04\\\/ANJOU-ROUGE-LA-CERISAIE-DOMAINE-LA-BERGERIE.jpg\",\"width\":800,\"height\":800},{\"@type\":\"BreadcrumbList\",\"@id\":\"https:\\\/\\\/www.loire-gourmande.fr\\\/de\\\/Produkt\\\/anjou-rouge-la-cerisaie-domaine-la-bergerie\\\/#breadcrumb\",\"itemListElement\":[{\"@type\":\"ListItem\",\"position\":1,\"name\":\"Startseite\",\"item\":\"https:\\\/\\\/www.loire-gourmande.fr\\\/de\\\/\"},{\"@type\":\"ListItem\",\"position\":2,\"name\":\"Die Boutique de Loire Gourmande: die Weine der Loire\",\"item\":\"https:\\\/\\\/www.loire-gourmande.fr\\\/de\\\/woocommerce\\\/\"},{\"@type\":\"ListItem\",\"position\":3,\"name\":\"Die Weine\",\"item\":\"https:\\\/\\\/www.loire-gourmande.fr\\\/de\\\/Produktkategorie\\\/die-weine\\\/\"},{\"@type\":\"ListItem\",\"position\":4,\"name\":\"ANJOU RED DAS KIRSCHGARTENANWESEN LA BERGERIE\"}]},{\"@type\":\"WebSite\",\"@id\":\"https:\\\/\\\/www.loire-gourmande.fr\\\/de\\\/#website\",\"url\":\"https:\\\/\\\/www.loire-gourmande.fr\\\/de\\\/\",\"name\":\"Loire Gourmande, une \u00e9tape savoureuse\",\"description\":\"une d\u00e9gustation \u00e0 toute heure et une boutique \u00e0 visiter \u00e0 Turquant (49)\",\"publisher\":{\"@id\":\"https:\\\/\\\/www.loire-gourmande.fr\\\/de\\\/#organization\"},\"potentialAction\":[{\"@type\":\"SearchAction\",\"target\":{\"@type\":\"EntryPoint\",\"urlTemplate\":\"https:\\\/\\\/www.loire-gourmande.fr\\\/de\\\/?s={search_term_string}\"},\"query-input\":{\"@type\":\"PropertyValueSpecification\",\"valueRequired\":true,\"valueName\":\"search_term_string\"}}],\"inLanguage\":\"de\"},{\"@type\":\"Organization\",\"@id\":\"https:\\\/\\\/www.loire-gourmande.fr\\\/de\\\/#organization\",\"name\":\"Loire Gourmande - Schnellrestaurant und Besuch in Turquant (49)\",\"url\":\"https:\\\/\\\/www.loire-gourmande.fr\\\/de\\\/\",\"logo\":{\"@type\":\"ImageObject\",\"inLanguage\":\"de\",\"@id\":\"https:\\\/\\\/www.loire-gourmande.fr\\\/de\\\/#\\\/schema\\\/logo\\\/image\\\/\",\"url\":\"https:\\\/\\\/www.loire-gourmande.fr\\\/wp-content\\\/uploads\\\/2020\\\/10\\\/loire-gourmande-logo.jpg\",\"contentUrl\":\"https:\\\/\\\/www.loire-gourmande.fr\\\/wp-content\\\/uploads\\\/2020\\\/10\\\/loire-gourmande-logo.jpg\",\"width\":800,\"height\":415,\"caption\":\"Loire Gourmande - Schnellrestaurant und Besuch in Turquant (49)\"},\"image\":{\"@id\":\"https:\\\/\\\/www.loire-gourmande.fr\\\/de\\\/#\\\/schema\\\/logo\\\/image\\\/\"},\"sameAs\":[\"https:\\\/\\\/www.facebook.com\\\/Loire-Gourmande-Turquant-101991328328493\\\/\",\"https:\\\/\\\/www.instagram.com\\\/jean_yves_auradon\\\/?igshid=1ta3mfjka326t\"]}]}<\/script>\n<!-- \/ Yoast SEO plugin. -->","yoast_head_json":{"title":"ANJOU RED DAS KIRSCHGARTENANWESEN LA BERGERIE - Loire Gourmande - une \u00e9tape savoureuse","description":"ANJOU ROUGE LA CERISAIE DOMAINE LA BERGERIE. Loire-Wein. Bestellung im Weinkeller auf der Website von Loire Gourmande. Weinh\u00e4ndler in Turquant (49).","robots":{"index":"index","follow":"follow","max-snippet":"max-snippet:-1","max-image-preview":"max-image-preview:large","max-video-preview":"max-video-preview:-1"},"canonical":"https:\/\/www.loire-gourmande.fr\/de\/Produkt\/anjou-rouge-la-cerisaie-domaine-la-bergerie\/","og_locale":"de_DE","og_type":"article","og_title":"ANJOU RED DAS KIRSCHGARTENANWESEN LA BERGERIE - Loire Gourmande - une \u00e9tape savoureuse","og_description":"ANJOU ROUGE LA CERISAIE DOMAINE LA BERGERIE. Loire-Wein. Bestellung im Weinkeller auf der Website von Loire Gourmande. Weinh\u00e4ndler in Turquant (49).","og_url":"https:\/\/www.loire-gourmande.fr\/de\/Produkt\/anjou-rouge-la-cerisaie-domaine-la-bergerie\/","og_site_name":"Loire Gourmande - une \u00e9tape savoureuse","article_publisher":"https:\/\/www.facebook.com\/Loire-Gourmande-Turquant-101991328328493\/","article_modified_time":"2026-02-09T12:47:34+00:00","og_image":[{"width":800,"height":800,"url":"https:\/\/www.loire-gourmande.fr\/wp-content\/uploads\/2021\/04\/ANJOU-ROUGE-LA-CERISAIE-DOMAINE-LA-BERGERIE.jpg","type":"image\/jpeg"}],"twitter_card":"summary_large_image","twitter_misc":{"Gesch\u00e4tzte Lesezeit":"1\u00a0Minute"},"schema":{"@context":"https:\/\/schema.org","@graph":[{"@type":"WebPage","@id":"https:\/\/www.loire-gourmande.fr\/de\/Produkt\/anjou-rouge-la-cerisaie-domaine-la-bergerie\/","url":"https:\/\/www.loire-gourmande.fr\/de\/Produkt\/anjou-rouge-la-cerisaie-domaine-la-bergerie\/","name":"ANJOU RED DAS KIRSCHGARTENANWESEN LA BERGERIE - Loire Gourmande - une \u00e9tape savoureuse","isPartOf":{"@id":"https:\/\/www.loire-gourmande.fr\/de\/#website"},"primaryImageOfPage":{"@id":"https:\/\/www.loire-gourmande.fr\/de\/Produkt\/anjou-rouge-la-cerisaie-domaine-la-bergerie\/#primaryimage"},"image":{"@id":"https:\/\/www.loire-gourmande.fr\/de\/Produkt\/anjou-rouge-la-cerisaie-domaine-la-bergerie\/#primaryimage"},"thumbnailUrl":"https:\/\/www.loire-gourmande.fr\/wp-content\/uploads\/2021\/04\/ANJOU-ROUGE-LA-CERISAIE-DOMAINE-LA-BERGERIE.jpg","datePublished":"2021-04-29T10:05:29+00:00","dateModified":"2026-02-09T12:47:34+00:00","description":"ANJOU ROUGE LA CERISAIE DOMAINE LA BERGERIE. Loire-Wein. Bestellung im Weinkeller auf der Website von Loire Gourmande. Weinh\u00e4ndler in Turquant (49).","breadcrumb":{"@id":"https:\/\/www.loire-gourmande.fr\/de\/Produkt\/anjou-rouge-la-cerisaie-domaine-la-bergerie\/#breadcrumb"},"inLanguage":"de","potentialAction":[{"@type":"ReadAction","target":["https:\/\/www.loire-gourmande.fr\/de\/Produkt\/anjou-rouge-la-cerisaie-domaine-la-bergerie\/"]}]},{"@type":"ImageObject","inLanguage":"de","@id":"https:\/\/www.loire-gourmande.fr\/de\/Produkt\/anjou-rouge-la-cerisaie-domaine-la-bergerie\/#primaryimage","url":"https:\/\/www.loire-gourmande.fr\/wp-content\/uploads\/2021\/04\/ANJOU-ROUGE-LA-CERISAIE-DOMAINE-LA-BERGERIE.jpg","contentUrl":"https:\/\/www.loire-gourmande.fr\/wp-content\/uploads\/2021\/04\/ANJOU-ROUGE-LA-CERISAIE-DOMAINE-LA-BERGERIE.jpg","width":800,"height":800},{"@type":"BreadcrumbList","@id":"https:\/\/www.loire-gourmande.fr\/de\/Produkt\/anjou-rouge-la-cerisaie-domaine-la-bergerie\/#breadcrumb","itemListElement":[{"@type":"ListItem","position":1,"name":"Startseite","item":"https:\/\/www.loire-gourmande.fr\/de\/"},{"@type":"ListItem","position":2,"name":"Die Boutique de Loire Gourmande: die Weine der Loire","item":"https:\/\/www.loire-gourmande.fr\/de\/woocommerce\/"},{"@type":"ListItem","position":3,"name":"Die Weine","item":"https:\/\/www.loire-gourmande.fr\/de\/Produktkategorie\/die-weine\/"},{"@type":"ListItem","position":4,"name":"ANJOU RED DAS KIRSCHGARTENANWESEN LA BERGERIE"}]},{"@type":"WebSite","@id":"https:\/\/www.loire-gourmande.fr\/de\/#website","url":"https:\/\/www.loire-gourmande.fr\/de\/","name":"Loire Gourmande, une \u00e9tape savoureuse","description":"une d\u00e9gustation \u00e0 toute heure et une boutique \u00e0 visiter \u00e0 Turquant (49)","publisher":{"@id":"https:\/\/www.loire-gourmande.fr\/de\/#organization"},"potentialAction":[{"@type":"SearchAction","target":{"@type":"EntryPoint","urlTemplate":"https:\/\/www.loire-gourmande.fr\/de\/?s={search_term_string}"},"query-input":{"@type":"PropertyValueSpecification","valueRequired":true,"valueName":"search_term_string"}}],"inLanguage":"de"},{"@type":"Organization","@id":"https:\/\/www.loire-gourmande.fr\/de\/#organization","name":"Loire Gourmande - Schnellrestaurant und Besuch in Turquant (49)","url":"https:\/\/www.loire-gourmande.fr\/de\/","logo":{"@type":"ImageObject","inLanguage":"de","@id":"https:\/\/www.loire-gourmande.fr\/de\/#\/schema\/logo\/image\/","url":"https:\/\/www.loire-gourmande.fr\/wp-content\/uploads\/2020\/10\/loire-gourmande-logo.jpg","contentUrl":"https:\/\/www.loire-gourmande.fr\/wp-content\/uploads\/2020\/10\/loire-gourmande-logo.jpg","width":800,"height":415,"caption":"Loire Gourmande - Schnellrestaurant und Besuch in Turquant (49)"},"image":{"@id":"https:\/\/www.loire-gourmande.fr\/de\/#\/schema\/logo\/image\/"},"sameAs":["https:\/\/www.facebook.com\/Loire-Gourmande-Turquant-101991328328493\/","https:\/\/www.instagram.com\/jean_yves_auradon\/?igshid=1ta3mfjka326t"]}]}},"_links":{"self":[{"href":"https:\/\/www.loire-gourmande.fr\/de\/wp-json\/wp\/v2\/product\/11314","targetHints":{"allow":["GET"]}}],"collection":[{"href":"https:\/\/www.loire-gourmande.fr\/de\/wp-json\/wp\/v2\/product"}],"about":[{"href":"https:\/\/www.loire-gourmande.fr\/de\/wp-json\/wp\/v2\/types\/product"}],"version-history":[{"count":3,"href":"https:\/\/www.loire-gourmande.fr\/de\/wp-json\/wp\/v2\/product\/11314\/revisions"}],"predecessor-version":[{"id":14422,"href":"https:\/\/www.loire-gourmande.fr\/de\/wp-json\/wp\/v2\/product\/11314\/revisions\/14422"}],"wp:featuredmedia":[{"embeddable":true,"href":"https:\/\/www.loire-gourmande.fr\/de\/wp-json\/wp\/v2\/media\/14285"}],"wp:attachment":[{"href":"https:\/\/www.loire-gourmande.fr\/de\/wp-json\/wp\/v2\/media?parent=11314"}],"wp:term":[{"taxonomy":"product_brand","embeddable":true,"href":"https:\/\/www.loire-gourmande.fr\/de\/wp-json\/wp\/v2\/product_brand?post=11314"},{"taxonomy":"product_cat","embeddable":true,"href":"https:\/\/www.loire-gourmande.fr\/de\/wp-json\/wp\/v2\/product_cat?post=11314"},{"taxonomy":"product_tag","embeddable":true,"href":"https:\/\/www.loire-gourmande.fr\/de\/wp-json\/wp\/v2\/product_tag?post=11314"}],"curies":[{"name":"wp","href":"https:\/\/api.w.org\/{rel}","templated":true}]}}