{"id":11328,"date":"2021-04-29T10:05:28","date_gmt":"2021-04-29T10:05:28","guid":{"rendered":"https:\/\/www.loire-gourmande.fr\/produit\/anjou-mousseux-les-schistes-de-loire-chateau-putille\/"},"modified":"2025-05-27T16:20:59","modified_gmt":"2025-05-27T15:20:59","slug":"anjou-mousseux-les-schistes-de-loire-chateau-putille","status":"publish","type":"product","link":"https:\/\/www.loire-gourmande.fr\/de\/Produkt\/anjou-mousseux-les-schistes-de-loire-chateau-putille\/","title":{"rendered":"ANJOU MOUSSEUX LES SCHISTES DE LOIRE CHATEAU PUTILLE"},"content":{"rendered":"<p><strong>Weingut:<\/strong> Chateau Putille<br \/>\n<strong>Rebsorten:<\/strong> 100% Chenin Blanc<br \/>\n<strong>Region<\/strong>: Loiretal<br \/>\n<strong>Weinstil:<\/strong> Anjou fine bulles<br \/>\n<strong>Allergene:<\/strong> Sulfite<\/p>\n<p>Im Anjou hergestellter Wein, der der AOC d&#8217;Anjou geh\u00f6rt.<br \/>\nDie dominierende Rebsorte ist Chenin, die mit den anderen Rebsorten der Appellation Anjou kombiniert werden kann.<br \/>\nDiese Cuv\u00e9e wird vollst\u00e4ndig auf dem Anwesen hergestellt und bei der Reife maschinell geerntet, um ihr eine intensive Farbe und L\u00e4nge im Mund zu verleihen.<br \/>\nDieser rohe oder 1\/2 trockene Wein wird sehr gek\u00fchlt bei 4\/5 \u00b0C serviert und ist als Aperitif, Cocktail oder Dessert sehr beliebt.<br \/>\n<strong><br \/>\n  <span style=\"font-size: 15pt;\">Passend zu Wein und Speisen: <\/span><br \/>\n<\/strong>R\u00e4ucherfischsalat mit Zitrusfr\u00fcchten \/ Spargel mit wei\u00dfer Sauce \/ gef\u00fcllte Brioches \/ Pflaumenpastete<\/p>\n","protected":false},"excerpt":{"rendered":"<p>Diese Cuv\u00e9e wird vollst\u00e4ndig auf dem Weingut nach der traditionellen Methode hergestellt und reif mit der Maschine geerntet, um ihr eine intensive Farbe und einen langen Abgang zu verleihen. Auf der Suche nach den <b>besten Weinen von Chateau de Putille in Anjou<\/b> unter all den Weinen der Region? Entdecken Sie unsere <b>Tops der besten Rot-, Wei\u00df- und Schaumweine von Chateau de Putille<\/b>. Finden Sie auch einige Kombinationen von Speisen und Weinen, die zu den Weinen dieses Weinguts passen k\u00f6nnten. Erfahren Sie mehr \u00fcber <b>die Region und die Weine von Chateau de Putille<\/b> mit technischen und \u00f6nologischen Beschreibungen.<\/p>\n","protected":false},"featured_media":11329,"template":"","meta":{"inline_featured_image":false},"product_brand":[],"product_cat":[602,600,621],"product_tag":[618,701,652,615,617],"class_list":{"0":"post-11328","1":"product","2":"type-product","3":"status-publish","4":"has-post-thumbnail","6":"product_cat-anjou-de","7":"product_cat-die-weine","8":"product_cat-schaumwein","9":"product_tag-aperitif-de","10":"product_tag-eintrag","11":"product_tag-nachtisch","12":"product_tag-wein","13":"product_tag-weis","14":"product_shipping_class-flasche","16":"first","17":"instock","18":"featured","19":"taxable","20":"shipping-taxable","21":"purchasable","22":"product-type-simple"},"yoast_head":"<!-- This site is optimized with the Yoast SEO plugin v27.6 - https:\/\/yoast.com\/product\/yoast-seo-wordpress\/ -->\n<title>ANJOU MOUSSEUX LES SCHISTES DE LOIRE CHATEAU PUTILLE - Loire Gourmande - une \u00e9tape savoureuse<\/title>\n<meta name=\"description\" content=\"ANJOU MOUSSEUX LES SCHISTES DE LOIRE CHATEAU PUTILLE. Wein aus der Loire. Bestellung im Weinkeller auf der Website von Loire Gourmande. Weinh\u00e4ndler in Turquant (49).\" \/>\n<meta name=\"robots\" content=\"index, follow, max-snippet:-1, max-image-preview:large, max-video-preview:-1\" \/>\n<link rel=\"canonical\" href=\"https:\/\/www.loire-gourmande.fr\/de\/Produkt\/anjou-mousseux-les-schistes-de-loire-chateau-putille\/\" \/>\n<meta property=\"og:locale\" content=\"de_DE\" \/>\n<meta property=\"og:type\" content=\"article\" \/>\n<meta property=\"og:title\" content=\"ANJOU MOUSSEUX LES SCHISTES DE LOIRE CHATEAU PUTILLE - Loire Gourmande - une \u00e9tape savoureuse\" \/>\n<meta property=\"og:description\" content=\"ANJOU MOUSSEUX LES SCHISTES DE LOIRE CHATEAU PUTILLE. Wein aus der Loire. Bestellung im Weinkeller auf der Website von Loire Gourmande. Weinh\u00e4ndler in Turquant (49).\" \/>\n<meta property=\"og:url\" content=\"https:\/\/www.loire-gourmande.fr\/de\/Produkt\/anjou-mousseux-les-schistes-de-loire-chateau-putille\/\" \/>\n<meta property=\"og:site_name\" content=\"Loire Gourmande - une \u00e9tape savoureuse\" \/>\n<meta property=\"article:publisher\" content=\"https:\/\/www.facebook.com\/Loire-Gourmande-Turquant-101991328328493\/\" \/>\n<meta property=\"article:modified_time\" content=\"2025-05-27T15:20:59+00:00\" \/>\n<meta property=\"og:image\" content=\"https:\/\/www.loire-gourmande.fr\/wp-content\/uploads\/2021\/04\/2ANJBRUSHILOIMOUBLC-Blanc-Brut-Les-Shistes-de-Loire-Chateau-Putille-.png\" \/>\n\t<meta property=\"og:image:width\" content=\"1200\" \/>\n\t<meta property=\"og:image:height\" content=\"1200\" \/>\n\t<meta property=\"og:image:type\" content=\"image\/png\" \/>\n<meta name=\"twitter:card\" content=\"summary_large_image\" \/>\n<meta name=\"twitter:label1\" content=\"Gesch\u00e4tzte Lesezeit\" \/>\n\t<meta name=\"twitter:data1\" content=\"1\u00a0Minute\" \/>\n<script type=\"application\/ld+json\" class=\"yoast-schema-graph\">{\"@context\":\"https:\\\/\\\/schema.org\",\"@graph\":[{\"@type\":\"WebPage\",\"@id\":\"https:\\\/\\\/www.loire-gourmande.fr\\\/de\\\/Produkt\\\/anjou-mousseux-les-schistes-de-loire-chateau-putille\\\/\",\"url\":\"https:\\\/\\\/www.loire-gourmande.fr\\\/de\\\/Produkt\\\/anjou-mousseux-les-schistes-de-loire-chateau-putille\\\/\",\"name\":\"ANJOU MOUSSEUX LES SCHISTES DE LOIRE CHATEAU PUTILLE - Loire Gourmande - une \u00e9tape savoureuse\",\"isPartOf\":{\"@id\":\"https:\\\/\\\/www.loire-gourmande.fr\\\/de\\\/#website\"},\"primaryImageOfPage\":{\"@id\":\"https:\\\/\\\/www.loire-gourmande.fr\\\/de\\\/Produkt\\\/anjou-mousseux-les-schistes-de-loire-chateau-putille\\\/#primaryimage\"},\"image\":{\"@id\":\"https:\\\/\\\/www.loire-gourmande.fr\\\/de\\\/Produkt\\\/anjou-mousseux-les-schistes-de-loire-chateau-putille\\\/#primaryimage\"},\"thumbnailUrl\":\"https:\\\/\\\/www.loire-gourmande.fr\\\/wp-content\\\/uploads\\\/2021\\\/04\\\/2ANJBRUSHILOIMOUBLC-Blanc-Brut-Les-Shistes-de-Loire-Chateau-Putille-.png\",\"datePublished\":\"2021-04-29T10:05:28+00:00\",\"dateModified\":\"2025-05-27T15:20:59+00:00\",\"description\":\"ANJOU MOUSSEUX LES SCHISTES DE LOIRE CHATEAU PUTILLE. Wein aus der Loire. Bestellung im Weinkeller auf der Website von Loire Gourmande. Weinh\u00e4ndler in Turquant (49).\",\"breadcrumb\":{\"@id\":\"https:\\\/\\\/www.loire-gourmande.fr\\\/de\\\/Produkt\\\/anjou-mousseux-les-schistes-de-loire-chateau-putille\\\/#breadcrumb\"},\"inLanguage\":\"de\",\"potentialAction\":[{\"@type\":\"ReadAction\",\"target\":[\"https:\\\/\\\/www.loire-gourmande.fr\\\/de\\\/Produkt\\\/anjou-mousseux-les-schistes-de-loire-chateau-putille\\\/\"]}]},{\"@type\":\"ImageObject\",\"inLanguage\":\"de\",\"@id\":\"https:\\\/\\\/www.loire-gourmande.fr\\\/de\\\/Produkt\\\/anjou-mousseux-les-schistes-de-loire-chateau-putille\\\/#primaryimage\",\"url\":\"https:\\\/\\\/www.loire-gourmande.fr\\\/wp-content\\\/uploads\\\/2021\\\/04\\\/2ANJBRUSHILOIMOUBLC-Blanc-Brut-Les-Shistes-de-Loire-Chateau-Putille-.png\",\"contentUrl\":\"https:\\\/\\\/www.loire-gourmande.fr\\\/wp-content\\\/uploads\\\/2021\\\/04\\\/2ANJBRUSHILOIMOUBLC-Blanc-Brut-Les-Shistes-de-Loire-Chateau-Putille-.png\",\"width\":1200,\"height\":1200},{\"@type\":\"BreadcrumbList\",\"@id\":\"https:\\\/\\\/www.loire-gourmande.fr\\\/de\\\/Produkt\\\/anjou-mousseux-les-schistes-de-loire-chateau-putille\\\/#breadcrumb\",\"itemListElement\":[{\"@type\":\"ListItem\",\"position\":1,\"name\":\"Startseite\",\"item\":\"https:\\\/\\\/www.loire-gourmande.fr\\\/de\\\/\"},{\"@type\":\"ListItem\",\"position\":2,\"name\":\"Die Boutique de Loire Gourmande: die Weine der Loire\",\"item\":\"https:\\\/\\\/www.loire-gourmande.fr\\\/de\\\/woocommerce\\\/\"},{\"@type\":\"ListItem\",\"position\":3,\"name\":\"Die Weine\",\"item\":\"https:\\\/\\\/www.loire-gourmande.fr\\\/de\\\/Produktkategorie\\\/die-weine\\\/\"},{\"@type\":\"ListItem\",\"position\":4,\"name\":\"Anjou\",\"item\":\"https:\\\/\\\/www.loire-gourmande.fr\\\/de\\\/Produktkategorie\\\/die-weine\\\/anjou-de\\\/\"},{\"@type\":\"ListItem\",\"position\":5,\"name\":\"ANJOU MOUSSEUX LES SCHISTES DE LOIRE CHATEAU PUTILLE\"}]},{\"@type\":\"WebSite\",\"@id\":\"https:\\\/\\\/www.loire-gourmande.fr\\\/de\\\/#website\",\"url\":\"https:\\\/\\\/www.loire-gourmande.fr\\\/de\\\/\",\"name\":\"Loire Gourmande, une \u00e9tape savoureuse\",\"description\":\"une d\u00e9gustation \u00e0 toute heure et une boutique \u00e0 visiter \u00e0 Turquant (49)\",\"publisher\":{\"@id\":\"https:\\\/\\\/www.loire-gourmande.fr\\\/de\\\/#organization\"},\"potentialAction\":[{\"@type\":\"SearchAction\",\"target\":{\"@type\":\"EntryPoint\",\"urlTemplate\":\"https:\\\/\\\/www.loire-gourmande.fr\\\/de\\\/?s={search_term_string}\"},\"query-input\":{\"@type\":\"PropertyValueSpecification\",\"valueRequired\":true,\"valueName\":\"search_term_string\"}}],\"inLanguage\":\"de\"},{\"@type\":\"Organization\",\"@id\":\"https:\\\/\\\/www.loire-gourmande.fr\\\/de\\\/#organization\",\"name\":\"Loire Gourmande - Schnellrestaurant und Besuch in Turquant (49)\",\"url\":\"https:\\\/\\\/www.loire-gourmande.fr\\\/de\\\/\",\"logo\":{\"@type\":\"ImageObject\",\"inLanguage\":\"de\",\"@id\":\"https:\\\/\\\/www.loire-gourmande.fr\\\/de\\\/#\\\/schema\\\/logo\\\/image\\\/\",\"url\":\"https:\\\/\\\/www.loire-gourmande.fr\\\/wp-content\\\/uploads\\\/2020\\\/10\\\/loire-gourmande-logo.jpg\",\"contentUrl\":\"https:\\\/\\\/www.loire-gourmande.fr\\\/wp-content\\\/uploads\\\/2020\\\/10\\\/loire-gourmande-logo.jpg\",\"width\":800,\"height\":415,\"caption\":\"Loire Gourmande - Schnellrestaurant und Besuch in Turquant (49)\"},\"image\":{\"@id\":\"https:\\\/\\\/www.loire-gourmande.fr\\\/de\\\/#\\\/schema\\\/logo\\\/image\\\/\"},\"sameAs\":[\"https:\\\/\\\/www.facebook.com\\\/Loire-Gourmande-Turquant-101991328328493\\\/\",\"https:\\\/\\\/www.instagram.com\\\/jean_yves_auradon\\\/?igshid=1ta3mfjka326t\"]}]}<\/script>\n<!-- \/ Yoast SEO plugin. -->","yoast_head_json":{"title":"ANJOU MOUSSEUX LES SCHISTES DE LOIRE CHATEAU PUTILLE - Loire Gourmande - une \u00e9tape savoureuse","description":"ANJOU MOUSSEUX LES SCHISTES DE LOIRE CHATEAU PUTILLE. Wein aus der Loire. Bestellung im Weinkeller auf der Website von Loire Gourmande. Weinh\u00e4ndler in Turquant (49).","robots":{"index":"index","follow":"follow","max-snippet":"max-snippet:-1","max-image-preview":"max-image-preview:large","max-video-preview":"max-video-preview:-1"},"canonical":"https:\/\/www.loire-gourmande.fr\/de\/Produkt\/anjou-mousseux-les-schistes-de-loire-chateau-putille\/","og_locale":"de_DE","og_type":"article","og_title":"ANJOU MOUSSEUX LES SCHISTES DE LOIRE CHATEAU PUTILLE - Loire Gourmande - une \u00e9tape savoureuse","og_description":"ANJOU MOUSSEUX LES SCHISTES DE LOIRE CHATEAU PUTILLE. Wein aus der Loire. Bestellung im Weinkeller auf der Website von Loire Gourmande. Weinh\u00e4ndler in Turquant (49).","og_url":"https:\/\/www.loire-gourmande.fr\/de\/Produkt\/anjou-mousseux-les-schistes-de-loire-chateau-putille\/","og_site_name":"Loire Gourmande - une \u00e9tape savoureuse","article_publisher":"https:\/\/www.facebook.com\/Loire-Gourmande-Turquant-101991328328493\/","article_modified_time":"2025-05-27T15:20:59+00:00","og_image":[{"width":1200,"height":1200,"url":"https:\/\/www.loire-gourmande.fr\/wp-content\/uploads\/2021\/04\/2ANJBRUSHILOIMOUBLC-Blanc-Brut-Les-Shistes-de-Loire-Chateau-Putille-.png","type":"image\/png"}],"twitter_card":"summary_large_image","twitter_misc":{"Gesch\u00e4tzte Lesezeit":"1\u00a0Minute"},"schema":{"@context":"https:\/\/schema.org","@graph":[{"@type":"WebPage","@id":"https:\/\/www.loire-gourmande.fr\/de\/Produkt\/anjou-mousseux-les-schistes-de-loire-chateau-putille\/","url":"https:\/\/www.loire-gourmande.fr\/de\/Produkt\/anjou-mousseux-les-schistes-de-loire-chateau-putille\/","name":"ANJOU MOUSSEUX LES SCHISTES DE LOIRE CHATEAU PUTILLE - Loire Gourmande - une \u00e9tape savoureuse","isPartOf":{"@id":"https:\/\/www.loire-gourmande.fr\/de\/#website"},"primaryImageOfPage":{"@id":"https:\/\/www.loire-gourmande.fr\/de\/Produkt\/anjou-mousseux-les-schistes-de-loire-chateau-putille\/#primaryimage"},"image":{"@id":"https:\/\/www.loire-gourmande.fr\/de\/Produkt\/anjou-mousseux-les-schistes-de-loire-chateau-putille\/#primaryimage"},"thumbnailUrl":"https:\/\/www.loire-gourmande.fr\/wp-content\/uploads\/2021\/04\/2ANJBRUSHILOIMOUBLC-Blanc-Brut-Les-Shistes-de-Loire-Chateau-Putille-.png","datePublished":"2021-04-29T10:05:28+00:00","dateModified":"2025-05-27T15:20:59+00:00","description":"ANJOU MOUSSEUX LES SCHISTES DE LOIRE CHATEAU PUTILLE. Wein aus der Loire. Bestellung im Weinkeller auf der Website von Loire Gourmande. Weinh\u00e4ndler in Turquant (49).","breadcrumb":{"@id":"https:\/\/www.loire-gourmande.fr\/de\/Produkt\/anjou-mousseux-les-schistes-de-loire-chateau-putille\/#breadcrumb"},"inLanguage":"de","potentialAction":[{"@type":"ReadAction","target":["https:\/\/www.loire-gourmande.fr\/de\/Produkt\/anjou-mousseux-les-schistes-de-loire-chateau-putille\/"]}]},{"@type":"ImageObject","inLanguage":"de","@id":"https:\/\/www.loire-gourmande.fr\/de\/Produkt\/anjou-mousseux-les-schistes-de-loire-chateau-putille\/#primaryimage","url":"https:\/\/www.loire-gourmande.fr\/wp-content\/uploads\/2021\/04\/2ANJBRUSHILOIMOUBLC-Blanc-Brut-Les-Shistes-de-Loire-Chateau-Putille-.png","contentUrl":"https:\/\/www.loire-gourmande.fr\/wp-content\/uploads\/2021\/04\/2ANJBRUSHILOIMOUBLC-Blanc-Brut-Les-Shistes-de-Loire-Chateau-Putille-.png","width":1200,"height":1200},{"@type":"BreadcrumbList","@id":"https:\/\/www.loire-gourmande.fr\/de\/Produkt\/anjou-mousseux-les-schistes-de-loire-chateau-putille\/#breadcrumb","itemListElement":[{"@type":"ListItem","position":1,"name":"Startseite","item":"https:\/\/www.loire-gourmande.fr\/de\/"},{"@type":"ListItem","position":2,"name":"Die Boutique de Loire Gourmande: die Weine der Loire","item":"https:\/\/www.loire-gourmande.fr\/de\/woocommerce\/"},{"@type":"ListItem","position":3,"name":"Die Weine","item":"https:\/\/www.loire-gourmande.fr\/de\/Produktkategorie\/die-weine\/"},{"@type":"ListItem","position":4,"name":"Anjou","item":"https:\/\/www.loire-gourmande.fr\/de\/Produktkategorie\/die-weine\/anjou-de\/"},{"@type":"ListItem","position":5,"name":"ANJOU MOUSSEUX LES SCHISTES DE LOIRE CHATEAU PUTILLE"}]},{"@type":"WebSite","@id":"https:\/\/www.loire-gourmande.fr\/de\/#website","url":"https:\/\/www.loire-gourmande.fr\/de\/","name":"Loire Gourmande, une \u00e9tape savoureuse","description":"une d\u00e9gustation \u00e0 toute heure et une boutique \u00e0 visiter \u00e0 Turquant (49)","publisher":{"@id":"https:\/\/www.loire-gourmande.fr\/de\/#organization"},"potentialAction":[{"@type":"SearchAction","target":{"@type":"EntryPoint","urlTemplate":"https:\/\/www.loire-gourmande.fr\/de\/?s={search_term_string}"},"query-input":{"@type":"PropertyValueSpecification","valueRequired":true,"valueName":"search_term_string"}}],"inLanguage":"de"},{"@type":"Organization","@id":"https:\/\/www.loire-gourmande.fr\/de\/#organization","name":"Loire Gourmande - Schnellrestaurant und Besuch in Turquant (49)","url":"https:\/\/www.loire-gourmande.fr\/de\/","logo":{"@type":"ImageObject","inLanguage":"de","@id":"https:\/\/www.loire-gourmande.fr\/de\/#\/schema\/logo\/image\/","url":"https:\/\/www.loire-gourmande.fr\/wp-content\/uploads\/2020\/10\/loire-gourmande-logo.jpg","contentUrl":"https:\/\/www.loire-gourmande.fr\/wp-content\/uploads\/2020\/10\/loire-gourmande-logo.jpg","width":800,"height":415,"caption":"Loire Gourmande - Schnellrestaurant und Besuch in Turquant (49)"},"image":{"@id":"https:\/\/www.loire-gourmande.fr\/de\/#\/schema\/logo\/image\/"},"sameAs":["https:\/\/www.facebook.com\/Loire-Gourmande-Turquant-101991328328493\/","https:\/\/www.instagram.com\/jean_yves_auradon\/?igshid=1ta3mfjka326t"]}]}},"_links":{"self":[{"href":"https:\/\/www.loire-gourmande.fr\/de\/wp-json\/wp\/v2\/product\/11328","targetHints":{"allow":["GET"]}}],"collection":[{"href":"https:\/\/www.loire-gourmande.fr\/de\/wp-json\/wp\/v2\/product"}],"about":[{"href":"https:\/\/www.loire-gourmande.fr\/de\/wp-json\/wp\/v2\/types\/product"}],"version-history":[{"count":2,"href":"https:\/\/www.loire-gourmande.fr\/de\/wp-json\/wp\/v2\/product\/11328\/revisions"}],"predecessor-version":[{"id":13126,"href":"https:\/\/www.loire-gourmande.fr\/de\/wp-json\/wp\/v2\/product\/11328\/revisions\/13126"}],"wp:featuredmedia":[{"embeddable":true,"href":"https:\/\/www.loire-gourmande.fr\/de\/wp-json\/wp\/v2\/media\/11329"}],"wp:attachment":[{"href":"https:\/\/www.loire-gourmande.fr\/de\/wp-json\/wp\/v2\/media?parent=11328"}],"wp:term":[{"taxonomy":"product_brand","embeddable":true,"href":"https:\/\/www.loire-gourmande.fr\/de\/wp-json\/wp\/v2\/product_brand?post=11328"},{"taxonomy":"product_cat","embeddable":true,"href":"https:\/\/www.loire-gourmande.fr\/de\/wp-json\/wp\/v2\/product_cat?post=11328"},{"taxonomy":"product_tag","embeddable":true,"href":"https:\/\/www.loire-gourmande.fr\/de\/wp-json\/wp\/v2\/product_tag?post=11328"}],"curies":[{"name":"wp","href":"https:\/\/api.w.org\/{rel}","templated":true}]}}