{"id":11334,"date":"2021-04-29T10:05:28","date_gmt":"2021-04-29T09:05:28","guid":{"rendered":"https:\/\/www.loire-gourmande.fr\/produit\/muscadet-sevre-et-maine-aop-domaine-du-manoir-henri-poiron\/"},"modified":"2025-05-27T16:32:15","modified_gmt":"2025-05-27T15:32:15","slug":"muscadet-sevre-et-maine-aop-domaine-du-manoir-henri-poiron","status":"publish","type":"product","link":"https:\/\/www.loire-gourmande.fr\/de\/Produkt\/muscadet-sevre-et-maine-aop-domaine-du-manoir-henri-poiron\/","title":{"rendered":"MUSCADET SEVRE ET MAINE AOP DOMAINE DU MANOIR HENRI POIRON"},"content":{"rendered":"<p><strong>Die Domaine Poiron<\/strong> befindet sich im historischen Herzen der Weinberge von Nantes und produziert ihre Weine mit gr\u00f6\u00dftem Respekt vor der Weinbautradition.<br \/>\nDieser Respekt und dieses Know-how werden seit den 1800er Jahren vom Vater an den Sohn weitergegeben.<br \/>\n8 Generationen haben dieses wertvolle Wissen weitergegeben, das es uns erm\u00f6glicht, so k\u00f6stliche Weine zu genie\u00dfen.<br \/>\nEr kann in seiner Jugend wegen seiner Frische getrunken werden.<br \/>\nEr kann auch sorgf\u00e4ltig konserviert werden, um seinen \u201eVintage\u201c-Charakter zum Ausdruck zu bringen. Dieser Wein vereint Komplexit\u00e4t und aromatische Finesse.<\/p>\n<p><strong>Rebsorte<\/strong><strong> <\/strong>Melone <strong> aus<\/strong> Burgund<br \/>\n<strong>Boden<\/strong><strong> <\/strong>Bodenbeschaffenheit<strong>: <\/strong>Leicht und sauer, vorwiegend sandig, verbunden mit der Verwitterung von Micaschist.<br \/>\n<strong>Kleid<\/strong><strong> <\/strong>Farbe<strong>:<\/strong> Blasses Gelb mit grauen Reflexen.<br \/>\n<strong>Nase<\/strong><strong> <\/strong><strong>:<\/strong> Dieser Muscadet bietet eine sch\u00f6ne mineralische Dominanz in der Nase, nuanciert durch eine zitronige Frische.<br \/>\n<strong>M\u00fcnder<\/strong><strong> <\/strong><strong>: <\/strong>Diese Cuv\u00e9e dr\u00fcckt die Mineralit\u00e4t aus, die ihre Geburt erlebt hat. Im Mund ist er ehrlich und geradlinig mit einem langen Abgang.<br \/>\n<strong>Lagerf\u00e4higkeit<\/strong><strong> <\/strong><strong>: <\/strong>3 bis 4 Jahre und \u00e4lter<br \/>\n<strong>Betriebstemperatur<\/strong><strong> <\/strong><strong>:<\/strong> Gek\u00fchlt bei 10\u00b0-12\u00b0C servieren<br \/>\n<strong>Abstimmung von Speisen und Wein<\/strong><strong> <\/strong><strong>:<\/strong> Servieren Sie es mit einem Teller mit Meeresfr\u00fcchten oder ger\u00e4uchertem Fisch.<\/p>\n<p>&nbsp;<\/p>\n","protected":false},"excerpt":{"rendered":"<p>Die Familie Poiron ist seit 1858 Winzer und seit 1890 Baumschulg\u00e4rtner und die Wurzeln der Familie sind tief mit dem Weinbau verbunden. Eric ist heute der Handwerker mit der Leidenschaft und Authentizit\u00e4t, die ihn beseelt, im Respekt der Traditionen.<br \/>\n<strong>Die Cuv\u00e9es:<\/strong> Muscadet: Domaine des quatre routes, Domaine du Manoir, Ch\u00e2teau des Grandes No\u00eblles, fief Giraud, Ch\u00e2teau de la Bidi\u00e8re, Cru Communal Monni\u00e8res St Fiacre. Landweine: Gamay ros\u00e9 und Cabernet ros\u00e9. Rot: Cabernet. Traditionelle Methode. (Apfelsaft).<br \/>\n<strong>Die Terroirs:<\/strong> Schiefer, Glimmerschiefer. Gneis, Orthogneis. Schluffiger Sand.<br \/>\nDie Rebsorten:<br \/>\n Melon de Bourgogne, Folle Blanche, Cabernet Franc &amp; Sauvignon, Gamay, Chardonnay.<br \/>\n<strong>DOP &amp; IGP: <\/strong>DOP Muscadet S\u00e8vre &amp; Maine. DOP Gros Plant du Pays Nantais. Landweine aus dem Loiretal g.g.A. Traditionelle Methode.<\/p>\n","protected":false},"featured_media":11335,"template":"","meta":{"inline_featured_image":false},"product_brand":[],"product_cat":[600,611,608],"product_tag":[618,615,617],"class_list":{"0":"post-11334","1":"product","2":"type-product","3":"status-publish","4":"has-post-thumbnail","6":"product_cat-die-weine","7":"product_cat-weinberge-nantes","8":"product_cat-weis","9":"product_tag-aperitif-de","10":"product_tag-wein","11":"product_tag-weis","12":"product_shipping_class-flasche","14":"first","15":"instock","16":"featured","17":"taxable","18":"shipping-taxable","19":"purchasable","20":"product-type-simple"},"yoast_head":"<!-- This site is optimized with the Yoast SEO plugin v27.3 - https:\/\/yoast.com\/product\/yoast-seo-wordpress\/ -->\n<title>MUSCADET SEVRE ET MAINE AOP DOMAINE DU MANOIR HENRI POIRON - Loire Gourmande - une \u00e9tape savoureuse<\/title>\n<meta name=\"description\" content=\"MUSCADET SEVRE ET MAINE AOP DOMAINE DU MANOIR HENRI POIRON. Wein aus der Loire. Bestellung im Weinkeller auf der Website von Loire Gourmande. Weinh\u00e4ndler in Turquant (49).\" \/>\n<meta name=\"robots\" content=\"index, follow, max-snippet:-1, max-image-preview:large, max-video-preview:-1\" \/>\n<link rel=\"canonical\" href=\"https:\/\/www.loire-gourmande.fr\/de\/Produkt\/muscadet-sevre-et-maine-aop-domaine-du-manoir-henri-poiron\/\" \/>\n<meta property=\"og:locale\" content=\"de_DE\" \/>\n<meta property=\"og:type\" content=\"article\" \/>\n<meta property=\"og:title\" content=\"MUSCADET SEVRE ET MAINE AOP DOMAINE DU MANOIR HENRI POIRON - Loire Gourmande - une \u00e9tape savoureuse\" \/>\n<meta property=\"og:description\" content=\"MUSCADET SEVRE ET MAINE AOP DOMAINE DU MANOIR HENRI POIRON. Wein aus der Loire. Bestellung im Weinkeller auf der Website von Loire Gourmande. Weinh\u00e4ndler in Turquant (49).\" \/>\n<meta property=\"og:url\" content=\"https:\/\/www.loire-gourmande.fr\/de\/Produkt\/muscadet-sevre-et-maine-aop-domaine-du-manoir-henri-poiron\/\" \/>\n<meta property=\"og:site_name\" content=\"Loire Gourmande - une \u00e9tape savoureuse\" \/>\n<meta property=\"article:publisher\" content=\"https:\/\/www.facebook.com\/Loire-Gourmande-Turquant-101991328328493\/\" \/>\n<meta property=\"article:modified_time\" content=\"2025-05-27T15:32:15+00:00\" \/>\n<meta property=\"og:image\" content=\"https:\/\/www.loire-gourmande.fr\/wp-content\/uploads\/2021\/04\/MUSCADET-SEVRE-ET-MAINE-AOP-DOMAINE-DU-MANOIR.jpg\" \/>\n\t<meta property=\"og:image:width\" content=\"800\" \/>\n\t<meta property=\"og:image:height\" content=\"800\" \/>\n\t<meta property=\"og:image:type\" content=\"image\/jpeg\" \/>\n<meta name=\"twitter:card\" content=\"summary_large_image\" \/>\n<meta name=\"twitter:label1\" content=\"Gesch\u00e4tzte Lesezeit\" \/>\n\t<meta name=\"twitter:data1\" content=\"1\u00a0Minute\" \/>\n<script type=\"application\/ld+json\" class=\"yoast-schema-graph\">{\"@context\":\"https:\\\/\\\/schema.org\",\"@graph\":[{\"@type\":\"WebPage\",\"@id\":\"https:\\\/\\\/www.loire-gourmande.fr\\\/de\\\/Produkt\\\/muscadet-sevre-et-maine-aop-domaine-du-manoir-henri-poiron\\\/\",\"url\":\"https:\\\/\\\/www.loire-gourmande.fr\\\/de\\\/Produkt\\\/muscadet-sevre-et-maine-aop-domaine-du-manoir-henri-poiron\\\/\",\"name\":\"MUSCADET SEVRE ET MAINE AOP DOMAINE DU MANOIR HENRI POIRON - Loire Gourmande - une \u00e9tape savoureuse\",\"isPartOf\":{\"@id\":\"https:\\\/\\\/www.loire-gourmande.fr\\\/de\\\/#website\"},\"primaryImageOfPage\":{\"@id\":\"https:\\\/\\\/www.loire-gourmande.fr\\\/de\\\/Produkt\\\/muscadet-sevre-et-maine-aop-domaine-du-manoir-henri-poiron\\\/#primaryimage\"},\"image\":{\"@id\":\"https:\\\/\\\/www.loire-gourmande.fr\\\/de\\\/Produkt\\\/muscadet-sevre-et-maine-aop-domaine-du-manoir-henri-poiron\\\/#primaryimage\"},\"thumbnailUrl\":\"https:\\\/\\\/www.loire-gourmande.fr\\\/wp-content\\\/uploads\\\/2021\\\/04\\\/MUSCADET-SEVRE-ET-MAINE-AOP-DOMAINE-DU-MANOIR.jpg\",\"datePublished\":\"2021-04-29T09:05:28+00:00\",\"dateModified\":\"2025-05-27T15:32:15+00:00\",\"description\":\"MUSCADET SEVRE ET MAINE AOP DOMAINE DU MANOIR HENRI POIRON. Wein aus der Loire. Bestellung im Weinkeller auf der Website von Loire Gourmande. Weinh\u00e4ndler in Turquant (49).\",\"breadcrumb\":{\"@id\":\"https:\\\/\\\/www.loire-gourmande.fr\\\/de\\\/Produkt\\\/muscadet-sevre-et-maine-aop-domaine-du-manoir-henri-poiron\\\/#breadcrumb\"},\"inLanguage\":\"de\",\"potentialAction\":[{\"@type\":\"ReadAction\",\"target\":[\"https:\\\/\\\/www.loire-gourmande.fr\\\/de\\\/Produkt\\\/muscadet-sevre-et-maine-aop-domaine-du-manoir-henri-poiron\\\/\"]}]},{\"@type\":\"ImageObject\",\"inLanguage\":\"de\",\"@id\":\"https:\\\/\\\/www.loire-gourmande.fr\\\/de\\\/Produkt\\\/muscadet-sevre-et-maine-aop-domaine-du-manoir-henri-poiron\\\/#primaryimage\",\"url\":\"https:\\\/\\\/www.loire-gourmande.fr\\\/wp-content\\\/uploads\\\/2021\\\/04\\\/MUSCADET-SEVRE-ET-MAINE-AOP-DOMAINE-DU-MANOIR.jpg\",\"contentUrl\":\"https:\\\/\\\/www.loire-gourmande.fr\\\/wp-content\\\/uploads\\\/2021\\\/04\\\/MUSCADET-SEVRE-ET-MAINE-AOP-DOMAINE-DU-MANOIR.jpg\",\"width\":800,\"height\":800},{\"@type\":\"BreadcrumbList\",\"@id\":\"https:\\\/\\\/www.loire-gourmande.fr\\\/de\\\/Produkt\\\/muscadet-sevre-et-maine-aop-domaine-du-manoir-henri-poiron\\\/#breadcrumb\",\"itemListElement\":[{\"@type\":\"ListItem\",\"position\":1,\"name\":\"Startseite\",\"item\":\"https:\\\/\\\/www.loire-gourmande.fr\\\/de\\\/\"},{\"@type\":\"ListItem\",\"position\":2,\"name\":\"Die Boutique de Loire Gourmande: die Weine der Loire\",\"item\":\"https:\\\/\\\/www.loire-gourmande.fr\\\/de\\\/woocommerce\\\/\"},{\"@type\":\"ListItem\",\"position\":3,\"name\":\"Die Weine\",\"item\":\"https:\\\/\\\/www.loire-gourmande.fr\\\/de\\\/Produktkategorie\\\/die-weine\\\/\"},{\"@type\":\"ListItem\",\"position\":4,\"name\":\"Weinberge Nantes\",\"item\":\"https:\\\/\\\/www.loire-gourmande.fr\\\/de\\\/Produktkategorie\\\/die-weine\\\/weinberge-nantes\\\/\"},{\"@type\":\"ListItem\",\"position\":5,\"name\":\"MUSCADET SEVRE ET MAINE AOP DOMAINE DU MANOIR HENRI POIRON\"}]},{\"@type\":\"WebSite\",\"@id\":\"https:\\\/\\\/www.loire-gourmande.fr\\\/de\\\/#website\",\"url\":\"https:\\\/\\\/www.loire-gourmande.fr\\\/de\\\/\",\"name\":\"Loire Gourmande, une \u00e9tape savoureuse\",\"description\":\"une d\u00e9gustation \u00e0 toute heure et une boutique \u00e0 visiter \u00e0 Turquant (49)\",\"publisher\":{\"@id\":\"https:\\\/\\\/www.loire-gourmande.fr\\\/de\\\/#organization\"},\"potentialAction\":[{\"@type\":\"SearchAction\",\"target\":{\"@type\":\"EntryPoint\",\"urlTemplate\":\"https:\\\/\\\/www.loire-gourmande.fr\\\/de\\\/?s={search_term_string}\"},\"query-input\":{\"@type\":\"PropertyValueSpecification\",\"valueRequired\":true,\"valueName\":\"search_term_string\"}}],\"inLanguage\":\"de\"},{\"@type\":\"Organization\",\"@id\":\"https:\\\/\\\/www.loire-gourmande.fr\\\/de\\\/#organization\",\"name\":\"Loire Gourmande - Schnellrestaurant und Besuch in Turquant (49)\",\"url\":\"https:\\\/\\\/www.loire-gourmande.fr\\\/de\\\/\",\"logo\":{\"@type\":\"ImageObject\",\"inLanguage\":\"de\",\"@id\":\"https:\\\/\\\/www.loire-gourmande.fr\\\/de\\\/#\\\/schema\\\/logo\\\/image\\\/\",\"url\":\"https:\\\/\\\/www.loire-gourmande.fr\\\/wp-content\\\/uploads\\\/2020\\\/10\\\/loire-gourmande-logo.jpg\",\"contentUrl\":\"https:\\\/\\\/www.loire-gourmande.fr\\\/wp-content\\\/uploads\\\/2020\\\/10\\\/loire-gourmande-logo.jpg\",\"width\":800,\"height\":415,\"caption\":\"Loire Gourmande - Schnellrestaurant und Besuch in Turquant (49)\"},\"image\":{\"@id\":\"https:\\\/\\\/www.loire-gourmande.fr\\\/de\\\/#\\\/schema\\\/logo\\\/image\\\/\"},\"sameAs\":[\"https:\\\/\\\/www.facebook.com\\\/Loire-Gourmande-Turquant-101991328328493\\\/\",\"https:\\\/\\\/www.instagram.com\\\/jean_yves_auradon\\\/?igshid=1ta3mfjka326t\"]}]}<\/script>\n<!-- \/ Yoast SEO plugin. -->","yoast_head_json":{"title":"MUSCADET SEVRE ET MAINE AOP DOMAINE DU MANOIR HENRI POIRON - Loire Gourmande - une \u00e9tape savoureuse","description":"MUSCADET SEVRE ET MAINE AOP DOMAINE DU MANOIR HENRI POIRON. Wein aus der Loire. Bestellung im Weinkeller auf der Website von Loire Gourmande. Weinh\u00e4ndler in Turquant (49).","robots":{"index":"index","follow":"follow","max-snippet":"max-snippet:-1","max-image-preview":"max-image-preview:large","max-video-preview":"max-video-preview:-1"},"canonical":"https:\/\/www.loire-gourmande.fr\/de\/Produkt\/muscadet-sevre-et-maine-aop-domaine-du-manoir-henri-poiron\/","og_locale":"de_DE","og_type":"article","og_title":"MUSCADET SEVRE ET MAINE AOP DOMAINE DU MANOIR HENRI POIRON - Loire Gourmande - une \u00e9tape savoureuse","og_description":"MUSCADET SEVRE ET MAINE AOP DOMAINE DU MANOIR HENRI POIRON. Wein aus der Loire. Bestellung im Weinkeller auf der Website von Loire Gourmande. Weinh\u00e4ndler in Turquant (49).","og_url":"https:\/\/www.loire-gourmande.fr\/de\/Produkt\/muscadet-sevre-et-maine-aop-domaine-du-manoir-henri-poiron\/","og_site_name":"Loire Gourmande - une \u00e9tape savoureuse","article_publisher":"https:\/\/www.facebook.com\/Loire-Gourmande-Turquant-101991328328493\/","article_modified_time":"2025-05-27T15:32:15+00:00","og_image":[{"width":800,"height":800,"url":"https:\/\/www.loire-gourmande.fr\/wp-content\/uploads\/2021\/04\/MUSCADET-SEVRE-ET-MAINE-AOP-DOMAINE-DU-MANOIR.jpg","type":"image\/jpeg"}],"twitter_card":"summary_large_image","twitter_misc":{"Gesch\u00e4tzte Lesezeit":"1\u00a0Minute"},"schema":{"@context":"https:\/\/schema.org","@graph":[{"@type":"WebPage","@id":"https:\/\/www.loire-gourmande.fr\/de\/Produkt\/muscadet-sevre-et-maine-aop-domaine-du-manoir-henri-poiron\/","url":"https:\/\/www.loire-gourmande.fr\/de\/Produkt\/muscadet-sevre-et-maine-aop-domaine-du-manoir-henri-poiron\/","name":"MUSCADET SEVRE ET MAINE AOP DOMAINE DU MANOIR HENRI POIRON - Loire Gourmande - une \u00e9tape savoureuse","isPartOf":{"@id":"https:\/\/www.loire-gourmande.fr\/de\/#website"},"primaryImageOfPage":{"@id":"https:\/\/www.loire-gourmande.fr\/de\/Produkt\/muscadet-sevre-et-maine-aop-domaine-du-manoir-henri-poiron\/#primaryimage"},"image":{"@id":"https:\/\/www.loire-gourmande.fr\/de\/Produkt\/muscadet-sevre-et-maine-aop-domaine-du-manoir-henri-poiron\/#primaryimage"},"thumbnailUrl":"https:\/\/www.loire-gourmande.fr\/wp-content\/uploads\/2021\/04\/MUSCADET-SEVRE-ET-MAINE-AOP-DOMAINE-DU-MANOIR.jpg","datePublished":"2021-04-29T09:05:28+00:00","dateModified":"2025-05-27T15:32:15+00:00","description":"MUSCADET SEVRE ET MAINE AOP DOMAINE DU MANOIR HENRI POIRON. Wein aus der Loire. Bestellung im Weinkeller auf der Website von Loire Gourmande. Weinh\u00e4ndler in Turquant (49).","breadcrumb":{"@id":"https:\/\/www.loire-gourmande.fr\/de\/Produkt\/muscadet-sevre-et-maine-aop-domaine-du-manoir-henri-poiron\/#breadcrumb"},"inLanguage":"de","potentialAction":[{"@type":"ReadAction","target":["https:\/\/www.loire-gourmande.fr\/de\/Produkt\/muscadet-sevre-et-maine-aop-domaine-du-manoir-henri-poiron\/"]}]},{"@type":"ImageObject","inLanguage":"de","@id":"https:\/\/www.loire-gourmande.fr\/de\/Produkt\/muscadet-sevre-et-maine-aop-domaine-du-manoir-henri-poiron\/#primaryimage","url":"https:\/\/www.loire-gourmande.fr\/wp-content\/uploads\/2021\/04\/MUSCADET-SEVRE-ET-MAINE-AOP-DOMAINE-DU-MANOIR.jpg","contentUrl":"https:\/\/www.loire-gourmande.fr\/wp-content\/uploads\/2021\/04\/MUSCADET-SEVRE-ET-MAINE-AOP-DOMAINE-DU-MANOIR.jpg","width":800,"height":800},{"@type":"BreadcrumbList","@id":"https:\/\/www.loire-gourmande.fr\/de\/Produkt\/muscadet-sevre-et-maine-aop-domaine-du-manoir-henri-poiron\/#breadcrumb","itemListElement":[{"@type":"ListItem","position":1,"name":"Startseite","item":"https:\/\/www.loire-gourmande.fr\/de\/"},{"@type":"ListItem","position":2,"name":"Die Boutique de Loire Gourmande: die Weine der Loire","item":"https:\/\/www.loire-gourmande.fr\/de\/woocommerce\/"},{"@type":"ListItem","position":3,"name":"Die Weine","item":"https:\/\/www.loire-gourmande.fr\/de\/Produktkategorie\/die-weine\/"},{"@type":"ListItem","position":4,"name":"Weinberge Nantes","item":"https:\/\/www.loire-gourmande.fr\/de\/Produktkategorie\/die-weine\/weinberge-nantes\/"},{"@type":"ListItem","position":5,"name":"MUSCADET SEVRE ET MAINE AOP DOMAINE DU MANOIR HENRI POIRON"}]},{"@type":"WebSite","@id":"https:\/\/www.loire-gourmande.fr\/de\/#website","url":"https:\/\/www.loire-gourmande.fr\/de\/","name":"Loire Gourmande, une \u00e9tape savoureuse","description":"une d\u00e9gustation \u00e0 toute heure et une boutique \u00e0 visiter \u00e0 Turquant (49)","publisher":{"@id":"https:\/\/www.loire-gourmande.fr\/de\/#organization"},"potentialAction":[{"@type":"SearchAction","target":{"@type":"EntryPoint","urlTemplate":"https:\/\/www.loire-gourmande.fr\/de\/?s={search_term_string}"},"query-input":{"@type":"PropertyValueSpecification","valueRequired":true,"valueName":"search_term_string"}}],"inLanguage":"de"},{"@type":"Organization","@id":"https:\/\/www.loire-gourmande.fr\/de\/#organization","name":"Loire Gourmande - Schnellrestaurant und Besuch in Turquant (49)","url":"https:\/\/www.loire-gourmande.fr\/de\/","logo":{"@type":"ImageObject","inLanguage":"de","@id":"https:\/\/www.loire-gourmande.fr\/de\/#\/schema\/logo\/image\/","url":"https:\/\/www.loire-gourmande.fr\/wp-content\/uploads\/2020\/10\/loire-gourmande-logo.jpg","contentUrl":"https:\/\/www.loire-gourmande.fr\/wp-content\/uploads\/2020\/10\/loire-gourmande-logo.jpg","width":800,"height":415,"caption":"Loire Gourmande - Schnellrestaurant und Besuch in Turquant (49)"},"image":{"@id":"https:\/\/www.loire-gourmande.fr\/de\/#\/schema\/logo\/image\/"},"sameAs":["https:\/\/www.facebook.com\/Loire-Gourmande-Turquant-101991328328493\/","https:\/\/www.instagram.com\/jean_yves_auradon\/?igshid=1ta3mfjka326t"]}]}},"_links":{"self":[{"href":"https:\/\/www.loire-gourmande.fr\/de\/wp-json\/wp\/v2\/product\/11334","targetHints":{"allow":["GET"]}}],"collection":[{"href":"https:\/\/www.loire-gourmande.fr\/de\/wp-json\/wp\/v2\/product"}],"about":[{"href":"https:\/\/www.loire-gourmande.fr\/de\/wp-json\/wp\/v2\/types\/product"}],"version-history":[{"count":2,"href":"https:\/\/www.loire-gourmande.fr\/de\/wp-json\/wp\/v2\/product\/11334\/revisions"}],"predecessor-version":[{"id":13283,"href":"https:\/\/www.loire-gourmande.fr\/de\/wp-json\/wp\/v2\/product\/11334\/revisions\/13283"}],"wp:featuredmedia":[{"embeddable":true,"href":"https:\/\/www.loire-gourmande.fr\/de\/wp-json\/wp\/v2\/media\/11335"}],"wp:attachment":[{"href":"https:\/\/www.loire-gourmande.fr\/de\/wp-json\/wp\/v2\/media?parent=11334"}],"wp:term":[{"taxonomy":"product_brand","embeddable":true,"href":"https:\/\/www.loire-gourmande.fr\/de\/wp-json\/wp\/v2\/product_brand?post=11334"},{"taxonomy":"product_cat","embeddable":true,"href":"https:\/\/www.loire-gourmande.fr\/de\/wp-json\/wp\/v2\/product_cat?post=11334"},{"taxonomy":"product_tag","embeddable":true,"href":"https:\/\/www.loire-gourmande.fr\/de\/wp-json\/wp\/v2\/product_tag?post=11334"}],"curies":[{"name":"wp","href":"https:\/\/api.w.org\/{rel}","templated":true}]}}