{"id":11337,"date":"2021-04-29T10:05:34","date_gmt":"2021-04-29T09:05:34","guid":{"rendered":"https:\/\/www.loire-gourmande.fr\/produit\/cremant-de-loire-blanc-la-folie-des-loups-domaine-de-nerleux\/"},"modified":"2025-05-27T16:31:32","modified_gmt":"2025-05-27T15:31:32","slug":"cremant-de-loire-blanc-la-folie-des-loups-domaine-de-nerleux","status":"publish","type":"product","link":"https:\/\/www.loire-gourmande.fr\/de\/Produkt\/cremant-de-loire-blanc-la-folie-des-loups-domaine-de-nerleux\/","title":{"rendered":"CR\u00c9MANT DE LOIRE BLANC &#8222;LA FOLIE DES LOUPS&#8220; DOMAINE DE NERLEUX"},"content":{"rendered":"<div>\n<p>Diese Cuv\u00e9e aus feinen Bl\u00e4schen wird Sie mit ihrer aromatischen Frische und ihrem geschmacklichen Ton verf\u00fchren! Die feinen Bl\u00e4schen steigen im Glas auf und tragen die ganze aromatische Frische der Rebsorten Chardonnay und Chenin mit sich: wei\u00dfe Fr\u00fcchte (\u00c4pfel, Birnen usw.), Zitrusfr\u00fcchte (Zitronen, Grapefruit), Blumen (Lindenbl\u00fcten, Akazien usw.) und getrocknete Fr\u00fcchte (Mandeln, Haseln\u00fcsse usw.). Am Gaumen ist er wie eine noch warme Brioche, knackig in seinen Aromen und frisch in seinem geschmacklichen Ton.<br \/>\nEin Wort von der Winzerin Am\u00e9lie Neau: Blassgelber Cr\u00e9mant mit goldenen Reflexen, die von sehr feinen Bl\u00e4schen belebt werden. Die Nase vereint den Duft von roten Fr\u00fcchten und Holz. Am Gaumen ist er harmonisch, ausgewogen und lang und hinterl\u00e4sst ein Gef\u00fchl von Frische, das f\u00fcr die Appellation typisch ist.<\/p>\n<p><b>Produktion  <\/b><br \/>\n<b>Bodenbeschaffenheit : <\/b> Lehm-Kalkstein<br \/>\n<b>Rebsorte <\/b>: 70% Chenin, 15% Chardonnay, 15% Cabernet Franc <b>Fl\u00e4che <\/b>: 3 Hektar<br \/>\n<b>Ertrag <\/b>: 60 hl\/ha<br \/>\nLage an den H\u00e4ngen. Dauerbegr\u00fcnung.  <b>BIO-UMSTELLUNG IM GANGE  <\/b><br \/>\n<b>Weinherstellung <\/b><br \/>\nManuelle Ernte in durchbrochenen Kisten, um die ganzen und unversehrten Trauben zur Presse zu bringen.<br \/>\nSchonende Pressung mit Auswahl an S\u00e4ften.<br \/>\nAusarbeitung nach der traditionellen Methode.<br \/>\n<b>Z\u00fcchtung <\/b><br \/>\nZweite G\u00e4rung in Flaschen.<br \/>\nDegorgierung 18 bis 24 Monate nach der zweiten G\u00e4rung, d.h. ca. 2 Jahre Reifung auf Lamellen.<br \/>\n<b>Portion: 4-5\u00b0C <\/b><br \/>\nIdeal jetzt. Haltbarkeit zwischen 1 und 4 Jahren.<br \/>\n<b>Schmeckend <\/b><br \/>\nDie feinen Bl\u00e4schen steigen im Glas auf und tragen die ganze aromatische Frische der Rebsorten Chardonnay, Chenin und Cabernet Franc in sich: wei\u00dfe Fr\u00fcchte (Birnen), Zitrusfr\u00fcchte (Zitronen, Grapefruits), Blumen (Lindenbl\u00fcten, Akazie) und getrocknete Fr\u00fcchte (Mandeln, Haseln\u00fcsse).<br \/>\n<b>Am Gaumen <\/b>ist er wie eine noch warme Brioche, knusprig durch seine Aromen und frisch durch seinen Geschmackstonus.<br \/>\nSpeisen<b>&#8211; und Weinkombinationen <\/b><br \/>\nFisch serviert mit einer cremigen Reduktionssauce. Cassolettes oder<br \/>\nMeeresfr\u00fcchtepasteten Cremiges wei\u00dfes Fleisch, getr\u00fcffelte Blutwurst, gebratene<br \/>\nJakobsmuscheln Einige K\u00e4sesorten (Comt\u00e9 usw.) <\/p>\n<\/div>\n","protected":false},"excerpt":{"rendered":"<p>Die Domaine de Nerleux ist ein Familienweingut im Loire-Tal. Die Nerleux, &#8222;Schwarze W\u00f6lfe&#8220; auf Altfranz\u00f6sisch, haben vor langer Zeit den Weinbergen Platz gemacht und Am\u00e9lie Neau, die 9.<\/p>\n<p>Die letzte Generation wird von Am\u00e9lie Neau repr\u00e4sentiert, die 2010 nach einer zehnj\u00e4hrigen Berufserfahrung im Bankensektor dem Ruf des Landes, ihres Landes, folgte. Nach einer Ausbildung in Weinbau und Weinbereitung arbeitet sie mit ihren Eltern, Elisabeth und R\u00e9gis, auf dem Weingut. Die \u00dcbergabe war von kurzer Dauer und Am\u00e9lie \u00fcbernahm schnell den Betrieb ihrer Eltern, die nun ihren wohlverdienten Ruhestand genie\u00dfen.<\/p>\n","protected":false},"featured_media":11338,"template":"","meta":{"inline_featured_image":false},"product_brand":[],"product_cat":[602,603,600,621,608],"product_tag":[618,652,615,617],"class_list":{"0":"post-11337","1":"product","2":"type-product","3":"status-publish","4":"has-post-thumbnail","6":"product_cat-anjou-de","7":"product_cat-bio-wein","8":"product_cat-die-weine","9":"product_cat-schaumwein","10":"product_cat-weis","11":"product_tag-aperitif-de","12":"product_tag-nachtisch","13":"product_tag-wein","14":"product_tag-weis","15":"product_shipping_class-flasche","17":"first","18":"instock","19":"featured","20":"taxable","21":"shipping-taxable","22":"purchasable","23":"product-type-simple"},"yoast_head":"<!-- This site is optimized with the Yoast SEO plugin v27.6 - https:\/\/yoast.com\/product\/yoast-seo-wordpress\/ -->\n<title>CR\u00c9MANT DE LOIRE BLANC &quot;LA FOLIE DES LOUPS&quot; DOMAINE DE NERLEUX - Loire Gourmande - une \u00e9tape savoureuse<\/title>\n<meta name=\"description\" content=\"CR\u00c9MANT DE LOIRE BLANC &quot;LA FOLIE DES LOUPS&quot; DOMAINE DE NERLEUX. Wein aus der Loire. Bestellung im Weinkeller auf der Website von Loire Gourmande. Weinh\u00e4ndler in Turquant (49).\" \/>\n<meta name=\"robots\" content=\"index, follow, max-snippet:-1, max-image-preview:large, max-video-preview:-1\" \/>\n<link rel=\"canonical\" href=\"https:\/\/www.loire-gourmande.fr\/de\/Produkt\/cremant-de-loire-blanc-la-folie-des-loups-domaine-de-nerleux\/\" \/>\n<meta property=\"og:locale\" content=\"de_DE\" \/>\n<meta property=\"og:type\" content=\"article\" \/>\n<meta property=\"og:title\" content=\"CR\u00c9MANT DE LOIRE BLANC &quot;LA FOLIE DES LOUPS&quot; DOMAINE DE NERLEUX - Loire Gourmande - une \u00e9tape savoureuse\" \/>\n<meta property=\"og:description\" content=\"CR\u00c9MANT DE LOIRE BLANC &quot;LA FOLIE DES LOUPS&quot; DOMAINE DE NERLEUX. Wein aus der Loire. Bestellung im Weinkeller auf der Website von Loire Gourmande. Weinh\u00e4ndler in Turquant (49).\" \/>\n<meta property=\"og:url\" content=\"https:\/\/www.loire-gourmande.fr\/de\/Produkt\/cremant-de-loire-blanc-la-folie-des-loups-domaine-de-nerleux\/\" \/>\n<meta property=\"og:site_name\" content=\"Loire Gourmande - une \u00e9tape savoureuse\" \/>\n<meta property=\"article:publisher\" content=\"https:\/\/www.facebook.com\/Loire-Gourmande-Turquant-101991328328493\/\" \/>\n<meta property=\"article:modified_time\" content=\"2025-05-27T15:31:32+00:00\" \/>\n<meta property=\"og:image\" content=\"https:\/\/www.loire-gourmande.fr\/wp-content\/uploads\/2021\/04\/Folie-des-Loups-3.jpg\" \/>\n\t<meta property=\"og:image:width\" content=\"800\" \/>\n\t<meta property=\"og:image:height\" content=\"800\" \/>\n\t<meta property=\"og:image:type\" content=\"image\/jpeg\" \/>\n<meta name=\"twitter:card\" content=\"summary_large_image\" \/>\n<meta name=\"twitter:label1\" content=\"Gesch\u00e4tzte Lesezeit\" \/>\n\t<meta name=\"twitter:data1\" content=\"2\u00a0Minuten\" \/>\n<script type=\"application\/ld+json\" class=\"yoast-schema-graph\">{\"@context\":\"https:\\\/\\\/schema.org\",\"@graph\":[{\"@type\":\"WebPage\",\"@id\":\"https:\\\/\\\/www.loire-gourmande.fr\\\/de\\\/Produkt\\\/cremant-de-loire-blanc-la-folie-des-loups-domaine-de-nerleux\\\/\",\"url\":\"https:\\\/\\\/www.loire-gourmande.fr\\\/de\\\/Produkt\\\/cremant-de-loire-blanc-la-folie-des-loups-domaine-de-nerleux\\\/\",\"name\":\"CR\u00c9MANT DE LOIRE BLANC \\\"LA FOLIE DES LOUPS\\\" DOMAINE DE NERLEUX - Loire Gourmande - une \u00e9tape savoureuse\",\"isPartOf\":{\"@id\":\"https:\\\/\\\/www.loire-gourmande.fr\\\/de\\\/#website\"},\"primaryImageOfPage\":{\"@id\":\"https:\\\/\\\/www.loire-gourmande.fr\\\/de\\\/Produkt\\\/cremant-de-loire-blanc-la-folie-des-loups-domaine-de-nerleux\\\/#primaryimage\"},\"image\":{\"@id\":\"https:\\\/\\\/www.loire-gourmande.fr\\\/de\\\/Produkt\\\/cremant-de-loire-blanc-la-folie-des-loups-domaine-de-nerleux\\\/#primaryimage\"},\"thumbnailUrl\":\"https:\\\/\\\/www.loire-gourmande.fr\\\/wp-content\\\/uploads\\\/2021\\\/04\\\/Folie-des-Loups-3.jpg\",\"datePublished\":\"2021-04-29T09:05:34+00:00\",\"dateModified\":\"2025-05-27T15:31:32+00:00\",\"description\":\"CR\u00c9MANT DE LOIRE BLANC \\\"LA FOLIE DES LOUPS\\\" DOMAINE DE NERLEUX. Wein aus der Loire. Bestellung im Weinkeller auf der Website von Loire Gourmande. Weinh\u00e4ndler in Turquant (49).\",\"breadcrumb\":{\"@id\":\"https:\\\/\\\/www.loire-gourmande.fr\\\/de\\\/Produkt\\\/cremant-de-loire-blanc-la-folie-des-loups-domaine-de-nerleux\\\/#breadcrumb\"},\"inLanguage\":\"de\",\"potentialAction\":[{\"@type\":\"ReadAction\",\"target\":[\"https:\\\/\\\/www.loire-gourmande.fr\\\/de\\\/Produkt\\\/cremant-de-loire-blanc-la-folie-des-loups-domaine-de-nerleux\\\/\"]}]},{\"@type\":\"ImageObject\",\"inLanguage\":\"de\",\"@id\":\"https:\\\/\\\/www.loire-gourmande.fr\\\/de\\\/Produkt\\\/cremant-de-loire-blanc-la-folie-des-loups-domaine-de-nerleux\\\/#primaryimage\",\"url\":\"https:\\\/\\\/www.loire-gourmande.fr\\\/wp-content\\\/uploads\\\/2021\\\/04\\\/Folie-des-Loups-3.jpg\",\"contentUrl\":\"https:\\\/\\\/www.loire-gourmande.fr\\\/wp-content\\\/uploads\\\/2021\\\/04\\\/Folie-des-Loups-3.jpg\",\"width\":800,\"height\":800},{\"@type\":\"BreadcrumbList\",\"@id\":\"https:\\\/\\\/www.loire-gourmande.fr\\\/de\\\/Produkt\\\/cremant-de-loire-blanc-la-folie-des-loups-domaine-de-nerleux\\\/#breadcrumb\",\"itemListElement\":[{\"@type\":\"ListItem\",\"position\":1,\"name\":\"Startseite\",\"item\":\"https:\\\/\\\/www.loire-gourmande.fr\\\/de\\\/\"},{\"@type\":\"ListItem\",\"position\":2,\"name\":\"Die Boutique de Loire Gourmande: die Weine der Loire\",\"item\":\"https:\\\/\\\/www.loire-gourmande.fr\\\/de\\\/woocommerce\\\/\"},{\"@type\":\"ListItem\",\"position\":3,\"name\":\"Die Weine\",\"item\":\"https:\\\/\\\/www.loire-gourmande.fr\\\/de\\\/Produktkategorie\\\/die-weine\\\/\"},{\"@type\":\"ListItem\",\"position\":4,\"name\":\"Anjou\",\"item\":\"https:\\\/\\\/www.loire-gourmande.fr\\\/de\\\/Produktkategorie\\\/die-weine\\\/anjou-de\\\/\"},{\"@type\":\"ListItem\",\"position\":5,\"name\":\"CR\u00c9MANT DE LOIRE BLANC \u00ab\u00a0LA FOLIE DES LOUPS\u00a0\u00bb DOMAINE DE NERLEUX\"}]},{\"@type\":\"WebSite\",\"@id\":\"https:\\\/\\\/www.loire-gourmande.fr\\\/de\\\/#website\",\"url\":\"https:\\\/\\\/www.loire-gourmande.fr\\\/de\\\/\",\"name\":\"Loire Gourmande, une \u00e9tape savoureuse\",\"description\":\"une d\u00e9gustation \u00e0 toute heure et une boutique \u00e0 visiter \u00e0 Turquant (49)\",\"publisher\":{\"@id\":\"https:\\\/\\\/www.loire-gourmande.fr\\\/de\\\/#organization\"},\"potentialAction\":[{\"@type\":\"SearchAction\",\"target\":{\"@type\":\"EntryPoint\",\"urlTemplate\":\"https:\\\/\\\/www.loire-gourmande.fr\\\/de\\\/?s={search_term_string}\"},\"query-input\":{\"@type\":\"PropertyValueSpecification\",\"valueRequired\":true,\"valueName\":\"search_term_string\"}}],\"inLanguage\":\"de\"},{\"@type\":\"Organization\",\"@id\":\"https:\\\/\\\/www.loire-gourmande.fr\\\/de\\\/#organization\",\"name\":\"Loire Gourmande - Schnellrestaurant und Besuch in Turquant (49)\",\"url\":\"https:\\\/\\\/www.loire-gourmande.fr\\\/de\\\/\",\"logo\":{\"@type\":\"ImageObject\",\"inLanguage\":\"de\",\"@id\":\"https:\\\/\\\/www.loire-gourmande.fr\\\/de\\\/#\\\/schema\\\/logo\\\/image\\\/\",\"url\":\"https:\\\/\\\/www.loire-gourmande.fr\\\/wp-content\\\/uploads\\\/2020\\\/10\\\/loire-gourmande-logo.jpg\",\"contentUrl\":\"https:\\\/\\\/www.loire-gourmande.fr\\\/wp-content\\\/uploads\\\/2020\\\/10\\\/loire-gourmande-logo.jpg\",\"width\":800,\"height\":415,\"caption\":\"Loire Gourmande - Schnellrestaurant und Besuch in Turquant (49)\"},\"image\":{\"@id\":\"https:\\\/\\\/www.loire-gourmande.fr\\\/de\\\/#\\\/schema\\\/logo\\\/image\\\/\"},\"sameAs\":[\"https:\\\/\\\/www.facebook.com\\\/Loire-Gourmande-Turquant-101991328328493\\\/\",\"https:\\\/\\\/www.instagram.com\\\/jean_yves_auradon\\\/?igshid=1ta3mfjka326t\"]}]}<\/script>\n<!-- \/ Yoast SEO plugin. -->","yoast_head_json":{"title":"CR\u00c9MANT DE LOIRE BLANC \"LA FOLIE DES LOUPS\" DOMAINE DE NERLEUX - Loire Gourmande - une \u00e9tape savoureuse","description":"CR\u00c9MANT DE LOIRE BLANC \"LA FOLIE DES LOUPS\" DOMAINE DE NERLEUX. Wein aus der Loire. Bestellung im Weinkeller auf der Website von Loire Gourmande. Weinh\u00e4ndler in Turquant (49).","robots":{"index":"index","follow":"follow","max-snippet":"max-snippet:-1","max-image-preview":"max-image-preview:large","max-video-preview":"max-video-preview:-1"},"canonical":"https:\/\/www.loire-gourmande.fr\/de\/Produkt\/cremant-de-loire-blanc-la-folie-des-loups-domaine-de-nerleux\/","og_locale":"de_DE","og_type":"article","og_title":"CR\u00c9MANT DE LOIRE BLANC \"LA FOLIE DES LOUPS\" DOMAINE DE NERLEUX - Loire Gourmande - une \u00e9tape savoureuse","og_description":"CR\u00c9MANT DE LOIRE BLANC \"LA FOLIE DES LOUPS\" DOMAINE DE NERLEUX. Wein aus der Loire. Bestellung im Weinkeller auf der Website von Loire Gourmande. Weinh\u00e4ndler in Turquant (49).","og_url":"https:\/\/www.loire-gourmande.fr\/de\/Produkt\/cremant-de-loire-blanc-la-folie-des-loups-domaine-de-nerleux\/","og_site_name":"Loire Gourmande - une \u00e9tape savoureuse","article_publisher":"https:\/\/www.facebook.com\/Loire-Gourmande-Turquant-101991328328493\/","article_modified_time":"2025-05-27T15:31:32+00:00","og_image":[{"width":800,"height":800,"url":"https:\/\/www.loire-gourmande.fr\/wp-content\/uploads\/2021\/04\/Folie-des-Loups-3.jpg","type":"image\/jpeg"}],"twitter_card":"summary_large_image","twitter_misc":{"Gesch\u00e4tzte Lesezeit":"2\u00a0Minuten"},"schema":{"@context":"https:\/\/schema.org","@graph":[{"@type":"WebPage","@id":"https:\/\/www.loire-gourmande.fr\/de\/Produkt\/cremant-de-loire-blanc-la-folie-des-loups-domaine-de-nerleux\/","url":"https:\/\/www.loire-gourmande.fr\/de\/Produkt\/cremant-de-loire-blanc-la-folie-des-loups-domaine-de-nerleux\/","name":"CR\u00c9MANT DE LOIRE BLANC \"LA FOLIE DES LOUPS\" DOMAINE DE NERLEUX - Loire Gourmande - une \u00e9tape savoureuse","isPartOf":{"@id":"https:\/\/www.loire-gourmande.fr\/de\/#website"},"primaryImageOfPage":{"@id":"https:\/\/www.loire-gourmande.fr\/de\/Produkt\/cremant-de-loire-blanc-la-folie-des-loups-domaine-de-nerleux\/#primaryimage"},"image":{"@id":"https:\/\/www.loire-gourmande.fr\/de\/Produkt\/cremant-de-loire-blanc-la-folie-des-loups-domaine-de-nerleux\/#primaryimage"},"thumbnailUrl":"https:\/\/www.loire-gourmande.fr\/wp-content\/uploads\/2021\/04\/Folie-des-Loups-3.jpg","datePublished":"2021-04-29T09:05:34+00:00","dateModified":"2025-05-27T15:31:32+00:00","description":"CR\u00c9MANT DE LOIRE BLANC \"LA FOLIE DES LOUPS\" DOMAINE DE NERLEUX. Wein aus der Loire. Bestellung im Weinkeller auf der Website von Loire Gourmande. Weinh\u00e4ndler in Turquant (49).","breadcrumb":{"@id":"https:\/\/www.loire-gourmande.fr\/de\/Produkt\/cremant-de-loire-blanc-la-folie-des-loups-domaine-de-nerleux\/#breadcrumb"},"inLanguage":"de","potentialAction":[{"@type":"ReadAction","target":["https:\/\/www.loire-gourmande.fr\/de\/Produkt\/cremant-de-loire-blanc-la-folie-des-loups-domaine-de-nerleux\/"]}]},{"@type":"ImageObject","inLanguage":"de","@id":"https:\/\/www.loire-gourmande.fr\/de\/Produkt\/cremant-de-loire-blanc-la-folie-des-loups-domaine-de-nerleux\/#primaryimage","url":"https:\/\/www.loire-gourmande.fr\/wp-content\/uploads\/2021\/04\/Folie-des-Loups-3.jpg","contentUrl":"https:\/\/www.loire-gourmande.fr\/wp-content\/uploads\/2021\/04\/Folie-des-Loups-3.jpg","width":800,"height":800},{"@type":"BreadcrumbList","@id":"https:\/\/www.loire-gourmande.fr\/de\/Produkt\/cremant-de-loire-blanc-la-folie-des-loups-domaine-de-nerleux\/#breadcrumb","itemListElement":[{"@type":"ListItem","position":1,"name":"Startseite","item":"https:\/\/www.loire-gourmande.fr\/de\/"},{"@type":"ListItem","position":2,"name":"Die Boutique de Loire Gourmande: die Weine der Loire","item":"https:\/\/www.loire-gourmande.fr\/de\/woocommerce\/"},{"@type":"ListItem","position":3,"name":"Die Weine","item":"https:\/\/www.loire-gourmande.fr\/de\/Produktkategorie\/die-weine\/"},{"@type":"ListItem","position":4,"name":"Anjou","item":"https:\/\/www.loire-gourmande.fr\/de\/Produktkategorie\/die-weine\/anjou-de\/"},{"@type":"ListItem","position":5,"name":"CR\u00c9MANT DE LOIRE BLANC \u00ab\u00a0LA FOLIE DES LOUPS\u00a0\u00bb DOMAINE DE NERLEUX"}]},{"@type":"WebSite","@id":"https:\/\/www.loire-gourmande.fr\/de\/#website","url":"https:\/\/www.loire-gourmande.fr\/de\/","name":"Loire Gourmande, une \u00e9tape savoureuse","description":"une d\u00e9gustation \u00e0 toute heure et une boutique \u00e0 visiter \u00e0 Turquant (49)","publisher":{"@id":"https:\/\/www.loire-gourmande.fr\/de\/#organization"},"potentialAction":[{"@type":"SearchAction","target":{"@type":"EntryPoint","urlTemplate":"https:\/\/www.loire-gourmande.fr\/de\/?s={search_term_string}"},"query-input":{"@type":"PropertyValueSpecification","valueRequired":true,"valueName":"search_term_string"}}],"inLanguage":"de"},{"@type":"Organization","@id":"https:\/\/www.loire-gourmande.fr\/de\/#organization","name":"Loire Gourmande - Schnellrestaurant und Besuch in Turquant (49)","url":"https:\/\/www.loire-gourmande.fr\/de\/","logo":{"@type":"ImageObject","inLanguage":"de","@id":"https:\/\/www.loire-gourmande.fr\/de\/#\/schema\/logo\/image\/","url":"https:\/\/www.loire-gourmande.fr\/wp-content\/uploads\/2020\/10\/loire-gourmande-logo.jpg","contentUrl":"https:\/\/www.loire-gourmande.fr\/wp-content\/uploads\/2020\/10\/loire-gourmande-logo.jpg","width":800,"height":415,"caption":"Loire Gourmande - Schnellrestaurant und Besuch in Turquant (49)"},"image":{"@id":"https:\/\/www.loire-gourmande.fr\/de\/#\/schema\/logo\/image\/"},"sameAs":["https:\/\/www.facebook.com\/Loire-Gourmande-Turquant-101991328328493\/","https:\/\/www.instagram.com\/jean_yves_auradon\/?igshid=1ta3mfjka326t"]}]}},"_links":{"self":[{"href":"https:\/\/www.loire-gourmande.fr\/de\/wp-json\/wp\/v2\/product\/11337","targetHints":{"allow":["GET"]}}],"collection":[{"href":"https:\/\/www.loire-gourmande.fr\/de\/wp-json\/wp\/v2\/product"}],"about":[{"href":"https:\/\/www.loire-gourmande.fr\/de\/wp-json\/wp\/v2\/types\/product"}],"version-history":[{"count":2,"href":"https:\/\/www.loire-gourmande.fr\/de\/wp-json\/wp\/v2\/product\/11337\/revisions"}],"predecessor-version":[{"id":13232,"href":"https:\/\/www.loire-gourmande.fr\/de\/wp-json\/wp\/v2\/product\/11337\/revisions\/13232"}],"wp:featuredmedia":[{"embeddable":true,"href":"https:\/\/www.loire-gourmande.fr\/de\/wp-json\/wp\/v2\/media\/11338"}],"wp:attachment":[{"href":"https:\/\/www.loire-gourmande.fr\/de\/wp-json\/wp\/v2\/media?parent=11337"}],"wp:term":[{"taxonomy":"product_brand","embeddable":true,"href":"https:\/\/www.loire-gourmande.fr\/de\/wp-json\/wp\/v2\/product_brand?post=11337"},{"taxonomy":"product_cat","embeddable":true,"href":"https:\/\/www.loire-gourmande.fr\/de\/wp-json\/wp\/v2\/product_cat?post=11337"},{"taxonomy":"product_tag","embeddable":true,"href":"https:\/\/www.loire-gourmande.fr\/de\/wp-json\/wp\/v2\/product_tag?post=11337"}],"curies":[{"name":"wp","href":"https:\/\/api.w.org\/{rel}","templated":true}]}}