{"id":11343,"date":"2021-04-29T10:05:34","date_gmt":"2021-04-29T10:05:34","guid":{"rendered":"https:\/\/www.loire-gourmande.fr\/produit\/saumur-champigny-aop-les-loups-noirs-domaine-de-nerleux\/"},"modified":"2025-05-27T16:31:34","modified_gmt":"2025-05-27T15:31:34","slug":"saumur-champigny-aop-les-loups-noirs-domaine-de-nerleux","status":"publish","type":"product","link":"https:\/\/www.loire-gourmande.fr\/de\/Produkt\/saumur-champigny-aop-les-loups-noirs-domaine-de-nerleux\/","title":{"rendered":"SAUMUR CHAMPIGNY AOP LES LOUPS NOIRS DOMAINE DE NERLEUX"},"content":{"rendered":"<p>Die Farbe ist hell und tief, mit einem dunklen Granatrot und zarten violetten Reflexen, ein Zeichen f\u00fcr die gro\u00dfe Reinheit der Cabernet Franc Beeren. Die Nase liefert mit viel Feingef\u00fchl. Aromen von frischen roten Fr\u00fcchten und Kompott, ein Hauch von Blumen, dann wird die Komplexit\u00e4t sehr schnell durch einen Hauch von schwarzen Fr\u00fcchten und feinen Holz- und Vanillenoten verst\u00e4rkt, die auf den Ausbau eines Teils der Cuv\u00e9e in Eichenf\u00e4ssern hindeuten. Der Geschmackseindruck entspricht dem der Nase: eine echte Delikatesse. Der Auftakt ist rund, samtig und lieblich mit kleinen, verdichteten Tanninen, die das sch\u00f6ne Ger\u00fcst festigen und ihm Relief verleihen. Intensiv: Schmeichelnd und doch tief und nerv\u00f6s, zeigt dieser Saumur-Champigny eine fesselnde Pers\u00f6nlichkeit mit komplexen Aromen von reifen schwarzen Fr\u00fcchten. Kraft und Frische. Aromen von roten und schwarzen Fr\u00fcchten, frisch, aber auch gekocht. Eine w\u00fcrzige, vanillige und holzige Note, die die langsame und lange Reifung des Weins in Eichenf\u00e4ssern best\u00e4tigt. Der Auftakt im Mund ist rund, lieblich und fast zart, was die sehr sch\u00f6ne Reife der sehr reifen Cabernet Franc-Beeren best\u00e4tigt. Der Wein hat ein dichtes, ausgewogenes Ger\u00fcst.<\/p>\n<div>\n<p><b>Produktion  <\/b><br \/>\n<b>Bodenbeschaffenheit : <\/b> Lehm-Kalkstein<br \/>\n<b>Rebsorte <\/b>: Cabernet Franc<br \/>\n<b>Fl\u00e4che <\/b>: 1,5 Hektar<br \/>\n<b>Ertrag <\/b>: 30 hl\/ha<br \/>\nAn sehr steilen H\u00e4ngen gelegen (Parzellen von Tire-Savatte &amp; Marcadeux). Strenger R\u00fcckschnitt, Pfl\u00fcgen unter der Fruchtwand, Bodenbearbeitung in einer von zwei Reihen, Begr\u00fcnung der anderen Reihe.<br \/>\n<b>BIO-UMSTELLUNG IM GANGE<\/b><br \/>\n<b>Weinherstellung <\/b><br \/>\nManuelle Weinlese ab dem 14. Oktober 2021. Manuelle Sortierung vor dem vollst\u00e4ndigen Abbeeren der Trauben. Lange und schonende Mazeration: 32 Tage inklusive Trester, der am Ende der G\u00e4rung<br \/>\neingetaucht wurde Grad 13,8 &#8211; Gesamts\u00e4uregehalt: 3,5<br \/>\n<b>Z\u00fcchtung <\/b><br \/>\n18 Monate in F\u00e4ssern (15% neu)<br \/>\nEndg\u00fcltige Assemblage mit einem Teil desselben Weins, der in Bottichen gereift ist. Abf\u00fcllung Februar 2023.<\/p>\n<p><strong>Lagerf\u00e4higkeit: <\/strong>Zwischen 7 und 8 Jahren und mehr&#8230;<br \/>\n<b>Servieren: 18-20\u00b0C <\/b><br \/>\nDekantieren f\u00fcr ein bis zwei Stunde(n) empfohlen<br \/>\nPerfekt f\u00fcr den sofortigen Verzehr, kann aber auch zwischen 6 und 9 Jahren aufbewahrt werden.<br \/>\n<b>Verkostung  <\/b><br \/>\n<b>Die Farbe <\/b>ist violettrot mit fast schwarzen Reflexen. Die Tiefe ist stark, aber die Reflexionen sind brillant und von gro\u00dfer Reinheit.<br \/>\nBeim \u00d6ffnen mag <b>die Nase <\/b>dezent wirken, dann ganz schnell mit Bel\u00fcftung im Glas oder besser in einer Karaffe setzen sich die schwarzen Fr\u00fcchte ab und verankern sich im Geruchssinn (Brombeeren, Schwarzkirschen, schwarze Johannisbeeren&#8230;) dann karamellisierte rote Fr\u00fcchte (Erdbeeren, Himbeeren). Die holzigen und vanilligen Aromen des einj\u00e4hrigen Ausbaus in 220-Liter-F\u00e4ssern best\u00e4tigen seine Dichte, Rasse und Tiefe, ohne sich in den Vordergrund zu dr\u00e4ngen&#8230; nur den Geruchssinn zu unterst\u00fctzen und zu sublimieren.<br \/>\n<b>Der <\/b>Geschmack ist samtig, lieblich und von sch\u00f6ner Faktur. Die Tannine sind rund, dicht und umh\u00fcllt.<br \/>\nSpeisen<b>&#8211; und Weinkombinationen <\/b><br \/>\nSchmackhaftes rotes Fleisch (gegrillte Hochrippe vom Rind mit Weinsprossen, Rossini-Tournedos, Lammschulter mit Rosmarin&#8230;) Viele zubereitete Gerichte: Pot-au-feu, gesalzenes Schweinefleisch mit Linsen&#8230; Kleinwild (Ente, etc.) oder Pelzgro\u00dfwild (Wildschwein, Reh, etc.)<br \/>\nWeichk\u00e4se (Reblochon, Brie vom Bauernhof) <\/p>\n<\/div>\n","protected":false},"excerpt":{"rendered":"<p>Die Domaine de Nerleux ist ein Familienweingut im Loire-Tal. Die Nerleux, \u201eSchwarze W\u00f6lfe\u201c auf Altfranz\u00f6sisch, sind l\u00e4ngst der Rebe gewichen und seit 2010 steht Am\u00e9lie Neau, Winzer in der 9. Generation, an der Spitze.<br \/>\nDie j\u00fcngste Generation wird von Am\u00e9lie Neau repr\u00e4sentiert, die 2010 nach zehn Jahren Berufserfahrung im Bankensektor dem Ruf des Landes, ihres Landes, gefolgt ist. Nach einer Ausbildung in Weinbau und Weinbereitung arbeitet sie mit ihren Eltern, Elisabeth und R\u00e9gis, auf dem Weingut. Die \u00dcbergabe war von kurzer Dauer und Am\u00e9lie \u00fcbernahm schnell den Betrieb ihrer Eltern, die nun ihren wohlverdienten Ruhestand genie\u00dfen.<\/p>\n","protected":false},"featured_media":11344,"template":"","meta":{"inline_featured_image":false},"product_brand":[],"product_cat":[602,603,600,601],"product_tag":[620,708,615,719],"class_list":{"0":"post-11343","1":"product","2":"type-product","3":"status-publish","4":"has-post-thumbnail","6":"product_cat-anjou-de","7":"product_cat-bio-wein","8":"product_cat-die-weine","9":"product_cat-rot","10":"product_tag-fleisch","11":"product_tag-guard-de","12":"product_tag-wein","13":"product_tag-winter","14":"product_shipping_class-flasche","16":"first","17":"instock","18":"featured","19":"taxable","20":"shipping-taxable","21":"purchasable","22":"product-type-simple"},"yoast_head":"<!-- This site is optimized with the Yoast SEO plugin v27.6 - https:\/\/yoast.com\/product\/yoast-seo-wordpress\/ -->\n<title>SAUMUR CHAMPIGNY AOP LES LOUPS NOIRS DOMAINE DE NERLEUX - Loire Gourmande - une \u00e9tape savoureuse<\/title>\n<meta name=\"description\" content=\"SAUMUR CHAMPIGNY AOP LES LOUPS NOIRS DOMAINE DE NERLEUX. Wein aus der Loire. Bestellung im Weinkeller auf der Website von Loire Gourmande. Weinh\u00e4ndler in Turquant (49).\" \/>\n<meta name=\"robots\" content=\"index, follow, max-snippet:-1, max-image-preview:large, max-video-preview:-1\" \/>\n<link rel=\"canonical\" href=\"https:\/\/www.loire-gourmande.fr\/de\/Produkt\/saumur-champigny-aop-les-loups-noirs-domaine-de-nerleux\/\" \/>\n<meta property=\"og:locale\" content=\"de_DE\" \/>\n<meta property=\"og:type\" content=\"article\" \/>\n<meta property=\"og:title\" content=\"SAUMUR CHAMPIGNY AOP LES LOUPS NOIRS DOMAINE DE NERLEUX - Loire Gourmande - une \u00e9tape savoureuse\" \/>\n<meta property=\"og:description\" content=\"SAUMUR CHAMPIGNY AOP LES LOUPS NOIRS DOMAINE DE NERLEUX. Wein aus der Loire. Bestellung im Weinkeller auf der Website von Loire Gourmande. Weinh\u00e4ndler in Turquant (49).\" \/>\n<meta property=\"og:url\" content=\"https:\/\/www.loire-gourmande.fr\/de\/Produkt\/saumur-champigny-aop-les-loups-noirs-domaine-de-nerleux\/\" \/>\n<meta property=\"og:site_name\" content=\"Loire Gourmande - une \u00e9tape savoureuse\" \/>\n<meta property=\"article:publisher\" content=\"https:\/\/www.facebook.com\/Loire-Gourmande-Turquant-101991328328493\/\" \/>\n<meta property=\"article:modified_time\" content=\"2025-05-27T15:31:34+00:00\" \/>\n<meta property=\"og:image\" content=\"https:\/\/www.loire-gourmande.fr\/wp-content\/uploads\/2021\/04\/Le-Loup-Noir.jpg\" \/>\n\t<meta property=\"og:image:width\" content=\"800\" \/>\n\t<meta property=\"og:image:height\" content=\"800\" \/>\n\t<meta property=\"og:image:type\" content=\"image\/jpeg\" \/>\n<meta name=\"twitter:card\" content=\"summary_large_image\" \/>\n<meta name=\"twitter:label1\" content=\"Gesch\u00e4tzte Lesezeit\" \/>\n\t<meta name=\"twitter:data1\" content=\"2\u00a0Minuten\" \/>\n<script type=\"application\/ld+json\" class=\"yoast-schema-graph\">{\"@context\":\"https:\\\/\\\/schema.org\",\"@graph\":[{\"@type\":\"WebPage\",\"@id\":\"https:\\\/\\\/www.loire-gourmande.fr\\\/de\\\/Produkt\\\/saumur-champigny-aop-les-loups-noirs-domaine-de-nerleux\\\/\",\"url\":\"https:\\\/\\\/www.loire-gourmande.fr\\\/de\\\/Produkt\\\/saumur-champigny-aop-les-loups-noirs-domaine-de-nerleux\\\/\",\"name\":\"SAUMUR CHAMPIGNY AOP LES LOUPS NOIRS DOMAINE DE NERLEUX - Loire Gourmande - une \u00e9tape savoureuse\",\"isPartOf\":{\"@id\":\"https:\\\/\\\/www.loire-gourmande.fr\\\/de\\\/#website\"},\"primaryImageOfPage\":{\"@id\":\"https:\\\/\\\/www.loire-gourmande.fr\\\/de\\\/Produkt\\\/saumur-champigny-aop-les-loups-noirs-domaine-de-nerleux\\\/#primaryimage\"},\"image\":{\"@id\":\"https:\\\/\\\/www.loire-gourmande.fr\\\/de\\\/Produkt\\\/saumur-champigny-aop-les-loups-noirs-domaine-de-nerleux\\\/#primaryimage\"},\"thumbnailUrl\":\"https:\\\/\\\/www.loire-gourmande.fr\\\/wp-content\\\/uploads\\\/2021\\\/04\\\/Le-Loup-Noir.jpg\",\"datePublished\":\"2021-04-29T10:05:34+00:00\",\"dateModified\":\"2025-05-27T15:31:34+00:00\",\"description\":\"SAUMUR CHAMPIGNY AOP LES LOUPS NOIRS DOMAINE DE NERLEUX. Wein aus der Loire. Bestellung im Weinkeller auf der Website von Loire Gourmande. Weinh\u00e4ndler in Turquant (49).\",\"breadcrumb\":{\"@id\":\"https:\\\/\\\/www.loire-gourmande.fr\\\/de\\\/Produkt\\\/saumur-champigny-aop-les-loups-noirs-domaine-de-nerleux\\\/#breadcrumb\"},\"inLanguage\":\"de\",\"potentialAction\":[{\"@type\":\"ReadAction\",\"target\":[\"https:\\\/\\\/www.loire-gourmande.fr\\\/de\\\/Produkt\\\/saumur-champigny-aop-les-loups-noirs-domaine-de-nerleux\\\/\"]}]},{\"@type\":\"ImageObject\",\"inLanguage\":\"de\",\"@id\":\"https:\\\/\\\/www.loire-gourmande.fr\\\/de\\\/Produkt\\\/saumur-champigny-aop-les-loups-noirs-domaine-de-nerleux\\\/#primaryimage\",\"url\":\"https:\\\/\\\/www.loire-gourmande.fr\\\/wp-content\\\/uploads\\\/2021\\\/04\\\/Le-Loup-Noir.jpg\",\"contentUrl\":\"https:\\\/\\\/www.loire-gourmande.fr\\\/wp-content\\\/uploads\\\/2021\\\/04\\\/Le-Loup-Noir.jpg\",\"width\":800,\"height\":800},{\"@type\":\"BreadcrumbList\",\"@id\":\"https:\\\/\\\/www.loire-gourmande.fr\\\/de\\\/Produkt\\\/saumur-champigny-aop-les-loups-noirs-domaine-de-nerleux\\\/#breadcrumb\",\"itemListElement\":[{\"@type\":\"ListItem\",\"position\":1,\"name\":\"Startseite\",\"item\":\"https:\\\/\\\/www.loire-gourmande.fr\\\/de\\\/\"},{\"@type\":\"ListItem\",\"position\":2,\"name\":\"Die Boutique de Loire Gourmande: die Weine der Loire\",\"item\":\"https:\\\/\\\/www.loire-gourmande.fr\\\/de\\\/woocommerce\\\/\"},{\"@type\":\"ListItem\",\"position\":3,\"name\":\"Die Weine\",\"item\":\"https:\\\/\\\/www.loire-gourmande.fr\\\/de\\\/Produktkategorie\\\/die-weine\\\/\"},{\"@type\":\"ListItem\",\"position\":4,\"name\":\"SAUMUR CHAMPIGNY AOP LES LOUPS NOIRS DOMAINE DE NERLEUX\"}]},{\"@type\":\"WebSite\",\"@id\":\"https:\\\/\\\/www.loire-gourmande.fr\\\/de\\\/#website\",\"url\":\"https:\\\/\\\/www.loire-gourmande.fr\\\/de\\\/\",\"name\":\"Loire Gourmande, une \u00e9tape savoureuse\",\"description\":\"une d\u00e9gustation \u00e0 toute heure et une boutique \u00e0 visiter \u00e0 Turquant (49)\",\"publisher\":{\"@id\":\"https:\\\/\\\/www.loire-gourmande.fr\\\/de\\\/#organization\"},\"potentialAction\":[{\"@type\":\"SearchAction\",\"target\":{\"@type\":\"EntryPoint\",\"urlTemplate\":\"https:\\\/\\\/www.loire-gourmande.fr\\\/de\\\/?s={search_term_string}\"},\"query-input\":{\"@type\":\"PropertyValueSpecification\",\"valueRequired\":true,\"valueName\":\"search_term_string\"}}],\"inLanguage\":\"de\"},{\"@type\":\"Organization\",\"@id\":\"https:\\\/\\\/www.loire-gourmande.fr\\\/de\\\/#organization\",\"name\":\"Loire Gourmande - Schnellrestaurant und Besuch in Turquant (49)\",\"url\":\"https:\\\/\\\/www.loire-gourmande.fr\\\/de\\\/\",\"logo\":{\"@type\":\"ImageObject\",\"inLanguage\":\"de\",\"@id\":\"https:\\\/\\\/www.loire-gourmande.fr\\\/de\\\/#\\\/schema\\\/logo\\\/image\\\/\",\"url\":\"https:\\\/\\\/www.loire-gourmande.fr\\\/wp-content\\\/uploads\\\/2020\\\/10\\\/loire-gourmande-logo.jpg\",\"contentUrl\":\"https:\\\/\\\/www.loire-gourmande.fr\\\/wp-content\\\/uploads\\\/2020\\\/10\\\/loire-gourmande-logo.jpg\",\"width\":800,\"height\":415,\"caption\":\"Loire Gourmande - Schnellrestaurant und Besuch in Turquant (49)\"},\"image\":{\"@id\":\"https:\\\/\\\/www.loire-gourmande.fr\\\/de\\\/#\\\/schema\\\/logo\\\/image\\\/\"},\"sameAs\":[\"https:\\\/\\\/www.facebook.com\\\/Loire-Gourmande-Turquant-101991328328493\\\/\",\"https:\\\/\\\/www.instagram.com\\\/jean_yves_auradon\\\/?igshid=1ta3mfjka326t\"]}]}<\/script>\n<!-- \/ Yoast SEO plugin. -->","yoast_head_json":{"title":"SAUMUR CHAMPIGNY AOP LES LOUPS NOIRS DOMAINE DE NERLEUX - Loire Gourmande - une \u00e9tape savoureuse","description":"SAUMUR CHAMPIGNY AOP LES LOUPS NOIRS DOMAINE DE NERLEUX. Wein aus der Loire. Bestellung im Weinkeller auf der Website von Loire Gourmande. Weinh\u00e4ndler in Turquant (49).","robots":{"index":"index","follow":"follow","max-snippet":"max-snippet:-1","max-image-preview":"max-image-preview:large","max-video-preview":"max-video-preview:-1"},"canonical":"https:\/\/www.loire-gourmande.fr\/de\/Produkt\/saumur-champigny-aop-les-loups-noirs-domaine-de-nerleux\/","og_locale":"de_DE","og_type":"article","og_title":"SAUMUR CHAMPIGNY AOP LES LOUPS NOIRS DOMAINE DE NERLEUX - Loire Gourmande - une \u00e9tape savoureuse","og_description":"SAUMUR CHAMPIGNY AOP LES LOUPS NOIRS DOMAINE DE NERLEUX. Wein aus der Loire. Bestellung im Weinkeller auf der Website von Loire Gourmande. Weinh\u00e4ndler in Turquant (49).","og_url":"https:\/\/www.loire-gourmande.fr\/de\/Produkt\/saumur-champigny-aop-les-loups-noirs-domaine-de-nerleux\/","og_site_name":"Loire Gourmande - une \u00e9tape savoureuse","article_publisher":"https:\/\/www.facebook.com\/Loire-Gourmande-Turquant-101991328328493\/","article_modified_time":"2025-05-27T15:31:34+00:00","og_image":[{"width":800,"height":800,"url":"https:\/\/www.loire-gourmande.fr\/wp-content\/uploads\/2021\/04\/Le-Loup-Noir.jpg","type":"image\/jpeg"}],"twitter_card":"summary_large_image","twitter_misc":{"Gesch\u00e4tzte Lesezeit":"2\u00a0Minuten"},"schema":{"@context":"https:\/\/schema.org","@graph":[{"@type":"WebPage","@id":"https:\/\/www.loire-gourmande.fr\/de\/Produkt\/saumur-champigny-aop-les-loups-noirs-domaine-de-nerleux\/","url":"https:\/\/www.loire-gourmande.fr\/de\/Produkt\/saumur-champigny-aop-les-loups-noirs-domaine-de-nerleux\/","name":"SAUMUR CHAMPIGNY AOP LES LOUPS NOIRS DOMAINE DE NERLEUX - Loire Gourmande - une \u00e9tape savoureuse","isPartOf":{"@id":"https:\/\/www.loire-gourmande.fr\/de\/#website"},"primaryImageOfPage":{"@id":"https:\/\/www.loire-gourmande.fr\/de\/Produkt\/saumur-champigny-aop-les-loups-noirs-domaine-de-nerleux\/#primaryimage"},"image":{"@id":"https:\/\/www.loire-gourmande.fr\/de\/Produkt\/saumur-champigny-aop-les-loups-noirs-domaine-de-nerleux\/#primaryimage"},"thumbnailUrl":"https:\/\/www.loire-gourmande.fr\/wp-content\/uploads\/2021\/04\/Le-Loup-Noir.jpg","datePublished":"2021-04-29T10:05:34+00:00","dateModified":"2025-05-27T15:31:34+00:00","description":"SAUMUR CHAMPIGNY AOP LES LOUPS NOIRS DOMAINE DE NERLEUX. Wein aus der Loire. Bestellung im Weinkeller auf der Website von Loire Gourmande. Weinh\u00e4ndler in Turquant (49).","breadcrumb":{"@id":"https:\/\/www.loire-gourmande.fr\/de\/Produkt\/saumur-champigny-aop-les-loups-noirs-domaine-de-nerleux\/#breadcrumb"},"inLanguage":"de","potentialAction":[{"@type":"ReadAction","target":["https:\/\/www.loire-gourmande.fr\/de\/Produkt\/saumur-champigny-aop-les-loups-noirs-domaine-de-nerleux\/"]}]},{"@type":"ImageObject","inLanguage":"de","@id":"https:\/\/www.loire-gourmande.fr\/de\/Produkt\/saumur-champigny-aop-les-loups-noirs-domaine-de-nerleux\/#primaryimage","url":"https:\/\/www.loire-gourmande.fr\/wp-content\/uploads\/2021\/04\/Le-Loup-Noir.jpg","contentUrl":"https:\/\/www.loire-gourmande.fr\/wp-content\/uploads\/2021\/04\/Le-Loup-Noir.jpg","width":800,"height":800},{"@type":"BreadcrumbList","@id":"https:\/\/www.loire-gourmande.fr\/de\/Produkt\/saumur-champigny-aop-les-loups-noirs-domaine-de-nerleux\/#breadcrumb","itemListElement":[{"@type":"ListItem","position":1,"name":"Startseite","item":"https:\/\/www.loire-gourmande.fr\/de\/"},{"@type":"ListItem","position":2,"name":"Die Boutique de Loire Gourmande: die Weine der Loire","item":"https:\/\/www.loire-gourmande.fr\/de\/woocommerce\/"},{"@type":"ListItem","position":3,"name":"Die Weine","item":"https:\/\/www.loire-gourmande.fr\/de\/Produktkategorie\/die-weine\/"},{"@type":"ListItem","position":4,"name":"SAUMUR CHAMPIGNY AOP LES LOUPS NOIRS DOMAINE DE NERLEUX"}]},{"@type":"WebSite","@id":"https:\/\/www.loire-gourmande.fr\/de\/#website","url":"https:\/\/www.loire-gourmande.fr\/de\/","name":"Loire Gourmande, une \u00e9tape savoureuse","description":"une d\u00e9gustation \u00e0 toute heure et une boutique \u00e0 visiter \u00e0 Turquant (49)","publisher":{"@id":"https:\/\/www.loire-gourmande.fr\/de\/#organization"},"potentialAction":[{"@type":"SearchAction","target":{"@type":"EntryPoint","urlTemplate":"https:\/\/www.loire-gourmande.fr\/de\/?s={search_term_string}"},"query-input":{"@type":"PropertyValueSpecification","valueRequired":true,"valueName":"search_term_string"}}],"inLanguage":"de"},{"@type":"Organization","@id":"https:\/\/www.loire-gourmande.fr\/de\/#organization","name":"Loire Gourmande - Schnellrestaurant und Besuch in Turquant (49)","url":"https:\/\/www.loire-gourmande.fr\/de\/","logo":{"@type":"ImageObject","inLanguage":"de","@id":"https:\/\/www.loire-gourmande.fr\/de\/#\/schema\/logo\/image\/","url":"https:\/\/www.loire-gourmande.fr\/wp-content\/uploads\/2020\/10\/loire-gourmande-logo.jpg","contentUrl":"https:\/\/www.loire-gourmande.fr\/wp-content\/uploads\/2020\/10\/loire-gourmande-logo.jpg","width":800,"height":415,"caption":"Loire Gourmande - Schnellrestaurant und Besuch in Turquant (49)"},"image":{"@id":"https:\/\/www.loire-gourmande.fr\/de\/#\/schema\/logo\/image\/"},"sameAs":["https:\/\/www.facebook.com\/Loire-Gourmande-Turquant-101991328328493\/","https:\/\/www.instagram.com\/jean_yves_auradon\/?igshid=1ta3mfjka326t"]}]}},"_links":{"self":[{"href":"https:\/\/www.loire-gourmande.fr\/de\/wp-json\/wp\/v2\/product\/11343","targetHints":{"allow":["GET"]}}],"collection":[{"href":"https:\/\/www.loire-gourmande.fr\/de\/wp-json\/wp\/v2\/product"}],"about":[{"href":"https:\/\/www.loire-gourmande.fr\/de\/wp-json\/wp\/v2\/types\/product"}],"version-history":[{"count":2,"href":"https:\/\/www.loire-gourmande.fr\/de\/wp-json\/wp\/v2\/product\/11343\/revisions"}],"predecessor-version":[{"id":13235,"href":"https:\/\/www.loire-gourmande.fr\/de\/wp-json\/wp\/v2\/product\/11343\/revisions\/13235"}],"wp:featuredmedia":[{"embeddable":true,"href":"https:\/\/www.loire-gourmande.fr\/de\/wp-json\/wp\/v2\/media\/11344"}],"wp:attachment":[{"href":"https:\/\/www.loire-gourmande.fr\/de\/wp-json\/wp\/v2\/media?parent=11343"}],"wp:term":[{"taxonomy":"product_brand","embeddable":true,"href":"https:\/\/www.loire-gourmande.fr\/de\/wp-json\/wp\/v2\/product_brand?post=11343"},{"taxonomy":"product_cat","embeddable":true,"href":"https:\/\/www.loire-gourmande.fr\/de\/wp-json\/wp\/v2\/product_cat?post=11343"},{"taxonomy":"product_tag","embeddable":true,"href":"https:\/\/www.loire-gourmande.fr\/de\/wp-json\/wp\/v2\/product_tag?post=11343"}],"curies":[{"name":"wp","href":"https:\/\/api.w.org\/{rel}","templated":true}]}}