{"id":11346,"date":"2021-04-29T10:05:34","date_gmt":"2021-04-29T10:05:34","guid":{"rendered":"https:\/\/www.loire-gourmande.fr\/produit\/coteaux-du-layon-rablay-le-clos-de-la-gerardi7re-domaine-de-la-bergerie\/"},"modified":"2026-02-09T13:45:07","modified_gmt":"2026-02-09T12:45:07","slug":"coteaux-du-layon-rablay-le-clos-de-la-gerardi7re-domaine-de-la-bergerie","status":"publish","type":"product","link":"https:\/\/www.loire-gourmande.fr\/de\/Produkt\/coteaux-du-layon-rablay-le-clos-de-la-gerardi7re-domaine-de-la-bergerie\/","title":{"rendered":"COTEAUX DU LAYON RABLAY&#8220; LE CLOS DE LA GERARDI\u00c8RE&#8220; DOMAINE DE LA BERGERIE"},"content":{"rendered":"<div data-reader-unique-id=\"3\">\n<div data-reader-unique-id=\"6\">\n<div class=\"wines-infos\">\n<div class=\"wines-infos__content--title\">\n<p class=\"h3-title\">KEPAGE<\/p>\n<\/div>\n<div class=\"wines-infos__content--description\">100% Chenin<\/div>\n<\/div>\n<div class=\"wines-infos\">\n<div class=\"wines-infos__content--title\">\n<p class=\"h3-title\">TERROIR<\/p>\n<\/div>\n<div class=\"wines-infos__content--description\">\n<p>Lage: Ortschaft &#8222;La Girardi\u00e8re&#8220; \u2013 Rablay-sur-layon<br \/>\nBoden: Kies auf Schiefer.<\/p>\n<\/div>\n<\/div>\n<div class=\"wines-infos\">\n<div class=\"wines-infos__content--title\">\n<p class=\"h3-title\">WEINHERSTELLUNG<\/p>\n<\/div>\n<div class=\"wines-infos__content--description\">\n<p>Langsames Dr\u00fccken und das Licht sinkt. Wir geben Zeit f\u00fcr diese Cuv\u00e9e. Die G\u00e4rung (aus einheimischen Hefen) erfolgt langsam, um einen harmonischen aromatischen Ausdruck zu f\u00f6rdern. Die Reifung erfolgt in Beh\u00e4ltern.  <\/p>\n<\/div>\n<\/div>\n<div class=\"wines-infos\">\n<div class=\"wines-infos__content--title\">\n<p class=\"h3-title\">VERKOSTUNGSNOTIZEN<\/p>\n<\/div>\n<div class=\"wines-infos__content--description\">\n<p>Die Nase, der Mund, alles ist explosiv f\u00fcr diesen Wein!<br \/>\nEr hat eine echte Kraft und aromatische Komplexit\u00e4t. Botrytis verleiht ihm neben der Konzentration auch Fett. Nat\u00fcrlich bleibt das Gleichgewicht des Weins erhalten, und auf der Nase sind Lebkuchennoten sichtbar.<br \/>\nZum Genossen, mit einer ger\u00f6steten Ananas, gew\u00fcrzt mit einem langen Java-Pfeffer und Zimtonnoten. Mit anderen Worten: W\u00e4hlen Sie Gerichte mit starkem Geschmack, die dem Wein standhalten.   <\/p>\n<\/div>\n<\/div>\n<div class=\"wines-infos\">\n<div class=\"wines-infos__content--title\">\n<p class=\"h3-title\">UNSER RAT<\/p>\n<\/div>\n<div class=\"wines-infos__content--description\">\n<p>Wir empfehlen eine Serviertemperatur zwischen 10\u00b0C und 12\u00b0C mit m\u00f6glicher Dekantierung. Es kann jetzt oder in den n\u00e4chsten zehn bis f\u00fcnfzehn Jahren gekostet werden. <\/p>\n<\/div>\n<\/div>\n<p data-reader-unique-id=\"7\">.<\/p>\n<\/div>\n<\/div>\n<p><span style=\"font-size: 12pt;\"><strong>Speise- und Weinpaarung<\/strong><\/span><\/p>\n<p>Der Gaumen ist rund, glatt und mit einer sch\u00f6nen Balance aus Finesse und Frische.<br \/>\nAperitif, Toast mit Blauschimmelk\u00e4se aus der Auvergne, Mini-Brioche-Foie Gras und Mangochutney, Taubee mit Trauben, Birnen- und Schwarzjohannisbeerkuchen<br \/>\n, gebratener Foie Gras, exotische Wok (Litschi, Mango, Papaya).<\/p>\n","protected":false},"excerpt":{"rendered":"<p data-reader-unique-id=\"1\"><strong>Das Domaine de la Bergerie<\/strong> befindet sich im Herzen von<strong> Anjou Noir<\/strong>. Die Region tr\u00e4gt ihren Namen wegen ihrer dunklen B\u00f6den, die gr\u00f6\u00dftenteils aus einem Schieferfundament bestehen. Es gibt auch Sandstein, Puddingsteine, Ton&#8230; und viele weitere geologische Nuancen. <strong>Die 27 Hektar<\/strong> , aus <strong>denen unser Weinberg<\/strong> besteht, werden daher von dieser Vielfalt profitieren und bereichert werden. Sie sind zudem einer gewissen Mildheit ozeanischer Einfl\u00fcsse ausgesetzt. Dieses einzigartige Terroir erm\u00f6glicht es Ihnen, alle Facetten der Rebsorten des Anwesens zu erkunden, wie Chenin, Cabernet Franc oder Pineau d&#8217;Aunis. Um die B\u00f6den und die Vielfalt des Ortes zu erhalten und zu verbessern, ist das Anwesen <strong>seit 2016 in Biolandbau zertifiziert.<\/strong>So ist auf diesen L\u00e4ndereien die Geschichte der Familie Gu\u00e9gniard \u00fcber mehrere Generationen hinweg geschrieben worden.  <\/p>\n","protected":false},"featured_media":14279,"template":"","meta":{"inline_featured_image":false},"product_brand":[],"product_cat":[602,603,600,649,608],"product_tag":[618,652,615,617],"class_list":{"0":"post-11346","1":"product","2":"type-product","3":"status-publish","4":"has-post-thumbnail","6":"product_cat-anjou-de","7":"product_cat-bio-wein","8":"product_cat-die-weine","9":"product_cat-suesswein","10":"product_cat-weis","11":"product_tag-aperitif-de","12":"product_tag-nachtisch","13":"product_tag-wein","14":"product_tag-weis","15":"product_shipping_class-flasche","17":"first","18":"instock","19":"featured","20":"taxable","21":"shipping-taxable","22":"purchasable","23":"product-type-simple"},"yoast_head":"<!-- This site is optimized with the Yoast SEO plugin v27.6 - https:\/\/yoast.com\/product\/yoast-seo-wordpress\/ -->\n<title>COTEAUX DU LAYON RABLAY&quot; LE CLOS DE LA GERARDI\u00c8RE&quot; DOMAINE DE LA BERGERIE - Loire Gourmande - une \u00e9tape savoureuse<\/title>\n<meta name=\"description\" content=\"COTEAUX DU LAYON RABLAY&quot; LE CLOS DE LA GERARDI7RE&quot; DOMAINE DE LA BERGERIE. Loire-Wein. Bestellung im Weinkeller auf der Website von Loire Gourmande. Weinh\u00e4ndler in Turquant (49).\" \/>\n<meta name=\"robots\" content=\"index, follow, max-snippet:-1, max-image-preview:large, max-video-preview:-1\" \/>\n<link rel=\"canonical\" href=\"https:\/\/www.loire-gourmande.fr\/de\/Produkt\/coteaux-du-layon-rablay-le-clos-de-la-gerardi7re-domaine-de-la-bergerie\/\" \/>\n<meta property=\"og:locale\" content=\"de_DE\" \/>\n<meta property=\"og:type\" content=\"article\" \/>\n<meta property=\"og:title\" content=\"COTEAUX DU LAYON RABLAY&quot; LE CLOS DE LA GERARDI\u00c8RE&quot; DOMAINE DE LA BERGERIE - Loire Gourmande - une \u00e9tape savoureuse\" \/>\n<meta property=\"og:description\" content=\"COTEAUX DU LAYON RABLAY&quot; LE CLOS DE LA GERARDI7RE&quot; DOMAINE DE LA BERGERIE. Loire-Wein. Bestellung im Weinkeller auf der Website von Loire Gourmande. Weinh\u00e4ndler in Turquant (49).\" \/>\n<meta property=\"og:url\" content=\"https:\/\/www.loire-gourmande.fr\/de\/Produkt\/coteaux-du-layon-rablay-le-clos-de-la-gerardi7re-domaine-de-la-bergerie\/\" \/>\n<meta property=\"og:site_name\" content=\"Loire Gourmande - une \u00e9tape savoureuse\" \/>\n<meta property=\"article:publisher\" content=\"https:\/\/www.facebook.com\/Loire-Gourmande-Turquant-101991328328493\/\" \/>\n<meta property=\"article:modified_time\" content=\"2026-02-09T12:45:07+00:00\" \/>\n<meta property=\"og:image\" content=\"https:\/\/www.loire-gourmande.fr\/wp-content\/uploads\/2021\/04\/Le-clos-de-la-Girerdiere-Reblay.jpg\" \/>\n\t<meta property=\"og:image:width\" content=\"800\" \/>\n\t<meta property=\"og:image:height\" content=\"800\" \/>\n\t<meta property=\"og:image:type\" content=\"image\/jpeg\" \/>\n<meta name=\"twitter:card\" content=\"summary_large_image\" \/>\n<meta name=\"twitter:label1\" content=\"Gesch\u00e4tzte Lesezeit\" \/>\n\t<meta name=\"twitter:data1\" content=\"1\u00a0Minute\" \/>\n<script type=\"application\/ld+json\" class=\"yoast-schema-graph\">{\"@context\":\"https:\\\/\\\/schema.org\",\"@graph\":[{\"@type\":\"WebPage\",\"@id\":\"https:\\\/\\\/www.loire-gourmande.fr\\\/de\\\/Produkt\\\/coteaux-du-layon-rablay-le-clos-de-la-gerardi7re-domaine-de-la-bergerie\\\/\",\"url\":\"https:\\\/\\\/www.loire-gourmande.fr\\\/de\\\/Produkt\\\/coteaux-du-layon-rablay-le-clos-de-la-gerardi7re-domaine-de-la-bergerie\\\/\",\"name\":\"COTEAUX DU LAYON RABLAY\\\" LE CLOS DE LA GERARDI\u00c8RE\\\" DOMAINE DE LA BERGERIE - Loire Gourmande - une \u00e9tape savoureuse\",\"isPartOf\":{\"@id\":\"https:\\\/\\\/www.loire-gourmande.fr\\\/de\\\/#website\"},\"primaryImageOfPage\":{\"@id\":\"https:\\\/\\\/www.loire-gourmande.fr\\\/de\\\/Produkt\\\/coteaux-du-layon-rablay-le-clos-de-la-gerardi7re-domaine-de-la-bergerie\\\/#primaryimage\"},\"image\":{\"@id\":\"https:\\\/\\\/www.loire-gourmande.fr\\\/de\\\/Produkt\\\/coteaux-du-layon-rablay-le-clos-de-la-gerardi7re-domaine-de-la-bergerie\\\/#primaryimage\"},\"thumbnailUrl\":\"https:\\\/\\\/www.loire-gourmande.fr\\\/wp-content\\\/uploads\\\/2021\\\/04\\\/Le-clos-de-la-Girerdiere-Reblay.jpg\",\"datePublished\":\"2021-04-29T10:05:34+00:00\",\"dateModified\":\"2026-02-09T12:45:07+00:00\",\"description\":\"COTEAUX DU LAYON RABLAY\\\" LE CLOS DE LA GERARDI7RE\\\" DOMAINE DE LA BERGERIE. Loire-Wein. Bestellung im Weinkeller auf der Website von Loire Gourmande. Weinh\u00e4ndler in Turquant (49).\",\"breadcrumb\":{\"@id\":\"https:\\\/\\\/www.loire-gourmande.fr\\\/de\\\/Produkt\\\/coteaux-du-layon-rablay-le-clos-de-la-gerardi7re-domaine-de-la-bergerie\\\/#breadcrumb\"},\"inLanguage\":\"de\",\"potentialAction\":[{\"@type\":\"ReadAction\",\"target\":[\"https:\\\/\\\/www.loire-gourmande.fr\\\/de\\\/Produkt\\\/coteaux-du-layon-rablay-le-clos-de-la-gerardi7re-domaine-de-la-bergerie\\\/\"]}]},{\"@type\":\"ImageObject\",\"inLanguage\":\"de\",\"@id\":\"https:\\\/\\\/www.loire-gourmande.fr\\\/de\\\/Produkt\\\/coteaux-du-layon-rablay-le-clos-de-la-gerardi7re-domaine-de-la-bergerie\\\/#primaryimage\",\"url\":\"https:\\\/\\\/www.loire-gourmande.fr\\\/wp-content\\\/uploads\\\/2021\\\/04\\\/Le-clos-de-la-Girerdiere-Reblay.jpg\",\"contentUrl\":\"https:\\\/\\\/www.loire-gourmande.fr\\\/wp-content\\\/uploads\\\/2021\\\/04\\\/Le-clos-de-la-Girerdiere-Reblay.jpg\",\"width\":800,\"height\":800},{\"@type\":\"BreadcrumbList\",\"@id\":\"https:\\\/\\\/www.loire-gourmande.fr\\\/de\\\/Produkt\\\/coteaux-du-layon-rablay-le-clos-de-la-gerardi7re-domaine-de-la-bergerie\\\/#breadcrumb\",\"itemListElement\":[{\"@type\":\"ListItem\",\"position\":1,\"name\":\"Startseite\",\"item\":\"https:\\\/\\\/www.loire-gourmande.fr\\\/de\\\/\"},{\"@type\":\"ListItem\",\"position\":2,\"name\":\"Die Boutique de Loire Gourmande: die Weine der Loire\",\"item\":\"https:\\\/\\\/www.loire-gourmande.fr\\\/de\\\/woocommerce\\\/\"},{\"@type\":\"ListItem\",\"position\":3,\"name\":\"Die Weine\",\"item\":\"https:\\\/\\\/www.loire-gourmande.fr\\\/de\\\/Produktkategorie\\\/die-weine\\\/\"},{\"@type\":\"ListItem\",\"position\":4,\"name\":\"COTEAUX DU LAYON RABLAY&#8220; LE CLOS DE LA GERARDI\u00c8RE&#8220; DOMAINE DE LA BERGERIE\"}]},{\"@type\":\"WebSite\",\"@id\":\"https:\\\/\\\/www.loire-gourmande.fr\\\/de\\\/#website\",\"url\":\"https:\\\/\\\/www.loire-gourmande.fr\\\/de\\\/\",\"name\":\"Loire Gourmande, une \u00e9tape savoureuse\",\"description\":\"une d\u00e9gustation \u00e0 toute heure et une boutique \u00e0 visiter \u00e0 Turquant (49)\",\"publisher\":{\"@id\":\"https:\\\/\\\/www.loire-gourmande.fr\\\/de\\\/#organization\"},\"potentialAction\":[{\"@type\":\"SearchAction\",\"target\":{\"@type\":\"EntryPoint\",\"urlTemplate\":\"https:\\\/\\\/www.loire-gourmande.fr\\\/de\\\/?s={search_term_string}\"},\"query-input\":{\"@type\":\"PropertyValueSpecification\",\"valueRequired\":true,\"valueName\":\"search_term_string\"}}],\"inLanguage\":\"de\"},{\"@type\":\"Organization\",\"@id\":\"https:\\\/\\\/www.loire-gourmande.fr\\\/de\\\/#organization\",\"name\":\"Loire Gourmande - Schnellrestaurant und Besuch in Turquant (49)\",\"url\":\"https:\\\/\\\/www.loire-gourmande.fr\\\/de\\\/\",\"logo\":{\"@type\":\"ImageObject\",\"inLanguage\":\"de\",\"@id\":\"https:\\\/\\\/www.loire-gourmande.fr\\\/de\\\/#\\\/schema\\\/logo\\\/image\\\/\",\"url\":\"https:\\\/\\\/www.loire-gourmande.fr\\\/wp-content\\\/uploads\\\/2020\\\/10\\\/loire-gourmande-logo.jpg\",\"contentUrl\":\"https:\\\/\\\/www.loire-gourmande.fr\\\/wp-content\\\/uploads\\\/2020\\\/10\\\/loire-gourmande-logo.jpg\",\"width\":800,\"height\":415,\"caption\":\"Loire Gourmande - Schnellrestaurant und Besuch in Turquant (49)\"},\"image\":{\"@id\":\"https:\\\/\\\/www.loire-gourmande.fr\\\/de\\\/#\\\/schema\\\/logo\\\/image\\\/\"},\"sameAs\":[\"https:\\\/\\\/www.facebook.com\\\/Loire-Gourmande-Turquant-101991328328493\\\/\",\"https:\\\/\\\/www.instagram.com\\\/jean_yves_auradon\\\/?igshid=1ta3mfjka326t\"]}]}<\/script>\n<!-- \/ Yoast SEO plugin. -->","yoast_head_json":{"title":"COTEAUX DU LAYON RABLAY\" LE CLOS DE LA GERARDI\u00c8RE\" DOMAINE DE LA BERGERIE - Loire Gourmande - une \u00e9tape savoureuse","description":"COTEAUX DU LAYON RABLAY\" LE CLOS DE LA GERARDI7RE\" DOMAINE DE LA BERGERIE. Loire-Wein. Bestellung im Weinkeller auf der Website von Loire Gourmande. Weinh\u00e4ndler in Turquant (49).","robots":{"index":"index","follow":"follow","max-snippet":"max-snippet:-1","max-image-preview":"max-image-preview:large","max-video-preview":"max-video-preview:-1"},"canonical":"https:\/\/www.loire-gourmande.fr\/de\/Produkt\/coteaux-du-layon-rablay-le-clos-de-la-gerardi7re-domaine-de-la-bergerie\/","og_locale":"de_DE","og_type":"article","og_title":"COTEAUX DU LAYON RABLAY\" LE CLOS DE LA GERARDI\u00c8RE\" DOMAINE DE LA BERGERIE - Loire Gourmande - une \u00e9tape savoureuse","og_description":"COTEAUX DU LAYON RABLAY\" LE CLOS DE LA GERARDI7RE\" DOMAINE DE LA BERGERIE. Loire-Wein. Bestellung im Weinkeller auf der Website von Loire Gourmande. Weinh\u00e4ndler in Turquant (49).","og_url":"https:\/\/www.loire-gourmande.fr\/de\/Produkt\/coteaux-du-layon-rablay-le-clos-de-la-gerardi7re-domaine-de-la-bergerie\/","og_site_name":"Loire Gourmande - une \u00e9tape savoureuse","article_publisher":"https:\/\/www.facebook.com\/Loire-Gourmande-Turquant-101991328328493\/","article_modified_time":"2026-02-09T12:45:07+00:00","og_image":[{"width":800,"height":800,"url":"https:\/\/www.loire-gourmande.fr\/wp-content\/uploads\/2021\/04\/Le-clos-de-la-Girerdiere-Reblay.jpg","type":"image\/jpeg"}],"twitter_card":"summary_large_image","twitter_misc":{"Gesch\u00e4tzte Lesezeit":"1\u00a0Minute"},"schema":{"@context":"https:\/\/schema.org","@graph":[{"@type":"WebPage","@id":"https:\/\/www.loire-gourmande.fr\/de\/Produkt\/coteaux-du-layon-rablay-le-clos-de-la-gerardi7re-domaine-de-la-bergerie\/","url":"https:\/\/www.loire-gourmande.fr\/de\/Produkt\/coteaux-du-layon-rablay-le-clos-de-la-gerardi7re-domaine-de-la-bergerie\/","name":"COTEAUX DU LAYON RABLAY\" LE CLOS DE LA GERARDI\u00c8RE\" DOMAINE DE LA BERGERIE - Loire Gourmande - une \u00e9tape savoureuse","isPartOf":{"@id":"https:\/\/www.loire-gourmande.fr\/de\/#website"},"primaryImageOfPage":{"@id":"https:\/\/www.loire-gourmande.fr\/de\/Produkt\/coteaux-du-layon-rablay-le-clos-de-la-gerardi7re-domaine-de-la-bergerie\/#primaryimage"},"image":{"@id":"https:\/\/www.loire-gourmande.fr\/de\/Produkt\/coteaux-du-layon-rablay-le-clos-de-la-gerardi7re-domaine-de-la-bergerie\/#primaryimage"},"thumbnailUrl":"https:\/\/www.loire-gourmande.fr\/wp-content\/uploads\/2021\/04\/Le-clos-de-la-Girerdiere-Reblay.jpg","datePublished":"2021-04-29T10:05:34+00:00","dateModified":"2026-02-09T12:45:07+00:00","description":"COTEAUX DU LAYON RABLAY\" LE CLOS DE LA GERARDI7RE\" DOMAINE DE LA BERGERIE. Loire-Wein. Bestellung im Weinkeller auf der Website von Loire Gourmande. Weinh\u00e4ndler in Turquant (49).","breadcrumb":{"@id":"https:\/\/www.loire-gourmande.fr\/de\/Produkt\/coteaux-du-layon-rablay-le-clos-de-la-gerardi7re-domaine-de-la-bergerie\/#breadcrumb"},"inLanguage":"de","potentialAction":[{"@type":"ReadAction","target":["https:\/\/www.loire-gourmande.fr\/de\/Produkt\/coteaux-du-layon-rablay-le-clos-de-la-gerardi7re-domaine-de-la-bergerie\/"]}]},{"@type":"ImageObject","inLanguage":"de","@id":"https:\/\/www.loire-gourmande.fr\/de\/Produkt\/coteaux-du-layon-rablay-le-clos-de-la-gerardi7re-domaine-de-la-bergerie\/#primaryimage","url":"https:\/\/www.loire-gourmande.fr\/wp-content\/uploads\/2021\/04\/Le-clos-de-la-Girerdiere-Reblay.jpg","contentUrl":"https:\/\/www.loire-gourmande.fr\/wp-content\/uploads\/2021\/04\/Le-clos-de-la-Girerdiere-Reblay.jpg","width":800,"height":800},{"@type":"BreadcrumbList","@id":"https:\/\/www.loire-gourmande.fr\/de\/Produkt\/coteaux-du-layon-rablay-le-clos-de-la-gerardi7re-domaine-de-la-bergerie\/#breadcrumb","itemListElement":[{"@type":"ListItem","position":1,"name":"Startseite","item":"https:\/\/www.loire-gourmande.fr\/de\/"},{"@type":"ListItem","position":2,"name":"Die Boutique de Loire Gourmande: die Weine der Loire","item":"https:\/\/www.loire-gourmande.fr\/de\/woocommerce\/"},{"@type":"ListItem","position":3,"name":"Die Weine","item":"https:\/\/www.loire-gourmande.fr\/de\/Produktkategorie\/die-weine\/"},{"@type":"ListItem","position":4,"name":"COTEAUX DU LAYON RABLAY&#8220; LE CLOS DE LA GERARDI\u00c8RE&#8220; DOMAINE DE LA BERGERIE"}]},{"@type":"WebSite","@id":"https:\/\/www.loire-gourmande.fr\/de\/#website","url":"https:\/\/www.loire-gourmande.fr\/de\/","name":"Loire Gourmande, une \u00e9tape savoureuse","description":"une d\u00e9gustation \u00e0 toute heure et une boutique \u00e0 visiter \u00e0 Turquant (49)","publisher":{"@id":"https:\/\/www.loire-gourmande.fr\/de\/#organization"},"potentialAction":[{"@type":"SearchAction","target":{"@type":"EntryPoint","urlTemplate":"https:\/\/www.loire-gourmande.fr\/de\/?s={search_term_string}"},"query-input":{"@type":"PropertyValueSpecification","valueRequired":true,"valueName":"search_term_string"}}],"inLanguage":"de"},{"@type":"Organization","@id":"https:\/\/www.loire-gourmande.fr\/de\/#organization","name":"Loire Gourmande - Schnellrestaurant und Besuch in Turquant (49)","url":"https:\/\/www.loire-gourmande.fr\/de\/","logo":{"@type":"ImageObject","inLanguage":"de","@id":"https:\/\/www.loire-gourmande.fr\/de\/#\/schema\/logo\/image\/","url":"https:\/\/www.loire-gourmande.fr\/wp-content\/uploads\/2020\/10\/loire-gourmande-logo.jpg","contentUrl":"https:\/\/www.loire-gourmande.fr\/wp-content\/uploads\/2020\/10\/loire-gourmande-logo.jpg","width":800,"height":415,"caption":"Loire Gourmande - Schnellrestaurant und Besuch in Turquant (49)"},"image":{"@id":"https:\/\/www.loire-gourmande.fr\/de\/#\/schema\/logo\/image\/"},"sameAs":["https:\/\/www.facebook.com\/Loire-Gourmande-Turquant-101991328328493\/","https:\/\/www.instagram.com\/jean_yves_auradon\/?igshid=1ta3mfjka326t"]}]}},"_links":{"self":[{"href":"https:\/\/www.loire-gourmande.fr\/de\/wp-json\/wp\/v2\/product\/11346","targetHints":{"allow":["GET"]}}],"collection":[{"href":"https:\/\/www.loire-gourmande.fr\/de\/wp-json\/wp\/v2\/product"}],"about":[{"href":"https:\/\/www.loire-gourmande.fr\/de\/wp-json\/wp\/v2\/types\/product"}],"version-history":[{"count":3,"href":"https:\/\/www.loire-gourmande.fr\/de\/wp-json\/wp\/v2\/product\/11346\/revisions"}],"predecessor-version":[{"id":14404,"href":"https:\/\/www.loire-gourmande.fr\/de\/wp-json\/wp\/v2\/product\/11346\/revisions\/14404"}],"wp:featuredmedia":[{"embeddable":true,"href":"https:\/\/www.loire-gourmande.fr\/de\/wp-json\/wp\/v2\/media\/14279"}],"wp:attachment":[{"href":"https:\/\/www.loire-gourmande.fr\/de\/wp-json\/wp\/v2\/media?parent=11346"}],"wp:term":[{"taxonomy":"product_brand","embeddable":true,"href":"https:\/\/www.loire-gourmande.fr\/de\/wp-json\/wp\/v2\/product_brand?post=11346"},{"taxonomy":"product_cat","embeddable":true,"href":"https:\/\/www.loire-gourmande.fr\/de\/wp-json\/wp\/v2\/product_cat?post=11346"},{"taxonomy":"product_tag","embeddable":true,"href":"https:\/\/www.loire-gourmande.fr\/de\/wp-json\/wp\/v2\/product_tag?post=11346"}],"curies":[{"name":"wp","href":"https:\/\/api.w.org\/{rel}","templated":true}]}}