{"id":11349,"date":"2021-04-29T10:05:33","date_gmt":"2021-04-29T10:05:33","guid":{"rendered":"https:\/\/www.loire-gourmande.fr\/produit\/coteau-du-layon-florilege-domaine-leduc-frouin-2022\/"},"modified":"2025-05-27T16:31:48","modified_gmt":"2025-05-27T15:31:48","slug":"coteau-du-layon-florilege-domaine-leduc-frouin-2022","status":"publish","type":"product","link":"https:\/\/www.loire-gourmande.fr\/de\/Produkt\/coteau-du-layon-florilege-domaine-leduc-frouin-2022\/","title":{"rendered":"COTEAU DU LAYON &#8222;FLORILEGE&#8220; DOMAINE LEDUC FROUIN 2022"},"content":{"rendered":"<div class=\"page\" title=\"Seite 1\">\n<div class=\"section\">\n<div class=\"layoutArea\">\n<div class=\"column\">\n<p class=\"p1\">Gourmetaromen von Mango und kandierter Birne sind vorhanden. Die leichte S\u00fc\u00dfe wird von der f\u00fcr das Terroir charakteristischen Mineralit\u00e4t begleitet.<br \/>\n<strong>REBSORTEN:<\/strong> Chenin.<br \/>\n<strong>REGION:<\/strong> Loire. Terra Vitis-zertifizierter Wein.<br \/>\n<strong>TERROIR:<\/strong>&#8222;Le Grand Clos&#8220;, Dorf Sousign\u00e9. Boden und Untergrund: Talkschiefer und Kies auf Phtanit.<br \/>\n<strong>ERNTE:<\/strong> Die manuelle Weinlese fand Mitte November 2015 statt. Die in den verschiedenen Durchg\u00e4ngen ausgew\u00e4hlten Trauben sind goldgelb, botrytisiert und \u00fcberreif.<br \/>\n<strong>VINIFIKATION:<\/strong> Die Trauben werden in kleinen Beh\u00e4ltern transportiert und gelangen unversehrt in die Kellerei, wo sie in eine pneumatische Presse gef\u00fcllt werden. Eine lange (ca. 10 Stunden) und schonende Pressung beginnt. Danach erfolgt eine statische Vorkl\u00e4rung, gefolgt von der alkoholischen G\u00e4rung in Edelstahltanks und dem Ausbau. Die Abf\u00fcllung erfolgte schlie\u00dflich im M\u00e4rz 2016 auf dem Weingut. VERKOSTUNGSNOTIZEN<br \/>\nDieser verf\u00fchrerische Coteaux du Layon mit seinen fruchtigen Noten ist das Ergebnis einer manuellen Ernte von goldenen und eingetrockneten Chenin-Trauben.<br \/>\nGenie\u00dfen Sie die exotischen Aromen: Ananas, Mangos, Quitten.<br \/>\nVom Aperitif bis zum Dessert zu genie\u00dfen. Wir empfehlen, diesen Wein bei einer Temperatur zwischen 10\u00b0C und 12\u00b0C zu servieren.<br \/>\nEin S\u00fc\u00dfwein, der im gereiften Zustand den vollen Ausdruck des Chenin offenbart: intensive Nase, Opulenz und Lebendigkeit.  In den ersten f\u00fcnf bis zehn Jahren nach der Ernte entfalten diese Weine Aromen von wei\u00dfen Blumen (Rose, Seringa, Wei\u00dfdorn) und wei\u00dfen Fr\u00fcchten (Birne, Pfirsich).<br \/>\n<span style=\"font-size: 15pt;\"><br \/>\n  <strong><br \/>\n    <span style=\"font-size: 12pt;\">KOMBINATIONEN VON SPEISEN UND WEINEN<\/span><br \/>\n  <\/strong><\/p>\n<p><\/span>Aperitif \/ Toast mit Blauschimmelk\u00e4se aus der Auvergne \/ Mini-Brioche mit Foie Gras und Mango-Chutney \/ Tauben mit Weintrauben \/ Birnenkuchen mit schwarzen Johannisbeeren<\/p>\n<\/div>\n<\/div>\n<\/div>\n<\/div>\n","protected":false},"excerpt":{"rendered":"<p>Das Weingut LEDUC-FROUIN wird von Nathalie und Antoine LEDUC geleitet, der vierten Generation von Winzern auf dem Familienweingut!<br data-reader-unique-id=\"7\">Unser 30 Hektar gro\u00dfer Weinberg liegt in der N\u00e4he des Dorfes Sousign\u00e9, n\u00f6rdlich von Martign\u00e9-Briand (im Herzen des Haut-Layon). Unsere wichtigsten roten Rebsorten sind Cabernet Franc und Cabernet Sauvignon sowie Grolleau. F\u00fcr die Herstellung unserer Wei\u00dfweine ist Chenin die wichtigste Rebsorte, aber wir bauen auch Chardonnay an.  <br data-reader-unique-id=\"9\">Um unser Terroir und das Gleichgewicht der Reben in ihrer Umgebung zu f\u00f6rdern, werden unsere Weinberge in integrierter Produktion bewirtschaftet. Wir arbeiten mit \u00f6kologischen Methoden, die die Beobachtung der Reben und den Respekt f\u00fcr die Umwelt in den Vordergrund stellen. Antoine und Nathalie verbinden Tradition und Moderne und setzen alles daran, Ihnen typische, subtile und \u00fcberraschende Weine anzubieten&#8230;<\/p>\n<p>&nbsp;<\/p>\n","protected":false},"featured_media":14312,"template":"","meta":{"inline_featured_image":false},"product_brand":[],"product_cat":[602,600,649,608],"product_tag":[618,650,701,652,615,617],"class_list":{"0":"post-11349","1":"product","2":"type-product","3":"status-publish","4":"has-post-thumbnail","6":"product_cat-anjou-de","7":"product_cat-die-weine","8":"product_cat-suesswein","9":"product_cat-weis","10":"product_tag-aperitif-de","11":"product_tag-blumiger-und-fruchtiger-wein","12":"product_tag-eintrag","13":"product_tag-nachtisch","14":"product_tag-wein","15":"product_tag-weis","16":"product_shipping_class-flasche","18":"first","19":"instock","20":"featured","21":"taxable","22":"shipping-taxable","23":"purchasable","24":"product-type-simple"},"yoast_head":"<!-- This site is optimized with the Yoast SEO plugin v27.6 - https:\/\/yoast.com\/product\/yoast-seo-wordpress\/ -->\n<title>COTEAU DU LAYON &quot;FLORILEGE&quot; DOMAINE LEDUC FROUIN 2022 - Loire Gourmande - une \u00e9tape savoureuse<\/title>\n<meta name=\"description\" content=\"COTEAU DU LAYON &quot;FLORILEGE&quot; DOM\u00c4NE LEDUC FROUIN 2022. Wein aus der Loire. Bestellung im Weinkeller auf der Website von Loire Gourmande. Weinh\u00e4ndler in Turquant (49).\" \/>\n<meta name=\"robots\" content=\"index, follow, max-snippet:-1, max-image-preview:large, max-video-preview:-1\" \/>\n<link rel=\"canonical\" href=\"https:\/\/www.loire-gourmande.fr\/de\/Produkt\/coteau-du-layon-florilege-domaine-leduc-frouin-2022\/\" \/>\n<meta property=\"og:locale\" content=\"de_DE\" \/>\n<meta property=\"og:type\" content=\"article\" \/>\n<meta property=\"og:title\" content=\"COTEAU DU LAYON &quot;FLORILEGE&quot; DOMAINE LEDUC FROUIN 2022 - Loire Gourmande - une \u00e9tape savoureuse\" \/>\n<meta property=\"og:description\" content=\"COTEAU DU LAYON &quot;FLORILEGE&quot; DOM\u00c4NE LEDUC FROUIN 2022. Wein aus der Loire. Bestellung im Weinkeller auf der Website von Loire Gourmande. Weinh\u00e4ndler in Turquant (49).\" \/>\n<meta property=\"og:url\" content=\"https:\/\/www.loire-gourmande.fr\/de\/Produkt\/coteau-du-layon-florilege-domaine-leduc-frouin-2022\/\" \/>\n<meta property=\"og:site_name\" content=\"Loire Gourmande - une \u00e9tape savoureuse\" \/>\n<meta property=\"article:publisher\" content=\"https:\/\/www.facebook.com\/Loire-Gourmande-Turquant-101991328328493\/\" \/>\n<meta property=\"article:modified_time\" content=\"2025-05-27T15:31:48+00:00\" \/>\n<meta property=\"og:image\" content=\"https:\/\/www.loire-gourmande.fr\/wp-content\/uploads\/2021\/04\/Coteaux-du-Layon-Florilege-LEDUC-FROUIN-scaled.jpg\" \/>\n\t<meta property=\"og:image:width\" content=\"1810\" \/>\n\t<meta property=\"og:image:height\" content=\"2560\" \/>\n\t<meta property=\"og:image:type\" content=\"image\/jpeg\" \/>\n<meta name=\"twitter:card\" content=\"summary_large_image\" \/>\n<meta name=\"twitter:label1\" content=\"Gesch\u00e4tzte Lesezeit\" \/>\n\t<meta name=\"twitter:data1\" content=\"1\u00a0Minute\" \/>\n<script type=\"application\/ld+json\" class=\"yoast-schema-graph\">{\"@context\":\"https:\\\/\\\/schema.org\",\"@graph\":[{\"@type\":\"WebPage\",\"@id\":\"https:\\\/\\\/www.loire-gourmande.fr\\\/de\\\/Produkt\\\/coteau-du-layon-florilege-domaine-leduc-frouin-2022\\\/\",\"url\":\"https:\\\/\\\/www.loire-gourmande.fr\\\/de\\\/Produkt\\\/coteau-du-layon-florilege-domaine-leduc-frouin-2022\\\/\",\"name\":\"COTEAU DU LAYON \\\"FLORILEGE\\\" DOMAINE LEDUC FROUIN 2022 - Loire Gourmande - une \u00e9tape savoureuse\",\"isPartOf\":{\"@id\":\"https:\\\/\\\/www.loire-gourmande.fr\\\/de\\\/#website\"},\"primaryImageOfPage\":{\"@id\":\"https:\\\/\\\/www.loire-gourmande.fr\\\/de\\\/Produkt\\\/coteau-du-layon-florilege-domaine-leduc-frouin-2022\\\/#primaryimage\"},\"image\":{\"@id\":\"https:\\\/\\\/www.loire-gourmande.fr\\\/de\\\/Produkt\\\/coteau-du-layon-florilege-domaine-leduc-frouin-2022\\\/#primaryimage\"},\"thumbnailUrl\":\"https:\\\/\\\/www.loire-gourmande.fr\\\/wp-content\\\/uploads\\\/2021\\\/04\\\/COTEAU-DU-LAYON-22-FLORILEGE-22-DOMAINE-LEDUC-FROUIN-2022.jpg\",\"datePublished\":\"2021-04-29T10:05:33+00:00\",\"dateModified\":\"2025-05-27T15:31:48+00:00\",\"description\":\"COTEAU DU LAYON \\\"FLORILEGE\\\" DOM\u00c4NE LEDUC FROUIN 2022. Wein aus der Loire. Bestellung im Weinkeller auf der Website von Loire Gourmande. Weinh\u00e4ndler in Turquant (49).\",\"breadcrumb\":{\"@id\":\"https:\\\/\\\/www.loire-gourmande.fr\\\/de\\\/Produkt\\\/coteau-du-layon-florilege-domaine-leduc-frouin-2022\\\/#breadcrumb\"},\"inLanguage\":\"de\",\"potentialAction\":[{\"@type\":\"ReadAction\",\"target\":[\"https:\\\/\\\/www.loire-gourmande.fr\\\/de\\\/Produkt\\\/coteau-du-layon-florilege-domaine-leduc-frouin-2022\\\/\"]}]},{\"@type\":\"ImageObject\",\"inLanguage\":\"de\",\"@id\":\"https:\\\/\\\/www.loire-gourmande.fr\\\/de\\\/Produkt\\\/coteau-du-layon-florilege-domaine-leduc-frouin-2022\\\/#primaryimage\",\"url\":\"https:\\\/\\\/www.loire-gourmande.fr\\\/wp-content\\\/uploads\\\/2021\\\/04\\\/COTEAU-DU-LAYON-22-FLORILEGE-22-DOMAINE-LEDUC-FROUIN-2022.jpg\",\"contentUrl\":\"https:\\\/\\\/www.loire-gourmande.fr\\\/wp-content\\\/uploads\\\/2021\\\/04\\\/COTEAU-DU-LAYON-22-FLORILEGE-22-DOMAINE-LEDUC-FROUIN-2022.jpg\",\"width\":800,\"height\":800},{\"@type\":\"BreadcrumbList\",\"@id\":\"https:\\\/\\\/www.loire-gourmande.fr\\\/de\\\/Produkt\\\/coteau-du-layon-florilege-domaine-leduc-frouin-2022\\\/#breadcrumb\",\"itemListElement\":[{\"@type\":\"ListItem\",\"position\":1,\"name\":\"Startseite\",\"item\":\"https:\\\/\\\/www.loire-gourmande.fr\\\/de\\\/\"},{\"@type\":\"ListItem\",\"position\":2,\"name\":\"Die Boutique de Loire Gourmande: die Weine der Loire\",\"item\":\"https:\\\/\\\/www.loire-gourmande.fr\\\/de\\\/woocommerce\\\/\"},{\"@type\":\"ListItem\",\"position\":3,\"name\":\"Die Weine\",\"item\":\"https:\\\/\\\/www.loire-gourmande.fr\\\/de\\\/Produktkategorie\\\/die-weine\\\/\"},{\"@type\":\"ListItem\",\"position\":4,\"name\":\"COTEAU DU LAYON &#8222;FLORILEGE&#8220; DOMAINE LEDUC FROUIN 2022\"}]},{\"@type\":\"WebSite\",\"@id\":\"https:\\\/\\\/www.loire-gourmande.fr\\\/de\\\/#website\",\"url\":\"https:\\\/\\\/www.loire-gourmande.fr\\\/de\\\/\",\"name\":\"Loire Gourmande, une \u00e9tape savoureuse\",\"description\":\"une d\u00e9gustation \u00e0 toute heure et une boutique \u00e0 visiter \u00e0 Turquant (49)\",\"publisher\":{\"@id\":\"https:\\\/\\\/www.loire-gourmande.fr\\\/de\\\/#organization\"},\"potentialAction\":[{\"@type\":\"SearchAction\",\"target\":{\"@type\":\"EntryPoint\",\"urlTemplate\":\"https:\\\/\\\/www.loire-gourmande.fr\\\/de\\\/?s={search_term_string}\"},\"query-input\":{\"@type\":\"PropertyValueSpecification\",\"valueRequired\":true,\"valueName\":\"search_term_string\"}}],\"inLanguage\":\"de\"},{\"@type\":\"Organization\",\"@id\":\"https:\\\/\\\/www.loire-gourmande.fr\\\/de\\\/#organization\",\"name\":\"Loire Gourmande - Schnellrestaurant und Besuch in Turquant (49)\",\"url\":\"https:\\\/\\\/www.loire-gourmande.fr\\\/de\\\/\",\"logo\":{\"@type\":\"ImageObject\",\"inLanguage\":\"de\",\"@id\":\"https:\\\/\\\/www.loire-gourmande.fr\\\/de\\\/#\\\/schema\\\/logo\\\/image\\\/\",\"url\":\"https:\\\/\\\/www.loire-gourmande.fr\\\/wp-content\\\/uploads\\\/2020\\\/10\\\/loire-gourmande-logo.jpg\",\"contentUrl\":\"https:\\\/\\\/www.loire-gourmande.fr\\\/wp-content\\\/uploads\\\/2020\\\/10\\\/loire-gourmande-logo.jpg\",\"width\":800,\"height\":415,\"caption\":\"Loire Gourmande - Schnellrestaurant und Besuch in Turquant (49)\"},\"image\":{\"@id\":\"https:\\\/\\\/www.loire-gourmande.fr\\\/de\\\/#\\\/schema\\\/logo\\\/image\\\/\"},\"sameAs\":[\"https:\\\/\\\/www.facebook.com\\\/Loire-Gourmande-Turquant-101991328328493\\\/\",\"https:\\\/\\\/www.instagram.com\\\/jean_yves_auradon\\\/?igshid=1ta3mfjka326t\"]}]}<\/script>\n<!-- \/ Yoast SEO plugin. -->","yoast_head_json":{"title":"COTEAU DU LAYON \"FLORILEGE\" DOMAINE LEDUC FROUIN 2022 - Loire Gourmande - une \u00e9tape savoureuse","description":"COTEAU DU LAYON \"FLORILEGE\" DOM\u00c4NE LEDUC FROUIN 2022. Wein aus der Loire. Bestellung im Weinkeller auf der Website von Loire Gourmande. Weinh\u00e4ndler in Turquant (49).","robots":{"index":"index","follow":"follow","max-snippet":"max-snippet:-1","max-image-preview":"max-image-preview:large","max-video-preview":"max-video-preview:-1"},"canonical":"https:\/\/www.loire-gourmande.fr\/de\/Produkt\/coteau-du-layon-florilege-domaine-leduc-frouin-2022\/","og_locale":"de_DE","og_type":"article","og_title":"COTEAU DU LAYON \"FLORILEGE\" DOMAINE LEDUC FROUIN 2022 - Loire Gourmande - une \u00e9tape savoureuse","og_description":"COTEAU DU LAYON \"FLORILEGE\" DOM\u00c4NE LEDUC FROUIN 2022. Wein aus der Loire. Bestellung im Weinkeller auf der Website von Loire Gourmande. Weinh\u00e4ndler in Turquant (49).","og_url":"https:\/\/www.loire-gourmande.fr\/de\/Produkt\/coteau-du-layon-florilege-domaine-leduc-frouin-2022\/","og_site_name":"Loire Gourmande - une \u00e9tape savoureuse","article_publisher":"https:\/\/www.facebook.com\/Loire-Gourmande-Turquant-101991328328493\/","article_modified_time":"2025-05-27T15:31:48+00:00","og_image":[{"width":1810,"height":2560,"url":"https:\/\/www.loire-gourmande.fr\/wp-content\/uploads\/2021\/04\/Coteaux-du-Layon-Florilege-LEDUC-FROUIN-scaled.jpg","type":"image\/jpeg"}],"twitter_card":"summary_large_image","twitter_misc":{"Gesch\u00e4tzte Lesezeit":"1\u00a0Minute"},"schema":{"@context":"https:\/\/schema.org","@graph":[{"@type":"WebPage","@id":"https:\/\/www.loire-gourmande.fr\/de\/Produkt\/coteau-du-layon-florilege-domaine-leduc-frouin-2022\/","url":"https:\/\/www.loire-gourmande.fr\/de\/Produkt\/coteau-du-layon-florilege-domaine-leduc-frouin-2022\/","name":"COTEAU DU LAYON \"FLORILEGE\" DOMAINE LEDUC FROUIN 2022 - Loire Gourmande - une \u00e9tape savoureuse","isPartOf":{"@id":"https:\/\/www.loire-gourmande.fr\/de\/#website"},"primaryImageOfPage":{"@id":"https:\/\/www.loire-gourmande.fr\/de\/Produkt\/coteau-du-layon-florilege-domaine-leduc-frouin-2022\/#primaryimage"},"image":{"@id":"https:\/\/www.loire-gourmande.fr\/de\/Produkt\/coteau-du-layon-florilege-domaine-leduc-frouin-2022\/#primaryimage"},"thumbnailUrl":"https:\/\/www.loire-gourmande.fr\/wp-content\/uploads\/2021\/04\/COTEAU-DU-LAYON-22-FLORILEGE-22-DOMAINE-LEDUC-FROUIN-2022.jpg","datePublished":"2021-04-29T10:05:33+00:00","dateModified":"2025-05-27T15:31:48+00:00","description":"COTEAU DU LAYON \"FLORILEGE\" DOM\u00c4NE LEDUC FROUIN 2022. Wein aus der Loire. Bestellung im Weinkeller auf der Website von Loire Gourmande. Weinh\u00e4ndler in Turquant (49).","breadcrumb":{"@id":"https:\/\/www.loire-gourmande.fr\/de\/Produkt\/coteau-du-layon-florilege-domaine-leduc-frouin-2022\/#breadcrumb"},"inLanguage":"de","potentialAction":[{"@type":"ReadAction","target":["https:\/\/www.loire-gourmande.fr\/de\/Produkt\/coteau-du-layon-florilege-domaine-leduc-frouin-2022\/"]}]},{"@type":"ImageObject","inLanguage":"de","@id":"https:\/\/www.loire-gourmande.fr\/de\/Produkt\/coteau-du-layon-florilege-domaine-leduc-frouin-2022\/#primaryimage","url":"https:\/\/www.loire-gourmande.fr\/wp-content\/uploads\/2021\/04\/COTEAU-DU-LAYON-22-FLORILEGE-22-DOMAINE-LEDUC-FROUIN-2022.jpg","contentUrl":"https:\/\/www.loire-gourmande.fr\/wp-content\/uploads\/2021\/04\/COTEAU-DU-LAYON-22-FLORILEGE-22-DOMAINE-LEDUC-FROUIN-2022.jpg","width":800,"height":800},{"@type":"BreadcrumbList","@id":"https:\/\/www.loire-gourmande.fr\/de\/Produkt\/coteau-du-layon-florilege-domaine-leduc-frouin-2022\/#breadcrumb","itemListElement":[{"@type":"ListItem","position":1,"name":"Startseite","item":"https:\/\/www.loire-gourmande.fr\/de\/"},{"@type":"ListItem","position":2,"name":"Die Boutique de Loire Gourmande: die Weine der Loire","item":"https:\/\/www.loire-gourmande.fr\/de\/woocommerce\/"},{"@type":"ListItem","position":3,"name":"Die Weine","item":"https:\/\/www.loire-gourmande.fr\/de\/Produktkategorie\/die-weine\/"},{"@type":"ListItem","position":4,"name":"COTEAU DU LAYON &#8222;FLORILEGE&#8220; DOMAINE LEDUC FROUIN 2022"}]},{"@type":"WebSite","@id":"https:\/\/www.loire-gourmande.fr\/de\/#website","url":"https:\/\/www.loire-gourmande.fr\/de\/","name":"Loire Gourmande, une \u00e9tape savoureuse","description":"une d\u00e9gustation \u00e0 toute heure et une boutique \u00e0 visiter \u00e0 Turquant (49)","publisher":{"@id":"https:\/\/www.loire-gourmande.fr\/de\/#organization"},"potentialAction":[{"@type":"SearchAction","target":{"@type":"EntryPoint","urlTemplate":"https:\/\/www.loire-gourmande.fr\/de\/?s={search_term_string}"},"query-input":{"@type":"PropertyValueSpecification","valueRequired":true,"valueName":"search_term_string"}}],"inLanguage":"de"},{"@type":"Organization","@id":"https:\/\/www.loire-gourmande.fr\/de\/#organization","name":"Loire Gourmande - Schnellrestaurant und Besuch in Turquant (49)","url":"https:\/\/www.loire-gourmande.fr\/de\/","logo":{"@type":"ImageObject","inLanguage":"de","@id":"https:\/\/www.loire-gourmande.fr\/de\/#\/schema\/logo\/image\/","url":"https:\/\/www.loire-gourmande.fr\/wp-content\/uploads\/2020\/10\/loire-gourmande-logo.jpg","contentUrl":"https:\/\/www.loire-gourmande.fr\/wp-content\/uploads\/2020\/10\/loire-gourmande-logo.jpg","width":800,"height":415,"caption":"Loire Gourmande - Schnellrestaurant und Besuch in Turquant (49)"},"image":{"@id":"https:\/\/www.loire-gourmande.fr\/de\/#\/schema\/logo\/image\/"},"sameAs":["https:\/\/www.facebook.com\/Loire-Gourmande-Turquant-101991328328493\/","https:\/\/www.instagram.com\/jean_yves_auradon\/?igshid=1ta3mfjka326t"]}]}},"_links":{"self":[{"href":"https:\/\/www.loire-gourmande.fr\/de\/wp-json\/wp\/v2\/product\/11349","targetHints":{"allow":["GET"]}}],"collection":[{"href":"https:\/\/www.loire-gourmande.fr\/de\/wp-json\/wp\/v2\/product"}],"about":[{"href":"https:\/\/www.loire-gourmande.fr\/de\/wp-json\/wp\/v2\/types\/product"}],"version-history":[{"count":2,"href":"https:\/\/www.loire-gourmande.fr\/de\/wp-json\/wp\/v2\/product\/11349\/revisions"}],"predecessor-version":[{"id":13249,"href":"https:\/\/www.loire-gourmande.fr\/de\/wp-json\/wp\/v2\/product\/11349\/revisions\/13249"}],"wp:featuredmedia":[{"embeddable":true,"href":"https:\/\/www.loire-gourmande.fr\/de\/wp-json\/wp\/v2\/media\/14312"}],"wp:attachment":[{"href":"https:\/\/www.loire-gourmande.fr\/de\/wp-json\/wp\/v2\/media?parent=11349"}],"wp:term":[{"taxonomy":"product_brand","embeddable":true,"href":"https:\/\/www.loire-gourmande.fr\/de\/wp-json\/wp\/v2\/product_brand?post=11349"},{"taxonomy":"product_cat","embeddable":true,"href":"https:\/\/www.loire-gourmande.fr\/de\/wp-json\/wp\/v2\/product_cat?post=11349"},{"taxonomy":"product_tag","embeddable":true,"href":"https:\/\/www.loire-gourmande.fr\/de\/wp-json\/wp\/v2\/product_tag?post=11349"}],"curies":[{"name":"wp","href":"https:\/\/api.w.org\/{rel}","templated":true}]}}