{"id":11362,"date":"2021-04-29T10:05:40","date_gmt":"2021-04-29T10:05:40","guid":{"rendered":"https:\/\/www.loire-gourmande.fr\/produit\/saumur-champigny-aop-gm-domaine-des-amandiers\/"},"modified":"2025-05-27T16:20:48","modified_gmt":"2025-05-27T15:20:48","slug":"saumur-champigny-aop-gm-domaine-des-amandiers","status":"publish","type":"product","link":"https:\/\/www.loire-gourmande.fr\/de\/Produkt\/saumur-champigny-aop-gm-domaine-des-amandiers\/","title":{"rendered":"SAUMUR CHAMPIGNY AOP GM DOMAINE DES AMANDIERS"},"content":{"rendered":"<div class=\"element element-textarea element-textareapro\">\n<p>Hinter einer dunkelroten Farbe mit violetten Reflexen am GM verbergen sich sch\u00f6ne Aromen von reifen Fr\u00fcchten und Flieder. Im Mund wird die Kraft dieses warmen Weines mit intensiver Fruchtigkeit und seidigen Tanninen deutlich.<\/p>\n<h3>VIGNES :<\/h3>\n<p><strong>Gemeinde:<\/strong> TURQUANT<br \/>\n<strong>Lage:<\/strong> Plateau, Lehm-Kalk-Boden<br \/>\n<strong>Rebsorte:<\/strong> Cabernet Franc 100%.<br \/>\n<strong>Alter:<\/strong> unter 25 Jahren<br \/>\nWeinbereitung<strong>:<\/strong> Die Weinbereitung erfolgt unter Ber\u00fccksichtigung des Umweltschutzes; Guyot-Schnitt Val de Loire, Begr\u00fcnung und alternierender Anbau zwischen den Reihen, um die Kraft zu kontrollieren; Entlaubung.<br \/>\n<strong>Ertrag: <\/strong> 50-55 hl\/ha<\/p>\n<\/div>\n<div class=\"element element-textarea element-textareapro\">\n<p><strong>ERNTE:<\/strong> Bei voller Reife, mechanisch<\/p>\n<\/div>\n<div class=\"element element-textarea element-textareapro last\">\n<p><strong>VINIFIKATION:<\/strong> Vollst\u00e4ndig entrappte Weinlese, Maischeg\u00e4rung 10-15 Tage; malolaktische G\u00e4rung; Abstich und Filtration auf der Erde im Februar\/M\u00e4rz.<\/p>\n<\/div>\n<p>VEREDELUNG<strong>:<\/strong> 4 Monate in Tanks und eigene Abf\u00fcllung. Die Weinbereitung, der Ausbau und die Lagerung finden vollst\u00e4ndig in H\u00f6hlenkellern statt, die in den Tuffstein gegraben wurden, mit einer fast konstanten Temperatur von 10-12\u00b0C.<\/p>\n<p>WEINPROBE<strong>:<\/strong> Die fruchtige Nase wird durch den anhaltenden Duft roter Fr\u00fcchte am Gaumen und seine Leichtigkeit unterst\u00fctzt, was ihn zu einem k\u00f6stlichen Wein macht. Diese Cuv\u00e9e mit geringer Lagerf\u00e4higkeit (2-3 Jahre) ist wegen ihrer Frische zu genie\u00dfen.<\/p>\n<p><strong>PASSEND ZUM WEIN:<\/strong> Leicht gek\u00fchlt 12-14\u00b0 als Aperitif, zu Fisch, Wurstwaren und gebratenem wei\u00dfen Fleisch<\/p>\n","protected":false},"excerpt":{"rendered":"<p>Unser Weingut, das von Marc und Etienne Rideau gef\u00fchrt wird, befindet sich im Herzen der Weinberge von Saumur in TURQUANT, einem Dorf der Winzer, des Charmes und des Handwerks; aber auch im Herzen des Loiretals, das zum UNESCO-Weltkulturerbe geh\u00f6rt.<br \/>\nMarc Rideau \u00fcbernahm 1985 die Weinberge seines Gro\u00dfvaters, 1993 ein weiteres Weingut und erweiterte den Weinberg: 12 Hektar, verteilt auf vier Gemeinden, Montsoreau, Parnay, Souzay, Champigny und Turquant. Sein Sohn Etienne kam 2015 hinzu.<\/p>\n","protected":false},"featured_media":11363,"template":"","meta":{"inline_featured_image":false},"product_brand":[],"product_cat":[602,600,601],"product_tag":[618,701,620,615],"class_list":{"0":"post-11362","1":"product","2":"type-product","3":"status-publish","4":"has-post-thumbnail","6":"product_cat-anjou-de","7":"product_cat-die-weine","8":"product_cat-rot","9":"product_tag-aperitif-de","10":"product_tag-eintrag","11":"product_tag-fleisch","12":"product_tag-wein","13":"product_shipping_class-flasche","15":"first","16":"instock","17":"featured","18":"taxable","19":"shipping-taxable","20":"purchasable","21":"product-type-simple"},"yoast_head":"<!-- This site is optimized with the Yoast SEO plugin v27.3 - https:\/\/yoast.com\/product\/yoast-seo-wordpress\/ -->\n<title>SAUMUR CHAMPIGNY AOP GM DOMAINE DES AMANDIERS - Loire Gourmande - une \u00e9tape savoureuse<\/title>\n<meta name=\"description\" content=\"SAUMUR CHAMPIGNY AOP GM DOMAINE DES AMANDIERS. Wein aus der Loire. Bestellung im Weinkeller auf der Website von Loire Gourmande. Weinh\u00e4ndler in Turquant (49).\" \/>\n<meta name=\"robots\" content=\"index, follow, max-snippet:-1, max-image-preview:large, max-video-preview:-1\" \/>\n<link rel=\"canonical\" href=\"https:\/\/www.loire-gourmande.fr\/de\/Produkt\/saumur-champigny-aop-gm-domaine-des-amandiers\/\" \/>\n<meta property=\"og:locale\" content=\"de_DE\" \/>\n<meta property=\"og:type\" content=\"article\" \/>\n<meta property=\"og:title\" content=\"SAUMUR CHAMPIGNY AOP GM DOMAINE DES AMANDIERS - Loire Gourmande - une \u00e9tape savoureuse\" \/>\n<meta property=\"og:description\" content=\"SAUMUR CHAMPIGNY AOP GM DOMAINE DES AMANDIERS. Wein aus der Loire. Bestellung im Weinkeller auf der Website von Loire Gourmande. Weinh\u00e4ndler in Turquant (49).\" \/>\n<meta property=\"og:url\" content=\"https:\/\/www.loire-gourmande.fr\/de\/Produkt\/saumur-champigny-aop-gm-domaine-des-amandiers\/\" \/>\n<meta property=\"og:site_name\" content=\"Loire Gourmande - une \u00e9tape savoureuse\" \/>\n<meta property=\"article:publisher\" content=\"https:\/\/www.facebook.com\/Loire-Gourmande-Turquant-101991328328493\/\" \/>\n<meta property=\"article:modified_time\" content=\"2025-05-27T15:20:48+00:00\" \/>\n<meta property=\"og:image\" content=\"https:\/\/www.loire-gourmande.fr\/wp-content\/uploads\/2021\/04\/GM.jpg\" \/>\n\t<meta property=\"og:image:width\" content=\"800\" \/>\n\t<meta property=\"og:image:height\" content=\"800\" \/>\n\t<meta property=\"og:image:type\" content=\"image\/jpeg\" \/>\n<meta name=\"twitter:card\" content=\"summary_large_image\" \/>\n<meta name=\"twitter:label1\" content=\"Gesch\u00e4tzte Lesezeit\" \/>\n\t<meta name=\"twitter:data1\" content=\"1\u00a0Minute\" \/>\n<script type=\"application\/ld+json\" class=\"yoast-schema-graph\">{\"@context\":\"https:\\\/\\\/schema.org\",\"@graph\":[{\"@type\":\"WebPage\",\"@id\":\"https:\\\/\\\/www.loire-gourmande.fr\\\/de\\\/Produkt\\\/saumur-champigny-aop-gm-domaine-des-amandiers\\\/\",\"url\":\"https:\\\/\\\/www.loire-gourmande.fr\\\/de\\\/Produkt\\\/saumur-champigny-aop-gm-domaine-des-amandiers\\\/\",\"name\":\"SAUMUR CHAMPIGNY AOP GM DOMAINE DES AMANDIERS - Loire Gourmande - une \u00e9tape savoureuse\",\"isPartOf\":{\"@id\":\"https:\\\/\\\/www.loire-gourmande.fr\\\/de\\\/#website\"},\"primaryImageOfPage\":{\"@id\":\"https:\\\/\\\/www.loire-gourmande.fr\\\/de\\\/Produkt\\\/saumur-champigny-aop-gm-domaine-des-amandiers\\\/#primaryimage\"},\"image\":{\"@id\":\"https:\\\/\\\/www.loire-gourmande.fr\\\/de\\\/Produkt\\\/saumur-champigny-aop-gm-domaine-des-amandiers\\\/#primaryimage\"},\"thumbnailUrl\":\"https:\\\/\\\/www.loire-gourmande.fr\\\/wp-content\\\/uploads\\\/2021\\\/04\\\/GM.jpg\",\"datePublished\":\"2021-04-29T10:05:40+00:00\",\"dateModified\":\"2025-05-27T15:20:48+00:00\",\"description\":\"SAUMUR CHAMPIGNY AOP GM DOMAINE DES AMANDIERS. Wein aus der Loire. Bestellung im Weinkeller auf der Website von Loire Gourmande. Weinh\u00e4ndler in Turquant (49).\",\"breadcrumb\":{\"@id\":\"https:\\\/\\\/www.loire-gourmande.fr\\\/de\\\/Produkt\\\/saumur-champigny-aop-gm-domaine-des-amandiers\\\/#breadcrumb\"},\"inLanguage\":\"de\",\"potentialAction\":[{\"@type\":\"ReadAction\",\"target\":[\"https:\\\/\\\/www.loire-gourmande.fr\\\/de\\\/Produkt\\\/saumur-champigny-aop-gm-domaine-des-amandiers\\\/\"]}]},{\"@type\":\"ImageObject\",\"inLanguage\":\"de\",\"@id\":\"https:\\\/\\\/www.loire-gourmande.fr\\\/de\\\/Produkt\\\/saumur-champigny-aop-gm-domaine-des-amandiers\\\/#primaryimage\",\"url\":\"https:\\\/\\\/www.loire-gourmande.fr\\\/wp-content\\\/uploads\\\/2021\\\/04\\\/GM.jpg\",\"contentUrl\":\"https:\\\/\\\/www.loire-gourmande.fr\\\/wp-content\\\/uploads\\\/2021\\\/04\\\/GM.jpg\",\"width\":800,\"height\":800},{\"@type\":\"BreadcrumbList\",\"@id\":\"https:\\\/\\\/www.loire-gourmande.fr\\\/de\\\/Produkt\\\/saumur-champigny-aop-gm-domaine-des-amandiers\\\/#breadcrumb\",\"itemListElement\":[{\"@type\":\"ListItem\",\"position\":1,\"name\":\"Startseite\",\"item\":\"https:\\\/\\\/www.loire-gourmande.fr\\\/de\\\/\"},{\"@type\":\"ListItem\",\"position\":2,\"name\":\"Die Boutique de Loire Gourmande: die Weine der Loire\",\"item\":\"https:\\\/\\\/www.loire-gourmande.fr\\\/de\\\/woocommerce\\\/\"},{\"@type\":\"ListItem\",\"position\":3,\"name\":\"Die Weine\",\"item\":\"https:\\\/\\\/www.loire-gourmande.fr\\\/de\\\/Produktkategorie\\\/die-weine\\\/\"},{\"@type\":\"ListItem\",\"position\":4,\"name\":\"Anjou\",\"item\":\"https:\\\/\\\/www.loire-gourmande.fr\\\/de\\\/Produktkategorie\\\/die-weine\\\/anjou-de\\\/\"},{\"@type\":\"ListItem\",\"position\":5,\"name\":\"SAUMUR CHAMPIGNY AOP GM DOMAINE DES AMANDIERS\"}]},{\"@type\":\"WebSite\",\"@id\":\"https:\\\/\\\/www.loire-gourmande.fr\\\/de\\\/#website\",\"url\":\"https:\\\/\\\/www.loire-gourmande.fr\\\/de\\\/\",\"name\":\"Loire Gourmande, une \u00e9tape savoureuse\",\"description\":\"une d\u00e9gustation \u00e0 toute heure et une boutique \u00e0 visiter \u00e0 Turquant (49)\",\"publisher\":{\"@id\":\"https:\\\/\\\/www.loire-gourmande.fr\\\/de\\\/#organization\"},\"potentialAction\":[{\"@type\":\"SearchAction\",\"target\":{\"@type\":\"EntryPoint\",\"urlTemplate\":\"https:\\\/\\\/www.loire-gourmande.fr\\\/de\\\/?s={search_term_string}\"},\"query-input\":{\"@type\":\"PropertyValueSpecification\",\"valueRequired\":true,\"valueName\":\"search_term_string\"}}],\"inLanguage\":\"de\"},{\"@type\":\"Organization\",\"@id\":\"https:\\\/\\\/www.loire-gourmande.fr\\\/de\\\/#organization\",\"name\":\"Loire Gourmande - Schnellrestaurant und Besuch in Turquant (49)\",\"url\":\"https:\\\/\\\/www.loire-gourmande.fr\\\/de\\\/\",\"logo\":{\"@type\":\"ImageObject\",\"inLanguage\":\"de\",\"@id\":\"https:\\\/\\\/www.loire-gourmande.fr\\\/de\\\/#\\\/schema\\\/logo\\\/image\\\/\",\"url\":\"https:\\\/\\\/www.loire-gourmande.fr\\\/wp-content\\\/uploads\\\/2020\\\/10\\\/loire-gourmande-logo.jpg\",\"contentUrl\":\"https:\\\/\\\/www.loire-gourmande.fr\\\/wp-content\\\/uploads\\\/2020\\\/10\\\/loire-gourmande-logo.jpg\",\"width\":800,\"height\":415,\"caption\":\"Loire Gourmande - Schnellrestaurant und Besuch in Turquant (49)\"},\"image\":{\"@id\":\"https:\\\/\\\/www.loire-gourmande.fr\\\/de\\\/#\\\/schema\\\/logo\\\/image\\\/\"},\"sameAs\":[\"https:\\\/\\\/www.facebook.com\\\/Loire-Gourmande-Turquant-101991328328493\\\/\",\"https:\\\/\\\/www.instagram.com\\\/jean_yves_auradon\\\/?igshid=1ta3mfjka326t\"]}]}<\/script>\n<!-- \/ Yoast SEO plugin. -->","yoast_head_json":{"title":"SAUMUR CHAMPIGNY AOP GM DOMAINE DES AMANDIERS - Loire Gourmande - une \u00e9tape savoureuse","description":"SAUMUR CHAMPIGNY AOP GM DOMAINE DES AMANDIERS. Wein aus der Loire. Bestellung im Weinkeller auf der Website von Loire Gourmande. Weinh\u00e4ndler in Turquant (49).","robots":{"index":"index","follow":"follow","max-snippet":"max-snippet:-1","max-image-preview":"max-image-preview:large","max-video-preview":"max-video-preview:-1"},"canonical":"https:\/\/www.loire-gourmande.fr\/de\/Produkt\/saumur-champigny-aop-gm-domaine-des-amandiers\/","og_locale":"de_DE","og_type":"article","og_title":"SAUMUR CHAMPIGNY AOP GM DOMAINE DES AMANDIERS - Loire Gourmande - une \u00e9tape savoureuse","og_description":"SAUMUR CHAMPIGNY AOP GM DOMAINE DES AMANDIERS. Wein aus der Loire. Bestellung im Weinkeller auf der Website von Loire Gourmande. Weinh\u00e4ndler in Turquant (49).","og_url":"https:\/\/www.loire-gourmande.fr\/de\/Produkt\/saumur-champigny-aop-gm-domaine-des-amandiers\/","og_site_name":"Loire Gourmande - une \u00e9tape savoureuse","article_publisher":"https:\/\/www.facebook.com\/Loire-Gourmande-Turquant-101991328328493\/","article_modified_time":"2025-05-27T15:20:48+00:00","og_image":[{"width":800,"height":800,"url":"https:\/\/www.loire-gourmande.fr\/wp-content\/uploads\/2021\/04\/GM.jpg","type":"image\/jpeg"}],"twitter_card":"summary_large_image","twitter_misc":{"Gesch\u00e4tzte Lesezeit":"1\u00a0Minute"},"schema":{"@context":"https:\/\/schema.org","@graph":[{"@type":"WebPage","@id":"https:\/\/www.loire-gourmande.fr\/de\/Produkt\/saumur-champigny-aop-gm-domaine-des-amandiers\/","url":"https:\/\/www.loire-gourmande.fr\/de\/Produkt\/saumur-champigny-aop-gm-domaine-des-amandiers\/","name":"SAUMUR CHAMPIGNY AOP GM DOMAINE DES AMANDIERS - Loire Gourmande - une \u00e9tape savoureuse","isPartOf":{"@id":"https:\/\/www.loire-gourmande.fr\/de\/#website"},"primaryImageOfPage":{"@id":"https:\/\/www.loire-gourmande.fr\/de\/Produkt\/saumur-champigny-aop-gm-domaine-des-amandiers\/#primaryimage"},"image":{"@id":"https:\/\/www.loire-gourmande.fr\/de\/Produkt\/saumur-champigny-aop-gm-domaine-des-amandiers\/#primaryimage"},"thumbnailUrl":"https:\/\/www.loire-gourmande.fr\/wp-content\/uploads\/2021\/04\/GM.jpg","datePublished":"2021-04-29T10:05:40+00:00","dateModified":"2025-05-27T15:20:48+00:00","description":"SAUMUR CHAMPIGNY AOP GM DOMAINE DES AMANDIERS. Wein aus der Loire. Bestellung im Weinkeller auf der Website von Loire Gourmande. Weinh\u00e4ndler in Turquant (49).","breadcrumb":{"@id":"https:\/\/www.loire-gourmande.fr\/de\/Produkt\/saumur-champigny-aop-gm-domaine-des-amandiers\/#breadcrumb"},"inLanguage":"de","potentialAction":[{"@type":"ReadAction","target":["https:\/\/www.loire-gourmande.fr\/de\/Produkt\/saumur-champigny-aop-gm-domaine-des-amandiers\/"]}]},{"@type":"ImageObject","inLanguage":"de","@id":"https:\/\/www.loire-gourmande.fr\/de\/Produkt\/saumur-champigny-aop-gm-domaine-des-amandiers\/#primaryimage","url":"https:\/\/www.loire-gourmande.fr\/wp-content\/uploads\/2021\/04\/GM.jpg","contentUrl":"https:\/\/www.loire-gourmande.fr\/wp-content\/uploads\/2021\/04\/GM.jpg","width":800,"height":800},{"@type":"BreadcrumbList","@id":"https:\/\/www.loire-gourmande.fr\/de\/Produkt\/saumur-champigny-aop-gm-domaine-des-amandiers\/#breadcrumb","itemListElement":[{"@type":"ListItem","position":1,"name":"Startseite","item":"https:\/\/www.loire-gourmande.fr\/de\/"},{"@type":"ListItem","position":2,"name":"Die Boutique de Loire Gourmande: die Weine der Loire","item":"https:\/\/www.loire-gourmande.fr\/de\/woocommerce\/"},{"@type":"ListItem","position":3,"name":"Die Weine","item":"https:\/\/www.loire-gourmande.fr\/de\/Produktkategorie\/die-weine\/"},{"@type":"ListItem","position":4,"name":"Anjou","item":"https:\/\/www.loire-gourmande.fr\/de\/Produktkategorie\/die-weine\/anjou-de\/"},{"@type":"ListItem","position":5,"name":"SAUMUR CHAMPIGNY AOP GM DOMAINE DES AMANDIERS"}]},{"@type":"WebSite","@id":"https:\/\/www.loire-gourmande.fr\/de\/#website","url":"https:\/\/www.loire-gourmande.fr\/de\/","name":"Loire Gourmande, une \u00e9tape savoureuse","description":"une d\u00e9gustation \u00e0 toute heure et une boutique \u00e0 visiter \u00e0 Turquant (49)","publisher":{"@id":"https:\/\/www.loire-gourmande.fr\/de\/#organization"},"potentialAction":[{"@type":"SearchAction","target":{"@type":"EntryPoint","urlTemplate":"https:\/\/www.loire-gourmande.fr\/de\/?s={search_term_string}"},"query-input":{"@type":"PropertyValueSpecification","valueRequired":true,"valueName":"search_term_string"}}],"inLanguage":"de"},{"@type":"Organization","@id":"https:\/\/www.loire-gourmande.fr\/de\/#organization","name":"Loire Gourmande - Schnellrestaurant und Besuch in Turquant (49)","url":"https:\/\/www.loire-gourmande.fr\/de\/","logo":{"@type":"ImageObject","inLanguage":"de","@id":"https:\/\/www.loire-gourmande.fr\/de\/#\/schema\/logo\/image\/","url":"https:\/\/www.loire-gourmande.fr\/wp-content\/uploads\/2020\/10\/loire-gourmande-logo.jpg","contentUrl":"https:\/\/www.loire-gourmande.fr\/wp-content\/uploads\/2020\/10\/loire-gourmande-logo.jpg","width":800,"height":415,"caption":"Loire Gourmande - Schnellrestaurant und Besuch in Turquant (49)"},"image":{"@id":"https:\/\/www.loire-gourmande.fr\/de\/#\/schema\/logo\/image\/"},"sameAs":["https:\/\/www.facebook.com\/Loire-Gourmande-Turquant-101991328328493\/","https:\/\/www.instagram.com\/jean_yves_auradon\/?igshid=1ta3mfjka326t"]}]}},"_links":{"self":[{"href":"https:\/\/www.loire-gourmande.fr\/de\/wp-json\/wp\/v2\/product\/11362","targetHints":{"allow":["GET"]}}],"collection":[{"href":"https:\/\/www.loire-gourmande.fr\/de\/wp-json\/wp\/v2\/product"}],"about":[{"href":"https:\/\/www.loire-gourmande.fr\/de\/wp-json\/wp\/v2\/types\/product"}],"version-history":[{"count":2,"href":"https:\/\/www.loire-gourmande.fr\/de\/wp-json\/wp\/v2\/product\/11362\/revisions"}],"predecessor-version":[{"id":13116,"href":"https:\/\/www.loire-gourmande.fr\/de\/wp-json\/wp\/v2\/product\/11362\/revisions\/13116"}],"wp:featuredmedia":[{"embeddable":true,"href":"https:\/\/www.loire-gourmande.fr\/de\/wp-json\/wp\/v2\/media\/11363"}],"wp:attachment":[{"href":"https:\/\/www.loire-gourmande.fr\/de\/wp-json\/wp\/v2\/media?parent=11362"}],"wp:term":[{"taxonomy":"product_brand","embeddable":true,"href":"https:\/\/www.loire-gourmande.fr\/de\/wp-json\/wp\/v2\/product_brand?post=11362"},{"taxonomy":"product_cat","embeddable":true,"href":"https:\/\/www.loire-gourmande.fr\/de\/wp-json\/wp\/v2\/product_cat?post=11362"},{"taxonomy":"product_tag","embeddable":true,"href":"https:\/\/www.loire-gourmande.fr\/de\/wp-json\/wp\/v2\/product_tag?post=11362"}],"curies":[{"name":"wp","href":"https:\/\/api.w.org\/{rel}","templated":true}]}}