{"id":11368,"date":"2021-04-29T10:05:34","date_gmt":"2021-04-29T10:05:34","guid":{"rendered":"https:\/\/www.loire-gourmande.fr\/produit\/saumur-brut-domaine-leduc-frouin\/"},"modified":"2025-05-27T16:31:33","modified_gmt":"2025-05-27T15:31:33","slug":"saumur-brut-domaine-leduc-frouin","status":"publish","type":"product","link":"https:\/\/www.loire-gourmande.fr\/de\/Produkt\/saumur-brut-domaine-leduc-frouin\/","title":{"rendered":"SAUMUR BRUT DOMAINE LEDUC FROUIN"},"content":{"rendered":"<p>Der wei\u00dfe Cr\u00e9mant de Loire, der aus den Rebsorten Chenin, Chardonnay und Cabernet Franc hergestellt wird, verleiht eine feine und blumige Nase.<br \/>\nAm Gaumen ist er ausgewogen, knackig und endet mit einem sch\u00f6nen Gef\u00fchl von Frische!<br \/>\nKombination <span style=\"font-size: 15pt;\">von Speisen und Weinen<\/span><\/p>\n<p>Perfekt f\u00fcr einen geselligen Empfang, f\u00fcr einen abendlichen Cocktail, den Familienaperitif<br \/>\nfleischige Austern \/ Krustentier-Cassolette \/ Fischbl\u00e4tterteig mit Spinat \/ Seezunge meuni\u00e8re<br \/>\ncrottin de chavignol<\/p>\n","protected":false},"excerpt":{"rendered":"<p><span style=\"font-size: 18pt;\"><em><strong>SAUMUR BRUT DOMAINE LEDUC FROUIN<\/strong><\/em><\/span><\/p>\n<p>Der wei\u00dfe Cr\u00e9mant de Loire, der aus den Rebsorten Chenin, Chardonnay und Cabernet Franc hergestellt wird, verleiht eine feine und blumige Nase.<br \/>\nAm Gaumen ist er ausgewogen, knackig und endet mit einem sch\u00f6nen Gef\u00fchl von Frische!<\/p>\n","protected":false},"featured_media":14327,"template":"","meta":{"inline_featured_image":false},"product_brand":[],"product_cat":[602,600,621,608],"product_tag":[618,652,615,617],"class_list":{"0":"post-11368","1":"product","2":"type-product","3":"status-publish","4":"has-post-thumbnail","6":"product_cat-anjou-de","7":"product_cat-die-weine","8":"product_cat-schaumwein","9":"product_cat-weis","10":"product_tag-aperitif-de","11":"product_tag-nachtisch","12":"product_tag-wein","13":"product_tag-weis","14":"product_shipping_class-flasche","16":"first","17":"instock","18":"featured","19":"taxable","20":"shipping-taxable","21":"purchasable","22":"product-type-simple"},"yoast_head":"<!-- This site is optimized with the Yoast SEO plugin v27.3 - https:\/\/yoast.com\/product\/yoast-seo-wordpress\/ -->\n<title>SAUMUR BRUT DOMAINE LEDUC FROUIN - Loire Gourmande - une \u00e9tape savoureuse<\/title>\n<meta name=\"description\" content=\"Der wei\u00dfe Cr\u00e9mant de Loire wird aus den Rebsorten Chenin, Chardonnay und Cabernet Franc hergestellt und hat eine feine, blumige Nase. Der ausgewogene Geschmack ist belebend, knackig und endet mit einer sch\u00f6nen Frische!Passt zu: Austern, Muscheln, Fisch in Bl\u00e4tterteig mit Spinat, Seezunge, Chavignol-Crottin.\" \/>\n<meta name=\"robots\" content=\"index, follow, max-snippet:-1, max-image-preview:large, max-video-preview:-1\" \/>\n<link rel=\"canonical\" href=\"https:\/\/www.loire-gourmande.fr\/de\/Produkt\/saumur-brut-domaine-leduc-frouin\/\" \/>\n<meta property=\"og:locale\" content=\"de_DE\" \/>\n<meta property=\"og:type\" content=\"article\" \/>\n<meta property=\"og:title\" content=\"SAUMUR BRUT DOMAINE LEDUC FROUIN - Loire Gourmande - une \u00e9tape savoureuse\" \/>\n<meta property=\"og:description\" content=\"Der wei\u00dfe Cr\u00e9mant de Loire wird aus den Rebsorten Chenin, Chardonnay und Cabernet Franc hergestellt und hat eine feine, blumige Nase. Der ausgewogene Geschmack ist belebend, knackig und endet mit einer sch\u00f6nen Frische!Passt zu: Austern, Muscheln, Fisch in Bl\u00e4tterteig mit Spinat, Seezunge, Chavignol-Crottin.\" \/>\n<meta property=\"og:url\" content=\"https:\/\/www.loire-gourmande.fr\/de\/Produkt\/saumur-brut-domaine-leduc-frouin\/\" \/>\n<meta property=\"og:site_name\" content=\"Loire Gourmande - une \u00e9tape savoureuse\" \/>\n<meta property=\"article:publisher\" content=\"https:\/\/www.facebook.com\/Loire-Gourmande-Turquant-101991328328493\/\" \/>\n<meta property=\"article:modified_time\" content=\"2025-05-27T15:31:33+00:00\" \/>\n<meta property=\"og:image\" content=\"https:\/\/www.loire-gourmande.fr\/wp-content\/uploads\/2021\/04\/2PSAUBRUTLEDUCFROBLC-Blanc-Cremant-Saumur-Brut-Leduc-Frouin.png\" \/>\n\t<meta property=\"og:image:width\" content=\"1200\" \/>\n\t<meta property=\"og:image:height\" content=\"1200\" \/>\n\t<meta property=\"og:image:type\" content=\"image\/png\" \/>\n<meta name=\"twitter:card\" content=\"summary_large_image\" \/>\n<script type=\"application\/ld+json\" class=\"yoast-schema-graph\">{\"@context\":\"https:\\\/\\\/schema.org\",\"@graph\":[{\"@type\":\"WebPage\",\"@id\":\"https:\\\/\\\/www.loire-gourmande.fr\\\/de\\\/Produkt\\\/saumur-brut-domaine-leduc-frouin\\\/\",\"url\":\"https:\\\/\\\/www.loire-gourmande.fr\\\/de\\\/Produkt\\\/saumur-brut-domaine-leduc-frouin\\\/\",\"name\":\"SAUMUR BRUT DOMAINE LEDUC FROUIN - Loire Gourmande - une \u00e9tape savoureuse\",\"isPartOf\":{\"@id\":\"https:\\\/\\\/www.loire-gourmande.fr\\\/de\\\/#website\"},\"primaryImageOfPage\":{\"@id\":\"https:\\\/\\\/www.loire-gourmande.fr\\\/de\\\/Produkt\\\/saumur-brut-domaine-leduc-frouin\\\/#primaryimage\"},\"image\":{\"@id\":\"https:\\\/\\\/www.loire-gourmande.fr\\\/de\\\/Produkt\\\/saumur-brut-domaine-leduc-frouin\\\/#primaryimage\"},\"thumbnailUrl\":\"https:\\\/\\\/www.loire-gourmande.fr\\\/wp-content\\\/uploads\\\/2021\\\/04\\\/SAUMUR-BRUT-DOMAINE-LEDUC-FROUIN-1.jpg\",\"datePublished\":\"2021-04-29T10:05:34+00:00\",\"dateModified\":\"2025-05-27T15:31:33+00:00\",\"description\":\"Der wei\u00dfe Cr\u00e9mant de Loire wird aus den Rebsorten Chenin, Chardonnay und Cabernet Franc hergestellt und hat eine feine, blumige Nase. Der ausgewogene Geschmack ist belebend, knackig und endet mit einer sch\u00f6nen Frische!Passt zu: Austern, Muscheln, Fisch in Bl\u00e4tterteig mit Spinat, Seezunge, Chavignol-Crottin.\",\"breadcrumb\":{\"@id\":\"https:\\\/\\\/www.loire-gourmande.fr\\\/de\\\/Produkt\\\/saumur-brut-domaine-leduc-frouin\\\/#breadcrumb\"},\"inLanguage\":\"de\",\"potentialAction\":[{\"@type\":\"ReadAction\",\"target\":[\"https:\\\/\\\/www.loire-gourmande.fr\\\/de\\\/Produkt\\\/saumur-brut-domaine-leduc-frouin\\\/\"]}]},{\"@type\":\"ImageObject\",\"inLanguage\":\"de\",\"@id\":\"https:\\\/\\\/www.loire-gourmande.fr\\\/de\\\/Produkt\\\/saumur-brut-domaine-leduc-frouin\\\/#primaryimage\",\"url\":\"https:\\\/\\\/www.loire-gourmande.fr\\\/wp-content\\\/uploads\\\/2021\\\/04\\\/SAUMUR-BRUT-DOMAINE-LEDUC-FROUIN-1.jpg\",\"contentUrl\":\"https:\\\/\\\/www.loire-gourmande.fr\\\/wp-content\\\/uploads\\\/2021\\\/04\\\/SAUMUR-BRUT-DOMAINE-LEDUC-FROUIN-1.jpg\",\"width\":800,\"height\":800},{\"@type\":\"BreadcrumbList\",\"@id\":\"https:\\\/\\\/www.loire-gourmande.fr\\\/de\\\/Produkt\\\/saumur-brut-domaine-leduc-frouin\\\/#breadcrumb\",\"itemListElement\":[{\"@type\":\"ListItem\",\"position\":1,\"name\":\"Startseite\",\"item\":\"https:\\\/\\\/www.loire-gourmande.fr\\\/de\\\/\"},{\"@type\":\"ListItem\",\"position\":2,\"name\":\"Die Boutique de Loire Gourmande: die Weine der Loire\",\"item\":\"https:\\\/\\\/www.loire-gourmande.fr\\\/de\\\/woocommerce\\\/\"},{\"@type\":\"ListItem\",\"position\":3,\"name\":\"Die Weine\",\"item\":\"https:\\\/\\\/www.loire-gourmande.fr\\\/de\\\/Produktkategorie\\\/die-weine\\\/\"},{\"@type\":\"ListItem\",\"position\":4,\"name\":\"SAUMUR BRUT DOMAINE LEDUC FROUIN\"}]},{\"@type\":\"WebSite\",\"@id\":\"https:\\\/\\\/www.loire-gourmande.fr\\\/de\\\/#website\",\"url\":\"https:\\\/\\\/www.loire-gourmande.fr\\\/de\\\/\",\"name\":\"Loire Gourmande, une \u00e9tape savoureuse\",\"description\":\"une d\u00e9gustation \u00e0 toute heure et une boutique \u00e0 visiter \u00e0 Turquant (49)\",\"publisher\":{\"@id\":\"https:\\\/\\\/www.loire-gourmande.fr\\\/de\\\/#organization\"},\"potentialAction\":[{\"@type\":\"SearchAction\",\"target\":{\"@type\":\"EntryPoint\",\"urlTemplate\":\"https:\\\/\\\/www.loire-gourmande.fr\\\/de\\\/?s={search_term_string}\"},\"query-input\":{\"@type\":\"PropertyValueSpecification\",\"valueRequired\":true,\"valueName\":\"search_term_string\"}}],\"inLanguage\":\"de\"},{\"@type\":\"Organization\",\"@id\":\"https:\\\/\\\/www.loire-gourmande.fr\\\/de\\\/#organization\",\"name\":\"Loire Gourmande - Schnellrestaurant und Besuch in Turquant (49)\",\"url\":\"https:\\\/\\\/www.loire-gourmande.fr\\\/de\\\/\",\"logo\":{\"@type\":\"ImageObject\",\"inLanguage\":\"de\",\"@id\":\"https:\\\/\\\/www.loire-gourmande.fr\\\/de\\\/#\\\/schema\\\/logo\\\/image\\\/\",\"url\":\"https:\\\/\\\/www.loire-gourmande.fr\\\/wp-content\\\/uploads\\\/2020\\\/10\\\/loire-gourmande-logo.jpg\",\"contentUrl\":\"https:\\\/\\\/www.loire-gourmande.fr\\\/wp-content\\\/uploads\\\/2020\\\/10\\\/loire-gourmande-logo.jpg\",\"width\":800,\"height\":415,\"caption\":\"Loire Gourmande - Schnellrestaurant und Besuch in Turquant (49)\"},\"image\":{\"@id\":\"https:\\\/\\\/www.loire-gourmande.fr\\\/de\\\/#\\\/schema\\\/logo\\\/image\\\/\"},\"sameAs\":[\"https:\\\/\\\/www.facebook.com\\\/Loire-Gourmande-Turquant-101991328328493\\\/\",\"https:\\\/\\\/www.instagram.com\\\/jean_yves_auradon\\\/?igshid=1ta3mfjka326t\"]}]}<\/script>\n<!-- \/ Yoast SEO plugin. -->","yoast_head_json":{"title":"SAUMUR BRUT DOMAINE LEDUC FROUIN - Loire Gourmande - une \u00e9tape savoureuse","description":"Der wei\u00dfe Cr\u00e9mant de Loire wird aus den Rebsorten Chenin, Chardonnay und Cabernet Franc hergestellt und hat eine feine, blumige Nase. Der ausgewogene Geschmack ist belebend, knackig und endet mit einer sch\u00f6nen Frische!Passt zu: Austern, Muscheln, Fisch in Bl\u00e4tterteig mit Spinat, Seezunge, Chavignol-Crottin.","robots":{"index":"index","follow":"follow","max-snippet":"max-snippet:-1","max-image-preview":"max-image-preview:large","max-video-preview":"max-video-preview:-1"},"canonical":"https:\/\/www.loire-gourmande.fr\/de\/Produkt\/saumur-brut-domaine-leduc-frouin\/","og_locale":"de_DE","og_type":"article","og_title":"SAUMUR BRUT DOMAINE LEDUC FROUIN - Loire Gourmande - une \u00e9tape savoureuse","og_description":"Der wei\u00dfe Cr\u00e9mant de Loire wird aus den Rebsorten Chenin, Chardonnay und Cabernet Franc hergestellt und hat eine feine, blumige Nase. Der ausgewogene Geschmack ist belebend, knackig und endet mit einer sch\u00f6nen Frische!Passt zu: Austern, Muscheln, Fisch in Bl\u00e4tterteig mit Spinat, Seezunge, Chavignol-Crottin.","og_url":"https:\/\/www.loire-gourmande.fr\/de\/Produkt\/saumur-brut-domaine-leduc-frouin\/","og_site_name":"Loire Gourmande - une \u00e9tape savoureuse","article_publisher":"https:\/\/www.facebook.com\/Loire-Gourmande-Turquant-101991328328493\/","article_modified_time":"2025-05-27T15:31:33+00:00","og_image":[{"width":1200,"height":1200,"url":"https:\/\/www.loire-gourmande.fr\/wp-content\/uploads\/2021\/04\/2PSAUBRUTLEDUCFROBLC-Blanc-Cremant-Saumur-Brut-Leduc-Frouin.png","type":"image\/png"}],"twitter_card":"summary_large_image","schema":{"@context":"https:\/\/schema.org","@graph":[{"@type":"WebPage","@id":"https:\/\/www.loire-gourmande.fr\/de\/Produkt\/saumur-brut-domaine-leduc-frouin\/","url":"https:\/\/www.loire-gourmande.fr\/de\/Produkt\/saumur-brut-domaine-leduc-frouin\/","name":"SAUMUR BRUT DOMAINE LEDUC FROUIN - Loire Gourmande - une \u00e9tape savoureuse","isPartOf":{"@id":"https:\/\/www.loire-gourmande.fr\/de\/#website"},"primaryImageOfPage":{"@id":"https:\/\/www.loire-gourmande.fr\/de\/Produkt\/saumur-brut-domaine-leduc-frouin\/#primaryimage"},"image":{"@id":"https:\/\/www.loire-gourmande.fr\/de\/Produkt\/saumur-brut-domaine-leduc-frouin\/#primaryimage"},"thumbnailUrl":"https:\/\/www.loire-gourmande.fr\/wp-content\/uploads\/2021\/04\/SAUMUR-BRUT-DOMAINE-LEDUC-FROUIN-1.jpg","datePublished":"2021-04-29T10:05:34+00:00","dateModified":"2025-05-27T15:31:33+00:00","description":"Der wei\u00dfe Cr\u00e9mant de Loire wird aus den Rebsorten Chenin, Chardonnay und Cabernet Franc hergestellt und hat eine feine, blumige Nase. Der ausgewogene Geschmack ist belebend, knackig und endet mit einer sch\u00f6nen Frische!Passt zu: Austern, Muscheln, Fisch in Bl\u00e4tterteig mit Spinat, Seezunge, Chavignol-Crottin.","breadcrumb":{"@id":"https:\/\/www.loire-gourmande.fr\/de\/Produkt\/saumur-brut-domaine-leduc-frouin\/#breadcrumb"},"inLanguage":"de","potentialAction":[{"@type":"ReadAction","target":["https:\/\/www.loire-gourmande.fr\/de\/Produkt\/saumur-brut-domaine-leduc-frouin\/"]}]},{"@type":"ImageObject","inLanguage":"de","@id":"https:\/\/www.loire-gourmande.fr\/de\/Produkt\/saumur-brut-domaine-leduc-frouin\/#primaryimage","url":"https:\/\/www.loire-gourmande.fr\/wp-content\/uploads\/2021\/04\/SAUMUR-BRUT-DOMAINE-LEDUC-FROUIN-1.jpg","contentUrl":"https:\/\/www.loire-gourmande.fr\/wp-content\/uploads\/2021\/04\/SAUMUR-BRUT-DOMAINE-LEDUC-FROUIN-1.jpg","width":800,"height":800},{"@type":"BreadcrumbList","@id":"https:\/\/www.loire-gourmande.fr\/de\/Produkt\/saumur-brut-domaine-leduc-frouin\/#breadcrumb","itemListElement":[{"@type":"ListItem","position":1,"name":"Startseite","item":"https:\/\/www.loire-gourmande.fr\/de\/"},{"@type":"ListItem","position":2,"name":"Die Boutique de Loire Gourmande: die Weine der Loire","item":"https:\/\/www.loire-gourmande.fr\/de\/woocommerce\/"},{"@type":"ListItem","position":3,"name":"Die Weine","item":"https:\/\/www.loire-gourmande.fr\/de\/Produktkategorie\/die-weine\/"},{"@type":"ListItem","position":4,"name":"SAUMUR BRUT DOMAINE LEDUC FROUIN"}]},{"@type":"WebSite","@id":"https:\/\/www.loire-gourmande.fr\/de\/#website","url":"https:\/\/www.loire-gourmande.fr\/de\/","name":"Loire Gourmande, une \u00e9tape savoureuse","description":"une d\u00e9gustation \u00e0 toute heure et une boutique \u00e0 visiter \u00e0 Turquant (49)","publisher":{"@id":"https:\/\/www.loire-gourmande.fr\/de\/#organization"},"potentialAction":[{"@type":"SearchAction","target":{"@type":"EntryPoint","urlTemplate":"https:\/\/www.loire-gourmande.fr\/de\/?s={search_term_string}"},"query-input":{"@type":"PropertyValueSpecification","valueRequired":true,"valueName":"search_term_string"}}],"inLanguage":"de"},{"@type":"Organization","@id":"https:\/\/www.loire-gourmande.fr\/de\/#organization","name":"Loire Gourmande - Schnellrestaurant und Besuch in Turquant (49)","url":"https:\/\/www.loire-gourmande.fr\/de\/","logo":{"@type":"ImageObject","inLanguage":"de","@id":"https:\/\/www.loire-gourmande.fr\/de\/#\/schema\/logo\/image\/","url":"https:\/\/www.loire-gourmande.fr\/wp-content\/uploads\/2020\/10\/loire-gourmande-logo.jpg","contentUrl":"https:\/\/www.loire-gourmande.fr\/wp-content\/uploads\/2020\/10\/loire-gourmande-logo.jpg","width":800,"height":415,"caption":"Loire Gourmande - Schnellrestaurant und Besuch in Turquant (49)"},"image":{"@id":"https:\/\/www.loire-gourmande.fr\/de\/#\/schema\/logo\/image\/"},"sameAs":["https:\/\/www.facebook.com\/Loire-Gourmande-Turquant-101991328328493\/","https:\/\/www.instagram.com\/jean_yves_auradon\/?igshid=1ta3mfjka326t"]}]}},"_links":{"self":[{"href":"https:\/\/www.loire-gourmande.fr\/de\/wp-json\/wp\/v2\/product\/11368","targetHints":{"allow":["GET"]}}],"collection":[{"href":"https:\/\/www.loire-gourmande.fr\/de\/wp-json\/wp\/v2\/product"}],"about":[{"href":"https:\/\/www.loire-gourmande.fr\/de\/wp-json\/wp\/v2\/types\/product"}],"version-history":[{"count":2,"href":"https:\/\/www.loire-gourmande.fr\/de\/wp-json\/wp\/v2\/product\/11368\/revisions"}],"predecessor-version":[{"id":13234,"href":"https:\/\/www.loire-gourmande.fr\/de\/wp-json\/wp\/v2\/product\/11368\/revisions\/13234"}],"wp:featuredmedia":[{"embeddable":true,"href":"https:\/\/www.loire-gourmande.fr\/de\/wp-json\/wp\/v2\/media\/14327"}],"wp:attachment":[{"href":"https:\/\/www.loire-gourmande.fr\/de\/wp-json\/wp\/v2\/media?parent=11368"}],"wp:term":[{"taxonomy":"product_brand","embeddable":true,"href":"https:\/\/www.loire-gourmande.fr\/de\/wp-json\/wp\/v2\/product_brand?post=11368"},{"taxonomy":"product_cat","embeddable":true,"href":"https:\/\/www.loire-gourmande.fr\/de\/wp-json\/wp\/v2\/product_cat?post=11368"},{"taxonomy":"product_tag","embeddable":true,"href":"https:\/\/www.loire-gourmande.fr\/de\/wp-json\/wp\/v2\/product_tag?post=11368"}],"curies":[{"name":"wp","href":"https:\/\/api.w.org\/{rel}","templated":true}]}}