{"id":11377,"date":"2021-04-29T10:05:39","date_gmt":"2021-04-29T10:05:39","guid":{"rendered":"https:\/\/www.loire-gourmande.fr\/produit\/rose-de-loire-aop-domaine-leduc-frouin\/"},"modified":"2025-05-27T16:32:01","modified_gmt":"2025-05-27T15:32:01","slug":"rose-de-loire-aop-domaine-leduc-frouin","status":"publish","type":"product","link":"https:\/\/www.loire-gourmande.fr\/de\/Produkt\/rose-de-loire-aop-domaine-leduc-frouin\/","title":{"rendered":"ROS\u00c9 DE LOIRE AOP DOMAINE LEDUC FROUIN"},"content":{"rendered":"<p>Mit seinen zart s\u00e4uerlichen und blumigen Noten von roten Fr\u00fcchten wird Sie unser Ros\u00e9 von der Loire begeistern.<\/p>\n<p>Er ist der Sommerwein par excellence. Ideal vom Aperitif bis zum K\u00e4se mit einer sch\u00f6nen L\u00e4nge und einem langen Abgang<br \/>\nKombination <span style=\"font-size: 15pt;\">von Speisen und Weinen<\/span><br \/>\nSchweinefilet \/ Perlhuhn-Ballotinen \/ Rindfleisch in Gelee \/ H\u00e4hnchen-Aiguillette \/ Trockenk\u00e4se<\/p>\n","protected":false},"excerpt":{"rendered":"<p><span style=\"font-size: 18pt;\"><em><strong>ROSE DE LOIRE DOMAINE LEDUC FROUIN<\/strong><\/em><\/span><br \/>\nDelikatesse und Erfolg f\u00fcr diesen h\u00fcbschen Ros\u00e9 de Loire mit spritzigen und fruchtigen Noten.<\/p>\n<p>Mit seinen zart s\u00e4uerlichen und blumigen Noten von roten Fr\u00fcchten wird Sie unser Ros\u00e9 von der Loire begeistern.<\/p>\n<p>Er ist der Sommerwein par excellence. Ideal vom Aperitif bis zum K\u00e4se mit einer sch\u00f6nen L\u00e4nge und einem langen Abgang<\/p>\n","protected":false},"featured_media":14324,"template":"","meta":{"inline_featured_image":false},"product_brand":[],"product_cat":[602,603,600,642],"product_tag":[701,620,605,615],"class_list":{"0":"post-11377","1":"product","2":"type-product","3":"status-publish","4":"has-post-thumbnail","6":"product_cat-anjou-de","7":"product_cat-bio-wein","8":"product_cat-die-weine","9":"product_cat-rose-de","10":"product_tag-eintrag","11":"product_tag-fleisch","12":"product_tag-kase","13":"product_tag-wein","14":"product_shipping_class-flasche","16":"first","17":"instock","18":"featured","19":"taxable","20":"shipping-taxable","21":"purchasable","22":"product-type-simple"},"yoast_head":"<!-- This site is optimized with the Yoast SEO plugin v27.6 - https:\/\/yoast.com\/product\/yoast-seo-wordpress\/ -->\n<title>ROS\u00c9 DE LOIRE AOP DOMAINE LEDUC FROUIN - Loire Gourmande - une \u00e9tape savoureuse<\/title>\n<meta name=\"description\" content=\"Mit seinen zart s\u00e4uerlichen und blumigen Noten von roten Fr\u00fcchten wird Sie unser Ros\u00e9 von der Loire begeistern. Er ist der Sommerwein par excellence. Ideal vom Aperitif bis zum K\u00e4se mit einem langen und nachhaltigen Abgang Passt zu: Schweinefilet \/ Perlhuhnballotine \/ Rindfleisch in Gelee \/ H\u00fchnernadel \/ Trockenk\u00e4se\" \/>\n<meta name=\"robots\" content=\"index, follow, max-snippet:-1, max-image-preview:large, max-video-preview:-1\" \/>\n<link rel=\"canonical\" href=\"https:\/\/www.loire-gourmande.fr\/de\/Produkt\/rose-de-loire-aop-domaine-leduc-frouin\/\" \/>\n<meta property=\"og:locale\" content=\"de_DE\" \/>\n<meta property=\"og:type\" content=\"article\" \/>\n<meta property=\"og:title\" content=\"ROS\u00c9 DE LOIRE AOP DOMAINE LEDUC FROUIN - Loire Gourmande - une \u00e9tape savoureuse\" \/>\n<meta property=\"og:description\" content=\"Mit seinen zart s\u00e4uerlichen und blumigen Noten von roten Fr\u00fcchten wird Sie unser Ros\u00e9 von der Loire begeistern. Er ist der Sommerwein par excellence. Ideal vom Aperitif bis zum K\u00e4se mit einem langen und nachhaltigen Abgang Passt zu: Schweinefilet \/ Perlhuhnballotine \/ Rindfleisch in Gelee \/ H\u00fchnernadel \/ Trockenk\u00e4se\" \/>\n<meta property=\"og:url\" content=\"https:\/\/www.loire-gourmande.fr\/de\/Produkt\/rose-de-loire-aop-domaine-leduc-frouin\/\" \/>\n<meta property=\"og:site_name\" content=\"Loire Gourmande - une \u00e9tape savoureuse\" \/>\n<meta property=\"article:publisher\" content=\"https:\/\/www.facebook.com\/Loire-Gourmande-Turquant-101991328328493\/\" \/>\n<meta property=\"article:modified_time\" content=\"2025-05-27T15:32:01+00:00\" \/>\n<meta property=\"og:image\" content=\"https:\/\/www.loire-gourmande.fr\/wp-content\/uploads\/2023\/11\/Rose-de-Loire-.jpg\" \/>\n\t<meta property=\"og:image:width\" content=\"800\" \/>\n\t<meta property=\"og:image:height\" content=\"1024\" \/>\n\t<meta property=\"og:image:type\" content=\"image\/jpeg\" \/>\n<meta name=\"twitter:card\" content=\"summary_large_image\" \/>\n<script type=\"application\/ld+json\" class=\"yoast-schema-graph\">{\"@context\":\"https:\\\/\\\/schema.org\",\"@graph\":[{\"@type\":\"WebPage\",\"@id\":\"https:\\\/\\\/www.loire-gourmande.fr\\\/de\\\/Produkt\\\/rose-de-loire-aop-domaine-leduc-frouin\\\/\",\"url\":\"https:\\\/\\\/www.loire-gourmande.fr\\\/de\\\/Produkt\\\/rose-de-loire-aop-domaine-leduc-frouin\\\/\",\"name\":\"ROS\u00c9 DE LOIRE AOP DOMAINE LEDUC FROUIN - Loire Gourmande - une \u00e9tape savoureuse\",\"isPartOf\":{\"@id\":\"https:\\\/\\\/www.loire-gourmande.fr\\\/de\\\/#website\"},\"primaryImageOfPage\":{\"@id\":\"https:\\\/\\\/www.loire-gourmande.fr\\\/de\\\/Produkt\\\/rose-de-loire-aop-domaine-leduc-frouin\\\/#primaryimage\"},\"image\":{\"@id\":\"https:\\\/\\\/www.loire-gourmande.fr\\\/de\\\/Produkt\\\/rose-de-loire-aop-domaine-leduc-frouin\\\/#primaryimage\"},\"thumbnailUrl\":\"https:\\\/\\\/www.loire-gourmande.fr\\\/wp-content\\\/uploads\\\/2021\\\/04\\\/Rose-dAnjou-LEDUC-FROUIN-1.jpg\",\"datePublished\":\"2021-04-29T10:05:39+00:00\",\"dateModified\":\"2025-05-27T15:32:01+00:00\",\"description\":\"Mit seinen zart s\u00e4uerlichen und blumigen Noten von roten Fr\u00fcchten wird Sie unser Ros\u00e9 von der Loire begeistern. Er ist der Sommerwein par excellence. Ideal vom Aperitif bis zum K\u00e4se mit einem langen und nachhaltigen Abgang Passt zu: Schweinefilet \\\/ Perlhuhnballotine \\\/ Rindfleisch in Gelee \\\/ H\u00fchnernadel \\\/ Trockenk\u00e4se\",\"breadcrumb\":{\"@id\":\"https:\\\/\\\/www.loire-gourmande.fr\\\/de\\\/Produkt\\\/rose-de-loire-aop-domaine-leduc-frouin\\\/#breadcrumb\"},\"inLanguage\":\"de\",\"potentialAction\":[{\"@type\":\"ReadAction\",\"target\":[\"https:\\\/\\\/www.loire-gourmande.fr\\\/de\\\/Produkt\\\/rose-de-loire-aop-domaine-leduc-frouin\\\/\"]}]},{\"@type\":\"ImageObject\",\"inLanguage\":\"de\",\"@id\":\"https:\\\/\\\/www.loire-gourmande.fr\\\/de\\\/Produkt\\\/rose-de-loire-aop-domaine-leduc-frouin\\\/#primaryimage\",\"url\":\"https:\\\/\\\/www.loire-gourmande.fr\\\/wp-content\\\/uploads\\\/2021\\\/04\\\/Rose-dAnjou-LEDUC-FROUIN-1.jpg\",\"contentUrl\":\"https:\\\/\\\/www.loire-gourmande.fr\\\/wp-content\\\/uploads\\\/2021\\\/04\\\/Rose-dAnjou-LEDUC-FROUIN-1.jpg\",\"width\":800,\"height\":800},{\"@type\":\"BreadcrumbList\",\"@id\":\"https:\\\/\\\/www.loire-gourmande.fr\\\/de\\\/Produkt\\\/rose-de-loire-aop-domaine-leduc-frouin\\\/#breadcrumb\",\"itemListElement\":[{\"@type\":\"ListItem\",\"position\":1,\"name\":\"Startseite\",\"item\":\"https:\\\/\\\/www.loire-gourmande.fr\\\/de\\\/\"},{\"@type\":\"ListItem\",\"position\":2,\"name\":\"Die Boutique de Loire Gourmande: die Weine der Loire\",\"item\":\"https:\\\/\\\/www.loire-gourmande.fr\\\/de\\\/woocommerce\\\/\"},{\"@type\":\"ListItem\",\"position\":3,\"name\":\"Die Weine\",\"item\":\"https:\\\/\\\/www.loire-gourmande.fr\\\/de\\\/Produktkategorie\\\/die-weine\\\/\"},{\"@type\":\"ListItem\",\"position\":4,\"name\":\"ROS\u00c9 DE LOIRE AOP DOMAINE LEDUC FROUIN\"}]},{\"@type\":\"WebSite\",\"@id\":\"https:\\\/\\\/www.loire-gourmande.fr\\\/de\\\/#website\",\"url\":\"https:\\\/\\\/www.loire-gourmande.fr\\\/de\\\/\",\"name\":\"Loire Gourmande, une \u00e9tape savoureuse\",\"description\":\"une d\u00e9gustation \u00e0 toute heure et une boutique \u00e0 visiter \u00e0 Turquant (49)\",\"publisher\":{\"@id\":\"https:\\\/\\\/www.loire-gourmande.fr\\\/de\\\/#organization\"},\"potentialAction\":[{\"@type\":\"SearchAction\",\"target\":{\"@type\":\"EntryPoint\",\"urlTemplate\":\"https:\\\/\\\/www.loire-gourmande.fr\\\/de\\\/?s={search_term_string}\"},\"query-input\":{\"@type\":\"PropertyValueSpecification\",\"valueRequired\":true,\"valueName\":\"search_term_string\"}}],\"inLanguage\":\"de\"},{\"@type\":\"Organization\",\"@id\":\"https:\\\/\\\/www.loire-gourmande.fr\\\/de\\\/#organization\",\"name\":\"Loire Gourmande - Schnellrestaurant und Besuch in Turquant (49)\",\"url\":\"https:\\\/\\\/www.loire-gourmande.fr\\\/de\\\/\",\"logo\":{\"@type\":\"ImageObject\",\"inLanguage\":\"de\",\"@id\":\"https:\\\/\\\/www.loire-gourmande.fr\\\/de\\\/#\\\/schema\\\/logo\\\/image\\\/\",\"url\":\"https:\\\/\\\/www.loire-gourmande.fr\\\/wp-content\\\/uploads\\\/2020\\\/10\\\/loire-gourmande-logo.jpg\",\"contentUrl\":\"https:\\\/\\\/www.loire-gourmande.fr\\\/wp-content\\\/uploads\\\/2020\\\/10\\\/loire-gourmande-logo.jpg\",\"width\":800,\"height\":415,\"caption\":\"Loire Gourmande - Schnellrestaurant und Besuch in Turquant (49)\"},\"image\":{\"@id\":\"https:\\\/\\\/www.loire-gourmande.fr\\\/de\\\/#\\\/schema\\\/logo\\\/image\\\/\"},\"sameAs\":[\"https:\\\/\\\/www.facebook.com\\\/Loire-Gourmande-Turquant-101991328328493\\\/\",\"https:\\\/\\\/www.instagram.com\\\/jean_yves_auradon\\\/?igshid=1ta3mfjka326t\"]}]}<\/script>\n<!-- \/ Yoast SEO plugin. -->","yoast_head_json":{"title":"ROS\u00c9 DE LOIRE AOP DOMAINE LEDUC FROUIN - Loire Gourmande - une \u00e9tape savoureuse","description":"Mit seinen zart s\u00e4uerlichen und blumigen Noten von roten Fr\u00fcchten wird Sie unser Ros\u00e9 von der Loire begeistern. Er ist der Sommerwein par excellence. Ideal vom Aperitif bis zum K\u00e4se mit einem langen und nachhaltigen Abgang Passt zu: Schweinefilet \/ Perlhuhnballotine \/ Rindfleisch in Gelee \/ H\u00fchnernadel \/ Trockenk\u00e4se","robots":{"index":"index","follow":"follow","max-snippet":"max-snippet:-1","max-image-preview":"max-image-preview:large","max-video-preview":"max-video-preview:-1"},"canonical":"https:\/\/www.loire-gourmande.fr\/de\/Produkt\/rose-de-loire-aop-domaine-leduc-frouin\/","og_locale":"de_DE","og_type":"article","og_title":"ROS\u00c9 DE LOIRE AOP DOMAINE LEDUC FROUIN - Loire Gourmande - une \u00e9tape savoureuse","og_description":"Mit seinen zart s\u00e4uerlichen und blumigen Noten von roten Fr\u00fcchten wird Sie unser Ros\u00e9 von der Loire begeistern. Er ist der Sommerwein par excellence. Ideal vom Aperitif bis zum K\u00e4se mit einem langen und nachhaltigen Abgang Passt zu: Schweinefilet \/ Perlhuhnballotine \/ Rindfleisch in Gelee \/ H\u00fchnernadel \/ Trockenk\u00e4se","og_url":"https:\/\/www.loire-gourmande.fr\/de\/Produkt\/rose-de-loire-aop-domaine-leduc-frouin\/","og_site_name":"Loire Gourmande - une \u00e9tape savoureuse","article_publisher":"https:\/\/www.facebook.com\/Loire-Gourmande-Turquant-101991328328493\/","article_modified_time":"2025-05-27T15:32:01+00:00","og_image":[{"width":800,"height":1024,"url":"https:\/\/www.loire-gourmande.fr\/wp-content\/uploads\/2023\/11\/Rose-de-Loire-.jpg","type":"image\/jpeg"}],"twitter_card":"summary_large_image","schema":{"@context":"https:\/\/schema.org","@graph":[{"@type":"WebPage","@id":"https:\/\/www.loire-gourmande.fr\/de\/Produkt\/rose-de-loire-aop-domaine-leduc-frouin\/","url":"https:\/\/www.loire-gourmande.fr\/de\/Produkt\/rose-de-loire-aop-domaine-leduc-frouin\/","name":"ROS\u00c9 DE LOIRE AOP DOMAINE LEDUC FROUIN - Loire Gourmande - une \u00e9tape savoureuse","isPartOf":{"@id":"https:\/\/www.loire-gourmande.fr\/de\/#website"},"primaryImageOfPage":{"@id":"https:\/\/www.loire-gourmande.fr\/de\/Produkt\/rose-de-loire-aop-domaine-leduc-frouin\/#primaryimage"},"image":{"@id":"https:\/\/www.loire-gourmande.fr\/de\/Produkt\/rose-de-loire-aop-domaine-leduc-frouin\/#primaryimage"},"thumbnailUrl":"https:\/\/www.loire-gourmande.fr\/wp-content\/uploads\/2021\/04\/Rose-dAnjou-LEDUC-FROUIN-1.jpg","datePublished":"2021-04-29T10:05:39+00:00","dateModified":"2025-05-27T15:32:01+00:00","description":"Mit seinen zart s\u00e4uerlichen und blumigen Noten von roten Fr\u00fcchten wird Sie unser Ros\u00e9 von der Loire begeistern. Er ist der Sommerwein par excellence. Ideal vom Aperitif bis zum K\u00e4se mit einem langen und nachhaltigen Abgang Passt zu: Schweinefilet \/ Perlhuhnballotine \/ Rindfleisch in Gelee \/ H\u00fchnernadel \/ Trockenk\u00e4se","breadcrumb":{"@id":"https:\/\/www.loire-gourmande.fr\/de\/Produkt\/rose-de-loire-aop-domaine-leduc-frouin\/#breadcrumb"},"inLanguage":"de","potentialAction":[{"@type":"ReadAction","target":["https:\/\/www.loire-gourmande.fr\/de\/Produkt\/rose-de-loire-aop-domaine-leduc-frouin\/"]}]},{"@type":"ImageObject","inLanguage":"de","@id":"https:\/\/www.loire-gourmande.fr\/de\/Produkt\/rose-de-loire-aop-domaine-leduc-frouin\/#primaryimage","url":"https:\/\/www.loire-gourmande.fr\/wp-content\/uploads\/2021\/04\/Rose-dAnjou-LEDUC-FROUIN-1.jpg","contentUrl":"https:\/\/www.loire-gourmande.fr\/wp-content\/uploads\/2021\/04\/Rose-dAnjou-LEDUC-FROUIN-1.jpg","width":800,"height":800},{"@type":"BreadcrumbList","@id":"https:\/\/www.loire-gourmande.fr\/de\/Produkt\/rose-de-loire-aop-domaine-leduc-frouin\/#breadcrumb","itemListElement":[{"@type":"ListItem","position":1,"name":"Startseite","item":"https:\/\/www.loire-gourmande.fr\/de\/"},{"@type":"ListItem","position":2,"name":"Die Boutique de Loire Gourmande: die Weine der Loire","item":"https:\/\/www.loire-gourmande.fr\/de\/woocommerce\/"},{"@type":"ListItem","position":3,"name":"Die Weine","item":"https:\/\/www.loire-gourmande.fr\/de\/Produktkategorie\/die-weine\/"},{"@type":"ListItem","position":4,"name":"ROS\u00c9 DE LOIRE AOP DOMAINE LEDUC FROUIN"}]},{"@type":"WebSite","@id":"https:\/\/www.loire-gourmande.fr\/de\/#website","url":"https:\/\/www.loire-gourmande.fr\/de\/","name":"Loire Gourmande, une \u00e9tape savoureuse","description":"une d\u00e9gustation \u00e0 toute heure et une boutique \u00e0 visiter \u00e0 Turquant (49)","publisher":{"@id":"https:\/\/www.loire-gourmande.fr\/de\/#organization"},"potentialAction":[{"@type":"SearchAction","target":{"@type":"EntryPoint","urlTemplate":"https:\/\/www.loire-gourmande.fr\/de\/?s={search_term_string}"},"query-input":{"@type":"PropertyValueSpecification","valueRequired":true,"valueName":"search_term_string"}}],"inLanguage":"de"},{"@type":"Organization","@id":"https:\/\/www.loire-gourmande.fr\/de\/#organization","name":"Loire Gourmande - Schnellrestaurant und Besuch in Turquant (49)","url":"https:\/\/www.loire-gourmande.fr\/de\/","logo":{"@type":"ImageObject","inLanguage":"de","@id":"https:\/\/www.loire-gourmande.fr\/de\/#\/schema\/logo\/image\/","url":"https:\/\/www.loire-gourmande.fr\/wp-content\/uploads\/2020\/10\/loire-gourmande-logo.jpg","contentUrl":"https:\/\/www.loire-gourmande.fr\/wp-content\/uploads\/2020\/10\/loire-gourmande-logo.jpg","width":800,"height":415,"caption":"Loire Gourmande - Schnellrestaurant und Besuch in Turquant (49)"},"image":{"@id":"https:\/\/www.loire-gourmande.fr\/de\/#\/schema\/logo\/image\/"},"sameAs":["https:\/\/www.facebook.com\/Loire-Gourmande-Turquant-101991328328493\/","https:\/\/www.instagram.com\/jean_yves_auradon\/?igshid=1ta3mfjka326t"]}]}},"_links":{"self":[{"href":"https:\/\/www.loire-gourmande.fr\/de\/wp-json\/wp\/v2\/product\/11377","targetHints":{"allow":["GET"]}}],"collection":[{"href":"https:\/\/www.loire-gourmande.fr\/de\/wp-json\/wp\/v2\/product"}],"about":[{"href":"https:\/\/www.loire-gourmande.fr\/de\/wp-json\/wp\/v2\/types\/product"}],"version-history":[{"count":2,"href":"https:\/\/www.loire-gourmande.fr\/de\/wp-json\/wp\/v2\/product\/11377\/revisions"}],"predecessor-version":[{"id":13268,"href":"https:\/\/www.loire-gourmande.fr\/de\/wp-json\/wp\/v2\/product\/11377\/revisions\/13268"}],"wp:featuredmedia":[{"embeddable":true,"href":"https:\/\/www.loire-gourmande.fr\/de\/wp-json\/wp\/v2\/media\/14324"}],"wp:attachment":[{"href":"https:\/\/www.loire-gourmande.fr\/de\/wp-json\/wp\/v2\/media?parent=11377"}],"wp:term":[{"taxonomy":"product_brand","embeddable":true,"href":"https:\/\/www.loire-gourmande.fr\/de\/wp-json\/wp\/v2\/product_brand?post=11377"},{"taxonomy":"product_cat","embeddable":true,"href":"https:\/\/www.loire-gourmande.fr\/de\/wp-json\/wp\/v2\/product_cat?post=11377"},{"taxonomy":"product_tag","embeddable":true,"href":"https:\/\/www.loire-gourmande.fr\/de\/wp-json\/wp\/v2\/product_tag?post=11377"}],"curies":[{"name":"wp","href":"https:\/\/api.w.org\/{rel}","templated":true}]}}