{"id":11386,"date":"2021-04-29T10:05:39","date_gmt":"2021-04-29T10:05:39","guid":{"rendered":"https:\/\/www.loire-gourmande.fr\/produit\/saumur-blanc-aop-ardile-domaine-des-guyons\/"},"modified":"2025-05-27T16:32:05","modified_gmt":"2025-05-27T15:32:05","slug":"saumur-blanc-aop-ardile-domaine-des-guyons","status":"publish","type":"product","link":"https:\/\/www.loire-gourmande.fr\/de\/Produkt\/saumur-blanc-aop-ardile-domaine-des-guyons\/","title":{"rendered":"SAUMUR BLANC AOP ARDILE DOMAINE DES GUYONS"},"content":{"rendered":"<div id=\"bgLayers_comp-j4zngr2l\" class=\"MW5IWV\" data-hook=\"bgLayers\">\n<div>L&#8217;Ardile stammt von \u00fcber 80 Jahre alten Rebst\u00f6cken und passt perfekt zu Francks Suche nach hochreifen Trauben, die dem Wein eine echte Dichte verleihen und in der Lage sind, die Nuancen dieses ton- und kalkhaltigen Terroirs zu \u00fcbertragen. Dieser 18 Monate lang gereifte Saumur entwickelt ein komplexes Bouquet von exotischen wei\u00dfen Fr\u00fcchten. Denken Sie daran, ihn 1 Stunde vorher zu \u00f6ffnen, um ihn schnell zu bel\u00fcften oder sogar zu karaffieren.<\/div>\n<div id=\"bgMedia_comp-j4zngr2l\" class=\"VgO9Yg\">\n<p>REBSORTE: Alte Reben (80 Jahre) von Chenin oder Pineau de Loire, 100% aus Massenselektion.<\/p>\n<p>BODEN: Kalkhaltiger Lehm aus dem mittleren Turonien. Das Mikroklima von Saumur ist das w\u00e4rmste und trockenste im gesamten Loiretal.<\/p>\n<p>VINIFIKATION &amp; REIFUNG: <span class=\"wixui-rich-text__text\">Direkte Abf\u00fcllung in eine pneumatische Presse und nach dem Absetzen alkoholische G\u00e4rung<\/span><span class=\"wixui-rich-text__text\">in Burgunderf\u00e4ssern<\/span><span class=\"wixui-rich-text__text\">  von 230 Litern. Nicht temperaturregulierter Wein, ohne Zusatz von Input.<br \/>\n<\/span><span class=\"wixui-rich-text__text\">Ausbau: Die alkoholische G\u00e4rung dauert Wochen in F\u00e4ssern.<\/span><span class=\"wixui-rich-text__text\">keine<\/span><span class=\"wixui-rich-text__text\"> keine G\u00e4rung<\/span><span class=\"wixui-rich-text__text\">  Malolaktik. Der Wein bleibt 18<\/span> <span class=\"wixui-rich-text__text\"> Monat mit mehr oder weniger<\/span><span class=\"wixui-rich-text__text\"> mit weniger Schlagstock<\/span><span class=\"wixui-rich-text__text\">Nage<\/span><span class=\"wixui-rich-text__text\"> je nach Jahrgang, um den Wein fetter zu machen.<\/span><span class=\"wixui-rich-text__text\"> Su<\/span><span class=\"wixui-rich-text__text\">Rests\u00fc\u00dfe und Alkohol: &lt; 2g\/l. und &gt;13% Vol.<\/span><\/p>\n<p>Weinbau: <span class=\"wixui-rich-text__text\">Bearbeitete B\u00f6den; keine chemischen D\u00fcngemittel<\/span><span class=\"wixui-rich-text__text\">; Suche nach sch\u00f6nen, gesunden Trauben<\/span><span class=\"wixui-rich-text__text\"> (einfacher Guyot-Schnitt, Bel\u00fcftung durch Verdoppelung<\/span><span class=\"wixui-rich-text__text\">, Ausd\u00fcnnung, Ausd\u00fcnnung der Bl\u00e4tter usw.). <\/span>Die Weinlese erfolgt durch Sortierung von sehr reifen, aber nicht botrytisierten Trauben mit dem Ziel trockenen Wei\u00dfwein<\/p>\n<p>WEINPROBE: Gelbe Farbe mit gr\u00fcnen Reflexen, eine komplexe Nase von exotischen wei\u00dfen Fr\u00fcchten: Litschi, Sternfrucht und einige mineralische Noten. Im Mund ist er strukturiert, mit s\u00e4uerlichen Zitrusnoten, lang und frisch.<\/p>\n<p>LAGERUNG: <span class=\"wixui-rich-text__text\">Lagerung: Chenin ist bekannt f\u00fcr seine lange Reifung<\/span> <span class=\"wixui-rich-text__text\">(15 Jahre oder l\u00e4nger<\/span><span class=\"wixui-rich-text__text\">), aber viele warten nicht darauf, seine edlen Aromen<br \/>\n zu sch\u00e4tzen<\/span><\/p>\n<\/div>\n<\/div>\n<div class=\"\" data-mesh-id=\"comp-j4zngr2linlineContent\" data-testid=\"inline-content\">\n<div data-mesh-id=\"comp-j4zngr2linlineContent-gridContainer\" data-testid=\"mesh-container-content\">\n<div data-mesh-id=\"comp-j4zqqar5-rotated-wrapper\">\n<div id=\"comp-j4zqqar5\" class=\"comp-j4zqqar5 aVng1S wixui-horizontal-line\">PASSEND ZUM WEIN: Nicht zu k\u00fchl (10-12\u00b0C) zu gegrilltem Fisch, hellem Fleisch, gekochtem oder fermentiertem K\u00e4se oder einfach als Aperitif.<\/div>\n<\/div>\n<\/div>\n<\/div>\n","protected":false},"excerpt":{"rendered":"<p><strong>Franck Bimont<\/strong> ist das Talent eines einfachen Mannes. Er l\u00e4sst die Reben sich frei entfalten, hebt die Besonderheit jedes Jahrgangs hervor und kreiert ausdrucksstarke, elegante und beliebte Weine. Im Loiretal liegt die Domaine des Guyons im Herzen von S\u00fcd-Saumurois, in dem charmanten Dorf Le Puy Notre Dame. Le Puy Notre Dame ist eine Hochburg der Saumurois und eine Konzentration von talentierten Winzern, darunter Franck Bimont auf der Domaine des Guyons.<br \/>\nAuf diesem 19 Hektar gro\u00dfen, zusammenh\u00e4ngenden Weingut wachsen die Reben mit einem Durchschnittsalter von 50 Jahren auf turonischen B\u00f6den.<br \/>\nDer Kalkstein verleiht dem Wein Frische und Finesse, aber auch der Tuffstein erm\u00f6glichte den Bau von riesigen Kellern, in denen der Wein in Ruhe reifen kann.<br \/>\nFranck Bimont produziert hier eine Reihe von sehr ausdrucksstarken Weinen mit viel Eleganz.<\/p>\n","protected":false},"featured_media":14341,"template":"","meta":{"inline_featured_image":false},"product_brand":[],"product_cat":[602,603,600,608],"product_tag":[701,628,708,615],"class_list":{"0":"post-11386","1":"product","2":"type-product","3":"status-publish","4":"has-post-thumbnail","6":"product_cat-anjou-de","7":"product_cat-bio-wein","8":"product_cat-die-weine","9":"product_cat-weis","10":"product_tag-eintrag","11":"product_tag-fisch","12":"product_tag-guard-de","13":"product_tag-wein","14":"product_shipping_class-flasche","16":"first","17":"instock","18":"featured","19":"taxable","20":"shipping-taxable","21":"purchasable","22":"product-type-simple"},"yoast_head":"<!-- This site is optimized with the Yoast SEO plugin v27.6 - https:\/\/yoast.com\/product\/yoast-seo-wordpress\/ -->\n<title>SAUMUR BLANC AOP ARDILE DOMAINE DES GUYONS - Loire Gourmande - une \u00e9tape savoureuse<\/title>\n<meta name=\"description\" content=\"SAUMUR BLANC AOP ARDILE DOMAINE DES GUYONS. Weine von der Loire. Bestellung im Weinkeller auf der Website von Loire Gourmande. Weinh\u00e4ndler in Turquant (49).\" \/>\n<meta name=\"robots\" content=\"index, follow, max-snippet:-1, max-image-preview:large, max-video-preview:-1\" \/>\n<link rel=\"canonical\" href=\"https:\/\/www.loire-gourmande.fr\/de\/Produkt\/saumur-blanc-aop-ardile-domaine-des-guyons\/\" \/>\n<meta property=\"og:locale\" content=\"de_DE\" \/>\n<meta property=\"og:type\" content=\"article\" \/>\n<meta property=\"og:title\" content=\"SAUMUR BLANC AOP ARDILE DOMAINE DES GUYONS - Loire Gourmande - une \u00e9tape savoureuse\" \/>\n<meta property=\"og:description\" content=\"SAUMUR BLANC AOP ARDILE DOMAINE DES GUYONS. Weine von der Loire. Bestellung im Weinkeller auf der Website von Loire Gourmande. Weinh\u00e4ndler in Turquant (49).\" \/>\n<meta property=\"og:url\" content=\"https:\/\/www.loire-gourmande.fr\/de\/Produkt\/saumur-blanc-aop-ardile-domaine-des-guyons\/\" \/>\n<meta property=\"og:site_name\" content=\"Loire Gourmande - une \u00e9tape savoureuse\" \/>\n<meta property=\"article:publisher\" content=\"https:\/\/www.facebook.com\/Loire-Gourmande-Turquant-101991328328493\/\" \/>\n<meta property=\"article:modified_time\" content=\"2025-05-27T15:32:05+00:00\" \/>\n<meta property=\"og:image\" content=\"https:\/\/www.loire-gourmande.fr\/wp-content\/uploads\/2021\/04\/LARDILE-Franck-Bimont-821x1024.png\" \/>\n\t<meta property=\"og:image:width\" content=\"821\" \/>\n\t<meta property=\"og:image:height\" content=\"1024\" \/>\n\t<meta property=\"og:image:type\" content=\"image\/png\" \/>\n<meta name=\"twitter:card\" content=\"summary_large_image\" \/>\n<meta name=\"twitter:label1\" content=\"Gesch\u00e4tzte Lesezeit\" \/>\n\t<meta name=\"twitter:data1\" content=\"2\u00a0Minuten\" \/>\n<script type=\"application\/ld+json\" class=\"yoast-schema-graph\">{\"@context\":\"https:\\\/\\\/schema.org\",\"@graph\":[{\"@type\":\"WebPage\",\"@id\":\"https:\\\/\\\/www.loire-gourmande.fr\\\/de\\\/Produkt\\\/saumur-blanc-aop-ardile-domaine-des-guyons\\\/\",\"url\":\"https:\\\/\\\/www.loire-gourmande.fr\\\/de\\\/Produkt\\\/saumur-blanc-aop-ardile-domaine-des-guyons\\\/\",\"name\":\"SAUMUR BLANC AOP ARDILE DOMAINE DES GUYONS - Loire Gourmande - une \u00e9tape savoureuse\",\"isPartOf\":{\"@id\":\"https:\\\/\\\/www.loire-gourmande.fr\\\/de\\\/#website\"},\"primaryImageOfPage\":{\"@id\":\"https:\\\/\\\/www.loire-gourmande.fr\\\/de\\\/Produkt\\\/saumur-blanc-aop-ardile-domaine-des-guyons\\\/#primaryimage\"},\"image\":{\"@id\":\"https:\\\/\\\/www.loire-gourmande.fr\\\/de\\\/Produkt\\\/saumur-blanc-aop-ardile-domaine-des-guyons\\\/#primaryimage\"},\"thumbnailUrl\":\"https:\\\/\\\/www.loire-gourmande.fr\\\/wp-content\\\/uploads\\\/2021\\\/04\\\/Capture-decran-2026-01-26-a-16.51.30.png\",\"datePublished\":\"2021-04-29T10:05:39+00:00\",\"dateModified\":\"2025-05-27T15:32:05+00:00\",\"description\":\"SAUMUR BLANC AOP ARDILE DOMAINE DES GUYONS. Weine von der Loire. Bestellung im Weinkeller auf der Website von Loire Gourmande. Weinh\u00e4ndler in Turquant (49).\",\"breadcrumb\":{\"@id\":\"https:\\\/\\\/www.loire-gourmande.fr\\\/de\\\/Produkt\\\/saumur-blanc-aop-ardile-domaine-des-guyons\\\/#breadcrumb\"},\"inLanguage\":\"de\",\"potentialAction\":[{\"@type\":\"ReadAction\",\"target\":[\"https:\\\/\\\/www.loire-gourmande.fr\\\/de\\\/Produkt\\\/saumur-blanc-aop-ardile-domaine-des-guyons\\\/\"]}]},{\"@type\":\"ImageObject\",\"inLanguage\":\"de\",\"@id\":\"https:\\\/\\\/www.loire-gourmande.fr\\\/de\\\/Produkt\\\/saumur-blanc-aop-ardile-domaine-des-guyons\\\/#primaryimage\",\"url\":\"https:\\\/\\\/www.loire-gourmande.fr\\\/wp-content\\\/uploads\\\/2021\\\/04\\\/Capture-decran-2026-01-26-a-16.51.30.png\",\"contentUrl\":\"https:\\\/\\\/www.loire-gourmande.fr\\\/wp-content\\\/uploads\\\/2021\\\/04\\\/Capture-decran-2026-01-26-a-16.51.30.png\",\"width\":1320,\"height\":1320},{\"@type\":\"BreadcrumbList\",\"@id\":\"https:\\\/\\\/www.loire-gourmande.fr\\\/de\\\/Produkt\\\/saumur-blanc-aop-ardile-domaine-des-guyons\\\/#breadcrumb\",\"itemListElement\":[{\"@type\":\"ListItem\",\"position\":1,\"name\":\"Startseite\",\"item\":\"https:\\\/\\\/www.loire-gourmande.fr\\\/de\\\/\"},{\"@type\":\"ListItem\",\"position\":2,\"name\":\"Die Boutique de Loire Gourmande: die Weine der Loire\",\"item\":\"https:\\\/\\\/www.loire-gourmande.fr\\\/de\\\/woocommerce\\\/\"},{\"@type\":\"ListItem\",\"position\":3,\"name\":\"Die Weine\",\"item\":\"https:\\\/\\\/www.loire-gourmande.fr\\\/de\\\/Produktkategorie\\\/die-weine\\\/\"},{\"@type\":\"ListItem\",\"position\":4,\"name\":\"Anjou\",\"item\":\"https:\\\/\\\/www.loire-gourmande.fr\\\/de\\\/Produktkategorie\\\/die-weine\\\/anjou-de\\\/\"},{\"@type\":\"ListItem\",\"position\":5,\"name\":\"SAUMUR BLANC AOP ARDILE DOMAINE DES GUYONS\"}]},{\"@type\":\"WebSite\",\"@id\":\"https:\\\/\\\/www.loire-gourmande.fr\\\/de\\\/#website\",\"url\":\"https:\\\/\\\/www.loire-gourmande.fr\\\/de\\\/\",\"name\":\"Loire Gourmande, une \u00e9tape savoureuse\",\"description\":\"une d\u00e9gustation \u00e0 toute heure et une boutique \u00e0 visiter \u00e0 Turquant (49)\",\"publisher\":{\"@id\":\"https:\\\/\\\/www.loire-gourmande.fr\\\/de\\\/#organization\"},\"potentialAction\":[{\"@type\":\"SearchAction\",\"target\":{\"@type\":\"EntryPoint\",\"urlTemplate\":\"https:\\\/\\\/www.loire-gourmande.fr\\\/de\\\/?s={search_term_string}\"},\"query-input\":{\"@type\":\"PropertyValueSpecification\",\"valueRequired\":true,\"valueName\":\"search_term_string\"}}],\"inLanguage\":\"de\"},{\"@type\":\"Organization\",\"@id\":\"https:\\\/\\\/www.loire-gourmande.fr\\\/de\\\/#organization\",\"name\":\"Loire Gourmande - Schnellrestaurant und Besuch in Turquant (49)\",\"url\":\"https:\\\/\\\/www.loire-gourmande.fr\\\/de\\\/\",\"logo\":{\"@type\":\"ImageObject\",\"inLanguage\":\"de\",\"@id\":\"https:\\\/\\\/www.loire-gourmande.fr\\\/de\\\/#\\\/schema\\\/logo\\\/image\\\/\",\"url\":\"https:\\\/\\\/www.loire-gourmande.fr\\\/wp-content\\\/uploads\\\/2020\\\/10\\\/loire-gourmande-logo.jpg\",\"contentUrl\":\"https:\\\/\\\/www.loire-gourmande.fr\\\/wp-content\\\/uploads\\\/2020\\\/10\\\/loire-gourmande-logo.jpg\",\"width\":800,\"height\":415,\"caption\":\"Loire Gourmande - Schnellrestaurant und Besuch in Turquant (49)\"},\"image\":{\"@id\":\"https:\\\/\\\/www.loire-gourmande.fr\\\/de\\\/#\\\/schema\\\/logo\\\/image\\\/\"},\"sameAs\":[\"https:\\\/\\\/www.facebook.com\\\/Loire-Gourmande-Turquant-101991328328493\\\/\",\"https:\\\/\\\/www.instagram.com\\\/jean_yves_auradon\\\/?igshid=1ta3mfjka326t\"]}]}<\/script>\n<!-- \/ Yoast SEO plugin. -->","yoast_head_json":{"title":"SAUMUR BLANC AOP ARDILE DOMAINE DES GUYONS - Loire Gourmande - une \u00e9tape savoureuse","description":"SAUMUR BLANC AOP ARDILE DOMAINE DES GUYONS. Weine von der Loire. Bestellung im Weinkeller auf der Website von Loire Gourmande. Weinh\u00e4ndler in Turquant (49).","robots":{"index":"index","follow":"follow","max-snippet":"max-snippet:-1","max-image-preview":"max-image-preview:large","max-video-preview":"max-video-preview:-1"},"canonical":"https:\/\/www.loire-gourmande.fr\/de\/Produkt\/saumur-blanc-aop-ardile-domaine-des-guyons\/","og_locale":"de_DE","og_type":"article","og_title":"SAUMUR BLANC AOP ARDILE DOMAINE DES GUYONS - Loire Gourmande - une \u00e9tape savoureuse","og_description":"SAUMUR BLANC AOP ARDILE DOMAINE DES GUYONS. Weine von der Loire. Bestellung im Weinkeller auf der Website von Loire Gourmande. Weinh\u00e4ndler in Turquant (49).","og_url":"https:\/\/www.loire-gourmande.fr\/de\/Produkt\/saumur-blanc-aop-ardile-domaine-des-guyons\/","og_site_name":"Loire Gourmande - une \u00e9tape savoureuse","article_publisher":"https:\/\/www.facebook.com\/Loire-Gourmande-Turquant-101991328328493\/","article_modified_time":"2025-05-27T15:32:05+00:00","og_image":[{"width":821,"height":1024,"url":"https:\/\/www.loire-gourmande.fr\/wp-content\/uploads\/2021\/04\/LARDILE-Franck-Bimont-821x1024.png","type":"image\/png"}],"twitter_card":"summary_large_image","twitter_misc":{"Gesch\u00e4tzte Lesezeit":"2\u00a0Minuten"},"schema":{"@context":"https:\/\/schema.org","@graph":[{"@type":"WebPage","@id":"https:\/\/www.loire-gourmande.fr\/de\/Produkt\/saumur-blanc-aop-ardile-domaine-des-guyons\/","url":"https:\/\/www.loire-gourmande.fr\/de\/Produkt\/saumur-blanc-aop-ardile-domaine-des-guyons\/","name":"SAUMUR BLANC AOP ARDILE DOMAINE DES GUYONS - Loire Gourmande - une \u00e9tape savoureuse","isPartOf":{"@id":"https:\/\/www.loire-gourmande.fr\/de\/#website"},"primaryImageOfPage":{"@id":"https:\/\/www.loire-gourmande.fr\/de\/Produkt\/saumur-blanc-aop-ardile-domaine-des-guyons\/#primaryimage"},"image":{"@id":"https:\/\/www.loire-gourmande.fr\/de\/Produkt\/saumur-blanc-aop-ardile-domaine-des-guyons\/#primaryimage"},"thumbnailUrl":"https:\/\/www.loire-gourmande.fr\/wp-content\/uploads\/2021\/04\/Capture-decran-2026-01-26-a-16.51.30.png","datePublished":"2021-04-29T10:05:39+00:00","dateModified":"2025-05-27T15:32:05+00:00","description":"SAUMUR BLANC AOP ARDILE DOMAINE DES GUYONS. Weine von der Loire. Bestellung im Weinkeller auf der Website von Loire Gourmande. Weinh\u00e4ndler in Turquant (49).","breadcrumb":{"@id":"https:\/\/www.loire-gourmande.fr\/de\/Produkt\/saumur-blanc-aop-ardile-domaine-des-guyons\/#breadcrumb"},"inLanguage":"de","potentialAction":[{"@type":"ReadAction","target":["https:\/\/www.loire-gourmande.fr\/de\/Produkt\/saumur-blanc-aop-ardile-domaine-des-guyons\/"]}]},{"@type":"ImageObject","inLanguage":"de","@id":"https:\/\/www.loire-gourmande.fr\/de\/Produkt\/saumur-blanc-aop-ardile-domaine-des-guyons\/#primaryimage","url":"https:\/\/www.loire-gourmande.fr\/wp-content\/uploads\/2021\/04\/Capture-decran-2026-01-26-a-16.51.30.png","contentUrl":"https:\/\/www.loire-gourmande.fr\/wp-content\/uploads\/2021\/04\/Capture-decran-2026-01-26-a-16.51.30.png","width":1320,"height":1320},{"@type":"BreadcrumbList","@id":"https:\/\/www.loire-gourmande.fr\/de\/Produkt\/saumur-blanc-aop-ardile-domaine-des-guyons\/#breadcrumb","itemListElement":[{"@type":"ListItem","position":1,"name":"Startseite","item":"https:\/\/www.loire-gourmande.fr\/de\/"},{"@type":"ListItem","position":2,"name":"Die Boutique de Loire Gourmande: die Weine der Loire","item":"https:\/\/www.loire-gourmande.fr\/de\/woocommerce\/"},{"@type":"ListItem","position":3,"name":"Die Weine","item":"https:\/\/www.loire-gourmande.fr\/de\/Produktkategorie\/die-weine\/"},{"@type":"ListItem","position":4,"name":"Anjou","item":"https:\/\/www.loire-gourmande.fr\/de\/Produktkategorie\/die-weine\/anjou-de\/"},{"@type":"ListItem","position":5,"name":"SAUMUR BLANC AOP ARDILE DOMAINE DES GUYONS"}]},{"@type":"WebSite","@id":"https:\/\/www.loire-gourmande.fr\/de\/#website","url":"https:\/\/www.loire-gourmande.fr\/de\/","name":"Loire Gourmande, une \u00e9tape savoureuse","description":"une d\u00e9gustation \u00e0 toute heure et une boutique \u00e0 visiter \u00e0 Turquant (49)","publisher":{"@id":"https:\/\/www.loire-gourmande.fr\/de\/#organization"},"potentialAction":[{"@type":"SearchAction","target":{"@type":"EntryPoint","urlTemplate":"https:\/\/www.loire-gourmande.fr\/de\/?s={search_term_string}"},"query-input":{"@type":"PropertyValueSpecification","valueRequired":true,"valueName":"search_term_string"}}],"inLanguage":"de"},{"@type":"Organization","@id":"https:\/\/www.loire-gourmande.fr\/de\/#organization","name":"Loire Gourmande - Schnellrestaurant und Besuch in Turquant (49)","url":"https:\/\/www.loire-gourmande.fr\/de\/","logo":{"@type":"ImageObject","inLanguage":"de","@id":"https:\/\/www.loire-gourmande.fr\/de\/#\/schema\/logo\/image\/","url":"https:\/\/www.loire-gourmande.fr\/wp-content\/uploads\/2020\/10\/loire-gourmande-logo.jpg","contentUrl":"https:\/\/www.loire-gourmande.fr\/wp-content\/uploads\/2020\/10\/loire-gourmande-logo.jpg","width":800,"height":415,"caption":"Loire Gourmande - Schnellrestaurant und Besuch in Turquant (49)"},"image":{"@id":"https:\/\/www.loire-gourmande.fr\/de\/#\/schema\/logo\/image\/"},"sameAs":["https:\/\/www.facebook.com\/Loire-Gourmande-Turquant-101991328328493\/","https:\/\/www.instagram.com\/jean_yves_auradon\/?igshid=1ta3mfjka326t"]}]}},"_links":{"self":[{"href":"https:\/\/www.loire-gourmande.fr\/de\/wp-json\/wp\/v2\/product\/11386","targetHints":{"allow":["GET"]}}],"collection":[{"href":"https:\/\/www.loire-gourmande.fr\/de\/wp-json\/wp\/v2\/product"}],"about":[{"href":"https:\/\/www.loire-gourmande.fr\/de\/wp-json\/wp\/v2\/types\/product"}],"version-history":[{"count":2,"href":"https:\/\/www.loire-gourmande.fr\/de\/wp-json\/wp\/v2\/product\/11386\/revisions"}],"predecessor-version":[{"id":13273,"href":"https:\/\/www.loire-gourmande.fr\/de\/wp-json\/wp\/v2\/product\/11386\/revisions\/13273"}],"wp:featuredmedia":[{"embeddable":true,"href":"https:\/\/www.loire-gourmande.fr\/de\/wp-json\/wp\/v2\/media\/14341"}],"wp:attachment":[{"href":"https:\/\/www.loire-gourmande.fr\/de\/wp-json\/wp\/v2\/media?parent=11386"}],"wp:term":[{"taxonomy":"product_brand","embeddable":true,"href":"https:\/\/www.loire-gourmande.fr\/de\/wp-json\/wp\/v2\/product_brand?post=11386"},{"taxonomy":"product_cat","embeddable":true,"href":"https:\/\/www.loire-gourmande.fr\/de\/wp-json\/wp\/v2\/product_cat?post=11386"},{"taxonomy":"product_tag","embeddable":true,"href":"https:\/\/www.loire-gourmande.fr\/de\/wp-json\/wp\/v2\/product_tag?post=11386"}],"curies":[{"name":"wp","href":"https:\/\/api.w.org\/{rel}","templated":true}]}}