{"id":11392,"date":"2021-04-29T10:05:46","date_gmt":"2021-04-29T10:05:46","guid":{"rendered":"https:\/\/www.loire-gourmande.fr\/produit\/aoc-cheverny-blanc-domaine-daridan\/"},"modified":"2025-05-27T16:20:21","modified_gmt":"2025-05-27T15:20:21","slug":"aoc-cheverny-blanc-domaine-daridan","status":"publish","type":"product","link":"https:\/\/www.loire-gourmande.fr\/de\/Produkt\/aoc-cheverny-blanc-domaine-daridan\/","title":{"rendered":"AOC CHEVERNY BLANC DOMAINE DARIDAN"},"content":{"rendered":"<p style=\"font-weight: 400;\"><strong>Jahrgang: <\/strong>2022<br \/>\n<strong>Rebsorten: <\/strong>80% Sauvignon, 20% Chardonnay<br \/>\n<strong>Ausbau: <\/strong>Tank<br \/>\n<strong>Art des Anbaus: <\/strong>Biologischer Landbau<br \/>\n<strong>Bodenart: <\/strong>Lehm und Kieselgur<br \/>\nLagerf\u00e4higkeit<strong>: <\/strong>5 Jahre<br \/>\n<strong>Alkoholgehalt: <\/strong>13\u00b0.<br \/>\n<strong>Bezeichnung: <\/strong>Cheverny<br \/>\n<strong>Farbe:  <\/strong><span style=\"font-weight: 400;\">Unser<br \/>\nWein \u201e\u201c AOC Cheverny Blanc \u201e\u201c ist ein trockener, runder und geschmeidiger Wein aus 80% Sauvignon Blanc und 20% Chardonnay. Mit Zitrusnoten hat er eine sch\u00f6ne L\u00e4nge im Abgang.<br data-reader-unique-id=\"18\">Sie k\u00f6nnen ihn als Aperitif, zu Fisch, hellem Fleisch, zu Ziegenk\u00e4se oder zur exotischen K\u00fcche genie\u00dfen. <\/span>Dieser Wein ist eine Mischung aus Sauvignon und Chardonnay, die getrennt geerntet und vinifiziert werden. Die malolaktische G\u00e4rung wird auf nat\u00fcrliche Weise durchgef\u00fchrt, je nach Jahrgang vollst\u00e4ndig oder teilweise.<br \/>\n<strong><br \/>\n  <span style=\"font-size: 12pt;\">Passt zu Speisen und Wein<br \/>\n<\/span><br \/>\n<\/strong>Dieser ausdrucksstarke Wei\u00dfwein ist ein idealer Begleiter zu Meeresfr\u00fcchten und Fisch. Er eignet sich auch sehr angenehm als Aperitif.<br \/>\nGekochte Schalentiere, ger\u00e4ucherter Fisch in Salaten, Gourmet-Salate.<\/p>\n<p>&nbsp;<\/p>\n<p>&nbsp;<\/p>\n","protected":false},"excerpt":{"rendered":"<p class=\"title\" data-reader-unique-id=\"titleElement\"><span style=\"font-size: 12pt;\"><br \/>\n  <strong>Ein Weingut im Herzen des Loiretals<\/strong><\/p>\n<p><\/span>Die Domaine Daridan befindet sich in Cour Cheverny, zwischen Loire und Sologne, in der N\u00e4he der Schl\u00f6sser Cheverny und Chambord. Unser 21 Hektar gro\u00dfes Gut wird nach dem Prinzip der nachhaltigen Landwirtschaft bewirtschaftet.<br \/>\nWir widmen unseren Weinbergen gro\u00dfe Sorgfalt, respektieren den Boden, die Pflanze und die Umwelt, um den Charakter unserer Weine zu entwickeln und die Authentizit\u00e4t und Typizit\u00e4t unseres Terroirs zu bewahren.<br \/>\nAuf einem ton-, silizium- und kalkhaltigen Terroir verarbeiten wir unsere Weine unter Verwendung moderner Ger\u00e4te in Verbindung mit traditionellen Weinbereitungsmethoden.<br \/>\nUnsere Weine werden aus den Trauben unserer Weinberge gewonnen und wir produzieren Weine mit den AOC-Appellationen Cheverny und Cour-Cheverny, aber auch Weine aus Frankreich.<br \/>\nDie Besonderheit des Weinguts ist unsere 4,5 Hektar gro\u00dfe, 50 Jahre alte Parzelle mit der seltenen und weltweit einzigartigen Rebsorte Romorantin&#8220;, die von Fran\u00e7ois 1er eingef\u00fchrt wurde. Seine subtilen Aromen mit einer fesselnden aromatischen Palette bieten einen sehr sch\u00f6nen Ausdruck unseres Terroirs.<br \/>\nDas Weingut befindet sich in der Gemeinde Cour-Cheverny, vor den Toren der Sologne zwischen Cheverny und Chambord.<br \/>\nDie Familie besch\u00e4ftigt sich seit dem siebzehnten Jahrhundert mit Reben und Wein.<\/p>\n","protected":false},"featured_media":11393,"template":"","meta":{"inline_featured_image":false},"product_brand":[],"product_cat":[600,609,608],"product_tag":[618,701,628,605,615],"class_list":{"0":"post-11392","1":"product","2":"type-product","3":"status-publish","4":"has-post-thumbnail","6":"product_cat-die-weine","7":"product_cat-touraine-de","8":"product_cat-weis","9":"product_tag-aperitif-de","10":"product_tag-eintrag","11":"product_tag-fisch","12":"product_tag-kase","13":"product_tag-wein","14":"product_shipping_class-flasche","16":"first","17":"instock","18":"featured","19":"taxable","20":"shipping-taxable","21":"purchasable","22":"product-type-simple"},"yoast_head":"<!-- This site is optimized with the Yoast SEO plugin v27.6 - https:\/\/yoast.com\/product\/yoast-seo-wordpress\/ -->\n<title>AOC CHEVERNY BLANC DOMAINE DARIDAN - Loire Gourmande - une \u00e9tape savoureuse<\/title>\n<meta name=\"description\" content=\"AOC CHEVERNY BLANC DOMAINE DARIDAN. Wein aus der Loire. Bestellung im Weinkeller auf der Website von Loire Gourmande. Weinh\u00e4ndler in Turquant (49).\" \/>\n<meta name=\"robots\" content=\"index, follow, max-snippet:-1, max-image-preview:large, max-video-preview:-1\" \/>\n<link rel=\"canonical\" href=\"https:\/\/www.loire-gourmande.fr\/de\/Produkt\/aoc-cheverny-blanc-domaine-daridan\/\" \/>\n<meta property=\"og:locale\" content=\"de_DE\" \/>\n<meta property=\"og:type\" content=\"article\" \/>\n<meta property=\"og:title\" content=\"AOC CHEVERNY BLANC DOMAINE DARIDAN - Loire Gourmande - une \u00e9tape savoureuse\" \/>\n<meta property=\"og:description\" content=\"AOC CHEVERNY BLANC DOMAINE DARIDAN. Wein aus der Loire. Bestellung im Weinkeller auf der Website von Loire Gourmande. Weinh\u00e4ndler in Turquant (49).\" \/>\n<meta property=\"og:url\" content=\"https:\/\/www.loire-gourmande.fr\/de\/Produkt\/aoc-cheverny-blanc-domaine-daridan\/\" \/>\n<meta property=\"og:site_name\" content=\"Loire Gourmande - une \u00e9tape savoureuse\" \/>\n<meta property=\"article:publisher\" content=\"https:\/\/www.facebook.com\/Loire-Gourmande-Turquant-101991328328493\/\" \/>\n<meta property=\"article:modified_time\" content=\"2025-05-27T15:20:21+00:00\" \/>\n<meta property=\"og:image\" content=\"https:\/\/www.loire-gourmande.fr\/wp-content\/uploads\/2021\/04\/3CHEBLCDAR14BLC-Blanc-Cheverny-Benoit-Daridan-.png\" \/>\n\t<meta property=\"og:image:width\" content=\"1200\" \/>\n\t<meta property=\"og:image:height\" content=\"1200\" \/>\n\t<meta property=\"og:image:type\" content=\"image\/png\" \/>\n<meta name=\"twitter:card\" content=\"summary_large_image\" \/>\n<meta name=\"twitter:label1\" content=\"Gesch\u00e4tzte Lesezeit\" \/>\n\t<meta name=\"twitter:data1\" content=\"1\u00a0Minute\" \/>\n<script type=\"application\/ld+json\" class=\"yoast-schema-graph\">{\"@context\":\"https:\\\/\\\/schema.org\",\"@graph\":[{\"@type\":\"WebPage\",\"@id\":\"https:\\\/\\\/www.loire-gourmande.fr\\\/de\\\/Produkt\\\/aoc-cheverny-blanc-domaine-daridan\\\/\",\"url\":\"https:\\\/\\\/www.loire-gourmande.fr\\\/de\\\/Produkt\\\/aoc-cheverny-blanc-domaine-daridan\\\/\",\"name\":\"AOC CHEVERNY BLANC DOMAINE DARIDAN - Loire Gourmande - une \u00e9tape savoureuse\",\"isPartOf\":{\"@id\":\"https:\\\/\\\/www.loire-gourmande.fr\\\/de\\\/#website\"},\"primaryImageOfPage\":{\"@id\":\"https:\\\/\\\/www.loire-gourmande.fr\\\/de\\\/Produkt\\\/aoc-cheverny-blanc-domaine-daridan\\\/#primaryimage\"},\"image\":{\"@id\":\"https:\\\/\\\/www.loire-gourmande.fr\\\/de\\\/Produkt\\\/aoc-cheverny-blanc-domaine-daridan\\\/#primaryimage\"},\"thumbnailUrl\":\"https:\\\/\\\/www.loire-gourmande.fr\\\/wp-content\\\/uploads\\\/2021\\\/04\\\/3CHEBLCDAR14BLC-Blanc-Cheverny-Benoit-Daridan-.png\",\"datePublished\":\"2021-04-29T10:05:46+00:00\",\"dateModified\":\"2025-05-27T15:20:21+00:00\",\"description\":\"AOC CHEVERNY BLANC DOMAINE DARIDAN. Wein aus der Loire. Bestellung im Weinkeller auf der Website von Loire Gourmande. Weinh\u00e4ndler in Turquant (49).\",\"breadcrumb\":{\"@id\":\"https:\\\/\\\/www.loire-gourmande.fr\\\/de\\\/Produkt\\\/aoc-cheverny-blanc-domaine-daridan\\\/#breadcrumb\"},\"inLanguage\":\"de\",\"potentialAction\":[{\"@type\":\"ReadAction\",\"target\":[\"https:\\\/\\\/www.loire-gourmande.fr\\\/de\\\/Produkt\\\/aoc-cheverny-blanc-domaine-daridan\\\/\"]}]},{\"@type\":\"ImageObject\",\"inLanguage\":\"de\",\"@id\":\"https:\\\/\\\/www.loire-gourmande.fr\\\/de\\\/Produkt\\\/aoc-cheverny-blanc-domaine-daridan\\\/#primaryimage\",\"url\":\"https:\\\/\\\/www.loire-gourmande.fr\\\/wp-content\\\/uploads\\\/2021\\\/04\\\/3CHEBLCDAR14BLC-Blanc-Cheverny-Benoit-Daridan-.png\",\"contentUrl\":\"https:\\\/\\\/www.loire-gourmande.fr\\\/wp-content\\\/uploads\\\/2021\\\/04\\\/3CHEBLCDAR14BLC-Blanc-Cheverny-Benoit-Daridan-.png\",\"width\":1200,\"height\":1200},{\"@type\":\"BreadcrumbList\",\"@id\":\"https:\\\/\\\/www.loire-gourmande.fr\\\/de\\\/Produkt\\\/aoc-cheverny-blanc-domaine-daridan\\\/#breadcrumb\",\"itemListElement\":[{\"@type\":\"ListItem\",\"position\":1,\"name\":\"Startseite\",\"item\":\"https:\\\/\\\/www.loire-gourmande.fr\\\/de\\\/\"},{\"@type\":\"ListItem\",\"position\":2,\"name\":\"Die Boutique de Loire Gourmande: die Weine der Loire\",\"item\":\"https:\\\/\\\/www.loire-gourmande.fr\\\/de\\\/woocommerce\\\/\"},{\"@type\":\"ListItem\",\"position\":3,\"name\":\"Die Weine\",\"item\":\"https:\\\/\\\/www.loire-gourmande.fr\\\/de\\\/Produktkategorie\\\/die-weine\\\/\"},{\"@type\":\"ListItem\",\"position\":4,\"name\":\"Touraine\",\"item\":\"https:\\\/\\\/www.loire-gourmande.fr\\\/de\\\/Produktkategorie\\\/die-weine\\\/touraine-de\\\/\"},{\"@type\":\"ListItem\",\"position\":5,\"name\":\"AOC CHEVERNY BLANC DOMAINE DARIDAN\"}]},{\"@type\":\"WebSite\",\"@id\":\"https:\\\/\\\/www.loire-gourmande.fr\\\/de\\\/#website\",\"url\":\"https:\\\/\\\/www.loire-gourmande.fr\\\/de\\\/\",\"name\":\"Loire Gourmande, une \u00e9tape savoureuse\",\"description\":\"une d\u00e9gustation \u00e0 toute heure et une boutique \u00e0 visiter \u00e0 Turquant (49)\",\"publisher\":{\"@id\":\"https:\\\/\\\/www.loire-gourmande.fr\\\/de\\\/#organization\"},\"potentialAction\":[{\"@type\":\"SearchAction\",\"target\":{\"@type\":\"EntryPoint\",\"urlTemplate\":\"https:\\\/\\\/www.loire-gourmande.fr\\\/de\\\/?s={search_term_string}\"},\"query-input\":{\"@type\":\"PropertyValueSpecification\",\"valueRequired\":true,\"valueName\":\"search_term_string\"}}],\"inLanguage\":\"de\"},{\"@type\":\"Organization\",\"@id\":\"https:\\\/\\\/www.loire-gourmande.fr\\\/de\\\/#organization\",\"name\":\"Loire Gourmande - Schnellrestaurant und Besuch in Turquant (49)\",\"url\":\"https:\\\/\\\/www.loire-gourmande.fr\\\/de\\\/\",\"logo\":{\"@type\":\"ImageObject\",\"inLanguage\":\"de\",\"@id\":\"https:\\\/\\\/www.loire-gourmande.fr\\\/de\\\/#\\\/schema\\\/logo\\\/image\\\/\",\"url\":\"https:\\\/\\\/www.loire-gourmande.fr\\\/wp-content\\\/uploads\\\/2020\\\/10\\\/loire-gourmande-logo.jpg\",\"contentUrl\":\"https:\\\/\\\/www.loire-gourmande.fr\\\/wp-content\\\/uploads\\\/2020\\\/10\\\/loire-gourmande-logo.jpg\",\"width\":800,\"height\":415,\"caption\":\"Loire Gourmande - Schnellrestaurant und Besuch in Turquant (49)\"},\"image\":{\"@id\":\"https:\\\/\\\/www.loire-gourmande.fr\\\/de\\\/#\\\/schema\\\/logo\\\/image\\\/\"},\"sameAs\":[\"https:\\\/\\\/www.facebook.com\\\/Loire-Gourmande-Turquant-101991328328493\\\/\",\"https:\\\/\\\/www.instagram.com\\\/jean_yves_auradon\\\/?igshid=1ta3mfjka326t\"]}]}<\/script>\n<!-- \/ Yoast SEO plugin. -->","yoast_head_json":{"title":"AOC CHEVERNY BLANC DOMAINE DARIDAN - Loire Gourmande - une \u00e9tape savoureuse","description":"AOC CHEVERNY BLANC DOMAINE DARIDAN. Wein aus der Loire. Bestellung im Weinkeller auf der Website von Loire Gourmande. Weinh\u00e4ndler in Turquant (49).","robots":{"index":"index","follow":"follow","max-snippet":"max-snippet:-1","max-image-preview":"max-image-preview:large","max-video-preview":"max-video-preview:-1"},"canonical":"https:\/\/www.loire-gourmande.fr\/de\/Produkt\/aoc-cheverny-blanc-domaine-daridan\/","og_locale":"de_DE","og_type":"article","og_title":"AOC CHEVERNY BLANC DOMAINE DARIDAN - Loire Gourmande - une \u00e9tape savoureuse","og_description":"AOC CHEVERNY BLANC DOMAINE DARIDAN. Wein aus der Loire. Bestellung im Weinkeller auf der Website von Loire Gourmande. Weinh\u00e4ndler in Turquant (49).","og_url":"https:\/\/www.loire-gourmande.fr\/de\/Produkt\/aoc-cheverny-blanc-domaine-daridan\/","og_site_name":"Loire Gourmande - une \u00e9tape savoureuse","article_publisher":"https:\/\/www.facebook.com\/Loire-Gourmande-Turquant-101991328328493\/","article_modified_time":"2025-05-27T15:20:21+00:00","og_image":[{"width":1200,"height":1200,"url":"https:\/\/www.loire-gourmande.fr\/wp-content\/uploads\/2021\/04\/3CHEBLCDAR14BLC-Blanc-Cheverny-Benoit-Daridan-.png","type":"image\/png"}],"twitter_card":"summary_large_image","twitter_misc":{"Gesch\u00e4tzte Lesezeit":"1\u00a0Minute"},"schema":{"@context":"https:\/\/schema.org","@graph":[{"@type":"WebPage","@id":"https:\/\/www.loire-gourmande.fr\/de\/Produkt\/aoc-cheverny-blanc-domaine-daridan\/","url":"https:\/\/www.loire-gourmande.fr\/de\/Produkt\/aoc-cheverny-blanc-domaine-daridan\/","name":"AOC CHEVERNY BLANC DOMAINE DARIDAN - Loire Gourmande - une \u00e9tape savoureuse","isPartOf":{"@id":"https:\/\/www.loire-gourmande.fr\/de\/#website"},"primaryImageOfPage":{"@id":"https:\/\/www.loire-gourmande.fr\/de\/Produkt\/aoc-cheverny-blanc-domaine-daridan\/#primaryimage"},"image":{"@id":"https:\/\/www.loire-gourmande.fr\/de\/Produkt\/aoc-cheverny-blanc-domaine-daridan\/#primaryimage"},"thumbnailUrl":"https:\/\/www.loire-gourmande.fr\/wp-content\/uploads\/2021\/04\/3CHEBLCDAR14BLC-Blanc-Cheverny-Benoit-Daridan-.png","datePublished":"2021-04-29T10:05:46+00:00","dateModified":"2025-05-27T15:20:21+00:00","description":"AOC CHEVERNY BLANC DOMAINE DARIDAN. Wein aus der Loire. Bestellung im Weinkeller auf der Website von Loire Gourmande. Weinh\u00e4ndler in Turquant (49).","breadcrumb":{"@id":"https:\/\/www.loire-gourmande.fr\/de\/Produkt\/aoc-cheverny-blanc-domaine-daridan\/#breadcrumb"},"inLanguage":"de","potentialAction":[{"@type":"ReadAction","target":["https:\/\/www.loire-gourmande.fr\/de\/Produkt\/aoc-cheverny-blanc-domaine-daridan\/"]}]},{"@type":"ImageObject","inLanguage":"de","@id":"https:\/\/www.loire-gourmande.fr\/de\/Produkt\/aoc-cheverny-blanc-domaine-daridan\/#primaryimage","url":"https:\/\/www.loire-gourmande.fr\/wp-content\/uploads\/2021\/04\/3CHEBLCDAR14BLC-Blanc-Cheverny-Benoit-Daridan-.png","contentUrl":"https:\/\/www.loire-gourmande.fr\/wp-content\/uploads\/2021\/04\/3CHEBLCDAR14BLC-Blanc-Cheverny-Benoit-Daridan-.png","width":1200,"height":1200},{"@type":"BreadcrumbList","@id":"https:\/\/www.loire-gourmande.fr\/de\/Produkt\/aoc-cheverny-blanc-domaine-daridan\/#breadcrumb","itemListElement":[{"@type":"ListItem","position":1,"name":"Startseite","item":"https:\/\/www.loire-gourmande.fr\/de\/"},{"@type":"ListItem","position":2,"name":"Die Boutique de Loire Gourmande: die Weine der Loire","item":"https:\/\/www.loire-gourmande.fr\/de\/woocommerce\/"},{"@type":"ListItem","position":3,"name":"Die Weine","item":"https:\/\/www.loire-gourmande.fr\/de\/Produktkategorie\/die-weine\/"},{"@type":"ListItem","position":4,"name":"Touraine","item":"https:\/\/www.loire-gourmande.fr\/de\/Produktkategorie\/die-weine\/touraine-de\/"},{"@type":"ListItem","position":5,"name":"AOC CHEVERNY BLANC DOMAINE DARIDAN"}]},{"@type":"WebSite","@id":"https:\/\/www.loire-gourmande.fr\/de\/#website","url":"https:\/\/www.loire-gourmande.fr\/de\/","name":"Loire Gourmande, une \u00e9tape savoureuse","description":"une d\u00e9gustation \u00e0 toute heure et une boutique \u00e0 visiter \u00e0 Turquant (49)","publisher":{"@id":"https:\/\/www.loire-gourmande.fr\/de\/#organization"},"potentialAction":[{"@type":"SearchAction","target":{"@type":"EntryPoint","urlTemplate":"https:\/\/www.loire-gourmande.fr\/de\/?s={search_term_string}"},"query-input":{"@type":"PropertyValueSpecification","valueRequired":true,"valueName":"search_term_string"}}],"inLanguage":"de"},{"@type":"Organization","@id":"https:\/\/www.loire-gourmande.fr\/de\/#organization","name":"Loire Gourmande - Schnellrestaurant und Besuch in Turquant (49)","url":"https:\/\/www.loire-gourmande.fr\/de\/","logo":{"@type":"ImageObject","inLanguage":"de","@id":"https:\/\/www.loire-gourmande.fr\/de\/#\/schema\/logo\/image\/","url":"https:\/\/www.loire-gourmande.fr\/wp-content\/uploads\/2020\/10\/loire-gourmande-logo.jpg","contentUrl":"https:\/\/www.loire-gourmande.fr\/wp-content\/uploads\/2020\/10\/loire-gourmande-logo.jpg","width":800,"height":415,"caption":"Loire Gourmande - Schnellrestaurant und Besuch in Turquant (49)"},"image":{"@id":"https:\/\/www.loire-gourmande.fr\/de\/#\/schema\/logo\/image\/"},"sameAs":["https:\/\/www.facebook.com\/Loire-Gourmande-Turquant-101991328328493\/","https:\/\/www.instagram.com\/jean_yves_auradon\/?igshid=1ta3mfjka326t"]}]}},"_links":{"self":[{"href":"https:\/\/www.loire-gourmande.fr\/de\/wp-json\/wp\/v2\/product\/11392","targetHints":{"allow":["GET"]}}],"collection":[{"href":"https:\/\/www.loire-gourmande.fr\/de\/wp-json\/wp\/v2\/product"}],"about":[{"href":"https:\/\/www.loire-gourmande.fr\/de\/wp-json\/wp\/v2\/types\/product"}],"version-history":[{"count":2,"href":"https:\/\/www.loire-gourmande.fr\/de\/wp-json\/wp\/v2\/product\/11392\/revisions"}],"predecessor-version":[{"id":13096,"href":"https:\/\/www.loire-gourmande.fr\/de\/wp-json\/wp\/v2\/product\/11392\/revisions\/13096"}],"wp:featuredmedia":[{"embeddable":true,"href":"https:\/\/www.loire-gourmande.fr\/de\/wp-json\/wp\/v2\/media\/11393"}],"wp:attachment":[{"href":"https:\/\/www.loire-gourmande.fr\/de\/wp-json\/wp\/v2\/media?parent=11392"}],"wp:term":[{"taxonomy":"product_brand","embeddable":true,"href":"https:\/\/www.loire-gourmande.fr\/de\/wp-json\/wp\/v2\/product_brand?post=11392"},{"taxonomy":"product_cat","embeddable":true,"href":"https:\/\/www.loire-gourmande.fr\/de\/wp-json\/wp\/v2\/product_cat?post=11392"},{"taxonomy":"product_tag","embeddable":true,"href":"https:\/\/www.loire-gourmande.fr\/de\/wp-json\/wp\/v2\/product_tag?post=11392"}],"curies":[{"name":"wp","href":"https:\/\/api.w.org\/{rel}","templated":true}]}}