{"id":11395,"date":"2021-04-29T10:05:46","date_gmt":"2021-04-29T10:05:46","guid":{"rendered":"https:\/\/www.loire-gourmande.fr\/produit\/touraine-azay-le-rideau-aop-blanc-pain-beni-domaine-badiller-20\/"},"modified":"2026-05-04T10:50:02","modified_gmt":"2026-05-04T09:50:02","slug":"touraine-azay-le-rideau-aop-blanc-pain-beni-domaine-badiller-20","status":"publish","type":"product","link":"https:\/\/www.loire-gourmande.fr\/de\/Produkt\/touraine-azay-le-rideau-aop-blanc-pain-beni-domaine-badiller-20\/","title":{"rendered":"TOURAINE AZAY LE RIDEAU AOP BLANC PAIN BENI DOMAINE BADILLER n 22"},"content":{"rendered":"<p>Die Pain B\u00e9ni cuv\u00e9e zeichnet sich durch ihren<strong> Chenin<\/strong> de <strong>Touraine Azay-le-Rideau<\/strong> mit intensiven goldenen Lackierungen aus. Die Nase dr\u00fcckt Frische aus, begleitet von <strong>Aromen wei\u00dfer Blumen<\/strong> und getrockneter Fr\u00fcchte. Am Gaumen dominiert weiterhin Frische, wobei Rundheit die Geschmacksknospen einnimmt. Die Frucht ist lang. Eine &#8222;trockene\/zarte&#8220; Cuv\u00e9e mit etwas Restzucker und der Reifung in Foyd\u00e9.<br \/>\nAuf den Pain B\u00e9ni Parzellen wird die Ernte manuell durchgef\u00fchrt und es werden mehrere Sortierungen durchgef\u00fchrt, um die sch\u00f6nsten Beeren auszuw\u00e4hlen. Der Wein steht 9 Monate in 30 Jahre alten F\u00e4ssern.<br \/>\nDas Gesegnete Brot ist ein einfaches, rundes Wei\u00df, fruchtig im Gaumen.  Es ist ein Genuss f\u00fcr die Geschmacksknospen. Er bringt mit seinen s\u00fc\u00dfen Honignoten eine gro\u00dfe Anzahl von Enthusiasten zusammen.<\/p>\n<p><strong>Die Flaggschiff-Cuv\u00e9e des Anwesens, die Pain Beni,<\/strong> stammt von dem gleichnamigen Grundst\u00fcck und ist daf\u00fcr bekannt, benutzerfreundlich zu sein sowie f\u00fcr einen qualitativ hochwertigen und gut exponierten Boden zu verf\u00fcgen.<br \/>\nDiese Cuv\u00e9e, die durch die zweite Sortierung der Ernte resultiert und anschlie\u00dfend in 40 Jahre alten Eichenf\u00e4ssern gereift wurde, zeichnet sich durch ihre Rundheit und aromatische Noten von wei\u00dfen Bl\u00fcten und getrockneten Fr\u00fcchten aus.<\/p>\n<p><strong>Typ:<\/strong> Trocken-zarter Wei\u00dfwein 100 % Chenin<br \/>\n<strong>Name: <\/strong>Touraine Azay-le-Rideau<br \/>\n<strong>Verkostung:<br \/>\n<\/strong>Intensive goldgelbe Farbe.<br \/>\nNase: Frisch und ausdrucksstark mit Noten von wei\u00dfen Bl\u00fcten und getrockneten Fr\u00fcchten.<br \/>\nGaumen: Geschmeidig und rund. Verst\u00e4rkt mit einem warmen Abgang, wundersch\u00f6ner aromatischer Best\u00e4ndigkeit.<br \/>\n<span style=\"font-size: 12pt;\"><strong>Alterungspotenzial:<\/strong> Idealerweise soll gesegnetes Brot zwischen 8 und 10 \u00b0C serviert und innerhalb von 10 Jahren genossen werden. <strong><br \/>\nSpeise- und Weinpaarung:<br \/>\n<\/strong><\/span> Wir empfehlen es besonders beim Probieren mit K\u00e4se nat\u00fcrlich, aber auch bei traditionellen Gefl\u00fcgelgerichten wie Huhn und Kartoffel oder mit einem Grat\u00edn-Dauphinois! Es ist ein Genuss! . Schmorter Schinken mit Gem\u00fcse, Raclette, gebratenes Kalbs-Paupiette, eine Auswahl lokaler K\u00e4sesorten<\/p>\n<p>&nbsp;<\/p>\n","protected":false},"excerpt":{"rendered":"<p><span style=\"font-size: 18pt;\"><em><strong>TOURAINE AZAY, DAS WEISSE VORHANG, GESEGNETES BROT<\/strong><\/em><\/span><br \/>\nDie Ernte erfolgt manuell, mehrere<br \/>\nSortierungen werden durchgef\u00fchrt, um hochwertige Beeren<br \/>\n auszuw\u00e4hlen.<br \/>\nAlkoholische Fermentation und Reifung werden<br \/>\nin alten 600-Liter-Tonnen von 30 Jahren Tonnen durchgef\u00fchrt<\/p>\n","protected":false},"featured_media":11396,"template":"","meta":{"inline_featured_image":false},"product_brand":[],"product_cat":[600,609,608],"product_tag":[701,622,658,615],"class_list":{"0":"post-11395","1":"product","2":"type-product","3":"status-publish","4":"has-post-thumbnail","6":"product_cat-die-weine","7":"product_cat-touraine-de","8":"product_cat-weis","9":"product_tag-eintrag","10":"product_tag-entdeckung","11":"product_tag-poison-de","12":"product_tag-wein","13":"product_shipping_class-flasche","15":"first","16":"instock","17":"featured","18":"taxable","19":"shipping-taxable","20":"purchasable","21":"product-type-simple"},"yoast_head":"<!-- This site is optimized with the Yoast SEO plugin v27.6 - https:\/\/yoast.com\/product\/yoast-seo-wordpress\/ -->\n<title>TOURAINE AZAY LE RIDEAU AOP BLANC PAIN BENI DOMAINE BADILLER n 22 - Loire Gourmande - une \u00e9tape savoureuse<\/title>\n<meta name=\"description\" content=\"TOURAINE AZAY LE RIDEAU AOP BLANC PAIN BENI DOMAINE BADILLER. Loire-Wein. Bestellung im Weinkeller auf der Website von Loire Gourmande. Weinh\u00e4ndler in Turquant (49).\" \/>\n<meta name=\"robots\" content=\"index, follow, max-snippet:-1, max-image-preview:large, max-video-preview:-1\" \/>\n<link rel=\"canonical\" href=\"https:\/\/www.loire-gourmande.fr\/de\/Produkt\/touraine-azay-le-rideau-aop-blanc-pain-beni-domaine-badiller-20\/\" \/>\n<meta property=\"og:locale\" content=\"de_DE\" \/>\n<meta property=\"og:type\" content=\"article\" \/>\n<meta property=\"og:title\" content=\"TOURAINE AZAY LE RIDEAU AOP BLANC PAIN BENI DOMAINE BADILLER n 22 - Loire Gourmande - une \u00e9tape savoureuse\" \/>\n<meta property=\"og:description\" content=\"TOURAINE AZAY LE RIDEAU AOP BLANC PAIN BENI DOMAINE BADILLER. Loire-Wein. Bestellung im Weinkeller auf der Website von Loire Gourmande. Weinh\u00e4ndler in Turquant (49).\" \/>\n<meta property=\"og:url\" content=\"https:\/\/www.loire-gourmande.fr\/de\/Produkt\/touraine-azay-le-rideau-aop-blanc-pain-beni-domaine-badiller-20\/\" \/>\n<meta property=\"og:site_name\" content=\"Loire Gourmande - une \u00e9tape savoureuse\" \/>\n<meta property=\"article:publisher\" content=\"https:\/\/www.facebook.com\/Loire-Gourmande-Turquant-101991328328493\/\" \/>\n<meta property=\"article:modified_time\" content=\"2026-05-04T09:50:02+00:00\" \/>\n<meta property=\"og:image\" content=\"https:\/\/www.loire-gourmande.fr\/wp-content\/uploads\/2021\/04\/Pain-Beni.jpg\" \/>\n\t<meta property=\"og:image:width\" content=\"800\" \/>\n\t<meta property=\"og:image:height\" content=\"800\" \/>\n\t<meta property=\"og:image:type\" content=\"image\/jpeg\" \/>\n<meta name=\"twitter:card\" content=\"summary_large_image\" \/>\n<meta name=\"twitter:label1\" content=\"Gesch\u00e4tzte Lesezeit\" \/>\n\t<meta name=\"twitter:data1\" content=\"2\u00a0Minuten\" \/>\n<script type=\"application\/ld+json\" class=\"yoast-schema-graph\">{\"@context\":\"https:\\\/\\\/schema.org\",\"@graph\":[{\"@type\":\"WebPage\",\"@id\":\"https:\\\/\\\/www.loire-gourmande.fr\\\/de\\\/Produkt\\\/touraine-azay-le-rideau-aop-blanc-pain-beni-domaine-badiller-20\\\/\",\"url\":\"https:\\\/\\\/www.loire-gourmande.fr\\\/de\\\/Produkt\\\/touraine-azay-le-rideau-aop-blanc-pain-beni-domaine-badiller-20\\\/\",\"name\":\"TOURAINE AZAY LE RIDEAU AOP BLANC PAIN BENI DOMAINE BADILLER n 22 - Loire Gourmande - une \u00e9tape savoureuse\",\"isPartOf\":{\"@id\":\"https:\\\/\\\/www.loire-gourmande.fr\\\/de\\\/#website\"},\"primaryImageOfPage\":{\"@id\":\"https:\\\/\\\/www.loire-gourmande.fr\\\/de\\\/Produkt\\\/touraine-azay-le-rideau-aop-blanc-pain-beni-domaine-badiller-20\\\/#primaryimage\"},\"image\":{\"@id\":\"https:\\\/\\\/www.loire-gourmande.fr\\\/de\\\/Produkt\\\/touraine-azay-le-rideau-aop-blanc-pain-beni-domaine-badiller-20\\\/#primaryimage\"},\"thumbnailUrl\":\"https:\\\/\\\/www.loire-gourmande.fr\\\/wp-content\\\/uploads\\\/2021\\\/04\\\/Pain-Beni.jpg\",\"datePublished\":\"2021-04-29T10:05:46+00:00\",\"dateModified\":\"2026-05-04T09:50:02+00:00\",\"description\":\"TOURAINE AZAY LE RIDEAU AOP BLANC PAIN BENI DOMAINE BADILLER. Loire-Wein. Bestellung im Weinkeller auf der Website von Loire Gourmande. Weinh\u00e4ndler in Turquant (49).\",\"breadcrumb\":{\"@id\":\"https:\\\/\\\/www.loire-gourmande.fr\\\/de\\\/Produkt\\\/touraine-azay-le-rideau-aop-blanc-pain-beni-domaine-badiller-20\\\/#breadcrumb\"},\"inLanguage\":\"de\",\"potentialAction\":[{\"@type\":\"ReadAction\",\"target\":[\"https:\\\/\\\/www.loire-gourmande.fr\\\/de\\\/Produkt\\\/touraine-azay-le-rideau-aop-blanc-pain-beni-domaine-badiller-20\\\/\"]}]},{\"@type\":\"ImageObject\",\"inLanguage\":\"de\",\"@id\":\"https:\\\/\\\/www.loire-gourmande.fr\\\/de\\\/Produkt\\\/touraine-azay-le-rideau-aop-blanc-pain-beni-domaine-badiller-20\\\/#primaryimage\",\"url\":\"https:\\\/\\\/www.loire-gourmande.fr\\\/wp-content\\\/uploads\\\/2021\\\/04\\\/Pain-Beni.jpg\",\"contentUrl\":\"https:\\\/\\\/www.loire-gourmande.fr\\\/wp-content\\\/uploads\\\/2021\\\/04\\\/Pain-Beni.jpg\",\"width\":800,\"height\":800},{\"@type\":\"BreadcrumbList\",\"@id\":\"https:\\\/\\\/www.loire-gourmande.fr\\\/de\\\/Produkt\\\/touraine-azay-le-rideau-aop-blanc-pain-beni-domaine-badiller-20\\\/#breadcrumb\",\"itemListElement\":[{\"@type\":\"ListItem\",\"position\":1,\"name\":\"Startseite\",\"item\":\"https:\\\/\\\/www.loire-gourmande.fr\\\/de\\\/\"},{\"@type\":\"ListItem\",\"position\":2,\"name\":\"Die Boutique de Loire Gourmande: die Weine der Loire\",\"item\":\"https:\\\/\\\/www.loire-gourmande.fr\\\/de\\\/woocommerce\\\/\"},{\"@type\":\"ListItem\",\"position\":3,\"name\":\"Die Weine\",\"item\":\"https:\\\/\\\/www.loire-gourmande.fr\\\/de\\\/Produktkategorie\\\/die-weine\\\/\"},{\"@type\":\"ListItem\",\"position\":4,\"name\":\"Touraine\",\"item\":\"https:\\\/\\\/www.loire-gourmande.fr\\\/de\\\/Produktkategorie\\\/die-weine\\\/touraine-de\\\/\"},{\"@type\":\"ListItem\",\"position\":5,\"name\":\"TOURAINE AZAY LE RIDEAU AOP BLANC PAIN BENI DOMAINE BADILLER n 22\"}]},{\"@type\":\"WebSite\",\"@id\":\"https:\\\/\\\/www.loire-gourmande.fr\\\/de\\\/#website\",\"url\":\"https:\\\/\\\/www.loire-gourmande.fr\\\/de\\\/\",\"name\":\"Loire Gourmande, une \u00e9tape savoureuse\",\"description\":\"une d\u00e9gustation \u00e0 toute heure et une boutique \u00e0 visiter \u00e0 Turquant (49)\",\"publisher\":{\"@id\":\"https:\\\/\\\/www.loire-gourmande.fr\\\/de\\\/#organization\"},\"potentialAction\":[{\"@type\":\"SearchAction\",\"target\":{\"@type\":\"EntryPoint\",\"urlTemplate\":\"https:\\\/\\\/www.loire-gourmande.fr\\\/de\\\/?s={search_term_string}\"},\"query-input\":{\"@type\":\"PropertyValueSpecification\",\"valueRequired\":true,\"valueName\":\"search_term_string\"}}],\"inLanguage\":\"de\"},{\"@type\":\"Organization\",\"@id\":\"https:\\\/\\\/www.loire-gourmande.fr\\\/de\\\/#organization\",\"name\":\"Loire Gourmande - Schnellrestaurant und Besuch in Turquant (49)\",\"url\":\"https:\\\/\\\/www.loire-gourmande.fr\\\/de\\\/\",\"logo\":{\"@type\":\"ImageObject\",\"inLanguage\":\"de\",\"@id\":\"https:\\\/\\\/www.loire-gourmande.fr\\\/de\\\/#\\\/schema\\\/logo\\\/image\\\/\",\"url\":\"https:\\\/\\\/www.loire-gourmande.fr\\\/wp-content\\\/uploads\\\/2020\\\/10\\\/loire-gourmande-logo.jpg\",\"contentUrl\":\"https:\\\/\\\/www.loire-gourmande.fr\\\/wp-content\\\/uploads\\\/2020\\\/10\\\/loire-gourmande-logo.jpg\",\"width\":800,\"height\":415,\"caption\":\"Loire Gourmande - Schnellrestaurant und Besuch in Turquant (49)\"},\"image\":{\"@id\":\"https:\\\/\\\/www.loire-gourmande.fr\\\/de\\\/#\\\/schema\\\/logo\\\/image\\\/\"},\"sameAs\":[\"https:\\\/\\\/www.facebook.com\\\/Loire-Gourmande-Turquant-101991328328493\\\/\",\"https:\\\/\\\/www.instagram.com\\\/jean_yves_auradon\\\/?igshid=1ta3mfjka326t\"]}]}<\/script>\n<!-- \/ Yoast SEO plugin. -->","yoast_head_json":{"title":"TOURAINE AZAY LE RIDEAU AOP BLANC PAIN BENI DOMAINE BADILLER n 22 - Loire Gourmande - une \u00e9tape savoureuse","description":"TOURAINE AZAY LE RIDEAU AOP BLANC PAIN BENI DOMAINE BADILLER. Loire-Wein. Bestellung im Weinkeller auf der Website von Loire Gourmande. Weinh\u00e4ndler in Turquant (49).","robots":{"index":"index","follow":"follow","max-snippet":"max-snippet:-1","max-image-preview":"max-image-preview:large","max-video-preview":"max-video-preview:-1"},"canonical":"https:\/\/www.loire-gourmande.fr\/de\/Produkt\/touraine-azay-le-rideau-aop-blanc-pain-beni-domaine-badiller-20\/","og_locale":"de_DE","og_type":"article","og_title":"TOURAINE AZAY LE RIDEAU AOP BLANC PAIN BENI DOMAINE BADILLER n 22 - Loire Gourmande - une \u00e9tape savoureuse","og_description":"TOURAINE AZAY LE RIDEAU AOP BLANC PAIN BENI DOMAINE BADILLER. Loire-Wein. Bestellung im Weinkeller auf der Website von Loire Gourmande. Weinh\u00e4ndler in Turquant (49).","og_url":"https:\/\/www.loire-gourmande.fr\/de\/Produkt\/touraine-azay-le-rideau-aop-blanc-pain-beni-domaine-badiller-20\/","og_site_name":"Loire Gourmande - une \u00e9tape savoureuse","article_publisher":"https:\/\/www.facebook.com\/Loire-Gourmande-Turquant-101991328328493\/","article_modified_time":"2026-05-04T09:50:02+00:00","og_image":[{"width":800,"height":800,"url":"https:\/\/www.loire-gourmande.fr\/wp-content\/uploads\/2021\/04\/Pain-Beni.jpg","type":"image\/jpeg"}],"twitter_card":"summary_large_image","twitter_misc":{"Gesch\u00e4tzte Lesezeit":"2\u00a0Minuten"},"schema":{"@context":"https:\/\/schema.org","@graph":[{"@type":"WebPage","@id":"https:\/\/www.loire-gourmande.fr\/de\/Produkt\/touraine-azay-le-rideau-aop-blanc-pain-beni-domaine-badiller-20\/","url":"https:\/\/www.loire-gourmande.fr\/de\/Produkt\/touraine-azay-le-rideau-aop-blanc-pain-beni-domaine-badiller-20\/","name":"TOURAINE AZAY LE RIDEAU AOP BLANC PAIN BENI DOMAINE BADILLER n 22 - Loire Gourmande - une \u00e9tape savoureuse","isPartOf":{"@id":"https:\/\/www.loire-gourmande.fr\/de\/#website"},"primaryImageOfPage":{"@id":"https:\/\/www.loire-gourmande.fr\/de\/Produkt\/touraine-azay-le-rideau-aop-blanc-pain-beni-domaine-badiller-20\/#primaryimage"},"image":{"@id":"https:\/\/www.loire-gourmande.fr\/de\/Produkt\/touraine-azay-le-rideau-aop-blanc-pain-beni-domaine-badiller-20\/#primaryimage"},"thumbnailUrl":"https:\/\/www.loire-gourmande.fr\/wp-content\/uploads\/2021\/04\/Pain-Beni.jpg","datePublished":"2021-04-29T10:05:46+00:00","dateModified":"2026-05-04T09:50:02+00:00","description":"TOURAINE AZAY LE RIDEAU AOP BLANC PAIN BENI DOMAINE BADILLER. Loire-Wein. Bestellung im Weinkeller auf der Website von Loire Gourmande. Weinh\u00e4ndler in Turquant (49).","breadcrumb":{"@id":"https:\/\/www.loire-gourmande.fr\/de\/Produkt\/touraine-azay-le-rideau-aop-blanc-pain-beni-domaine-badiller-20\/#breadcrumb"},"inLanguage":"de","potentialAction":[{"@type":"ReadAction","target":["https:\/\/www.loire-gourmande.fr\/de\/Produkt\/touraine-azay-le-rideau-aop-blanc-pain-beni-domaine-badiller-20\/"]}]},{"@type":"ImageObject","inLanguage":"de","@id":"https:\/\/www.loire-gourmande.fr\/de\/Produkt\/touraine-azay-le-rideau-aop-blanc-pain-beni-domaine-badiller-20\/#primaryimage","url":"https:\/\/www.loire-gourmande.fr\/wp-content\/uploads\/2021\/04\/Pain-Beni.jpg","contentUrl":"https:\/\/www.loire-gourmande.fr\/wp-content\/uploads\/2021\/04\/Pain-Beni.jpg","width":800,"height":800},{"@type":"BreadcrumbList","@id":"https:\/\/www.loire-gourmande.fr\/de\/Produkt\/touraine-azay-le-rideau-aop-blanc-pain-beni-domaine-badiller-20\/#breadcrumb","itemListElement":[{"@type":"ListItem","position":1,"name":"Startseite","item":"https:\/\/www.loire-gourmande.fr\/de\/"},{"@type":"ListItem","position":2,"name":"Die Boutique de Loire Gourmande: die Weine der Loire","item":"https:\/\/www.loire-gourmande.fr\/de\/woocommerce\/"},{"@type":"ListItem","position":3,"name":"Die Weine","item":"https:\/\/www.loire-gourmande.fr\/de\/Produktkategorie\/die-weine\/"},{"@type":"ListItem","position":4,"name":"Touraine","item":"https:\/\/www.loire-gourmande.fr\/de\/Produktkategorie\/die-weine\/touraine-de\/"},{"@type":"ListItem","position":5,"name":"TOURAINE AZAY LE RIDEAU AOP BLANC PAIN BENI DOMAINE BADILLER n 22"}]},{"@type":"WebSite","@id":"https:\/\/www.loire-gourmande.fr\/de\/#website","url":"https:\/\/www.loire-gourmande.fr\/de\/","name":"Loire Gourmande, une \u00e9tape savoureuse","description":"une d\u00e9gustation \u00e0 toute heure et une boutique \u00e0 visiter \u00e0 Turquant (49)","publisher":{"@id":"https:\/\/www.loire-gourmande.fr\/de\/#organization"},"potentialAction":[{"@type":"SearchAction","target":{"@type":"EntryPoint","urlTemplate":"https:\/\/www.loire-gourmande.fr\/de\/?s={search_term_string}"},"query-input":{"@type":"PropertyValueSpecification","valueRequired":true,"valueName":"search_term_string"}}],"inLanguage":"de"},{"@type":"Organization","@id":"https:\/\/www.loire-gourmande.fr\/de\/#organization","name":"Loire Gourmande - Schnellrestaurant und Besuch in Turquant (49)","url":"https:\/\/www.loire-gourmande.fr\/de\/","logo":{"@type":"ImageObject","inLanguage":"de","@id":"https:\/\/www.loire-gourmande.fr\/de\/#\/schema\/logo\/image\/","url":"https:\/\/www.loire-gourmande.fr\/wp-content\/uploads\/2020\/10\/loire-gourmande-logo.jpg","contentUrl":"https:\/\/www.loire-gourmande.fr\/wp-content\/uploads\/2020\/10\/loire-gourmande-logo.jpg","width":800,"height":415,"caption":"Loire Gourmande - Schnellrestaurant und Besuch in Turquant (49)"},"image":{"@id":"https:\/\/www.loire-gourmande.fr\/de\/#\/schema\/logo\/image\/"},"sameAs":["https:\/\/www.facebook.com\/Loire-Gourmande-Turquant-101991328328493\/","https:\/\/www.instagram.com\/jean_yves_auradon\/?igshid=1ta3mfjka326t"]}]}},"_links":{"self":[{"href":"https:\/\/www.loire-gourmande.fr\/de\/wp-json\/wp\/v2\/product\/11395","targetHints":{"allow":["GET"]}}],"collection":[{"href":"https:\/\/www.loire-gourmande.fr\/de\/wp-json\/wp\/v2\/product"}],"about":[{"href":"https:\/\/www.loire-gourmande.fr\/de\/wp-json\/wp\/v2\/types\/product"}],"version-history":[{"count":4,"href":"https:\/\/www.loire-gourmande.fr\/de\/wp-json\/wp\/v2\/product\/11395\/revisions"}],"predecessor-version":[{"id":14907,"href":"https:\/\/www.loire-gourmande.fr\/de\/wp-json\/wp\/v2\/product\/11395\/revisions\/14907"}],"wp:featuredmedia":[{"embeddable":true,"href":"https:\/\/www.loire-gourmande.fr\/de\/wp-json\/wp\/v2\/media\/11396"}],"wp:attachment":[{"href":"https:\/\/www.loire-gourmande.fr\/de\/wp-json\/wp\/v2\/media?parent=11395"}],"wp:term":[{"taxonomy":"product_brand","embeddable":true,"href":"https:\/\/www.loire-gourmande.fr\/de\/wp-json\/wp\/v2\/product_brand?post=11395"},{"taxonomy":"product_cat","embeddable":true,"href":"https:\/\/www.loire-gourmande.fr\/de\/wp-json\/wp\/v2\/product_cat?post=11395"},{"taxonomy":"product_tag","embeddable":true,"href":"https:\/\/www.loire-gourmande.fr\/de\/wp-json\/wp\/v2\/product_tag?post=11395"}],"curies":[{"name":"wp","href":"https:\/\/api.w.org\/{rel}","templated":true}]}}