{"id":11411,"date":"2021-04-29T10:05:46","date_gmt":"2021-04-29T10:05:46","guid":{"rendered":"https:\/\/www.loire-gourmande.fr\/produit\/coteaux-du-loir-aop-rose-domaine-de-cezin\/"},"modified":"2026-02-09T13:46:09","modified_gmt":"2026-02-09T12:46:09","slug":"coteaux-du-loir-aop-rose-domaine-de-cezin","status":"publish","type":"product","link":"https:\/\/www.loire-gourmande.fr\/de\/Produkt\/coteaux-du-loir-aop-rose-domaine-de-cezin\/","title":{"rendered":"C\u00d4TEAUX DU LOIR AOP ROS\u00c9 DOMAINE DE CEZIN"},"content":{"rendered":"<p>&#8222;Ein reiner Pineau d&#8217;Aunis mit ein paar Gramm Restzucker, charmant und verdammt fruchtig. Wir lieben seinen wundersch\u00f6nen blassen Farbton, seine Zitrusnoten, die mit reifen und saftigen Fr\u00fcchten verziert sind, seinen harmonischen, weichen, langen und saftigen Gaumen mit einem Hauch von pflanzlichem Geschmack, der gut zu ihm passt. Auf einem scharfen Grill zu reservieren.&#8220; &#8222;Frischer Wein&#8220; aus dem Gebirge. Dieser Ros\u00e9 bezaubert mit der Finesse seiner Aromen und seinen &#8222;pfeffrigen&#8220; D\u00fcften, die auf Pineau d&#8217;Aunis zur\u00fcckzuf\u00fchren sind. Passt gut zu Sommergerichten, Aufschnitt und Salaten.<br \/>\nEs liegt an Ihnen, Ihr Gericht zu finden, fruchtig und pfeffrig bis zur Perfektion<br \/>\n. Das ist der &#8222;frische Wein&#8220; unserer Reihe. Vinificiert aus &#8222;Pineau d&#8217;Aunis&#8220;, bezaubert dieser Ros\u00e9 mit der Finesse seiner Fruchtaromen, seinen &#8222;Pfeffer&#8220;-Aromen durch die Rebsorte und dem Terroir<\/p>\n<p style=\"font-weight: 400;\"><strong>Bezeichnung:<\/strong> Coteaux du Loir<br \/>\n<strong>Farbe:<\/strong> Ros\u00e9<br \/>\n<strong>Rebsorte:<\/strong> Pineau d&#8217;Aunis<br \/>\n<strong>Nase:<\/strong> Gew\u00fcrze und Fr\u00fcchte<br \/>\n<strong>Gaumen:<\/strong> Trocken und rund<br \/>\n<strong>Lagerung:<\/strong> Bis zu 3 Jahre<br \/>\n<strong>Jahr:<\/strong><span style=\"font-weight: 400;\"> 2022<br \/>\n<\/span><strong>Serviertemperatur: <\/strong><span style=\"font-weight: 400;\">6 und 8\u00b0<\/span><\/p>\n<p><strong><span style=\"font-size: 12pt;\">Speise- und Weinpaarung<\/span><\/strong><br \/>\nApfelsalat und pochiertes Ei, Tarama auf Toast, Krabben &amp; Krabben-Mayonnaise, Seehechtfilet mit gr\u00fcner Sauce f\u00fcr den Appetit, Trappe de Laval K\u00e4se<\/p>\n","protected":false},"excerpt":{"rendered":"<p><span data-reader-unique-id=\"3\">Die Familie FRESNEAU ist bereits seit vier Generationen leidenschaftlich f\u00fcr Wein, insbesondere f\u00fcr die Appellationen Coteaux du Loir und Jasni\u00e8res.<\/span><br data-reader-unique-id=\"4\"><br data-reader-unique-id=\"5\"><span data-reader-unique-id=\"6\">Amandine und Xavier, die Kinder von Fran\u00e7ois FRESNEAU, teilen gerne das Staunen und die Neugier, die man vor einem Glas Pineau d&#8217;Aunis empfindet, und beleben Ihre Geschmacksknospen mit der zart fruchtigen Frische eines Chenin. Seit dem fr\u00fchen Mittelalter von den M\u00f6nchen von Marmoutier kultiviert, produziert der Weinberg der Coteaux du Loir seit Jahrhunderten ber\u00fchmte Weine.<\/span><br data-reader-unique-id=\"7\"><span data-reader-unique-id=\"9\">Am Hof der franz\u00f6sischen K\u00f6nige bedient, wurde es ebenso von Dichtern der Plejaden wie Ronsard und Du Bellay gefeiert wie vom &#8222;F\u00fcrsten der Gastronomie&#8220; Maurice Curnonsky.<\/span><br data-reader-unique-id=\"10\"><span data-reader-unique-id=\"11\">Die 1948 gegr\u00fcndete Bezeichnung erstreckt sich sowohl \u00fcber die Indr\u00e9de et Loire als auch \u00fcber die Sarthe.<\/span><br data-reader-unique-id=\"12\"><span data-reader-unique-id=\"13\">Die an oft sehr steilen H\u00e4ngen gepflanzten Reben profitieren sowohl von einer bemerkenswerten Exposition als auch vom sch\u00fctzenden Einfluss der benachbarten W\u00e4lder.<\/span><br data-reader-unique-id=\"14\"><span data-reader-unique-id=\"15\"> <\/span><\/p>\n","protected":false},"featured_media":11414,"template":"","meta":{"inline_featured_image":false},"product_brand":[],"product_cat":[600,642,609],"product_tag":[701,622,605,615],"class_list":{"0":"post-11411","1":"product","2":"type-product","3":"status-publish","4":"has-post-thumbnail","6":"product_cat-die-weine","7":"product_cat-rose-de","8":"product_cat-touraine-de","9":"product_tag-eintrag","10":"product_tag-entdeckung","11":"product_tag-kase","12":"product_tag-wein","13":"product_shipping_class-flasche","15":"first","16":"outofstock","17":"featured","18":"taxable","19":"shipping-taxable","20":"purchasable","21":"product-type-simple"},"yoast_head":"<!-- This site is optimized with the Yoast SEO plugin v27.5 - https:\/\/yoast.com\/product\/yoast-seo-wordpress\/ -->\n<title>C\u00d4TEAUX DU LOIR AOP ROS\u00c9 DOMAINE DE CEZIN - Loire Gourmande - une \u00e9tape savoureuse<\/title>\n<meta name=\"description\" content=\"C\u00d4TEAUX DU LOIR AOP ROS\u00c9 DOMAINE DE CEZIN. Loire-Wein. Bestellung im Weinkeller auf der Website von Loire Gourmande. Weinh\u00e4ndler in Turquant (49).\" \/>\n<meta name=\"robots\" content=\"index, follow, max-snippet:-1, max-image-preview:large, max-video-preview:-1\" \/>\n<link rel=\"canonical\" href=\"https:\/\/www.loire-gourmande.fr\/de\/Produkt\/coteaux-du-loir-aop-rose-domaine-de-cezin\/\" \/>\n<meta property=\"og:locale\" content=\"de_DE\" \/>\n<meta property=\"og:type\" content=\"article\" \/>\n<meta property=\"og:title\" content=\"C\u00d4TEAUX DU LOIR AOP ROS\u00c9 DOMAINE DE CEZIN - Loire Gourmande - une \u00e9tape savoureuse\" \/>\n<meta property=\"og:description\" content=\"C\u00d4TEAUX DU LOIR AOP ROS\u00c9 DOMAINE DE CEZIN. Loire-Wein. Bestellung im Weinkeller auf der Website von Loire Gourmande. Weinh\u00e4ndler in Turquant (49).\" \/>\n<meta property=\"og:url\" content=\"https:\/\/www.loire-gourmande.fr\/de\/Produkt\/coteaux-du-loir-aop-rose-domaine-de-cezin\/\" \/>\n<meta property=\"og:site_name\" content=\"Loire Gourmande - une \u00e9tape savoureuse\" \/>\n<meta property=\"article:publisher\" content=\"https:\/\/www.facebook.com\/Loire-Gourmande-Turquant-101991328328493\/\" \/>\n<meta property=\"article:modified_time\" content=\"2026-02-09T12:46:09+00:00\" \/>\n<meta property=\"og:image\" content=\"https:\/\/www.loire-gourmande.fr\/wp-content\/uploads\/2021\/04\/3COTDULOIDUCEZ16ROS-Rose-Coteaux-du-Loir-Domaine-de-Cezin-2016.png\" \/>\n\t<meta property=\"og:image:width\" content=\"1200\" \/>\n\t<meta property=\"og:image:height\" content=\"1200\" \/>\n\t<meta property=\"og:image:type\" content=\"image\/png\" \/>\n<meta name=\"twitter:card\" content=\"summary_large_image\" \/>\n<meta name=\"twitter:label1\" content=\"Gesch\u00e4tzte Lesezeit\" \/>\n\t<meta name=\"twitter:data1\" content=\"1\u00a0Minute\" \/>\n<script type=\"application\/ld+json\" class=\"yoast-schema-graph\">{\"@context\":\"https:\\\/\\\/schema.org\",\"@graph\":[{\"@type\":\"WebPage\",\"@id\":\"https:\\\/\\\/www.loire-gourmande.fr\\\/de\\\/Produkt\\\/coteaux-du-loir-aop-rose-domaine-de-cezin\\\/\",\"url\":\"https:\\\/\\\/www.loire-gourmande.fr\\\/de\\\/Produkt\\\/coteaux-du-loir-aop-rose-domaine-de-cezin\\\/\",\"name\":\"C\u00d4TEAUX DU LOIR AOP ROS\u00c9 DOMAINE DE CEZIN - Loire Gourmande - une \u00e9tape savoureuse\",\"isPartOf\":{\"@id\":\"https:\\\/\\\/www.loire-gourmande.fr\\\/de\\\/#website\"},\"primaryImageOfPage\":{\"@id\":\"https:\\\/\\\/www.loire-gourmande.fr\\\/de\\\/Produkt\\\/coteaux-du-loir-aop-rose-domaine-de-cezin\\\/#primaryimage\"},\"image\":{\"@id\":\"https:\\\/\\\/www.loire-gourmande.fr\\\/de\\\/Produkt\\\/coteaux-du-loir-aop-rose-domaine-de-cezin\\\/#primaryimage\"},\"thumbnailUrl\":\"https:\\\/\\\/www.loire-gourmande.fr\\\/wp-content\\\/uploads\\\/2021\\\/04\\\/3COTDULOIDUCEZ16ROS-Rose-Coteaux-du-Loir-Domaine-de-Cezin-2016.png\",\"datePublished\":\"2021-04-29T10:05:46+00:00\",\"dateModified\":\"2026-02-09T12:46:09+00:00\",\"description\":\"C\u00d4TEAUX DU LOIR AOP ROS\u00c9 DOMAINE DE CEZIN. Loire-Wein. Bestellung im Weinkeller auf der Website von Loire Gourmande. Weinh\u00e4ndler in Turquant (49).\",\"breadcrumb\":{\"@id\":\"https:\\\/\\\/www.loire-gourmande.fr\\\/de\\\/Produkt\\\/coteaux-du-loir-aop-rose-domaine-de-cezin\\\/#breadcrumb\"},\"inLanguage\":\"de\",\"potentialAction\":[{\"@type\":\"ReadAction\",\"target\":[\"https:\\\/\\\/www.loire-gourmande.fr\\\/de\\\/Produkt\\\/coteaux-du-loir-aop-rose-domaine-de-cezin\\\/\"]}]},{\"@type\":\"ImageObject\",\"inLanguage\":\"de\",\"@id\":\"https:\\\/\\\/www.loire-gourmande.fr\\\/de\\\/Produkt\\\/coteaux-du-loir-aop-rose-domaine-de-cezin\\\/#primaryimage\",\"url\":\"https:\\\/\\\/www.loire-gourmande.fr\\\/wp-content\\\/uploads\\\/2021\\\/04\\\/3COTDULOIDUCEZ16ROS-Rose-Coteaux-du-Loir-Domaine-de-Cezin-2016.png\",\"contentUrl\":\"https:\\\/\\\/www.loire-gourmande.fr\\\/wp-content\\\/uploads\\\/2021\\\/04\\\/3COTDULOIDUCEZ16ROS-Rose-Coteaux-du-Loir-Domaine-de-Cezin-2016.png\",\"width\":1200,\"height\":1200},{\"@type\":\"BreadcrumbList\",\"@id\":\"https:\\\/\\\/www.loire-gourmande.fr\\\/de\\\/Produkt\\\/coteaux-du-loir-aop-rose-domaine-de-cezin\\\/#breadcrumb\",\"itemListElement\":[{\"@type\":\"ListItem\",\"position\":1,\"name\":\"Startseite\",\"item\":\"https:\\\/\\\/www.loire-gourmande.fr\\\/de\\\/\"},{\"@type\":\"ListItem\",\"position\":2,\"name\":\"Die Boutique de Loire Gourmande: die Weine der Loire\",\"item\":\"https:\\\/\\\/www.loire-gourmande.fr\\\/de\\\/woocommerce\\\/\"},{\"@type\":\"ListItem\",\"position\":3,\"name\":\"Die Weine\",\"item\":\"https:\\\/\\\/www.loire-gourmande.fr\\\/de\\\/Produktkategorie\\\/die-weine\\\/\"},{\"@type\":\"ListItem\",\"position\":4,\"name\":\"Ros\u00e9\",\"item\":\"https:\\\/\\\/www.loire-gourmande.fr\\\/de\\\/Produktkategorie\\\/die-weine\\\/rose-de\\\/\"},{\"@type\":\"ListItem\",\"position\":5,\"name\":\"C\u00d4TEAUX DU LOIR AOP ROS\u00c9 DOMAINE DE CEZIN\"}]},{\"@type\":\"WebSite\",\"@id\":\"https:\\\/\\\/www.loire-gourmande.fr\\\/de\\\/#website\",\"url\":\"https:\\\/\\\/www.loire-gourmande.fr\\\/de\\\/\",\"name\":\"Loire Gourmande, une \u00e9tape savoureuse\",\"description\":\"une d\u00e9gustation \u00e0 toute heure et une boutique \u00e0 visiter \u00e0 Turquant (49)\",\"publisher\":{\"@id\":\"https:\\\/\\\/www.loire-gourmande.fr\\\/de\\\/#organization\"},\"potentialAction\":[{\"@type\":\"SearchAction\",\"target\":{\"@type\":\"EntryPoint\",\"urlTemplate\":\"https:\\\/\\\/www.loire-gourmande.fr\\\/de\\\/?s={search_term_string}\"},\"query-input\":{\"@type\":\"PropertyValueSpecification\",\"valueRequired\":true,\"valueName\":\"search_term_string\"}}],\"inLanguage\":\"de\"},{\"@type\":\"Organization\",\"@id\":\"https:\\\/\\\/www.loire-gourmande.fr\\\/de\\\/#organization\",\"name\":\"Loire Gourmande - Schnellrestaurant und Besuch in Turquant (49)\",\"url\":\"https:\\\/\\\/www.loire-gourmande.fr\\\/de\\\/\",\"logo\":{\"@type\":\"ImageObject\",\"inLanguage\":\"de\",\"@id\":\"https:\\\/\\\/www.loire-gourmande.fr\\\/de\\\/#\\\/schema\\\/logo\\\/image\\\/\",\"url\":\"https:\\\/\\\/www.loire-gourmande.fr\\\/wp-content\\\/uploads\\\/2020\\\/10\\\/loire-gourmande-logo.jpg\",\"contentUrl\":\"https:\\\/\\\/www.loire-gourmande.fr\\\/wp-content\\\/uploads\\\/2020\\\/10\\\/loire-gourmande-logo.jpg\",\"width\":800,\"height\":415,\"caption\":\"Loire Gourmande - Schnellrestaurant und Besuch in Turquant (49)\"},\"image\":{\"@id\":\"https:\\\/\\\/www.loire-gourmande.fr\\\/de\\\/#\\\/schema\\\/logo\\\/image\\\/\"},\"sameAs\":[\"https:\\\/\\\/www.facebook.com\\\/Loire-Gourmande-Turquant-101991328328493\\\/\",\"https:\\\/\\\/www.instagram.com\\\/jean_yves_auradon\\\/?igshid=1ta3mfjka326t\"]}]}<\/script>\n<!-- \/ Yoast SEO plugin. -->","yoast_head_json":{"title":"C\u00d4TEAUX DU LOIR AOP ROS\u00c9 DOMAINE DE CEZIN - Loire Gourmande - une \u00e9tape savoureuse","description":"C\u00d4TEAUX DU LOIR AOP ROS\u00c9 DOMAINE DE CEZIN. Loire-Wein. Bestellung im Weinkeller auf der Website von Loire Gourmande. Weinh\u00e4ndler in Turquant (49).","robots":{"index":"index","follow":"follow","max-snippet":"max-snippet:-1","max-image-preview":"max-image-preview:large","max-video-preview":"max-video-preview:-1"},"canonical":"https:\/\/www.loire-gourmande.fr\/de\/Produkt\/coteaux-du-loir-aop-rose-domaine-de-cezin\/","og_locale":"de_DE","og_type":"article","og_title":"C\u00d4TEAUX DU LOIR AOP ROS\u00c9 DOMAINE DE CEZIN - Loire Gourmande - une \u00e9tape savoureuse","og_description":"C\u00d4TEAUX DU LOIR AOP ROS\u00c9 DOMAINE DE CEZIN. Loire-Wein. Bestellung im Weinkeller auf der Website von Loire Gourmande. Weinh\u00e4ndler in Turquant (49).","og_url":"https:\/\/www.loire-gourmande.fr\/de\/Produkt\/coteaux-du-loir-aop-rose-domaine-de-cezin\/","og_site_name":"Loire Gourmande - une \u00e9tape savoureuse","article_publisher":"https:\/\/www.facebook.com\/Loire-Gourmande-Turquant-101991328328493\/","article_modified_time":"2026-02-09T12:46:09+00:00","og_image":[{"width":1200,"height":1200,"url":"https:\/\/www.loire-gourmande.fr\/wp-content\/uploads\/2021\/04\/3COTDULOIDUCEZ16ROS-Rose-Coteaux-du-Loir-Domaine-de-Cezin-2016.png","type":"image\/png"}],"twitter_card":"summary_large_image","twitter_misc":{"Gesch\u00e4tzte Lesezeit":"1\u00a0Minute"},"schema":{"@context":"https:\/\/schema.org","@graph":[{"@type":"WebPage","@id":"https:\/\/www.loire-gourmande.fr\/de\/Produkt\/coteaux-du-loir-aop-rose-domaine-de-cezin\/","url":"https:\/\/www.loire-gourmande.fr\/de\/Produkt\/coteaux-du-loir-aop-rose-domaine-de-cezin\/","name":"C\u00d4TEAUX DU LOIR AOP ROS\u00c9 DOMAINE DE CEZIN - Loire Gourmande - une \u00e9tape savoureuse","isPartOf":{"@id":"https:\/\/www.loire-gourmande.fr\/de\/#website"},"primaryImageOfPage":{"@id":"https:\/\/www.loire-gourmande.fr\/de\/Produkt\/coteaux-du-loir-aop-rose-domaine-de-cezin\/#primaryimage"},"image":{"@id":"https:\/\/www.loire-gourmande.fr\/de\/Produkt\/coteaux-du-loir-aop-rose-domaine-de-cezin\/#primaryimage"},"thumbnailUrl":"https:\/\/www.loire-gourmande.fr\/wp-content\/uploads\/2021\/04\/3COTDULOIDUCEZ16ROS-Rose-Coteaux-du-Loir-Domaine-de-Cezin-2016.png","datePublished":"2021-04-29T10:05:46+00:00","dateModified":"2026-02-09T12:46:09+00:00","description":"C\u00d4TEAUX DU LOIR AOP ROS\u00c9 DOMAINE DE CEZIN. Loire-Wein. Bestellung im Weinkeller auf der Website von Loire Gourmande. Weinh\u00e4ndler in Turquant (49).","breadcrumb":{"@id":"https:\/\/www.loire-gourmande.fr\/de\/Produkt\/coteaux-du-loir-aop-rose-domaine-de-cezin\/#breadcrumb"},"inLanguage":"de","potentialAction":[{"@type":"ReadAction","target":["https:\/\/www.loire-gourmande.fr\/de\/Produkt\/coteaux-du-loir-aop-rose-domaine-de-cezin\/"]}]},{"@type":"ImageObject","inLanguage":"de","@id":"https:\/\/www.loire-gourmande.fr\/de\/Produkt\/coteaux-du-loir-aop-rose-domaine-de-cezin\/#primaryimage","url":"https:\/\/www.loire-gourmande.fr\/wp-content\/uploads\/2021\/04\/3COTDULOIDUCEZ16ROS-Rose-Coteaux-du-Loir-Domaine-de-Cezin-2016.png","contentUrl":"https:\/\/www.loire-gourmande.fr\/wp-content\/uploads\/2021\/04\/3COTDULOIDUCEZ16ROS-Rose-Coteaux-du-Loir-Domaine-de-Cezin-2016.png","width":1200,"height":1200},{"@type":"BreadcrumbList","@id":"https:\/\/www.loire-gourmande.fr\/de\/Produkt\/coteaux-du-loir-aop-rose-domaine-de-cezin\/#breadcrumb","itemListElement":[{"@type":"ListItem","position":1,"name":"Startseite","item":"https:\/\/www.loire-gourmande.fr\/de\/"},{"@type":"ListItem","position":2,"name":"Die Boutique de Loire Gourmande: die Weine der Loire","item":"https:\/\/www.loire-gourmande.fr\/de\/woocommerce\/"},{"@type":"ListItem","position":3,"name":"Die Weine","item":"https:\/\/www.loire-gourmande.fr\/de\/Produktkategorie\/die-weine\/"},{"@type":"ListItem","position":4,"name":"Ros\u00e9","item":"https:\/\/www.loire-gourmande.fr\/de\/Produktkategorie\/die-weine\/rose-de\/"},{"@type":"ListItem","position":5,"name":"C\u00d4TEAUX DU LOIR AOP ROS\u00c9 DOMAINE DE CEZIN"}]},{"@type":"WebSite","@id":"https:\/\/www.loire-gourmande.fr\/de\/#website","url":"https:\/\/www.loire-gourmande.fr\/de\/","name":"Loire Gourmande, une \u00e9tape savoureuse","description":"une d\u00e9gustation \u00e0 toute heure et une boutique \u00e0 visiter \u00e0 Turquant (49)","publisher":{"@id":"https:\/\/www.loire-gourmande.fr\/de\/#organization"},"potentialAction":[{"@type":"SearchAction","target":{"@type":"EntryPoint","urlTemplate":"https:\/\/www.loire-gourmande.fr\/de\/?s={search_term_string}"},"query-input":{"@type":"PropertyValueSpecification","valueRequired":true,"valueName":"search_term_string"}}],"inLanguage":"de"},{"@type":"Organization","@id":"https:\/\/www.loire-gourmande.fr\/de\/#organization","name":"Loire Gourmande - Schnellrestaurant und Besuch in Turquant (49)","url":"https:\/\/www.loire-gourmande.fr\/de\/","logo":{"@type":"ImageObject","inLanguage":"de","@id":"https:\/\/www.loire-gourmande.fr\/de\/#\/schema\/logo\/image\/","url":"https:\/\/www.loire-gourmande.fr\/wp-content\/uploads\/2020\/10\/loire-gourmande-logo.jpg","contentUrl":"https:\/\/www.loire-gourmande.fr\/wp-content\/uploads\/2020\/10\/loire-gourmande-logo.jpg","width":800,"height":415,"caption":"Loire Gourmande - Schnellrestaurant und Besuch in Turquant (49)"},"image":{"@id":"https:\/\/www.loire-gourmande.fr\/de\/#\/schema\/logo\/image\/"},"sameAs":["https:\/\/www.facebook.com\/Loire-Gourmande-Turquant-101991328328493\/","https:\/\/www.instagram.com\/jean_yves_auradon\/?igshid=1ta3mfjka326t"]}]}},"_links":{"self":[{"href":"https:\/\/www.loire-gourmande.fr\/de\/wp-json\/wp\/v2\/product\/11411","targetHints":{"allow":["GET"]}}],"collection":[{"href":"https:\/\/www.loire-gourmande.fr\/de\/wp-json\/wp\/v2\/product"}],"about":[{"href":"https:\/\/www.loire-gourmande.fr\/de\/wp-json\/wp\/v2\/types\/product"}],"version-history":[{"count":3,"href":"https:\/\/www.loire-gourmande.fr\/de\/wp-json\/wp\/v2\/product\/11411\/revisions"}],"predecessor-version":[{"id":14417,"href":"https:\/\/www.loire-gourmande.fr\/de\/wp-json\/wp\/v2\/product\/11411\/revisions\/14417"}],"wp:featuredmedia":[{"embeddable":true,"href":"https:\/\/www.loire-gourmande.fr\/de\/wp-json\/wp\/v2\/media\/11414"}],"wp:attachment":[{"href":"https:\/\/www.loire-gourmande.fr\/de\/wp-json\/wp\/v2\/media?parent=11411"}],"wp:term":[{"taxonomy":"product_brand","embeddable":true,"href":"https:\/\/www.loire-gourmande.fr\/de\/wp-json\/wp\/v2\/product_brand?post=11411"},{"taxonomy":"product_cat","embeddable":true,"href":"https:\/\/www.loire-gourmande.fr\/de\/wp-json\/wp\/v2\/product_cat?post=11411"},{"taxonomy":"product_tag","embeddable":true,"href":"https:\/\/www.loire-gourmande.fr\/de\/wp-json\/wp\/v2\/product_tag?post=11411"}],"curies":[{"name":"wp","href":"https:\/\/api.w.org\/{rel}","templated":true}]}}