{"id":11416,"date":"2021-04-29T10:05:46","date_gmt":"2021-04-29T10:05:46","guid":{"rendered":"https:\/\/www.loire-gourmande.fr\/produit\/coteaux-du-vendomois-aop-rouge-benjamin-domaine-du-four-a-chaux\/"},"modified":"2025-05-27T16:21:26","modified_gmt":"2025-05-27T15:21:26","slug":"coteaux-du-vendomois-aop-rouge-benjamin-domaine-du-four-a-chaux","status":"publish","type":"product","link":"https:\/\/www.loire-gourmande.fr\/de\/Produkt\/coteaux-du-vendomois-aop-rouge-benjamin-domaine-du-four-a-chaux\/","title":{"rendered":"C\u00d4TEAUX DU VEND\u00d4MOIS AOP ROUGE &#8222;BENJAMIN&#8220; DOMAINE DU FOUR A CHAUX"},"content":{"rendered":"<div class=\"ox-text jss1axnbjs\" data-jss-id=\"jss1axnbjs\">\n<div class=\"ox-text__inner\">\n<div>Entdecken Sie diesen pr\u00e4chtigen Rotwein mit der kontrollierten Herkunftsbezeichnung Coteaux du Vend\u00f4mois, Cuv\u00e9e Benjamin, von der Domaine du Four \u00e0 Chaux, in Thor\u00e9-la-Rochette. Dieser Rotwein wird aus den \u00e4ltesten Rebsorten des Loir-Tals, der Pineau d&#8217;Aunis, hergestellt, die f\u00fcr ihre fruchtigen, w\u00fcrzigen, ausgewogenen und kr\u00e4ftigen Weinaromen bekannt ist.<\/div>\n<\/div>\n<\/div>\n<div class=\"ox-spacer jss1y9klon\" data-jss-id=\"jss1y9klon\"><\/div>\n<div class=\"ox-text jss1ddjdar\" data-jss-id=\"jss1ddjdar\">\n<div class=\"ox-text__inner\">\n<div><strong>Weinbereitung: <\/strong>Die Trauben f\u00fcr den Pineau d&#8217;Aunis, auch Chenin Noir genannt, werden geerntet und entrappt, bevor sie acht Tage lang in Tanks g\u00e4ren. Zu Beginn der Maischeg\u00e4rung wird das Lesegut auf 27\u00b0C erhitzt, um die Extraktion von Farbe und Tanninen zu erleichtern.<\/div>\n<p><strong>Rebsorte <\/strong>: 100% Pineau d&#8217;Aunis<br \/>\n<strong>Jahrgang <\/strong>: 2021<br \/>\n<strong>Boden <\/strong>: Lehm und Feuerstein<br \/>\n<strong>Durchschnittsertrag<\/strong>: 35 hl \/ Ha<br \/>\n<strong>Alkoholgehalt <\/strong>: 13%<br \/>\n<strong>Lagerung <\/strong>: 3 bis 5 Jahre<br \/>\n<strong>Serviertemperatur<\/strong>: zwischen 12 und 14 \u00b0C<br \/>\n<strong>Verkostung <\/strong>: Klare, rote Farbe. In der Nase entfalten sich feinw\u00fcrzige Aromen. Am Gaumen ist er leicht, gepr\u00e4gt von einer erstaunlichen Frische, die von pr\u00e4senten Tanninen ausgeglichen wird, die aber nicht h\u00e4ngen bleiben. Die f\u00fcr den Pineau d&#8216; Aunis typische pfeffrige Note verl\u00e4ngert sich nach Belieben und bietet ein originelles Gef\u00fchl.<\/p>\n<div><strong>Speisen- &amp; Weinempfehlung<\/strong>: Passt gut zu Wurstwaren, Bavette mit Schalotten oder einem asiatischen Rezept, wobei Pfeffer und milde Gew\u00fcrze harmonisch miteinander verbunden sind. Gebratenes Steak mit gr\u00fcnem Pfeffer \/ H\u00e4hnchen Basquaise, Lammschulter mit Rosmarin, Rinderschmorbraten, Rindfleisch \u00e0 la ficelle, eine Auswahl an Wurstwaren, karibische Blutwurst<\/div>\n<\/div>\n<\/div>\n","protected":false},"excerpt":{"rendered":"<p data-reader-unique-id=\"1\">Es war einmal eine sch\u00f6ne Geschichte von Winzern und Weinbauern&#8230; die der Familie Norguet, die seit 7 Generationen ihre Domaine du Four \u00e0 Chaux im Herzen der Vend\u00f4mois in Thor\u00e9-la-Rochette betreibt.<br \/>\nDer Four \u00e0 Chaux ist ein gesch\u00fctzter Ort aus dem Jahr 1767, ein \u00dcberbleibsel aus der Zeit, als der Tuffstein, ein weicher Ton- und Kalkstein mit Feuerstein, der an den H\u00e4ngen abgebaut wurde, f\u00fcr den Bau der Loire-Schl\u00f6sser, der umliegenden Landsitze und der H\u00e4user der Loire-Region verwendet wurde.<br \/>\nIn einer traditionellen Umgebung verf\u00fcgt das Weingut \u00fcber wundersch\u00f6ne 200 Jahre alte H\u00f6hlenkeller, die der Pilzzucht und dem Ausbau der lokalen Weine gewidmet waren und heute zu Orten der Geselligkeit geworden sind, wo die Verkostung von Rot-, Wei\u00df-, Ros\u00e9- und Grauweinen organisiert wird.<br \/>\nDominique Norguet, der f\u00fchrende Winzer der Appellation, bewirtschaftet 29 Hektar Weinberge in Thor\u00e9 la Rochette, einem kleinen Dorf im Loirtal, und keltert seine Weine mit Leidenschaft in einem alten Keller.<\/p>\n","protected":false},"featured_media":11417,"template":"","meta":{"inline_featured_image":false},"product_brand":[],"product_cat":[600,601,609],"product_tag":[701,622,620,615],"class_list":{"0":"post-11416","1":"product","2":"type-product","3":"status-publish","4":"has-post-thumbnail","6":"product_cat-die-weine","7":"product_cat-rot","8":"product_cat-touraine-de","9":"product_tag-eintrag","10":"product_tag-entdeckung","11":"product_tag-fleisch","12":"product_tag-wein","13":"product_shipping_class-flasche","15":"first","16":"instock","17":"featured","18":"taxable","19":"shipping-taxable","20":"purchasable","21":"product-type-simple"},"yoast_head":"<!-- This site is optimized with the Yoast SEO plugin v27.6 - https:\/\/yoast.com\/product\/yoast-seo-wordpress\/ -->\n<title>C\u00d4TEAUX DU VEND\u00d4MOIS AOP ROUGE &quot;BENJAMIN&quot; DOMAINE DU FOUR A CHAUX - Loire Gourmande - une \u00e9tape savoureuse<\/title>\n<meta name=\"description\" content=\"C\u00d4TEAUX DU VEND\u00d4MOIS AOP ROUGE &quot;BENJAMIN&quot; DOMAINE DU FOUR A CHAUX.Wein von der Loire. Bestellung im Weinkeller auf der Website von Loire Gourmande. Weinh\u00e4ndler in Turquant (49).\" \/>\n<meta name=\"robots\" content=\"index, follow, max-snippet:-1, max-image-preview:large, max-video-preview:-1\" \/>\n<link rel=\"canonical\" href=\"https:\/\/www.loire-gourmande.fr\/de\/Produkt\/coteaux-du-vendomois-aop-rouge-benjamin-domaine-du-four-a-chaux\/\" \/>\n<meta property=\"og:locale\" content=\"de_DE\" \/>\n<meta property=\"og:type\" content=\"article\" \/>\n<meta property=\"og:title\" content=\"C\u00d4TEAUX DU VEND\u00d4MOIS AOP ROUGE &quot;BENJAMIN&quot; DOMAINE DU FOUR A CHAUX - Loire Gourmande - une \u00e9tape savoureuse\" \/>\n<meta property=\"og:description\" content=\"C\u00d4TEAUX DU VEND\u00d4MOIS AOP ROUGE &quot;BENJAMIN&quot; DOMAINE DU FOUR A CHAUX.Wein von der Loire. Bestellung im Weinkeller auf der Website von Loire Gourmande. Weinh\u00e4ndler in Turquant (49).\" \/>\n<meta property=\"og:url\" content=\"https:\/\/www.loire-gourmande.fr\/de\/Produkt\/coteaux-du-vendomois-aop-rouge-benjamin-domaine-du-four-a-chaux\/\" \/>\n<meta property=\"og:site_name\" content=\"Loire Gourmande - une \u00e9tape savoureuse\" \/>\n<meta property=\"article:publisher\" content=\"https:\/\/www.facebook.com\/Loire-Gourmande-Turquant-101991328328493\/\" \/>\n<meta property=\"article:modified_time\" content=\"2025-05-27T15:21:26+00:00\" \/>\n<meta property=\"og:image\" content=\"https:\/\/www.loire-gourmande.fr\/wp-content\/uploads\/2021\/04\/Four-a-Chaux-Rouge-Benjamin.jpg\" \/>\n\t<meta property=\"og:image:width\" content=\"800\" \/>\n\t<meta property=\"og:image:height\" content=\"800\" \/>\n\t<meta property=\"og:image:type\" content=\"image\/jpeg\" \/>\n<meta name=\"twitter:card\" content=\"summary_large_image\" \/>\n<meta name=\"twitter:label1\" content=\"Gesch\u00e4tzte Lesezeit\" \/>\n\t<meta name=\"twitter:data1\" content=\"1\u00a0Minute\" \/>\n<script type=\"application\/ld+json\" class=\"yoast-schema-graph\">{\"@context\":\"https:\\\/\\\/schema.org\",\"@graph\":[{\"@type\":\"WebPage\",\"@id\":\"https:\\\/\\\/www.loire-gourmande.fr\\\/de\\\/Produkt\\\/coteaux-du-vendomois-aop-rouge-benjamin-domaine-du-four-a-chaux\\\/\",\"url\":\"https:\\\/\\\/www.loire-gourmande.fr\\\/de\\\/Produkt\\\/coteaux-du-vendomois-aop-rouge-benjamin-domaine-du-four-a-chaux\\\/\",\"name\":\"C\u00d4TEAUX DU VEND\u00d4MOIS AOP ROUGE \\\"BENJAMIN\\\" DOMAINE DU FOUR A CHAUX - Loire Gourmande - une \u00e9tape savoureuse\",\"isPartOf\":{\"@id\":\"https:\\\/\\\/www.loire-gourmande.fr\\\/de\\\/#website\"},\"primaryImageOfPage\":{\"@id\":\"https:\\\/\\\/www.loire-gourmande.fr\\\/de\\\/Produkt\\\/coteaux-du-vendomois-aop-rouge-benjamin-domaine-du-four-a-chaux\\\/#primaryimage\"},\"image\":{\"@id\":\"https:\\\/\\\/www.loire-gourmande.fr\\\/de\\\/Produkt\\\/coteaux-du-vendomois-aop-rouge-benjamin-domaine-du-four-a-chaux\\\/#primaryimage\"},\"thumbnailUrl\":\"https:\\\/\\\/www.loire-gourmande.fr\\\/wp-content\\\/uploads\\\/2021\\\/04\\\/Four-a-Chaux-Rouge-Benjamin.jpg\",\"datePublished\":\"2021-04-29T10:05:46+00:00\",\"dateModified\":\"2025-05-27T15:21:26+00:00\",\"description\":\"C\u00d4TEAUX DU VEND\u00d4MOIS AOP ROUGE \\\"BENJAMIN\\\" DOMAINE DU FOUR A CHAUX.Wein von der Loire. Bestellung im Weinkeller auf der Website von Loire Gourmande. Weinh\u00e4ndler in Turquant (49).\",\"breadcrumb\":{\"@id\":\"https:\\\/\\\/www.loire-gourmande.fr\\\/de\\\/Produkt\\\/coteaux-du-vendomois-aop-rouge-benjamin-domaine-du-four-a-chaux\\\/#breadcrumb\"},\"inLanguage\":\"de\",\"potentialAction\":[{\"@type\":\"ReadAction\",\"target\":[\"https:\\\/\\\/www.loire-gourmande.fr\\\/de\\\/Produkt\\\/coteaux-du-vendomois-aop-rouge-benjamin-domaine-du-four-a-chaux\\\/\"]}]},{\"@type\":\"ImageObject\",\"inLanguage\":\"de\",\"@id\":\"https:\\\/\\\/www.loire-gourmande.fr\\\/de\\\/Produkt\\\/coteaux-du-vendomois-aop-rouge-benjamin-domaine-du-four-a-chaux\\\/#primaryimage\",\"url\":\"https:\\\/\\\/www.loire-gourmande.fr\\\/wp-content\\\/uploads\\\/2021\\\/04\\\/Four-a-Chaux-Rouge-Benjamin.jpg\",\"contentUrl\":\"https:\\\/\\\/www.loire-gourmande.fr\\\/wp-content\\\/uploads\\\/2021\\\/04\\\/Four-a-Chaux-Rouge-Benjamin.jpg\",\"width\":800,\"height\":800},{\"@type\":\"BreadcrumbList\",\"@id\":\"https:\\\/\\\/www.loire-gourmande.fr\\\/de\\\/Produkt\\\/coteaux-du-vendomois-aop-rouge-benjamin-domaine-du-four-a-chaux\\\/#breadcrumb\",\"itemListElement\":[{\"@type\":\"ListItem\",\"position\":1,\"name\":\"Startseite\",\"item\":\"https:\\\/\\\/www.loire-gourmande.fr\\\/de\\\/\"},{\"@type\":\"ListItem\",\"position\":2,\"name\":\"Die Boutique de Loire Gourmande: die Weine der Loire\",\"item\":\"https:\\\/\\\/www.loire-gourmande.fr\\\/de\\\/woocommerce\\\/\"},{\"@type\":\"ListItem\",\"position\":3,\"name\":\"Die Weine\",\"item\":\"https:\\\/\\\/www.loire-gourmande.fr\\\/de\\\/Produktkategorie\\\/die-weine\\\/\"},{\"@type\":\"ListItem\",\"position\":4,\"name\":\"Rot\",\"item\":\"https:\\\/\\\/www.loire-gourmande.fr\\\/de\\\/Produktkategorie\\\/die-weine\\\/rot\\\/\"},{\"@type\":\"ListItem\",\"position\":5,\"name\":\"C\u00d4TEAUX DU VEND\u00d4MOIS AOP ROUGE &#8222;BENJAMIN&#8220; DOMAINE DU FOUR A CHAUX\"}]},{\"@type\":\"WebSite\",\"@id\":\"https:\\\/\\\/www.loire-gourmande.fr\\\/de\\\/#website\",\"url\":\"https:\\\/\\\/www.loire-gourmande.fr\\\/de\\\/\",\"name\":\"Loire Gourmande, une \u00e9tape savoureuse\",\"description\":\"une d\u00e9gustation \u00e0 toute heure et une boutique \u00e0 visiter \u00e0 Turquant (49)\",\"publisher\":{\"@id\":\"https:\\\/\\\/www.loire-gourmande.fr\\\/de\\\/#organization\"},\"potentialAction\":[{\"@type\":\"SearchAction\",\"target\":{\"@type\":\"EntryPoint\",\"urlTemplate\":\"https:\\\/\\\/www.loire-gourmande.fr\\\/de\\\/?s={search_term_string}\"},\"query-input\":{\"@type\":\"PropertyValueSpecification\",\"valueRequired\":true,\"valueName\":\"search_term_string\"}}],\"inLanguage\":\"de\"},{\"@type\":\"Organization\",\"@id\":\"https:\\\/\\\/www.loire-gourmande.fr\\\/de\\\/#organization\",\"name\":\"Loire Gourmande - Schnellrestaurant und Besuch in Turquant (49)\",\"url\":\"https:\\\/\\\/www.loire-gourmande.fr\\\/de\\\/\",\"logo\":{\"@type\":\"ImageObject\",\"inLanguage\":\"de\",\"@id\":\"https:\\\/\\\/www.loire-gourmande.fr\\\/de\\\/#\\\/schema\\\/logo\\\/image\\\/\",\"url\":\"https:\\\/\\\/www.loire-gourmande.fr\\\/wp-content\\\/uploads\\\/2020\\\/10\\\/loire-gourmande-logo.jpg\",\"contentUrl\":\"https:\\\/\\\/www.loire-gourmande.fr\\\/wp-content\\\/uploads\\\/2020\\\/10\\\/loire-gourmande-logo.jpg\",\"width\":800,\"height\":415,\"caption\":\"Loire Gourmande - Schnellrestaurant und Besuch in Turquant (49)\"},\"image\":{\"@id\":\"https:\\\/\\\/www.loire-gourmande.fr\\\/de\\\/#\\\/schema\\\/logo\\\/image\\\/\"},\"sameAs\":[\"https:\\\/\\\/www.facebook.com\\\/Loire-Gourmande-Turquant-101991328328493\\\/\",\"https:\\\/\\\/www.instagram.com\\\/jean_yves_auradon\\\/?igshid=1ta3mfjka326t\"]}]}<\/script>\n<!-- \/ Yoast SEO plugin. -->","yoast_head_json":{"title":"C\u00d4TEAUX DU VEND\u00d4MOIS AOP ROUGE \"BENJAMIN\" DOMAINE DU FOUR A CHAUX - Loire Gourmande - une \u00e9tape savoureuse","description":"C\u00d4TEAUX DU VEND\u00d4MOIS AOP ROUGE \"BENJAMIN\" DOMAINE DU FOUR A CHAUX.Wein von der Loire. Bestellung im Weinkeller auf der Website von Loire Gourmande. Weinh\u00e4ndler in Turquant (49).","robots":{"index":"index","follow":"follow","max-snippet":"max-snippet:-1","max-image-preview":"max-image-preview:large","max-video-preview":"max-video-preview:-1"},"canonical":"https:\/\/www.loire-gourmande.fr\/de\/Produkt\/coteaux-du-vendomois-aop-rouge-benjamin-domaine-du-four-a-chaux\/","og_locale":"de_DE","og_type":"article","og_title":"C\u00d4TEAUX DU VEND\u00d4MOIS AOP ROUGE \"BENJAMIN\" DOMAINE DU FOUR A CHAUX - Loire Gourmande - une \u00e9tape savoureuse","og_description":"C\u00d4TEAUX DU VEND\u00d4MOIS AOP ROUGE \"BENJAMIN\" DOMAINE DU FOUR A CHAUX.Wein von der Loire. Bestellung im Weinkeller auf der Website von Loire Gourmande. Weinh\u00e4ndler in Turquant (49).","og_url":"https:\/\/www.loire-gourmande.fr\/de\/Produkt\/coteaux-du-vendomois-aop-rouge-benjamin-domaine-du-four-a-chaux\/","og_site_name":"Loire Gourmande - une \u00e9tape savoureuse","article_publisher":"https:\/\/www.facebook.com\/Loire-Gourmande-Turquant-101991328328493\/","article_modified_time":"2025-05-27T15:21:26+00:00","og_image":[{"width":800,"height":800,"url":"https:\/\/www.loire-gourmande.fr\/wp-content\/uploads\/2021\/04\/Four-a-Chaux-Rouge-Benjamin.jpg","type":"image\/jpeg"}],"twitter_card":"summary_large_image","twitter_misc":{"Gesch\u00e4tzte Lesezeit":"1\u00a0Minute"},"schema":{"@context":"https:\/\/schema.org","@graph":[{"@type":"WebPage","@id":"https:\/\/www.loire-gourmande.fr\/de\/Produkt\/coteaux-du-vendomois-aop-rouge-benjamin-domaine-du-four-a-chaux\/","url":"https:\/\/www.loire-gourmande.fr\/de\/Produkt\/coteaux-du-vendomois-aop-rouge-benjamin-domaine-du-four-a-chaux\/","name":"C\u00d4TEAUX DU VEND\u00d4MOIS AOP ROUGE \"BENJAMIN\" DOMAINE DU FOUR A CHAUX - Loire Gourmande - une \u00e9tape savoureuse","isPartOf":{"@id":"https:\/\/www.loire-gourmande.fr\/de\/#website"},"primaryImageOfPage":{"@id":"https:\/\/www.loire-gourmande.fr\/de\/Produkt\/coteaux-du-vendomois-aop-rouge-benjamin-domaine-du-four-a-chaux\/#primaryimage"},"image":{"@id":"https:\/\/www.loire-gourmande.fr\/de\/Produkt\/coteaux-du-vendomois-aop-rouge-benjamin-domaine-du-four-a-chaux\/#primaryimage"},"thumbnailUrl":"https:\/\/www.loire-gourmande.fr\/wp-content\/uploads\/2021\/04\/Four-a-Chaux-Rouge-Benjamin.jpg","datePublished":"2021-04-29T10:05:46+00:00","dateModified":"2025-05-27T15:21:26+00:00","description":"C\u00d4TEAUX DU VEND\u00d4MOIS AOP ROUGE \"BENJAMIN\" DOMAINE DU FOUR A CHAUX.Wein von der Loire. Bestellung im Weinkeller auf der Website von Loire Gourmande. Weinh\u00e4ndler in Turquant (49).","breadcrumb":{"@id":"https:\/\/www.loire-gourmande.fr\/de\/Produkt\/coteaux-du-vendomois-aop-rouge-benjamin-domaine-du-four-a-chaux\/#breadcrumb"},"inLanguage":"de","potentialAction":[{"@type":"ReadAction","target":["https:\/\/www.loire-gourmande.fr\/de\/Produkt\/coteaux-du-vendomois-aop-rouge-benjamin-domaine-du-four-a-chaux\/"]}]},{"@type":"ImageObject","inLanguage":"de","@id":"https:\/\/www.loire-gourmande.fr\/de\/Produkt\/coteaux-du-vendomois-aop-rouge-benjamin-domaine-du-four-a-chaux\/#primaryimage","url":"https:\/\/www.loire-gourmande.fr\/wp-content\/uploads\/2021\/04\/Four-a-Chaux-Rouge-Benjamin.jpg","contentUrl":"https:\/\/www.loire-gourmande.fr\/wp-content\/uploads\/2021\/04\/Four-a-Chaux-Rouge-Benjamin.jpg","width":800,"height":800},{"@type":"BreadcrumbList","@id":"https:\/\/www.loire-gourmande.fr\/de\/Produkt\/coteaux-du-vendomois-aop-rouge-benjamin-domaine-du-four-a-chaux\/#breadcrumb","itemListElement":[{"@type":"ListItem","position":1,"name":"Startseite","item":"https:\/\/www.loire-gourmande.fr\/de\/"},{"@type":"ListItem","position":2,"name":"Die Boutique de Loire Gourmande: die Weine der Loire","item":"https:\/\/www.loire-gourmande.fr\/de\/woocommerce\/"},{"@type":"ListItem","position":3,"name":"Die Weine","item":"https:\/\/www.loire-gourmande.fr\/de\/Produktkategorie\/die-weine\/"},{"@type":"ListItem","position":4,"name":"Rot","item":"https:\/\/www.loire-gourmande.fr\/de\/Produktkategorie\/die-weine\/rot\/"},{"@type":"ListItem","position":5,"name":"C\u00d4TEAUX DU VEND\u00d4MOIS AOP ROUGE &#8222;BENJAMIN&#8220; DOMAINE DU FOUR A CHAUX"}]},{"@type":"WebSite","@id":"https:\/\/www.loire-gourmande.fr\/de\/#website","url":"https:\/\/www.loire-gourmande.fr\/de\/","name":"Loire Gourmande, une \u00e9tape savoureuse","description":"une d\u00e9gustation \u00e0 toute heure et une boutique \u00e0 visiter \u00e0 Turquant (49)","publisher":{"@id":"https:\/\/www.loire-gourmande.fr\/de\/#organization"},"potentialAction":[{"@type":"SearchAction","target":{"@type":"EntryPoint","urlTemplate":"https:\/\/www.loire-gourmande.fr\/de\/?s={search_term_string}"},"query-input":{"@type":"PropertyValueSpecification","valueRequired":true,"valueName":"search_term_string"}}],"inLanguage":"de"},{"@type":"Organization","@id":"https:\/\/www.loire-gourmande.fr\/de\/#organization","name":"Loire Gourmande - Schnellrestaurant und Besuch in Turquant (49)","url":"https:\/\/www.loire-gourmande.fr\/de\/","logo":{"@type":"ImageObject","inLanguage":"de","@id":"https:\/\/www.loire-gourmande.fr\/de\/#\/schema\/logo\/image\/","url":"https:\/\/www.loire-gourmande.fr\/wp-content\/uploads\/2020\/10\/loire-gourmande-logo.jpg","contentUrl":"https:\/\/www.loire-gourmande.fr\/wp-content\/uploads\/2020\/10\/loire-gourmande-logo.jpg","width":800,"height":415,"caption":"Loire Gourmande - Schnellrestaurant und Besuch in Turquant (49)"},"image":{"@id":"https:\/\/www.loire-gourmande.fr\/de\/#\/schema\/logo\/image\/"},"sameAs":["https:\/\/www.facebook.com\/Loire-Gourmande-Turquant-101991328328493\/","https:\/\/www.instagram.com\/jean_yves_auradon\/?igshid=1ta3mfjka326t"]}]}},"_links":{"self":[{"href":"https:\/\/www.loire-gourmande.fr\/de\/wp-json\/wp\/v2\/product\/11416","targetHints":{"allow":["GET"]}}],"collection":[{"href":"https:\/\/www.loire-gourmande.fr\/de\/wp-json\/wp\/v2\/product"}],"about":[{"href":"https:\/\/www.loire-gourmande.fr\/de\/wp-json\/wp\/v2\/types\/product"}],"version-history":[{"count":2,"href":"https:\/\/www.loire-gourmande.fr\/de\/wp-json\/wp\/v2\/product\/11416\/revisions"}],"predecessor-version":[{"id":13146,"href":"https:\/\/www.loire-gourmande.fr\/de\/wp-json\/wp\/v2\/product\/11416\/revisions\/13146"}],"wp:featuredmedia":[{"embeddable":true,"href":"https:\/\/www.loire-gourmande.fr\/de\/wp-json\/wp\/v2\/media\/11417"}],"wp:attachment":[{"href":"https:\/\/www.loire-gourmande.fr\/de\/wp-json\/wp\/v2\/media?parent=11416"}],"wp:term":[{"taxonomy":"product_brand","embeddable":true,"href":"https:\/\/www.loire-gourmande.fr\/de\/wp-json\/wp\/v2\/product_brand?post=11416"},{"taxonomy":"product_cat","embeddable":true,"href":"https:\/\/www.loire-gourmande.fr\/de\/wp-json\/wp\/v2\/product_cat?post=11416"},{"taxonomy":"product_tag","embeddable":true,"href":"https:\/\/www.loire-gourmande.fr\/de\/wp-json\/wp\/v2\/product_tag?post=11416"}],"curies":[{"name":"wp","href":"https:\/\/api.w.org\/{rel}","templated":true}]}}