{"id":11422,"date":"2021-04-29T10:05:46","date_gmt":"2021-04-29T10:05:46","guid":{"rendered":"https:\/\/www.loire-gourmande.fr\/produit\/coteaux-du-loir-aop-rouge-generation-iv-domaine-de-cezin\/"},"modified":"2026-02-09T13:49:19","modified_gmt":"2026-02-09T12:49:19","slug":"coteaux-du-loir-aop-rouge-generation-iv-domaine-de-cezin","status":"publish","type":"product","link":"https:\/\/www.loire-gourmande.fr\/de\/Produkt\/coteaux-du-loir-aop-rouge-generation-iv-domaine-de-cezin\/","title":{"rendered":"C\u00d4TEAUX DU LOIR AOP ROUGE &#8222;GENERATION IV&#8220; DOMAINE DE CEZIN"},"content":{"rendered":"<p>Ein unvergleichlicher Wein mit Gew\u00fcrzen, ein wahrer Pineau d&#8217;Aunis, den man vor dem Servieren entdecken sollte.<br \/>\nCoteaux du Loir Red Pineau d&#8217;Aunis &#8222;Generation IV&#8220; Alte<br \/>\n Reben von Pineau d&#8217;Aunis wurden nur im Loir-Tal als rot verwinnt.<br \/>\nEr ist leicht rubinrot und zeichnet sich durch seine Aromen von Pfeffer und Zimt aus, gemischt mit der holzigen Note seiner Zeit in F\u00e4ssern.<br \/>\nDieser typische Wein passt gut zu Gefl\u00fcgel und wei\u00dfem Fleisch. Ein heller, rubinroter Wein, der durch seine Aromen von Pfeffer und Zimt gekennzeichnet ist. Passt zu Gefl\u00fcgel, asiatischen Gerichten, Tagine.<\/p>\n<p style=\"font-weight: 400;\"><strong>Bezeichnung:<\/strong> Coteaux du Loir<br \/>\n<strong>Weinbereitung:<\/strong> Weinberge mit einem Alter von \u00fcber 60 Jahren<br \/>\n<strong>Farbe:<\/strong> Rot<br \/>\n<strong>Nase:<\/strong> Gew\u00fcrze und Veilchen<br \/>\nAm <strong>Gaumen:<\/strong> Leichte, fruchtige Struktur mit w\u00fcrzigem Charakter<br \/>\n<strong>Haltbarkeit:<\/strong> 5 bis 7 Jahre<br \/>\n<strong>K\u00fchl serviert:<\/strong> 12-14\u00b0C.<br \/>\n<strong>Jahr :<\/strong><span style=\"font-weight: 400;\"> 2022<\/span><\/p>\n<p><strong><span style=\"font-size: 12pt;\">Speise- und Weinpaarung<\/span><\/strong><br \/>\nEine Auswahl an Charcuterie, Country Terrine, in der Pfanne gebratene Gefl\u00fcgelleber mit Pilzen, Ente mit s\u00fc\u00df-saurem und Mirabelle-Pflaumenchutney zum Beispiel, eine Platte mit Loir-K\u00e4se.<br \/>\nGefl\u00fcgel, asiatische Gerichte, Tagine.<\/p>\n","protected":false},"excerpt":{"rendered":"<p>Seit 1925 hat die Familie Fresneau ein Know-how erworben, das heute in vier Generationen weitergegeben wird. Diese lange Tradition erm\u00f6glicht es uns, Ihnen eine Auswahl an Weinen anzubieten, die die besten Ausdrucksformen unseres Terroirs bieten.<br \/>\nNachdem Gabriel und Louis ein paar Hektar besa\u00dfen, \u00fcbernahm Andr\u00e9 die Reben, gr\u00fcndete eine Weing\u00e4rtnerei und &#8222;baute&#8220; einen Weinberg, dessen Rebsorten und Unterlagen perfekt an die unterschiedlichen B\u00f6den unseres Anwesens angepasst sind. Fran\u00e7ois, sein Sohn, \u00fcbernahm den Weinberg von 6 ha und vergr\u00f6\u00dferte ihn auf 12 ha, wobei er die Baumschule aufgab. Amandine und Xavier, Bruder und Schwester, k\u00fcmmern sich nun um das Anwesen.<br \/>\nDie Weine des Domaine de C\u00e9zin wurden f\u00fcr ihre Qualit\u00e4t ausgezeichnet und mit Medaillen f\u00fcr unbestreitbares Know-how ausgezeichnet.<\/p>\n<p>&nbsp;<\/p>\n","protected":false},"featured_media":11423,"template":"","meta":{"inline_featured_image":false},"product_brand":[],"product_cat":[600,601,609],"product_tag":[701,622,620,615],"class_list":{"0":"post-11422","1":"product","2":"type-product","3":"status-publish","4":"has-post-thumbnail","6":"product_cat-die-weine","7":"product_cat-rot","8":"product_cat-touraine-de","9":"product_tag-eintrag","10":"product_tag-entdeckung","11":"product_tag-fleisch","12":"product_tag-wein","13":"product_shipping_class-flasche","15":"first","16":"instock","17":"featured","18":"taxable","19":"shipping-taxable","20":"purchasable","21":"product-type-simple"},"yoast_head":"<!-- This site is optimized with the Yoast SEO plugin v27.6 - https:\/\/yoast.com\/product\/yoast-seo-wordpress\/ -->\n<title>C\u00d4TEAUX DU LOIR AOP ROUGE &quot;GENERATION IV&quot; DOMAINE DE CEZIN - Loire Gourmande - une \u00e9tape savoureuse<\/title>\n<meta name=\"description\" content=\"C\u00d4TEAUX DU LOIR AOP ROUGE &quot;GENERATION IV&quot; DOMAINE DE CEZIN. Loire-Wein. Bestellung im Weinkeller auf der Website von Loire Gourmande. Weinh\u00e4ndler in Turquant (49).\" \/>\n<meta name=\"robots\" content=\"index, follow, max-snippet:-1, max-image-preview:large, max-video-preview:-1\" \/>\n<link rel=\"canonical\" href=\"https:\/\/www.loire-gourmande.fr\/de\/Produkt\/coteaux-du-loir-aop-rouge-generation-iv-domaine-de-cezin\/\" \/>\n<meta property=\"og:locale\" content=\"de_DE\" \/>\n<meta property=\"og:type\" content=\"article\" \/>\n<meta property=\"og:title\" content=\"C\u00d4TEAUX DU LOIR AOP ROUGE &quot;GENERATION IV&quot; DOMAINE DE CEZIN - Loire Gourmande - une \u00e9tape savoureuse\" \/>\n<meta property=\"og:description\" content=\"C\u00d4TEAUX DU LOIR AOP ROUGE &quot;GENERATION IV&quot; DOMAINE DE CEZIN. Loire-Wein. Bestellung im Weinkeller auf der Website von Loire Gourmande. Weinh\u00e4ndler in Turquant (49).\" \/>\n<meta property=\"og:url\" content=\"https:\/\/www.loire-gourmande.fr\/de\/Produkt\/coteaux-du-loir-aop-rouge-generation-iv-domaine-de-cezin\/\" \/>\n<meta property=\"og:site_name\" content=\"Loire Gourmande - une \u00e9tape savoureuse\" \/>\n<meta property=\"article:publisher\" content=\"https:\/\/www.facebook.com\/Loire-Gourmande-Turquant-101991328328493\/\" \/>\n<meta property=\"article:modified_time\" content=\"2026-02-09T12:49:19+00:00\" \/>\n<meta property=\"og:image\" content=\"https:\/\/www.loire-gourmande.fr\/wp-content\/uploads\/2021\/04\/3COTDULOIGENIVRGE-Rouge-Coteaux-du-Loir-Generation-IV-Domaine-de-Cezin.png\" \/>\n\t<meta property=\"og:image:width\" content=\"1200\" \/>\n\t<meta property=\"og:image:height\" content=\"1200\" \/>\n\t<meta property=\"og:image:type\" content=\"image\/png\" \/>\n<meta name=\"twitter:card\" content=\"summary_large_image\" \/>\n<meta name=\"twitter:label1\" content=\"Gesch\u00e4tzte Lesezeit\" \/>\n\t<meta name=\"twitter:data1\" content=\"1\u00a0Minute\" \/>\n<script type=\"application\/ld+json\" class=\"yoast-schema-graph\">{\"@context\":\"https:\\\/\\\/schema.org\",\"@graph\":[{\"@type\":\"WebPage\",\"@id\":\"https:\\\/\\\/www.loire-gourmande.fr\\\/de\\\/Produkt\\\/coteaux-du-loir-aop-rouge-generation-iv-domaine-de-cezin\\\/\",\"url\":\"https:\\\/\\\/www.loire-gourmande.fr\\\/de\\\/Produkt\\\/coteaux-du-loir-aop-rouge-generation-iv-domaine-de-cezin\\\/\",\"name\":\"C\u00d4TEAUX DU LOIR AOP ROUGE \\\"GENERATION IV\\\" DOMAINE DE CEZIN - Loire Gourmande - une \u00e9tape savoureuse\",\"isPartOf\":{\"@id\":\"https:\\\/\\\/www.loire-gourmande.fr\\\/de\\\/#website\"},\"primaryImageOfPage\":{\"@id\":\"https:\\\/\\\/www.loire-gourmande.fr\\\/de\\\/Produkt\\\/coteaux-du-loir-aop-rouge-generation-iv-domaine-de-cezin\\\/#primaryimage\"},\"image\":{\"@id\":\"https:\\\/\\\/www.loire-gourmande.fr\\\/de\\\/Produkt\\\/coteaux-du-loir-aop-rouge-generation-iv-domaine-de-cezin\\\/#primaryimage\"},\"thumbnailUrl\":\"https:\\\/\\\/www.loire-gourmande.fr\\\/wp-content\\\/uploads\\\/2021\\\/04\\\/3COTDULOIGENIVRGE-Rouge-Coteaux-du-Loir-Generation-IV-Domaine-de-Cezin.png\",\"datePublished\":\"2021-04-29T10:05:46+00:00\",\"dateModified\":\"2026-02-09T12:49:19+00:00\",\"description\":\"C\u00d4TEAUX DU LOIR AOP ROUGE \\\"GENERATION IV\\\" DOMAINE DE CEZIN. Loire-Wein. Bestellung im Weinkeller auf der Website von Loire Gourmande. Weinh\u00e4ndler in Turquant (49).\",\"breadcrumb\":{\"@id\":\"https:\\\/\\\/www.loire-gourmande.fr\\\/de\\\/Produkt\\\/coteaux-du-loir-aop-rouge-generation-iv-domaine-de-cezin\\\/#breadcrumb\"},\"inLanguage\":\"de\",\"potentialAction\":[{\"@type\":\"ReadAction\",\"target\":[\"https:\\\/\\\/www.loire-gourmande.fr\\\/de\\\/Produkt\\\/coteaux-du-loir-aop-rouge-generation-iv-domaine-de-cezin\\\/\"]}]},{\"@type\":\"ImageObject\",\"inLanguage\":\"de\",\"@id\":\"https:\\\/\\\/www.loire-gourmande.fr\\\/de\\\/Produkt\\\/coteaux-du-loir-aop-rouge-generation-iv-domaine-de-cezin\\\/#primaryimage\",\"url\":\"https:\\\/\\\/www.loire-gourmande.fr\\\/wp-content\\\/uploads\\\/2021\\\/04\\\/3COTDULOIGENIVRGE-Rouge-Coteaux-du-Loir-Generation-IV-Domaine-de-Cezin.png\",\"contentUrl\":\"https:\\\/\\\/www.loire-gourmande.fr\\\/wp-content\\\/uploads\\\/2021\\\/04\\\/3COTDULOIGENIVRGE-Rouge-Coteaux-du-Loir-Generation-IV-Domaine-de-Cezin.png\",\"width\":1200,\"height\":1200},{\"@type\":\"BreadcrumbList\",\"@id\":\"https:\\\/\\\/www.loire-gourmande.fr\\\/de\\\/Produkt\\\/coteaux-du-loir-aop-rouge-generation-iv-domaine-de-cezin\\\/#breadcrumb\",\"itemListElement\":[{\"@type\":\"ListItem\",\"position\":1,\"name\":\"Startseite\",\"item\":\"https:\\\/\\\/www.loire-gourmande.fr\\\/de\\\/\"},{\"@type\":\"ListItem\",\"position\":2,\"name\":\"Die Boutique de Loire Gourmande: die Weine der Loire\",\"item\":\"https:\\\/\\\/www.loire-gourmande.fr\\\/de\\\/woocommerce\\\/\"},{\"@type\":\"ListItem\",\"position\":3,\"name\":\"Die Weine\",\"item\":\"https:\\\/\\\/www.loire-gourmande.fr\\\/de\\\/Produktkategorie\\\/die-weine\\\/\"},{\"@type\":\"ListItem\",\"position\":4,\"name\":\"Rot\",\"item\":\"https:\\\/\\\/www.loire-gourmande.fr\\\/de\\\/Produktkategorie\\\/die-weine\\\/rot\\\/\"},{\"@type\":\"ListItem\",\"position\":5,\"name\":\"C\u00d4TEAUX DU LOIR AOP ROUGE &#8222;GENERATION IV&#8220; DOMAINE DE CEZIN\"}]},{\"@type\":\"WebSite\",\"@id\":\"https:\\\/\\\/www.loire-gourmande.fr\\\/de\\\/#website\",\"url\":\"https:\\\/\\\/www.loire-gourmande.fr\\\/de\\\/\",\"name\":\"Loire Gourmande, une \u00e9tape savoureuse\",\"description\":\"une d\u00e9gustation \u00e0 toute heure et une boutique \u00e0 visiter \u00e0 Turquant (49)\",\"publisher\":{\"@id\":\"https:\\\/\\\/www.loire-gourmande.fr\\\/de\\\/#organization\"},\"potentialAction\":[{\"@type\":\"SearchAction\",\"target\":{\"@type\":\"EntryPoint\",\"urlTemplate\":\"https:\\\/\\\/www.loire-gourmande.fr\\\/de\\\/?s={search_term_string}\"},\"query-input\":{\"@type\":\"PropertyValueSpecification\",\"valueRequired\":true,\"valueName\":\"search_term_string\"}}],\"inLanguage\":\"de\"},{\"@type\":\"Organization\",\"@id\":\"https:\\\/\\\/www.loire-gourmande.fr\\\/de\\\/#organization\",\"name\":\"Loire Gourmande - Schnellrestaurant und Besuch in Turquant (49)\",\"url\":\"https:\\\/\\\/www.loire-gourmande.fr\\\/de\\\/\",\"logo\":{\"@type\":\"ImageObject\",\"inLanguage\":\"de\",\"@id\":\"https:\\\/\\\/www.loire-gourmande.fr\\\/de\\\/#\\\/schema\\\/logo\\\/image\\\/\",\"url\":\"https:\\\/\\\/www.loire-gourmande.fr\\\/wp-content\\\/uploads\\\/2020\\\/10\\\/loire-gourmande-logo.jpg\",\"contentUrl\":\"https:\\\/\\\/www.loire-gourmande.fr\\\/wp-content\\\/uploads\\\/2020\\\/10\\\/loire-gourmande-logo.jpg\",\"width\":800,\"height\":415,\"caption\":\"Loire Gourmande - Schnellrestaurant und Besuch in Turquant (49)\"},\"image\":{\"@id\":\"https:\\\/\\\/www.loire-gourmande.fr\\\/de\\\/#\\\/schema\\\/logo\\\/image\\\/\"},\"sameAs\":[\"https:\\\/\\\/www.facebook.com\\\/Loire-Gourmande-Turquant-101991328328493\\\/\",\"https:\\\/\\\/www.instagram.com\\\/jean_yves_auradon\\\/?igshid=1ta3mfjka326t\"]}]}<\/script>\n<!-- \/ Yoast SEO plugin. -->","yoast_head_json":{"title":"C\u00d4TEAUX DU LOIR AOP ROUGE \"GENERATION IV\" DOMAINE DE CEZIN - Loire Gourmande - une \u00e9tape savoureuse","description":"C\u00d4TEAUX DU LOIR AOP ROUGE \"GENERATION IV\" DOMAINE DE CEZIN. Loire-Wein. Bestellung im Weinkeller auf der Website von Loire Gourmande. Weinh\u00e4ndler in Turquant (49).","robots":{"index":"index","follow":"follow","max-snippet":"max-snippet:-1","max-image-preview":"max-image-preview:large","max-video-preview":"max-video-preview:-1"},"canonical":"https:\/\/www.loire-gourmande.fr\/de\/Produkt\/coteaux-du-loir-aop-rouge-generation-iv-domaine-de-cezin\/","og_locale":"de_DE","og_type":"article","og_title":"C\u00d4TEAUX DU LOIR AOP ROUGE \"GENERATION IV\" DOMAINE DE CEZIN - Loire Gourmande - une \u00e9tape savoureuse","og_description":"C\u00d4TEAUX DU LOIR AOP ROUGE \"GENERATION IV\" DOMAINE DE CEZIN. Loire-Wein. Bestellung im Weinkeller auf der Website von Loire Gourmande. Weinh\u00e4ndler in Turquant (49).","og_url":"https:\/\/www.loire-gourmande.fr\/de\/Produkt\/coteaux-du-loir-aop-rouge-generation-iv-domaine-de-cezin\/","og_site_name":"Loire Gourmande - une \u00e9tape savoureuse","article_publisher":"https:\/\/www.facebook.com\/Loire-Gourmande-Turquant-101991328328493\/","article_modified_time":"2026-02-09T12:49:19+00:00","og_image":[{"width":1200,"height":1200,"url":"https:\/\/www.loire-gourmande.fr\/wp-content\/uploads\/2021\/04\/3COTDULOIGENIVRGE-Rouge-Coteaux-du-Loir-Generation-IV-Domaine-de-Cezin.png","type":"image\/png"}],"twitter_card":"summary_large_image","twitter_misc":{"Gesch\u00e4tzte Lesezeit":"1\u00a0Minute"},"schema":{"@context":"https:\/\/schema.org","@graph":[{"@type":"WebPage","@id":"https:\/\/www.loire-gourmande.fr\/de\/Produkt\/coteaux-du-loir-aop-rouge-generation-iv-domaine-de-cezin\/","url":"https:\/\/www.loire-gourmande.fr\/de\/Produkt\/coteaux-du-loir-aop-rouge-generation-iv-domaine-de-cezin\/","name":"C\u00d4TEAUX DU LOIR AOP ROUGE \"GENERATION IV\" DOMAINE DE CEZIN - Loire Gourmande - une \u00e9tape savoureuse","isPartOf":{"@id":"https:\/\/www.loire-gourmande.fr\/de\/#website"},"primaryImageOfPage":{"@id":"https:\/\/www.loire-gourmande.fr\/de\/Produkt\/coteaux-du-loir-aop-rouge-generation-iv-domaine-de-cezin\/#primaryimage"},"image":{"@id":"https:\/\/www.loire-gourmande.fr\/de\/Produkt\/coteaux-du-loir-aop-rouge-generation-iv-domaine-de-cezin\/#primaryimage"},"thumbnailUrl":"https:\/\/www.loire-gourmande.fr\/wp-content\/uploads\/2021\/04\/3COTDULOIGENIVRGE-Rouge-Coteaux-du-Loir-Generation-IV-Domaine-de-Cezin.png","datePublished":"2021-04-29T10:05:46+00:00","dateModified":"2026-02-09T12:49:19+00:00","description":"C\u00d4TEAUX DU LOIR AOP ROUGE \"GENERATION IV\" DOMAINE DE CEZIN. Loire-Wein. Bestellung im Weinkeller auf der Website von Loire Gourmande. Weinh\u00e4ndler in Turquant (49).","breadcrumb":{"@id":"https:\/\/www.loire-gourmande.fr\/de\/Produkt\/coteaux-du-loir-aop-rouge-generation-iv-domaine-de-cezin\/#breadcrumb"},"inLanguage":"de","potentialAction":[{"@type":"ReadAction","target":["https:\/\/www.loire-gourmande.fr\/de\/Produkt\/coteaux-du-loir-aop-rouge-generation-iv-domaine-de-cezin\/"]}]},{"@type":"ImageObject","inLanguage":"de","@id":"https:\/\/www.loire-gourmande.fr\/de\/Produkt\/coteaux-du-loir-aop-rouge-generation-iv-domaine-de-cezin\/#primaryimage","url":"https:\/\/www.loire-gourmande.fr\/wp-content\/uploads\/2021\/04\/3COTDULOIGENIVRGE-Rouge-Coteaux-du-Loir-Generation-IV-Domaine-de-Cezin.png","contentUrl":"https:\/\/www.loire-gourmande.fr\/wp-content\/uploads\/2021\/04\/3COTDULOIGENIVRGE-Rouge-Coteaux-du-Loir-Generation-IV-Domaine-de-Cezin.png","width":1200,"height":1200},{"@type":"BreadcrumbList","@id":"https:\/\/www.loire-gourmande.fr\/de\/Produkt\/coteaux-du-loir-aop-rouge-generation-iv-domaine-de-cezin\/#breadcrumb","itemListElement":[{"@type":"ListItem","position":1,"name":"Startseite","item":"https:\/\/www.loire-gourmande.fr\/de\/"},{"@type":"ListItem","position":2,"name":"Die Boutique de Loire Gourmande: die Weine der Loire","item":"https:\/\/www.loire-gourmande.fr\/de\/woocommerce\/"},{"@type":"ListItem","position":3,"name":"Die Weine","item":"https:\/\/www.loire-gourmande.fr\/de\/Produktkategorie\/die-weine\/"},{"@type":"ListItem","position":4,"name":"Rot","item":"https:\/\/www.loire-gourmande.fr\/de\/Produktkategorie\/die-weine\/rot\/"},{"@type":"ListItem","position":5,"name":"C\u00d4TEAUX DU LOIR AOP ROUGE &#8222;GENERATION IV&#8220; DOMAINE DE CEZIN"}]},{"@type":"WebSite","@id":"https:\/\/www.loire-gourmande.fr\/de\/#website","url":"https:\/\/www.loire-gourmande.fr\/de\/","name":"Loire Gourmande, une \u00e9tape savoureuse","description":"une d\u00e9gustation \u00e0 toute heure et une boutique \u00e0 visiter \u00e0 Turquant (49)","publisher":{"@id":"https:\/\/www.loire-gourmande.fr\/de\/#organization"},"potentialAction":[{"@type":"SearchAction","target":{"@type":"EntryPoint","urlTemplate":"https:\/\/www.loire-gourmande.fr\/de\/?s={search_term_string}"},"query-input":{"@type":"PropertyValueSpecification","valueRequired":true,"valueName":"search_term_string"}}],"inLanguage":"de"},{"@type":"Organization","@id":"https:\/\/www.loire-gourmande.fr\/de\/#organization","name":"Loire Gourmande - Schnellrestaurant und Besuch in Turquant (49)","url":"https:\/\/www.loire-gourmande.fr\/de\/","logo":{"@type":"ImageObject","inLanguage":"de","@id":"https:\/\/www.loire-gourmande.fr\/de\/#\/schema\/logo\/image\/","url":"https:\/\/www.loire-gourmande.fr\/wp-content\/uploads\/2020\/10\/loire-gourmande-logo.jpg","contentUrl":"https:\/\/www.loire-gourmande.fr\/wp-content\/uploads\/2020\/10\/loire-gourmande-logo.jpg","width":800,"height":415,"caption":"Loire Gourmande - Schnellrestaurant und Besuch in Turquant (49)"},"image":{"@id":"https:\/\/www.loire-gourmande.fr\/de\/#\/schema\/logo\/image\/"},"sameAs":["https:\/\/www.facebook.com\/Loire-Gourmande-Turquant-101991328328493\/","https:\/\/www.instagram.com\/jean_yves_auradon\/?igshid=1ta3mfjka326t"]}]}},"_links":{"self":[{"href":"https:\/\/www.loire-gourmande.fr\/de\/wp-json\/wp\/v2\/product\/11422","targetHints":{"allow":["GET"]}}],"collection":[{"href":"https:\/\/www.loire-gourmande.fr\/de\/wp-json\/wp\/v2\/product"}],"about":[{"href":"https:\/\/www.loire-gourmande.fr\/de\/wp-json\/wp\/v2\/types\/product"}],"version-history":[{"count":3,"href":"https:\/\/www.loire-gourmande.fr\/de\/wp-json\/wp\/v2\/product\/11422\/revisions"}],"predecessor-version":[{"id":14448,"href":"https:\/\/www.loire-gourmande.fr\/de\/wp-json\/wp\/v2\/product\/11422\/revisions\/14448"}],"wp:featuredmedia":[{"embeddable":true,"href":"https:\/\/www.loire-gourmande.fr\/de\/wp-json\/wp\/v2\/media\/11423"}],"wp:attachment":[{"href":"https:\/\/www.loire-gourmande.fr\/de\/wp-json\/wp\/v2\/media?parent=11422"}],"wp:term":[{"taxonomy":"product_brand","embeddable":true,"href":"https:\/\/www.loire-gourmande.fr\/de\/wp-json\/wp\/v2\/product_brand?post=11422"},{"taxonomy":"product_cat","embeddable":true,"href":"https:\/\/www.loire-gourmande.fr\/de\/wp-json\/wp\/v2\/product_cat?post=11422"},{"taxonomy":"product_tag","embeddable":true,"href":"https:\/\/www.loire-gourmande.fr\/de\/wp-json\/wp\/v2\/product_tag?post=11422"}],"curies":[{"name":"wp","href":"https:\/\/api.w.org\/{rel}","templated":true}]}}