{"id":11425,"date":"2021-04-29T10:05:46","date_gmt":"2021-04-29T10:05:46","guid":{"rendered":"https:\/\/www.loire-gourmande.fr\/produit\/coteaux-du-loir-aop-blanc-domaine-de-cezin\/"},"modified":"2026-02-09T13:48:58","modified_gmt":"2026-02-09T12:48:58","slug":"coteaux-du-loir-aop-blanc-domaine-de-cezin","status":"publish","type":"product","link":"https:\/\/www.loire-gourmande.fr\/de\/Produkt\/coteaux-du-loir-aop-blanc-domaine-de-cezin\/","title":{"rendered":"C\u00d4TEAUX DU LOIR AOP BLANC DOMAINE DE CEZIN"},"content":{"rendered":"<p>Aus Chenin hergestellt, finden diese auf Lehm-Kalkstein-Boden gepflanzten Reben einen der besten Ausdrucksformen des Terroirs. Fruchtig und trocken ist dieser Wein zu gegrilltem Fisch oder Schalentieren sowie mit Charcuterie oder Fisch in So\u00dfe zu konsumieren. K\u00fchl zwischen 8 und 12\u00b0C servieren. Dieser Wein wird dich verf\u00fchren, sch\u00f6nes Gleichgewicht im Mund. Dieses Chenin mit hellgelber Farbe zeigt eine recht komplexe Nase mit einer Dominanz aus reifen Fr\u00fcchten, Birnen und Pfirsichen.<br \/>\nDer Gaumen, frisch und zart, hinterl\u00e4sst einen langen Abgang mit Noten von wei\u00dfen Bl\u00fcten und Steinen.<\/p>\n<p style=\"font-weight: 400;\"><strong>Bezeichnung:<\/strong> Coteaux du Loir<br \/>\n<strong>Farbe:<\/strong> Wei\u00df<br \/>\n<strong>Rebsorte:<\/strong> Chenin<br \/>\n<strong>Nase:<\/strong> Fruchtig (Pfirsich, Grapefruit,&#8230;)<br \/>\n<strong>Gaumen:<\/strong> Trocken, fruchtig, blumig<br \/>\n<strong>Keller:<\/strong> mindestens 5 bis 7 Jahre<br \/>\n<strong>Jahr:<\/strong><span style=\"font-weight: 400;\"> 2022<br \/>\n<\/span><span style=\"font-size: 12pt;\"><br \/>\n  <strong>Passt zu Wein und Speisen: <\/strong><br \/>\n<\/span>Ein sch\u00f6nes und gro\u00dfes Rillettes Sarthoise, f\u00fcr die Pause oder zum Angeln&#8230;&#8230;&#8230;..humm ein sommerliches Mittagessen an einem hei\u00dfen Tag mit einer Vorspeise aus Rohkost, einem Brath\u00e4hnchen, einem Camembert, einem Apfelkuchen.<\/p>\n","protected":false},"excerpt":{"rendered":"<p>Das Weingut C\u00e9zin l\u00e4dt Sie ein, auf dieser Seite die Weine des Loire-Tals zu entdecken, insbesondere die <strong data-reader-unique-id=\"245\">Weine AOC C\u00f4teaux-du-Loir und AOC Jasni\u00e8res <\/strong>. Ihr AOC C\u00f4teaux-du-Loir und AOC Jasni\u00e8res Weinproduzent bietet verschiedene Jahrg\u00e4nge an, die f\u00fcr alle Anl\u00e4sse geeignet sind: Rotweine aus dem Loiretal, Ros\u00e9-Weine aus dem Loiretal sowie Wei\u00dfweine aus dem Loiretal. Der Weinberg produziert au\u00dferdem IGP Val de Loire-Weine.<\/p>\n","protected":false},"featured_media":11426,"template":"","meta":{"inline_featured_image":false},"product_brand":[],"product_cat":[600,609,608],"product_tag":[618,701,622,615],"class_list":{"0":"post-11425","1":"product","2":"type-product","3":"status-publish","4":"has-post-thumbnail","6":"product_cat-die-weine","7":"product_cat-touraine-de","8":"product_cat-weis","9":"product_tag-aperitif-de","10":"product_tag-eintrag","11":"product_tag-entdeckung","12":"product_tag-wein","13":"product_shipping_class-flasche","15":"first","16":"instock","17":"featured","18":"taxable","19":"shipping-taxable","20":"purchasable","21":"product-type-simple"},"yoast_head":"<!-- This site is optimized with the Yoast SEO plugin v27.3 - https:\/\/yoast.com\/product\/yoast-seo-wordpress\/ -->\n<title>C\u00d4TEAUX DU LOIR AOP BLANC DOMAINE DE CEZIN - Loire Gourmande - une \u00e9tape savoureuse<\/title>\n<meta name=\"description\" content=\"C\u00d4TEAUX DU LOIR AOP BLANC DOMAINE DE CEZIN. Loire-Wein. Bestellung im Weinkeller auf der Website von Loire Gourmande. Weinh\u00e4ndler in Turquant (49).\" \/>\n<meta name=\"robots\" content=\"index, follow, max-snippet:-1, max-image-preview:large, max-video-preview:-1\" \/>\n<link rel=\"canonical\" href=\"https:\/\/www.loire-gourmande.fr\/de\/Produkt\/coteaux-du-loir-aop-blanc-domaine-de-cezin\/\" \/>\n<meta property=\"og:locale\" content=\"de_DE\" \/>\n<meta property=\"og:type\" content=\"article\" \/>\n<meta property=\"og:title\" content=\"C\u00d4TEAUX DU LOIR AOP BLANC DOMAINE DE CEZIN - Loire Gourmande - une \u00e9tape savoureuse\" \/>\n<meta property=\"og:description\" content=\"C\u00d4TEAUX DU LOIR AOP BLANC DOMAINE DE CEZIN. Loire-Wein. Bestellung im Weinkeller auf der Website von Loire Gourmande. Weinh\u00e4ndler in Turquant (49).\" \/>\n<meta property=\"og:url\" content=\"https:\/\/www.loire-gourmande.fr\/de\/Produkt\/coteaux-du-loir-aop-blanc-domaine-de-cezin\/\" \/>\n<meta property=\"og:site_name\" content=\"Loire Gourmande - une \u00e9tape savoureuse\" \/>\n<meta property=\"article:publisher\" content=\"https:\/\/www.facebook.com\/Loire-Gourmande-Turquant-101991328328493\/\" \/>\n<meta property=\"article:modified_time\" content=\"2026-02-09T12:48:58+00:00\" \/>\n<meta property=\"og:image\" content=\"https:\/\/www.loire-gourmande.fr\/wp-content\/uploads\/2021\/04\/coteaux-du-loir-blanc-domaine.png\" \/>\n\t<meta property=\"og:image:width\" content=\"800\" \/>\n\t<meta property=\"og:image:height\" content=\"916\" \/>\n\t<meta property=\"og:image:type\" content=\"image\/png\" \/>\n<meta name=\"twitter:card\" content=\"summary_large_image\" \/>\n<meta name=\"twitter:label1\" content=\"Gesch\u00e4tzte Lesezeit\" \/>\n\t<meta name=\"twitter:data1\" content=\"1\u00a0Minute\" \/>\n<script type=\"application\/ld+json\" class=\"yoast-schema-graph\">{\"@context\":\"https:\\\/\\\/schema.org\",\"@graph\":[{\"@type\":\"WebPage\",\"@id\":\"https:\\\/\\\/www.loire-gourmande.fr\\\/de\\\/Produkt\\\/coteaux-du-loir-aop-blanc-domaine-de-cezin\\\/\",\"url\":\"https:\\\/\\\/www.loire-gourmande.fr\\\/de\\\/Produkt\\\/coteaux-du-loir-aop-blanc-domaine-de-cezin\\\/\",\"name\":\"C\u00d4TEAUX DU LOIR AOP BLANC DOMAINE DE CEZIN - Loire Gourmande - une \u00e9tape savoureuse\",\"isPartOf\":{\"@id\":\"https:\\\/\\\/www.loire-gourmande.fr\\\/de\\\/#website\"},\"primaryImageOfPage\":{\"@id\":\"https:\\\/\\\/www.loire-gourmande.fr\\\/de\\\/Produkt\\\/coteaux-du-loir-aop-blanc-domaine-de-cezin\\\/#primaryimage\"},\"image\":{\"@id\":\"https:\\\/\\\/www.loire-gourmande.fr\\\/de\\\/Produkt\\\/coteaux-du-loir-aop-blanc-domaine-de-cezin\\\/#primaryimage\"},\"thumbnailUrl\":\"https:\\\/\\\/www.loire-gourmande.fr\\\/wp-content\\\/uploads\\\/2021\\\/04\\\/coteaux-du-loir-blanc-domaine.png\",\"datePublished\":\"2021-04-29T10:05:46+00:00\",\"dateModified\":\"2026-02-09T12:48:58+00:00\",\"description\":\"C\u00d4TEAUX DU LOIR AOP BLANC DOMAINE DE CEZIN. Loire-Wein. Bestellung im Weinkeller auf der Website von Loire Gourmande. Weinh\u00e4ndler in Turquant (49).\",\"breadcrumb\":{\"@id\":\"https:\\\/\\\/www.loire-gourmande.fr\\\/de\\\/Produkt\\\/coteaux-du-loir-aop-blanc-domaine-de-cezin\\\/#breadcrumb\"},\"inLanguage\":\"de\",\"potentialAction\":[{\"@type\":\"ReadAction\",\"target\":[\"https:\\\/\\\/www.loire-gourmande.fr\\\/de\\\/Produkt\\\/coteaux-du-loir-aop-blanc-domaine-de-cezin\\\/\"]}]},{\"@type\":\"ImageObject\",\"inLanguage\":\"de\",\"@id\":\"https:\\\/\\\/www.loire-gourmande.fr\\\/de\\\/Produkt\\\/coteaux-du-loir-aop-blanc-domaine-de-cezin\\\/#primaryimage\",\"url\":\"https:\\\/\\\/www.loire-gourmande.fr\\\/wp-content\\\/uploads\\\/2021\\\/04\\\/coteaux-du-loir-blanc-domaine.png\",\"contentUrl\":\"https:\\\/\\\/www.loire-gourmande.fr\\\/wp-content\\\/uploads\\\/2021\\\/04\\\/coteaux-du-loir-blanc-domaine.png\",\"width\":800,\"height\":916},{\"@type\":\"BreadcrumbList\",\"@id\":\"https:\\\/\\\/www.loire-gourmande.fr\\\/de\\\/Produkt\\\/coteaux-du-loir-aop-blanc-domaine-de-cezin\\\/#breadcrumb\",\"itemListElement\":[{\"@type\":\"ListItem\",\"position\":1,\"name\":\"Startseite\",\"item\":\"https:\\\/\\\/www.loire-gourmande.fr\\\/de\\\/\"},{\"@type\":\"ListItem\",\"position\":2,\"name\":\"Die Boutique de Loire Gourmande: die Weine der Loire\",\"item\":\"https:\\\/\\\/www.loire-gourmande.fr\\\/de\\\/woocommerce\\\/\"},{\"@type\":\"ListItem\",\"position\":3,\"name\":\"Die Weine\",\"item\":\"https:\\\/\\\/www.loire-gourmande.fr\\\/de\\\/Produktkategorie\\\/die-weine\\\/\"},{\"@type\":\"ListItem\",\"position\":4,\"name\":\"Touraine\",\"item\":\"https:\\\/\\\/www.loire-gourmande.fr\\\/de\\\/Produktkategorie\\\/die-weine\\\/touraine-de\\\/\"},{\"@type\":\"ListItem\",\"position\":5,\"name\":\"C\u00d4TEAUX DU LOIR AOP BLANC DOMAINE DE CEZIN\"}]},{\"@type\":\"WebSite\",\"@id\":\"https:\\\/\\\/www.loire-gourmande.fr\\\/de\\\/#website\",\"url\":\"https:\\\/\\\/www.loire-gourmande.fr\\\/de\\\/\",\"name\":\"Loire Gourmande, une \u00e9tape savoureuse\",\"description\":\"une d\u00e9gustation \u00e0 toute heure et une boutique \u00e0 visiter \u00e0 Turquant (49)\",\"publisher\":{\"@id\":\"https:\\\/\\\/www.loire-gourmande.fr\\\/de\\\/#organization\"},\"potentialAction\":[{\"@type\":\"SearchAction\",\"target\":{\"@type\":\"EntryPoint\",\"urlTemplate\":\"https:\\\/\\\/www.loire-gourmande.fr\\\/de\\\/?s={search_term_string}\"},\"query-input\":{\"@type\":\"PropertyValueSpecification\",\"valueRequired\":true,\"valueName\":\"search_term_string\"}}],\"inLanguage\":\"de\"},{\"@type\":\"Organization\",\"@id\":\"https:\\\/\\\/www.loire-gourmande.fr\\\/de\\\/#organization\",\"name\":\"Loire Gourmande - Schnellrestaurant und Besuch in Turquant (49)\",\"url\":\"https:\\\/\\\/www.loire-gourmande.fr\\\/de\\\/\",\"logo\":{\"@type\":\"ImageObject\",\"inLanguage\":\"de\",\"@id\":\"https:\\\/\\\/www.loire-gourmande.fr\\\/de\\\/#\\\/schema\\\/logo\\\/image\\\/\",\"url\":\"https:\\\/\\\/www.loire-gourmande.fr\\\/wp-content\\\/uploads\\\/2020\\\/10\\\/loire-gourmande-logo.jpg\",\"contentUrl\":\"https:\\\/\\\/www.loire-gourmande.fr\\\/wp-content\\\/uploads\\\/2020\\\/10\\\/loire-gourmande-logo.jpg\",\"width\":800,\"height\":415,\"caption\":\"Loire Gourmande - Schnellrestaurant und Besuch in Turquant (49)\"},\"image\":{\"@id\":\"https:\\\/\\\/www.loire-gourmande.fr\\\/de\\\/#\\\/schema\\\/logo\\\/image\\\/\"},\"sameAs\":[\"https:\\\/\\\/www.facebook.com\\\/Loire-Gourmande-Turquant-101991328328493\\\/\",\"https:\\\/\\\/www.instagram.com\\\/jean_yves_auradon\\\/?igshid=1ta3mfjka326t\"]}]}<\/script>\n<!-- \/ Yoast SEO plugin. -->","yoast_head_json":{"title":"C\u00d4TEAUX DU LOIR AOP BLANC DOMAINE DE CEZIN - Loire Gourmande - une \u00e9tape savoureuse","description":"C\u00d4TEAUX DU LOIR AOP BLANC DOMAINE DE CEZIN. Loire-Wein. Bestellung im Weinkeller auf der Website von Loire Gourmande. Weinh\u00e4ndler in Turquant (49).","robots":{"index":"index","follow":"follow","max-snippet":"max-snippet:-1","max-image-preview":"max-image-preview:large","max-video-preview":"max-video-preview:-1"},"canonical":"https:\/\/www.loire-gourmande.fr\/de\/Produkt\/coteaux-du-loir-aop-blanc-domaine-de-cezin\/","og_locale":"de_DE","og_type":"article","og_title":"C\u00d4TEAUX DU LOIR AOP BLANC DOMAINE DE CEZIN - Loire Gourmande - une \u00e9tape savoureuse","og_description":"C\u00d4TEAUX DU LOIR AOP BLANC DOMAINE DE CEZIN. Loire-Wein. Bestellung im Weinkeller auf der Website von Loire Gourmande. Weinh\u00e4ndler in Turquant (49).","og_url":"https:\/\/www.loire-gourmande.fr\/de\/Produkt\/coteaux-du-loir-aop-blanc-domaine-de-cezin\/","og_site_name":"Loire Gourmande - une \u00e9tape savoureuse","article_publisher":"https:\/\/www.facebook.com\/Loire-Gourmande-Turquant-101991328328493\/","article_modified_time":"2026-02-09T12:48:58+00:00","og_image":[{"width":800,"height":916,"url":"https:\/\/www.loire-gourmande.fr\/wp-content\/uploads\/2021\/04\/coteaux-du-loir-blanc-domaine.png","type":"image\/png"}],"twitter_card":"summary_large_image","twitter_misc":{"Gesch\u00e4tzte Lesezeit":"1\u00a0Minute"},"schema":{"@context":"https:\/\/schema.org","@graph":[{"@type":"WebPage","@id":"https:\/\/www.loire-gourmande.fr\/de\/Produkt\/coteaux-du-loir-aop-blanc-domaine-de-cezin\/","url":"https:\/\/www.loire-gourmande.fr\/de\/Produkt\/coteaux-du-loir-aop-blanc-domaine-de-cezin\/","name":"C\u00d4TEAUX DU LOIR AOP BLANC DOMAINE DE CEZIN - Loire Gourmande - une \u00e9tape savoureuse","isPartOf":{"@id":"https:\/\/www.loire-gourmande.fr\/de\/#website"},"primaryImageOfPage":{"@id":"https:\/\/www.loire-gourmande.fr\/de\/Produkt\/coteaux-du-loir-aop-blanc-domaine-de-cezin\/#primaryimage"},"image":{"@id":"https:\/\/www.loire-gourmande.fr\/de\/Produkt\/coteaux-du-loir-aop-blanc-domaine-de-cezin\/#primaryimage"},"thumbnailUrl":"https:\/\/www.loire-gourmande.fr\/wp-content\/uploads\/2021\/04\/coteaux-du-loir-blanc-domaine.png","datePublished":"2021-04-29T10:05:46+00:00","dateModified":"2026-02-09T12:48:58+00:00","description":"C\u00d4TEAUX DU LOIR AOP BLANC DOMAINE DE CEZIN. Loire-Wein. Bestellung im Weinkeller auf der Website von Loire Gourmande. Weinh\u00e4ndler in Turquant (49).","breadcrumb":{"@id":"https:\/\/www.loire-gourmande.fr\/de\/Produkt\/coteaux-du-loir-aop-blanc-domaine-de-cezin\/#breadcrumb"},"inLanguage":"de","potentialAction":[{"@type":"ReadAction","target":["https:\/\/www.loire-gourmande.fr\/de\/Produkt\/coteaux-du-loir-aop-blanc-domaine-de-cezin\/"]}]},{"@type":"ImageObject","inLanguage":"de","@id":"https:\/\/www.loire-gourmande.fr\/de\/Produkt\/coteaux-du-loir-aop-blanc-domaine-de-cezin\/#primaryimage","url":"https:\/\/www.loire-gourmande.fr\/wp-content\/uploads\/2021\/04\/coteaux-du-loir-blanc-domaine.png","contentUrl":"https:\/\/www.loire-gourmande.fr\/wp-content\/uploads\/2021\/04\/coteaux-du-loir-blanc-domaine.png","width":800,"height":916},{"@type":"BreadcrumbList","@id":"https:\/\/www.loire-gourmande.fr\/de\/Produkt\/coteaux-du-loir-aop-blanc-domaine-de-cezin\/#breadcrumb","itemListElement":[{"@type":"ListItem","position":1,"name":"Startseite","item":"https:\/\/www.loire-gourmande.fr\/de\/"},{"@type":"ListItem","position":2,"name":"Die Boutique de Loire Gourmande: die Weine der Loire","item":"https:\/\/www.loire-gourmande.fr\/de\/woocommerce\/"},{"@type":"ListItem","position":3,"name":"Die Weine","item":"https:\/\/www.loire-gourmande.fr\/de\/Produktkategorie\/die-weine\/"},{"@type":"ListItem","position":4,"name":"Touraine","item":"https:\/\/www.loire-gourmande.fr\/de\/Produktkategorie\/die-weine\/touraine-de\/"},{"@type":"ListItem","position":5,"name":"C\u00d4TEAUX DU LOIR AOP BLANC DOMAINE DE CEZIN"}]},{"@type":"WebSite","@id":"https:\/\/www.loire-gourmande.fr\/de\/#website","url":"https:\/\/www.loire-gourmande.fr\/de\/","name":"Loire Gourmande, une \u00e9tape savoureuse","description":"une d\u00e9gustation \u00e0 toute heure et une boutique \u00e0 visiter \u00e0 Turquant (49)","publisher":{"@id":"https:\/\/www.loire-gourmande.fr\/de\/#organization"},"potentialAction":[{"@type":"SearchAction","target":{"@type":"EntryPoint","urlTemplate":"https:\/\/www.loire-gourmande.fr\/de\/?s={search_term_string}"},"query-input":{"@type":"PropertyValueSpecification","valueRequired":true,"valueName":"search_term_string"}}],"inLanguage":"de"},{"@type":"Organization","@id":"https:\/\/www.loire-gourmande.fr\/de\/#organization","name":"Loire Gourmande - Schnellrestaurant und Besuch in Turquant (49)","url":"https:\/\/www.loire-gourmande.fr\/de\/","logo":{"@type":"ImageObject","inLanguage":"de","@id":"https:\/\/www.loire-gourmande.fr\/de\/#\/schema\/logo\/image\/","url":"https:\/\/www.loire-gourmande.fr\/wp-content\/uploads\/2020\/10\/loire-gourmande-logo.jpg","contentUrl":"https:\/\/www.loire-gourmande.fr\/wp-content\/uploads\/2020\/10\/loire-gourmande-logo.jpg","width":800,"height":415,"caption":"Loire Gourmande - Schnellrestaurant und Besuch in Turquant (49)"},"image":{"@id":"https:\/\/www.loire-gourmande.fr\/de\/#\/schema\/logo\/image\/"},"sameAs":["https:\/\/www.facebook.com\/Loire-Gourmande-Turquant-101991328328493\/","https:\/\/www.instagram.com\/jean_yves_auradon\/?igshid=1ta3mfjka326t"]}]}},"_links":{"self":[{"href":"https:\/\/www.loire-gourmande.fr\/de\/wp-json\/wp\/v2\/product\/11425","targetHints":{"allow":["GET"]}}],"collection":[{"href":"https:\/\/www.loire-gourmande.fr\/de\/wp-json\/wp\/v2\/product"}],"about":[{"href":"https:\/\/www.loire-gourmande.fr\/de\/wp-json\/wp\/v2\/types\/product"}],"version-history":[{"count":3,"href":"https:\/\/www.loire-gourmande.fr\/de\/wp-json\/wp\/v2\/product\/11425\/revisions"}],"predecessor-version":[{"id":14432,"href":"https:\/\/www.loire-gourmande.fr\/de\/wp-json\/wp\/v2\/product\/11425\/revisions\/14432"}],"wp:featuredmedia":[{"embeddable":true,"href":"https:\/\/www.loire-gourmande.fr\/de\/wp-json\/wp\/v2\/media\/11426"}],"wp:attachment":[{"href":"https:\/\/www.loire-gourmande.fr\/de\/wp-json\/wp\/v2\/media?parent=11425"}],"wp:term":[{"taxonomy":"product_brand","embeddable":true,"href":"https:\/\/www.loire-gourmande.fr\/de\/wp-json\/wp\/v2\/product_brand?post=11425"},{"taxonomy":"product_cat","embeddable":true,"href":"https:\/\/www.loire-gourmande.fr\/de\/wp-json\/wp\/v2\/product_cat?post=11425"},{"taxonomy":"product_tag","embeddable":true,"href":"https:\/\/www.loire-gourmande.fr\/de\/wp-json\/wp\/v2\/product_tag?post=11425"}],"curies":[{"name":"wp","href":"https:\/\/api.w.org\/{rel}","templated":true}]}}