{"id":11429,"date":"2021-04-29T10:05:46","date_gmt":"2021-04-29T10:05:46","guid":{"rendered":"https:\/\/www.loire-gourmande.fr\/produit\/touraine-amboise-aop-blanc-les-menates-domaine-dutertre-2022\/"},"modified":"2025-05-27T16:20:31","modified_gmt":"2025-05-27T15:20:31","slug":"touraine-amboise-aop-blanc-les-menates-domaine-dutertre-2022","status":"publish","type":"product","link":"https:\/\/www.loire-gourmande.fr\/de\/Produkt\/touraine-amboise-aop-blanc-les-menates-domaine-dutertre-2022\/","title":{"rendered":"TOURAINE AMBOISE AOP BLANC LES MENATES DOMAINE DUTERTRE 2022"},"content":{"rendered":"<p>Entdecken Sie diesen Wein bei einem Aperitif mit Freunden, ein ausgezeichneter Chenin mit einem Hauch von S\u00fc\u00dfe. Die blassgelbe Farbe mit goldenen Reflexen \u00f6ffnet sich zu einem intensiven und attraktiven Bouquet, das den Duft von Honigblumen (Linde, Akazie) mit dem von reifen Fr\u00fcchten (Pfirsich, Quitte) verbindet und sich mit Noten von exotischen Fr\u00fcchten (Mango, Litschi) bereichert. Am Gaumen mit einem weichen und sanften Auftakt bietet er eine fleischige Materie, Volumen, Reichtum, ein sch\u00f6nes Gleichgewicht mit Frische sowie viele Aromen (Zitrusfr\u00fcchte, Pfirsich, Blumen, Brioche), die in einem langen, k\u00f6stlichen Finale anhalten. Sehr sch\u00f6ner halbtrockener Touraine Amboise.<\/p>\n<p><strong>BLANC Les M\u00e9nates :<\/strong> Aus der Rebsorte Chenin oder Pineau de Loire; 2 Begriffe f\u00fcr die gleiche Traube.<\/p>\n<p>Auf Feuersteinlehmboden beheimatet. Die Parzellen von Menates liegen an den ersten H\u00e4ngen der S\u00fcdseite der Loire, was eine optimale Reife der Trauben garantiert.<\/p>\n<p>Servieren Sie den Wein k\u00fchl bei 6-8\u00b0 C. Sehr fruchtiger Wein, lang im Mund, weich, rund und subtil. Er kann sehr gut altern.<\/p>\n<p><span style=\"font-size: 12pt;\"><strong>Passt zu:<br \/>\n<\/strong>Wir empfehlen ihn als Ehrenwein, zu K\u00e4se, Fisch in Sauce, am Nachmittag. Perfekt f\u00fcr Aperitif, Gefl\u00fcgel mit Trauben, Fruchtdessert, Pflaumenpastete.<strong><br \/>\n<\/strong><\/span>Servieren Sie den Wein k\u00fchl bei 6-8\u00b0 C. Sehr fruchtiger Wein, lang im Mund, weich, rund und subtil. Er kann sehr gut altern.<\/p>\n","protected":false},"excerpt":{"rendered":"<p><strong>Die Domaine Dutertre<\/strong> ist ein Familienweingut, das seine Leidenschaft f\u00fcr das &#8222;gute Leben&#8220; weitergibt. Die Weine, die auf unserem 37 Hektar gro\u00dfen Weinberg an der S\u00fcdseite der Loire produziert werden, vereinen Terroir, Tradition und Know-how und haben schon viele Auszeichnungen erhalten. Unser Betrieb befindet sich in einem kleinen Dorf am Ufer der Loire. Wir sind seit f\u00fcnf Generationen Weinbauern und haben ein Museum eingerichtet, das der \u00d6ffentlichkeit zug\u00e4nglich ist und Gegenst\u00e4nde f\u00fcr die Arbeit im Weinberg und die Weinbereitung enth\u00e4lt.<\/p>\n<p><strong>Touraine Amboise<\/strong> wei\u00df, ros\u00e9, rot, <strong>Touraine Sauvignon und M\u00e9thode traditionnelle<\/strong> und die ber\u00fchmten <strong>Cr\u00e9mants de Loire<\/strong> wei\u00df und ros\u00e9. Feine, typische Weine mit dem Duft von Blumen und roten Fr\u00fcchten, die immer einen Platz auf Ihrem Tisch finden werden.<\/p>\n<p>&nbsp;<\/p>\n","protected":false},"featured_media":11430,"template":"","meta":{"inline_featured_image":false},"product_brand":[],"product_cat":[600,609,608],"product_tag":[618,652,615],"class_list":{"0":"post-11429","1":"product","2":"type-product","3":"status-publish","4":"has-post-thumbnail","6":"product_cat-die-weine","7":"product_cat-touraine-de","8":"product_cat-weis","9":"product_tag-aperitif-de","10":"product_tag-nachtisch","11":"product_tag-wein","12":"product_shipping_class-flasche","14":"first","15":"instock","16":"featured","17":"taxable","18":"shipping-taxable","19":"purchasable","20":"product-type-simple"},"yoast_head":"<!-- This site is optimized with the Yoast SEO plugin v27.4 - https:\/\/yoast.com\/product\/yoast-seo-wordpress\/ -->\n<title>TOURAINE AMBOISE AOP BLANC LES MENATES DOMAINE DUTERTRE 2022 - Loire Gourmande - une \u00e9tape savoureuse<\/title>\n<meta name=\"description\" content=\"TOURAINE AMBOISE AOP BLANC LES MENATES DOMAINE DUTERTRE 2022. Weine von der Loire. Bestellung im Weinkeller auf der Website von Loire Gourmande. Weinh\u00e4ndler in Turquant (49).\" \/>\n<meta name=\"robots\" content=\"index, follow, max-snippet:-1, max-image-preview:large, max-video-preview:-1\" \/>\n<link rel=\"canonical\" href=\"https:\/\/www.loire-gourmande.fr\/de\/Produkt\/touraine-amboise-aop-blanc-les-menates-domaine-dutertre-2022\/\" \/>\n<meta property=\"og:locale\" content=\"de_DE\" \/>\n<meta property=\"og:type\" content=\"article\" \/>\n<meta property=\"og:title\" content=\"TOURAINE AMBOISE AOP BLANC LES MENATES DOMAINE DUTERTRE 2022 - Loire Gourmande - une \u00e9tape savoureuse\" \/>\n<meta property=\"og:description\" content=\"TOURAINE AMBOISE AOP BLANC LES MENATES DOMAINE DUTERTRE 2022. Weine von der Loire. Bestellung im Weinkeller auf der Website von Loire Gourmande. Weinh\u00e4ndler in Turquant (49).\" \/>\n<meta property=\"og:url\" content=\"https:\/\/www.loire-gourmande.fr\/de\/Produkt\/touraine-amboise-aop-blanc-les-menates-domaine-dutertre-2022\/\" \/>\n<meta property=\"og:site_name\" content=\"Loire Gourmande - une \u00e9tape savoureuse\" \/>\n<meta property=\"article:publisher\" content=\"https:\/\/www.facebook.com\/Loire-Gourmande-Turquant-101991328328493\/\" \/>\n<meta property=\"article:modified_time\" content=\"2025-05-27T15:20:31+00:00\" \/>\n<meta property=\"og:image\" content=\"https:\/\/www.loire-gourmande.fr\/wp-content\/uploads\/2021\/04\/3LESMETDUTER18BLC-Blanc-Touraine-Ambroise-Les-Menates-Domaine-Dutertre-18.png\" \/>\n\t<meta property=\"og:image:width\" content=\"1200\" \/>\n\t<meta property=\"og:image:height\" content=\"1200\" \/>\n\t<meta property=\"og:image:type\" content=\"image\/png\" \/>\n<meta name=\"twitter:card\" content=\"summary_large_image\" \/>\n<meta name=\"twitter:label1\" content=\"Gesch\u00e4tzte Lesezeit\" \/>\n\t<meta name=\"twitter:data1\" content=\"1\u00a0Minute\" \/>\n<script type=\"application\/ld+json\" class=\"yoast-schema-graph\">{\"@context\":\"https:\\\/\\\/schema.org\",\"@graph\":[{\"@type\":\"WebPage\",\"@id\":\"https:\\\/\\\/www.loire-gourmande.fr\\\/de\\\/Produkt\\\/touraine-amboise-aop-blanc-les-menates-domaine-dutertre-2022\\\/\",\"url\":\"https:\\\/\\\/www.loire-gourmande.fr\\\/de\\\/Produkt\\\/touraine-amboise-aop-blanc-les-menates-domaine-dutertre-2022\\\/\",\"name\":\"TOURAINE AMBOISE AOP BLANC LES MENATES DOMAINE DUTERTRE 2022 - Loire Gourmande - une \u00e9tape savoureuse\",\"isPartOf\":{\"@id\":\"https:\\\/\\\/www.loire-gourmande.fr\\\/de\\\/#website\"},\"primaryImageOfPage\":{\"@id\":\"https:\\\/\\\/www.loire-gourmande.fr\\\/de\\\/Produkt\\\/touraine-amboise-aop-blanc-les-menates-domaine-dutertre-2022\\\/#primaryimage\"},\"image\":{\"@id\":\"https:\\\/\\\/www.loire-gourmande.fr\\\/de\\\/Produkt\\\/touraine-amboise-aop-blanc-les-menates-domaine-dutertre-2022\\\/#primaryimage\"},\"thumbnailUrl\":\"https:\\\/\\\/www.loire-gourmande.fr\\\/wp-content\\\/uploads\\\/2021\\\/04\\\/3LESMETDUTER18BLC-Blanc-Touraine-Ambroise-Les-Menates-Domaine-Dutertre-18.png\",\"datePublished\":\"2021-04-29T10:05:46+00:00\",\"dateModified\":\"2025-05-27T15:20:31+00:00\",\"description\":\"TOURAINE AMBOISE AOP BLANC LES MENATES DOMAINE DUTERTRE 2022. Weine von der Loire. Bestellung im Weinkeller auf der Website von Loire Gourmande. Weinh\u00e4ndler in Turquant (49).\",\"breadcrumb\":{\"@id\":\"https:\\\/\\\/www.loire-gourmande.fr\\\/de\\\/Produkt\\\/touraine-amboise-aop-blanc-les-menates-domaine-dutertre-2022\\\/#breadcrumb\"},\"inLanguage\":\"de\",\"potentialAction\":[{\"@type\":\"ReadAction\",\"target\":[\"https:\\\/\\\/www.loire-gourmande.fr\\\/de\\\/Produkt\\\/touraine-amboise-aop-blanc-les-menates-domaine-dutertre-2022\\\/\"]}]},{\"@type\":\"ImageObject\",\"inLanguage\":\"de\",\"@id\":\"https:\\\/\\\/www.loire-gourmande.fr\\\/de\\\/Produkt\\\/touraine-amboise-aop-blanc-les-menates-domaine-dutertre-2022\\\/#primaryimage\",\"url\":\"https:\\\/\\\/www.loire-gourmande.fr\\\/wp-content\\\/uploads\\\/2021\\\/04\\\/3LESMETDUTER18BLC-Blanc-Touraine-Ambroise-Les-Menates-Domaine-Dutertre-18.png\",\"contentUrl\":\"https:\\\/\\\/www.loire-gourmande.fr\\\/wp-content\\\/uploads\\\/2021\\\/04\\\/3LESMETDUTER18BLC-Blanc-Touraine-Ambroise-Les-Menates-Domaine-Dutertre-18.png\",\"width\":1200,\"height\":1200},{\"@type\":\"BreadcrumbList\",\"@id\":\"https:\\\/\\\/www.loire-gourmande.fr\\\/de\\\/Produkt\\\/touraine-amboise-aop-blanc-les-menates-domaine-dutertre-2022\\\/#breadcrumb\",\"itemListElement\":[{\"@type\":\"ListItem\",\"position\":1,\"name\":\"Startseite\",\"item\":\"https:\\\/\\\/www.loire-gourmande.fr\\\/de\\\/\"},{\"@type\":\"ListItem\",\"position\":2,\"name\":\"Die Boutique de Loire Gourmande: die Weine der Loire\",\"item\":\"https:\\\/\\\/www.loire-gourmande.fr\\\/de\\\/woocommerce\\\/\"},{\"@type\":\"ListItem\",\"position\":3,\"name\":\"Die Weine\",\"item\":\"https:\\\/\\\/www.loire-gourmande.fr\\\/de\\\/Produktkategorie\\\/die-weine\\\/\"},{\"@type\":\"ListItem\",\"position\":4,\"name\":\"Touraine\",\"item\":\"https:\\\/\\\/www.loire-gourmande.fr\\\/de\\\/Produktkategorie\\\/die-weine\\\/touraine-de\\\/\"},{\"@type\":\"ListItem\",\"position\":5,\"name\":\"TOURAINE AMBOISE AOP BLANC LES MENATES DOMAINE DUTERTRE 2022\"}]},{\"@type\":\"WebSite\",\"@id\":\"https:\\\/\\\/www.loire-gourmande.fr\\\/de\\\/#website\",\"url\":\"https:\\\/\\\/www.loire-gourmande.fr\\\/de\\\/\",\"name\":\"Loire Gourmande, une \u00e9tape savoureuse\",\"description\":\"une d\u00e9gustation \u00e0 toute heure et une boutique \u00e0 visiter \u00e0 Turquant (49)\",\"publisher\":{\"@id\":\"https:\\\/\\\/www.loire-gourmande.fr\\\/de\\\/#organization\"},\"potentialAction\":[{\"@type\":\"SearchAction\",\"target\":{\"@type\":\"EntryPoint\",\"urlTemplate\":\"https:\\\/\\\/www.loire-gourmande.fr\\\/de\\\/?s={search_term_string}\"},\"query-input\":{\"@type\":\"PropertyValueSpecification\",\"valueRequired\":true,\"valueName\":\"search_term_string\"}}],\"inLanguage\":\"de\"},{\"@type\":\"Organization\",\"@id\":\"https:\\\/\\\/www.loire-gourmande.fr\\\/de\\\/#organization\",\"name\":\"Loire Gourmande - Schnellrestaurant und Besuch in Turquant (49)\",\"url\":\"https:\\\/\\\/www.loire-gourmande.fr\\\/de\\\/\",\"logo\":{\"@type\":\"ImageObject\",\"inLanguage\":\"de\",\"@id\":\"https:\\\/\\\/www.loire-gourmande.fr\\\/de\\\/#\\\/schema\\\/logo\\\/image\\\/\",\"url\":\"https:\\\/\\\/www.loire-gourmande.fr\\\/wp-content\\\/uploads\\\/2020\\\/10\\\/loire-gourmande-logo.jpg\",\"contentUrl\":\"https:\\\/\\\/www.loire-gourmande.fr\\\/wp-content\\\/uploads\\\/2020\\\/10\\\/loire-gourmande-logo.jpg\",\"width\":800,\"height\":415,\"caption\":\"Loire Gourmande - Schnellrestaurant und Besuch in Turquant (49)\"},\"image\":{\"@id\":\"https:\\\/\\\/www.loire-gourmande.fr\\\/de\\\/#\\\/schema\\\/logo\\\/image\\\/\"},\"sameAs\":[\"https:\\\/\\\/www.facebook.com\\\/Loire-Gourmande-Turquant-101991328328493\\\/\",\"https:\\\/\\\/www.instagram.com\\\/jean_yves_auradon\\\/?igshid=1ta3mfjka326t\"]}]}<\/script>\n<!-- \/ Yoast SEO plugin. -->","yoast_head_json":{"title":"TOURAINE AMBOISE AOP BLANC LES MENATES DOMAINE DUTERTRE 2022 - Loire Gourmande - une \u00e9tape savoureuse","description":"TOURAINE AMBOISE AOP BLANC LES MENATES DOMAINE DUTERTRE 2022. Weine von der Loire. Bestellung im Weinkeller auf der Website von Loire Gourmande. Weinh\u00e4ndler in Turquant (49).","robots":{"index":"index","follow":"follow","max-snippet":"max-snippet:-1","max-image-preview":"max-image-preview:large","max-video-preview":"max-video-preview:-1"},"canonical":"https:\/\/www.loire-gourmande.fr\/de\/Produkt\/touraine-amboise-aop-blanc-les-menates-domaine-dutertre-2022\/","og_locale":"de_DE","og_type":"article","og_title":"TOURAINE AMBOISE AOP BLANC LES MENATES DOMAINE DUTERTRE 2022 - Loire Gourmande - une \u00e9tape savoureuse","og_description":"TOURAINE AMBOISE AOP BLANC LES MENATES DOMAINE DUTERTRE 2022. Weine von der Loire. Bestellung im Weinkeller auf der Website von Loire Gourmande. Weinh\u00e4ndler in Turquant (49).","og_url":"https:\/\/www.loire-gourmande.fr\/de\/Produkt\/touraine-amboise-aop-blanc-les-menates-domaine-dutertre-2022\/","og_site_name":"Loire Gourmande - une \u00e9tape savoureuse","article_publisher":"https:\/\/www.facebook.com\/Loire-Gourmande-Turquant-101991328328493\/","article_modified_time":"2025-05-27T15:20:31+00:00","og_image":[{"width":1200,"height":1200,"url":"https:\/\/www.loire-gourmande.fr\/wp-content\/uploads\/2021\/04\/3LESMETDUTER18BLC-Blanc-Touraine-Ambroise-Les-Menates-Domaine-Dutertre-18.png","type":"image\/png"}],"twitter_card":"summary_large_image","twitter_misc":{"Gesch\u00e4tzte Lesezeit":"1\u00a0Minute"},"schema":{"@context":"https:\/\/schema.org","@graph":[{"@type":"WebPage","@id":"https:\/\/www.loire-gourmande.fr\/de\/Produkt\/touraine-amboise-aop-blanc-les-menates-domaine-dutertre-2022\/","url":"https:\/\/www.loire-gourmande.fr\/de\/Produkt\/touraine-amboise-aop-blanc-les-menates-domaine-dutertre-2022\/","name":"TOURAINE AMBOISE AOP BLANC LES MENATES DOMAINE DUTERTRE 2022 - Loire Gourmande - une \u00e9tape savoureuse","isPartOf":{"@id":"https:\/\/www.loire-gourmande.fr\/de\/#website"},"primaryImageOfPage":{"@id":"https:\/\/www.loire-gourmande.fr\/de\/Produkt\/touraine-amboise-aop-blanc-les-menates-domaine-dutertre-2022\/#primaryimage"},"image":{"@id":"https:\/\/www.loire-gourmande.fr\/de\/Produkt\/touraine-amboise-aop-blanc-les-menates-domaine-dutertre-2022\/#primaryimage"},"thumbnailUrl":"https:\/\/www.loire-gourmande.fr\/wp-content\/uploads\/2021\/04\/3LESMETDUTER18BLC-Blanc-Touraine-Ambroise-Les-Menates-Domaine-Dutertre-18.png","datePublished":"2021-04-29T10:05:46+00:00","dateModified":"2025-05-27T15:20:31+00:00","description":"TOURAINE AMBOISE AOP BLANC LES MENATES DOMAINE DUTERTRE 2022. Weine von der Loire. Bestellung im Weinkeller auf der Website von Loire Gourmande. Weinh\u00e4ndler in Turquant (49).","breadcrumb":{"@id":"https:\/\/www.loire-gourmande.fr\/de\/Produkt\/touraine-amboise-aop-blanc-les-menates-domaine-dutertre-2022\/#breadcrumb"},"inLanguage":"de","potentialAction":[{"@type":"ReadAction","target":["https:\/\/www.loire-gourmande.fr\/de\/Produkt\/touraine-amboise-aop-blanc-les-menates-domaine-dutertre-2022\/"]}]},{"@type":"ImageObject","inLanguage":"de","@id":"https:\/\/www.loire-gourmande.fr\/de\/Produkt\/touraine-amboise-aop-blanc-les-menates-domaine-dutertre-2022\/#primaryimage","url":"https:\/\/www.loire-gourmande.fr\/wp-content\/uploads\/2021\/04\/3LESMETDUTER18BLC-Blanc-Touraine-Ambroise-Les-Menates-Domaine-Dutertre-18.png","contentUrl":"https:\/\/www.loire-gourmande.fr\/wp-content\/uploads\/2021\/04\/3LESMETDUTER18BLC-Blanc-Touraine-Ambroise-Les-Menates-Domaine-Dutertre-18.png","width":1200,"height":1200},{"@type":"BreadcrumbList","@id":"https:\/\/www.loire-gourmande.fr\/de\/Produkt\/touraine-amboise-aop-blanc-les-menates-domaine-dutertre-2022\/#breadcrumb","itemListElement":[{"@type":"ListItem","position":1,"name":"Startseite","item":"https:\/\/www.loire-gourmande.fr\/de\/"},{"@type":"ListItem","position":2,"name":"Die Boutique de Loire Gourmande: die Weine der Loire","item":"https:\/\/www.loire-gourmande.fr\/de\/woocommerce\/"},{"@type":"ListItem","position":3,"name":"Die Weine","item":"https:\/\/www.loire-gourmande.fr\/de\/Produktkategorie\/die-weine\/"},{"@type":"ListItem","position":4,"name":"Touraine","item":"https:\/\/www.loire-gourmande.fr\/de\/Produktkategorie\/die-weine\/touraine-de\/"},{"@type":"ListItem","position":5,"name":"TOURAINE AMBOISE AOP BLANC LES MENATES DOMAINE DUTERTRE 2022"}]},{"@type":"WebSite","@id":"https:\/\/www.loire-gourmande.fr\/de\/#website","url":"https:\/\/www.loire-gourmande.fr\/de\/","name":"Loire Gourmande, une \u00e9tape savoureuse","description":"une d\u00e9gustation \u00e0 toute heure et une boutique \u00e0 visiter \u00e0 Turquant (49)","publisher":{"@id":"https:\/\/www.loire-gourmande.fr\/de\/#organization"},"potentialAction":[{"@type":"SearchAction","target":{"@type":"EntryPoint","urlTemplate":"https:\/\/www.loire-gourmande.fr\/de\/?s={search_term_string}"},"query-input":{"@type":"PropertyValueSpecification","valueRequired":true,"valueName":"search_term_string"}}],"inLanguage":"de"},{"@type":"Organization","@id":"https:\/\/www.loire-gourmande.fr\/de\/#organization","name":"Loire Gourmande - Schnellrestaurant und Besuch in Turquant (49)","url":"https:\/\/www.loire-gourmande.fr\/de\/","logo":{"@type":"ImageObject","inLanguage":"de","@id":"https:\/\/www.loire-gourmande.fr\/de\/#\/schema\/logo\/image\/","url":"https:\/\/www.loire-gourmande.fr\/wp-content\/uploads\/2020\/10\/loire-gourmande-logo.jpg","contentUrl":"https:\/\/www.loire-gourmande.fr\/wp-content\/uploads\/2020\/10\/loire-gourmande-logo.jpg","width":800,"height":415,"caption":"Loire Gourmande - Schnellrestaurant und Besuch in Turquant (49)"},"image":{"@id":"https:\/\/www.loire-gourmande.fr\/de\/#\/schema\/logo\/image\/"},"sameAs":["https:\/\/www.facebook.com\/Loire-Gourmande-Turquant-101991328328493\/","https:\/\/www.instagram.com\/jean_yves_auradon\/?igshid=1ta3mfjka326t"]}]}},"_links":{"self":[{"href":"https:\/\/www.loire-gourmande.fr\/de\/wp-json\/wp\/v2\/product\/11429","targetHints":{"allow":["GET"]}}],"collection":[{"href":"https:\/\/www.loire-gourmande.fr\/de\/wp-json\/wp\/v2\/product"}],"about":[{"href":"https:\/\/www.loire-gourmande.fr\/de\/wp-json\/wp\/v2\/types\/product"}],"version-history":[{"count":1,"href":"https:\/\/www.loire-gourmande.fr\/de\/wp-json\/wp\/v2\/product\/11429\/revisions"}],"predecessor-version":[{"id":11432,"href":"https:\/\/www.loire-gourmande.fr\/de\/wp-json\/wp\/v2\/product\/11429\/revisions\/11432"}],"wp:featuredmedia":[{"embeddable":true,"href":"https:\/\/www.loire-gourmande.fr\/de\/wp-json\/wp\/v2\/media\/11430"}],"wp:attachment":[{"href":"https:\/\/www.loire-gourmande.fr\/de\/wp-json\/wp\/v2\/media?parent=11429"}],"wp:term":[{"taxonomy":"product_brand","embeddable":true,"href":"https:\/\/www.loire-gourmande.fr\/de\/wp-json\/wp\/v2\/product_brand?post=11429"},{"taxonomy":"product_cat","embeddable":true,"href":"https:\/\/www.loire-gourmande.fr\/de\/wp-json\/wp\/v2\/product_cat?post=11429"},{"taxonomy":"product_tag","embeddable":true,"href":"https:\/\/www.loire-gourmande.fr\/de\/wp-json\/wp\/v2\/product_tag?post=11429"}],"curies":[{"name":"wp","href":"https:\/\/api.w.org\/{rel}","templated":true}]}}