{"id":11443,"date":"2021-04-29T10:05:47","date_gmt":"2021-04-29T10:05:47","guid":{"rendered":"https:\/\/www.loire-gourmande.fr\/produit\/touraine-noble-joue-aop-rose-domaine-rousseau\/"},"modified":"2025-05-27T16:20:17","modified_gmt":"2025-05-27T15:20:17","slug":"touraine-noble-joue-aop-rose-domaine-rousseau","status":"publish","type":"product","link":"https:\/\/www.loire-gourmande.fr\/de\/Produkt\/touraine-noble-joue-aop-rose-domaine-rousseau\/","title":{"rendered":"TOURAINE NOBLE JOUE AOP ROS\u00c9 DOMAINE ROUSSEAU"},"content":{"rendered":"<div class=\"page\" title=\"Seite 1\">\n<div class=\"layoutArea\">\n<div class=\"column\">\n<p><strong>Noble-Jou\u00e9<\/strong> <strong>(Touraine Noble-Jou\u00e9),<\/strong> eine winzige Appellation in der Tours, bietet eine Kuriosit\u00e4t, n\u00e4mlich Ros\u00e9- und Grauweine. Dieser noch zu vertrauliche Ros\u00e9 oder Grau (Rebhuhnauge) wird s\u00fcdlich von Tours zwischen den Fl\u00fcssen Cher und Indre auf 35 ha mit ton- und kalkhaltigen B\u00f6den mit Kieselsteinen und Feuersteinlehm hergestellt. Er wurde 2001 als AOC anerkannt. Er belohnte damit die Bem\u00fchungen seiner Winzer, die Erben eines Weinbergs waren, der 1911 bis zu 840 ha umfasste, den aber die Zeit vergessen hatte, den der Frost von 1929 verw\u00fcstete und den der Ballungsraum von Tours anknabberte. Es wurde jedoch ein Antrag auf AOC eingereicht. Schlechte Konjunktur, das war 1939! Wer erinnert sich noch daran, dass dieser Wein schon von Ludwig XI (15. Jahrhundert) gesch\u00e4tzt wurde, den er auf der R\u00fcckreise von der Jagd sehr gut schmeckte? Es ist wahr, dass der K\u00f6nig in der N\u00e4he in seinem Schloss Plessis-l\u00e8s-Tours wohnte.<br \/>\n<strong>GEW\u00e4chshaus:<\/strong> 50% Pinot Meunier, 35% Pinot Gris, 15% Pinot Noir<br \/>\n<strong>BODENART:<\/strong> Silex-Sand.<br \/>\n<strong>VINIFIKATION:<\/strong> Die drei Rebsorten werden separat vinifiziert. Die Trauben werden sofort nach der Ernte gepresst und ergeben einen grauen Wein, der als &#8222;Rebhuhnauge&#8220; bezeichnet wird.<br \/>\nDie G\u00e4rung erfolgte bei einer Temperatur zwischen 18 und 20\u00b0 in Edelstahltanks mit K\u00fchlung durch Rohrschlangen f\u00fcr 2 Monate mit nat\u00fcrlichen Hefen. Der Wein wird 3 Monate auf der Hefe gelagert, damit er sich abrundet und mehr Aromen entwickelt.<br \/>\n<strong>WEINPROBE:<\/strong> Das trockene und hei\u00dfe Fr\u00fchjahr und der Sommer brachten Trauben mit hohem Zuckergehalt und sch\u00f6nen aromatischen Konzentrationen hervor. Der Jahrgang 2022 ist daher ein Ros\u00e9 f\u00fcr die Gastronomie, kr\u00e4ftig mit einem langen Abgang. Sie k\u00f6nnen ihn als Aperitif oder zu Vorspeisen genie\u00dfen.<br \/>\n<strong>LAGERUNG:<\/strong> Innerhalb von 2 bis 3 Jahren zu konsumieren, um seine Frische zu bewahren.<\/p>\n<\/div>\n<\/div>\n<\/div>\n<p>Kombination <strong><span style=\"font-size: 15pt;\">von Speisen und Weinen<\/span><\/strong><br \/>\nEs ist ein fetter und runder Wein mit wenig S\u00e4ure und Aromen von wei\u00dfen Pfirsichen.<br \/>\nSie k\u00f6nnen ihn als Aperitif oder zu Vorspeisen genie\u00dfen.<br \/>\nEr passt auch gut zu Fisch in So\u00dfe, wei\u00dfem Fleisch, exotischen Gerichten, Couscous&#8230; Und f\u00fcr den Sommer alle Grills.<\/p>\n","protected":false},"excerpt":{"rendered":"<p><strong>Willkommen<\/strong> in der <strong>Familie Rousseau<\/strong> , wo wir uns freuen, Sie willkommen zu hei\u00dfen, um unsere Leidenschaft mit Ihnen zu teilen: Den Beruf des Winzers.<br \/>\nWir befinden uns im Herzen der Touraine auf einem Pinot-Terroir, wo wir seit etwa vierzig Jahren eine der kleinsten Appellationen des Loire-Tals entwickeln, <strong>die Touraine Noble Jou\u00e9<\/strong> , aber auch den <strong>Malvasia<\/strong> des Grafen Odart, <strong>den Pinot Beurot<\/strong> und verschiedene Cuv\u00e9es von <strong>Pinot Noir<\/strong> und <strong>C\u00f4t<\/strong>.<br \/>\n<strong>Bodenbearbeitung und Behandlungen mit Naturprodukten (Schachtelhalm, Weide usw.)<\/strong> Unterbrechen Sie die Jahreszeiten, um Ihnen Weine zu liefern, die dem Terroir so nahe wie m\u00f6glich kommen.<br \/>\nDie Umstellung auf <strong>\u00f6kologischen<\/strong> <strong>Landbau<\/strong> best\u00e4rkt uns in unserem Wunsch, das ges\u00fcndeste Land zu erhalten und weiterzugeben, indem wir einen m\u00f6glichst nat\u00fcrlichen Wein produzieren.<\/p>\n","protected":false},"featured_media":11444,"template":"","meta":{"inline_featured_image":false},"product_brand":[],"product_cat":[603,600,642,609],"product_tag":[620,605,615],"class_list":{"0":"post-11443","1":"product","2":"type-product","3":"status-publish","4":"has-post-thumbnail","6":"product_cat-bio-wein","7":"product_cat-die-weine","8":"product_cat-rose-de","9":"product_cat-touraine-de","10":"product_tag-fleisch","11":"product_tag-kase","12":"product_tag-wein","13":"product_shipping_class-flasche","15":"first","16":"instock","17":"featured","18":"taxable","19":"shipping-taxable","20":"purchasable","21":"product-type-simple"},"yoast_head":"<!-- This site is optimized with the Yoast SEO plugin v27.6 - https:\/\/yoast.com\/product\/yoast-seo-wordpress\/ -->\n<title>TOURAINE NOBLE JOUE AOP ROS\u00c9 DOMAINE ROUSSEAU - Loire Gourmande - une \u00e9tape savoureuse<\/title>\n<meta name=\"description\" content=\"TOURAINE NOBLE JOUE AOP ROS\u00c9 DOMAINE ROUSSEAU. Wein aus der Loire. Bestellung im Weinkeller auf der Website von Loire Gourmande. Weinh\u00e4ndler in Turquant (49).\" \/>\n<meta name=\"robots\" content=\"index, follow, max-snippet:-1, max-image-preview:large, max-video-preview:-1\" \/>\n<link rel=\"canonical\" href=\"https:\/\/www.loire-gourmande.fr\/de\/Produkt\/touraine-noble-joue-aop-rose-domaine-rousseau\/\" \/>\n<meta property=\"og:locale\" content=\"de_DE\" \/>\n<meta property=\"og:type\" content=\"article\" \/>\n<meta property=\"og:title\" content=\"TOURAINE NOBLE JOUE AOP ROS\u00c9 DOMAINE ROUSSEAU - Loire Gourmande - une \u00e9tape savoureuse\" \/>\n<meta property=\"og:description\" content=\"TOURAINE NOBLE JOUE AOP ROS\u00c9 DOMAINE ROUSSEAU. Wein aus der Loire. Bestellung im Weinkeller auf der Website von Loire Gourmande. Weinh\u00e4ndler in Turquant (49).\" \/>\n<meta property=\"og:url\" content=\"https:\/\/www.loire-gourmande.fr\/de\/Produkt\/touraine-noble-joue-aop-rose-domaine-rousseau\/\" \/>\n<meta property=\"og:site_name\" content=\"Loire Gourmande - une \u00e9tape savoureuse\" \/>\n<meta property=\"article:publisher\" content=\"https:\/\/www.facebook.com\/Loire-Gourmande-Turquant-101991328328493\/\" \/>\n<meta property=\"article:modified_time\" content=\"2025-05-27T15:20:17+00:00\" \/>\n<meta property=\"og:image\" content=\"https:\/\/www.loire-gourmande.fr\/wp-content\/uploads\/2021\/04\/Noble-Joue.jpg\" \/>\n\t<meta property=\"og:image:width\" content=\"800\" \/>\n\t<meta property=\"og:image:height\" content=\"800\" \/>\n\t<meta property=\"og:image:type\" content=\"image\/jpeg\" \/>\n<meta name=\"twitter:card\" content=\"summary_large_image\" \/>\n<meta name=\"twitter:label1\" content=\"Gesch\u00e4tzte Lesezeit\" \/>\n\t<meta name=\"twitter:data1\" content=\"2\u00a0Minuten\" \/>\n<script type=\"application\/ld+json\" class=\"yoast-schema-graph\">{\"@context\":\"https:\\\/\\\/schema.org\",\"@graph\":[{\"@type\":\"WebPage\",\"@id\":\"https:\\\/\\\/www.loire-gourmande.fr\\\/de\\\/Produkt\\\/touraine-noble-joue-aop-rose-domaine-rousseau\\\/\",\"url\":\"https:\\\/\\\/www.loire-gourmande.fr\\\/de\\\/Produkt\\\/touraine-noble-joue-aop-rose-domaine-rousseau\\\/\",\"name\":\"TOURAINE NOBLE JOUE AOP ROS\u00c9 DOMAINE ROUSSEAU - Loire Gourmande - une \u00e9tape savoureuse\",\"isPartOf\":{\"@id\":\"https:\\\/\\\/www.loire-gourmande.fr\\\/de\\\/#website\"},\"primaryImageOfPage\":{\"@id\":\"https:\\\/\\\/www.loire-gourmande.fr\\\/de\\\/Produkt\\\/touraine-noble-joue-aop-rose-domaine-rousseau\\\/#primaryimage\"},\"image\":{\"@id\":\"https:\\\/\\\/www.loire-gourmande.fr\\\/de\\\/Produkt\\\/touraine-noble-joue-aop-rose-domaine-rousseau\\\/#primaryimage\"},\"thumbnailUrl\":\"https:\\\/\\\/www.loire-gourmande.fr\\\/wp-content\\\/uploads\\\/2021\\\/04\\\/Noble-Joue.jpg\",\"datePublished\":\"2021-04-29T10:05:47+00:00\",\"dateModified\":\"2025-05-27T15:20:17+00:00\",\"description\":\"TOURAINE NOBLE JOUE AOP ROS\u00c9 DOMAINE ROUSSEAU. Wein aus der Loire. Bestellung im Weinkeller auf der Website von Loire Gourmande. Weinh\u00e4ndler in Turquant (49).\",\"breadcrumb\":{\"@id\":\"https:\\\/\\\/www.loire-gourmande.fr\\\/de\\\/Produkt\\\/touraine-noble-joue-aop-rose-domaine-rousseau\\\/#breadcrumb\"},\"inLanguage\":\"de\",\"potentialAction\":[{\"@type\":\"ReadAction\",\"target\":[\"https:\\\/\\\/www.loire-gourmande.fr\\\/de\\\/Produkt\\\/touraine-noble-joue-aop-rose-domaine-rousseau\\\/\"]}]},{\"@type\":\"ImageObject\",\"inLanguage\":\"de\",\"@id\":\"https:\\\/\\\/www.loire-gourmande.fr\\\/de\\\/Produkt\\\/touraine-noble-joue-aop-rose-domaine-rousseau\\\/#primaryimage\",\"url\":\"https:\\\/\\\/www.loire-gourmande.fr\\\/wp-content\\\/uploads\\\/2021\\\/04\\\/Noble-Joue.jpg\",\"contentUrl\":\"https:\\\/\\\/www.loire-gourmande.fr\\\/wp-content\\\/uploads\\\/2021\\\/04\\\/Noble-Joue.jpg\",\"width\":800,\"height\":800},{\"@type\":\"BreadcrumbList\",\"@id\":\"https:\\\/\\\/www.loire-gourmande.fr\\\/de\\\/Produkt\\\/touraine-noble-joue-aop-rose-domaine-rousseau\\\/#breadcrumb\",\"itemListElement\":[{\"@type\":\"ListItem\",\"position\":1,\"name\":\"Startseite\",\"item\":\"https:\\\/\\\/www.loire-gourmande.fr\\\/de\\\/\"},{\"@type\":\"ListItem\",\"position\":2,\"name\":\"Die Boutique de Loire Gourmande: die Weine der Loire\",\"item\":\"https:\\\/\\\/www.loire-gourmande.fr\\\/de\\\/woocommerce\\\/\"},{\"@type\":\"ListItem\",\"position\":3,\"name\":\"Die Weine\",\"item\":\"https:\\\/\\\/www.loire-gourmande.fr\\\/de\\\/Produktkategorie\\\/die-weine\\\/\"},{\"@type\":\"ListItem\",\"position\":4,\"name\":\"TOURAINE NOBLE JOUE AOP ROS\u00c9 DOMAINE ROUSSEAU\"}]},{\"@type\":\"WebSite\",\"@id\":\"https:\\\/\\\/www.loire-gourmande.fr\\\/de\\\/#website\",\"url\":\"https:\\\/\\\/www.loire-gourmande.fr\\\/de\\\/\",\"name\":\"Loire Gourmande, une \u00e9tape savoureuse\",\"description\":\"une d\u00e9gustation \u00e0 toute heure et une boutique \u00e0 visiter \u00e0 Turquant (49)\",\"publisher\":{\"@id\":\"https:\\\/\\\/www.loire-gourmande.fr\\\/de\\\/#organization\"},\"potentialAction\":[{\"@type\":\"SearchAction\",\"target\":{\"@type\":\"EntryPoint\",\"urlTemplate\":\"https:\\\/\\\/www.loire-gourmande.fr\\\/de\\\/?s={search_term_string}\"},\"query-input\":{\"@type\":\"PropertyValueSpecification\",\"valueRequired\":true,\"valueName\":\"search_term_string\"}}],\"inLanguage\":\"de\"},{\"@type\":\"Organization\",\"@id\":\"https:\\\/\\\/www.loire-gourmande.fr\\\/de\\\/#organization\",\"name\":\"Loire Gourmande - Schnellrestaurant und Besuch in Turquant (49)\",\"url\":\"https:\\\/\\\/www.loire-gourmande.fr\\\/de\\\/\",\"logo\":{\"@type\":\"ImageObject\",\"inLanguage\":\"de\",\"@id\":\"https:\\\/\\\/www.loire-gourmande.fr\\\/de\\\/#\\\/schema\\\/logo\\\/image\\\/\",\"url\":\"https:\\\/\\\/www.loire-gourmande.fr\\\/wp-content\\\/uploads\\\/2020\\\/10\\\/loire-gourmande-logo.jpg\",\"contentUrl\":\"https:\\\/\\\/www.loire-gourmande.fr\\\/wp-content\\\/uploads\\\/2020\\\/10\\\/loire-gourmande-logo.jpg\",\"width\":800,\"height\":415,\"caption\":\"Loire Gourmande - Schnellrestaurant und Besuch in Turquant (49)\"},\"image\":{\"@id\":\"https:\\\/\\\/www.loire-gourmande.fr\\\/de\\\/#\\\/schema\\\/logo\\\/image\\\/\"},\"sameAs\":[\"https:\\\/\\\/www.facebook.com\\\/Loire-Gourmande-Turquant-101991328328493\\\/\",\"https:\\\/\\\/www.instagram.com\\\/jean_yves_auradon\\\/?igshid=1ta3mfjka326t\"]}]}<\/script>\n<!-- \/ Yoast SEO plugin. -->","yoast_head_json":{"title":"TOURAINE NOBLE JOUE AOP ROS\u00c9 DOMAINE ROUSSEAU - Loire Gourmande - une \u00e9tape savoureuse","description":"TOURAINE NOBLE JOUE AOP ROS\u00c9 DOMAINE ROUSSEAU. Wein aus der Loire. Bestellung im Weinkeller auf der Website von Loire Gourmande. Weinh\u00e4ndler in Turquant (49).","robots":{"index":"index","follow":"follow","max-snippet":"max-snippet:-1","max-image-preview":"max-image-preview:large","max-video-preview":"max-video-preview:-1"},"canonical":"https:\/\/www.loire-gourmande.fr\/de\/Produkt\/touraine-noble-joue-aop-rose-domaine-rousseau\/","og_locale":"de_DE","og_type":"article","og_title":"TOURAINE NOBLE JOUE AOP ROS\u00c9 DOMAINE ROUSSEAU - Loire Gourmande - une \u00e9tape savoureuse","og_description":"TOURAINE NOBLE JOUE AOP ROS\u00c9 DOMAINE ROUSSEAU. Wein aus der Loire. Bestellung im Weinkeller auf der Website von Loire Gourmande. Weinh\u00e4ndler in Turquant (49).","og_url":"https:\/\/www.loire-gourmande.fr\/de\/Produkt\/touraine-noble-joue-aop-rose-domaine-rousseau\/","og_site_name":"Loire Gourmande - une \u00e9tape savoureuse","article_publisher":"https:\/\/www.facebook.com\/Loire-Gourmande-Turquant-101991328328493\/","article_modified_time":"2025-05-27T15:20:17+00:00","og_image":[{"width":800,"height":800,"url":"https:\/\/www.loire-gourmande.fr\/wp-content\/uploads\/2021\/04\/Noble-Joue.jpg","type":"image\/jpeg"}],"twitter_card":"summary_large_image","twitter_misc":{"Gesch\u00e4tzte Lesezeit":"2\u00a0Minuten"},"schema":{"@context":"https:\/\/schema.org","@graph":[{"@type":"WebPage","@id":"https:\/\/www.loire-gourmande.fr\/de\/Produkt\/touraine-noble-joue-aop-rose-domaine-rousseau\/","url":"https:\/\/www.loire-gourmande.fr\/de\/Produkt\/touraine-noble-joue-aop-rose-domaine-rousseau\/","name":"TOURAINE NOBLE JOUE AOP ROS\u00c9 DOMAINE ROUSSEAU - Loire Gourmande - une \u00e9tape savoureuse","isPartOf":{"@id":"https:\/\/www.loire-gourmande.fr\/de\/#website"},"primaryImageOfPage":{"@id":"https:\/\/www.loire-gourmande.fr\/de\/Produkt\/touraine-noble-joue-aop-rose-domaine-rousseau\/#primaryimage"},"image":{"@id":"https:\/\/www.loire-gourmande.fr\/de\/Produkt\/touraine-noble-joue-aop-rose-domaine-rousseau\/#primaryimage"},"thumbnailUrl":"https:\/\/www.loire-gourmande.fr\/wp-content\/uploads\/2021\/04\/Noble-Joue.jpg","datePublished":"2021-04-29T10:05:47+00:00","dateModified":"2025-05-27T15:20:17+00:00","description":"TOURAINE NOBLE JOUE AOP ROS\u00c9 DOMAINE ROUSSEAU. Wein aus der Loire. Bestellung im Weinkeller auf der Website von Loire Gourmande. Weinh\u00e4ndler in Turquant (49).","breadcrumb":{"@id":"https:\/\/www.loire-gourmande.fr\/de\/Produkt\/touraine-noble-joue-aop-rose-domaine-rousseau\/#breadcrumb"},"inLanguage":"de","potentialAction":[{"@type":"ReadAction","target":["https:\/\/www.loire-gourmande.fr\/de\/Produkt\/touraine-noble-joue-aop-rose-domaine-rousseau\/"]}]},{"@type":"ImageObject","inLanguage":"de","@id":"https:\/\/www.loire-gourmande.fr\/de\/Produkt\/touraine-noble-joue-aop-rose-domaine-rousseau\/#primaryimage","url":"https:\/\/www.loire-gourmande.fr\/wp-content\/uploads\/2021\/04\/Noble-Joue.jpg","contentUrl":"https:\/\/www.loire-gourmande.fr\/wp-content\/uploads\/2021\/04\/Noble-Joue.jpg","width":800,"height":800},{"@type":"BreadcrumbList","@id":"https:\/\/www.loire-gourmande.fr\/de\/Produkt\/touraine-noble-joue-aop-rose-domaine-rousseau\/#breadcrumb","itemListElement":[{"@type":"ListItem","position":1,"name":"Startseite","item":"https:\/\/www.loire-gourmande.fr\/de\/"},{"@type":"ListItem","position":2,"name":"Die Boutique de Loire Gourmande: die Weine der Loire","item":"https:\/\/www.loire-gourmande.fr\/de\/woocommerce\/"},{"@type":"ListItem","position":3,"name":"Die Weine","item":"https:\/\/www.loire-gourmande.fr\/de\/Produktkategorie\/die-weine\/"},{"@type":"ListItem","position":4,"name":"TOURAINE NOBLE JOUE AOP ROS\u00c9 DOMAINE ROUSSEAU"}]},{"@type":"WebSite","@id":"https:\/\/www.loire-gourmande.fr\/de\/#website","url":"https:\/\/www.loire-gourmande.fr\/de\/","name":"Loire Gourmande, une \u00e9tape savoureuse","description":"une d\u00e9gustation \u00e0 toute heure et une boutique \u00e0 visiter \u00e0 Turquant (49)","publisher":{"@id":"https:\/\/www.loire-gourmande.fr\/de\/#organization"},"potentialAction":[{"@type":"SearchAction","target":{"@type":"EntryPoint","urlTemplate":"https:\/\/www.loire-gourmande.fr\/de\/?s={search_term_string}"},"query-input":{"@type":"PropertyValueSpecification","valueRequired":true,"valueName":"search_term_string"}}],"inLanguage":"de"},{"@type":"Organization","@id":"https:\/\/www.loire-gourmande.fr\/de\/#organization","name":"Loire Gourmande - Schnellrestaurant und Besuch in Turquant (49)","url":"https:\/\/www.loire-gourmande.fr\/de\/","logo":{"@type":"ImageObject","inLanguage":"de","@id":"https:\/\/www.loire-gourmande.fr\/de\/#\/schema\/logo\/image\/","url":"https:\/\/www.loire-gourmande.fr\/wp-content\/uploads\/2020\/10\/loire-gourmande-logo.jpg","contentUrl":"https:\/\/www.loire-gourmande.fr\/wp-content\/uploads\/2020\/10\/loire-gourmande-logo.jpg","width":800,"height":415,"caption":"Loire Gourmande - Schnellrestaurant und Besuch in Turquant (49)"},"image":{"@id":"https:\/\/www.loire-gourmande.fr\/de\/#\/schema\/logo\/image\/"},"sameAs":["https:\/\/www.facebook.com\/Loire-Gourmande-Turquant-101991328328493\/","https:\/\/www.instagram.com\/jean_yves_auradon\/?igshid=1ta3mfjka326t"]}]}},"_links":{"self":[{"href":"https:\/\/www.loire-gourmande.fr\/de\/wp-json\/wp\/v2\/product\/11443","targetHints":{"allow":["GET"]}}],"collection":[{"href":"https:\/\/www.loire-gourmande.fr\/de\/wp-json\/wp\/v2\/product"}],"about":[{"href":"https:\/\/www.loire-gourmande.fr\/de\/wp-json\/wp\/v2\/types\/product"}],"version-history":[{"count":2,"href":"https:\/\/www.loire-gourmande.fr\/de\/wp-json\/wp\/v2\/product\/11443\/revisions"}],"predecessor-version":[{"id":13092,"href":"https:\/\/www.loire-gourmande.fr\/de\/wp-json\/wp\/v2\/product\/11443\/revisions\/13092"}],"wp:featuredmedia":[{"embeddable":true,"href":"https:\/\/www.loire-gourmande.fr\/de\/wp-json\/wp\/v2\/media\/11444"}],"wp:attachment":[{"href":"https:\/\/www.loire-gourmande.fr\/de\/wp-json\/wp\/v2\/media?parent=11443"}],"wp:term":[{"taxonomy":"product_brand","embeddable":true,"href":"https:\/\/www.loire-gourmande.fr\/de\/wp-json\/wp\/v2\/product_brand?post=11443"},{"taxonomy":"product_cat","embeddable":true,"href":"https:\/\/www.loire-gourmande.fr\/de\/wp-json\/wp\/v2\/product_cat?post=11443"},{"taxonomy":"product_tag","embeddable":true,"href":"https:\/\/www.loire-gourmande.fr\/de\/wp-json\/wp\/v2\/product_tag?post=11443"}],"curies":[{"name":"wp","href":"https:\/\/api.w.org\/{rel}","templated":true}]}}