{"id":11452,"date":"2021-04-29T10:05:51","date_gmt":"2021-04-29T10:05:51","guid":{"rendered":"https:\/\/www.loire-gourmande.fr\/produit\/saint-nicolas-de-bourgueil-aop-rouge-pierre-lane-domaine-rochouard\/"},"modified":"2025-05-27T16:27:52","modified_gmt":"2025-05-27T15:27:52","slug":"saint-nicolas-de-bourgueil-aop-rouge-pierre-lane-domaine-rochouard","status":"publish","type":"product","link":"https:\/\/www.loire-gourmande.fr\/de\/Produkt\/saint-nicolas-de-bourgueil-aop-rouge-pierre-lane-domaine-rochouard\/","title":{"rendered":"SAINT NICOLAS DE BOURGUEIL AOP ROUGE PIERRE LANE DOMAINE ROCHOUARD"},"content":{"rendered":"<p>Dieser Wein erf\u00fcllt alle Ihre Erwartungen an einen guten St. Nicolas de Bourgueil und das in Bio-Qualit\u00e4t. St Nicolas de Bourgueil auf einem reichen Lehmboden, die Cuv\u00e9e von &#8222;La Pierre du Lane&#8220; verbindet die Fruchtigkeit der jungen Reben mit der Rundheit und dem Reichtum des Lehms. Wenn sie jung getrunken wird, erreicht sie zwei bis drei Jahre nach der Ernte ihre Reife.<br \/>\nEr ist ein fruchtiger und langlebiger Gourmetwein, der gut zu wei\u00dfem Fleisch, gegrilltem Fleisch, Braten oder Fisch in So\u00dfe passt. Von sch\u00f6ner Frische mit Noten von Heckenfr\u00fcchten und roten Fr\u00fcchten. Fleischige F\u00fclle mit eingebetteten Tanninen und einem energischen Abgang.<\/p>\n<p style=\"font-weight: 400;\"><strong>Bezeichnung:<\/strong> Saint-Nicolas-de-Bourgueil<br \/>\n<strong>Region:<\/strong> Loire<br \/>\n<strong>Farbe:<\/strong> Rot<br \/>\n<strong>Typ:<\/strong> Fruchtig und leicht<br \/>\n<strong>Jahrgang:<\/strong> 2022<br \/>\n<strong>Rebsorte:<\/strong> Cabernet Franc<br \/>\nLabels Biologischer<br \/>\nAnbau Weinlese<br \/>\nUnabh\u00e4ngiger Winzer<br \/>\n<strong>Alkoholgehalt :<\/strong> 12% bis 13.5%<br \/>\nGeschmack : Nase : Frisch, mit Noten von roten Fr\u00fcchten \/ Gaumen : Eleganter und frischer Auftakt, fleischig, mit w\u00fcrzigen Noten<br \/>\n<strong><span style=\"font-size: 12pt;\">Speisen- und Weinbegleitung:<\/span><\/strong><br \/>\nZu ausgezeichnetem rotem Fleisch in der Pfanne oder auf dem Grill passt ein hausgemachter Eintopf aus Lamm &#8211; Rind &#8211; Schwein oder sogar Gefl\u00fcgel. Ein gebratenes Kaninchen mit Pilzen<\/p>\n","protected":false},"excerpt":{"rendered":"<p><span data-reader-unique-id=\"28\">Im Jahr 1967 wurde die Familie Duveauveau gegr\u00fcndet. <strong data-reader-unique-id=\"31\"><br \/>\n  <b data-reader-unique-id=\"35\">Guy und Anne-Marie Duveau<\/b><br \/>\n<\/strong> begannen, ihr Land in Mischkultur zu bewirtschaften, zus\u00e4tzlich zu einigen Aren Weinbergen in Bourgueil. <strong data-reader-unique-id=\"38\"><br \/>\n  <b data-reader-unique-id=\"42\">Bourgueil<\/b><br \/>\n<\/strong> Sie bauen Spargel, gr\u00fcne Bohnen, Getreide und Tabak an.<br \/>\n<\/span><span data-reader-unique-id=\"46\">W\u00fcrfel 1967 <strong data-reader-unique-id=\"49\"><br \/>\n  <b data-reader-unique-id=\"53\">Guy und Anne-Marie<\/b><br \/>\n<\/strong> Sie k\u00fcmmern sich um die Arbeit im Weinberg, die Weinbereitung, den Ausbau und die Vermarktung der von ihnen produzierten Weine.<br \/>\n<\/span><span data-reader-unique-id=\"57\">Ab 1976 begann die Weinanbaufl\u00e4che auf Kosten anderer Kulturen zu wachsen. Diese wuchs bis zum heutigen Tag auf 22 Hektar in den Appellationen Bourgogne und Bordeaux. <strong data-reader-unique-id=\"60\"><br \/>\n  <b data-reader-unique-id=\"64\">Bourgueil<\/b><br \/>\n<\/strong> , <strong data-reader-unique-id=\"67\"><br \/>\n  <b data-reader-unique-id=\"71\">St Nicolas de Bourgueil<\/b><br \/>\n<\/strong><strong data-reader-unique-id=\"72\">und <\/strong><strong data-reader-unique-id=\"75\"><br \/>\n  <b data-reader-unique-id=\"78\">IGP <\/b><br \/>\n<\/strong><strong data-reader-unique-id=\"79\">f\u00fcr Wei\u00dfwein<br \/>\n<\/strong><\/span><span data-reader-unique-id=\"83\">Im Jahr 1995 <strong data-reader-unique-id=\"86\"><br \/>\n  <b data-reader-unique-id=\"90\">Guy tut sich mit Dominique zusammen.<\/b><br \/>\n<\/strong> (sein Sohn) und gr\u00fcndeten die Gaec Duveau Coulon fils, sie w\u00e4hlten &#8222;Rochardo&#8220;. <strong data-reader-unique-id=\"93\"><br \/>\n  <b data-reader-unique-id=\"97\">Domaine du Rochouard<\/b><br \/>\n<\/strong> &#8222;Dies ist der Name der symbolischen und historischen Parzelle des Hauses, die in der N\u00e4he der Abtei von Bourgueil liegt, der Wiege des Weinbaus in Bourgueil.<br data-reader-unique-id=\"100\">Es war im Jahr 1995, als der Begriff der <strong data-reader-unique-id=\"101\"><b data-reader-unique-id=\"105\">Grundst\u00fccksauswahl<\/b><\/strong> auf dem Anwesen aufkam; Von dort aus entstanden die Cuv\u00e9es \u201ePierre du Lane\u201c in St Nicolas de Bourgueil und \u201eLe Coteau\u201c in Bourgueil und einige Jahre sp\u00e4ter \u201eArgiles \u00e0 Silex\u201c, eine Cuv\u00e9e aus alten Reben auf den Lehmb\u00f6den von St Nicolas.<br \/>\n<\/span><span data-reader-unique-id=\"109\">Dominique orientiert sich immer mehr in Richtung einer <strong data-reader-unique-id=\"112\"><br \/>\n  <b data-reader-unique-id=\"116\">durchdachte Landwirtschaft<\/b><br \/>\n<\/strong> (Reduzierung von Pestiziden, keine Insektizide mehr und starke Einschr\u00e4nkung der chemischen Unkrautvernichtung).<br \/>\n<\/span><span data-reader-unique-id=\"120\">Seit 2007 hat Guy seinen Platz (aus Altersgr\u00fcnden) an <strong data-reader-unique-id=\"123\"><br \/>\n  <b data-reader-unique-id=\"127\">Jean-Luc<\/b><br \/>\n<\/strong>. Zusammen mit Dominique (seinem Bruder) f\u00fchren sie das Weingut in die Welt des \u00f6kologischen Landbaus ein.<strong data-reader-unique-id=\"130\"><br \/>\n  <b data-reader-unique-id=\"134\">Biologische Landwirtschaft<\/b><br \/>\n<\/strong> (Einstellung der chemischen Unkrautbek\u00e4mpfung im Jahr 2010), Beginn der AB-Umstellung im Jahr 2012 und nach drei Jahren Erhalt der Zertifizierung im Jahr 2015. <strong data-reader-unique-id=\"137\"><br \/>\n  <b data-reader-unique-id=\"141\">AB-Label.<br \/>\n<\/b><br \/>\n<\/strong><\/span><span data-reader-unique-id=\"143\"><strong data-reader-unique-id=\"144\">Im Jahr 2010 wurde eine erste \u201eatypische\u201c Cuv\u00e9e geboren, eine integrale \u201eR\u201c-Cuv\u00e9e, 5 Jahre sp\u00e4ter folgte eine nat\u00fcrliche Cuv\u00e9e \u201eLes Onze Boissel\u00e9es\u201c<br \/>\n<\/strong><\/span><span data-reader-unique-id=\"148\"><strong data-reader-unique-id=\"149\">Angezogen von der Produktion von Wei\u00dfwein konnten wir <\/strong> im Fr\u00fchjahr 2019 eine Parzelle mit <strong data-reader-unique-id=\"152\"><b data-reader-unique-id=\"155\">Chenin<\/b><\/strong><strong data-reader-unique-id=\"156\"> (emblematische Rebsorte des <\/strong><strong data-reader-unique-id=\"159\"><b data-reader-unique-id=\"162\">Loiretals<\/b><\/strong>) pflanzen<strong data-reader-unique-id=\"163\">, die 2021 mit der Produktion beginnen wird.<\/strong><\/span><\/p>\n","protected":false},"featured_media":11453,"template":"","meta":{"inline_featured_image":false},"product_brand":[],"product_cat":[603,600,601,609],"product_tag":[701,620,605,615],"class_list":{"0":"post-11452","1":"product","2":"type-product","3":"status-publish","4":"has-post-thumbnail","6":"product_cat-bio-wein","7":"product_cat-die-weine","8":"product_cat-rot","9":"product_cat-touraine-de","10":"product_tag-eintrag","11":"product_tag-fleisch","12":"product_tag-kase","13":"product_tag-wein","14":"product_shipping_class-flasche","16":"first","17":"instock","18":"featured","19":"taxable","20":"shipping-taxable","21":"purchasable","22":"product-type-simple"},"yoast_head":"<!-- This site is optimized with the Yoast SEO plugin v27.4 - https:\/\/yoast.com\/product\/yoast-seo-wordpress\/ -->\n<title>SAINT NICOLAS DE BOURGUEIL AOP ROUGE PIERRE LANE DOMAINE ROCHOUARD - Loire Gourmande - une \u00e9tape savoureuse<\/title>\n<meta name=\"description\" content=\"SAINT NICOLAS DE BOURGUEIL AOP ROUGE PIERRE LANE DOMAINE ROCHOUARD. Weine von der Loire. Bestellung im Weinkeller auf der Website von Loire Gourmande. Weinh\u00e4ndler in Turquant (49).\" \/>\n<meta name=\"robots\" content=\"index, follow, max-snippet:-1, max-image-preview:large, max-video-preview:-1\" \/>\n<link rel=\"canonical\" href=\"https:\/\/www.loire-gourmande.fr\/de\/Produkt\/saint-nicolas-de-bourgueil-aop-rouge-pierre-lane-domaine-rochouard\/\" \/>\n<meta property=\"og:locale\" content=\"de_DE\" \/>\n<meta property=\"og:type\" content=\"article\" \/>\n<meta property=\"og:title\" content=\"SAINT NICOLAS DE BOURGUEIL AOP ROUGE PIERRE LANE DOMAINE ROCHOUARD - Loire Gourmande - une \u00e9tape savoureuse\" \/>\n<meta property=\"og:description\" content=\"SAINT NICOLAS DE BOURGUEIL AOP ROUGE PIERRE LANE DOMAINE ROCHOUARD. Weine von der Loire. Bestellung im Weinkeller auf der Website von Loire Gourmande. Weinh\u00e4ndler in Turquant (49).\" \/>\n<meta property=\"og:url\" content=\"https:\/\/www.loire-gourmande.fr\/de\/Produkt\/saint-nicolas-de-bourgueil-aop-rouge-pierre-lane-domaine-rochouard\/\" \/>\n<meta property=\"og:site_name\" content=\"Loire Gourmande - une \u00e9tape savoureuse\" \/>\n<meta property=\"article:publisher\" content=\"https:\/\/www.facebook.com\/Loire-Gourmande-Turquant-101991328328493\/\" \/>\n<meta property=\"article:modified_time\" content=\"2025-05-27T15:27:52+00:00\" \/>\n<meta property=\"og:image\" content=\"https:\/\/www.loire-gourmande.fr\/wp-content\/uploads\/2021\/04\/LA-PIERRE-DU-LANE-2021.jpg\" \/>\n\t<meta property=\"og:image:width\" content=\"1500\" \/>\n\t<meta property=\"og:image:height\" content=\"2000\" \/>\n\t<meta property=\"og:image:type\" content=\"image\/jpeg\" \/>\n<meta name=\"twitter:card\" content=\"summary_large_image\" \/>\n<meta name=\"twitter:label1\" content=\"Gesch\u00e4tzte Lesezeit\" \/>\n\t<meta name=\"twitter:data1\" content=\"1\u00a0Minute\" \/>\n<script type=\"application\/ld+json\" class=\"yoast-schema-graph\">{\"@context\":\"https:\\\/\\\/schema.org\",\"@graph\":[{\"@type\":\"WebPage\",\"@id\":\"https:\\\/\\\/www.loire-gourmande.fr\\\/de\\\/Produkt\\\/saint-nicolas-de-bourgueil-aop-rouge-pierre-lane-domaine-rochouard\\\/\",\"url\":\"https:\\\/\\\/www.loire-gourmande.fr\\\/de\\\/Produkt\\\/saint-nicolas-de-bourgueil-aop-rouge-pierre-lane-domaine-rochouard\\\/\",\"name\":\"SAINT NICOLAS DE BOURGUEIL AOP ROUGE PIERRE LANE DOMAINE ROCHOUARD - Loire Gourmande - une \u00e9tape savoureuse\",\"isPartOf\":{\"@id\":\"https:\\\/\\\/www.loire-gourmande.fr\\\/de\\\/#website\"},\"primaryImageOfPage\":{\"@id\":\"https:\\\/\\\/www.loire-gourmande.fr\\\/de\\\/Produkt\\\/saint-nicolas-de-bourgueil-aop-rouge-pierre-lane-domaine-rochouard\\\/#primaryimage\"},\"image\":{\"@id\":\"https:\\\/\\\/www.loire-gourmande.fr\\\/de\\\/Produkt\\\/saint-nicolas-de-bourgueil-aop-rouge-pierre-lane-domaine-rochouard\\\/#primaryimage\"},\"thumbnailUrl\":\"https:\\\/\\\/www.loire-gourmande.fr\\\/wp-content\\\/uploads\\\/2021\\\/04\\\/LA-PIERRE-DU-LANE-2021.jpg\",\"datePublished\":\"2021-04-29T10:05:51+00:00\",\"dateModified\":\"2025-05-27T15:27:52+00:00\",\"description\":\"SAINT NICOLAS DE BOURGUEIL AOP ROUGE PIERRE LANE DOMAINE ROCHOUARD. Weine von der Loire. Bestellung im Weinkeller auf der Website von Loire Gourmande. Weinh\u00e4ndler in Turquant (49).\",\"breadcrumb\":{\"@id\":\"https:\\\/\\\/www.loire-gourmande.fr\\\/de\\\/Produkt\\\/saint-nicolas-de-bourgueil-aop-rouge-pierre-lane-domaine-rochouard\\\/#breadcrumb\"},\"inLanguage\":\"de\",\"potentialAction\":[{\"@type\":\"ReadAction\",\"target\":[\"https:\\\/\\\/www.loire-gourmande.fr\\\/de\\\/Produkt\\\/saint-nicolas-de-bourgueil-aop-rouge-pierre-lane-domaine-rochouard\\\/\"]}]},{\"@type\":\"ImageObject\",\"inLanguage\":\"de\",\"@id\":\"https:\\\/\\\/www.loire-gourmande.fr\\\/de\\\/Produkt\\\/saint-nicolas-de-bourgueil-aop-rouge-pierre-lane-domaine-rochouard\\\/#primaryimage\",\"url\":\"https:\\\/\\\/www.loire-gourmande.fr\\\/wp-content\\\/uploads\\\/2021\\\/04\\\/LA-PIERRE-DU-LANE-2021.jpg\",\"contentUrl\":\"https:\\\/\\\/www.loire-gourmande.fr\\\/wp-content\\\/uploads\\\/2021\\\/04\\\/LA-PIERRE-DU-LANE-2021.jpg\",\"width\":1500,\"height\":2000},{\"@type\":\"BreadcrumbList\",\"@id\":\"https:\\\/\\\/www.loire-gourmande.fr\\\/de\\\/Produkt\\\/saint-nicolas-de-bourgueil-aop-rouge-pierre-lane-domaine-rochouard\\\/#breadcrumb\",\"itemListElement\":[{\"@type\":\"ListItem\",\"position\":1,\"name\":\"Startseite\",\"item\":\"https:\\\/\\\/www.loire-gourmande.fr\\\/de\\\/\"},{\"@type\":\"ListItem\",\"position\":2,\"name\":\"Die Boutique de Loire Gourmande: die Weine der Loire\",\"item\":\"https:\\\/\\\/www.loire-gourmande.fr\\\/de\\\/woocommerce\\\/\"},{\"@type\":\"ListItem\",\"position\":3,\"name\":\"Die Weine\",\"item\":\"https:\\\/\\\/www.loire-gourmande.fr\\\/de\\\/Produktkategorie\\\/die-weine\\\/\"},{\"@type\":\"ListItem\",\"position\":4,\"name\":\"SAINT NICOLAS DE BOURGUEIL AOP ROUGE PIERRE LANE DOMAINE ROCHOUARD\"}]},{\"@type\":\"WebSite\",\"@id\":\"https:\\\/\\\/www.loire-gourmande.fr\\\/de\\\/#website\",\"url\":\"https:\\\/\\\/www.loire-gourmande.fr\\\/de\\\/\",\"name\":\"Loire Gourmande, une \u00e9tape savoureuse\",\"description\":\"une d\u00e9gustation \u00e0 toute heure et une boutique \u00e0 visiter \u00e0 Turquant (49)\",\"publisher\":{\"@id\":\"https:\\\/\\\/www.loire-gourmande.fr\\\/de\\\/#organization\"},\"potentialAction\":[{\"@type\":\"SearchAction\",\"target\":{\"@type\":\"EntryPoint\",\"urlTemplate\":\"https:\\\/\\\/www.loire-gourmande.fr\\\/de\\\/?s={search_term_string}\"},\"query-input\":{\"@type\":\"PropertyValueSpecification\",\"valueRequired\":true,\"valueName\":\"search_term_string\"}}],\"inLanguage\":\"de\"},{\"@type\":\"Organization\",\"@id\":\"https:\\\/\\\/www.loire-gourmande.fr\\\/de\\\/#organization\",\"name\":\"Loire Gourmande - Schnellrestaurant und Besuch in Turquant (49)\",\"url\":\"https:\\\/\\\/www.loire-gourmande.fr\\\/de\\\/\",\"logo\":{\"@type\":\"ImageObject\",\"inLanguage\":\"de\",\"@id\":\"https:\\\/\\\/www.loire-gourmande.fr\\\/de\\\/#\\\/schema\\\/logo\\\/image\\\/\",\"url\":\"https:\\\/\\\/www.loire-gourmande.fr\\\/wp-content\\\/uploads\\\/2020\\\/10\\\/loire-gourmande-logo.jpg\",\"contentUrl\":\"https:\\\/\\\/www.loire-gourmande.fr\\\/wp-content\\\/uploads\\\/2020\\\/10\\\/loire-gourmande-logo.jpg\",\"width\":800,\"height\":415,\"caption\":\"Loire Gourmande - Schnellrestaurant und Besuch in Turquant (49)\"},\"image\":{\"@id\":\"https:\\\/\\\/www.loire-gourmande.fr\\\/de\\\/#\\\/schema\\\/logo\\\/image\\\/\"},\"sameAs\":[\"https:\\\/\\\/www.facebook.com\\\/Loire-Gourmande-Turquant-101991328328493\\\/\",\"https:\\\/\\\/www.instagram.com\\\/jean_yves_auradon\\\/?igshid=1ta3mfjka326t\"]}]}<\/script>\n<!-- \/ Yoast SEO plugin. -->","yoast_head_json":{"title":"SAINT NICOLAS DE BOURGUEIL AOP ROUGE PIERRE LANE DOMAINE ROCHOUARD - Loire Gourmande - une \u00e9tape savoureuse","description":"SAINT NICOLAS DE BOURGUEIL AOP ROUGE PIERRE LANE DOMAINE ROCHOUARD. Weine von der Loire. Bestellung im Weinkeller auf der Website von Loire Gourmande. Weinh\u00e4ndler in Turquant (49).","robots":{"index":"index","follow":"follow","max-snippet":"max-snippet:-1","max-image-preview":"max-image-preview:large","max-video-preview":"max-video-preview:-1"},"canonical":"https:\/\/www.loire-gourmande.fr\/de\/Produkt\/saint-nicolas-de-bourgueil-aop-rouge-pierre-lane-domaine-rochouard\/","og_locale":"de_DE","og_type":"article","og_title":"SAINT NICOLAS DE BOURGUEIL AOP ROUGE PIERRE LANE DOMAINE ROCHOUARD - Loire Gourmande - une \u00e9tape savoureuse","og_description":"SAINT NICOLAS DE BOURGUEIL AOP ROUGE PIERRE LANE DOMAINE ROCHOUARD. Weine von der Loire. Bestellung im Weinkeller auf der Website von Loire Gourmande. Weinh\u00e4ndler in Turquant (49).","og_url":"https:\/\/www.loire-gourmande.fr\/de\/Produkt\/saint-nicolas-de-bourgueil-aop-rouge-pierre-lane-domaine-rochouard\/","og_site_name":"Loire Gourmande - une \u00e9tape savoureuse","article_publisher":"https:\/\/www.facebook.com\/Loire-Gourmande-Turquant-101991328328493\/","article_modified_time":"2025-05-27T15:27:52+00:00","og_image":[{"width":1500,"height":2000,"url":"https:\/\/www.loire-gourmande.fr\/wp-content\/uploads\/2021\/04\/LA-PIERRE-DU-LANE-2021.jpg","type":"image\/jpeg"}],"twitter_card":"summary_large_image","twitter_misc":{"Gesch\u00e4tzte Lesezeit":"1\u00a0Minute"},"schema":{"@context":"https:\/\/schema.org","@graph":[{"@type":"WebPage","@id":"https:\/\/www.loire-gourmande.fr\/de\/Produkt\/saint-nicolas-de-bourgueil-aop-rouge-pierre-lane-domaine-rochouard\/","url":"https:\/\/www.loire-gourmande.fr\/de\/Produkt\/saint-nicolas-de-bourgueil-aop-rouge-pierre-lane-domaine-rochouard\/","name":"SAINT NICOLAS DE BOURGUEIL AOP ROUGE PIERRE LANE DOMAINE ROCHOUARD - Loire Gourmande - une \u00e9tape savoureuse","isPartOf":{"@id":"https:\/\/www.loire-gourmande.fr\/de\/#website"},"primaryImageOfPage":{"@id":"https:\/\/www.loire-gourmande.fr\/de\/Produkt\/saint-nicolas-de-bourgueil-aop-rouge-pierre-lane-domaine-rochouard\/#primaryimage"},"image":{"@id":"https:\/\/www.loire-gourmande.fr\/de\/Produkt\/saint-nicolas-de-bourgueil-aop-rouge-pierre-lane-domaine-rochouard\/#primaryimage"},"thumbnailUrl":"https:\/\/www.loire-gourmande.fr\/wp-content\/uploads\/2021\/04\/LA-PIERRE-DU-LANE-2021.jpg","datePublished":"2021-04-29T10:05:51+00:00","dateModified":"2025-05-27T15:27:52+00:00","description":"SAINT NICOLAS DE BOURGUEIL AOP ROUGE PIERRE LANE DOMAINE ROCHOUARD. Weine von der Loire. Bestellung im Weinkeller auf der Website von Loire Gourmande. Weinh\u00e4ndler in Turquant (49).","breadcrumb":{"@id":"https:\/\/www.loire-gourmande.fr\/de\/Produkt\/saint-nicolas-de-bourgueil-aop-rouge-pierre-lane-domaine-rochouard\/#breadcrumb"},"inLanguage":"de","potentialAction":[{"@type":"ReadAction","target":["https:\/\/www.loire-gourmande.fr\/de\/Produkt\/saint-nicolas-de-bourgueil-aop-rouge-pierre-lane-domaine-rochouard\/"]}]},{"@type":"ImageObject","inLanguage":"de","@id":"https:\/\/www.loire-gourmande.fr\/de\/Produkt\/saint-nicolas-de-bourgueil-aop-rouge-pierre-lane-domaine-rochouard\/#primaryimage","url":"https:\/\/www.loire-gourmande.fr\/wp-content\/uploads\/2021\/04\/LA-PIERRE-DU-LANE-2021.jpg","contentUrl":"https:\/\/www.loire-gourmande.fr\/wp-content\/uploads\/2021\/04\/LA-PIERRE-DU-LANE-2021.jpg","width":1500,"height":2000},{"@type":"BreadcrumbList","@id":"https:\/\/www.loire-gourmande.fr\/de\/Produkt\/saint-nicolas-de-bourgueil-aop-rouge-pierre-lane-domaine-rochouard\/#breadcrumb","itemListElement":[{"@type":"ListItem","position":1,"name":"Startseite","item":"https:\/\/www.loire-gourmande.fr\/de\/"},{"@type":"ListItem","position":2,"name":"Die Boutique de Loire Gourmande: die Weine der Loire","item":"https:\/\/www.loire-gourmande.fr\/de\/woocommerce\/"},{"@type":"ListItem","position":3,"name":"Die Weine","item":"https:\/\/www.loire-gourmande.fr\/de\/Produktkategorie\/die-weine\/"},{"@type":"ListItem","position":4,"name":"SAINT NICOLAS DE BOURGUEIL AOP ROUGE PIERRE LANE DOMAINE ROCHOUARD"}]},{"@type":"WebSite","@id":"https:\/\/www.loire-gourmande.fr\/de\/#website","url":"https:\/\/www.loire-gourmande.fr\/de\/","name":"Loire Gourmande, une \u00e9tape savoureuse","description":"une d\u00e9gustation \u00e0 toute heure et une boutique \u00e0 visiter \u00e0 Turquant (49)","publisher":{"@id":"https:\/\/www.loire-gourmande.fr\/de\/#organization"},"potentialAction":[{"@type":"SearchAction","target":{"@type":"EntryPoint","urlTemplate":"https:\/\/www.loire-gourmande.fr\/de\/?s={search_term_string}"},"query-input":{"@type":"PropertyValueSpecification","valueRequired":true,"valueName":"search_term_string"}}],"inLanguage":"de"},{"@type":"Organization","@id":"https:\/\/www.loire-gourmande.fr\/de\/#organization","name":"Loire Gourmande - Schnellrestaurant und Besuch in Turquant (49)","url":"https:\/\/www.loire-gourmande.fr\/de\/","logo":{"@type":"ImageObject","inLanguage":"de","@id":"https:\/\/www.loire-gourmande.fr\/de\/#\/schema\/logo\/image\/","url":"https:\/\/www.loire-gourmande.fr\/wp-content\/uploads\/2020\/10\/loire-gourmande-logo.jpg","contentUrl":"https:\/\/www.loire-gourmande.fr\/wp-content\/uploads\/2020\/10\/loire-gourmande-logo.jpg","width":800,"height":415,"caption":"Loire Gourmande - Schnellrestaurant und Besuch in Turquant (49)"},"image":{"@id":"https:\/\/www.loire-gourmande.fr\/de\/#\/schema\/logo\/image\/"},"sameAs":["https:\/\/www.facebook.com\/Loire-Gourmande-Turquant-101991328328493\/","https:\/\/www.instagram.com\/jean_yves_auradon\/?igshid=1ta3mfjka326t"]}]}},"_links":{"self":[{"href":"https:\/\/www.loire-gourmande.fr\/de\/wp-json\/wp\/v2\/product\/11452","targetHints":{"allow":["GET"]}}],"collection":[{"href":"https:\/\/www.loire-gourmande.fr\/de\/wp-json\/wp\/v2\/product"}],"about":[{"href":"https:\/\/www.loire-gourmande.fr\/de\/wp-json\/wp\/v2\/types\/product"}],"version-history":[{"count":2,"href":"https:\/\/www.loire-gourmande.fr\/de\/wp-json\/wp\/v2\/product\/11452\/revisions"}],"predecessor-version":[{"id":13158,"href":"https:\/\/www.loire-gourmande.fr\/de\/wp-json\/wp\/v2\/product\/11452\/revisions\/13158"}],"wp:featuredmedia":[{"embeddable":true,"href":"https:\/\/www.loire-gourmande.fr\/de\/wp-json\/wp\/v2\/media\/11453"}],"wp:attachment":[{"href":"https:\/\/www.loire-gourmande.fr\/de\/wp-json\/wp\/v2\/media?parent=11452"}],"wp:term":[{"taxonomy":"product_brand","embeddable":true,"href":"https:\/\/www.loire-gourmande.fr\/de\/wp-json\/wp\/v2\/product_brand?post=11452"},{"taxonomy":"product_cat","embeddable":true,"href":"https:\/\/www.loire-gourmande.fr\/de\/wp-json\/wp\/v2\/product_cat?post=11452"},{"taxonomy":"product_tag","embeddable":true,"href":"https:\/\/www.loire-gourmande.fr\/de\/wp-json\/wp\/v2\/product_tag?post=11452"}],"curies":[{"name":"wp","href":"https:\/\/api.w.org\/{rel}","templated":true}]}}