{"id":11456,"date":"2021-04-29T10:05:33","date_gmt":"2021-04-29T09:05:33","guid":{"rendered":"https:\/\/www.loire-gourmande.fr\/produit\/dpo-anjou-villages-brissac-domaine-la-belle-etoile\/"},"modified":"2021-04-29T10:05:33","modified_gmt":"2021-04-29T10:05:33","slug":"dpo-anjou-villages-brissac-domaine-la-belle-etoile","status":"publish","type":"product","link":"https:\/\/www.loire-gourmande.fr\/de\/Produkt\/dpo-anjou-villages-brissac-domaine-la-belle-etoile\/","title":{"rendered":"DPO ANJOU VILLAGES BRISSAC DOMAINE LA BELLE \u00c9TOILE"},"content":{"rendered":"<p>Wein aus einem Terroir aus Austernmergel auf Lehm-Kalkstein.<\/p>\n<p>Die Trauben wurden bei sehr guter Reife geerntet und zu 100% entrappt. Einmonatige Mazeration zur Verbesserung der Farbextraktion und der komplexen Struktur.<\/p>\n<p>12 Monate in Eichenf\u00e4ssern gereift.<\/p>\n<p>Farbe: Tiefes Granatrot. Feine Nase, zarte Aromen von roten Fr\u00fcchten, Cassis, Johannisbeere, die auf reif geerntete Trauben hinweisen.<br \/>\nAngenehme und ausgewogene Struktur.<br \/>\n<span style=\"font-size: 15pt;\">Passt zu Speisen und Weinen :<\/span><\/p>\n<p>Wurstwaren, schmackhaftes Fleisch, Wild, So\u00dfen und K\u00e4se<\/p>\n","protected":false},"excerpt":{"rendered":"<p><span style=\"font-size: 18pt;\"><em><strong>ANJOU VILLAGES BRISSAC DOMAINE LA BELLE \u00c9TOILE<\/strong><\/em><\/span><\/p>\n<p>Wein aus einem Terroir aus Austernmergel auf Lehm-Kalkstein.<\/p>\n<p>Die Trauben wurden bei sehr guter Reife geerntet und zu 100% entrappt. Einmonatige Mazeration zur Verbesserung der Farbextraktion und der komplexen Struktur.<\/p>\n<p>12 Monate in Eichenf\u00e4ssern gereift.<\/p>\n","protected":false},"featured_media":11457,"template":"","meta":{"inline_featured_image":false},"product_brand":[],"product_cat":[602,600,601],"product_tag":[620,708,605,716,615],"class_list":{"0":"post-11456","1":"product","2":"type-product","3":"status-publish","4":"has-post-thumbnail","6":"product_cat-anjou-de","7":"product_cat-die-weine","8":"product_cat-rot","9":"product_tag-fleisch","10":"product_tag-guard-de","11":"product_tag-kase","12":"product_tag-rot","13":"product_tag-wein","14":"product_shipping_class-flasche","16":"first","17":"instock","18":"featured","19":"taxable","20":"shipping-taxable","21":"purchasable","22":"product-type-simple"},"yoast_head":"<!-- This site is optimized with the Yoast SEO plugin v27.6 - https:\/\/yoast.com\/product\/yoast-seo-wordpress\/ -->\n<title>DPO ANJOU VILLAGES BRISSAC DOMAINE LA BELLE \u00c9TOILE - Loire Gourmande - une \u00e9tape savoureuse<\/title>\n<meta name=\"description\" content=\"Die Trauben wurden bei sehr guter Reife geerntet und zu 100% entrappt. Einmonatige Mazeration zur Verbesserung der Farbextraktion und der komplexen Struktur. 12 Monate in Eichenf\u00e4ssern gereift. intensive granatrote Farbe. Feine Nase, zarte Aromen von roten Fr\u00fcchten, Cassis, Johannisbeeren, die auf reif geerntete Trauben hinweisen. Angenehme und ausgewogene Struktur. Passt zu: kaltem Fleisch, herzhaftem Fleisch, Wild, So\u00dfen und K\u00e4se.\" \/>\n<meta name=\"robots\" content=\"index, follow, max-snippet:-1, max-image-preview:large, max-video-preview:-1\" \/>\n<link rel=\"canonical\" href=\"https:\/\/www.loire-gourmande.fr\/de\/Produkt\/dpo-anjou-villages-brissac-domaine-la-belle-etoile\/\" \/>\n<meta property=\"og:locale\" content=\"de_DE\" \/>\n<meta property=\"og:type\" content=\"article\" \/>\n<meta property=\"og:title\" content=\"DPO ANJOU VILLAGES BRISSAC DOMAINE LA BELLE \u00c9TOILE - Loire Gourmande - une \u00e9tape savoureuse\" \/>\n<meta property=\"og:description\" content=\"Die Trauben wurden bei sehr guter Reife geerntet und zu 100% entrappt. Einmonatige Mazeration zur Verbesserung der Farbextraktion und der komplexen Struktur. 12 Monate in Eichenf\u00e4ssern gereift. intensive granatrote Farbe. Feine Nase, zarte Aromen von roten Fr\u00fcchten, Cassis, Johannisbeeren, die auf reif geerntete Trauben hinweisen. Angenehme und ausgewogene Struktur. Passt zu: kaltem Fleisch, herzhaftem Fleisch, Wild, So\u00dfen und K\u00e4se.\" \/>\n<meta property=\"og:url\" content=\"https:\/\/www.loire-gourmande.fr\/de\/Produkt\/dpo-anjou-villages-brissac-domaine-la-belle-etoile\/\" \/>\n<meta property=\"og:site_name\" content=\"Loire Gourmande - une \u00e9tape savoureuse\" \/>\n<meta property=\"article:publisher\" content=\"https:\/\/www.facebook.com\/Loire-Gourmande-Turquant-101991328328493\/\" \/>\n<meta property=\"article:modified_time\" content=\"2021-04-29T10:05:33+00:00\" \/>\n<meta property=\"og:image\" content=\"https:\/\/www.loire-gourmande.fr\/wp-content\/uploads\/2021\/04\/2ANJVILBRIBELETO13RGE-Rouge-Anjou-villages-Brissac-Domaine-Belle-Etoile-2013.png\" \/>\n\t<meta property=\"og:image:width\" content=\"1200\" \/>\n\t<meta property=\"og:image:height\" content=\"1200\" \/>\n\t<meta property=\"og:image:type\" content=\"image\/png\" \/>\n<meta name=\"twitter:card\" content=\"summary_large_image\" \/>\n<script type=\"application\/ld+json\" class=\"yoast-schema-graph\">{\"@context\":\"https:\\\/\\\/schema.org\",\"@graph\":[{\"@type\":\"WebPage\",\"@id\":\"https:\\\/\\\/www.loire-gourmande.fr\\\/de\\\/Produkt\\\/dpo-anjou-villages-brissac-domaine-la-belle-etoile\\\/\",\"url\":\"https:\\\/\\\/www.loire-gourmande.fr\\\/de\\\/Produkt\\\/dpo-anjou-villages-brissac-domaine-la-belle-etoile\\\/\",\"name\":\"DPO ANJOU VILLAGES BRISSAC DOMAINE LA BELLE \u00c9TOILE - Loire Gourmande - une \u00e9tape savoureuse\",\"isPartOf\":{\"@id\":\"https:\\\/\\\/www.loire-gourmande.fr\\\/de\\\/#website\"},\"primaryImageOfPage\":{\"@id\":\"https:\\\/\\\/www.loire-gourmande.fr\\\/de\\\/Produkt\\\/dpo-anjou-villages-brissac-domaine-la-belle-etoile\\\/#primaryimage\"},\"image\":{\"@id\":\"https:\\\/\\\/www.loire-gourmande.fr\\\/de\\\/Produkt\\\/dpo-anjou-villages-brissac-domaine-la-belle-etoile\\\/#primaryimage\"},\"thumbnailUrl\":\"https:\\\/\\\/www.loire-gourmande.fr\\\/wp-content\\\/uploads\\\/2021\\\/04\\\/2ANJVILBRIBELETO13RGE-Rouge-Anjou-villages-Brissac-Domaine-Belle-Etoile-2013.png\",\"datePublished\":\"2021-04-29T09:05:33+00:00\",\"dateModified\":\"2021-04-29T10:05:33+00:00\",\"description\":\"Die Trauben wurden bei sehr guter Reife geerntet und zu 100% entrappt. Einmonatige Mazeration zur Verbesserung der Farbextraktion und der komplexen Struktur. 12 Monate in Eichenf\u00e4ssern gereift. intensive granatrote Farbe. Feine Nase, zarte Aromen von roten Fr\u00fcchten, Cassis, Johannisbeeren, die auf reif geerntete Trauben hinweisen. Angenehme und ausgewogene Struktur. Passt zu: kaltem Fleisch, herzhaftem Fleisch, Wild, So\u00dfen und K\u00e4se.\",\"breadcrumb\":{\"@id\":\"https:\\\/\\\/www.loire-gourmande.fr\\\/de\\\/Produkt\\\/dpo-anjou-villages-brissac-domaine-la-belle-etoile\\\/#breadcrumb\"},\"inLanguage\":\"de\",\"potentialAction\":[{\"@type\":\"ReadAction\",\"target\":[\"https:\\\/\\\/www.loire-gourmande.fr\\\/de\\\/Produkt\\\/dpo-anjou-villages-brissac-domaine-la-belle-etoile\\\/\"]}]},{\"@type\":\"ImageObject\",\"inLanguage\":\"de\",\"@id\":\"https:\\\/\\\/www.loire-gourmande.fr\\\/de\\\/Produkt\\\/dpo-anjou-villages-brissac-domaine-la-belle-etoile\\\/#primaryimage\",\"url\":\"https:\\\/\\\/www.loire-gourmande.fr\\\/wp-content\\\/uploads\\\/2021\\\/04\\\/2ANJVILBRIBELETO13RGE-Rouge-Anjou-villages-Brissac-Domaine-Belle-Etoile-2013.png\",\"contentUrl\":\"https:\\\/\\\/www.loire-gourmande.fr\\\/wp-content\\\/uploads\\\/2021\\\/04\\\/2ANJVILBRIBELETO13RGE-Rouge-Anjou-villages-Brissac-Domaine-Belle-Etoile-2013.png\",\"width\":1200,\"height\":1200},{\"@type\":\"BreadcrumbList\",\"@id\":\"https:\\\/\\\/www.loire-gourmande.fr\\\/de\\\/Produkt\\\/dpo-anjou-villages-brissac-domaine-la-belle-etoile\\\/#breadcrumb\",\"itemListElement\":[{\"@type\":\"ListItem\",\"position\":1,\"name\":\"Startseite\",\"item\":\"https:\\\/\\\/www.loire-gourmande.fr\\\/de\\\/\"},{\"@type\":\"ListItem\",\"position\":2,\"name\":\"Die Boutique de Loire Gourmande: die Weine der Loire\",\"item\":\"https:\\\/\\\/www.loire-gourmande.fr\\\/de\\\/woocommerce\\\/\"},{\"@type\":\"ListItem\",\"position\":3,\"name\":\"Die Weine\",\"item\":\"https:\\\/\\\/www.loire-gourmande.fr\\\/de\\\/Produktkategorie\\\/die-weine\\\/\"},{\"@type\":\"ListItem\",\"position\":4,\"name\":\"DPO ANJOU VILLAGES BRISSAC DOMAINE LA BELLE \u00c9TOILE\"}]},{\"@type\":\"WebSite\",\"@id\":\"https:\\\/\\\/www.loire-gourmande.fr\\\/de\\\/#website\",\"url\":\"https:\\\/\\\/www.loire-gourmande.fr\\\/de\\\/\",\"name\":\"Loire Gourmande, une \u00e9tape savoureuse\",\"description\":\"une d\u00e9gustation \u00e0 toute heure et une boutique \u00e0 visiter \u00e0 Turquant (49)\",\"publisher\":{\"@id\":\"https:\\\/\\\/www.loire-gourmande.fr\\\/de\\\/#organization\"},\"potentialAction\":[{\"@type\":\"SearchAction\",\"target\":{\"@type\":\"EntryPoint\",\"urlTemplate\":\"https:\\\/\\\/www.loire-gourmande.fr\\\/de\\\/?s={search_term_string}\"},\"query-input\":{\"@type\":\"PropertyValueSpecification\",\"valueRequired\":true,\"valueName\":\"search_term_string\"}}],\"inLanguage\":\"de\"},{\"@type\":\"Organization\",\"@id\":\"https:\\\/\\\/www.loire-gourmande.fr\\\/de\\\/#organization\",\"name\":\"Loire Gourmande - Schnellrestaurant und Besuch in Turquant (49)\",\"url\":\"https:\\\/\\\/www.loire-gourmande.fr\\\/de\\\/\",\"logo\":{\"@type\":\"ImageObject\",\"inLanguage\":\"de\",\"@id\":\"https:\\\/\\\/www.loire-gourmande.fr\\\/de\\\/#\\\/schema\\\/logo\\\/image\\\/\",\"url\":\"https:\\\/\\\/www.loire-gourmande.fr\\\/wp-content\\\/uploads\\\/2020\\\/10\\\/loire-gourmande-logo.jpg\",\"contentUrl\":\"https:\\\/\\\/www.loire-gourmande.fr\\\/wp-content\\\/uploads\\\/2020\\\/10\\\/loire-gourmande-logo.jpg\",\"width\":800,\"height\":415,\"caption\":\"Loire Gourmande - Schnellrestaurant und Besuch in Turquant (49)\"},\"image\":{\"@id\":\"https:\\\/\\\/www.loire-gourmande.fr\\\/de\\\/#\\\/schema\\\/logo\\\/image\\\/\"},\"sameAs\":[\"https:\\\/\\\/www.facebook.com\\\/Loire-Gourmande-Turquant-101991328328493\\\/\",\"https:\\\/\\\/www.instagram.com\\\/jean_yves_auradon\\\/?igshid=1ta3mfjka326t\"]}]}<\/script>\n<!-- \/ Yoast SEO plugin. -->","yoast_head_json":{"title":"DPO ANJOU VILLAGES BRISSAC DOMAINE LA BELLE \u00c9TOILE - Loire Gourmande - une \u00e9tape savoureuse","description":"Die Trauben wurden bei sehr guter Reife geerntet und zu 100% entrappt. Einmonatige Mazeration zur Verbesserung der Farbextraktion und der komplexen Struktur. 12 Monate in Eichenf\u00e4ssern gereift. intensive granatrote Farbe. Feine Nase, zarte Aromen von roten Fr\u00fcchten, Cassis, Johannisbeeren, die auf reif geerntete Trauben hinweisen. Angenehme und ausgewogene Struktur. Passt zu: kaltem Fleisch, herzhaftem Fleisch, Wild, So\u00dfen und K\u00e4se.","robots":{"index":"index","follow":"follow","max-snippet":"max-snippet:-1","max-image-preview":"max-image-preview:large","max-video-preview":"max-video-preview:-1"},"canonical":"https:\/\/www.loire-gourmande.fr\/de\/Produkt\/dpo-anjou-villages-brissac-domaine-la-belle-etoile\/","og_locale":"de_DE","og_type":"article","og_title":"DPO ANJOU VILLAGES BRISSAC DOMAINE LA BELLE \u00c9TOILE - Loire Gourmande - une \u00e9tape savoureuse","og_description":"Die Trauben wurden bei sehr guter Reife geerntet und zu 100% entrappt. Einmonatige Mazeration zur Verbesserung der Farbextraktion und der komplexen Struktur. 12 Monate in Eichenf\u00e4ssern gereift. intensive granatrote Farbe. Feine Nase, zarte Aromen von roten Fr\u00fcchten, Cassis, Johannisbeeren, die auf reif geerntete Trauben hinweisen. Angenehme und ausgewogene Struktur. Passt zu: kaltem Fleisch, herzhaftem Fleisch, Wild, So\u00dfen und K\u00e4se.","og_url":"https:\/\/www.loire-gourmande.fr\/de\/Produkt\/dpo-anjou-villages-brissac-domaine-la-belle-etoile\/","og_site_name":"Loire Gourmande - une \u00e9tape savoureuse","article_publisher":"https:\/\/www.facebook.com\/Loire-Gourmande-Turquant-101991328328493\/","article_modified_time":"2021-04-29T10:05:33+00:00","og_image":[{"width":1200,"height":1200,"url":"https:\/\/www.loire-gourmande.fr\/wp-content\/uploads\/2021\/04\/2ANJVILBRIBELETO13RGE-Rouge-Anjou-villages-Brissac-Domaine-Belle-Etoile-2013.png","type":"image\/png"}],"twitter_card":"summary_large_image","schema":{"@context":"https:\/\/schema.org","@graph":[{"@type":"WebPage","@id":"https:\/\/www.loire-gourmande.fr\/de\/Produkt\/dpo-anjou-villages-brissac-domaine-la-belle-etoile\/","url":"https:\/\/www.loire-gourmande.fr\/de\/Produkt\/dpo-anjou-villages-brissac-domaine-la-belle-etoile\/","name":"DPO ANJOU VILLAGES BRISSAC DOMAINE LA BELLE \u00c9TOILE - Loire Gourmande - une \u00e9tape savoureuse","isPartOf":{"@id":"https:\/\/www.loire-gourmande.fr\/de\/#website"},"primaryImageOfPage":{"@id":"https:\/\/www.loire-gourmande.fr\/de\/Produkt\/dpo-anjou-villages-brissac-domaine-la-belle-etoile\/#primaryimage"},"image":{"@id":"https:\/\/www.loire-gourmande.fr\/de\/Produkt\/dpo-anjou-villages-brissac-domaine-la-belle-etoile\/#primaryimage"},"thumbnailUrl":"https:\/\/www.loire-gourmande.fr\/wp-content\/uploads\/2021\/04\/2ANJVILBRIBELETO13RGE-Rouge-Anjou-villages-Brissac-Domaine-Belle-Etoile-2013.png","datePublished":"2021-04-29T09:05:33+00:00","dateModified":"2021-04-29T10:05:33+00:00","description":"Die Trauben wurden bei sehr guter Reife geerntet und zu 100% entrappt. Einmonatige Mazeration zur Verbesserung der Farbextraktion und der komplexen Struktur. 12 Monate in Eichenf\u00e4ssern gereift. intensive granatrote Farbe. Feine Nase, zarte Aromen von roten Fr\u00fcchten, Cassis, Johannisbeeren, die auf reif geerntete Trauben hinweisen. Angenehme und ausgewogene Struktur. Passt zu: kaltem Fleisch, herzhaftem Fleisch, Wild, So\u00dfen und K\u00e4se.","breadcrumb":{"@id":"https:\/\/www.loire-gourmande.fr\/de\/Produkt\/dpo-anjou-villages-brissac-domaine-la-belle-etoile\/#breadcrumb"},"inLanguage":"de","potentialAction":[{"@type":"ReadAction","target":["https:\/\/www.loire-gourmande.fr\/de\/Produkt\/dpo-anjou-villages-brissac-domaine-la-belle-etoile\/"]}]},{"@type":"ImageObject","inLanguage":"de","@id":"https:\/\/www.loire-gourmande.fr\/de\/Produkt\/dpo-anjou-villages-brissac-domaine-la-belle-etoile\/#primaryimage","url":"https:\/\/www.loire-gourmande.fr\/wp-content\/uploads\/2021\/04\/2ANJVILBRIBELETO13RGE-Rouge-Anjou-villages-Brissac-Domaine-Belle-Etoile-2013.png","contentUrl":"https:\/\/www.loire-gourmande.fr\/wp-content\/uploads\/2021\/04\/2ANJVILBRIBELETO13RGE-Rouge-Anjou-villages-Brissac-Domaine-Belle-Etoile-2013.png","width":1200,"height":1200},{"@type":"BreadcrumbList","@id":"https:\/\/www.loire-gourmande.fr\/de\/Produkt\/dpo-anjou-villages-brissac-domaine-la-belle-etoile\/#breadcrumb","itemListElement":[{"@type":"ListItem","position":1,"name":"Startseite","item":"https:\/\/www.loire-gourmande.fr\/de\/"},{"@type":"ListItem","position":2,"name":"Die Boutique de Loire Gourmande: die Weine der Loire","item":"https:\/\/www.loire-gourmande.fr\/de\/woocommerce\/"},{"@type":"ListItem","position":3,"name":"Die Weine","item":"https:\/\/www.loire-gourmande.fr\/de\/Produktkategorie\/die-weine\/"},{"@type":"ListItem","position":4,"name":"DPO ANJOU VILLAGES BRISSAC DOMAINE LA BELLE \u00c9TOILE"}]},{"@type":"WebSite","@id":"https:\/\/www.loire-gourmande.fr\/de\/#website","url":"https:\/\/www.loire-gourmande.fr\/de\/","name":"Loire Gourmande, une \u00e9tape savoureuse","description":"une d\u00e9gustation \u00e0 toute heure et une boutique \u00e0 visiter \u00e0 Turquant (49)","publisher":{"@id":"https:\/\/www.loire-gourmande.fr\/de\/#organization"},"potentialAction":[{"@type":"SearchAction","target":{"@type":"EntryPoint","urlTemplate":"https:\/\/www.loire-gourmande.fr\/de\/?s={search_term_string}"},"query-input":{"@type":"PropertyValueSpecification","valueRequired":true,"valueName":"search_term_string"}}],"inLanguage":"de"},{"@type":"Organization","@id":"https:\/\/www.loire-gourmande.fr\/de\/#organization","name":"Loire Gourmande - Schnellrestaurant und Besuch in Turquant (49)","url":"https:\/\/www.loire-gourmande.fr\/de\/","logo":{"@type":"ImageObject","inLanguage":"de","@id":"https:\/\/www.loire-gourmande.fr\/de\/#\/schema\/logo\/image\/","url":"https:\/\/www.loire-gourmande.fr\/wp-content\/uploads\/2020\/10\/loire-gourmande-logo.jpg","contentUrl":"https:\/\/www.loire-gourmande.fr\/wp-content\/uploads\/2020\/10\/loire-gourmande-logo.jpg","width":800,"height":415,"caption":"Loire Gourmande - Schnellrestaurant und Besuch in Turquant (49)"},"image":{"@id":"https:\/\/www.loire-gourmande.fr\/de\/#\/schema\/logo\/image\/"},"sameAs":["https:\/\/www.facebook.com\/Loire-Gourmande-Turquant-101991328328493\/","https:\/\/www.instagram.com\/jean_yves_auradon\/?igshid=1ta3mfjka326t"]}]}},"_links":{"self":[{"href":"https:\/\/www.loire-gourmande.fr\/de\/wp-json\/wp\/v2\/product\/11456","targetHints":{"allow":["GET"]}}],"collection":[{"href":"https:\/\/www.loire-gourmande.fr\/de\/wp-json\/wp\/v2\/product"}],"about":[{"href":"https:\/\/www.loire-gourmande.fr\/de\/wp-json\/wp\/v2\/types\/product"}],"version-history":[{"count":0,"href":"https:\/\/www.loire-gourmande.fr\/de\/wp-json\/wp\/v2\/product\/11456\/revisions"}],"wp:featuredmedia":[{"embeddable":true,"href":"https:\/\/www.loire-gourmande.fr\/de\/wp-json\/wp\/v2\/media\/11457"}],"wp:attachment":[{"href":"https:\/\/www.loire-gourmande.fr\/de\/wp-json\/wp\/v2\/media?parent=11456"}],"wp:term":[{"taxonomy":"product_brand","embeddable":true,"href":"https:\/\/www.loire-gourmande.fr\/de\/wp-json\/wp\/v2\/product_brand?post=11456"},{"taxonomy":"product_cat","embeddable":true,"href":"https:\/\/www.loire-gourmande.fr\/de\/wp-json\/wp\/v2\/product_cat?post=11456"},{"taxonomy":"product_tag","embeddable":true,"href":"https:\/\/www.loire-gourmande.fr\/de\/wp-json\/wp\/v2\/product_tag?post=11456"}],"curies":[{"name":"wp","href":"https:\/\/api.w.org\/{rel}","templated":true}]}}