{"id":12342,"date":"2025-02-15T15:09:54","date_gmt":"2025-02-15T14:09:54","guid":{"rendered":"https:\/\/www.loire-gourmande.fr\/produit\/tradition-saumur-blanc-chateau-de-la-fessardiere-2023\/"},"modified":"2025-03-26T16:40:49","modified_gmt":"2025-03-26T15:40:49","slug":"tradition-saumur-blanc-chateau-de-la-fessardiere-2023","status":"publish","type":"product","link":"https:\/\/www.loire-gourmande.fr\/de\/Produkt\/tradition-saumur-blanc-chateau-de-la-fessardiere-2023\/","title":{"rendered":"TRADITION SAUMUR BLANC CHATEAU DE LA FESSARDIERE 2023"},"content":{"rendered":"<div>\n<div class=\"uppercase font-semibold font-din2014narrow\">VINIFIKATION<\/div>\n<div>\n<p class=\"editor-paragraph\" dir=\"ltr\">Erste Sortierung der Chenin. Etwa viermonatige Reifung, bei der mit feiner Hefe gearbeitet wird, um eine gro\u00dfe aromatische Finesse zu erreichen. Die Flaschenabf\u00fcllung erfolgt Anfang des Jahres.  <\/p>\n<\/div>\n<\/div>\n<div>\n<div class=\"uppercase font-semibold font-din2014narrow\">VERKOSTUNG<\/div>\n<div>\n<p class=\"editor-paragraph\" dir=\"ltr\">Seine hellgelbe Farbe ist klar, Aromen von wei\u00dfen Blumen, der Auftakt ist frisch mit Noten von Zitrusfr\u00fcchten, gelber Zitrone, sch\u00f6ne Frische und Volumen im Mund.<\/p>\n<\/div>\n<\/div>\n<div>\n<div class=\"uppercase font-semibold font-din2014narrow\">SERVICE UND VEREINBARUNGEN<\/div>\n<div>\n<p class=\"editor-paragraph\" dir=\"ltr\">Servieren Sie ihn zwischen 8\u00b0 und 10\u00b0. Mit seiner Struktur und Nervosit\u00e4t passt er perfekt zu Austern und anderen Schalen- und Krustentieren und begleitet gerne gegrillten und gebratenen Fisch. Trinken Sie den Wein innerhalb eines Jahres, um seine Frische am Gaumen zu bewahren.  <\/p>\n<\/div>\n<\/div>\n","protected":false},"excerpt":{"rendered":"<p>Zwischen Anjou, Touraine und Poitou, im Herzen des Loiretals, liegt das Ch\u00e2teau de la Fessardi\u00e8re in Turquant, einem charmanten Dorf an der Loire, das f\u00fcr seine H\u00f6hlenwohnungen, seine Weinberge in den H\u00f6henlagen und die herrliche Landschaft der Loire unterhalb der wei\u00dfen Kreideklippen bekannt ist.<\/p>\n<p>Unsere Produktion stammt aus einer traditionellen und durchdachten Landwirtschaft mit der Zertifizierung HVE 3 (hohe Umweltwerte) durch die Integration und Entwicklung der Biodiversit\u00e4t in der F\u00fchrung unseres Betriebs. Das Weingut, das von der Familie Poitevin verwaltet wird, erstreckt sich \u00fcber die Gemeinden Turquant und Montsoreau, die Teil der AOC Saumur Champigny sind. Das Terroir besteht aus einem ton- und kalkhaltigen Boden und dem wertvollen Tuffstein im Untergrund. Dieser Tuffstein, der die kulturelle Identit\u00e4t des Loiretals mit seinen unz\u00e4hligen Schl\u00f6ssern, Abteien, St\u00e4dten und D\u00f6rfern pr\u00e4gt, bietet den Reben aufgrund seiner Porosit\u00e4t eine regelm\u00e4\u00dfige Wasserversorgung auch in trockenen Zeiten.  <\/p>\n","protected":false},"featured_media":12339,"template":"","meta":{"inline_featured_image":false},"product_brand":[],"product_cat":[602,660,608],"product_tag":[728,729,680],"class_list":{"0":"post-12342","1":"product","2":"type-product","3":"status-publish","4":"has-post-thumbnail","6":"product_cat-anjou-de","7":"product_cat-land-der-loire","8":"product_cat-weis","9":"product_tag-ein-schoner-fisch-aus-der-loire-in-sauce","10":"product_tag-friture-de-gougon-de","11":"product_tag-gegrillter-fisch","12":"product_shipping_class-flasche","14":"first","15":"instock","16":"taxable","17":"shipping-taxable","18":"purchasable","19":"product-type-simple"},"yoast_head":"<!-- This site is optimized with the Yoast SEO plugin v27.6 - https:\/\/yoast.com\/product\/yoast-seo-wordpress\/ -->\n<title>TRADITION SAUMUR BLANC CHATEAU DE LA FESSARDIERE 2023 - Loire Gourmande - une \u00e9tape savoureuse<\/title>\n<meta name=\"robots\" content=\"index, follow, max-snippet:-1, max-image-preview:large, max-video-preview:-1\" \/>\n<link rel=\"canonical\" href=\"https:\/\/www.loire-gourmande.fr\/de\/Produkt\/tradition-saumur-blanc-chateau-de-la-fessardiere-2023\/\" \/>\n<meta property=\"og:locale\" content=\"de_DE\" \/>\n<meta property=\"og:type\" content=\"article\" \/>\n<meta property=\"og:title\" content=\"TRADITION SAUMUR BLANC CHATEAU DE LA FESSARDIERE 2023 - Loire Gourmande - une \u00e9tape savoureuse\" \/>\n<meta property=\"og:description\" content=\"Zwischen Anjou, Touraine und Poitou, im Herzen des Loiretals, liegt das Ch\u00e2teau de la Fessardi\u00e8re in Turquant, einem charmanten Dorf an der Loire, das f\u00fcr seine H\u00f6hlenwohnungen, seine Weinberge in den H\u00f6henlagen und die herrliche Landschaft der Loire unterhalb der wei\u00dfen Kreideklippen bekannt ist. Unsere Produktion stammt aus einer traditionellen und durchdachten Landwirtschaft mit der Zertifizierung HVE 3 (hohe Umweltwerte) durch die Integration und Entwicklung der Biodiversit\u00e4t in der F\u00fchrung unseres Betriebs. Das Weingut, das von der Familie Poitevin verwaltet wird, erstreckt sich \u00fcber die Gemeinden Turquant und Montsoreau, die Teil der AOC Saumur Champigny sind. Das Terroir besteht aus einem ton- und kalkhaltigen Boden und dem wertvollen Tuffstein im Untergrund. Dieser Tuffstein, der die kulturelle Identit\u00e4t des Loiretals mit seinen unz\u00e4hligen Schl\u00f6ssern, Abteien, St\u00e4dten und D\u00f6rfern pr\u00e4gt, bietet den Reben aufgrund seiner Porosit\u00e4t eine regelm\u00e4\u00dfige Wasserversorgung auch in trockenen Zeiten.\" \/>\n<meta property=\"og:url\" content=\"https:\/\/www.loire-gourmande.fr\/de\/Produkt\/tradition-saumur-blanc-chateau-de-la-fessardiere-2023\/\" \/>\n<meta property=\"og:site_name\" content=\"Loire Gourmande - une \u00e9tape savoureuse\" \/>\n<meta property=\"article:publisher\" content=\"https:\/\/www.facebook.com\/Loire-Gourmande-Turquant-101991328328493\/\" \/>\n<meta property=\"article:modified_time\" content=\"2025-03-26T15:40:49+00:00\" \/>\n<meta property=\"og:image\" content=\"https:\/\/www.loire-gourmande.fr\/wp-content\/uploads\/2025\/02\/Tradition-Saumur-Blanc-de-la-Fessadiere.jpg\" \/>\n\t<meta property=\"og:image:width\" content=\"800\" \/>\n\t<meta property=\"og:image:height\" content=\"800\" \/>\n\t<meta property=\"og:image:type\" content=\"image\/jpeg\" \/>\n<meta name=\"twitter:card\" content=\"summary_large_image\" \/>\n<meta name=\"twitter:label1\" content=\"Gesch\u00e4tzte Lesezeit\" \/>\n\t<meta name=\"twitter:data1\" content=\"1\u00a0Minute\" \/>\n<script type=\"application\/ld+json\" class=\"yoast-schema-graph\">{\"@context\":\"https:\\\/\\\/schema.org\",\"@graph\":[{\"@type\":\"WebPage\",\"@id\":\"https:\\\/\\\/www.loire-gourmande.fr\\\/de\\\/Produkt\\\/tradition-saumur-blanc-chateau-de-la-fessardiere-2023\\\/\",\"url\":\"https:\\\/\\\/www.loire-gourmande.fr\\\/de\\\/Produkt\\\/tradition-saumur-blanc-chateau-de-la-fessardiere-2023\\\/\",\"name\":\"TRADITION SAUMUR BLANC CHATEAU DE LA FESSARDIERE 2023 - Loire Gourmande - une \u00e9tape savoureuse\",\"isPartOf\":{\"@id\":\"https:\\\/\\\/www.loire-gourmande.fr\\\/de\\\/#website\"},\"primaryImageOfPage\":{\"@id\":\"https:\\\/\\\/www.loire-gourmande.fr\\\/de\\\/Produkt\\\/tradition-saumur-blanc-chateau-de-la-fessardiere-2023\\\/#primaryimage\"},\"image\":{\"@id\":\"https:\\\/\\\/www.loire-gourmande.fr\\\/de\\\/Produkt\\\/tradition-saumur-blanc-chateau-de-la-fessardiere-2023\\\/#primaryimage\"},\"thumbnailUrl\":\"https:\\\/\\\/www.loire-gourmande.fr\\\/wp-content\\\/uploads\\\/2025\\\/02\\\/Tradition-Saumur-Blanc-de-la-Fessadiere.jpg\",\"datePublished\":\"2025-02-15T14:09:54+00:00\",\"dateModified\":\"2025-03-26T15:40:49+00:00\",\"breadcrumb\":{\"@id\":\"https:\\\/\\\/www.loire-gourmande.fr\\\/de\\\/Produkt\\\/tradition-saumur-blanc-chateau-de-la-fessardiere-2023\\\/#breadcrumb\"},\"inLanguage\":\"de\",\"potentialAction\":[{\"@type\":\"ReadAction\",\"target\":[\"https:\\\/\\\/www.loire-gourmande.fr\\\/de\\\/Produkt\\\/tradition-saumur-blanc-chateau-de-la-fessardiere-2023\\\/\"]}]},{\"@type\":\"ImageObject\",\"inLanguage\":\"de\",\"@id\":\"https:\\\/\\\/www.loire-gourmande.fr\\\/de\\\/Produkt\\\/tradition-saumur-blanc-chateau-de-la-fessardiere-2023\\\/#primaryimage\",\"url\":\"https:\\\/\\\/www.loire-gourmande.fr\\\/wp-content\\\/uploads\\\/2025\\\/02\\\/Tradition-Saumur-Blanc-de-la-Fessadiere.jpg\",\"contentUrl\":\"https:\\\/\\\/www.loire-gourmande.fr\\\/wp-content\\\/uploads\\\/2025\\\/02\\\/Tradition-Saumur-Blanc-de-la-Fessadiere.jpg\",\"width\":800,\"height\":800},{\"@type\":\"BreadcrumbList\",\"@id\":\"https:\\\/\\\/www.loire-gourmande.fr\\\/de\\\/Produkt\\\/tradition-saumur-blanc-chateau-de-la-fessardiere-2023\\\/#breadcrumb\",\"itemListElement\":[{\"@type\":\"ListItem\",\"position\":1,\"name\":\"Startseite\",\"item\":\"https:\\\/\\\/www.loire-gourmande.fr\\\/de\\\/\"},{\"@type\":\"ListItem\",\"position\":2,\"name\":\"Die Boutique de Loire Gourmande: die Weine der Loire\",\"item\":\"https:\\\/\\\/www.loire-gourmande.fr\\\/de\\\/woocommerce\\\/\"},{\"@type\":\"ListItem\",\"position\":3,\"name\":\"Land der Loire\",\"item\":\"https:\\\/\\\/www.loire-gourmande.fr\\\/de\\\/Produktkategorie\\\/land-der-loire\\\/\"},{\"@type\":\"ListItem\",\"position\":4,\"name\":\"TRADITION SAUMUR BLANC CHATEAU DE LA FESSARDIERE 2023\"}]},{\"@type\":\"WebSite\",\"@id\":\"https:\\\/\\\/www.loire-gourmande.fr\\\/de\\\/#website\",\"url\":\"https:\\\/\\\/www.loire-gourmande.fr\\\/de\\\/\",\"name\":\"Loire Gourmande, une \u00e9tape savoureuse\",\"description\":\"une d\u00e9gustation \u00e0 toute heure et une boutique \u00e0 visiter \u00e0 Turquant (49)\",\"publisher\":{\"@id\":\"https:\\\/\\\/www.loire-gourmande.fr\\\/de\\\/#organization\"},\"potentialAction\":[{\"@type\":\"SearchAction\",\"target\":{\"@type\":\"EntryPoint\",\"urlTemplate\":\"https:\\\/\\\/www.loire-gourmande.fr\\\/de\\\/?s={search_term_string}\"},\"query-input\":{\"@type\":\"PropertyValueSpecification\",\"valueRequired\":true,\"valueName\":\"search_term_string\"}}],\"inLanguage\":\"de\"},{\"@type\":\"Organization\",\"@id\":\"https:\\\/\\\/www.loire-gourmande.fr\\\/de\\\/#organization\",\"name\":\"Loire Gourmande - Schnellrestaurant und Besuch in Turquant (49)\",\"url\":\"https:\\\/\\\/www.loire-gourmande.fr\\\/de\\\/\",\"logo\":{\"@type\":\"ImageObject\",\"inLanguage\":\"de\",\"@id\":\"https:\\\/\\\/www.loire-gourmande.fr\\\/de\\\/#\\\/schema\\\/logo\\\/image\\\/\",\"url\":\"https:\\\/\\\/www.loire-gourmande.fr\\\/wp-content\\\/uploads\\\/2020\\\/10\\\/loire-gourmande-logo.jpg\",\"contentUrl\":\"https:\\\/\\\/www.loire-gourmande.fr\\\/wp-content\\\/uploads\\\/2020\\\/10\\\/loire-gourmande-logo.jpg\",\"width\":800,\"height\":415,\"caption\":\"Loire Gourmande - Schnellrestaurant und Besuch in Turquant (49)\"},\"image\":{\"@id\":\"https:\\\/\\\/www.loire-gourmande.fr\\\/de\\\/#\\\/schema\\\/logo\\\/image\\\/\"},\"sameAs\":[\"https:\\\/\\\/www.facebook.com\\\/Loire-Gourmande-Turquant-101991328328493\\\/\",\"https:\\\/\\\/www.instagram.com\\\/jean_yves_auradon\\\/?igshid=1ta3mfjka326t\"]}]}<\/script>\n<!-- \/ Yoast SEO plugin. -->","yoast_head_json":{"title":"TRADITION SAUMUR BLANC CHATEAU DE LA FESSARDIERE 2023 - Loire Gourmande - une \u00e9tape savoureuse","robots":{"index":"index","follow":"follow","max-snippet":"max-snippet:-1","max-image-preview":"max-image-preview:large","max-video-preview":"max-video-preview:-1"},"canonical":"https:\/\/www.loire-gourmande.fr\/de\/Produkt\/tradition-saumur-blanc-chateau-de-la-fessardiere-2023\/","og_locale":"de_DE","og_type":"article","og_title":"TRADITION SAUMUR BLANC CHATEAU DE LA FESSARDIERE 2023 - Loire Gourmande - une \u00e9tape savoureuse","og_description":"Zwischen Anjou, Touraine und Poitou, im Herzen des Loiretals, liegt das Ch\u00e2teau de la Fessardi\u00e8re in Turquant, einem charmanten Dorf an der Loire, das f\u00fcr seine H\u00f6hlenwohnungen, seine Weinberge in den H\u00f6henlagen und die herrliche Landschaft der Loire unterhalb der wei\u00dfen Kreideklippen bekannt ist. Unsere Produktion stammt aus einer traditionellen und durchdachten Landwirtschaft mit der Zertifizierung HVE 3 (hohe Umweltwerte) durch die Integration und Entwicklung der Biodiversit\u00e4t in der F\u00fchrung unseres Betriebs. Das Weingut, das von der Familie Poitevin verwaltet wird, erstreckt sich \u00fcber die Gemeinden Turquant und Montsoreau, die Teil der AOC Saumur Champigny sind. Das Terroir besteht aus einem ton- und kalkhaltigen Boden und dem wertvollen Tuffstein im Untergrund. Dieser Tuffstein, der die kulturelle Identit\u00e4t des Loiretals mit seinen unz\u00e4hligen Schl\u00f6ssern, Abteien, St\u00e4dten und D\u00f6rfern pr\u00e4gt, bietet den Reben aufgrund seiner Porosit\u00e4t eine regelm\u00e4\u00dfige Wasserversorgung auch in trockenen Zeiten.","og_url":"https:\/\/www.loire-gourmande.fr\/de\/Produkt\/tradition-saumur-blanc-chateau-de-la-fessardiere-2023\/","og_site_name":"Loire Gourmande - une \u00e9tape savoureuse","article_publisher":"https:\/\/www.facebook.com\/Loire-Gourmande-Turquant-101991328328493\/","article_modified_time":"2025-03-26T15:40:49+00:00","og_image":[{"width":800,"height":800,"url":"https:\/\/www.loire-gourmande.fr\/wp-content\/uploads\/2025\/02\/Tradition-Saumur-Blanc-de-la-Fessadiere.jpg","type":"image\/jpeg"}],"twitter_card":"summary_large_image","twitter_misc":{"Gesch\u00e4tzte Lesezeit":"1\u00a0Minute"},"schema":{"@context":"https:\/\/schema.org","@graph":[{"@type":"WebPage","@id":"https:\/\/www.loire-gourmande.fr\/de\/Produkt\/tradition-saumur-blanc-chateau-de-la-fessardiere-2023\/","url":"https:\/\/www.loire-gourmande.fr\/de\/Produkt\/tradition-saumur-blanc-chateau-de-la-fessardiere-2023\/","name":"TRADITION SAUMUR BLANC CHATEAU DE LA FESSARDIERE 2023 - Loire Gourmande - une \u00e9tape savoureuse","isPartOf":{"@id":"https:\/\/www.loire-gourmande.fr\/de\/#website"},"primaryImageOfPage":{"@id":"https:\/\/www.loire-gourmande.fr\/de\/Produkt\/tradition-saumur-blanc-chateau-de-la-fessardiere-2023\/#primaryimage"},"image":{"@id":"https:\/\/www.loire-gourmande.fr\/de\/Produkt\/tradition-saumur-blanc-chateau-de-la-fessardiere-2023\/#primaryimage"},"thumbnailUrl":"https:\/\/www.loire-gourmande.fr\/wp-content\/uploads\/2025\/02\/Tradition-Saumur-Blanc-de-la-Fessadiere.jpg","datePublished":"2025-02-15T14:09:54+00:00","dateModified":"2025-03-26T15:40:49+00:00","breadcrumb":{"@id":"https:\/\/www.loire-gourmande.fr\/de\/Produkt\/tradition-saumur-blanc-chateau-de-la-fessardiere-2023\/#breadcrumb"},"inLanguage":"de","potentialAction":[{"@type":"ReadAction","target":["https:\/\/www.loire-gourmande.fr\/de\/Produkt\/tradition-saumur-blanc-chateau-de-la-fessardiere-2023\/"]}]},{"@type":"ImageObject","inLanguage":"de","@id":"https:\/\/www.loire-gourmande.fr\/de\/Produkt\/tradition-saumur-blanc-chateau-de-la-fessardiere-2023\/#primaryimage","url":"https:\/\/www.loire-gourmande.fr\/wp-content\/uploads\/2025\/02\/Tradition-Saumur-Blanc-de-la-Fessadiere.jpg","contentUrl":"https:\/\/www.loire-gourmande.fr\/wp-content\/uploads\/2025\/02\/Tradition-Saumur-Blanc-de-la-Fessadiere.jpg","width":800,"height":800},{"@type":"BreadcrumbList","@id":"https:\/\/www.loire-gourmande.fr\/de\/Produkt\/tradition-saumur-blanc-chateau-de-la-fessardiere-2023\/#breadcrumb","itemListElement":[{"@type":"ListItem","position":1,"name":"Startseite","item":"https:\/\/www.loire-gourmande.fr\/de\/"},{"@type":"ListItem","position":2,"name":"Die Boutique de Loire Gourmande: die Weine der Loire","item":"https:\/\/www.loire-gourmande.fr\/de\/woocommerce\/"},{"@type":"ListItem","position":3,"name":"Land der Loire","item":"https:\/\/www.loire-gourmande.fr\/de\/Produktkategorie\/land-der-loire\/"},{"@type":"ListItem","position":4,"name":"TRADITION SAUMUR BLANC CHATEAU DE LA FESSARDIERE 2023"}]},{"@type":"WebSite","@id":"https:\/\/www.loire-gourmande.fr\/de\/#website","url":"https:\/\/www.loire-gourmande.fr\/de\/","name":"Loire Gourmande, une \u00e9tape savoureuse","description":"une d\u00e9gustation \u00e0 toute heure et une boutique \u00e0 visiter \u00e0 Turquant (49)","publisher":{"@id":"https:\/\/www.loire-gourmande.fr\/de\/#organization"},"potentialAction":[{"@type":"SearchAction","target":{"@type":"EntryPoint","urlTemplate":"https:\/\/www.loire-gourmande.fr\/de\/?s={search_term_string}"},"query-input":{"@type":"PropertyValueSpecification","valueRequired":true,"valueName":"search_term_string"}}],"inLanguage":"de"},{"@type":"Organization","@id":"https:\/\/www.loire-gourmande.fr\/de\/#organization","name":"Loire Gourmande - Schnellrestaurant und Besuch in Turquant (49)","url":"https:\/\/www.loire-gourmande.fr\/de\/","logo":{"@type":"ImageObject","inLanguage":"de","@id":"https:\/\/www.loire-gourmande.fr\/de\/#\/schema\/logo\/image\/","url":"https:\/\/www.loire-gourmande.fr\/wp-content\/uploads\/2020\/10\/loire-gourmande-logo.jpg","contentUrl":"https:\/\/www.loire-gourmande.fr\/wp-content\/uploads\/2020\/10\/loire-gourmande-logo.jpg","width":800,"height":415,"caption":"Loire Gourmande - Schnellrestaurant und Besuch in Turquant (49)"},"image":{"@id":"https:\/\/www.loire-gourmande.fr\/de\/#\/schema\/logo\/image\/"},"sameAs":["https:\/\/www.facebook.com\/Loire-Gourmande-Turquant-101991328328493\/","https:\/\/www.instagram.com\/jean_yves_auradon\/?igshid=1ta3mfjka326t"]}]}},"_links":{"self":[{"href":"https:\/\/www.loire-gourmande.fr\/de\/wp-json\/wp\/v2\/product\/12342","targetHints":{"allow":["GET"]}}],"collection":[{"href":"https:\/\/www.loire-gourmande.fr\/de\/wp-json\/wp\/v2\/product"}],"about":[{"href":"https:\/\/www.loire-gourmande.fr\/de\/wp-json\/wp\/v2\/types\/product"}],"version-history":[{"count":1,"href":"https:\/\/www.loire-gourmande.fr\/de\/wp-json\/wp\/v2\/product\/12342\/revisions"}],"predecessor-version":[{"id":12619,"href":"https:\/\/www.loire-gourmande.fr\/de\/wp-json\/wp\/v2\/product\/12342\/revisions\/12619"}],"wp:featuredmedia":[{"embeddable":true,"href":"https:\/\/www.loire-gourmande.fr\/de\/wp-json\/wp\/v2\/media\/12339"}],"wp:attachment":[{"href":"https:\/\/www.loire-gourmande.fr\/de\/wp-json\/wp\/v2\/media?parent=12342"}],"wp:term":[{"taxonomy":"product_brand","embeddable":true,"href":"https:\/\/www.loire-gourmande.fr\/de\/wp-json\/wp\/v2\/product_brand?post=12342"},{"taxonomy":"product_cat","embeddable":true,"href":"https:\/\/www.loire-gourmande.fr\/de\/wp-json\/wp\/v2\/product_cat?post=12342"},{"taxonomy":"product_tag","embeddable":true,"href":"https:\/\/www.loire-gourmande.fr\/de\/wp-json\/wp\/v2\/product_tag?post=12342"}],"curies":[{"name":"wp","href":"https:\/\/api.w.org\/{rel}","templated":true}]}}