{"id":12346,"date":"2024-10-29T07:04:39","date_gmt":"2024-10-29T06:04:39","guid":{"rendered":"https:\/\/www.loire-gourmande.fr\/produit\/gabrielle-saint-pourcain-aop\/"},"modified":"2026-01-25T13:58:17","modified_gmt":"2026-01-25T12:58:17","slug":"gabrielle-saint-pourcain-aop","status":"publish","type":"product","link":"https:\/\/www.loire-gourmande.fr\/de\/Produkt\/gabrielle-saint-pourcain-aop\/","title":{"rendered":"GABRIELLE Saint-Pour\u00e7ain AOP"},"content":{"rendered":"<div class=\"product-sheet-fiche-technique-item ng-tns-c857250080-2\">\n<div class=\"row\">\n<div class=\"col-auto product-sheet-fiche-technique-criteria-name\">Land: Frankreich<\/div>\n<\/div>\n<\/div>\n<div class=\"product-sheet-fiche-technique-item ng-tns-c857250080-2\">\n<div class=\"row\">\n<div class=\"col-auto product-sheet-fiche-technique-criteria-name\">Region: Loire<\/div>\n<\/div>\n<\/div>\n<div class=\"product-sheet-fiche-technique-item ng-star-inserted\">\n<div class=\"row\">\n<div class=\"col-auto product-sheet-fiche-technique-criteria-name\">Bezeichnung: Saint-Pour\u00e7ain AOP<\/div>\n<\/div>\n<\/div>\n<div class=\"product-sheet-fiche-technique-item ng-star-inserted\">\n<div class=\"row\">\n<div class=\"col-auto product-sheet-fiche-technique-criteria-name\">Cuv\u00e9e: Gabrielle<\/div>\n<\/div>\n<\/div>\n<div class=\"product-sheet-fiche-technique-item ng-star-inserted\">\n<div class=\"row\">\n<div class=\"col-auto product-sheet-fiche-technique-criteria-name\">Farbe: Wei\u00df<\/div>\n<\/div>\n<\/div>\n<div class=\"product-sheet-fiche-technique-item ng-star-inserted\">\n<div class=\"row\">\n<div class=\"col-auto product-sheet-fiche-technique-criteria-name\">Jahrgang: 2022<\/div>\n<\/div>\n<\/div>\n<div class=\"product-sheet-fiche-technique-item ng-star-inserted\">\n<div class=\"row\">\n<div class=\"col-auto product-sheet-fiche-technique-criteria-name\">Rebsorte: 55% Chardonnay, 10% Sauvignon, 35% Tressalier<\/div>\n<\/div>\n<\/div>\n<div class=\"product-sheet-fiche-technique-item ng-star-inserted\">\n<div class=\"row\">\n<div class=\"col-auto product-sheet-fiche-technique-criteria-name\">\n<p>Alkohol: 13.5%.<\/p>\n<div id=\"comp-ksq9npw3\" class=\"HcOXKn SxM0TO QxJLC3 lq2cno comp-ksq9npw3 wixui-rich-text\" data-testid=\"richTextElement\">\n<p class=\"font_8 wixui-rich-text__text\"><span class=\"wixui-rich-text__text\">Seit 1920 hat die Domaine de Bellevue eine lange Geschichte. <\/span><span class=\"wixui-rich-text__text\">nacheinander<\/span><span class=\"wixui-rich-text__text\">  Generationen, die sich um den Fortbestand des Weinbergs bem\u00fchen. Die Cuv\u00e9e Gabrielle wurde f\u00fcr die erste Enkelin der Familie entworfen. Dieser Wei\u00dfwein verk\u00f6rpert die Erneuerung der Generation. In limitierter Auflage produziert, ist er eine Mischung aus  <\/span><span class=\"wixui-rich-text__text\">fruchtig<\/span><span class=\"wixui-rich-text__text\">  Chardonnay, Tressallier und Sauvignon. Genie\u00dfen Sie zwischen 8 und 10\u00b0.<\/span><\/p>\n<div class=\"page\" title=\"Seite 1\">\n<div class=\"section\">\n<div class=\"layoutArea\">\n<div class=\"column\">\n<p>SERVICE GARDE: Genie\u00dfbar bis 2031<\/p>\n<p>SPEISE UND WEIN : Fisch<\/p>\n<\/div>\n<\/div>\n<\/div>\n<\/div>\n<\/div>\n<\/div>\n<\/div>\n<\/div>\n<div class=\"product-sheet-fiche-technique-item ng-tns-c857250080-2\">\n<div class=\"row\">\n<div class=\"col\"><\/div>\n<\/div>\n<\/div>\n","protected":false},"excerpt":{"rendered":"<p class=\"font_0 wixui-rich-text__text\"><span class=\"wixui-rich-text__text\" style=\"font-family: georgia, palatino, serif; font-size: 10pt;\">Im Herzen von Allier, in der Gemeinde Meillard, liegt die Domaine de Bellevue mit ihrem 22 Hektar gro\u00dfen Weinberg seit 1920.<br class=\"wixui-rich-text__text\">Traditionelles Familienwissen und eine bedingungslose Leidenschaft f\u00fcr den Weinbau bringen aus diesem Boden den besten Wein der AOP Saint-Pour\u00e7ain hervor, eine der geheimsten kontrollierten Herkunftsbezeichnungen der Loire-Weine.<\/span><\/p>\n<div class=\"\" data-mesh-id=\"comp-kr0olts6inlineContent\" data-testid=\"inline-content\">\n<div data-mesh-id=\"comp-kr0olts6inlineContent-gridContainer\" data-testid=\"mesh-container-content\">\n<div id=\"comp-kr0olts8\" class=\"HcOXKn SxM0TO QxJLC3 lq2cno comp-kr0olts8 wixui-rich-text\" data-testid=\"richTextElement\">\n<p class=\"font_0 wixui-rich-text__text\"><strong><span class=\"wixui-rich-text__text\" style=\"font-size: 10pt;\">Der Weinberg<\/span><\/strong><\/p>\n<p class=\"font_0 wixui-rich-text__text\"><span style=\"font-size: 10pt;\">Ohne gute Trauben kann man keinen guten Wein machen.  <\/span><\/p>\n<\/div>\n<p class=\"font_8 wixui-rich-text__text\"><span class=\"wixui-rich-text__text\" style=\"font-size: 10pt;\">Die H\u00e4lfte unserer Weinberge ist \u00fcber 30 Jahre alt.  <\/span><\/p>\n<p class=\"font_8 wixui-rich-text__text\"><span class=\"wixui-rich-text__text\" style=\"font-size: 10pt;\">Auf unseren Weinbergen profitieren wir von zwei Bodentypen: Granit in Meillard und Sand und Kies aus dem Bourbonnais in Chatel-de-Neuvre.  <\/span><\/p>\n<p class=\"font_8 wixui-rich-text__text\"><span class=\"wixui-rich-text__text\" style=\"font-size: 10pt;\">Diese unterschiedlichen Bodenbeschaffenheiten bringen wertvolle Mikroelemente mit sich, die unseren Weinen ihren Reichtum und ihre Authentizit\u00e4t verleihen.<\/span><\/p>\n<p class=\"font_8 wixui-rich-text__text\"><span style=\"font-size: 10pt;\">Der Wein spiegelt die Pers\u00f6nlichkeit und die Kreativit\u00e4t des Winzers wider. M\u00e9lanie Pfeffer, unsere Kellermeisterin, hat ein Diplom in Weinbau und \u00d6nologie. Dank ihrer Erfahrung in den ber\u00fchmten Weinbergen des Bordelais und der Provence hat sie ein reiches und einzigartiges Know-how erworben. Seine Arbeit verbindet mit Leidenschaft und Kreativit\u00e4t den Respekt f\u00fcr Traditionen und nachhaltige Praktiken.<\/span><\/p>\n<p class=\"font_8 wixui-rich-text__text\"><strong><span style=\"font-size: 10pt;\">Der Kellermeister  <\/span><\/strong><\/p>\n<p class=\"font_8 wixui-rich-text__text\"><span style=\"font-size: 10pt;\">Hoher Umweltwert<\/span><\/p>\n<p class=\"font_8 wixui-rich-text__text\"><span style=\"font-size: 10pt;\">Die Domaine de Bellevue respektiert ihr Terroir und hat sich seit jeher f\u00fcr eine nachhaltige Landwirtschaft eingesetzt. 2020 erhielt sie die Zertifizierung Haute Valeur Environnementale. Diese Auszeichnung zeigt unseren Willen, unseren agrar\u00f6kologischen Ansatz zu verbessern, um die Entwicklung der Biodiversit\u00e4t zu f\u00f6rdern, das Leben in unseren B\u00f6den zu erhalten und Ihnen weiterhin Weine von ausgezeichneter Qualit\u00e4t anzubieten.<\/span><\/p>\n<\/div>\n<\/div>\n<p>&nbsp;<\/p>\n","protected":false},"featured_media":12362,"template":"","meta":{"inline_featured_image":false},"product_brand":[],"product_cat":[614,660,608],"product_tag":[674,605],"class_list":{"0":"post-12346","1":"product","2":"type-product","3":"status-publish","4":"has-post-thumbnail","6":"product_cat-auvergne-de","7":"product_cat-land-der-loire","8":"product_cat-weis","9":"product_tag-carpaccio-von-jakobsmuscheln","10":"product_tag-kase","11":"product_shipping_class-flasche","13":"first","14":"instock","15":"taxable","16":"shipping-taxable","17":"purchasable","18":"product-type-simple"},"yoast_head":"<!-- This site is optimized with the Yoast SEO plugin v27.6 - https:\/\/yoast.com\/product\/yoast-seo-wordpress\/ -->\n<title>GABRIELLE Saint-Pour\u00e7ain AOP - Loire Gourmande - une \u00e9tape savoureuse<\/title>\n<meta name=\"robots\" content=\"index, follow, max-snippet:-1, max-image-preview:large, max-video-preview:-1\" \/>\n<link rel=\"canonical\" href=\"https:\/\/www.loire-gourmande.fr\/de\/Produkt\/gabrielle-saint-pourcain-aop\/\" \/>\n<meta property=\"og:locale\" content=\"de_DE\" \/>\n<meta property=\"og:type\" content=\"article\" \/>\n<meta property=\"og:title\" content=\"GABRIELLE Saint-Pour\u00e7ain AOP - Loire Gourmande - une \u00e9tape savoureuse\" \/>\n<meta property=\"og:description\" content=\"Im Herzen von Allier, in der Gemeinde Meillard, liegt die Domaine de Bellevue mit ihrem 22 Hektar gro\u00dfen Weinberg seit 1920.Traditionelles Familienwissen und eine bedingungslose Leidenschaft f\u00fcr den Weinbau bringen aus diesem Boden den besten Wein der AOP Saint-Pour\u00e7ain hervor, eine der geheimsten kontrollierten Herkunftsbezeichnungen der Loire-Weine.   Der Weinberg Ohne gute Trauben kann man keinen guten Wein machen.   Die H\u00e4lfte unserer Weinberge ist \u00fcber 30 Jahre alt.  Auf unseren Weinbergen profitieren wir von zwei Bodentypen: Granit in Meillard und Sand und Kies aus dem Bourbonnais in Chatel-de-Neuvre.  Diese unterschiedlichen Bodenbeschaffenheiten bringen wertvolle Mikroelemente mit sich, die unseren Weinen ihren Reichtum und ihre Authentizit\u00e4t verleihen. Der Wein spiegelt die Pers\u00f6nlichkeit und die Kreativit\u00e4t des Winzers wider. M\u00e9lanie Pfeffer, unsere Kellermeisterin, hat ein Diplom in Weinbau und \u00d6nologie. Dank ihrer Erfahrung in den ber\u00fchmten Weinbergen des Bordelais und der Provence hat sie ein reiches und einzigartiges Know-how erworben. Seine Arbeit verbindet mit Leidenschaft und Kreativit\u00e4t den Respekt f\u00fcr Traditionen und nachhaltige Praktiken. Der Kellermeister  Hoher Umweltwert Die Domaine de Bellevue respektiert ihr Terroir und hat sich seit jeher f\u00fcr eine nachhaltige Landwirtschaft eingesetzt. 2020 erhielt sie die Zertifizierung Haute Valeur Environnementale. Diese Auszeichnung zeigt unseren Willen, unseren agrar\u00f6kologischen Ansatz zu verbessern, um die Entwicklung der Biodiversit\u00e4t zu f\u00f6rdern, das Leben in unseren B\u00f6den zu erhalten und Ihnen weiterhin Weine von ausgezeichneter Qualit\u00e4t anzubieten.  &nbsp;\" \/>\n<meta property=\"og:url\" content=\"https:\/\/www.loire-gourmande.fr\/de\/Produkt\/gabrielle-saint-pourcain-aop\/\" \/>\n<meta property=\"og:site_name\" content=\"Loire Gourmande - une \u00e9tape savoureuse\" \/>\n<meta property=\"article:publisher\" content=\"https:\/\/www.facebook.com\/Loire-Gourmande-Turquant-101991328328493\/\" \/>\n<meta property=\"article:modified_time\" content=\"2026-01-25T12:58:17+00:00\" \/>\n<meta property=\"og:image\" content=\"https:\/\/www.loire-gourmande.fr\/wp-content\/uploads\/2024\/10\/Gabrielle-Domaine-de-Bellevue.jpg\" \/>\n\t<meta property=\"og:image:width\" content=\"800\" \/>\n\t<meta property=\"og:image:height\" content=\"800\" \/>\n\t<meta property=\"og:image:type\" content=\"image\/jpeg\" \/>\n<meta name=\"twitter:card\" content=\"summary_large_image\" \/>\n<script type=\"application\/ld+json\" class=\"yoast-schema-graph\">{\"@context\":\"https:\\\/\\\/schema.org\",\"@graph\":[{\"@type\":\"WebPage\",\"@id\":\"https:\\\/\\\/www.loire-gourmande.fr\\\/de\\\/Produkt\\\/gabrielle-saint-pourcain-aop\\\/\",\"url\":\"https:\\\/\\\/www.loire-gourmande.fr\\\/de\\\/Produkt\\\/gabrielle-saint-pourcain-aop\\\/\",\"name\":\"GABRIELLE Saint-Pour\u00e7ain AOP - Loire Gourmande - une \u00e9tape savoureuse\",\"isPartOf\":{\"@id\":\"https:\\\/\\\/www.loire-gourmande.fr\\\/de\\\/#website\"},\"primaryImageOfPage\":{\"@id\":\"https:\\\/\\\/www.loire-gourmande.fr\\\/de\\\/Produkt\\\/gabrielle-saint-pourcain-aop\\\/#primaryimage\"},\"image\":{\"@id\":\"https:\\\/\\\/www.loire-gourmande.fr\\\/de\\\/Produkt\\\/gabrielle-saint-pourcain-aop\\\/#primaryimage\"},\"thumbnailUrl\":\"https:\\\/\\\/www.loire-gourmande.fr\\\/wp-content\\\/uploads\\\/2024\\\/10\\\/Gabrielle-Domaine-de-Bellevue.jpg\",\"datePublished\":\"2024-10-29T06:04:39+00:00\",\"dateModified\":\"2026-01-25T12:58:17+00:00\",\"breadcrumb\":{\"@id\":\"https:\\\/\\\/www.loire-gourmande.fr\\\/de\\\/Produkt\\\/gabrielle-saint-pourcain-aop\\\/#breadcrumb\"},\"inLanguage\":\"de\",\"potentialAction\":[{\"@type\":\"ReadAction\",\"target\":[\"https:\\\/\\\/www.loire-gourmande.fr\\\/de\\\/Produkt\\\/gabrielle-saint-pourcain-aop\\\/\"]}]},{\"@type\":\"ImageObject\",\"inLanguage\":\"de\",\"@id\":\"https:\\\/\\\/www.loire-gourmande.fr\\\/de\\\/Produkt\\\/gabrielle-saint-pourcain-aop\\\/#primaryimage\",\"url\":\"https:\\\/\\\/www.loire-gourmande.fr\\\/wp-content\\\/uploads\\\/2024\\\/10\\\/Gabrielle-Domaine-de-Bellevue.jpg\",\"contentUrl\":\"https:\\\/\\\/www.loire-gourmande.fr\\\/wp-content\\\/uploads\\\/2024\\\/10\\\/Gabrielle-Domaine-de-Bellevue.jpg\",\"width\":800,\"height\":800},{\"@type\":\"BreadcrumbList\",\"@id\":\"https:\\\/\\\/www.loire-gourmande.fr\\\/de\\\/Produkt\\\/gabrielle-saint-pourcain-aop\\\/#breadcrumb\",\"itemListElement\":[{\"@type\":\"ListItem\",\"position\":1,\"name\":\"Startseite\",\"item\":\"https:\\\/\\\/www.loire-gourmande.fr\\\/de\\\/\"},{\"@type\":\"ListItem\",\"position\":2,\"name\":\"Die Boutique de Loire Gourmande: die Weine der Loire\",\"item\":\"https:\\\/\\\/www.loire-gourmande.fr\\\/de\\\/woocommerce\\\/\"},{\"@type\":\"ListItem\",\"position\":3,\"name\":\"Land der Loire\",\"item\":\"https:\\\/\\\/www.loire-gourmande.fr\\\/de\\\/Produktkategorie\\\/land-der-loire\\\/\"},{\"@type\":\"ListItem\",\"position\":4,\"name\":\"GABRIELLE Saint-Pour\u00e7ain AOP\"}]},{\"@type\":\"WebSite\",\"@id\":\"https:\\\/\\\/www.loire-gourmande.fr\\\/de\\\/#website\",\"url\":\"https:\\\/\\\/www.loire-gourmande.fr\\\/de\\\/\",\"name\":\"Loire Gourmande, une \u00e9tape savoureuse\",\"description\":\"une d\u00e9gustation \u00e0 toute heure et une boutique \u00e0 visiter \u00e0 Turquant (49)\",\"publisher\":{\"@id\":\"https:\\\/\\\/www.loire-gourmande.fr\\\/de\\\/#organization\"},\"potentialAction\":[{\"@type\":\"SearchAction\",\"target\":{\"@type\":\"EntryPoint\",\"urlTemplate\":\"https:\\\/\\\/www.loire-gourmande.fr\\\/de\\\/?s={search_term_string}\"},\"query-input\":{\"@type\":\"PropertyValueSpecification\",\"valueRequired\":true,\"valueName\":\"search_term_string\"}}],\"inLanguage\":\"de\"},{\"@type\":\"Organization\",\"@id\":\"https:\\\/\\\/www.loire-gourmande.fr\\\/de\\\/#organization\",\"name\":\"Loire Gourmande - Schnellrestaurant und Besuch in Turquant (49)\",\"url\":\"https:\\\/\\\/www.loire-gourmande.fr\\\/de\\\/\",\"logo\":{\"@type\":\"ImageObject\",\"inLanguage\":\"de\",\"@id\":\"https:\\\/\\\/www.loire-gourmande.fr\\\/de\\\/#\\\/schema\\\/logo\\\/image\\\/\",\"url\":\"https:\\\/\\\/www.loire-gourmande.fr\\\/wp-content\\\/uploads\\\/2020\\\/10\\\/loire-gourmande-logo.jpg\",\"contentUrl\":\"https:\\\/\\\/www.loire-gourmande.fr\\\/wp-content\\\/uploads\\\/2020\\\/10\\\/loire-gourmande-logo.jpg\",\"width\":800,\"height\":415,\"caption\":\"Loire Gourmande - Schnellrestaurant und Besuch in Turquant (49)\"},\"image\":{\"@id\":\"https:\\\/\\\/www.loire-gourmande.fr\\\/de\\\/#\\\/schema\\\/logo\\\/image\\\/\"},\"sameAs\":[\"https:\\\/\\\/www.facebook.com\\\/Loire-Gourmande-Turquant-101991328328493\\\/\",\"https:\\\/\\\/www.instagram.com\\\/jean_yves_auradon\\\/?igshid=1ta3mfjka326t\"]}]}<\/script>\n<!-- \/ Yoast SEO plugin. -->","yoast_head_json":{"title":"GABRIELLE Saint-Pour\u00e7ain AOP - Loire Gourmande - une \u00e9tape savoureuse","robots":{"index":"index","follow":"follow","max-snippet":"max-snippet:-1","max-image-preview":"max-image-preview:large","max-video-preview":"max-video-preview:-1"},"canonical":"https:\/\/www.loire-gourmande.fr\/de\/Produkt\/gabrielle-saint-pourcain-aop\/","og_locale":"de_DE","og_type":"article","og_title":"GABRIELLE Saint-Pour\u00e7ain AOP - Loire Gourmande - une \u00e9tape savoureuse","og_description":"Im Herzen von Allier, in der Gemeinde Meillard, liegt die Domaine de Bellevue mit ihrem 22 Hektar gro\u00dfen Weinberg seit 1920.Traditionelles Familienwissen und eine bedingungslose Leidenschaft f\u00fcr den Weinbau bringen aus diesem Boden den besten Wein der AOP Saint-Pour\u00e7ain hervor, eine der geheimsten kontrollierten Herkunftsbezeichnungen der Loire-Weine.   Der Weinberg Ohne gute Trauben kann man keinen guten Wein machen.   Die H\u00e4lfte unserer Weinberge ist \u00fcber 30 Jahre alt.  Auf unseren Weinbergen profitieren wir von zwei Bodentypen: Granit in Meillard und Sand und Kies aus dem Bourbonnais in Chatel-de-Neuvre.  Diese unterschiedlichen Bodenbeschaffenheiten bringen wertvolle Mikroelemente mit sich, die unseren Weinen ihren Reichtum und ihre Authentizit\u00e4t verleihen. Der Wein spiegelt die Pers\u00f6nlichkeit und die Kreativit\u00e4t des Winzers wider. M\u00e9lanie Pfeffer, unsere Kellermeisterin, hat ein Diplom in Weinbau und \u00d6nologie. Dank ihrer Erfahrung in den ber\u00fchmten Weinbergen des Bordelais und der Provence hat sie ein reiches und einzigartiges Know-how erworben. Seine Arbeit verbindet mit Leidenschaft und Kreativit\u00e4t den Respekt f\u00fcr Traditionen und nachhaltige Praktiken. Der Kellermeister  Hoher Umweltwert Die Domaine de Bellevue respektiert ihr Terroir und hat sich seit jeher f\u00fcr eine nachhaltige Landwirtschaft eingesetzt. 2020 erhielt sie die Zertifizierung Haute Valeur Environnementale. Diese Auszeichnung zeigt unseren Willen, unseren agrar\u00f6kologischen Ansatz zu verbessern, um die Entwicklung der Biodiversit\u00e4t zu f\u00f6rdern, das Leben in unseren B\u00f6den zu erhalten und Ihnen weiterhin Weine von ausgezeichneter Qualit\u00e4t anzubieten.  &nbsp;","og_url":"https:\/\/www.loire-gourmande.fr\/de\/Produkt\/gabrielle-saint-pourcain-aop\/","og_site_name":"Loire Gourmande - une \u00e9tape savoureuse","article_publisher":"https:\/\/www.facebook.com\/Loire-Gourmande-Turquant-101991328328493\/","article_modified_time":"2026-01-25T12:58:17+00:00","og_image":[{"width":800,"height":800,"url":"https:\/\/www.loire-gourmande.fr\/wp-content\/uploads\/2024\/10\/Gabrielle-Domaine-de-Bellevue.jpg","type":"image\/jpeg"}],"twitter_card":"summary_large_image","schema":{"@context":"https:\/\/schema.org","@graph":[{"@type":"WebPage","@id":"https:\/\/www.loire-gourmande.fr\/de\/Produkt\/gabrielle-saint-pourcain-aop\/","url":"https:\/\/www.loire-gourmande.fr\/de\/Produkt\/gabrielle-saint-pourcain-aop\/","name":"GABRIELLE Saint-Pour\u00e7ain AOP - Loire Gourmande - une \u00e9tape savoureuse","isPartOf":{"@id":"https:\/\/www.loire-gourmande.fr\/de\/#website"},"primaryImageOfPage":{"@id":"https:\/\/www.loire-gourmande.fr\/de\/Produkt\/gabrielle-saint-pourcain-aop\/#primaryimage"},"image":{"@id":"https:\/\/www.loire-gourmande.fr\/de\/Produkt\/gabrielle-saint-pourcain-aop\/#primaryimage"},"thumbnailUrl":"https:\/\/www.loire-gourmande.fr\/wp-content\/uploads\/2024\/10\/Gabrielle-Domaine-de-Bellevue.jpg","datePublished":"2024-10-29T06:04:39+00:00","dateModified":"2026-01-25T12:58:17+00:00","breadcrumb":{"@id":"https:\/\/www.loire-gourmande.fr\/de\/Produkt\/gabrielle-saint-pourcain-aop\/#breadcrumb"},"inLanguage":"de","potentialAction":[{"@type":"ReadAction","target":["https:\/\/www.loire-gourmande.fr\/de\/Produkt\/gabrielle-saint-pourcain-aop\/"]}]},{"@type":"ImageObject","inLanguage":"de","@id":"https:\/\/www.loire-gourmande.fr\/de\/Produkt\/gabrielle-saint-pourcain-aop\/#primaryimage","url":"https:\/\/www.loire-gourmande.fr\/wp-content\/uploads\/2024\/10\/Gabrielle-Domaine-de-Bellevue.jpg","contentUrl":"https:\/\/www.loire-gourmande.fr\/wp-content\/uploads\/2024\/10\/Gabrielle-Domaine-de-Bellevue.jpg","width":800,"height":800},{"@type":"BreadcrumbList","@id":"https:\/\/www.loire-gourmande.fr\/de\/Produkt\/gabrielle-saint-pourcain-aop\/#breadcrumb","itemListElement":[{"@type":"ListItem","position":1,"name":"Startseite","item":"https:\/\/www.loire-gourmande.fr\/de\/"},{"@type":"ListItem","position":2,"name":"Die Boutique de Loire Gourmande: die Weine der Loire","item":"https:\/\/www.loire-gourmande.fr\/de\/woocommerce\/"},{"@type":"ListItem","position":3,"name":"Land der Loire","item":"https:\/\/www.loire-gourmande.fr\/de\/Produktkategorie\/land-der-loire\/"},{"@type":"ListItem","position":4,"name":"GABRIELLE Saint-Pour\u00e7ain AOP"}]},{"@type":"WebSite","@id":"https:\/\/www.loire-gourmande.fr\/de\/#website","url":"https:\/\/www.loire-gourmande.fr\/de\/","name":"Loire Gourmande, une \u00e9tape savoureuse","description":"une d\u00e9gustation \u00e0 toute heure et une boutique \u00e0 visiter \u00e0 Turquant (49)","publisher":{"@id":"https:\/\/www.loire-gourmande.fr\/de\/#organization"},"potentialAction":[{"@type":"SearchAction","target":{"@type":"EntryPoint","urlTemplate":"https:\/\/www.loire-gourmande.fr\/de\/?s={search_term_string}"},"query-input":{"@type":"PropertyValueSpecification","valueRequired":true,"valueName":"search_term_string"}}],"inLanguage":"de"},{"@type":"Organization","@id":"https:\/\/www.loire-gourmande.fr\/de\/#organization","name":"Loire Gourmande - Schnellrestaurant und Besuch in Turquant (49)","url":"https:\/\/www.loire-gourmande.fr\/de\/","logo":{"@type":"ImageObject","inLanguage":"de","@id":"https:\/\/www.loire-gourmande.fr\/de\/#\/schema\/logo\/image\/","url":"https:\/\/www.loire-gourmande.fr\/wp-content\/uploads\/2020\/10\/loire-gourmande-logo.jpg","contentUrl":"https:\/\/www.loire-gourmande.fr\/wp-content\/uploads\/2020\/10\/loire-gourmande-logo.jpg","width":800,"height":415,"caption":"Loire Gourmande - Schnellrestaurant und Besuch in Turquant (49)"},"image":{"@id":"https:\/\/www.loire-gourmande.fr\/de\/#\/schema\/logo\/image\/"},"sameAs":["https:\/\/www.facebook.com\/Loire-Gourmande-Turquant-101991328328493\/","https:\/\/www.instagram.com\/jean_yves_auradon\/?igshid=1ta3mfjka326t"]}]}},"_links":{"self":[{"href":"https:\/\/www.loire-gourmande.fr\/de\/wp-json\/wp\/v2\/product\/12346","targetHints":{"allow":["GET"]}}],"collection":[{"href":"https:\/\/www.loire-gourmande.fr\/de\/wp-json\/wp\/v2\/product"}],"about":[{"href":"https:\/\/www.loire-gourmande.fr\/de\/wp-json\/wp\/v2\/types\/product"}],"version-history":[{"count":1,"href":"https:\/\/www.loire-gourmande.fr\/de\/wp-json\/wp\/v2\/product\/12346\/revisions"}],"predecessor-version":[{"id":12623,"href":"https:\/\/www.loire-gourmande.fr\/de\/wp-json\/wp\/v2\/product\/12346\/revisions\/12623"}],"wp:featuredmedia":[{"embeddable":true,"href":"https:\/\/www.loire-gourmande.fr\/de\/wp-json\/wp\/v2\/media\/12362"}],"wp:attachment":[{"href":"https:\/\/www.loire-gourmande.fr\/de\/wp-json\/wp\/v2\/media?parent=12346"}],"wp:term":[{"taxonomy":"product_brand","embeddable":true,"href":"https:\/\/www.loire-gourmande.fr\/de\/wp-json\/wp\/v2\/product_brand?post=12346"},{"taxonomy":"product_cat","embeddable":true,"href":"https:\/\/www.loire-gourmande.fr\/de\/wp-json\/wp\/v2\/product_cat?post=12346"},{"taxonomy":"product_tag","embeddable":true,"href":"https:\/\/www.loire-gourmande.fr\/de\/wp-json\/wp\/v2\/product_tag?post=12346"}],"curies":[{"name":"wp","href":"https:\/\/api.w.org\/{rel}","templated":true}]}}