{"id":12635,"date":"2025-03-25T11:17:55","date_gmt":"2025-03-25T10:17:55","guid":{"rendered":"https:\/\/www.loire-gourmande.fr\/produit\/a-o-c-chateaumeillant-revesens-rouge\/"},"modified":"2026-02-09T13:49:27","modified_gmt":"2026-02-09T12:49:27","slug":"a-o-c-chateaumeillant-revesens-rouge","status":"publish","type":"product","link":"https:\/\/www.loire-gourmande.fr\/de\/Produkt\/a-o-c-chateaumeillant-revesens-rouge\/","title":{"rendered":"A.O.C. Ch\u00e2teaumeillant R\u00eav\u00e9sens Red Domaine du Chaillot"},"content":{"rendered":"<p>Aus einer kleinen Parzelle &#8211; 58 Ar &#8211; am Rande des Departements Allier. Das Muttergestein, der Glimmerschiefer, durchdringt den Boden, ohne Spuren von groben Bestandteilen zu hinterlassen. Diese Eigenschaft findet sich jedes Jahr in den Trauben wieder, die ausschlie\u00dflich f\u00fcr die Rotweine verwendet werden. Die Feinheit der Tannine und die Komplexit\u00e4t der Aromen sind in dieser Cuv\u00e9e zu erkennen. Die \u00c4lteren, die die gro\u00dfe Zeit des Weinanbaus in Vesdun &#8211; Ende des 19. und Anfang des 20. Jahrhunderts &#8211; miterlebt haben, beschreiben hier ein au\u00dfergew\u00f6hnliches Terroir. Zu Recht     <\/p>\n<div class=\"page\" title=\"Seite 1\">\n<div class=\"section\">\n<div class=\"layoutArea\">\n<div class=\"column\">\n<p>Rebsorte: Gamay 100%<\/p>\n<p>Boden: Micaschiste am Rande der AuvergneAlter der Reben: 12 Jahre<\/p>\n<p>Weinlese: Manuell, Tischsortierung, Abbeeren.<\/p>\n<p>Maischeg\u00e4rung: Zwischen 20 und 25 Tagen<\/p>\n<\/div>\n<\/div>\n<div class=\"layoutArea\">\n<div class=\"column\">\n<p>&nbsp;<\/p>\n<\/div>\n<div class=\"column\"><\/div>\n<\/div>\n<\/div>\n<\/div>\n<p>&nbsp;<\/p>\n","protected":false},"excerpt":{"rendered":"<p>Die Beschreibung unserer Weine im Folgenden l\u00e4sst den langsamen und geduldigen Aufbau des Weinguts bei der Auswahl der Parzellen, der B\u00f6den und ihrer Ausrichtung erahnen. Die Weinberge erstrecken sich heute \u00fcber 6 Hektar, die ausschlie\u00dflich in der Gemeinde Vesdun im Departement Cher liegen. Auf den Etiketten meiner Weine wollte ich die reiche Weinbaugeschichte der Gemeinde bezeugen. Die Bleistiftstriche stellen eines der ber\u00fchmten Weing\u00fcter von Vesdun aus dem sp\u00e4ten 19. Diese sch\u00f6nen Geb\u00e4ude haben mich ermutigt, mich f\u00fcr die Gr\u00fcndung eines Weinguts zu engagieren, den Weinbau wiederzubeleben und die Geheimnisse dieses Landes zu enth\u00fcllen.    <\/p>\n<p>Aus der Luft betrachtet zeigten die Fotografien im Laufe der Zeit, dass die Landschaften seit den fr\u00fchen 1950er Jahren immer geschlossener wurden.<\/p>\n<p>Als er wieder auf festem Boden stand, fielen seine Blicke auf die Weinreben, die im Unterholz vergraben waren. Viele Informationen \u00fcber das Geheimnis des Ortes und die Verbindung der Menschen zu diesem Land waren verschwunden. Die Verbindungen zwischen dem Winzer, dem Land, den Reben und seiner sozialen Umgebung wurden gelockert, um nicht zu sagen aufgel\u00f6st. Ein nat\u00fcrlicher Zustand der Unordnung, der die oben definierte physikalische Gr\u00f6\u00dfe charakterisiert: die Entropie. Es wurde viel Energie in die Wiederherstellung der Landschaft gesteckt und es wurde \u00fcberlegt, wie man ein Weinbaugebiet 100 Jahre nach seiner Bl\u00fctezeit wiederbeleben k\u00f6nnte.    <\/p>\n","protected":false},"featured_media":14371,"template":"","meta":{"inline_featured_image":false},"product_brand":[],"product_cat":[623,601],"product_tag":[],"class_list":{"0":"post-12635","1":"product","2":"type-product","3":"status-publish","4":"has-post-thumbnail","6":"product_cat-berry-de","7":"product_cat-rot","8":"product_shipping_class-flasche","10":"first","11":"instock","12":"taxable","13":"shipping-taxable","14":"purchasable","15":"product-type-simple"},"yoast_head":"<!-- This site is optimized with the Yoast SEO plugin v27.3 - https:\/\/yoast.com\/product\/yoast-seo-wordpress\/ -->\n<title>A.O.C. Ch\u00e2teaumeillant R\u00eav\u00e9sens Red Domaine du Chaillot - Loire Gourmande - une \u00e9tape savoureuse<\/title>\n<meta name=\"robots\" content=\"index, follow, max-snippet:-1, max-image-preview:large, max-video-preview:-1\" \/>\n<link rel=\"canonical\" href=\"https:\/\/www.loire-gourmande.fr\/de\/Produkt\/a-o-c-chateaumeillant-revesens-rouge\/\" \/>\n<meta property=\"og:locale\" content=\"de_DE\" \/>\n<meta property=\"og:type\" content=\"article\" \/>\n<meta property=\"og:title\" content=\"A.O.C. Ch\u00e2teaumeillant R\u00eav\u00e9sens Red Domaine du Chaillot - Loire Gourmande - une \u00e9tape savoureuse\" \/>\n<meta property=\"og:description\" content=\"Die Beschreibung unserer Weine im Folgenden l\u00e4sst den langsamen und geduldigen Aufbau des Weinguts bei der Auswahl der Parzellen, der B\u00f6den und ihrer Ausrichtung erahnen. Die Weinberge erstrecken sich heute \u00fcber 6 Hektar, die ausschlie\u00dflich in der Gemeinde Vesdun im Departement Cher liegen. Auf den Etiketten meiner Weine wollte ich die reiche Weinbaugeschichte der Gemeinde bezeugen. Die Bleistiftstriche stellen eines der ber\u00fchmten Weing\u00fcter von Vesdun aus dem sp\u00e4ten 19. Diese sch\u00f6nen Geb\u00e4ude haben mich ermutigt, mich f\u00fcr die Gr\u00fcndung eines Weinguts zu engagieren, den Weinbau wiederzubeleben und die Geheimnisse dieses Landes zu enth\u00fcllen.   Aus der Luft betrachtet zeigten die Fotografien im Laufe der Zeit, dass die Landschaften seit den fr\u00fchen 1950er Jahren immer geschlossener wurden. Als er wieder auf festem Boden stand, fielen seine Blicke auf die Weinreben, die im Unterholz vergraben waren. Viele Informationen \u00fcber das Geheimnis des Ortes und die Verbindung der Menschen zu diesem Land waren verschwunden. Die Verbindungen zwischen dem Winzer, dem Land, den Reben und seiner sozialen Umgebung wurden gelockert, um nicht zu sagen aufgel\u00f6st. Ein nat\u00fcrlicher Zustand der Unordnung, der die oben definierte physikalische Gr\u00f6\u00dfe charakterisiert: die Entropie. Es wurde viel Energie in die Wiederherstellung der Landschaft gesteckt und es wurde \u00fcberlegt, wie man ein Weinbaugebiet 100 Jahre nach seiner Bl\u00fctezeit wiederbeleben k\u00f6nnte.\" \/>\n<meta property=\"og:url\" content=\"https:\/\/www.loire-gourmande.fr\/de\/Produkt\/a-o-c-chateaumeillant-revesens-rouge\/\" \/>\n<meta property=\"og:site_name\" content=\"Loire Gourmande - une \u00e9tape savoureuse\" \/>\n<meta property=\"article:publisher\" content=\"https:\/\/www.facebook.com\/Loire-Gourmande-Turquant-101991328328493\/\" \/>\n<meta property=\"article:modified_time\" content=\"2026-02-09T12:49:27+00:00\" \/>\n<meta property=\"og:image\" content=\"https:\/\/www.loire-gourmande.fr\/wp-content\/uploads\/2025\/03\/A.O.C.-Chateaumeillant-Revesens-Rouge-Domaine-du-Chaillot.jpg\" \/>\n\t<meta property=\"og:image:width\" content=\"800\" \/>\n\t<meta property=\"og:image:height\" content=\"800\" \/>\n\t<meta property=\"og:image:type\" content=\"image\/jpeg\" \/>\n<meta name=\"twitter:card\" content=\"summary_large_image\" \/>\n<meta name=\"twitter:label1\" content=\"Gesch\u00e4tzte Lesezeit\" \/>\n\t<meta name=\"twitter:data1\" content=\"1\u00a0Minute\" \/>\n<script type=\"application\/ld+json\" class=\"yoast-schema-graph\">{\"@context\":\"https:\\\/\\\/schema.org\",\"@graph\":[{\"@type\":\"WebPage\",\"@id\":\"https:\\\/\\\/www.loire-gourmande.fr\\\/de\\\/Produkt\\\/a-o-c-chateaumeillant-revesens-rouge\\\/\",\"url\":\"https:\\\/\\\/www.loire-gourmande.fr\\\/de\\\/Produkt\\\/a-o-c-chateaumeillant-revesens-rouge\\\/\",\"name\":\"A.O.C. Ch\u00e2teaumeillant R\u00eav\u00e9sens Red Domaine du Chaillot - Loire Gourmande - une \u00e9tape savoureuse\",\"isPartOf\":{\"@id\":\"https:\\\/\\\/www.loire-gourmande.fr\\\/de\\\/#website\"},\"primaryImageOfPage\":{\"@id\":\"https:\\\/\\\/www.loire-gourmande.fr\\\/de\\\/Produkt\\\/a-o-c-chateaumeillant-revesens-rouge\\\/#primaryimage\"},\"image\":{\"@id\":\"https:\\\/\\\/www.loire-gourmande.fr\\\/de\\\/Produkt\\\/a-o-c-chateaumeillant-revesens-rouge\\\/#primaryimage\"},\"thumbnailUrl\":\"https:\\\/\\\/www.loire-gourmande.fr\\\/wp-content\\\/uploads\\\/2025\\\/03\\\/A.O.C.-Chateaumeillant-Revesens-Rouge-Domaine-du-Chaillot.jpg\",\"datePublished\":\"2025-03-25T10:17:55+00:00\",\"dateModified\":\"2026-02-09T12:49:27+00:00\",\"breadcrumb\":{\"@id\":\"https:\\\/\\\/www.loire-gourmande.fr\\\/de\\\/Produkt\\\/a-o-c-chateaumeillant-revesens-rouge\\\/#breadcrumb\"},\"inLanguage\":\"de\",\"potentialAction\":[{\"@type\":\"ReadAction\",\"target\":[\"https:\\\/\\\/www.loire-gourmande.fr\\\/de\\\/Produkt\\\/a-o-c-chateaumeillant-revesens-rouge\\\/\"]}]},{\"@type\":\"ImageObject\",\"inLanguage\":\"de\",\"@id\":\"https:\\\/\\\/www.loire-gourmande.fr\\\/de\\\/Produkt\\\/a-o-c-chateaumeillant-revesens-rouge\\\/#primaryimage\",\"url\":\"https:\\\/\\\/www.loire-gourmande.fr\\\/wp-content\\\/uploads\\\/2025\\\/03\\\/A.O.C.-Chateaumeillant-Revesens-Rouge-Domaine-du-Chaillot.jpg\",\"contentUrl\":\"https:\\\/\\\/www.loire-gourmande.fr\\\/wp-content\\\/uploads\\\/2025\\\/03\\\/A.O.C.-Chateaumeillant-Revesens-Rouge-Domaine-du-Chaillot.jpg\",\"width\":800,\"height\":800},{\"@type\":\"BreadcrumbList\",\"@id\":\"https:\\\/\\\/www.loire-gourmande.fr\\\/de\\\/Produkt\\\/a-o-c-chateaumeillant-revesens-rouge\\\/#breadcrumb\",\"itemListElement\":[{\"@type\":\"ListItem\",\"position\":1,\"name\":\"Startseite\",\"item\":\"https:\\\/\\\/www.loire-gourmande.fr\\\/de\\\/\"},{\"@type\":\"ListItem\",\"position\":2,\"name\":\"Die Boutique de Loire Gourmande: die Weine der Loire\",\"item\":\"https:\\\/\\\/www.loire-gourmande.fr\\\/de\\\/woocommerce\\\/\"},{\"@type\":\"ListItem\",\"position\":3,\"name\":\"Die Weine\",\"item\":\"https:\\\/\\\/www.loire-gourmande.fr\\\/de\\\/Produktkategorie\\\/die-weine\\\/\"},{\"@type\":\"ListItem\",\"position\":4,\"name\":\"Berry\",\"item\":\"https:\\\/\\\/www.loire-gourmande.fr\\\/de\\\/Produktkategorie\\\/die-weine\\\/berry-de\\\/\"},{\"@type\":\"ListItem\",\"position\":5,\"name\":\"A.O.C. Ch\u00e2teaumeillant R\u00eav\u00e9sens Red Domaine du Chaillot\"}]},{\"@type\":\"WebSite\",\"@id\":\"https:\\\/\\\/www.loire-gourmande.fr\\\/de\\\/#website\",\"url\":\"https:\\\/\\\/www.loire-gourmande.fr\\\/de\\\/\",\"name\":\"Loire Gourmande, une \u00e9tape savoureuse\",\"description\":\"une d\u00e9gustation \u00e0 toute heure et une boutique \u00e0 visiter \u00e0 Turquant (49)\",\"publisher\":{\"@id\":\"https:\\\/\\\/www.loire-gourmande.fr\\\/de\\\/#organization\"},\"potentialAction\":[{\"@type\":\"SearchAction\",\"target\":{\"@type\":\"EntryPoint\",\"urlTemplate\":\"https:\\\/\\\/www.loire-gourmande.fr\\\/de\\\/?s={search_term_string}\"},\"query-input\":{\"@type\":\"PropertyValueSpecification\",\"valueRequired\":true,\"valueName\":\"search_term_string\"}}],\"inLanguage\":\"de\"},{\"@type\":\"Organization\",\"@id\":\"https:\\\/\\\/www.loire-gourmande.fr\\\/de\\\/#organization\",\"name\":\"Loire Gourmande - Schnellrestaurant und Besuch in Turquant (49)\",\"url\":\"https:\\\/\\\/www.loire-gourmande.fr\\\/de\\\/\",\"logo\":{\"@type\":\"ImageObject\",\"inLanguage\":\"de\",\"@id\":\"https:\\\/\\\/www.loire-gourmande.fr\\\/de\\\/#\\\/schema\\\/logo\\\/image\\\/\",\"url\":\"https:\\\/\\\/www.loire-gourmande.fr\\\/wp-content\\\/uploads\\\/2020\\\/10\\\/loire-gourmande-logo.jpg\",\"contentUrl\":\"https:\\\/\\\/www.loire-gourmande.fr\\\/wp-content\\\/uploads\\\/2020\\\/10\\\/loire-gourmande-logo.jpg\",\"width\":800,\"height\":415,\"caption\":\"Loire Gourmande - Schnellrestaurant und Besuch in Turquant (49)\"},\"image\":{\"@id\":\"https:\\\/\\\/www.loire-gourmande.fr\\\/de\\\/#\\\/schema\\\/logo\\\/image\\\/\"},\"sameAs\":[\"https:\\\/\\\/www.facebook.com\\\/Loire-Gourmande-Turquant-101991328328493\\\/\",\"https:\\\/\\\/www.instagram.com\\\/jean_yves_auradon\\\/?igshid=1ta3mfjka326t\"]}]}<\/script>\n<!-- \/ Yoast SEO plugin. -->","yoast_head_json":{"title":"A.O.C. Ch\u00e2teaumeillant R\u00eav\u00e9sens Red Domaine du Chaillot - Loire Gourmande - une \u00e9tape savoureuse","robots":{"index":"index","follow":"follow","max-snippet":"max-snippet:-1","max-image-preview":"max-image-preview:large","max-video-preview":"max-video-preview:-1"},"canonical":"https:\/\/www.loire-gourmande.fr\/de\/Produkt\/a-o-c-chateaumeillant-revesens-rouge\/","og_locale":"de_DE","og_type":"article","og_title":"A.O.C. Ch\u00e2teaumeillant R\u00eav\u00e9sens Red Domaine du Chaillot - Loire Gourmande - une \u00e9tape savoureuse","og_description":"Die Beschreibung unserer Weine im Folgenden l\u00e4sst den langsamen und geduldigen Aufbau des Weinguts bei der Auswahl der Parzellen, der B\u00f6den und ihrer Ausrichtung erahnen. Die Weinberge erstrecken sich heute \u00fcber 6 Hektar, die ausschlie\u00dflich in der Gemeinde Vesdun im Departement Cher liegen. Auf den Etiketten meiner Weine wollte ich die reiche Weinbaugeschichte der Gemeinde bezeugen. Die Bleistiftstriche stellen eines der ber\u00fchmten Weing\u00fcter von Vesdun aus dem sp\u00e4ten 19. Diese sch\u00f6nen Geb\u00e4ude haben mich ermutigt, mich f\u00fcr die Gr\u00fcndung eines Weinguts zu engagieren, den Weinbau wiederzubeleben und die Geheimnisse dieses Landes zu enth\u00fcllen.   Aus der Luft betrachtet zeigten die Fotografien im Laufe der Zeit, dass die Landschaften seit den fr\u00fchen 1950er Jahren immer geschlossener wurden. Als er wieder auf festem Boden stand, fielen seine Blicke auf die Weinreben, die im Unterholz vergraben waren. Viele Informationen \u00fcber das Geheimnis des Ortes und die Verbindung der Menschen zu diesem Land waren verschwunden. Die Verbindungen zwischen dem Winzer, dem Land, den Reben und seiner sozialen Umgebung wurden gelockert, um nicht zu sagen aufgel\u00f6st. Ein nat\u00fcrlicher Zustand der Unordnung, der die oben definierte physikalische Gr\u00f6\u00dfe charakterisiert: die Entropie. Es wurde viel Energie in die Wiederherstellung der Landschaft gesteckt und es wurde \u00fcberlegt, wie man ein Weinbaugebiet 100 Jahre nach seiner Bl\u00fctezeit wiederbeleben k\u00f6nnte.","og_url":"https:\/\/www.loire-gourmande.fr\/de\/Produkt\/a-o-c-chateaumeillant-revesens-rouge\/","og_site_name":"Loire Gourmande - une \u00e9tape savoureuse","article_publisher":"https:\/\/www.facebook.com\/Loire-Gourmande-Turquant-101991328328493\/","article_modified_time":"2026-02-09T12:49:27+00:00","og_image":[{"width":800,"height":800,"url":"https:\/\/www.loire-gourmande.fr\/wp-content\/uploads\/2025\/03\/A.O.C.-Chateaumeillant-Revesens-Rouge-Domaine-du-Chaillot.jpg","type":"image\/jpeg"}],"twitter_card":"summary_large_image","twitter_misc":{"Gesch\u00e4tzte Lesezeit":"1\u00a0Minute"},"schema":{"@context":"https:\/\/schema.org","@graph":[{"@type":"WebPage","@id":"https:\/\/www.loire-gourmande.fr\/de\/Produkt\/a-o-c-chateaumeillant-revesens-rouge\/","url":"https:\/\/www.loire-gourmande.fr\/de\/Produkt\/a-o-c-chateaumeillant-revesens-rouge\/","name":"A.O.C. Ch\u00e2teaumeillant R\u00eav\u00e9sens Red Domaine du Chaillot - Loire Gourmande - une \u00e9tape savoureuse","isPartOf":{"@id":"https:\/\/www.loire-gourmande.fr\/de\/#website"},"primaryImageOfPage":{"@id":"https:\/\/www.loire-gourmande.fr\/de\/Produkt\/a-o-c-chateaumeillant-revesens-rouge\/#primaryimage"},"image":{"@id":"https:\/\/www.loire-gourmande.fr\/de\/Produkt\/a-o-c-chateaumeillant-revesens-rouge\/#primaryimage"},"thumbnailUrl":"https:\/\/www.loire-gourmande.fr\/wp-content\/uploads\/2025\/03\/A.O.C.-Chateaumeillant-Revesens-Rouge-Domaine-du-Chaillot.jpg","datePublished":"2025-03-25T10:17:55+00:00","dateModified":"2026-02-09T12:49:27+00:00","breadcrumb":{"@id":"https:\/\/www.loire-gourmande.fr\/de\/Produkt\/a-o-c-chateaumeillant-revesens-rouge\/#breadcrumb"},"inLanguage":"de","potentialAction":[{"@type":"ReadAction","target":["https:\/\/www.loire-gourmande.fr\/de\/Produkt\/a-o-c-chateaumeillant-revesens-rouge\/"]}]},{"@type":"ImageObject","inLanguage":"de","@id":"https:\/\/www.loire-gourmande.fr\/de\/Produkt\/a-o-c-chateaumeillant-revesens-rouge\/#primaryimage","url":"https:\/\/www.loire-gourmande.fr\/wp-content\/uploads\/2025\/03\/A.O.C.-Chateaumeillant-Revesens-Rouge-Domaine-du-Chaillot.jpg","contentUrl":"https:\/\/www.loire-gourmande.fr\/wp-content\/uploads\/2025\/03\/A.O.C.-Chateaumeillant-Revesens-Rouge-Domaine-du-Chaillot.jpg","width":800,"height":800},{"@type":"BreadcrumbList","@id":"https:\/\/www.loire-gourmande.fr\/de\/Produkt\/a-o-c-chateaumeillant-revesens-rouge\/#breadcrumb","itemListElement":[{"@type":"ListItem","position":1,"name":"Startseite","item":"https:\/\/www.loire-gourmande.fr\/de\/"},{"@type":"ListItem","position":2,"name":"Die Boutique de Loire Gourmande: die Weine der Loire","item":"https:\/\/www.loire-gourmande.fr\/de\/woocommerce\/"},{"@type":"ListItem","position":3,"name":"Die Weine","item":"https:\/\/www.loire-gourmande.fr\/de\/Produktkategorie\/die-weine\/"},{"@type":"ListItem","position":4,"name":"Berry","item":"https:\/\/www.loire-gourmande.fr\/de\/Produktkategorie\/die-weine\/berry-de\/"},{"@type":"ListItem","position":5,"name":"A.O.C. Ch\u00e2teaumeillant R\u00eav\u00e9sens Red Domaine du Chaillot"}]},{"@type":"WebSite","@id":"https:\/\/www.loire-gourmande.fr\/de\/#website","url":"https:\/\/www.loire-gourmande.fr\/de\/","name":"Loire Gourmande, une \u00e9tape savoureuse","description":"une d\u00e9gustation \u00e0 toute heure et une boutique \u00e0 visiter \u00e0 Turquant (49)","publisher":{"@id":"https:\/\/www.loire-gourmande.fr\/de\/#organization"},"potentialAction":[{"@type":"SearchAction","target":{"@type":"EntryPoint","urlTemplate":"https:\/\/www.loire-gourmande.fr\/de\/?s={search_term_string}"},"query-input":{"@type":"PropertyValueSpecification","valueRequired":true,"valueName":"search_term_string"}}],"inLanguage":"de"},{"@type":"Organization","@id":"https:\/\/www.loire-gourmande.fr\/de\/#organization","name":"Loire Gourmande - Schnellrestaurant und Besuch in Turquant (49)","url":"https:\/\/www.loire-gourmande.fr\/de\/","logo":{"@type":"ImageObject","inLanguage":"de","@id":"https:\/\/www.loire-gourmande.fr\/de\/#\/schema\/logo\/image\/","url":"https:\/\/www.loire-gourmande.fr\/wp-content\/uploads\/2020\/10\/loire-gourmande-logo.jpg","contentUrl":"https:\/\/www.loire-gourmande.fr\/wp-content\/uploads\/2020\/10\/loire-gourmande-logo.jpg","width":800,"height":415,"caption":"Loire Gourmande - Schnellrestaurant und Besuch in Turquant (49)"},"image":{"@id":"https:\/\/www.loire-gourmande.fr\/de\/#\/schema\/logo\/image\/"},"sameAs":["https:\/\/www.facebook.com\/Loire-Gourmande-Turquant-101991328328493\/","https:\/\/www.instagram.com\/jean_yves_auradon\/?igshid=1ta3mfjka326t"]}]}},"_links":{"self":[{"href":"https:\/\/www.loire-gourmande.fr\/de\/wp-json\/wp\/v2\/product\/12635","targetHints":{"allow":["GET"]}}],"collection":[{"href":"https:\/\/www.loire-gourmande.fr\/de\/wp-json\/wp\/v2\/product"}],"about":[{"href":"https:\/\/www.loire-gourmande.fr\/de\/wp-json\/wp\/v2\/types\/product"}],"version-history":[{"count":1,"href":"https:\/\/www.loire-gourmande.fr\/de\/wp-json\/wp\/v2\/product\/12635\/revisions"}],"predecessor-version":[{"id":14457,"href":"https:\/\/www.loire-gourmande.fr\/de\/wp-json\/wp\/v2\/product\/12635\/revisions\/14457"}],"wp:featuredmedia":[{"embeddable":true,"href":"https:\/\/www.loire-gourmande.fr\/de\/wp-json\/wp\/v2\/media\/14371"}],"wp:attachment":[{"href":"https:\/\/www.loire-gourmande.fr\/de\/wp-json\/wp\/v2\/media?parent=12635"}],"wp:term":[{"taxonomy":"product_brand","embeddable":true,"href":"https:\/\/www.loire-gourmande.fr\/de\/wp-json\/wp\/v2\/product_brand?post=12635"},{"taxonomy":"product_cat","embeddable":true,"href":"https:\/\/www.loire-gourmande.fr\/de\/wp-json\/wp\/v2\/product_cat?post=12635"},{"taxonomy":"product_tag","embeddable":true,"href":"https:\/\/www.loire-gourmande.fr\/de\/wp-json\/wp\/v2\/product_tag?post=12635"}],"curies":[{"name":"wp","href":"https:\/\/api.w.org\/{rel}","templated":true}]}}