{"id":12637,"date":"2025-03-25T11:15:00","date_gmt":"2025-03-25T10:15:00","guid":{"rendered":"https:\/\/www.loire-gourmande.fr\/produit\/a-o-c-chateaumeillant-parenthese-rouge\/"},"modified":"2026-02-09T13:44:12","modified_gmt":"2026-02-09T12:44:12","slug":"a-o-c-chateaumeillant-parenthese-rouge","status":"publish","type":"product","link":"https:\/\/www.loire-gourmande.fr\/de\/Produkt\/a-o-c-chateaumeillant-parenthese-rouge\/","title":{"rendered":"A.O.C. Ch\u00e2teaumeillant Parenth\u00e8se Rouge Domaine du Chaillot"},"content":{"rendered":"<p>Die Trauben stammen aus den am h\u00f6chsten gelegenen Parzellen des Weinguts &#8211; 350 m. Auf den H\u00fcgeln tritt das Muttergestein zutage: der Micaschist, auch Rosengranit genannt. Ein sehr harter Stein mit ockerfarbenen und rosafarbenen Reflexen, mit dem die Gamay-Rebe hier und in den gro\u00dfen Beaujolais-Weinen seit langem verbunden ist. Die Typizit\u00e4t der Weine und das Terroir werden bei der Verkostung deutlich. Dies ist eine Cuv\u00e9e, die sich immer ein wenig mehr Zeit gibt, um sich zu \u00f6ffnen. Die Aromen roter Fr\u00fcchte und die w\u00fcrzige Seite treten bereits in seiner Jugend auf. Mit der Zeit kommen mehr kompottartige Fr\u00fcchte zum Vorschein und die leichte Bitterkeit der Jugend weicht einer diskreten &#8222;S\u00fc\u00dfe&#8220;.      <\/p>\n<p><strong>Rebsorte<\/strong>: 100% Gamay Beaujolais<br \/>\n<strong>Alter der Reben<\/strong>: 25 Jahre<br \/>\n<strong>Boden <\/strong>: Sedimente aus dem Terti\u00e4r oder der Trias<\/p>\n<p><strong>Trinkzeitpunkt<\/strong>: Jetzt.<br \/>\n<strong>Passt<\/strong> zu: Wurstwaren, w\u00fcrzigem hellem Fleisch, Ente.<\/p>\n<p><strong>Weinbereitung<\/strong>: Manuelle Ernte. Tischsortierung, Entrappung, 20-t\u00e4gige und 30-t\u00e4gige Maischeg\u00e4rung, t\u00e4gliches Einfangen, Keltern, malolaktische G\u00e4rung vor der Flaschenabf\u00fcllung. <\/p>\n<p>Alkohol 12,5\u00b0 \/ Serviertemperatur 14-16\u00b0.<\/p>\n<p>&nbsp;<\/p>\n","protected":false},"excerpt":{"rendered":"<p>Die Beschreibung unserer Weine im Folgenden l\u00e4sst den langsamen und geduldigen Aufbau des Weinguts bei der Auswahl der Parzellen, der B\u00f6den und ihrer Ausrichtung erahnen. Die Weinberge erstrecken sich heute \u00fcber 6 Hektar, die ausschlie\u00dflich in der Gemeinde Vesdun im Departement Cher liegen. Auf den Etiketten meiner Weine wollte ich die reiche Weinbaugeschichte der Gemeinde bezeugen. Die Bleistiftstriche stellen eines der ber\u00fchmten Weing\u00fcter von Vesdun aus dem sp\u00e4ten 19. Diese sch\u00f6nen Geb\u00e4ude haben mich ermutigt, mich f\u00fcr die Gr\u00fcndung eines Weinguts zu engagieren, den Weinbau wiederzubeleben und die Geheimnisse dieses Landes zu enth\u00fcllen.    <\/p>\n<p>Aus der Luft betrachtet zeigten die Fotografien im Laufe der Zeit, dass die Landschaften seit den fr\u00fchen 1950er Jahren immer geschlossener wurden.<\/p>\n<p>Als er wieder auf festem Boden stand, fielen seine Blicke auf die Weinreben, die im Unterholz vergraben waren. Viele Informationen \u00fcber das Geheimnis des Ortes und die Verbindung der Menschen zu diesem Land waren verschwunden. Die Verbindungen zwischen dem Winzer, dem Land, den Reben und seiner sozialen Umgebung wurden gelockert, um nicht zu sagen aufgel\u00f6st. Ein nat\u00fcrlicher Zustand der Unordnung, der die oben definierte physikalische Gr\u00f6\u00dfe charakterisiert: die Entropie. Es wurde viel Energie in die Wiederherstellung der Landschaft gesteckt und es wurde \u00fcberlegt, wie man ein Weinbaugebiet 100 Jahre nach seiner Bl\u00fctezeit wiederbeleben k\u00f6nnte.    <\/p>\n","protected":false},"featured_media":14367,"template":"","meta":{"inline_featured_image":false},"product_brand":[],"product_cat":[623,660,601],"product_tag":[],"class_list":{"0":"post-12637","1":"product","2":"type-product","3":"status-publish","4":"has-post-thumbnail","6":"product_cat-berry-de","7":"product_cat-land-der-loire","8":"product_cat-rot","9":"product_shipping_class-flasche","11":"first","12":"instock","13":"taxable","14":"shipping-taxable","15":"purchasable","16":"product-type-simple"},"yoast_head":"<!-- This site is optimized with the Yoast SEO plugin v27.4 - https:\/\/yoast.com\/product\/yoast-seo-wordpress\/ -->\n<title>A.O.C. Ch\u00e2teaumeillant Parenth\u00e8se Rouge Domaine du Chaillot - Loire Gourmande - une \u00e9tape savoureuse<\/title>\n<meta name=\"robots\" content=\"index, follow, max-snippet:-1, max-image-preview:large, max-video-preview:-1\" \/>\n<link rel=\"canonical\" href=\"https:\/\/www.loire-gourmande.fr\/de\/Produkt\/a-o-c-chateaumeillant-parenthese-rouge\/\" \/>\n<meta property=\"og:locale\" content=\"de_DE\" \/>\n<meta property=\"og:type\" content=\"article\" \/>\n<meta property=\"og:title\" content=\"A.O.C. Ch\u00e2teaumeillant Parenth\u00e8se Rouge Domaine du Chaillot - Loire Gourmande - une \u00e9tape savoureuse\" \/>\n<meta property=\"og:description\" content=\"Die Beschreibung unserer Weine im Folgenden l\u00e4sst den langsamen und geduldigen Aufbau des Weinguts bei der Auswahl der Parzellen, der B\u00f6den und ihrer Ausrichtung erahnen. Die Weinberge erstrecken sich heute \u00fcber 6 Hektar, die ausschlie\u00dflich in der Gemeinde Vesdun im Departement Cher liegen. Auf den Etiketten meiner Weine wollte ich die reiche Weinbaugeschichte der Gemeinde bezeugen. Die Bleistiftstriche stellen eines der ber\u00fchmten Weing\u00fcter von Vesdun aus dem sp\u00e4ten 19. Diese sch\u00f6nen Geb\u00e4ude haben mich ermutigt, mich f\u00fcr die Gr\u00fcndung eines Weinguts zu engagieren, den Weinbau wiederzubeleben und die Geheimnisse dieses Landes zu enth\u00fcllen.   Aus der Luft betrachtet zeigten die Fotografien im Laufe der Zeit, dass die Landschaften seit den fr\u00fchen 1950er Jahren immer geschlossener wurden. Als er wieder auf festem Boden stand, fielen seine Blicke auf die Weinreben, die im Unterholz vergraben waren. Viele Informationen \u00fcber das Geheimnis des Ortes und die Verbindung der Menschen zu diesem Land waren verschwunden. Die Verbindungen zwischen dem Winzer, dem Land, den Reben und seiner sozialen Umgebung wurden gelockert, um nicht zu sagen aufgel\u00f6st. Ein nat\u00fcrlicher Zustand der Unordnung, der die oben definierte physikalische Gr\u00f6\u00dfe charakterisiert: die Entropie. Es wurde viel Energie in die Wiederherstellung der Landschaft gesteckt und es wurde \u00fcberlegt, wie man ein Weinbaugebiet 100 Jahre nach seiner Bl\u00fctezeit wiederbeleben k\u00f6nnte.\" \/>\n<meta property=\"og:url\" content=\"https:\/\/www.loire-gourmande.fr\/de\/Produkt\/a-o-c-chateaumeillant-parenthese-rouge\/\" \/>\n<meta property=\"og:site_name\" content=\"Loire Gourmande - une \u00e9tape savoureuse\" \/>\n<meta property=\"article:publisher\" content=\"https:\/\/www.facebook.com\/Loire-Gourmande-Turquant-101991328328493\/\" \/>\n<meta property=\"article:modified_time\" content=\"2026-02-09T12:44:12+00:00\" \/>\n<meta property=\"og:image\" content=\"https:\/\/www.loire-gourmande.fr\/wp-content\/uploads\/2025\/03\/A.O.C.-Chateaumeillant-Parenthese-Rouge-Domaine-du-Chaillot.jpg\" \/>\n\t<meta property=\"og:image:width\" content=\"800\" \/>\n\t<meta property=\"og:image:height\" content=\"800\" \/>\n\t<meta property=\"og:image:type\" content=\"image\/jpeg\" \/>\n<meta name=\"twitter:card\" content=\"summary_large_image\" \/>\n<meta name=\"twitter:label1\" content=\"Gesch\u00e4tzte Lesezeit\" \/>\n\t<meta name=\"twitter:data1\" content=\"1\u00a0Minute\" \/>\n<script type=\"application\/ld+json\" class=\"yoast-schema-graph\">{\"@context\":\"https:\\\/\\\/schema.org\",\"@graph\":[{\"@type\":\"WebPage\",\"@id\":\"https:\\\/\\\/www.loire-gourmande.fr\\\/de\\\/Produkt\\\/a-o-c-chateaumeillant-parenthese-rouge\\\/\",\"url\":\"https:\\\/\\\/www.loire-gourmande.fr\\\/de\\\/Produkt\\\/a-o-c-chateaumeillant-parenthese-rouge\\\/\",\"name\":\"A.O.C. Ch\u00e2teaumeillant Parenth\u00e8se Rouge Domaine du Chaillot - Loire Gourmande - une \u00e9tape savoureuse\",\"isPartOf\":{\"@id\":\"https:\\\/\\\/www.loire-gourmande.fr\\\/de\\\/#website\"},\"primaryImageOfPage\":{\"@id\":\"https:\\\/\\\/www.loire-gourmande.fr\\\/de\\\/Produkt\\\/a-o-c-chateaumeillant-parenthese-rouge\\\/#primaryimage\"},\"image\":{\"@id\":\"https:\\\/\\\/www.loire-gourmande.fr\\\/de\\\/Produkt\\\/a-o-c-chateaumeillant-parenthese-rouge\\\/#primaryimage\"},\"thumbnailUrl\":\"https:\\\/\\\/www.loire-gourmande.fr\\\/wp-content\\\/uploads\\\/2025\\\/03\\\/A.O.C.-Chateaumeillant-Parenthese-Rouge-Domaine-du-Chaillot.jpg\",\"datePublished\":\"2025-03-25T10:15:00+00:00\",\"dateModified\":\"2026-02-09T12:44:12+00:00\",\"breadcrumb\":{\"@id\":\"https:\\\/\\\/www.loire-gourmande.fr\\\/de\\\/Produkt\\\/a-o-c-chateaumeillant-parenthese-rouge\\\/#breadcrumb\"},\"inLanguage\":\"de\",\"potentialAction\":[{\"@type\":\"ReadAction\",\"target\":[\"https:\\\/\\\/www.loire-gourmande.fr\\\/de\\\/Produkt\\\/a-o-c-chateaumeillant-parenthese-rouge\\\/\"]}]},{\"@type\":\"ImageObject\",\"inLanguage\":\"de\",\"@id\":\"https:\\\/\\\/www.loire-gourmande.fr\\\/de\\\/Produkt\\\/a-o-c-chateaumeillant-parenthese-rouge\\\/#primaryimage\",\"url\":\"https:\\\/\\\/www.loire-gourmande.fr\\\/wp-content\\\/uploads\\\/2025\\\/03\\\/A.O.C.-Chateaumeillant-Parenthese-Rouge-Domaine-du-Chaillot.jpg\",\"contentUrl\":\"https:\\\/\\\/www.loire-gourmande.fr\\\/wp-content\\\/uploads\\\/2025\\\/03\\\/A.O.C.-Chateaumeillant-Parenthese-Rouge-Domaine-du-Chaillot.jpg\",\"width\":800,\"height\":800},{\"@type\":\"BreadcrumbList\",\"@id\":\"https:\\\/\\\/www.loire-gourmande.fr\\\/de\\\/Produkt\\\/a-o-c-chateaumeillant-parenthese-rouge\\\/#breadcrumb\",\"itemListElement\":[{\"@type\":\"ListItem\",\"position\":1,\"name\":\"Startseite\",\"item\":\"https:\\\/\\\/www.loire-gourmande.fr\\\/de\\\/\"},{\"@type\":\"ListItem\",\"position\":2,\"name\":\"Die Boutique de Loire Gourmande: die Weine der Loire\",\"item\":\"https:\\\/\\\/www.loire-gourmande.fr\\\/de\\\/woocommerce\\\/\"},{\"@type\":\"ListItem\",\"position\":3,\"name\":\"Land der Loire\",\"item\":\"https:\\\/\\\/www.loire-gourmande.fr\\\/de\\\/Produktkategorie\\\/land-der-loire\\\/\"},{\"@type\":\"ListItem\",\"position\":4,\"name\":\"A.O.C. Ch\u00e2teaumeillant Parenth\u00e8se Rouge Domaine du Chaillot\"}]},{\"@type\":\"WebSite\",\"@id\":\"https:\\\/\\\/www.loire-gourmande.fr\\\/de\\\/#website\",\"url\":\"https:\\\/\\\/www.loire-gourmande.fr\\\/de\\\/\",\"name\":\"Loire Gourmande, une \u00e9tape savoureuse\",\"description\":\"une d\u00e9gustation \u00e0 toute heure et une boutique \u00e0 visiter \u00e0 Turquant (49)\",\"publisher\":{\"@id\":\"https:\\\/\\\/www.loire-gourmande.fr\\\/de\\\/#organization\"},\"potentialAction\":[{\"@type\":\"SearchAction\",\"target\":{\"@type\":\"EntryPoint\",\"urlTemplate\":\"https:\\\/\\\/www.loire-gourmande.fr\\\/de\\\/?s={search_term_string}\"},\"query-input\":{\"@type\":\"PropertyValueSpecification\",\"valueRequired\":true,\"valueName\":\"search_term_string\"}}],\"inLanguage\":\"de\"},{\"@type\":\"Organization\",\"@id\":\"https:\\\/\\\/www.loire-gourmande.fr\\\/de\\\/#organization\",\"name\":\"Loire Gourmande - Schnellrestaurant und Besuch in Turquant (49)\",\"url\":\"https:\\\/\\\/www.loire-gourmande.fr\\\/de\\\/\",\"logo\":{\"@type\":\"ImageObject\",\"inLanguage\":\"de\",\"@id\":\"https:\\\/\\\/www.loire-gourmande.fr\\\/de\\\/#\\\/schema\\\/logo\\\/image\\\/\",\"url\":\"https:\\\/\\\/www.loire-gourmande.fr\\\/wp-content\\\/uploads\\\/2020\\\/10\\\/loire-gourmande-logo.jpg\",\"contentUrl\":\"https:\\\/\\\/www.loire-gourmande.fr\\\/wp-content\\\/uploads\\\/2020\\\/10\\\/loire-gourmande-logo.jpg\",\"width\":800,\"height\":415,\"caption\":\"Loire Gourmande - Schnellrestaurant und Besuch in Turquant (49)\"},\"image\":{\"@id\":\"https:\\\/\\\/www.loire-gourmande.fr\\\/de\\\/#\\\/schema\\\/logo\\\/image\\\/\"},\"sameAs\":[\"https:\\\/\\\/www.facebook.com\\\/Loire-Gourmande-Turquant-101991328328493\\\/\",\"https:\\\/\\\/www.instagram.com\\\/jean_yves_auradon\\\/?igshid=1ta3mfjka326t\"]}]}<\/script>\n<!-- \/ Yoast SEO plugin. -->","yoast_head_json":{"title":"A.O.C. Ch\u00e2teaumeillant Parenth\u00e8se Rouge Domaine du Chaillot - Loire Gourmande - une \u00e9tape savoureuse","robots":{"index":"index","follow":"follow","max-snippet":"max-snippet:-1","max-image-preview":"max-image-preview:large","max-video-preview":"max-video-preview:-1"},"canonical":"https:\/\/www.loire-gourmande.fr\/de\/Produkt\/a-o-c-chateaumeillant-parenthese-rouge\/","og_locale":"de_DE","og_type":"article","og_title":"A.O.C. Ch\u00e2teaumeillant Parenth\u00e8se Rouge Domaine du Chaillot - Loire Gourmande - une \u00e9tape savoureuse","og_description":"Die Beschreibung unserer Weine im Folgenden l\u00e4sst den langsamen und geduldigen Aufbau des Weinguts bei der Auswahl der Parzellen, der B\u00f6den und ihrer Ausrichtung erahnen. Die Weinberge erstrecken sich heute \u00fcber 6 Hektar, die ausschlie\u00dflich in der Gemeinde Vesdun im Departement Cher liegen. Auf den Etiketten meiner Weine wollte ich die reiche Weinbaugeschichte der Gemeinde bezeugen. Die Bleistiftstriche stellen eines der ber\u00fchmten Weing\u00fcter von Vesdun aus dem sp\u00e4ten 19. Diese sch\u00f6nen Geb\u00e4ude haben mich ermutigt, mich f\u00fcr die Gr\u00fcndung eines Weinguts zu engagieren, den Weinbau wiederzubeleben und die Geheimnisse dieses Landes zu enth\u00fcllen.   Aus der Luft betrachtet zeigten die Fotografien im Laufe der Zeit, dass die Landschaften seit den fr\u00fchen 1950er Jahren immer geschlossener wurden. Als er wieder auf festem Boden stand, fielen seine Blicke auf die Weinreben, die im Unterholz vergraben waren. Viele Informationen \u00fcber das Geheimnis des Ortes und die Verbindung der Menschen zu diesem Land waren verschwunden. Die Verbindungen zwischen dem Winzer, dem Land, den Reben und seiner sozialen Umgebung wurden gelockert, um nicht zu sagen aufgel\u00f6st. Ein nat\u00fcrlicher Zustand der Unordnung, der die oben definierte physikalische Gr\u00f6\u00dfe charakterisiert: die Entropie. Es wurde viel Energie in die Wiederherstellung der Landschaft gesteckt und es wurde \u00fcberlegt, wie man ein Weinbaugebiet 100 Jahre nach seiner Bl\u00fctezeit wiederbeleben k\u00f6nnte.","og_url":"https:\/\/www.loire-gourmande.fr\/de\/Produkt\/a-o-c-chateaumeillant-parenthese-rouge\/","og_site_name":"Loire Gourmande - une \u00e9tape savoureuse","article_publisher":"https:\/\/www.facebook.com\/Loire-Gourmande-Turquant-101991328328493\/","article_modified_time":"2026-02-09T12:44:12+00:00","og_image":[{"width":800,"height":800,"url":"https:\/\/www.loire-gourmande.fr\/wp-content\/uploads\/2025\/03\/A.O.C.-Chateaumeillant-Parenthese-Rouge-Domaine-du-Chaillot.jpg","type":"image\/jpeg"}],"twitter_card":"summary_large_image","twitter_misc":{"Gesch\u00e4tzte Lesezeit":"1\u00a0Minute"},"schema":{"@context":"https:\/\/schema.org","@graph":[{"@type":"WebPage","@id":"https:\/\/www.loire-gourmande.fr\/de\/Produkt\/a-o-c-chateaumeillant-parenthese-rouge\/","url":"https:\/\/www.loire-gourmande.fr\/de\/Produkt\/a-o-c-chateaumeillant-parenthese-rouge\/","name":"A.O.C. Ch\u00e2teaumeillant Parenth\u00e8se Rouge Domaine du Chaillot - Loire Gourmande - une \u00e9tape savoureuse","isPartOf":{"@id":"https:\/\/www.loire-gourmande.fr\/de\/#website"},"primaryImageOfPage":{"@id":"https:\/\/www.loire-gourmande.fr\/de\/Produkt\/a-o-c-chateaumeillant-parenthese-rouge\/#primaryimage"},"image":{"@id":"https:\/\/www.loire-gourmande.fr\/de\/Produkt\/a-o-c-chateaumeillant-parenthese-rouge\/#primaryimage"},"thumbnailUrl":"https:\/\/www.loire-gourmande.fr\/wp-content\/uploads\/2025\/03\/A.O.C.-Chateaumeillant-Parenthese-Rouge-Domaine-du-Chaillot.jpg","datePublished":"2025-03-25T10:15:00+00:00","dateModified":"2026-02-09T12:44:12+00:00","breadcrumb":{"@id":"https:\/\/www.loire-gourmande.fr\/de\/Produkt\/a-o-c-chateaumeillant-parenthese-rouge\/#breadcrumb"},"inLanguage":"de","potentialAction":[{"@type":"ReadAction","target":["https:\/\/www.loire-gourmande.fr\/de\/Produkt\/a-o-c-chateaumeillant-parenthese-rouge\/"]}]},{"@type":"ImageObject","inLanguage":"de","@id":"https:\/\/www.loire-gourmande.fr\/de\/Produkt\/a-o-c-chateaumeillant-parenthese-rouge\/#primaryimage","url":"https:\/\/www.loire-gourmande.fr\/wp-content\/uploads\/2025\/03\/A.O.C.-Chateaumeillant-Parenthese-Rouge-Domaine-du-Chaillot.jpg","contentUrl":"https:\/\/www.loire-gourmande.fr\/wp-content\/uploads\/2025\/03\/A.O.C.-Chateaumeillant-Parenthese-Rouge-Domaine-du-Chaillot.jpg","width":800,"height":800},{"@type":"BreadcrumbList","@id":"https:\/\/www.loire-gourmande.fr\/de\/Produkt\/a-o-c-chateaumeillant-parenthese-rouge\/#breadcrumb","itemListElement":[{"@type":"ListItem","position":1,"name":"Startseite","item":"https:\/\/www.loire-gourmande.fr\/de\/"},{"@type":"ListItem","position":2,"name":"Die Boutique de Loire Gourmande: die Weine der Loire","item":"https:\/\/www.loire-gourmande.fr\/de\/woocommerce\/"},{"@type":"ListItem","position":3,"name":"Land der Loire","item":"https:\/\/www.loire-gourmande.fr\/de\/Produktkategorie\/land-der-loire\/"},{"@type":"ListItem","position":4,"name":"A.O.C. Ch\u00e2teaumeillant Parenth\u00e8se Rouge Domaine du Chaillot"}]},{"@type":"WebSite","@id":"https:\/\/www.loire-gourmande.fr\/de\/#website","url":"https:\/\/www.loire-gourmande.fr\/de\/","name":"Loire Gourmande, une \u00e9tape savoureuse","description":"une d\u00e9gustation \u00e0 toute heure et une boutique \u00e0 visiter \u00e0 Turquant (49)","publisher":{"@id":"https:\/\/www.loire-gourmande.fr\/de\/#organization"},"potentialAction":[{"@type":"SearchAction","target":{"@type":"EntryPoint","urlTemplate":"https:\/\/www.loire-gourmande.fr\/de\/?s={search_term_string}"},"query-input":{"@type":"PropertyValueSpecification","valueRequired":true,"valueName":"search_term_string"}}],"inLanguage":"de"},{"@type":"Organization","@id":"https:\/\/www.loire-gourmande.fr\/de\/#organization","name":"Loire Gourmande - Schnellrestaurant und Besuch in Turquant (49)","url":"https:\/\/www.loire-gourmande.fr\/de\/","logo":{"@type":"ImageObject","inLanguage":"de","@id":"https:\/\/www.loire-gourmande.fr\/de\/#\/schema\/logo\/image\/","url":"https:\/\/www.loire-gourmande.fr\/wp-content\/uploads\/2020\/10\/loire-gourmande-logo.jpg","contentUrl":"https:\/\/www.loire-gourmande.fr\/wp-content\/uploads\/2020\/10\/loire-gourmande-logo.jpg","width":800,"height":415,"caption":"Loire Gourmande - Schnellrestaurant und Besuch in Turquant (49)"},"image":{"@id":"https:\/\/www.loire-gourmande.fr\/de\/#\/schema\/logo\/image\/"},"sameAs":["https:\/\/www.facebook.com\/Loire-Gourmande-Turquant-101991328328493\/","https:\/\/www.instagram.com\/jean_yves_auradon\/?igshid=1ta3mfjka326t"]}]}},"_links":{"self":[{"href":"https:\/\/www.loire-gourmande.fr\/de\/wp-json\/wp\/v2\/product\/12637","targetHints":{"allow":["GET"]}}],"collection":[{"href":"https:\/\/www.loire-gourmande.fr\/de\/wp-json\/wp\/v2\/product"}],"about":[{"href":"https:\/\/www.loire-gourmande.fr\/de\/wp-json\/wp\/v2\/types\/product"}],"version-history":[{"count":1,"href":"https:\/\/www.loire-gourmande.fr\/de\/wp-json\/wp\/v2\/product\/12637\/revisions"}],"predecessor-version":[{"id":14401,"href":"https:\/\/www.loire-gourmande.fr\/de\/wp-json\/wp\/v2\/product\/12637\/revisions\/14401"}],"wp:featuredmedia":[{"embeddable":true,"href":"https:\/\/www.loire-gourmande.fr\/de\/wp-json\/wp\/v2\/media\/14367"}],"wp:attachment":[{"href":"https:\/\/www.loire-gourmande.fr\/de\/wp-json\/wp\/v2\/media?parent=12637"}],"wp:term":[{"taxonomy":"product_brand","embeddable":true,"href":"https:\/\/www.loire-gourmande.fr\/de\/wp-json\/wp\/v2\/product_brand?post=12637"},{"taxonomy":"product_cat","embeddable":true,"href":"https:\/\/www.loire-gourmande.fr\/de\/wp-json\/wp\/v2\/product_cat?post=12637"},{"taxonomy":"product_tag","embeddable":true,"href":"https:\/\/www.loire-gourmande.fr\/de\/wp-json\/wp\/v2\/product_tag?post=12637"}],"curies":[{"name":"wp","href":"https:\/\/api.w.org\/{rel}","templated":true}]}}