{"id":13159,"date":"2025-05-08T08:13:46","date_gmt":"2025-05-08T07:13:46","guid":{"rendered":"https:\/\/www.loire-gourmande.fr\/produit\/cremant-de-loire-brut-chateau-de-la-fassardiere\/"},"modified":"2025-05-08T08:13:46","modified_gmt":"2025-05-08T07:13:46","slug":"cremant-de-loire-brut-chateau-de-la-fassardiere","status":"publish","type":"product","link":"https:\/\/www.loire-gourmande.fr\/de\/Produkt\/cremant-de-loire-brut-chateau-de-la-fassardiere\/","title":{"rendered":"CR\u00c9MANT DE LOIRE BRUT CH\u00c2TEAU DE LA FASSARDI\u00c8RE"},"content":{"rendered":"<div class=\"-mt-8 mb-2 leading-none\">\n<div class=\"text-4xl font-din2014narrow\">Cr\u00e9mant Blanc<\/div>\n<div>Cr\u00e9mant de Loire<\/div>\n<\/div>\n<div class=\"\">\n<div>\n<p class=\"editor-paragraph\" dir=\"ltr\">Appellation d&#8217;origine contr\u00f4l\u00e9e, traditionelle Methode. Die fr\u00fche Ernte erfolgt manuell in der Kiste, um die Trauben so gut wie m\u00f6glich auszuw\u00e4hlen. Der Cr\u00e9mant de Loire blanc ist eine Cuv\u00e9e aus den Rebsorten Cabernet Franc, Chenin und Chardonnay.  <\/p>\n<\/div>\n<\/div>\n<div class=\"\">\n<div class=\"uppercase font-semibold font-din2014narrow\">VERKOSTUNG<\/div>\n<div>\n<p class=\"editor-paragraph\" dir=\"ltr\">Kristallklare, strohgelbe Farbe mit goldenen Reflexen. In der Nase pr\u00e4sentieren sich aromatische Komplexit\u00e4ten, die von blumigen D\u00fcften und wei\u00dfen Fr\u00fcchten bis hin zu Noten von Toast oder Brioche reichen. Am Gaumen feine und elegante Bl\u00e4schen mit bemerkenswerter Frische und Zitrusaromen.  <\/p>\n<\/div>\n<\/div>\n<div class=\"!border-none\">\n<div class=\"uppercase font-semibold font-din2014narrow\">SERVICE UND VEREINBARUNGEN<\/div>\n<div>\n<p class=\"editor-paragraph\" dir=\"ltr\">Zwischen 4\u00b0 und 6\u00b0 als Aperitif oder Dessert servieren. Seine Finesse eignet sich perfekt f\u00fcr ein Gourmet-Essen. Alterungspotenzial: innerhalb von zwei bis drei Jahren nach der Vermarktung vollst\u00e4ndig ausgepr\u00e4gt.  <\/p>\n<\/div>\n<\/div>\n","protected":false},"excerpt":{"rendered":"<p class=\"prose text-primary col-start-1 px-4 col-span-full md:col-span-8 row-start-[calc(3+var(--index))] text-md leading-snug md:leading-auto md:text-xl font-din2014 py-1 md:pt-0 md:pb-4 md:px-20 text-justify max-w-3xl\">Das Weingut, das von der Familie Poitevin gef\u00fchrt wird, erstreckt sich \u00fcber die Gemeinden Turquant und Montsoreau, die Teil der AOC Saumur Champigny sind. Das Terroir besteht aus einem ton- und kalkhaltigen Boden und dem wertvollen Tuffstein im Unterboden. Dieser Tuffstein, der die kulturelle Identit\u00e4t des Loiretals mit seinen unz\u00e4hligen Schl\u00f6ssern, Abteien, St\u00e4dten und D\u00f6rfern pr\u00e4gt, bietet den Reben aufgrund seiner Porosit\u00e4t eine regelm\u00e4\u00dfige Wasserversorgung auch in trockenen Zeiten.<\/p>\n<p class=\"prose text-primary col-start-1 px-4 col-span-full md:col-span-8 row-start-[calc(3+var(--index))] text-md leading-snug md:leading-auto md:text-xl font-din2014 py-1 md:pt-0 md:pb-4 md:px-20 text-justify max-w-3xl\">Die beiden charakteristischen Rebsorten unserer Appellation sind Cabernet Franc und Chenin. Cabernet Franc f\u00fcr die Herstellung von Rotweinen der Appellation Saumur Champigny, die uns Cuv\u00e9es mit samtigen und fruchtigen Tanninen mit unterschiedlichen Strukturen je nach Weinbereitungsmethode liefert. <\/p>\n","protected":false},"featured_media":12992,"template":"","meta":{"inline_featured_image":false},"product_brand":[],"product_cat":[602,660,621,608],"product_tag":[618,652],"class_list":{"0":"post-13159","1":"product","2":"type-product","3":"status-publish","4":"has-post-thumbnail","6":"product_cat-anjou-de","7":"product_cat-land-der-loire","8":"product_cat-schaumwein","9":"product_cat-weis","10":"product_tag-aperitif-de","11":"product_tag-nachtisch","12":"product_shipping_class-flasche","14":"first","15":"instock","16":"taxable","17":"shipping-taxable","18":"purchasable","19":"product-type-simple"},"yoast_head":"<!-- This site is optimized with the Yoast SEO plugin v27.6 - https:\/\/yoast.com\/product\/yoast-seo-wordpress\/ -->\n<title>CR\u00c9MANT DE LOIRE BRUT CH\u00c2TEAU DE LA FASSARDI\u00c8RE - Loire Gourmande - une \u00e9tape savoureuse<\/title>\n<meta name=\"robots\" content=\"index, follow, max-snippet:-1, max-image-preview:large, max-video-preview:-1\" \/>\n<link rel=\"canonical\" href=\"https:\/\/www.loire-gourmande.fr\/de\/Produkt\/cremant-de-loire-brut-chateau-de-la-fassardiere\/\" \/>\n<meta property=\"og:locale\" content=\"de_DE\" \/>\n<meta property=\"og:type\" content=\"article\" \/>\n<meta property=\"og:title\" content=\"CR\u00c9MANT DE LOIRE BRUT CH\u00c2TEAU DE LA FASSARDI\u00c8RE - Loire Gourmande - une \u00e9tape savoureuse\" \/>\n<meta property=\"og:description\" content=\"Das Weingut, das von der Familie Poitevin gef\u00fchrt wird, erstreckt sich \u00fcber die Gemeinden Turquant und Montsoreau, die Teil der AOC Saumur Champigny sind. Das Terroir besteht aus einem ton- und kalkhaltigen Boden und dem wertvollen Tuffstein im Unterboden. Dieser Tuffstein, der die kulturelle Identit\u00e4t des Loiretals mit seinen unz\u00e4hligen Schl\u00f6ssern, Abteien, St\u00e4dten und D\u00f6rfern pr\u00e4gt, bietet den Reben aufgrund seiner Porosit\u00e4t eine regelm\u00e4\u00dfige Wasserversorgung auch in trockenen Zeiten. Die beiden charakteristischen Rebsorten unserer Appellation sind Cabernet Franc und Chenin. Cabernet Franc f\u00fcr die Herstellung von Rotweinen der Appellation Saumur Champigny, die uns Cuv\u00e9es mit samtigen und fruchtigen Tanninen mit unterschiedlichen Strukturen je nach Weinbereitungsmethode liefert.\" \/>\n<meta property=\"og:url\" content=\"https:\/\/www.loire-gourmande.fr\/de\/Produkt\/cremant-de-loire-brut-chateau-de-la-fassardiere\/\" \/>\n<meta property=\"og:site_name\" content=\"Loire Gourmande - une \u00e9tape savoureuse\" \/>\n<meta property=\"article:publisher\" content=\"https:\/\/www.facebook.com\/Loire-Gourmande-Turquant-101991328328493\/\" \/>\n<meta property=\"og:image\" content=\"https:\/\/www.loire-gourmande.fr\/wp-content\/uploads\/2025\/05\/Cremant-Fessardiere.png\" \/>\n\t<meta property=\"og:image:width\" content=\"800\" \/>\n\t<meta property=\"og:image:height\" content=\"800\" \/>\n\t<meta property=\"og:image:type\" content=\"image\/png\" \/>\n<meta name=\"twitter:card\" content=\"summary_large_image\" \/>\n<meta name=\"twitter:label1\" content=\"Gesch\u00e4tzte Lesezeit\" \/>\n\t<meta name=\"twitter:data1\" content=\"1\u00a0Minute\" \/>\n<script type=\"application\/ld+json\" class=\"yoast-schema-graph\">{\"@context\":\"https:\\\/\\\/schema.org\",\"@graph\":[{\"@type\":\"WebPage\",\"@id\":\"https:\\\/\\\/www.loire-gourmande.fr\\\/de\\\/Produkt\\\/cremant-de-loire-brut-chateau-de-la-fassardiere\\\/\",\"url\":\"https:\\\/\\\/www.loire-gourmande.fr\\\/de\\\/Produkt\\\/cremant-de-loire-brut-chateau-de-la-fassardiere\\\/\",\"name\":\"CR\u00c9MANT DE LOIRE BRUT CH\u00c2TEAU DE LA FASSARDI\u00c8RE - Loire Gourmande - une \u00e9tape savoureuse\",\"isPartOf\":{\"@id\":\"https:\\\/\\\/www.loire-gourmande.fr\\\/de\\\/#website\"},\"primaryImageOfPage\":{\"@id\":\"https:\\\/\\\/www.loire-gourmande.fr\\\/de\\\/Produkt\\\/cremant-de-loire-brut-chateau-de-la-fassardiere\\\/#primaryimage\"},\"image\":{\"@id\":\"https:\\\/\\\/www.loire-gourmande.fr\\\/de\\\/Produkt\\\/cremant-de-loire-brut-chateau-de-la-fassardiere\\\/#primaryimage\"},\"thumbnailUrl\":\"https:\\\/\\\/www.loire-gourmande.fr\\\/wp-content\\\/uploads\\\/2025\\\/05\\\/Cremant-Fessardiere.png\",\"datePublished\":\"2025-05-08T07:13:46+00:00\",\"breadcrumb\":{\"@id\":\"https:\\\/\\\/www.loire-gourmande.fr\\\/de\\\/Produkt\\\/cremant-de-loire-brut-chateau-de-la-fassardiere\\\/#breadcrumb\"},\"inLanguage\":\"de\",\"potentialAction\":[{\"@type\":\"ReadAction\",\"target\":[\"https:\\\/\\\/www.loire-gourmande.fr\\\/de\\\/Produkt\\\/cremant-de-loire-brut-chateau-de-la-fassardiere\\\/\"]}]},{\"@type\":\"ImageObject\",\"inLanguage\":\"de\",\"@id\":\"https:\\\/\\\/www.loire-gourmande.fr\\\/de\\\/Produkt\\\/cremant-de-loire-brut-chateau-de-la-fassardiere\\\/#primaryimage\",\"url\":\"https:\\\/\\\/www.loire-gourmande.fr\\\/wp-content\\\/uploads\\\/2025\\\/05\\\/Cremant-Fessardiere.png\",\"contentUrl\":\"https:\\\/\\\/www.loire-gourmande.fr\\\/wp-content\\\/uploads\\\/2025\\\/05\\\/Cremant-Fessardiere.png\",\"width\":800,\"height\":800},{\"@type\":\"BreadcrumbList\",\"@id\":\"https:\\\/\\\/www.loire-gourmande.fr\\\/de\\\/Produkt\\\/cremant-de-loire-brut-chateau-de-la-fassardiere\\\/#breadcrumb\",\"itemListElement\":[{\"@type\":\"ListItem\",\"position\":1,\"name\":\"Startseite\",\"item\":\"https:\\\/\\\/www.loire-gourmande.fr\\\/de\\\/\"},{\"@type\":\"ListItem\",\"position\":2,\"name\":\"Die Boutique de Loire Gourmande: die Weine der Loire\",\"item\":\"https:\\\/\\\/www.loire-gourmande.fr\\\/de\\\/woocommerce\\\/\"},{\"@type\":\"ListItem\",\"position\":3,\"name\":\"Land der Loire\",\"item\":\"https:\\\/\\\/www.loire-gourmande.fr\\\/de\\\/Produktkategorie\\\/land-der-loire\\\/\"},{\"@type\":\"ListItem\",\"position\":4,\"name\":\"CR\u00c9MANT DE LOIRE BRUT CH\u00c2TEAU DE LA FASSARDI\u00c8RE\"}]},{\"@type\":\"WebSite\",\"@id\":\"https:\\\/\\\/www.loire-gourmande.fr\\\/de\\\/#website\",\"url\":\"https:\\\/\\\/www.loire-gourmande.fr\\\/de\\\/\",\"name\":\"Loire Gourmande, une \u00e9tape savoureuse\",\"description\":\"une d\u00e9gustation \u00e0 toute heure et une boutique \u00e0 visiter \u00e0 Turquant (49)\",\"publisher\":{\"@id\":\"https:\\\/\\\/www.loire-gourmande.fr\\\/de\\\/#organization\"},\"potentialAction\":[{\"@type\":\"SearchAction\",\"target\":{\"@type\":\"EntryPoint\",\"urlTemplate\":\"https:\\\/\\\/www.loire-gourmande.fr\\\/de\\\/?s={search_term_string}\"},\"query-input\":{\"@type\":\"PropertyValueSpecification\",\"valueRequired\":true,\"valueName\":\"search_term_string\"}}],\"inLanguage\":\"de\"},{\"@type\":\"Organization\",\"@id\":\"https:\\\/\\\/www.loire-gourmande.fr\\\/de\\\/#organization\",\"name\":\"Loire Gourmande - Schnellrestaurant und Besuch in Turquant (49)\",\"url\":\"https:\\\/\\\/www.loire-gourmande.fr\\\/de\\\/\",\"logo\":{\"@type\":\"ImageObject\",\"inLanguage\":\"de\",\"@id\":\"https:\\\/\\\/www.loire-gourmande.fr\\\/de\\\/#\\\/schema\\\/logo\\\/image\\\/\",\"url\":\"https:\\\/\\\/www.loire-gourmande.fr\\\/wp-content\\\/uploads\\\/2020\\\/10\\\/loire-gourmande-logo.jpg\",\"contentUrl\":\"https:\\\/\\\/www.loire-gourmande.fr\\\/wp-content\\\/uploads\\\/2020\\\/10\\\/loire-gourmande-logo.jpg\",\"width\":800,\"height\":415,\"caption\":\"Loire Gourmande - Schnellrestaurant und Besuch in Turquant (49)\"},\"image\":{\"@id\":\"https:\\\/\\\/www.loire-gourmande.fr\\\/de\\\/#\\\/schema\\\/logo\\\/image\\\/\"},\"sameAs\":[\"https:\\\/\\\/www.facebook.com\\\/Loire-Gourmande-Turquant-101991328328493\\\/\",\"https:\\\/\\\/www.instagram.com\\\/jean_yves_auradon\\\/?igshid=1ta3mfjka326t\"]}]}<\/script>\n<!-- \/ Yoast SEO plugin. -->","yoast_head_json":{"title":"CR\u00c9MANT DE LOIRE BRUT CH\u00c2TEAU DE LA FASSARDI\u00c8RE - Loire Gourmande - une \u00e9tape savoureuse","robots":{"index":"index","follow":"follow","max-snippet":"max-snippet:-1","max-image-preview":"max-image-preview:large","max-video-preview":"max-video-preview:-1"},"canonical":"https:\/\/www.loire-gourmande.fr\/de\/Produkt\/cremant-de-loire-brut-chateau-de-la-fassardiere\/","og_locale":"de_DE","og_type":"article","og_title":"CR\u00c9MANT DE LOIRE BRUT CH\u00c2TEAU DE LA FASSARDI\u00c8RE - Loire Gourmande - une \u00e9tape savoureuse","og_description":"Das Weingut, das von der Familie Poitevin gef\u00fchrt wird, erstreckt sich \u00fcber die Gemeinden Turquant und Montsoreau, die Teil der AOC Saumur Champigny sind. Das Terroir besteht aus einem ton- und kalkhaltigen Boden und dem wertvollen Tuffstein im Unterboden. Dieser Tuffstein, der die kulturelle Identit\u00e4t des Loiretals mit seinen unz\u00e4hligen Schl\u00f6ssern, Abteien, St\u00e4dten und D\u00f6rfern pr\u00e4gt, bietet den Reben aufgrund seiner Porosit\u00e4t eine regelm\u00e4\u00dfige Wasserversorgung auch in trockenen Zeiten. Die beiden charakteristischen Rebsorten unserer Appellation sind Cabernet Franc und Chenin. Cabernet Franc f\u00fcr die Herstellung von Rotweinen der Appellation Saumur Champigny, die uns Cuv\u00e9es mit samtigen und fruchtigen Tanninen mit unterschiedlichen Strukturen je nach Weinbereitungsmethode liefert.","og_url":"https:\/\/www.loire-gourmande.fr\/de\/Produkt\/cremant-de-loire-brut-chateau-de-la-fassardiere\/","og_site_name":"Loire Gourmande - une \u00e9tape savoureuse","article_publisher":"https:\/\/www.facebook.com\/Loire-Gourmande-Turquant-101991328328493\/","og_image":[{"width":800,"height":800,"url":"https:\/\/www.loire-gourmande.fr\/wp-content\/uploads\/2025\/05\/Cremant-Fessardiere.png","type":"image\/png"}],"twitter_card":"summary_large_image","twitter_misc":{"Gesch\u00e4tzte Lesezeit":"1\u00a0Minute"},"schema":{"@context":"https:\/\/schema.org","@graph":[{"@type":"WebPage","@id":"https:\/\/www.loire-gourmande.fr\/de\/Produkt\/cremant-de-loire-brut-chateau-de-la-fassardiere\/","url":"https:\/\/www.loire-gourmande.fr\/de\/Produkt\/cremant-de-loire-brut-chateau-de-la-fassardiere\/","name":"CR\u00c9MANT DE LOIRE BRUT CH\u00c2TEAU DE LA FASSARDI\u00c8RE - Loire Gourmande - une \u00e9tape savoureuse","isPartOf":{"@id":"https:\/\/www.loire-gourmande.fr\/de\/#website"},"primaryImageOfPage":{"@id":"https:\/\/www.loire-gourmande.fr\/de\/Produkt\/cremant-de-loire-brut-chateau-de-la-fassardiere\/#primaryimage"},"image":{"@id":"https:\/\/www.loire-gourmande.fr\/de\/Produkt\/cremant-de-loire-brut-chateau-de-la-fassardiere\/#primaryimage"},"thumbnailUrl":"https:\/\/www.loire-gourmande.fr\/wp-content\/uploads\/2025\/05\/Cremant-Fessardiere.png","datePublished":"2025-05-08T07:13:46+00:00","breadcrumb":{"@id":"https:\/\/www.loire-gourmande.fr\/de\/Produkt\/cremant-de-loire-brut-chateau-de-la-fassardiere\/#breadcrumb"},"inLanguage":"de","potentialAction":[{"@type":"ReadAction","target":["https:\/\/www.loire-gourmande.fr\/de\/Produkt\/cremant-de-loire-brut-chateau-de-la-fassardiere\/"]}]},{"@type":"ImageObject","inLanguage":"de","@id":"https:\/\/www.loire-gourmande.fr\/de\/Produkt\/cremant-de-loire-brut-chateau-de-la-fassardiere\/#primaryimage","url":"https:\/\/www.loire-gourmande.fr\/wp-content\/uploads\/2025\/05\/Cremant-Fessardiere.png","contentUrl":"https:\/\/www.loire-gourmande.fr\/wp-content\/uploads\/2025\/05\/Cremant-Fessardiere.png","width":800,"height":800},{"@type":"BreadcrumbList","@id":"https:\/\/www.loire-gourmande.fr\/de\/Produkt\/cremant-de-loire-brut-chateau-de-la-fassardiere\/#breadcrumb","itemListElement":[{"@type":"ListItem","position":1,"name":"Startseite","item":"https:\/\/www.loire-gourmande.fr\/de\/"},{"@type":"ListItem","position":2,"name":"Die Boutique de Loire Gourmande: die Weine der Loire","item":"https:\/\/www.loire-gourmande.fr\/de\/woocommerce\/"},{"@type":"ListItem","position":3,"name":"Land der Loire","item":"https:\/\/www.loire-gourmande.fr\/de\/Produktkategorie\/land-der-loire\/"},{"@type":"ListItem","position":4,"name":"CR\u00c9MANT DE LOIRE BRUT CH\u00c2TEAU DE LA FASSARDI\u00c8RE"}]},{"@type":"WebSite","@id":"https:\/\/www.loire-gourmande.fr\/de\/#website","url":"https:\/\/www.loire-gourmande.fr\/de\/","name":"Loire Gourmande, une \u00e9tape savoureuse","description":"une d\u00e9gustation \u00e0 toute heure et une boutique \u00e0 visiter \u00e0 Turquant (49)","publisher":{"@id":"https:\/\/www.loire-gourmande.fr\/de\/#organization"},"potentialAction":[{"@type":"SearchAction","target":{"@type":"EntryPoint","urlTemplate":"https:\/\/www.loire-gourmande.fr\/de\/?s={search_term_string}"},"query-input":{"@type":"PropertyValueSpecification","valueRequired":true,"valueName":"search_term_string"}}],"inLanguage":"de"},{"@type":"Organization","@id":"https:\/\/www.loire-gourmande.fr\/de\/#organization","name":"Loire Gourmande - Schnellrestaurant und Besuch in Turquant (49)","url":"https:\/\/www.loire-gourmande.fr\/de\/","logo":{"@type":"ImageObject","inLanguage":"de","@id":"https:\/\/www.loire-gourmande.fr\/de\/#\/schema\/logo\/image\/","url":"https:\/\/www.loire-gourmande.fr\/wp-content\/uploads\/2020\/10\/loire-gourmande-logo.jpg","contentUrl":"https:\/\/www.loire-gourmande.fr\/wp-content\/uploads\/2020\/10\/loire-gourmande-logo.jpg","width":800,"height":415,"caption":"Loire Gourmande - Schnellrestaurant und Besuch in Turquant (49)"},"image":{"@id":"https:\/\/www.loire-gourmande.fr\/de\/#\/schema\/logo\/image\/"},"sameAs":["https:\/\/www.facebook.com\/Loire-Gourmande-Turquant-101991328328493\/","https:\/\/www.instagram.com\/jean_yves_auradon\/?igshid=1ta3mfjka326t"]}]}},"_links":{"self":[{"href":"https:\/\/www.loire-gourmande.fr\/de\/wp-json\/wp\/v2\/product\/13159","targetHints":{"allow":["GET"]}}],"collection":[{"href":"https:\/\/www.loire-gourmande.fr\/de\/wp-json\/wp\/v2\/product"}],"about":[{"href":"https:\/\/www.loire-gourmande.fr\/de\/wp-json\/wp\/v2\/types\/product"}],"version-history":[{"count":0,"href":"https:\/\/www.loire-gourmande.fr\/de\/wp-json\/wp\/v2\/product\/13159\/revisions"}],"wp:featuredmedia":[{"embeddable":true,"href":"https:\/\/www.loire-gourmande.fr\/de\/wp-json\/wp\/v2\/media\/12992"}],"wp:attachment":[{"href":"https:\/\/www.loire-gourmande.fr\/de\/wp-json\/wp\/v2\/media?parent=13159"}],"wp:term":[{"taxonomy":"product_brand","embeddable":true,"href":"https:\/\/www.loire-gourmande.fr\/de\/wp-json\/wp\/v2\/product_brand?post=13159"},{"taxonomy":"product_cat","embeddable":true,"href":"https:\/\/www.loire-gourmande.fr\/de\/wp-json\/wp\/v2\/product_cat?post=13159"},{"taxonomy":"product_tag","embeddable":true,"href":"https:\/\/www.loire-gourmande.fr\/de\/wp-json\/wp\/v2\/product_tag?post=13159"}],"curies":[{"name":"wp","href":"https:\/\/api.w.org\/{rel}","templated":true}]}}