{"id":14150,"date":"2026-01-25T14:40:59","date_gmt":"2026-01-25T13:40:59","guid":{"rendered":"https:\/\/www.loire-gourmande.fr\/produit\/muscadet-cuvee-academie-martin-luneau\/"},"modified":"2026-01-25T14:40:59","modified_gmt":"2026-01-25T13:40:59","slug":"muscadet-cuvee-academie-martin-luneau","status":"publish","type":"product","link":"https:\/\/www.loire-gourmande.fr\/de\/Produkt\/muscadet-cuvee-academie-martin-luneau\/","title":{"rendered":"MUSCADET CUV\u00c9E ACAD\u00c9MIE MARTIN LUNEAU"},"content":{"rendered":"<p>Muscadet S\u00e8vre et Maine sur Lie: ein reicher, kraftvoller mineralischer Wein von au\u00dfergew\u00f6hnlicher Finesse, der Sie mit edlen Fischen und Jakobsmuscheln verf\u00fchren wird.<\/p>\n<p>Dieser Muscadet wird mit gr\u00f6\u00dfter Sorgfalt ausgew\u00e4hlt. Sie wird ein Jahr lang auf Hefe aufgezogen. Sein urspr\u00fcngliches Terroir (sehr tonig), das mit einer respektablen Rebe verbunden ist, verleiht uns einen Wein mit charaktervollen Akzenten von Feuerstein. Diese erstklassige Cuv\u00e9e wird eine w\u00fcrdige Begleitung zu Ihren Aperitifs und Fischen sein.   <\/p>\n<p>K\u00fchl bei 8-10\u00b0 servieren.<\/p>\n","protected":false},"excerpt":{"rendered":"<p>Die Region Nantes, die im \u00e4u\u00dfersten Westen des Loire-Tals liegt, profitiert von einem gem\u00e4\u00dfigten ozeanischen Klima mit maritimen Einfl\u00fcssen, die die Reife der Trauben f\u00f6rdern und gleichzeitig die nat\u00fcrliche S\u00e4ure erhalten. Die sehr vielf\u00e4ltigen B\u00f6den verleihen den Weinen von Muscadet-S\u00e8vre-et-Maine eine unvergleichliche Typizit\u00e4t, die seit dem siebzehnten Jahrhundert f\u00fcr die Herstellung gro\u00dfartiger gastronomischer Wei\u00dfweine bekannt ist. Diese Weine k\u00f6nnen dank ihres nat\u00fcrlichen Gleichgewichts zwischen Lebendigkeit und mineralischer Finesse bewundernswert altern.  <\/p>\n<p>Was Essens- und Weinkombinationen angeht, passt das Muscadet-S\u00e8vre-et-Maine von Domaine Martin Luneau wunderbar zu Meeresfr\u00fcchten. Wir denken nat\u00fcrlich an Austern, Schalentiere und Krebstiere, deren jodierte Frische sie sublimiert. Er passt auch sehr gut zu gegrilltem Fisch, einem Teller Sardinen aus Saint-Gilles-Croix-de-Vie oder der regionalen Spezialit\u00e4t &#8222;Mouclade&#8220; (Muscheln mit Sahne und Curry). F\u00fcr raffiniertere Kombinationen findet auch eine Fischterrine oder frischer Ziegenk\u00e4se ihren Platz am Tisch.   <\/p>\n<p>F\u00fcr einen optimalen Geschmack servieren Sie dieses trockene Wei\u00df zwischen 8 und 10 \u00b0C.  Diese Temperatur offenbart all ihre Frische, Lebendigkeit und subtilen mineralischen Noten und sch\u00e4tzt gleichzeitig die Seidigkeit, die das Reifen der Hefe mit sich bringt. In den n\u00e4chsten zwei bis drei Jahren genossen zu werden, um seinen aromatischen Ausdruck voll auszukosten.  <\/p>\n","protected":false},"featured_media":14145,"template":"","meta":{"inline_featured_image":false},"product_brand":[],"product_cat":[660,611,608],"product_tag":[674,778,628,694],"class_list":{"0":"post-14150","1":"product","2":"type-product","3":"status-publish","4":"has-post-thumbnail","6":"product_cat-land-der-loire","7":"product_cat-weinberge-nantes","8":"product_cat-weis","9":"product_tag-carpaccio-von-jakobsmuscheln","10":"product_tag-edler-fisch","11":"product_tag-fisch","12":"product_tag-heiliger-jakobus","13":"product_shipping_class-flasche","15":"first","16":"instock","17":"taxable","18":"shipping-taxable","19":"purchasable","20":"product-type-simple"},"yoast_head":"<!-- This site is optimized with the Yoast SEO plugin v27.5 - https:\/\/yoast.com\/product\/yoast-seo-wordpress\/ -->\n<title>MUSCADET CUV\u00c9E ACAD\u00c9MIE MARTIN LUNEAU - Loire Gourmande - une \u00e9tape savoureuse<\/title>\n<meta name=\"robots\" content=\"index, follow, max-snippet:-1, max-image-preview:large, max-video-preview:-1\" \/>\n<link rel=\"canonical\" href=\"https:\/\/www.loire-gourmande.fr\/de\/Produkt\/muscadet-cuvee-academie-martin-luneau\/\" \/>\n<meta property=\"og:locale\" content=\"de_DE\" \/>\n<meta property=\"og:type\" content=\"article\" \/>\n<meta property=\"og:title\" content=\"MUSCADET CUV\u00c9E ACAD\u00c9MIE MARTIN LUNEAU - Loire Gourmande - une \u00e9tape savoureuse\" \/>\n<meta property=\"og:description\" content=\"Die Region Nantes, die im \u00e4u\u00dfersten Westen des Loire-Tals liegt, profitiert von einem gem\u00e4\u00dfigten ozeanischen Klima mit maritimen Einfl\u00fcssen, die die Reife der Trauben f\u00f6rdern und gleichzeitig die nat\u00fcrliche S\u00e4ure erhalten. Die sehr vielf\u00e4ltigen B\u00f6den verleihen den Weinen von Muscadet-S\u00e8vre-et-Maine eine unvergleichliche Typizit\u00e4t, die seit dem siebzehnten Jahrhundert f\u00fcr die Herstellung gro\u00dfartiger gastronomischer Wei\u00dfweine bekannt ist. Diese Weine k\u00f6nnen dank ihres nat\u00fcrlichen Gleichgewichts zwischen Lebendigkeit und mineralischer Finesse bewundernswert altern.  Was Essens- und Weinkombinationen angeht, passt das Muscadet-S\u00e8vre-et-Maine von Domaine Martin Luneau wunderbar zu Meeresfr\u00fcchten. Wir denken nat\u00fcrlich an Austern, Schalentiere und Krebstiere, deren jodierte Frische sie sublimiert. Er passt auch sehr gut zu gegrilltem Fisch, einem Teller Sardinen aus Saint-Gilles-Croix-de-Vie oder der regionalen Spezialit\u00e4t &quot;Mouclade&quot; (Muscheln mit Sahne und Curry). F\u00fcr raffiniertere Kombinationen findet auch eine Fischterrine oder frischer Ziegenk\u00e4se ihren Platz am Tisch.   F\u00fcr einen optimalen Geschmack servieren Sie dieses trockene Wei\u00df zwischen 8 und 10 \u00b0C. Diese Temperatur offenbart all ihre Frische, Lebendigkeit und subtilen mineralischen Noten und sch\u00e4tzt gleichzeitig die Seidigkeit, die das Reifen der Hefe mit sich bringt. In den n\u00e4chsten zwei bis drei Jahren genossen zu werden, um seinen aromatischen Ausdruck voll auszukosten.\" \/>\n<meta property=\"og:url\" content=\"https:\/\/www.loire-gourmande.fr\/de\/Produkt\/muscadet-cuvee-academie-martin-luneau\/\" \/>\n<meta property=\"og:site_name\" content=\"Loire Gourmande - une \u00e9tape savoureuse\" \/>\n<meta property=\"article:publisher\" content=\"https:\/\/www.facebook.com\/Loire-Gourmande-Turquant-101991328328493\/\" \/>\n<meta property=\"og:image\" content=\"https:\/\/www.loire-gourmande.fr\/wp-content\/uploads\/2026\/01\/Cuvee-academie.png\" \/>\n\t<meta property=\"og:image:width\" content=\"764\" \/>\n\t<meta property=\"og:image:height\" content=\"956\" \/>\n\t<meta property=\"og:image:type\" content=\"image\/png\" \/>\n<meta name=\"twitter:card\" content=\"summary_large_image\" \/>\n<script type=\"application\/ld+json\" class=\"yoast-schema-graph\">{\"@context\":\"https:\\\/\\\/schema.org\",\"@graph\":[{\"@type\":\"WebPage\",\"@id\":\"https:\\\/\\\/www.loire-gourmande.fr\\\/de\\\/Produkt\\\/muscadet-cuvee-academie-martin-luneau\\\/\",\"url\":\"https:\\\/\\\/www.loire-gourmande.fr\\\/de\\\/Produkt\\\/muscadet-cuvee-academie-martin-luneau\\\/\",\"name\":\"MUSCADET CUV\u00c9E ACAD\u00c9MIE MARTIN LUNEAU - Loire Gourmande - une \u00e9tape savoureuse\",\"isPartOf\":{\"@id\":\"https:\\\/\\\/www.loire-gourmande.fr\\\/de\\\/#website\"},\"primaryImageOfPage\":{\"@id\":\"https:\\\/\\\/www.loire-gourmande.fr\\\/de\\\/Produkt\\\/muscadet-cuvee-academie-martin-luneau\\\/#primaryimage\"},\"image\":{\"@id\":\"https:\\\/\\\/www.loire-gourmande.fr\\\/de\\\/Produkt\\\/muscadet-cuvee-academie-martin-luneau\\\/#primaryimage\"},\"thumbnailUrl\":\"https:\\\/\\\/www.loire-gourmande.fr\\\/wp-content\\\/uploads\\\/2026\\\/01\\\/Cuvee-academie.png\",\"datePublished\":\"2026-01-25T13:40:59+00:00\",\"breadcrumb\":{\"@id\":\"https:\\\/\\\/www.loire-gourmande.fr\\\/de\\\/Produkt\\\/muscadet-cuvee-academie-martin-luneau\\\/#breadcrumb\"},\"inLanguage\":\"de\",\"potentialAction\":[{\"@type\":\"ReadAction\",\"target\":[\"https:\\\/\\\/www.loire-gourmande.fr\\\/de\\\/Produkt\\\/muscadet-cuvee-academie-martin-luneau\\\/\"]}]},{\"@type\":\"ImageObject\",\"inLanguage\":\"de\",\"@id\":\"https:\\\/\\\/www.loire-gourmande.fr\\\/de\\\/Produkt\\\/muscadet-cuvee-academie-martin-luneau\\\/#primaryimage\",\"url\":\"https:\\\/\\\/www.loire-gourmande.fr\\\/wp-content\\\/uploads\\\/2026\\\/01\\\/Cuvee-academie.png\",\"contentUrl\":\"https:\\\/\\\/www.loire-gourmande.fr\\\/wp-content\\\/uploads\\\/2026\\\/01\\\/Cuvee-academie.png\",\"width\":764,\"height\":956},{\"@type\":\"BreadcrumbList\",\"@id\":\"https:\\\/\\\/www.loire-gourmande.fr\\\/de\\\/Produkt\\\/muscadet-cuvee-academie-martin-luneau\\\/#breadcrumb\",\"itemListElement\":[{\"@type\":\"ListItem\",\"position\":1,\"name\":\"Startseite\",\"item\":\"https:\\\/\\\/www.loire-gourmande.fr\\\/de\\\/\"},{\"@type\":\"ListItem\",\"position\":2,\"name\":\"Die Boutique de Loire Gourmande: die Weine der Loire\",\"item\":\"https:\\\/\\\/www.loire-gourmande.fr\\\/de\\\/woocommerce\\\/\"},{\"@type\":\"ListItem\",\"position\":3,\"name\":\"MUSCADET CUV\u00c9E ACAD\u00c9MIE MARTIN LUNEAU\"}]},{\"@type\":\"WebSite\",\"@id\":\"https:\\\/\\\/www.loire-gourmande.fr\\\/de\\\/#website\",\"url\":\"https:\\\/\\\/www.loire-gourmande.fr\\\/de\\\/\",\"name\":\"Loire Gourmande, une \u00e9tape savoureuse\",\"description\":\"une d\u00e9gustation \u00e0 toute heure et une boutique \u00e0 visiter \u00e0 Turquant (49)\",\"publisher\":{\"@id\":\"https:\\\/\\\/www.loire-gourmande.fr\\\/de\\\/#organization\"},\"potentialAction\":[{\"@type\":\"SearchAction\",\"target\":{\"@type\":\"EntryPoint\",\"urlTemplate\":\"https:\\\/\\\/www.loire-gourmande.fr\\\/de\\\/?s={search_term_string}\"},\"query-input\":{\"@type\":\"PropertyValueSpecification\",\"valueRequired\":true,\"valueName\":\"search_term_string\"}}],\"inLanguage\":\"de\"},{\"@type\":\"Organization\",\"@id\":\"https:\\\/\\\/www.loire-gourmande.fr\\\/de\\\/#organization\",\"name\":\"Loire Gourmande - Schnellrestaurant und Besuch in Turquant (49)\",\"url\":\"https:\\\/\\\/www.loire-gourmande.fr\\\/de\\\/\",\"logo\":{\"@type\":\"ImageObject\",\"inLanguage\":\"de\",\"@id\":\"https:\\\/\\\/www.loire-gourmande.fr\\\/de\\\/#\\\/schema\\\/logo\\\/image\\\/\",\"url\":\"https:\\\/\\\/www.loire-gourmande.fr\\\/wp-content\\\/uploads\\\/2020\\\/10\\\/loire-gourmande-logo.jpg\",\"contentUrl\":\"https:\\\/\\\/www.loire-gourmande.fr\\\/wp-content\\\/uploads\\\/2020\\\/10\\\/loire-gourmande-logo.jpg\",\"width\":800,\"height\":415,\"caption\":\"Loire Gourmande - Schnellrestaurant und Besuch in Turquant (49)\"},\"image\":{\"@id\":\"https:\\\/\\\/www.loire-gourmande.fr\\\/de\\\/#\\\/schema\\\/logo\\\/image\\\/\"},\"sameAs\":[\"https:\\\/\\\/www.facebook.com\\\/Loire-Gourmande-Turquant-101991328328493\\\/\",\"https:\\\/\\\/www.instagram.com\\\/jean_yves_auradon\\\/?igshid=1ta3mfjka326t\"]}]}<\/script>\n<!-- \/ Yoast SEO plugin. -->","yoast_head_json":{"title":"MUSCADET CUV\u00c9E ACAD\u00c9MIE MARTIN LUNEAU - Loire Gourmande - une \u00e9tape savoureuse","robots":{"index":"index","follow":"follow","max-snippet":"max-snippet:-1","max-image-preview":"max-image-preview:large","max-video-preview":"max-video-preview:-1"},"canonical":"https:\/\/www.loire-gourmande.fr\/de\/Produkt\/muscadet-cuvee-academie-martin-luneau\/","og_locale":"de_DE","og_type":"article","og_title":"MUSCADET CUV\u00c9E ACAD\u00c9MIE MARTIN LUNEAU - Loire Gourmande - une \u00e9tape savoureuse","og_description":"Die Region Nantes, die im \u00e4u\u00dfersten Westen des Loire-Tals liegt, profitiert von einem gem\u00e4\u00dfigten ozeanischen Klima mit maritimen Einfl\u00fcssen, die die Reife der Trauben f\u00f6rdern und gleichzeitig die nat\u00fcrliche S\u00e4ure erhalten. Die sehr vielf\u00e4ltigen B\u00f6den verleihen den Weinen von Muscadet-S\u00e8vre-et-Maine eine unvergleichliche Typizit\u00e4t, die seit dem siebzehnten Jahrhundert f\u00fcr die Herstellung gro\u00dfartiger gastronomischer Wei\u00dfweine bekannt ist. Diese Weine k\u00f6nnen dank ihres nat\u00fcrlichen Gleichgewichts zwischen Lebendigkeit und mineralischer Finesse bewundernswert altern.  Was Essens- und Weinkombinationen angeht, passt das Muscadet-S\u00e8vre-et-Maine von Domaine Martin Luneau wunderbar zu Meeresfr\u00fcchten. Wir denken nat\u00fcrlich an Austern, Schalentiere und Krebstiere, deren jodierte Frische sie sublimiert. Er passt auch sehr gut zu gegrilltem Fisch, einem Teller Sardinen aus Saint-Gilles-Croix-de-Vie oder der regionalen Spezialit\u00e4t \"Mouclade\" (Muscheln mit Sahne und Curry). F\u00fcr raffiniertere Kombinationen findet auch eine Fischterrine oder frischer Ziegenk\u00e4se ihren Platz am Tisch.   F\u00fcr einen optimalen Geschmack servieren Sie dieses trockene Wei\u00df zwischen 8 und 10 \u00b0C. Diese Temperatur offenbart all ihre Frische, Lebendigkeit und subtilen mineralischen Noten und sch\u00e4tzt gleichzeitig die Seidigkeit, die das Reifen der Hefe mit sich bringt. In den n\u00e4chsten zwei bis drei Jahren genossen zu werden, um seinen aromatischen Ausdruck voll auszukosten.","og_url":"https:\/\/www.loire-gourmande.fr\/de\/Produkt\/muscadet-cuvee-academie-martin-luneau\/","og_site_name":"Loire Gourmande - une \u00e9tape savoureuse","article_publisher":"https:\/\/www.facebook.com\/Loire-Gourmande-Turquant-101991328328493\/","og_image":[{"width":764,"height":956,"url":"https:\/\/www.loire-gourmande.fr\/wp-content\/uploads\/2026\/01\/Cuvee-academie.png","type":"image\/png"}],"twitter_card":"summary_large_image","schema":{"@context":"https:\/\/schema.org","@graph":[{"@type":"WebPage","@id":"https:\/\/www.loire-gourmande.fr\/de\/Produkt\/muscadet-cuvee-academie-martin-luneau\/","url":"https:\/\/www.loire-gourmande.fr\/de\/Produkt\/muscadet-cuvee-academie-martin-luneau\/","name":"MUSCADET CUV\u00c9E ACAD\u00c9MIE MARTIN LUNEAU - Loire Gourmande - une \u00e9tape savoureuse","isPartOf":{"@id":"https:\/\/www.loire-gourmande.fr\/de\/#website"},"primaryImageOfPage":{"@id":"https:\/\/www.loire-gourmande.fr\/de\/Produkt\/muscadet-cuvee-academie-martin-luneau\/#primaryimage"},"image":{"@id":"https:\/\/www.loire-gourmande.fr\/de\/Produkt\/muscadet-cuvee-academie-martin-luneau\/#primaryimage"},"thumbnailUrl":"https:\/\/www.loire-gourmande.fr\/wp-content\/uploads\/2026\/01\/Cuvee-academie.png","datePublished":"2026-01-25T13:40:59+00:00","breadcrumb":{"@id":"https:\/\/www.loire-gourmande.fr\/de\/Produkt\/muscadet-cuvee-academie-martin-luneau\/#breadcrumb"},"inLanguage":"de","potentialAction":[{"@type":"ReadAction","target":["https:\/\/www.loire-gourmande.fr\/de\/Produkt\/muscadet-cuvee-academie-martin-luneau\/"]}]},{"@type":"ImageObject","inLanguage":"de","@id":"https:\/\/www.loire-gourmande.fr\/de\/Produkt\/muscadet-cuvee-academie-martin-luneau\/#primaryimage","url":"https:\/\/www.loire-gourmande.fr\/wp-content\/uploads\/2026\/01\/Cuvee-academie.png","contentUrl":"https:\/\/www.loire-gourmande.fr\/wp-content\/uploads\/2026\/01\/Cuvee-academie.png","width":764,"height":956},{"@type":"BreadcrumbList","@id":"https:\/\/www.loire-gourmande.fr\/de\/Produkt\/muscadet-cuvee-academie-martin-luneau\/#breadcrumb","itemListElement":[{"@type":"ListItem","position":1,"name":"Startseite","item":"https:\/\/www.loire-gourmande.fr\/de\/"},{"@type":"ListItem","position":2,"name":"Die Boutique de Loire Gourmande: die Weine der Loire","item":"https:\/\/www.loire-gourmande.fr\/de\/woocommerce\/"},{"@type":"ListItem","position":3,"name":"MUSCADET CUV\u00c9E ACAD\u00c9MIE MARTIN LUNEAU"}]},{"@type":"WebSite","@id":"https:\/\/www.loire-gourmande.fr\/de\/#website","url":"https:\/\/www.loire-gourmande.fr\/de\/","name":"Loire Gourmande, une \u00e9tape savoureuse","description":"une d\u00e9gustation \u00e0 toute heure et une boutique \u00e0 visiter \u00e0 Turquant (49)","publisher":{"@id":"https:\/\/www.loire-gourmande.fr\/de\/#organization"},"potentialAction":[{"@type":"SearchAction","target":{"@type":"EntryPoint","urlTemplate":"https:\/\/www.loire-gourmande.fr\/de\/?s={search_term_string}"},"query-input":{"@type":"PropertyValueSpecification","valueRequired":true,"valueName":"search_term_string"}}],"inLanguage":"de"},{"@type":"Organization","@id":"https:\/\/www.loire-gourmande.fr\/de\/#organization","name":"Loire Gourmande - Schnellrestaurant und Besuch in Turquant (49)","url":"https:\/\/www.loire-gourmande.fr\/de\/","logo":{"@type":"ImageObject","inLanguage":"de","@id":"https:\/\/www.loire-gourmande.fr\/de\/#\/schema\/logo\/image\/","url":"https:\/\/www.loire-gourmande.fr\/wp-content\/uploads\/2020\/10\/loire-gourmande-logo.jpg","contentUrl":"https:\/\/www.loire-gourmande.fr\/wp-content\/uploads\/2020\/10\/loire-gourmande-logo.jpg","width":800,"height":415,"caption":"Loire Gourmande - Schnellrestaurant und Besuch in Turquant (49)"},"image":{"@id":"https:\/\/www.loire-gourmande.fr\/de\/#\/schema\/logo\/image\/"},"sameAs":["https:\/\/www.facebook.com\/Loire-Gourmande-Turquant-101991328328493\/","https:\/\/www.instagram.com\/jean_yves_auradon\/?igshid=1ta3mfjka326t"]}]}},"_links":{"self":[{"href":"https:\/\/www.loire-gourmande.fr\/de\/wp-json\/wp\/v2\/product\/14150","targetHints":{"allow":["GET"]}}],"collection":[{"href":"https:\/\/www.loire-gourmande.fr\/de\/wp-json\/wp\/v2\/product"}],"about":[{"href":"https:\/\/www.loire-gourmande.fr\/de\/wp-json\/wp\/v2\/types\/product"}],"version-history":[{"count":0,"href":"https:\/\/www.loire-gourmande.fr\/de\/wp-json\/wp\/v2\/product\/14150\/revisions"}],"wp:featuredmedia":[{"embeddable":true,"href":"https:\/\/www.loire-gourmande.fr\/de\/wp-json\/wp\/v2\/media\/14145"}],"wp:attachment":[{"href":"https:\/\/www.loire-gourmande.fr\/de\/wp-json\/wp\/v2\/media?parent=14150"}],"wp:term":[{"taxonomy":"product_brand","embeddable":true,"href":"https:\/\/www.loire-gourmande.fr\/de\/wp-json\/wp\/v2\/product_brand?post=14150"},{"taxonomy":"product_cat","embeddable":true,"href":"https:\/\/www.loire-gourmande.fr\/de\/wp-json\/wp\/v2\/product_cat?post=14150"},{"taxonomy":"product_tag","embeddable":true,"href":"https:\/\/www.loire-gourmande.fr\/de\/wp-json\/wp\/v2\/product_tag?post=14150"}],"curies":[{"name":"wp","href":"https:\/\/api.w.org\/{rel}","templated":true}]}}