{"id":14156,"date":"2026-01-25T15:06:53","date_gmt":"2026-01-25T14:06:53","guid":{"rendered":"https:\/\/www.loire-gourmande.fr\/produit\/das-epistolaere-clos-kristall\/"},"modified":"2026-01-25T15:06:53","modified_gmt":"2026-01-25T14:06:53","slug":"das-epistolaere-clos-kristall","status":"publish","type":"product","link":"https:\/\/www.loire-gourmande.fr\/de\/Produkt\/das-epistolaere-clos-kristall\/","title":{"rendered":"DAS EPISTOL\u00c4RE CLOS-KRISTALL"},"content":{"rendered":"<div class=\"product-info-more-list-sub\"><strong><span class=\"product-info-more-list-title\">Rebsorte<\/span><\/strong><\/div>\n<div class=\"product-info-more-list-sub\">Cabernet Franc<\/div>\n<div class=\"product-info-more-list-sub\"><strong><span class=\"product-info-more-list-title\">Boden<\/span><\/strong><\/div>\n<div class=\"product-info-more-list-sub\">Das Terroir von Clos Cristal besteht aus einem Tufa-Kreide-Grundgestein, dessen Ursprung aus der Kreidezeit stammt. Was die B\u00f6den betrifft, bewegen wir uns allm\u00e4hlich von einem Terroir zum n\u00e4chsten, sandigen und Lehm-Kalk-B\u00f6den, was eine gro\u00dfe Komplexit\u00e4t in Bezug auf Struktur, Gleichgewicht und Aromen im Wein erm\u00f6glicht. Diese Komplexit\u00e4t wird durch die Reben verst\u00e4rkt, die entlang der W\u00e4nde wachsen und durch die W\u00e4nde hindurchlaufen, wodurch Trauben mit sehr besonderen Eigenschaften und gro\u00dfer Reife angeboten werden. Schlie\u00dflich sind all diese Terroirs von Mauern umgeben und durch einen Wald vor Nordwinden gesch\u00fctzt, der uns ein sehr spezielles Mikroklima bietet, das man nur in Clos Cristal findet.   <\/div>\n<div class=\"product-info-more-list-sub\"><strong><span class=\"product-info-more-list-title\">Weinbereitung<\/span><\/strong><\/div>\n<div class=\"product-info-more-list-sub\">\n<p>Parzellenauswahl von niedrig ertragreichen Reben im \u00f6kologischen Anbau. T\u00e4gliches Probieren der Beeren, um das Erntedatum auszuw\u00e4hlen. Die Ernte erfolgt manuell und wird von Teams von Pfl\u00fcckern durchgef\u00fchrt, die eine erste Sortierung auf dem Grundst\u00fcck durchf\u00fchren. Die Trauben werden in ganzen Trauben geerntet und in Kisten in den Keller transportiert, um das Absetzen der Trauben zu verhindern und die Qualit\u00e4t zu erhalten. Im Keller werden die Trauben vorsichtig auf einen Sortiertisch gelegt, bevor sie durch die Schwerkraft gef\u00fcllt werden. Die Vinifikation erfolgt ohne Zugabe von Schwefel, und eine vorsichtige Extraktion erfolgt mit einigen \u00dcberpumpungen zu Beginn der Mazeration und anschlie\u00dfend durch Infusion.     <\/p>\n<p>Nach der alkoholischen und malolaktischen G\u00e4rung werden die Trauben entatscht und mit einer kleinen vertikalen Presse gepresst. Ein Teil davon wird in F\u00e4sser gegeben, ein anderer Teil reift weiter in Beh\u00e4ltern. Der Wein wird ein Jahr lang gereift und dann abgef\u00fcllt, ohne dass er bestraft oder gefiltert wird. Die Flaschen werden zwei Jahre lang in unterirdischen Freisteingalerien fernab von Licht und das ganze Jahr \u00fcber bei 12 \u00b0C aufbewahrt. In diesen Galerien ist die Luftfeuchtigkeit konstant, was ideale Bedingungen f\u00fcr die Reifung dieses Weins bietet.    <\/p>\n<\/div>\n<div><\/div>\n<div class=\"product-info-more-list-sub\">\n<div class=\"product-info-more-list-sub\"><span class=\"product-info-more-list-title\"><strong>Zum Auge<\/strong><\/span><\/div>\n<div class=\"product-info-more-list-sub\">Eine ziemlich ausgepr\u00e4gte Granatfarbe mit dezenten kupferfarbenen Reflexionen<\/div>\n<div class=\"product-info-more-list-sub\"><strong><span class=\"product-info-more-list-title\">Nase<\/span><\/strong><\/div>\n<div class=\"product-info-more-list-sub\">Die erste Nase ist intensiv, reichhaltig und gierig. Himbeer- und Erdbeeraromen vermischen sich mit Vanille- und Pfeffernoten. Die zweite Nase ist raffinierter und pr\u00e4sentiert einen sch\u00f6nen Strau\u00df frisch gepfl\u00fcckter Veilchen, begleitet von der w\u00fcrzigen Frische der Nelken  <\/div>\n<div class=\"product-info-more-list-sub\"><strong><span class=\"product-info-more-list-title\">F\u00fcr den Gaumen<\/span><\/strong><\/div>\n<div class=\"product-info-more-list-sub\">\n<p>Der Angriff ist rund, seidig. Dieser Wein hat eine frische Struktur, die uns an Garrigue erinnert, mit Noten von Buchsbaum, Thymian, Rosmarin und Salbei. Die Frucht ist konzentriert, intensiv und gierig und erinnert an eine rote Fruchtmarmelade, leicht gew\u00fcrzt mit einer ger\u00e4ucherten Paprika, die typisch f\u00fcr Cabernet Franc ist. Der Abgang ist lang mit Kakaonoten und endet gierig mit Aromen kleiner Fr\u00fcchte.   <\/p>\n<p><strong>Speise- und Weinkombination:<\/strong> Die Cuv\u00e9e von Les Epistolaires 2020 ist die perfekte Begleitung zum Einzug des Herbstes. Dieser Wein zum Liegen, der jetzt nach dem Dekantieren genossen werden kann, kann mit Perlh\u00fchnerspie\u00dfen mit Curry, <span style=\"color: #000000;\"><a style=\"color: #000000;\" href=\"https:\/\/kissmychef.com\/recettes\/entrees-aperos\/tartelette-de-thon-aux-blettes\/\" target=\"_blank\" rel=\"noopener\">Blauflossen-Thunfischt\u00f6rtchen mit Mangold<\/a>, <a style=\"color: #000000;\" href=\"https:\/\/kissmychef.com\/recettes\/plats\/magret-de-canard-aux-figues-fraiches\/\" target=\"_blank\" rel=\"noopener\">Entenbrust mit frischen Feigen<\/a>, <a style=\"color: #000000;\" href=\"https:\/\/kissmychef.com\/recettes\/plats\/carre-dagneau-en-croute-de-pistaches-et-romarin\/\" target=\"_blank\" rel=\"noopener\">Lammgestell in Pistazieneende,<\/a> <a style=\"color: #000000;\" href=\"https:\/\/kissmychef.com\/recettes\/plats\/filet-de-boeuf-en-croute\/\" target=\"_blank\" rel=\"noopener\">Rinderfilet im Teig mit schwarzen Trompeten<\/a>, Schweinefilet <a style=\"color: #000000;\" href=\"https:\/\/kissmychef.com\/recettes\/plats\/filet-mignon-de-porc-aux-epices\/\" target=\"_blank\" rel=\"noopener\">mit Gew\u00fcrzen<\/a> genossen werden&#8230;<\/span> <\/p>\n<\/div>\n<\/div>\n<div><\/div>\n","protected":false},"excerpt":{"rendered":"<p><strong>Der Clos Cristal, benannt nach seinem Erfinder Antoine Cristal, produziert ein vertrauliches und seltenes Saumur-Champigny: Nummerierte Flaschen sind nur bei Zuteilung erh\u00e4ltlich. Obwohl jetzt ein zweiter, zug\u00e4nglicher Wein daraus stammt, ist es eine geteilte Chance.   <\/strong><\/p>\n<p>Es ist die Korrespondenz, die vor einem Jahrhundert zwischen Antoine Cristal und Georges Cl\u00e9menceau, dem Tiger, begann, die den Namen der Cuv\u00e9e, die Epistolaires, inspiriert \u2013 eine Hommage an den lebendigen Schwung ihrer Austausche. Wir erhalten Zugang zu ihrem farbenfrohen Erbe durch ihre <em>Schriften: &#8222;Es wurde beschlossen, am 12. Juli um 10 Uhr werde ich mit dem Hunger, alles zu verschlingen, zu Ihnen nach Hause kommen <\/em>&#8222;, warnt Cl\u00e9menceau. Ein Weinbauerbe, das dank des Robert-et-Marcel-Kellers noch lebendig und erhalten geblieben ist, dessen <a href=\"https:\/\/www.terredevins.com\/actualites\/saumur-champigny-nouveau-projet-clos-cristal\" target=\"_blank\" rel=\"noreferrer noopener\">Pflege des Weinbergs den Hospices de Saumur<\/a> anvertraut ist, die seit 1928 Eigent\u00fcmer sind.  <\/p>\n","protected":false},"featured_media":14154,"template":"","meta":{"inline_featured_image":false},"product_brand":[],"product_cat":[602,660,601],"product_tag":[786,783,784,785],"class_list":{"0":"post-14156","1":"product","2":"type-product","3":"status-publish","4":"has-post-thumbnail","6":"product_cat-anjou-de","7":"product_cat-land-der-loire","8":"product_cat-rot","9":"product_tag-a-filet-mignon","10":"product_tag-entenbrust-mit-frischen-feigen","11":"product_tag-lammzahn-in-einer-kruste","12":"product_tag-rinderfilet-in-einer-kruste","13":"product_shipping_class-flasche","15":"first","16":"instock","17":"taxable","18":"shipping-taxable","19":"purchasable","20":"product-type-simple"},"yoast_head":"<!-- This site is optimized with the Yoast SEO plugin v27.5 - https:\/\/yoast.com\/product\/yoast-seo-wordpress\/ -->\n<title>DAS EPISTOL\u00c4RE CLOS-KRISTALL - Loire Gourmande - une \u00e9tape savoureuse<\/title>\n<meta name=\"robots\" content=\"index, follow, max-snippet:-1, max-image-preview:large, max-video-preview:-1\" \/>\n<link rel=\"canonical\" href=\"https:\/\/www.loire-gourmande.fr\/de\/Produkt\/das-epistolaere-clos-kristall\/\" \/>\n<meta property=\"og:locale\" content=\"de_DE\" \/>\n<meta property=\"og:type\" content=\"article\" \/>\n<meta property=\"og:title\" content=\"DAS EPISTOL\u00c4RE CLOS-KRISTALL - Loire Gourmande - une \u00e9tape savoureuse\" \/>\n<meta property=\"og:description\" content=\"Der Clos Cristal, benannt nach seinem Erfinder Antoine Cristal, produziert ein vertrauliches und seltenes Saumur-Champigny: Nummerierte Flaschen sind nur bei Zuteilung erh\u00e4ltlich. Obwohl jetzt ein zweiter, zug\u00e4nglicher Wein daraus stammt, ist es eine geteilte Chance.   Es ist die Korrespondenz, die vor einem Jahrhundert zwischen Antoine Cristal und Georges Cl\u00e9menceau, dem Tiger, begann, die den Namen der Cuv\u00e9e, die Epistolaires, inspiriert \u2013 eine Hommage an den lebendigen Schwung ihrer Austausche. Wir erhalten Zugang zu ihrem farbenfrohen Erbe durch ihre Schriften: &quot;Es wurde beschlossen, am 12. Juli um 10 Uhr werde ich mit dem Hunger, alles zu verschlingen, zu Ihnen nach Hause kommen &quot;, warnt Cl\u00e9menceau. Ein Weinbauerbe, das dank des Robert-et-Marcel-Kellers noch lebendig und erhalten geblieben ist, dessen Pflege des Weinbergs den Hospices de Saumur anvertraut ist, die seit 1928 Eigent\u00fcmer sind.\" \/>\n<meta property=\"og:url\" content=\"https:\/\/www.loire-gourmande.fr\/de\/Produkt\/das-epistolaere-clos-kristall\/\" \/>\n<meta property=\"og:site_name\" content=\"Loire Gourmande - une \u00e9tape savoureuse\" \/>\n<meta property=\"article:publisher\" content=\"https:\/\/www.facebook.com\/Loire-Gourmande-Turquant-101991328328493\/\" \/>\n<meta property=\"og:image\" content=\"https:\/\/www.loire-gourmande.fr\/wp-content\/uploads\/2026\/01\/Capture-decran-2026-01-25-a-15.06.04.png\" \/>\n\t<meta property=\"og:image:width\" content=\"1348\" \/>\n\t<meta property=\"og:image:height\" content=\"1314\" \/>\n\t<meta property=\"og:image:type\" content=\"image\/png\" \/>\n<meta name=\"twitter:card\" content=\"summary_large_image\" \/>\n<meta name=\"twitter:label1\" content=\"Gesch\u00e4tzte Lesezeit\" \/>\n\t<meta name=\"twitter:data1\" content=\"3\u00a0Minuten\" \/>\n<script type=\"application\/ld+json\" class=\"yoast-schema-graph\">{\"@context\":\"https:\\\/\\\/schema.org\",\"@graph\":[{\"@type\":\"WebPage\",\"@id\":\"https:\\\/\\\/www.loire-gourmande.fr\\\/de\\\/Produkt\\\/das-epistolaere-clos-kristall\\\/\",\"url\":\"https:\\\/\\\/www.loire-gourmande.fr\\\/de\\\/Produkt\\\/das-epistolaere-clos-kristall\\\/\",\"name\":\"DAS EPISTOL\u00c4RE CLOS-KRISTALL - Loire Gourmande - une \u00e9tape savoureuse\",\"isPartOf\":{\"@id\":\"https:\\\/\\\/www.loire-gourmande.fr\\\/de\\\/#website\"},\"primaryImageOfPage\":{\"@id\":\"https:\\\/\\\/www.loire-gourmande.fr\\\/de\\\/Produkt\\\/das-epistolaere-clos-kristall\\\/#primaryimage\"},\"image\":{\"@id\":\"https:\\\/\\\/www.loire-gourmande.fr\\\/de\\\/Produkt\\\/das-epistolaere-clos-kristall\\\/#primaryimage\"},\"thumbnailUrl\":\"https:\\\/\\\/www.loire-gourmande.fr\\\/wp-content\\\/uploads\\\/2026\\\/01\\\/Capture-decran-2026-01-25-a-15.06.04.png\",\"datePublished\":\"2026-01-25T14:06:53+00:00\",\"breadcrumb\":{\"@id\":\"https:\\\/\\\/www.loire-gourmande.fr\\\/de\\\/Produkt\\\/das-epistolaere-clos-kristall\\\/#breadcrumb\"},\"inLanguage\":\"de\",\"potentialAction\":[{\"@type\":\"ReadAction\",\"target\":[\"https:\\\/\\\/www.loire-gourmande.fr\\\/de\\\/Produkt\\\/das-epistolaere-clos-kristall\\\/\"]}]},{\"@type\":\"ImageObject\",\"inLanguage\":\"de\",\"@id\":\"https:\\\/\\\/www.loire-gourmande.fr\\\/de\\\/Produkt\\\/das-epistolaere-clos-kristall\\\/#primaryimage\",\"url\":\"https:\\\/\\\/www.loire-gourmande.fr\\\/wp-content\\\/uploads\\\/2026\\\/01\\\/Capture-decran-2026-01-25-a-15.06.04.png\",\"contentUrl\":\"https:\\\/\\\/www.loire-gourmande.fr\\\/wp-content\\\/uploads\\\/2026\\\/01\\\/Capture-decran-2026-01-25-a-15.06.04.png\",\"width\":1348,\"height\":1314},{\"@type\":\"BreadcrumbList\",\"@id\":\"https:\\\/\\\/www.loire-gourmande.fr\\\/de\\\/Produkt\\\/das-epistolaere-clos-kristall\\\/#breadcrumb\",\"itemListElement\":[{\"@type\":\"ListItem\",\"position\":1,\"name\":\"Startseite\",\"item\":\"https:\\\/\\\/www.loire-gourmande.fr\\\/de\\\/\"},{\"@type\":\"ListItem\",\"position\":2,\"name\":\"Die Boutique de Loire Gourmande: die Weine der Loire\",\"item\":\"https:\\\/\\\/www.loire-gourmande.fr\\\/de\\\/woocommerce\\\/\"},{\"@type\":\"ListItem\",\"position\":3,\"name\":\"DAS EPISTOL\u00c4RE CLOS-KRISTALL\"}]},{\"@type\":\"WebSite\",\"@id\":\"https:\\\/\\\/www.loire-gourmande.fr\\\/de\\\/#website\",\"url\":\"https:\\\/\\\/www.loire-gourmande.fr\\\/de\\\/\",\"name\":\"Loire Gourmande, une \u00e9tape savoureuse\",\"description\":\"une d\u00e9gustation \u00e0 toute heure et une boutique \u00e0 visiter \u00e0 Turquant (49)\",\"publisher\":{\"@id\":\"https:\\\/\\\/www.loire-gourmande.fr\\\/de\\\/#organization\"},\"potentialAction\":[{\"@type\":\"SearchAction\",\"target\":{\"@type\":\"EntryPoint\",\"urlTemplate\":\"https:\\\/\\\/www.loire-gourmande.fr\\\/de\\\/?s={search_term_string}\"},\"query-input\":{\"@type\":\"PropertyValueSpecification\",\"valueRequired\":true,\"valueName\":\"search_term_string\"}}],\"inLanguage\":\"de\"},{\"@type\":\"Organization\",\"@id\":\"https:\\\/\\\/www.loire-gourmande.fr\\\/de\\\/#organization\",\"name\":\"Loire Gourmande - Schnellrestaurant und Besuch in Turquant (49)\",\"url\":\"https:\\\/\\\/www.loire-gourmande.fr\\\/de\\\/\",\"logo\":{\"@type\":\"ImageObject\",\"inLanguage\":\"de\",\"@id\":\"https:\\\/\\\/www.loire-gourmande.fr\\\/de\\\/#\\\/schema\\\/logo\\\/image\\\/\",\"url\":\"https:\\\/\\\/www.loire-gourmande.fr\\\/wp-content\\\/uploads\\\/2020\\\/10\\\/loire-gourmande-logo.jpg\",\"contentUrl\":\"https:\\\/\\\/www.loire-gourmande.fr\\\/wp-content\\\/uploads\\\/2020\\\/10\\\/loire-gourmande-logo.jpg\",\"width\":800,\"height\":415,\"caption\":\"Loire Gourmande - Schnellrestaurant und Besuch in Turquant (49)\"},\"image\":{\"@id\":\"https:\\\/\\\/www.loire-gourmande.fr\\\/de\\\/#\\\/schema\\\/logo\\\/image\\\/\"},\"sameAs\":[\"https:\\\/\\\/www.facebook.com\\\/Loire-Gourmande-Turquant-101991328328493\\\/\",\"https:\\\/\\\/www.instagram.com\\\/jean_yves_auradon\\\/?igshid=1ta3mfjka326t\"]}]}<\/script>\n<!-- \/ Yoast SEO plugin. -->","yoast_head_json":{"title":"DAS EPISTOL\u00c4RE CLOS-KRISTALL - Loire Gourmande - une \u00e9tape savoureuse","robots":{"index":"index","follow":"follow","max-snippet":"max-snippet:-1","max-image-preview":"max-image-preview:large","max-video-preview":"max-video-preview:-1"},"canonical":"https:\/\/www.loire-gourmande.fr\/de\/Produkt\/das-epistolaere-clos-kristall\/","og_locale":"de_DE","og_type":"article","og_title":"DAS EPISTOL\u00c4RE CLOS-KRISTALL - Loire Gourmande - une \u00e9tape savoureuse","og_description":"Der Clos Cristal, benannt nach seinem Erfinder Antoine Cristal, produziert ein vertrauliches und seltenes Saumur-Champigny: Nummerierte Flaschen sind nur bei Zuteilung erh\u00e4ltlich. Obwohl jetzt ein zweiter, zug\u00e4nglicher Wein daraus stammt, ist es eine geteilte Chance.   Es ist die Korrespondenz, die vor einem Jahrhundert zwischen Antoine Cristal und Georges Cl\u00e9menceau, dem Tiger, begann, die den Namen der Cuv\u00e9e, die Epistolaires, inspiriert \u2013 eine Hommage an den lebendigen Schwung ihrer Austausche. Wir erhalten Zugang zu ihrem farbenfrohen Erbe durch ihre Schriften: \"Es wurde beschlossen, am 12. Juli um 10 Uhr werde ich mit dem Hunger, alles zu verschlingen, zu Ihnen nach Hause kommen \", warnt Cl\u00e9menceau. Ein Weinbauerbe, das dank des Robert-et-Marcel-Kellers noch lebendig und erhalten geblieben ist, dessen Pflege des Weinbergs den Hospices de Saumur anvertraut ist, die seit 1928 Eigent\u00fcmer sind.","og_url":"https:\/\/www.loire-gourmande.fr\/de\/Produkt\/das-epistolaere-clos-kristall\/","og_site_name":"Loire Gourmande - une \u00e9tape savoureuse","article_publisher":"https:\/\/www.facebook.com\/Loire-Gourmande-Turquant-101991328328493\/","og_image":[{"width":1348,"height":1314,"url":"https:\/\/www.loire-gourmande.fr\/wp-content\/uploads\/2026\/01\/Capture-decran-2026-01-25-a-15.06.04.png","type":"image\/png"}],"twitter_card":"summary_large_image","twitter_misc":{"Gesch\u00e4tzte Lesezeit":"3\u00a0Minuten"},"schema":{"@context":"https:\/\/schema.org","@graph":[{"@type":"WebPage","@id":"https:\/\/www.loire-gourmande.fr\/de\/Produkt\/das-epistolaere-clos-kristall\/","url":"https:\/\/www.loire-gourmande.fr\/de\/Produkt\/das-epistolaere-clos-kristall\/","name":"DAS EPISTOL\u00c4RE CLOS-KRISTALL - Loire Gourmande - une \u00e9tape savoureuse","isPartOf":{"@id":"https:\/\/www.loire-gourmande.fr\/de\/#website"},"primaryImageOfPage":{"@id":"https:\/\/www.loire-gourmande.fr\/de\/Produkt\/das-epistolaere-clos-kristall\/#primaryimage"},"image":{"@id":"https:\/\/www.loire-gourmande.fr\/de\/Produkt\/das-epistolaere-clos-kristall\/#primaryimage"},"thumbnailUrl":"https:\/\/www.loire-gourmande.fr\/wp-content\/uploads\/2026\/01\/Capture-decran-2026-01-25-a-15.06.04.png","datePublished":"2026-01-25T14:06:53+00:00","breadcrumb":{"@id":"https:\/\/www.loire-gourmande.fr\/de\/Produkt\/das-epistolaere-clos-kristall\/#breadcrumb"},"inLanguage":"de","potentialAction":[{"@type":"ReadAction","target":["https:\/\/www.loire-gourmande.fr\/de\/Produkt\/das-epistolaere-clos-kristall\/"]}]},{"@type":"ImageObject","inLanguage":"de","@id":"https:\/\/www.loire-gourmande.fr\/de\/Produkt\/das-epistolaere-clos-kristall\/#primaryimage","url":"https:\/\/www.loire-gourmande.fr\/wp-content\/uploads\/2026\/01\/Capture-decran-2026-01-25-a-15.06.04.png","contentUrl":"https:\/\/www.loire-gourmande.fr\/wp-content\/uploads\/2026\/01\/Capture-decran-2026-01-25-a-15.06.04.png","width":1348,"height":1314},{"@type":"BreadcrumbList","@id":"https:\/\/www.loire-gourmande.fr\/de\/Produkt\/das-epistolaere-clos-kristall\/#breadcrumb","itemListElement":[{"@type":"ListItem","position":1,"name":"Startseite","item":"https:\/\/www.loire-gourmande.fr\/de\/"},{"@type":"ListItem","position":2,"name":"Die Boutique de Loire Gourmande: die Weine der Loire","item":"https:\/\/www.loire-gourmande.fr\/de\/woocommerce\/"},{"@type":"ListItem","position":3,"name":"DAS EPISTOL\u00c4RE CLOS-KRISTALL"}]},{"@type":"WebSite","@id":"https:\/\/www.loire-gourmande.fr\/de\/#website","url":"https:\/\/www.loire-gourmande.fr\/de\/","name":"Loire Gourmande, une \u00e9tape savoureuse","description":"une d\u00e9gustation \u00e0 toute heure et une boutique \u00e0 visiter \u00e0 Turquant (49)","publisher":{"@id":"https:\/\/www.loire-gourmande.fr\/de\/#organization"},"potentialAction":[{"@type":"SearchAction","target":{"@type":"EntryPoint","urlTemplate":"https:\/\/www.loire-gourmande.fr\/de\/?s={search_term_string}"},"query-input":{"@type":"PropertyValueSpecification","valueRequired":true,"valueName":"search_term_string"}}],"inLanguage":"de"},{"@type":"Organization","@id":"https:\/\/www.loire-gourmande.fr\/de\/#organization","name":"Loire Gourmande - Schnellrestaurant und Besuch in Turquant (49)","url":"https:\/\/www.loire-gourmande.fr\/de\/","logo":{"@type":"ImageObject","inLanguage":"de","@id":"https:\/\/www.loire-gourmande.fr\/de\/#\/schema\/logo\/image\/","url":"https:\/\/www.loire-gourmande.fr\/wp-content\/uploads\/2020\/10\/loire-gourmande-logo.jpg","contentUrl":"https:\/\/www.loire-gourmande.fr\/wp-content\/uploads\/2020\/10\/loire-gourmande-logo.jpg","width":800,"height":415,"caption":"Loire Gourmande - Schnellrestaurant und Besuch in Turquant (49)"},"image":{"@id":"https:\/\/www.loire-gourmande.fr\/de\/#\/schema\/logo\/image\/"},"sameAs":["https:\/\/www.facebook.com\/Loire-Gourmande-Turquant-101991328328493\/","https:\/\/www.instagram.com\/jean_yves_auradon\/?igshid=1ta3mfjka326t"]}]}},"_links":{"self":[{"href":"https:\/\/www.loire-gourmande.fr\/de\/wp-json\/wp\/v2\/product\/14156","targetHints":{"allow":["GET"]}}],"collection":[{"href":"https:\/\/www.loire-gourmande.fr\/de\/wp-json\/wp\/v2\/product"}],"about":[{"href":"https:\/\/www.loire-gourmande.fr\/de\/wp-json\/wp\/v2\/types\/product"}],"version-history":[{"count":0,"href":"https:\/\/www.loire-gourmande.fr\/de\/wp-json\/wp\/v2\/product\/14156\/revisions"}],"wp:featuredmedia":[{"embeddable":true,"href":"https:\/\/www.loire-gourmande.fr\/de\/wp-json\/wp\/v2\/media\/14154"}],"wp:attachment":[{"href":"https:\/\/www.loire-gourmande.fr\/de\/wp-json\/wp\/v2\/media?parent=14156"}],"wp:term":[{"taxonomy":"product_brand","embeddable":true,"href":"https:\/\/www.loire-gourmande.fr\/de\/wp-json\/wp\/v2\/product_brand?post=14156"},{"taxonomy":"product_cat","embeddable":true,"href":"https:\/\/www.loire-gourmande.fr\/de\/wp-json\/wp\/v2\/product_cat?post=14156"},{"taxonomy":"product_tag","embeddable":true,"href":"https:\/\/www.loire-gourmande.fr\/de\/wp-json\/wp\/v2\/product_tag?post=14156"}],"curies":[{"name":"wp","href":"https:\/\/api.w.org\/{rel}","templated":true}]}}