{"id":14464,"date":"2026-01-25T16:04:18","date_gmt":"2026-01-25T15:04:18","guid":{"rendered":"https:\/\/www.loire-gourmande.fr\/produit\/coteaux-du-layon-clos-de-la-bergerie-2022\/"},"modified":"2026-02-09T14:52:31","modified_gmt":"2026-02-09T13:52:31","slug":"coteaux-du-layon-clos-de-la-bergerie-2022","status":"publish","type":"product","link":"https:\/\/www.loire-gourmande.fr\/de\/Produkt\/coteaux-du-layon-clos-de-la-bergerie-2022\/","title":{"rendered":"COTEAUX DU LAYON &#8222;Clos de la Bergerie&#8220; 2022"},"content":{"rendered":"<div class=\"wines-infos\">\n<div class=\"wines-infos\">\n<div class=\"wines-infos__content--title\">\n<h4 class=\"h3-title\">KEPAGE<\/h4>\n<\/div>\n<div class=\"wines-infos__content--description\">100% Chenin<\/div>\n<\/div>\n<div class=\"wines-infos\">\n<div class=\"wines-infos__content--title\">\n<h5 class=\"h3-title\">TERROIR<\/h5>\n<\/div>\n<div class=\"wines-infos__content--description\">\n<p>Ort: &#8222;La Bergerie&#8220; \u2013 Champ-sur-Layon<br \/>\nBoden: Lehmschiefer<\/p>\n<\/div>\n<\/div>\n<div class=\"wines-infos\">\n<div class=\"wines-infos__content--title\">\n<h5 class=\"h3-title\">WEINHERSTELLUNG<\/h5>\n<\/div>\n<div class=\"wines-infos__content--description\">\n<p>Langsames Dr\u00fccken und das Licht sinkt. Die G\u00e4rung (aus einheimischen Hefen) und die Reifung werden in Bottinnen durchgef\u00fchrt. <\/p>\n<\/div>\n<\/div>\n<div class=\"wines-infos\">\n<div class=\"wines-infos__content--title\">\n<h5 class=\"h3-title\">VERKOSTUNGSNOTIZEN<\/h5>\n<\/div>\n<div class=\"wines-infos__content--description\">\n<p>Der Vorteil des &#8222;Clos de la bergerie&#8220; im Vergleich zu unseren anderen s\u00fc\u00dfen Weinen besteht darin, Frische und Spannung zu bewahren. Au\u00dferdem spiegelt diese Cuv\u00e9e ihren Vintage gut wider. Wie ein Jahr voller Hitze hat der Wein viel Geschmeidigkeit und Rundheit, und einige Birnennoten sind in der Nase sichtbar.<br \/>\nDas Gleichgewicht erm\u00f6glicht mutige Kombinationen, wie zum Beispiel eine H\u00e4hnchen-Tagine mit kandierter Zitrone. F\u00fcr mehr S\u00fc\u00dfe kann er auch mit einem Savoy-Kuchen mit Yuzu kombiniert werden.   <\/p>\n<p>Der Trick ist, daran zu denken, dem Gericht eine kleine S\u00e4ure zu verleihen, um die F\u00fclle des Weins hervorzuheben.<\/p>\n<\/div>\n<\/div>\n<div class=\"wines-infos\">\n<div class=\"wines-infos__content--title\">\n<h5 class=\"h3-title\">UNSER RAT<\/h5>\n<\/div>\n<div class=\"wines-infos__content--description\">\n<p>Wir empfehlen eine Serviertemperatur zwischen 10\u00b0C und 12\u00b0C mit m\u00f6glicher Dekantierung. Es kann jetzt oder in den n\u00e4chsten zehn bis f\u00fcnfzehn Jahren gekostet werden. <\/p>\n<\/div>\n<\/div>\n<\/div>\n","protected":false},"excerpt":{"rendered":"<p><strong>Das Domaine de la Bergerie<\/strong> befindet sich im Herzen von<strong> Anjou Noir<\/strong>. Die Region tr\u00e4gt ihren Namen wegen ihrer dunklen B\u00f6den, die gr\u00f6\u00dftenteils aus einem Schieferfundament bestehen. Es gibt auch Sandstein, Puddingsteine, Ton&#8230; und viele weitere geologische Nuancen. <strong>Die 27 Hektar<\/strong> , aus <strong>denen unser Weinberg<\/strong> besteht, werden daher von dieser Vielfalt profitieren und bereichert werden. Sie sind zudem einer gewissen Mildheit ozeanischer Einfl\u00fcsse ausgesetzt. Dieses einzigartige Terroir erm\u00f6glicht es Ihnen, alle Facetten der Rebsorten des Anwesens zu erkunden, wie Chenin, Cabernet Franc oder Pineau d&#8217;Aunis. Um die B\u00f6den und die Vielfalt des Ortes zu erhalten und zu verbessern, ist das Anwesen <strong>seit 2016 in Biolandbau zertifiziert.<\/strong>So wurde auf diesen L\u00e4ndereien die Geschichte der Familie Gu\u00e9gniard \u00fcber mehrere Generationen hinweg geschrieben&#8230;  <\/p>\n","protected":false},"featured_media":14288,"template":"","meta":{"inline_featured_image":false},"product_brand":[],"product_cat":[602,603,660,649],"product_tag":[],"class_list":{"0":"post-14464","1":"product","2":"type-product","3":"status-publish","4":"has-post-thumbnail","6":"product_cat-anjou-de","7":"product_cat-bio-wein","8":"product_cat-land-der-loire","9":"product_cat-suesswein","11":"first","12":"instock","13":"taxable","14":"shipping-taxable","15":"purchasable","16":"product-type-simple"},"yoast_head":"<!-- This site is optimized with the Yoast SEO plugin v27.3 - https:\/\/yoast.com\/product\/yoast-seo-wordpress\/ -->\n<title>COTEAUX DU LAYON &quot;Clos de la Bergerie&quot; 2022 - Loire Gourmande - une \u00e9tape savoureuse<\/title>\n<meta name=\"robots\" content=\"index, follow, max-snippet:-1, max-image-preview:large, max-video-preview:-1\" \/>\n<link rel=\"canonical\" href=\"https:\/\/www.loire-gourmande.fr\/de\/Produkt\/coteaux-du-layon-clos-de-la-bergerie-2022\/\" \/>\n<meta property=\"og:locale\" content=\"de_DE\" \/>\n<meta property=\"og:type\" content=\"article\" \/>\n<meta property=\"og:title\" content=\"COTEAUX DU LAYON &quot;Clos de la Bergerie&quot; 2022 - Loire Gourmande - une \u00e9tape savoureuse\" \/>\n<meta property=\"og:description\" content=\"Das Domaine de la Bergerie befindet sich im Herzen von Anjou Noir. Die Region tr\u00e4gt ihren Namen wegen ihrer dunklen B\u00f6den, die gr\u00f6\u00dftenteils aus einem Schieferfundament bestehen. Es gibt auch Sandstein, Puddingsteine, Ton... und viele weitere geologische Nuancen. Die 27 Hektar , aus denen unser Weinberg besteht, werden daher von dieser Vielfalt profitieren und bereichert werden. Sie sind zudem einer gewissen Mildheit ozeanischer Einfl\u00fcsse ausgesetzt. Dieses einzigartige Terroir erm\u00f6glicht es Ihnen, alle Facetten der Rebsorten des Anwesens zu erkunden, wie Chenin, Cabernet Franc oder Pineau d&#039;Aunis. Um die B\u00f6den und die Vielfalt des Ortes zu erhalten und zu verbessern, ist das Anwesen seit 2016 in Biolandbau zertifiziert.So wurde auf diesen L\u00e4ndereien die Geschichte der Familie Gu\u00e9gniard \u00fcber mehrere Generationen hinweg geschrieben...\" \/>\n<meta property=\"og:url\" content=\"https:\/\/www.loire-gourmande.fr\/de\/Produkt\/coteaux-du-layon-clos-de-la-bergerie-2022\/\" \/>\n<meta property=\"og:site_name\" content=\"Loire Gourmande - une \u00e9tape savoureuse\" \/>\n<meta property=\"article:publisher\" content=\"https:\/\/www.facebook.com\/Loire-Gourmande-Turquant-101991328328493\/\" \/>\n<meta property=\"article:modified_time\" content=\"2026-02-09T13:52:31+00:00\" \/>\n<meta property=\"og:image\" content=\"https:\/\/www.loire-gourmande.fr\/wp-content\/uploads\/2026\/01\/Clos-de-la-Bergerie.jpg\" \/>\n\t<meta property=\"og:image:width\" content=\"800\" \/>\n\t<meta property=\"og:image:height\" content=\"800\" \/>\n\t<meta property=\"og:image:type\" content=\"image\/jpeg\" \/>\n<meta name=\"twitter:card\" content=\"summary_large_image\" \/>\n<meta name=\"twitter:label1\" content=\"Gesch\u00e4tzte Lesezeit\" \/>\n\t<meta name=\"twitter:data1\" content=\"1\u00a0Minute\" \/>\n<script type=\"application\/ld+json\" class=\"yoast-schema-graph\">{\"@context\":\"https:\\\/\\\/schema.org\",\"@graph\":[{\"@type\":\"WebPage\",\"@id\":\"https:\\\/\\\/www.loire-gourmande.fr\\\/de\\\/Produkt\\\/coteaux-du-layon-clos-de-la-bergerie-2022\\\/\",\"url\":\"https:\\\/\\\/www.loire-gourmande.fr\\\/de\\\/Produkt\\\/coteaux-du-layon-clos-de-la-bergerie-2022\\\/\",\"name\":\"COTEAUX DU LAYON \\\"Clos de la Bergerie\\\" 2022 - Loire Gourmande - une \u00e9tape savoureuse\",\"isPartOf\":{\"@id\":\"https:\\\/\\\/www.loire-gourmande.fr\\\/de\\\/#website\"},\"primaryImageOfPage\":{\"@id\":\"https:\\\/\\\/www.loire-gourmande.fr\\\/de\\\/Produkt\\\/coteaux-du-layon-clos-de-la-bergerie-2022\\\/#primaryimage\"},\"image\":{\"@id\":\"https:\\\/\\\/www.loire-gourmande.fr\\\/de\\\/Produkt\\\/coteaux-du-layon-clos-de-la-bergerie-2022\\\/#primaryimage\"},\"thumbnailUrl\":\"https:\\\/\\\/www.loire-gourmande.fr\\\/wp-content\\\/uploads\\\/2026\\\/01\\\/Clos-de-la-Bergerie.jpg\",\"datePublished\":\"2026-01-25T15:04:18+00:00\",\"dateModified\":\"2026-02-09T13:52:31+00:00\",\"breadcrumb\":{\"@id\":\"https:\\\/\\\/www.loire-gourmande.fr\\\/de\\\/Produkt\\\/coteaux-du-layon-clos-de-la-bergerie-2022\\\/#breadcrumb\"},\"inLanguage\":\"de\",\"potentialAction\":[{\"@type\":\"ReadAction\",\"target\":[\"https:\\\/\\\/www.loire-gourmande.fr\\\/de\\\/Produkt\\\/coteaux-du-layon-clos-de-la-bergerie-2022\\\/\"]}]},{\"@type\":\"ImageObject\",\"inLanguage\":\"de\",\"@id\":\"https:\\\/\\\/www.loire-gourmande.fr\\\/de\\\/Produkt\\\/coteaux-du-layon-clos-de-la-bergerie-2022\\\/#primaryimage\",\"url\":\"https:\\\/\\\/www.loire-gourmande.fr\\\/wp-content\\\/uploads\\\/2026\\\/01\\\/Clos-de-la-Bergerie.jpg\",\"contentUrl\":\"https:\\\/\\\/www.loire-gourmande.fr\\\/wp-content\\\/uploads\\\/2026\\\/01\\\/Clos-de-la-Bergerie.jpg\",\"width\":800,\"height\":800},{\"@type\":\"BreadcrumbList\",\"@id\":\"https:\\\/\\\/www.loire-gourmande.fr\\\/de\\\/Produkt\\\/coteaux-du-layon-clos-de-la-bergerie-2022\\\/#breadcrumb\",\"itemListElement\":[{\"@type\":\"ListItem\",\"position\":1,\"name\":\"Startseite\",\"item\":\"https:\\\/\\\/www.loire-gourmande.fr\\\/de\\\/\"},{\"@type\":\"ListItem\",\"position\":2,\"name\":\"Die Boutique de Loire Gourmande: die Weine der Loire\",\"item\":\"https:\\\/\\\/www.loire-gourmande.fr\\\/de\\\/woocommerce\\\/\"},{\"@type\":\"ListItem\",\"position\":3,\"name\":\"COTEAUX DU LAYON &#8222;Clos de la Bergerie&#8220; 2022\"}]},{\"@type\":\"WebSite\",\"@id\":\"https:\\\/\\\/www.loire-gourmande.fr\\\/de\\\/#website\",\"url\":\"https:\\\/\\\/www.loire-gourmande.fr\\\/de\\\/\",\"name\":\"Loire Gourmande, une \u00e9tape savoureuse\",\"description\":\"une d\u00e9gustation \u00e0 toute heure et une boutique \u00e0 visiter \u00e0 Turquant (49)\",\"publisher\":{\"@id\":\"https:\\\/\\\/www.loire-gourmande.fr\\\/de\\\/#organization\"},\"potentialAction\":[{\"@type\":\"SearchAction\",\"target\":{\"@type\":\"EntryPoint\",\"urlTemplate\":\"https:\\\/\\\/www.loire-gourmande.fr\\\/de\\\/?s={search_term_string}\"},\"query-input\":{\"@type\":\"PropertyValueSpecification\",\"valueRequired\":true,\"valueName\":\"search_term_string\"}}],\"inLanguage\":\"de\"},{\"@type\":\"Organization\",\"@id\":\"https:\\\/\\\/www.loire-gourmande.fr\\\/de\\\/#organization\",\"name\":\"Loire Gourmande - Schnellrestaurant und Besuch in Turquant (49)\",\"url\":\"https:\\\/\\\/www.loire-gourmande.fr\\\/de\\\/\",\"logo\":{\"@type\":\"ImageObject\",\"inLanguage\":\"de\",\"@id\":\"https:\\\/\\\/www.loire-gourmande.fr\\\/de\\\/#\\\/schema\\\/logo\\\/image\\\/\",\"url\":\"https:\\\/\\\/www.loire-gourmande.fr\\\/wp-content\\\/uploads\\\/2020\\\/10\\\/loire-gourmande-logo.jpg\",\"contentUrl\":\"https:\\\/\\\/www.loire-gourmande.fr\\\/wp-content\\\/uploads\\\/2020\\\/10\\\/loire-gourmande-logo.jpg\",\"width\":800,\"height\":415,\"caption\":\"Loire Gourmande - Schnellrestaurant und Besuch in Turquant (49)\"},\"image\":{\"@id\":\"https:\\\/\\\/www.loire-gourmande.fr\\\/de\\\/#\\\/schema\\\/logo\\\/image\\\/\"},\"sameAs\":[\"https:\\\/\\\/www.facebook.com\\\/Loire-Gourmande-Turquant-101991328328493\\\/\",\"https:\\\/\\\/www.instagram.com\\\/jean_yves_auradon\\\/?igshid=1ta3mfjka326t\"]}]}<\/script>\n<!-- \/ Yoast SEO plugin. -->","yoast_head_json":{"title":"COTEAUX DU LAYON \"Clos de la Bergerie\" 2022 - Loire Gourmande - une \u00e9tape savoureuse","robots":{"index":"index","follow":"follow","max-snippet":"max-snippet:-1","max-image-preview":"max-image-preview:large","max-video-preview":"max-video-preview:-1"},"canonical":"https:\/\/www.loire-gourmande.fr\/de\/Produkt\/coteaux-du-layon-clos-de-la-bergerie-2022\/","og_locale":"de_DE","og_type":"article","og_title":"COTEAUX DU LAYON \"Clos de la Bergerie\" 2022 - Loire Gourmande - une \u00e9tape savoureuse","og_description":"Das Domaine de la Bergerie befindet sich im Herzen von Anjou Noir. Die Region tr\u00e4gt ihren Namen wegen ihrer dunklen B\u00f6den, die gr\u00f6\u00dftenteils aus einem Schieferfundament bestehen. Es gibt auch Sandstein, Puddingsteine, Ton... und viele weitere geologische Nuancen. Die 27 Hektar , aus denen unser Weinberg besteht, werden daher von dieser Vielfalt profitieren und bereichert werden. Sie sind zudem einer gewissen Mildheit ozeanischer Einfl\u00fcsse ausgesetzt. Dieses einzigartige Terroir erm\u00f6glicht es Ihnen, alle Facetten der Rebsorten des Anwesens zu erkunden, wie Chenin, Cabernet Franc oder Pineau d'Aunis. Um die B\u00f6den und die Vielfalt des Ortes zu erhalten und zu verbessern, ist das Anwesen seit 2016 in Biolandbau zertifiziert.So wurde auf diesen L\u00e4ndereien die Geschichte der Familie Gu\u00e9gniard \u00fcber mehrere Generationen hinweg geschrieben...","og_url":"https:\/\/www.loire-gourmande.fr\/de\/Produkt\/coteaux-du-layon-clos-de-la-bergerie-2022\/","og_site_name":"Loire Gourmande - une \u00e9tape savoureuse","article_publisher":"https:\/\/www.facebook.com\/Loire-Gourmande-Turquant-101991328328493\/","article_modified_time":"2026-02-09T13:52:31+00:00","og_image":[{"width":800,"height":800,"url":"https:\/\/www.loire-gourmande.fr\/wp-content\/uploads\/2026\/01\/Clos-de-la-Bergerie.jpg","type":"image\/jpeg"}],"twitter_card":"summary_large_image","twitter_misc":{"Gesch\u00e4tzte Lesezeit":"1\u00a0Minute"},"schema":{"@context":"https:\/\/schema.org","@graph":[{"@type":"WebPage","@id":"https:\/\/www.loire-gourmande.fr\/de\/Produkt\/coteaux-du-layon-clos-de-la-bergerie-2022\/","url":"https:\/\/www.loire-gourmande.fr\/de\/Produkt\/coteaux-du-layon-clos-de-la-bergerie-2022\/","name":"COTEAUX DU LAYON \"Clos de la Bergerie\" 2022 - Loire Gourmande - une \u00e9tape savoureuse","isPartOf":{"@id":"https:\/\/www.loire-gourmande.fr\/de\/#website"},"primaryImageOfPage":{"@id":"https:\/\/www.loire-gourmande.fr\/de\/Produkt\/coteaux-du-layon-clos-de-la-bergerie-2022\/#primaryimage"},"image":{"@id":"https:\/\/www.loire-gourmande.fr\/de\/Produkt\/coteaux-du-layon-clos-de-la-bergerie-2022\/#primaryimage"},"thumbnailUrl":"https:\/\/www.loire-gourmande.fr\/wp-content\/uploads\/2026\/01\/Clos-de-la-Bergerie.jpg","datePublished":"2026-01-25T15:04:18+00:00","dateModified":"2026-02-09T13:52:31+00:00","breadcrumb":{"@id":"https:\/\/www.loire-gourmande.fr\/de\/Produkt\/coteaux-du-layon-clos-de-la-bergerie-2022\/#breadcrumb"},"inLanguage":"de","potentialAction":[{"@type":"ReadAction","target":["https:\/\/www.loire-gourmande.fr\/de\/Produkt\/coteaux-du-layon-clos-de-la-bergerie-2022\/"]}]},{"@type":"ImageObject","inLanguage":"de","@id":"https:\/\/www.loire-gourmande.fr\/de\/Produkt\/coteaux-du-layon-clos-de-la-bergerie-2022\/#primaryimage","url":"https:\/\/www.loire-gourmande.fr\/wp-content\/uploads\/2026\/01\/Clos-de-la-Bergerie.jpg","contentUrl":"https:\/\/www.loire-gourmande.fr\/wp-content\/uploads\/2026\/01\/Clos-de-la-Bergerie.jpg","width":800,"height":800},{"@type":"BreadcrumbList","@id":"https:\/\/www.loire-gourmande.fr\/de\/Produkt\/coteaux-du-layon-clos-de-la-bergerie-2022\/#breadcrumb","itemListElement":[{"@type":"ListItem","position":1,"name":"Startseite","item":"https:\/\/www.loire-gourmande.fr\/de\/"},{"@type":"ListItem","position":2,"name":"Die Boutique de Loire Gourmande: die Weine der Loire","item":"https:\/\/www.loire-gourmande.fr\/de\/woocommerce\/"},{"@type":"ListItem","position":3,"name":"COTEAUX DU LAYON &#8222;Clos de la Bergerie&#8220; 2022"}]},{"@type":"WebSite","@id":"https:\/\/www.loire-gourmande.fr\/de\/#website","url":"https:\/\/www.loire-gourmande.fr\/de\/","name":"Loire Gourmande, une \u00e9tape savoureuse","description":"une d\u00e9gustation \u00e0 toute heure et une boutique \u00e0 visiter \u00e0 Turquant (49)","publisher":{"@id":"https:\/\/www.loire-gourmande.fr\/de\/#organization"},"potentialAction":[{"@type":"SearchAction","target":{"@type":"EntryPoint","urlTemplate":"https:\/\/www.loire-gourmande.fr\/de\/?s={search_term_string}"},"query-input":{"@type":"PropertyValueSpecification","valueRequired":true,"valueName":"search_term_string"}}],"inLanguage":"de"},{"@type":"Organization","@id":"https:\/\/www.loire-gourmande.fr\/de\/#organization","name":"Loire Gourmande - Schnellrestaurant und Besuch in Turquant (49)","url":"https:\/\/www.loire-gourmande.fr\/de\/","logo":{"@type":"ImageObject","inLanguage":"de","@id":"https:\/\/www.loire-gourmande.fr\/de\/#\/schema\/logo\/image\/","url":"https:\/\/www.loire-gourmande.fr\/wp-content\/uploads\/2020\/10\/loire-gourmande-logo.jpg","contentUrl":"https:\/\/www.loire-gourmande.fr\/wp-content\/uploads\/2020\/10\/loire-gourmande-logo.jpg","width":800,"height":415,"caption":"Loire Gourmande - Schnellrestaurant und Besuch in Turquant (49)"},"image":{"@id":"https:\/\/www.loire-gourmande.fr\/de\/#\/schema\/logo\/image\/"},"sameAs":["https:\/\/www.facebook.com\/Loire-Gourmande-Turquant-101991328328493\/","https:\/\/www.instagram.com\/jean_yves_auradon\/?igshid=1ta3mfjka326t"]}]}},"_links":{"self":[{"href":"https:\/\/www.loire-gourmande.fr\/de\/wp-json\/wp\/v2\/product\/14464","targetHints":{"allow":["GET"]}}],"collection":[{"href":"https:\/\/www.loire-gourmande.fr\/de\/wp-json\/wp\/v2\/product"}],"about":[{"href":"https:\/\/www.loire-gourmande.fr\/de\/wp-json\/wp\/v2\/types\/product"}],"version-history":[{"count":1,"href":"https:\/\/www.loire-gourmande.fr\/de\/wp-json\/wp\/v2\/product\/14464\/revisions"}],"predecessor-version":[{"id":14465,"href":"https:\/\/www.loire-gourmande.fr\/de\/wp-json\/wp\/v2\/product\/14464\/revisions\/14465"}],"wp:featuredmedia":[{"embeddable":true,"href":"https:\/\/www.loire-gourmande.fr\/de\/wp-json\/wp\/v2\/media\/14288"}],"wp:attachment":[{"href":"https:\/\/www.loire-gourmande.fr\/de\/wp-json\/wp\/v2\/media?parent=14464"}],"wp:term":[{"taxonomy":"product_brand","embeddable":true,"href":"https:\/\/www.loire-gourmande.fr\/de\/wp-json\/wp\/v2\/product_brand?post=14464"},{"taxonomy":"product_cat","embeddable":true,"href":"https:\/\/www.loire-gourmande.fr\/de\/wp-json\/wp\/v2\/product_cat?post=14464"},{"taxonomy":"product_tag","embeddable":true,"href":"https:\/\/www.loire-gourmande.fr\/de\/wp-json\/wp\/v2\/product_tag?post=14464"}],"curies":[{"name":"wp","href":"https:\/\/api.w.org\/{rel}","templated":true}]}}