{"id":14900,"date":"2026-05-04T09:08:19","date_gmt":"2026-05-04T08:08:19","guid":{"rendered":"https:\/\/www.loire-gourmande.fr\/produit\/2024-les-clos-maurice-goldmuenze\/"},"modified":"2026-05-04T19:13:32","modified_gmt":"2026-05-04T18:13:32","slug":"2024-les-clos-maurice-goldmuenze","status":"publish","type":"product","link":"https:\/\/www.loire-gourmande.fr\/de\/Produkt\/2024-les-clos-maurice-goldmuenze\/","title":{"rendered":"2024 LES CLOS MAURICE GOLDM\u00dcNZE"},"content":{"rendered":"<p>Ein gro\u00dfer Erfolg f\u00fcr diesen Saumur, leicht zu trinken, w\u00fcrzig und frisch. Gerade und ausgewogen, entwickelt diese Cuv\u00e9e La pi\u00e8ce d&#8217;Or gro\u00dfz\u00fcgige Noten roter Beeren sowie w\u00fcrzige und blumige Aromen. Biodynamisch verarbeitet, ist es ein Wein mit einer sch\u00f6nen Frische, der heute als Aperitif oder in allt\u00e4glichen Gerichten gesch\u00e4tzt wird. Ein sehr gutes Preis-Vergn\u00fcgen-Verh\u00e4ltnis.   <\/p>\n<p>das Loiretal<\/p>\n<p><b>D\u00fcfte: <\/b>Fruchtig, w\u00fcrzig, blumig,<\/p>\n<p><b>Lagerung: <\/b>Bereit zum Trinken<\/p>\n<p><b>Gr\u00f6\u00dfe: <\/b>0,75 l<\/p>\n<p><b>Rebsorten:<\/b> 100 % Cabernet Franc<\/p>\n<p><b>Kultur:<\/b>Biodynamisch<\/p>\n<p><b>Terroir:<\/b>Ton-Kalkstein<\/p>\n<p><b>Bezeichnung:<\/b>AOC Saumur<\/p>\n<div class=\"fiche-title fiche-description-title\"><strong>Verkostungsnotizen<\/strong><\/div>\n<dl class=\"wine-details\">\n<dt>Typ \ud83d\ude1b urplich rubinrot<\/dt>\n<dt>Nase: Reife rote Fr\u00fcchte, Erdbeere, rote Johannisbeeren<\/dt>\n<dt>Gaumen: Frischer Angriff, sch\u00f6ne Rundheit, harmonischer und angenehmer Abgang<\/dt>\n<dt>Lebensmittelvorschlag: Entenspie\u00df mit Mango, Lamm<\/dt>\n<dt>Getr\u00e4nk von:2024<\/dt>\n<dt>Trinken bis: 2028<\/dt>\n<dt>Serviertemperatur: 16 Grad<\/dt>\n<\/dl>\n<p>&nbsp;<\/p>\n","protected":false},"excerpt":{"rendered":"<div id=\"open\" class=\"accordionButton\">BESCHREIBUNG<\/div>\n<div class=\"accordionContent\">\n<p>La Pi\u00e8ce d&#8217;Or ist einfach der Name des Ortes, an dem dieser Wein produziert wird; es handelt sich um ein Grundst\u00fcck von 2 ha und 15 Hektar, das ausschlie\u00dflich mit Cabernet Franc bepflanzt ist.<\/p>\n<p>Ein rubinroter Farbton mit einem Hauch von purpurfarbener Jugend.<\/p>\n<p>Ein Strau\u00df roter Fr\u00fcchte platzt in der Nase, wir finden Himbeere, Erdbeere, Ankl\u00e4nge von schwarzen Johannisbeeren.<\/p>\n<p>Eine zarte tanninhaltige Pr\u00e4senz, ein vollmundiger und sanfter Gaumen, ein eleganter Rotwein in der Geschmeidigkeit, genau die Art von<\/p>\n<p> Buddy-Wein<strong><em>\u2013 ausgezeichnetes Preis-Leistungs-Verh\u00e4ltnis!<br \/>\nWundersch\u00f6ne Intensit\u00e4t roter Fr\u00fcchte&#8230;<\/em><\/strong><\/p>\n<p>&nbsp;<\/p>\n<\/div>\n","protected":false},"featured_media":14896,"template":"","meta":{"inline_featured_image":false},"product_brand":[],"product_cat":[602,603,660,601],"product_tag":[824,665,646],"class_list":{"0":"post-14900","1":"product","2":"type-product","3":"status-publish","4":"has-post-thumbnail","6":"product_cat-anjou-de","7":"product_cat-bio-wein","8":"product_cat-land-der-loire","9":"product_cat-rot","10":"product_tag-ente-auf-einem-spies","11":"product_tag-kalbs-oder-perlhuhnbraten","12":"product_tag-lammkarree","14":"first","15":"instock","16":"taxable","17":"shipping-taxable","18":"purchasable","19":"product-type-simple"},"yoast_head":"<!-- This site is optimized with the Yoast SEO plugin v27.5 - https:\/\/yoast.com\/product\/yoast-seo-wordpress\/ -->\n<title>2024 LES CLOS MAURICE GOLDM\u00dcNZE - Loire Gourmande - une \u00e9tape savoureuse<\/title>\n<meta name=\"robots\" content=\"index, follow, max-snippet:-1, max-image-preview:large, max-video-preview:-1\" \/>\n<link rel=\"canonical\" href=\"https:\/\/www.loire-gourmande.fr\/de\/Produkt\/2024-les-clos-maurice-goldmuenze\/\" \/>\n<meta property=\"og:locale\" content=\"de_DE\" \/>\n<meta property=\"og:type\" content=\"article\" \/>\n<meta property=\"og:title\" content=\"2024 LES CLOS MAURICE GOLDM\u00dcNZE - Loire Gourmande - une \u00e9tape savoureuse\" \/>\n<meta property=\"og:description\" content=\"BESCHREIBUNG  La Pi\u00e8ce d&#039;Or ist einfach der Name des Ortes, an dem dieser Wein produziert wird; es handelt sich um ein Grundst\u00fcck von 2 ha und 15 Hektar, das ausschlie\u00dflich mit Cabernet Franc bepflanzt ist. Ein rubinroter Farbton mit einem Hauch von purpurfarbener Jugend. Ein Strau\u00df roter Fr\u00fcchte platzt in der Nase, wir finden Himbeere, Erdbeere, Ankl\u00e4nge von schwarzen Johannisbeeren. Eine zarte tanninhaltige Pr\u00e4senz, ein vollmundiger und sanfter Gaumen, ein eleganter Rotwein in der Geschmeidigkeit, genau die Art von  Buddy-Wein\u2013 ausgezeichnetes Preis-Leistungs-Verh\u00e4ltnis! Wundersch\u00f6ne Intensit\u00e4t roter Fr\u00fcchte... &nbsp;\" \/>\n<meta property=\"og:url\" content=\"https:\/\/www.loire-gourmande.fr\/de\/Produkt\/2024-les-clos-maurice-goldmuenze\/\" \/>\n<meta property=\"og:site_name\" content=\"Loire Gourmande - une \u00e9tape savoureuse\" \/>\n<meta property=\"article:publisher\" content=\"https:\/\/www.facebook.com\/Loire-Gourmande-Turquant-101991328328493\/\" \/>\n<meta property=\"article:modified_time\" content=\"2026-05-04T18:13:32+00:00\" \/>\n<meta property=\"og:image\" content=\"https:\/\/www.loire-gourmande.fr\/wp-content\/uploads\/2026\/05\/La-Piece-dOr-Clos-Maurice.jpg\" \/>\n\t<meta property=\"og:image:width\" content=\"1226\" \/>\n\t<meta property=\"og:image:height\" content=\"1232\" \/>\n\t<meta property=\"og:image:type\" content=\"image\/jpeg\" \/>\n<meta name=\"twitter:card\" content=\"summary_large_image\" \/>\n<meta name=\"twitter:label1\" content=\"Gesch\u00e4tzte Lesezeit\" \/>\n\t<meta name=\"twitter:data1\" content=\"1\u00a0Minute\" \/>\n<script type=\"application\/ld+json\" class=\"yoast-schema-graph\">{\"@context\":\"https:\\\/\\\/schema.org\",\"@graph\":[{\"@type\":\"WebPage\",\"@id\":\"https:\\\/\\\/www.loire-gourmande.fr\\\/de\\\/Produkt\\\/2024-les-clos-maurice-goldmuenze\\\/\",\"url\":\"https:\\\/\\\/www.loire-gourmande.fr\\\/de\\\/Produkt\\\/2024-les-clos-maurice-goldmuenze\\\/\",\"name\":\"2024 LES CLOS MAURICE GOLDM\u00dcNZE - Loire Gourmande - une \u00e9tape savoureuse\",\"isPartOf\":{\"@id\":\"https:\\\/\\\/www.loire-gourmande.fr\\\/de\\\/#website\"},\"primaryImageOfPage\":{\"@id\":\"https:\\\/\\\/www.loire-gourmande.fr\\\/de\\\/Produkt\\\/2024-les-clos-maurice-goldmuenze\\\/#primaryimage\"},\"image\":{\"@id\":\"https:\\\/\\\/www.loire-gourmande.fr\\\/de\\\/Produkt\\\/2024-les-clos-maurice-goldmuenze\\\/#primaryimage\"},\"thumbnailUrl\":\"https:\\\/\\\/www.loire-gourmande.fr\\\/wp-content\\\/uploads\\\/2026\\\/05\\\/La-Piece-dOr-Clos-Maurice.jpg\",\"datePublished\":\"2026-05-04T08:08:19+00:00\",\"dateModified\":\"2026-05-04T18:13:32+00:00\",\"breadcrumb\":{\"@id\":\"https:\\\/\\\/www.loire-gourmande.fr\\\/de\\\/Produkt\\\/2024-les-clos-maurice-goldmuenze\\\/#breadcrumb\"},\"inLanguage\":\"de\",\"potentialAction\":[{\"@type\":\"ReadAction\",\"target\":[\"https:\\\/\\\/www.loire-gourmande.fr\\\/de\\\/Produkt\\\/2024-les-clos-maurice-goldmuenze\\\/\"]}]},{\"@type\":\"ImageObject\",\"inLanguage\":\"de\",\"@id\":\"https:\\\/\\\/www.loire-gourmande.fr\\\/de\\\/Produkt\\\/2024-les-clos-maurice-goldmuenze\\\/#primaryimage\",\"url\":\"https:\\\/\\\/www.loire-gourmande.fr\\\/wp-content\\\/uploads\\\/2026\\\/05\\\/La-Piece-dOr-Clos-Maurice.jpg\",\"contentUrl\":\"https:\\\/\\\/www.loire-gourmande.fr\\\/wp-content\\\/uploads\\\/2026\\\/05\\\/La-Piece-dOr-Clos-Maurice.jpg\",\"width\":1226,\"height\":1232},{\"@type\":\"BreadcrumbList\",\"@id\":\"https:\\\/\\\/www.loire-gourmande.fr\\\/de\\\/Produkt\\\/2024-les-clos-maurice-goldmuenze\\\/#breadcrumb\",\"itemListElement\":[{\"@type\":\"ListItem\",\"position\":1,\"name\":\"Startseite\",\"item\":\"https:\\\/\\\/www.loire-gourmande.fr\\\/de\\\/\"},{\"@type\":\"ListItem\",\"position\":2,\"name\":\"Die Boutique de Loire Gourmande: die Weine der Loire\",\"item\":\"https:\\\/\\\/www.loire-gourmande.fr\\\/de\\\/woocommerce\\\/\"},{\"@type\":\"ListItem\",\"position\":3,\"name\":\"Die Weine\",\"item\":\"https:\\\/\\\/www.loire-gourmande.fr\\\/de\\\/Produktkategorie\\\/die-weine\\\/\"},{\"@type\":\"ListItem\",\"position\":4,\"name\":\"Bio Wein\",\"item\":\"https:\\\/\\\/www.loire-gourmande.fr\\\/de\\\/Produktkategorie\\\/die-weine\\\/bio-wein\\\/\"},{\"@type\":\"ListItem\",\"position\":5,\"name\":\"2024 LES CLOS MAURICE GOLDM\u00dcNZE\"}]},{\"@type\":\"WebSite\",\"@id\":\"https:\\\/\\\/www.loire-gourmande.fr\\\/de\\\/#website\",\"url\":\"https:\\\/\\\/www.loire-gourmande.fr\\\/de\\\/\",\"name\":\"Loire Gourmande, une \u00e9tape savoureuse\",\"description\":\"une d\u00e9gustation \u00e0 toute heure et une boutique \u00e0 visiter \u00e0 Turquant (49)\",\"publisher\":{\"@id\":\"https:\\\/\\\/www.loire-gourmande.fr\\\/de\\\/#organization\"},\"potentialAction\":[{\"@type\":\"SearchAction\",\"target\":{\"@type\":\"EntryPoint\",\"urlTemplate\":\"https:\\\/\\\/www.loire-gourmande.fr\\\/de\\\/?s={search_term_string}\"},\"query-input\":{\"@type\":\"PropertyValueSpecification\",\"valueRequired\":true,\"valueName\":\"search_term_string\"}}],\"inLanguage\":\"de\"},{\"@type\":\"Organization\",\"@id\":\"https:\\\/\\\/www.loire-gourmande.fr\\\/de\\\/#organization\",\"name\":\"Loire Gourmande - Schnellrestaurant und Besuch in Turquant (49)\",\"url\":\"https:\\\/\\\/www.loire-gourmande.fr\\\/de\\\/\",\"logo\":{\"@type\":\"ImageObject\",\"inLanguage\":\"de\",\"@id\":\"https:\\\/\\\/www.loire-gourmande.fr\\\/de\\\/#\\\/schema\\\/logo\\\/image\\\/\",\"url\":\"https:\\\/\\\/www.loire-gourmande.fr\\\/wp-content\\\/uploads\\\/2020\\\/10\\\/loire-gourmande-logo.jpg\",\"contentUrl\":\"https:\\\/\\\/www.loire-gourmande.fr\\\/wp-content\\\/uploads\\\/2020\\\/10\\\/loire-gourmande-logo.jpg\",\"width\":800,\"height\":415,\"caption\":\"Loire Gourmande - Schnellrestaurant und Besuch in Turquant (49)\"},\"image\":{\"@id\":\"https:\\\/\\\/www.loire-gourmande.fr\\\/de\\\/#\\\/schema\\\/logo\\\/image\\\/\"},\"sameAs\":[\"https:\\\/\\\/www.facebook.com\\\/Loire-Gourmande-Turquant-101991328328493\\\/\",\"https:\\\/\\\/www.instagram.com\\\/jean_yves_auradon\\\/?igshid=1ta3mfjka326t\"]}]}<\/script>\n<!-- \/ Yoast SEO plugin. -->","yoast_head_json":{"title":"2024 LES CLOS MAURICE GOLDM\u00dcNZE - Loire Gourmande - une \u00e9tape savoureuse","robots":{"index":"index","follow":"follow","max-snippet":"max-snippet:-1","max-image-preview":"max-image-preview:large","max-video-preview":"max-video-preview:-1"},"canonical":"https:\/\/www.loire-gourmande.fr\/de\/Produkt\/2024-les-clos-maurice-goldmuenze\/","og_locale":"de_DE","og_type":"article","og_title":"2024 LES CLOS MAURICE GOLDM\u00dcNZE - Loire Gourmande - une \u00e9tape savoureuse","og_description":"BESCHREIBUNG  La Pi\u00e8ce d'Or ist einfach der Name des Ortes, an dem dieser Wein produziert wird; es handelt sich um ein Grundst\u00fcck von 2 ha und 15 Hektar, das ausschlie\u00dflich mit Cabernet Franc bepflanzt ist. Ein rubinroter Farbton mit einem Hauch von purpurfarbener Jugend. Ein Strau\u00df roter Fr\u00fcchte platzt in der Nase, wir finden Himbeere, Erdbeere, Ankl\u00e4nge von schwarzen Johannisbeeren. Eine zarte tanninhaltige Pr\u00e4senz, ein vollmundiger und sanfter Gaumen, ein eleganter Rotwein in der Geschmeidigkeit, genau die Art von  Buddy-Wein\u2013 ausgezeichnetes Preis-Leistungs-Verh\u00e4ltnis! Wundersch\u00f6ne Intensit\u00e4t roter Fr\u00fcchte... &nbsp;","og_url":"https:\/\/www.loire-gourmande.fr\/de\/Produkt\/2024-les-clos-maurice-goldmuenze\/","og_site_name":"Loire Gourmande - une \u00e9tape savoureuse","article_publisher":"https:\/\/www.facebook.com\/Loire-Gourmande-Turquant-101991328328493\/","article_modified_time":"2026-05-04T18:13:32+00:00","og_image":[{"width":1226,"height":1232,"url":"https:\/\/www.loire-gourmande.fr\/wp-content\/uploads\/2026\/05\/La-Piece-dOr-Clos-Maurice.jpg","type":"image\/jpeg"}],"twitter_card":"summary_large_image","twitter_misc":{"Gesch\u00e4tzte Lesezeit":"1\u00a0Minute"},"schema":{"@context":"https:\/\/schema.org","@graph":[{"@type":"WebPage","@id":"https:\/\/www.loire-gourmande.fr\/de\/Produkt\/2024-les-clos-maurice-goldmuenze\/","url":"https:\/\/www.loire-gourmande.fr\/de\/Produkt\/2024-les-clos-maurice-goldmuenze\/","name":"2024 LES CLOS MAURICE GOLDM\u00dcNZE - Loire Gourmande - une \u00e9tape savoureuse","isPartOf":{"@id":"https:\/\/www.loire-gourmande.fr\/de\/#website"},"primaryImageOfPage":{"@id":"https:\/\/www.loire-gourmande.fr\/de\/Produkt\/2024-les-clos-maurice-goldmuenze\/#primaryimage"},"image":{"@id":"https:\/\/www.loire-gourmande.fr\/de\/Produkt\/2024-les-clos-maurice-goldmuenze\/#primaryimage"},"thumbnailUrl":"https:\/\/www.loire-gourmande.fr\/wp-content\/uploads\/2026\/05\/La-Piece-dOr-Clos-Maurice.jpg","datePublished":"2026-05-04T08:08:19+00:00","dateModified":"2026-05-04T18:13:32+00:00","breadcrumb":{"@id":"https:\/\/www.loire-gourmande.fr\/de\/Produkt\/2024-les-clos-maurice-goldmuenze\/#breadcrumb"},"inLanguage":"de","potentialAction":[{"@type":"ReadAction","target":["https:\/\/www.loire-gourmande.fr\/de\/Produkt\/2024-les-clos-maurice-goldmuenze\/"]}]},{"@type":"ImageObject","inLanguage":"de","@id":"https:\/\/www.loire-gourmande.fr\/de\/Produkt\/2024-les-clos-maurice-goldmuenze\/#primaryimage","url":"https:\/\/www.loire-gourmande.fr\/wp-content\/uploads\/2026\/05\/La-Piece-dOr-Clos-Maurice.jpg","contentUrl":"https:\/\/www.loire-gourmande.fr\/wp-content\/uploads\/2026\/05\/La-Piece-dOr-Clos-Maurice.jpg","width":1226,"height":1232},{"@type":"BreadcrumbList","@id":"https:\/\/www.loire-gourmande.fr\/de\/Produkt\/2024-les-clos-maurice-goldmuenze\/#breadcrumb","itemListElement":[{"@type":"ListItem","position":1,"name":"Startseite","item":"https:\/\/www.loire-gourmande.fr\/de\/"},{"@type":"ListItem","position":2,"name":"Die Boutique de Loire Gourmande: die Weine der Loire","item":"https:\/\/www.loire-gourmande.fr\/de\/woocommerce\/"},{"@type":"ListItem","position":3,"name":"Die Weine","item":"https:\/\/www.loire-gourmande.fr\/de\/Produktkategorie\/die-weine\/"},{"@type":"ListItem","position":4,"name":"Bio Wein","item":"https:\/\/www.loire-gourmande.fr\/de\/Produktkategorie\/die-weine\/bio-wein\/"},{"@type":"ListItem","position":5,"name":"2024 LES CLOS MAURICE GOLDM\u00dcNZE"}]},{"@type":"WebSite","@id":"https:\/\/www.loire-gourmande.fr\/de\/#website","url":"https:\/\/www.loire-gourmande.fr\/de\/","name":"Loire Gourmande, une \u00e9tape savoureuse","description":"une d\u00e9gustation \u00e0 toute heure et une boutique \u00e0 visiter \u00e0 Turquant (49)","publisher":{"@id":"https:\/\/www.loire-gourmande.fr\/de\/#organization"},"potentialAction":[{"@type":"SearchAction","target":{"@type":"EntryPoint","urlTemplate":"https:\/\/www.loire-gourmande.fr\/de\/?s={search_term_string}"},"query-input":{"@type":"PropertyValueSpecification","valueRequired":true,"valueName":"search_term_string"}}],"inLanguage":"de"},{"@type":"Organization","@id":"https:\/\/www.loire-gourmande.fr\/de\/#organization","name":"Loire Gourmande - Schnellrestaurant und Besuch in Turquant (49)","url":"https:\/\/www.loire-gourmande.fr\/de\/","logo":{"@type":"ImageObject","inLanguage":"de","@id":"https:\/\/www.loire-gourmande.fr\/de\/#\/schema\/logo\/image\/","url":"https:\/\/www.loire-gourmande.fr\/wp-content\/uploads\/2020\/10\/loire-gourmande-logo.jpg","contentUrl":"https:\/\/www.loire-gourmande.fr\/wp-content\/uploads\/2020\/10\/loire-gourmande-logo.jpg","width":800,"height":415,"caption":"Loire Gourmande - Schnellrestaurant und Besuch in Turquant (49)"},"image":{"@id":"https:\/\/www.loire-gourmande.fr\/de\/#\/schema\/logo\/image\/"},"sameAs":["https:\/\/www.facebook.com\/Loire-Gourmande-Turquant-101991328328493\/","https:\/\/www.instagram.com\/jean_yves_auradon\/?igshid=1ta3mfjka326t"]}]}},"_links":{"self":[{"href":"https:\/\/www.loire-gourmande.fr\/de\/wp-json\/wp\/v2\/product\/14900","targetHints":{"allow":["GET"]}}],"collection":[{"href":"https:\/\/www.loire-gourmande.fr\/de\/wp-json\/wp\/v2\/product"}],"about":[{"href":"https:\/\/www.loire-gourmande.fr\/de\/wp-json\/wp\/v2\/types\/product"}],"version-history":[{"count":1,"href":"https:\/\/www.loire-gourmande.fr\/de\/wp-json\/wp\/v2\/product\/14900\/revisions"}],"predecessor-version":[{"id":14934,"href":"https:\/\/www.loire-gourmande.fr\/de\/wp-json\/wp\/v2\/product\/14900\/revisions\/14934"}],"wp:featuredmedia":[{"embeddable":true,"href":"https:\/\/www.loire-gourmande.fr\/de\/wp-json\/wp\/v2\/media\/14896"}],"wp:attachment":[{"href":"https:\/\/www.loire-gourmande.fr\/de\/wp-json\/wp\/v2\/media?parent=14900"}],"wp:term":[{"taxonomy":"product_brand","embeddable":true,"href":"https:\/\/www.loire-gourmande.fr\/de\/wp-json\/wp\/v2\/product_brand?post=14900"},{"taxonomy":"product_cat","embeddable":true,"href":"https:\/\/www.loire-gourmande.fr\/de\/wp-json\/wp\/v2\/product_cat?post=14900"},{"taxonomy":"product_tag","embeddable":true,"href":"https:\/\/www.loire-gourmande.fr\/de\/wp-json\/wp\/v2\/product_tag?post=14900"}],"curies":[{"name":"wp","href":"https:\/\/api.w.org\/{rel}","templated":true}]}}