{"id":14902,"date":"2026-04-16T13:35:05","date_gmt":"2026-04-16T12:35:05","guid":{"rendered":"https:\/\/www.loire-gourmande.fr\/produit\/chenin-sec-domaine-badiller-2023\/"},"modified":"2026-04-16T13:35:05","modified_gmt":"2026-04-16T12:35:05","slug":"chenin-sec-domaine-badiller-2023","status":"publish","type":"product","link":"https:\/\/www.loire-gourmande.fr\/de\/Produkt\/chenin-sec-domaine-badiller-2023\/","title":{"rendered":"CHENIN SEC DOMAINE BADILLER 2023"},"content":{"rendered":"<div class=\"elementor-column elementor-col-50 elementor-inner-column elementor-element elementor-element-4b1d3aa\" data-id=\"4b1d3aa\" data-element_type=\"column\" data-e-type=\"column\" data-settings=\"{\"background_background\":\"classic\"}\">\n<div class=\"elementor-widget-wrap elementor-element-populated\">\n<div class=\"elementor-element elementor-element-38e0e13 elementor-widget elementor-widget-elementskit-heading\" data-id=\"38e0e13\" data-element_type=\"widget\" data-e-type=\"widget\" data-widget_type=\"elementskit-heading.default\">\n<div class=\"elementor-widget-container\">\n<div class=\"ekit-wid-con\">\n<div class=\"ekit-heading elementskit-section-title-wraper text_left ekit_heading_tablet- ekit_heading_mobile-\">\n<section class=\"elementor-section elementor-inner-section elementor-element elementor-element-cba9a55 elementor-section-boxed elementor-section-height-default elementor-section-height-default\" data-id=\"cba9a55\" data-element_type=\"section\" data-e-type=\"section\">\n<div class=\"elementor-container elementor-column-gap-default\">\n<div class=\"elementor-column elementor-col-50 elementor-inner-column elementor-element elementor-element-e7be9b2\" data-id=\"e7be9b2\" data-element_type=\"column\" data-e-type=\"column\">\n<div class=\"elementor-widget-wrap elementor-element-populated\">\n<div class=\"elementor-element elementor-element-515ce92 elementor-position-left elementor-vertical-align-top elementor-widget elementor-widget-image-box\" data-id=\"515ce92\" data-element_type=\"widget\" data-e-type=\"widget\" data-widget_type=\"image-box.default\">\n<div class=\"elementor-widget-container\">\n<div class=\"elementor-image-box-wrapper\">\n<div class=\"elementor-image-box-content\">\n<p>Aus der ersten Sortierung der Chenin-Ernte stammend, zeichnet sich diese Cuv\u00e9e durch ihre intensive Frische aus, die die Geschmacksknospen weckt.<br \/>\nLebendig und fruchtig, besitzt er einen intensiven Strau\u00df aus Aromen von Blumen und kandierten Fr\u00fcchten.<\/p>\n<p class=\"elementor-image-box-title\">APPELLATION<\/p>\n<p class=\"elementor-image-box-description\">Touraine Azay-le-Rideau<\/p>\n<\/div>\n<\/div>\n<\/div>\n<\/div>\n<div class=\"elementor-widget-container\">\n<div class=\"elementor-image-box-wrapper\">\n<div class=\"elementor-image-box-content\">\n<p class=\"elementor-image-box-title\">VINIFIKATION UND ALTERUNG<\/p>\n<p class=\"elementor-image-box-description\">Trauben, von Hand geerntet. Alkoholische G\u00e4rung in Edelstahlbeh\u00e4ltern. Auf L\u00e4se in der Flasche reifen.  <\/p>\n<\/div>\n<\/div>\n<\/div>\n<\/div>\n<\/div>\n<div class=\"elementor-column elementor-col-50 elementor-inner-column elementor-element elementor-element-60533a8\" data-id=\"60533a8\" data-element_type=\"column\" data-e-type=\"column\">\n<div class=\"elementor-widget-wrap elementor-element-populated\">\n<div class=\"elementor-widget-container\">\n<div class=\"elementor-image-box-wrapper\">\n<div class=\"elementor-image-box-content\">\n<h5 class=\"elementor-image-box-title\">WEINSORTE<\/h5>\n<p class=\"elementor-image-box-description\">Trockener Wei\u00dfwein zu 100 % Chenin<\/p>\n<\/div>\n<\/div>\n<\/div>\n<div class=\"elementor-element elementor-element-92c9a19 elementor-position-left elementor-vertical-align-top elementor-widget elementor-widget-image-box\" data-id=\"92c9a19\" data-element_type=\"widget\" data-e-type=\"widget\" data-widget_type=\"image-box.default\">\n<div class=\"elementor-widget-container\">\n<div class=\"elementor-image-box-wrapper\">\n<div class=\"elementor-image-box-content\">\n<p class=\"elementor-image-box-title\">VERKOSTUNG<\/p>\n<p class=\"elementor-image-box-description\">Eine tiefe Farbe mit brillanten Reflexionen. Eine intensive und ausdrucksstarke Nase mit blumigen, getrockneten und kandierten Fruchtnoten. Lebendig und fruchtig mit einem sch\u00f6nen Griff am Gaumen. Ein Wein, der die Geschmacksknospen weckt.   <\/p>\n<\/div>\n<\/div>\n<\/div>\n<\/div>\n<\/div>\n<\/div>\n<\/div>\n<\/section>\n<div class=\"elementor-element elementor-element-1518e74 elementor-widget elementor-widget-toggle\" data-id=\"1518e74\" data-element_type=\"widget\" data-e-type=\"widget\" data-widget_type=\"toggle.default\">\n<div class=\"elementor-widget-container\">\n<div class=\"elementor-toggle\">\n<div class=\"elementor-toggle-item\">\n<div id=\"elementor-tab-title-2211\" class=\"elementor-tab-title elementor-active\" tabindex=\"0\" role=\"button\" data-tab=\"1\" aria-controls=\"elementor-tab-content-2211\" aria-expanded=\"true\" aria-selected=\"true\"><\/div>\n<\/div>\n<\/div>\n<\/div>\n<\/div>\n<\/div>\n<\/div>\n<\/div>\n<\/div>\n<\/div>\n<\/div>\n","protected":false},"excerpt":{"rendered":"<div class=\"elementor-element elementor-element-f631054 elementor-widget elementor-widget-text-editor\" data-id=\"f631054\" data-element_type=\"widget\" data-e-type=\"widget\" data-settings=\"{\"_animation_mobile\":\"fadeIn\"}\" data-widget_type=\"text-editor.default\">\n<div class=\"elementor-widget-container\">\n<p>Es liegt an den H\u00e4ngen des Indre-Tals, im Dorf Cheill\u00e9, wo wir Wein auf dem <strong>Land von Azay-Le-Rideau produzieren.<\/strong><br \/>\nWir sind <strong>Vincent und Pierre<\/strong>, zwei Br\u00fcder, die gemeinsam daran arbeiten, unsere Geschichte und unseren Familienbesitz zu bewahren.<\/p>\n<p>Wir bewirtschaften 12 Hektar Wein im \u00f6kologischen Anbau (Zertifizierung 2024) und produzieren Wei\u00dfe, Rote, Ros\u00e9- und Schaumweine in <strong>AOC Touraine und AOC Touraine Azay-le-Rideau. <\/strong>Unsere Weine werden aus lokalen Rebsorten hergestellt \u2013 Grolleau de Cinq-Mars, Parisienne, Chenin, Cabernet \u2013 die in st\u00e4ndiger Suche nach Genauigkeit und Ausgewogenheit gearbeitet werden.<\/p>\n<\/div>\n<\/div>\n<div class=\"elementor-element elementor-element-411f3b4 elementor-hidden-mobile elementor-widget elementor-widget-image\" data-id=\"411f3b4\" data-element_type=\"widget\" data-e-type=\"widget\" data-widget_type=\"image.default\"><\/div>\n","protected":false},"featured_media":14862,"template":"","meta":{"inline_featured_image":false},"product_brand":[],"product_cat":[603,600,609,608],"product_tag":[626],"class_list":{"0":"post-14902","1":"product","2":"type-product","3":"status-publish","4":"has-post-thumbnail","6":"product_cat-bio-wein","7":"product_cat-die-weine","8":"product_cat-touraine-de","9":"product_cat-weis","10":"product_tag-aperitif-kase-aufschnitt-de","11":"product_shipping_class-flasche","13":"first","14":"instock","15":"taxable","16":"shipping-taxable","17":"purchasable","18":"product-type-simple"},"yoast_head":"<!-- This site is optimized with the Yoast SEO plugin v27.5 - https:\/\/yoast.com\/product\/yoast-seo-wordpress\/ -->\n<title>CHENIN SEC DOMAINE BADILLER 2023 - Loire Gourmande - une \u00e9tape savoureuse<\/title>\n<meta name=\"robots\" content=\"index, follow, max-snippet:-1, max-image-preview:large, max-video-preview:-1\" \/>\n<link rel=\"canonical\" href=\"https:\/\/www.loire-gourmande.fr\/de\/Produkt\/chenin-sec-domaine-badiller-2023\/\" \/>\n<meta property=\"og:locale\" content=\"de_DE\" \/>\n<meta property=\"og:type\" content=\"article\" \/>\n<meta property=\"og:title\" content=\"CHENIN SEC DOMAINE BADILLER 2023 - Loire Gourmande - une \u00e9tape savoureuse\" \/>\n<meta property=\"og:description\" content=\"Es liegt an den H\u00e4ngen des Indre-Tals, im Dorf Cheill\u00e9, wo wir Wein auf dem Land von Azay-Le-Rideau produzieren. Wir sind Vincent und Pierre, zwei Br\u00fcder, die gemeinsam daran arbeiten, unsere Geschichte und unseren Familienbesitz zu bewahren. Wir bewirtschaften 12 Hektar Wein im \u00f6kologischen Anbau (Zertifizierung 2024) und produzieren Wei\u00dfe, Rote, Ros\u00e9- und Schaumweine in AOC Touraine und AOC Touraine Azay-le-Rideau. Unsere Weine werden aus lokalen Rebsorten hergestellt \u2013 Grolleau de Cinq-Mars, Parisienne, Chenin, Cabernet \u2013 die in st\u00e4ndiger Suche nach Genauigkeit und Ausgewogenheit gearbeitet werden.\" \/>\n<meta property=\"og:url\" content=\"https:\/\/www.loire-gourmande.fr\/de\/Produkt\/chenin-sec-domaine-badiller-2023\/\" \/>\n<meta property=\"og:site_name\" content=\"Loire Gourmande - une \u00e9tape savoureuse\" \/>\n<meta property=\"article:publisher\" content=\"https:\/\/www.facebook.com\/Loire-Gourmande-Turquant-101991328328493\/\" \/>\n<meta property=\"og:image\" content=\"https:\/\/www.loire-gourmande.fr\/wp-content\/uploads\/2026\/04\/Blanc-Sec-Badiller.jpeg\" \/>\n\t<meta property=\"og:image:width\" content=\"918\" \/>\n\t<meta property=\"og:image:height\" content=\"1072\" \/>\n\t<meta property=\"og:image:type\" content=\"image\/jpeg\" \/>\n<meta name=\"twitter:card\" content=\"summary_large_image\" \/>\n<meta name=\"twitter:label1\" content=\"Gesch\u00e4tzte Lesezeit\" \/>\n\t<meta name=\"twitter:data1\" content=\"1\u00a0Minute\" \/>\n<script type=\"application\/ld+json\" class=\"yoast-schema-graph\">{\"@context\":\"https:\\\/\\\/schema.org\",\"@graph\":[{\"@type\":\"WebPage\",\"@id\":\"https:\\\/\\\/www.loire-gourmande.fr\\\/de\\\/Produkt\\\/chenin-sec-domaine-badiller-2023\\\/\",\"url\":\"https:\\\/\\\/www.loire-gourmande.fr\\\/de\\\/Produkt\\\/chenin-sec-domaine-badiller-2023\\\/\",\"name\":\"CHENIN SEC DOMAINE BADILLER 2023 - Loire Gourmande - une \u00e9tape savoureuse\",\"isPartOf\":{\"@id\":\"https:\\\/\\\/www.loire-gourmande.fr\\\/de\\\/#website\"},\"primaryImageOfPage\":{\"@id\":\"https:\\\/\\\/www.loire-gourmande.fr\\\/de\\\/Produkt\\\/chenin-sec-domaine-badiller-2023\\\/#primaryimage\"},\"image\":{\"@id\":\"https:\\\/\\\/www.loire-gourmande.fr\\\/de\\\/Produkt\\\/chenin-sec-domaine-badiller-2023\\\/#primaryimage\"},\"thumbnailUrl\":\"https:\\\/\\\/www.loire-gourmande.fr\\\/wp-content\\\/uploads\\\/2026\\\/04\\\/Blanc-Sec-Badiller.jpeg\",\"datePublished\":\"2026-04-16T12:35:05+00:00\",\"breadcrumb\":{\"@id\":\"https:\\\/\\\/www.loire-gourmande.fr\\\/de\\\/Produkt\\\/chenin-sec-domaine-badiller-2023\\\/#breadcrumb\"},\"inLanguage\":\"de\",\"potentialAction\":[{\"@type\":\"ReadAction\",\"target\":[\"https:\\\/\\\/www.loire-gourmande.fr\\\/de\\\/Produkt\\\/chenin-sec-domaine-badiller-2023\\\/\"]}]},{\"@type\":\"ImageObject\",\"inLanguage\":\"de\",\"@id\":\"https:\\\/\\\/www.loire-gourmande.fr\\\/de\\\/Produkt\\\/chenin-sec-domaine-badiller-2023\\\/#primaryimage\",\"url\":\"https:\\\/\\\/www.loire-gourmande.fr\\\/wp-content\\\/uploads\\\/2026\\\/04\\\/Blanc-Sec-Badiller.jpeg\",\"contentUrl\":\"https:\\\/\\\/www.loire-gourmande.fr\\\/wp-content\\\/uploads\\\/2026\\\/04\\\/Blanc-Sec-Badiller.jpeg\",\"width\":918,\"height\":1072},{\"@type\":\"BreadcrumbList\",\"@id\":\"https:\\\/\\\/www.loire-gourmande.fr\\\/de\\\/Produkt\\\/chenin-sec-domaine-badiller-2023\\\/#breadcrumb\",\"itemListElement\":[{\"@type\":\"ListItem\",\"position\":1,\"name\":\"Startseite\",\"item\":\"https:\\\/\\\/www.loire-gourmande.fr\\\/de\\\/\"},{\"@type\":\"ListItem\",\"position\":2,\"name\":\"Die Boutique de Loire Gourmande: die Weine der Loire\",\"item\":\"https:\\\/\\\/www.loire-gourmande.fr\\\/de\\\/woocommerce\\\/\"},{\"@type\":\"ListItem\",\"position\":3,\"name\":\"CHENIN SEC DOMAINE BADILLER 2023\"}]},{\"@type\":\"WebSite\",\"@id\":\"https:\\\/\\\/www.loire-gourmande.fr\\\/de\\\/#website\",\"url\":\"https:\\\/\\\/www.loire-gourmande.fr\\\/de\\\/\",\"name\":\"Loire Gourmande, une \u00e9tape savoureuse\",\"description\":\"une d\u00e9gustation \u00e0 toute heure et une boutique \u00e0 visiter \u00e0 Turquant (49)\",\"publisher\":{\"@id\":\"https:\\\/\\\/www.loire-gourmande.fr\\\/de\\\/#organization\"},\"potentialAction\":[{\"@type\":\"SearchAction\",\"target\":{\"@type\":\"EntryPoint\",\"urlTemplate\":\"https:\\\/\\\/www.loire-gourmande.fr\\\/de\\\/?s={search_term_string}\"},\"query-input\":{\"@type\":\"PropertyValueSpecification\",\"valueRequired\":true,\"valueName\":\"search_term_string\"}}],\"inLanguage\":\"de\"},{\"@type\":\"Organization\",\"@id\":\"https:\\\/\\\/www.loire-gourmande.fr\\\/de\\\/#organization\",\"name\":\"Loire Gourmande - Schnellrestaurant und Besuch in Turquant (49)\",\"url\":\"https:\\\/\\\/www.loire-gourmande.fr\\\/de\\\/\",\"logo\":{\"@type\":\"ImageObject\",\"inLanguage\":\"de\",\"@id\":\"https:\\\/\\\/www.loire-gourmande.fr\\\/de\\\/#\\\/schema\\\/logo\\\/image\\\/\",\"url\":\"https:\\\/\\\/www.loire-gourmande.fr\\\/wp-content\\\/uploads\\\/2020\\\/10\\\/loire-gourmande-logo.jpg\",\"contentUrl\":\"https:\\\/\\\/www.loire-gourmande.fr\\\/wp-content\\\/uploads\\\/2020\\\/10\\\/loire-gourmande-logo.jpg\",\"width\":800,\"height\":415,\"caption\":\"Loire Gourmande - Schnellrestaurant und Besuch in Turquant (49)\"},\"image\":{\"@id\":\"https:\\\/\\\/www.loire-gourmande.fr\\\/de\\\/#\\\/schema\\\/logo\\\/image\\\/\"},\"sameAs\":[\"https:\\\/\\\/www.facebook.com\\\/Loire-Gourmande-Turquant-101991328328493\\\/\",\"https:\\\/\\\/www.instagram.com\\\/jean_yves_auradon\\\/?igshid=1ta3mfjka326t\"]}]}<\/script>\n<!-- \/ Yoast SEO plugin. -->","yoast_head_json":{"title":"CHENIN SEC DOMAINE BADILLER 2023 - Loire Gourmande - une \u00e9tape savoureuse","robots":{"index":"index","follow":"follow","max-snippet":"max-snippet:-1","max-image-preview":"max-image-preview:large","max-video-preview":"max-video-preview:-1"},"canonical":"https:\/\/www.loire-gourmande.fr\/de\/Produkt\/chenin-sec-domaine-badiller-2023\/","og_locale":"de_DE","og_type":"article","og_title":"CHENIN SEC DOMAINE BADILLER 2023 - Loire Gourmande - une \u00e9tape savoureuse","og_description":"Es liegt an den H\u00e4ngen des Indre-Tals, im Dorf Cheill\u00e9, wo wir Wein auf dem Land von Azay-Le-Rideau produzieren. Wir sind Vincent und Pierre, zwei Br\u00fcder, die gemeinsam daran arbeiten, unsere Geschichte und unseren Familienbesitz zu bewahren. Wir bewirtschaften 12 Hektar Wein im \u00f6kologischen Anbau (Zertifizierung 2024) und produzieren Wei\u00dfe, Rote, Ros\u00e9- und Schaumweine in AOC Touraine und AOC Touraine Azay-le-Rideau. Unsere Weine werden aus lokalen Rebsorten hergestellt \u2013 Grolleau de Cinq-Mars, Parisienne, Chenin, Cabernet \u2013 die in st\u00e4ndiger Suche nach Genauigkeit und Ausgewogenheit gearbeitet werden.","og_url":"https:\/\/www.loire-gourmande.fr\/de\/Produkt\/chenin-sec-domaine-badiller-2023\/","og_site_name":"Loire Gourmande - une \u00e9tape savoureuse","article_publisher":"https:\/\/www.facebook.com\/Loire-Gourmande-Turquant-101991328328493\/","og_image":[{"width":918,"height":1072,"url":"https:\/\/www.loire-gourmande.fr\/wp-content\/uploads\/2026\/04\/Blanc-Sec-Badiller.jpeg","type":"image\/jpeg"}],"twitter_card":"summary_large_image","twitter_misc":{"Gesch\u00e4tzte Lesezeit":"1\u00a0Minute"},"schema":{"@context":"https:\/\/schema.org","@graph":[{"@type":"WebPage","@id":"https:\/\/www.loire-gourmande.fr\/de\/Produkt\/chenin-sec-domaine-badiller-2023\/","url":"https:\/\/www.loire-gourmande.fr\/de\/Produkt\/chenin-sec-domaine-badiller-2023\/","name":"CHENIN SEC DOMAINE BADILLER 2023 - Loire Gourmande - une \u00e9tape savoureuse","isPartOf":{"@id":"https:\/\/www.loire-gourmande.fr\/de\/#website"},"primaryImageOfPage":{"@id":"https:\/\/www.loire-gourmande.fr\/de\/Produkt\/chenin-sec-domaine-badiller-2023\/#primaryimage"},"image":{"@id":"https:\/\/www.loire-gourmande.fr\/de\/Produkt\/chenin-sec-domaine-badiller-2023\/#primaryimage"},"thumbnailUrl":"https:\/\/www.loire-gourmande.fr\/wp-content\/uploads\/2026\/04\/Blanc-Sec-Badiller.jpeg","datePublished":"2026-04-16T12:35:05+00:00","breadcrumb":{"@id":"https:\/\/www.loire-gourmande.fr\/de\/Produkt\/chenin-sec-domaine-badiller-2023\/#breadcrumb"},"inLanguage":"de","potentialAction":[{"@type":"ReadAction","target":["https:\/\/www.loire-gourmande.fr\/de\/Produkt\/chenin-sec-domaine-badiller-2023\/"]}]},{"@type":"ImageObject","inLanguage":"de","@id":"https:\/\/www.loire-gourmande.fr\/de\/Produkt\/chenin-sec-domaine-badiller-2023\/#primaryimage","url":"https:\/\/www.loire-gourmande.fr\/wp-content\/uploads\/2026\/04\/Blanc-Sec-Badiller.jpeg","contentUrl":"https:\/\/www.loire-gourmande.fr\/wp-content\/uploads\/2026\/04\/Blanc-Sec-Badiller.jpeg","width":918,"height":1072},{"@type":"BreadcrumbList","@id":"https:\/\/www.loire-gourmande.fr\/de\/Produkt\/chenin-sec-domaine-badiller-2023\/#breadcrumb","itemListElement":[{"@type":"ListItem","position":1,"name":"Startseite","item":"https:\/\/www.loire-gourmande.fr\/de\/"},{"@type":"ListItem","position":2,"name":"Die Boutique de Loire Gourmande: die Weine der Loire","item":"https:\/\/www.loire-gourmande.fr\/de\/woocommerce\/"},{"@type":"ListItem","position":3,"name":"CHENIN SEC DOMAINE BADILLER 2023"}]},{"@type":"WebSite","@id":"https:\/\/www.loire-gourmande.fr\/de\/#website","url":"https:\/\/www.loire-gourmande.fr\/de\/","name":"Loire Gourmande, une \u00e9tape savoureuse","description":"une d\u00e9gustation \u00e0 toute heure et une boutique \u00e0 visiter \u00e0 Turquant (49)","publisher":{"@id":"https:\/\/www.loire-gourmande.fr\/de\/#organization"},"potentialAction":[{"@type":"SearchAction","target":{"@type":"EntryPoint","urlTemplate":"https:\/\/www.loire-gourmande.fr\/de\/?s={search_term_string}"},"query-input":{"@type":"PropertyValueSpecification","valueRequired":true,"valueName":"search_term_string"}}],"inLanguage":"de"},{"@type":"Organization","@id":"https:\/\/www.loire-gourmande.fr\/de\/#organization","name":"Loire Gourmande - Schnellrestaurant und Besuch in Turquant (49)","url":"https:\/\/www.loire-gourmande.fr\/de\/","logo":{"@type":"ImageObject","inLanguage":"de","@id":"https:\/\/www.loire-gourmande.fr\/de\/#\/schema\/logo\/image\/","url":"https:\/\/www.loire-gourmande.fr\/wp-content\/uploads\/2020\/10\/loire-gourmande-logo.jpg","contentUrl":"https:\/\/www.loire-gourmande.fr\/wp-content\/uploads\/2020\/10\/loire-gourmande-logo.jpg","width":800,"height":415,"caption":"Loire Gourmande - Schnellrestaurant und Besuch in Turquant (49)"},"image":{"@id":"https:\/\/www.loire-gourmande.fr\/de\/#\/schema\/logo\/image\/"},"sameAs":["https:\/\/www.facebook.com\/Loire-Gourmande-Turquant-101991328328493\/","https:\/\/www.instagram.com\/jean_yves_auradon\/?igshid=1ta3mfjka326t"]}]}},"_links":{"self":[{"href":"https:\/\/www.loire-gourmande.fr\/de\/wp-json\/wp\/v2\/product\/14902","targetHints":{"allow":["GET"]}}],"collection":[{"href":"https:\/\/www.loire-gourmande.fr\/de\/wp-json\/wp\/v2\/product"}],"about":[{"href":"https:\/\/www.loire-gourmande.fr\/de\/wp-json\/wp\/v2\/types\/product"}],"version-history":[{"count":0,"href":"https:\/\/www.loire-gourmande.fr\/de\/wp-json\/wp\/v2\/product\/14902\/revisions"}],"wp:featuredmedia":[{"embeddable":true,"href":"https:\/\/www.loire-gourmande.fr\/de\/wp-json\/wp\/v2\/media\/14862"}],"wp:attachment":[{"href":"https:\/\/www.loire-gourmande.fr\/de\/wp-json\/wp\/v2\/media?parent=14902"}],"wp:term":[{"taxonomy":"product_brand","embeddable":true,"href":"https:\/\/www.loire-gourmande.fr\/de\/wp-json\/wp\/v2\/product_brand?post=14902"},{"taxonomy":"product_cat","embeddable":true,"href":"https:\/\/www.loire-gourmande.fr\/de\/wp-json\/wp\/v2\/product_cat?post=14902"},{"taxonomy":"product_tag","embeddable":true,"href":"https:\/\/www.loire-gourmande.fr\/de\/wp-json\/wp\/v2\/product_tag?post=14902"}],"curies":[{"name":"wp","href":"https:\/\/api.w.org\/{rel}","templated":true}]}}