{"id":14903,"date":"2026-05-03T17:03:06","date_gmt":"2026-05-03T16:03:06","guid":{"rendered":"https:\/\/www.loire-gourmande.fr\/produit\/einhorn-aop-saumur-clos-maurice\/"},"modified":"2026-05-04T19:07:42","modified_gmt":"2026-05-04T18:07:42","slug":"einhorn-aop-saumur-clos-maurice","status":"publish","type":"product","link":"https:\/\/www.loire-gourmande.fr\/de\/Produkt\/einhorn-aop-saumur-clos-maurice\/","title":{"rendered":"EINHORN AOP SAUMUR CLOS MAURICE"},"content":{"rendered":"<h2>AOP Saumur Blanc: Eleganz und Frische f\u00fcr diesen Chenin Blanc<\/h2>\n<p>Die Saumur Blanc Protected Designation of Origin (PDO) produziert einen unverzichtbaren wei\u00dfen Loire-Wein!<\/p>\n<ol>\n<li><strong>Geographische Lage<\/strong> : Die AOP Saumur Blanc befindet sich in der Loire-Region Frankreichs. Genauer gesagt umfasst er die Stadt Saumur und deren Umgebung im D\u00e9partement Maine-et-Loire. <\/li>\n<li><strong>Hauptrebsorten<\/strong> : Die K\u00f6nigsrebsorte der AOP Saumur Blanc ist Chenin Blanc, lokal &#8222;Pineau de la Loire&#8220; genannt. Diese Traubensorte bringt Aromen von wei\u00dfem Fruchtfleisch, Zitrusfr\u00fcchten und Honig sowie eine erfrischende S\u00e4ure. <\/li>\n<li><strong>Weinsorten<\/strong> : Der AOP Saumur Blanc ist bekannt f\u00fcr die Herstellung von trockenen Wei\u00dfweinen von gro\u00dfer Finesse. Diese Weine zeichnen sich durch ihr Gleichgewicht zwischen lebendiger S\u00e4ure und feinen Aromen aus. Die Bezeichnung erlaubt auch die Herstellung von Schaumweinen nach traditioneller Methode.  <\/li>\n<li><strong>Kalksteinterroir<\/strong> : Die Weinberge von Saumur Blanc profitieren von einem einzigartigen Terroir aus Kalksteinb\u00f6den, das den Weinen eine charakteristische Mineralit\u00e4t und gro\u00dfe Komplexit\u00e4t verleiht.<\/li>\n<li><strong>Vielseitigkeit<\/strong> : Die Trockenweine von Saumur Blanc sind vielseitig und k\u00f6nnen als Aperitif genossen werden, zusammen mit Meeresfr\u00fcchten, Fisch, Gefl\u00fcgelgerichten und sogar lokalen Ziegenk\u00e4se.<\/li>\n<li><strong>Aromatisch<\/strong> : Saumur Blanc Weine haben im Allgemeinen Aromen von wei\u00dfen Fr\u00fcchten, Zitrusfr\u00fcchten, wei\u00dfen Bl\u00fcten und Honig. Chenin Blanc bietet einen reichen und subtilen aromatischen Geschmack. <\/li>\n<li><strong>Reifungspotenzial<\/strong> : Die besten Saumur Blanc Weine k\u00f6nnen wundersch\u00f6n reifen und entwickeln im Laufe der Zeit komplexere Aromen und Noten von Honig und Trockenfr\u00fcchten.<\/li>\n<\/ol>\n<h2>Chenin, die Rebsorte f\u00fcr Weinliebhaber<\/h2>\n<p><strong>Das Chenin des Saumur<\/strong> ist ein wahrer Kern des Loiretals. In der <strong>Saumur-Appellation<\/strong> findet Chenin ein ideales Terroir aus Kalksteinb\u00f6den, die reich an Tuffe sind, was den Weinen eine beeindruckende Mineralit\u00e4t und bemerkenswerte Frische verleiht. <\/p>\n<p>Die Weine, die aus dieser Rebsorte in dieser Region hergestellt werden, zeichnen sich durch ihre Aromen von wei\u00dfen Bl\u00fcten, Apfeln, Birnen und Nuancen von Honig oder Bienenwachs aus, w\u00e4hrend sie altern. Ob trocken, zart halbtrocken oder sprudelnd \u2013 die Chenins de Saumur verbinden Finesse, lebendige S\u00e4ure und Komplexit\u00e4t und spiegeln dabei ihr Terroir perfekt wider. <\/p>\n<p>Es sind Weine von gro\u00dfer Haltbarkeit, perfekt zur Begleitung raffinierter Gerichte oder zum Alleingenossen \u2013 als Hommage an die Eleganz von Chenin!<\/p>\n<h2>Biodynamischer Anbau mit Demeter-Zertifizierung<\/h2>\n<p>Biodynamik ist ein ganzheitlicher und nachhaltiger landwirtschaftlicher Ansatz, der auf den Prinzipien des Agronomen Rudolf Steiner (1924) basiert. Sie betrachtet den Bauernhof oder Weinberg als lebendes Organismus, das im Gleichgewicht mit der Natur und den kosmischen Zyklen steht. Im Weinbau bedeutet das:  <\/p>\n<ul>\n<li>Die Verwendung <strong>biodynamischer Pr\u00e4parate,<\/strong> die auf Pflanzen, Kompost oder Mineralien basieren, um die Vitalit\u00e4t von Boden und Reben zu stimulieren.<\/li>\n<li>Pflanzenmanagement nach <strong>Mond- und Planetenkalendern<\/strong>, beeinflusst Arbeiten wie Schnitt, Aussaat oder Ernte.<\/li>\n<li>Das strikte Verbot synthetischer Chemikalien, um die Biodiversit\u00e4t und die Bodengesundheit zu erhalten.<\/li>\n<\/ul>\n<p><a href=\"https:\/\/www.demeter.fr\/produits\/vins-bieres-et-spiritueux\/\">Das Demeter-Label<\/a> garantiert, dass biodynamische Praktiken w\u00e4hrend des gesamten Produktionsprozesses \u2013 vom Boden bis zum Endprodukt \u2013 beachtet werden.<\/p>\n<h2>Saumur-Wei\u00dfwein: Frische, Eleganz und Ausgewogenheit<\/h2>\n<p><strong>Der Wei\u00dfwein aus Saumur<\/strong> ist einer der Sch\u00e4tze des Loire-Tals. Haupts\u00e4chlich aus der <strong>Sorte Chenin Blanc<\/strong> hergestellt, verf\u00fchrt sie mit ihrer Frische und Lebendigkeit und bietet dabei eine wundersch\u00f6ne aromatische Komplexit\u00e4t. Seine Noten von <strong>wei\u00dfen Bl\u00fcten, gelbfleischigen Fr\u00fcchten und Zitrusfr\u00fcchten<\/strong> weichen einer mineralischen Note, die das typische Kalksteinterroir der Region widerspiegelt.  <\/p>\n<p>Dieser ausgewogene Wein ist in verschiedenen Stilrichtungen erh\u00e4ltlich: von <strong>trockenem wei\u00dfen Saumur<\/strong> mit einer blassen und leuchtenden Farbe, perfekt f\u00fcr den Aperitif, bis hin zum <strong>strukturierteren wei\u00dfen Saumur<\/strong>, der eine vollst\u00e4ndige Mahlzeit elegant begleiten kann.<\/p>\n<h2>Was soll man mit einem Wei\u00dfwein-Saumur essen?<\/h2>\n<p>La fra\u00eecheur et la tension naturelle du <strong>vin blanc Saumur<\/strong> en font un alli\u00e9 de choix pour de nombreux plats :<\/p>\n<ul>\n<li><strong>Ziegenk\u00e4se<\/strong> (Chabichou, Valen\u00e7ay, Crottin de Chavignol): eine regionale Kombination, die die Mineralit\u00e4t des Weins hervorhebt.<\/li>\n<li><strong>Gegrillter Fisch oder Fisch in Zitronensauce<\/strong> : Die Lebendigkeit des Chenins erfrischt den Gaumen und unterstreicht die Finesse des Fisches.<\/li>\n<li><strong>Braten Sie Gefl\u00fcgel oder Gefl\u00fcgel in einer leichten So\u00dfe<\/strong> : ein subtiles Gleichgewicht zwischen Rundheit und Frische.<\/li>\n<li><strong>Risotto mit gr\u00fcnem Gem\u00fcse oder Spargel<\/strong> : Der Wein bringt Linderung und eine sch\u00f6ne L\u00e4nge im Mund.<\/li>\n<li><strong>Mildes Curry oder Garnelen-Tagine<\/strong> : ein harmonischer Kontrast zwischen Gew\u00fcrzen und S\u00e4ure.<\/li>\n<\/ul>\n<p>&nbsp;<\/p>\n","protected":false},"excerpt":{"rendered":"<h2>Wei\u00dfwein aus Saumur, ein Muss f\u00fcr Liebhaber von Finesse<\/h2>\n<p>Vielseitig, ausdrucksstark und stets elegant \u2013 <strong>Saumur-Blanc-Wein<\/strong> ist ein Wein zum Teilen. Ob er nun als Aperitif, bei einem Sommeressen oder bei einer raffinierten Mahlzeit genossen wird \u2013 er veranschaulicht perfekt das Loire-Know-how: <strong>Frische, Pr\u00e4zision und Ausgewogenheit<\/strong>. <\/p>\n<p>Le Clos Maurice ist ein 21 Hektar gro\u00dfes Weingut in den Appellationen Saumur Champigny, Saumur Rouge, Saumur Blanc, Cr\u00e9mant de Loire und Saumur Ros\u00e9.<\/p>\n<p>Seit 2012 von Ecocert auf Bio-Landwirtschaft zertifiziert, war diese Entwicklung eine offensichtliche Wahl. Der \u00dcbergang zu Bio erfordert mehr F\u00e4higkeiten, Personal und Pr\u00e4zision. Unser Ziel ist es, Ihnen hochwertige Weine anzubieten, die die Rebsorten und deren Terroirs ausdr\u00fccken.  <\/p>\n<p>Seit 2021 sind wir ein zertifiziertes biodynamisches Anwesen, das sowohl in den Weinbergen als auch im Keller verschiedene Herausforderungen mit sich gebracht hat. Biodynamik ist vor allem eine Philosophie. Wir versuchen, so nah wie m\u00f6glich an den nat\u00fcrlichen Zyklen der Rebe und der umgebenden Biodiversit\u00e4t zu sein. Vor allem ist es die Beobachtung der Lebenden und die Erwartung der Ungleichgewichte und Gesundheitsprobleme, unter denen die Rebe leiden wird, um unsere Anbaumethoden anzupassen. Es handelt sich auch um die Anwendung verschiedener energetisierter und pflanzenspezifischer Pr\u00e4parate, Boden- und Kulturpflanzen. Sie werden durch den Mondkalender bestimmt, um Trauben von optimaler Qualit\u00e4t zu erhalten. Wie bei der Bio-Zertifizierung sind auch die Dosierungen von Schwefel und Kupfer begrenzt. Im Keller werden auch die Sulfitdosen reduziert.       <\/p>\n","protected":false},"featured_media":14889,"template":"","meta":{"inline_featured_image":false},"product_brand":[],"product_cat":[602,603,660,608],"product_tag":[822,680,665,821,606],"class_list":{"0":"post-14903","1":"product","2":"type-product","3":"status-publish","4":"has-post-thumbnail","6":"product_cat-anjou-de","7":"product_cat-bio-wein","8":"product_cat-land-der-loire","9":"product_cat-weis","10":"product_tag-curry-doux-ou-tajine-de-crevettes","11":"product_tag-gegrillter-fisch","12":"product_tag-kalbs-oder-perlhuhnbraten","13":"product_tag-risotto-aux-legumes-verts-ou-asperges","14":"product_tag-ziegenkase","16":"first","17":"instock","18":"taxable","19":"shipping-taxable","20":"purchasable","21":"product-type-simple"},"yoast_head":"<!-- This site is optimized with the Yoast SEO plugin v27.6 - https:\/\/yoast.com\/product\/yoast-seo-wordpress\/ -->\n<title>EINHORN AOP SAUMUR CLOS MAURICE - Loire Gourmande - une \u00e9tape savoureuse<\/title>\n<meta name=\"robots\" content=\"index, follow, max-snippet:-1, max-image-preview:large, max-video-preview:-1\" \/>\n<link rel=\"canonical\" href=\"https:\/\/www.loire-gourmande.fr\/de\/Produkt\/einhorn-aop-saumur-clos-maurice\/\" \/>\n<meta property=\"og:locale\" content=\"de_DE\" \/>\n<meta property=\"og:type\" content=\"article\" \/>\n<meta property=\"og:title\" content=\"EINHORN AOP SAUMUR CLOS MAURICE - Loire Gourmande - une \u00e9tape savoureuse\" \/>\n<meta property=\"og:description\" content=\"Wei\u00dfwein aus Saumur, ein Muss f\u00fcr Liebhaber von Finesse Vielseitig, ausdrucksstark und stets elegant \u2013 Saumur-Blanc-Wein ist ein Wein zum Teilen. Ob er nun als Aperitif, bei einem Sommeressen oder bei einer raffinierten Mahlzeit genossen wird \u2013 er veranschaulicht perfekt das Loire-Know-how: Frische, Pr\u00e4zision und Ausgewogenheit.  Le Clos Maurice ist ein 21 Hektar gro\u00dfes Weingut in den Appellationen Saumur Champigny, Saumur Rouge, Saumur Blanc, Cr\u00e9mant de Loire und Saumur Ros\u00e9. Seit 2012 von Ecocert auf Bio-Landwirtschaft zertifiziert, war diese Entwicklung eine offensichtliche Wahl. Der \u00dcbergang zu Bio erfordert mehr F\u00e4higkeiten, Personal und Pr\u00e4zision. Unser Ziel ist es, Ihnen hochwertige Weine anzubieten, die die Rebsorten und deren Terroirs ausdr\u00fccken.  Seit 2021 sind wir ein zertifiziertes biodynamisches Anwesen, das sowohl in den Weinbergen als auch im Keller verschiedene Herausforderungen mit sich gebracht hat. Biodynamik ist vor allem eine Philosophie. Wir versuchen, so nah wie m\u00f6glich an den nat\u00fcrlichen Zyklen der Rebe und der umgebenden Biodiversit\u00e4t zu sein. Vor allem ist es die Beobachtung der Lebenden und die Erwartung der Ungleichgewichte und Gesundheitsprobleme, unter denen die Rebe leiden wird, um unsere Anbaumethoden anzupassen. Es handelt sich auch um die Anwendung verschiedener energetisierter und pflanzenspezifischer Pr\u00e4parate, Boden- und Kulturpflanzen. Sie werden durch den Mondkalender bestimmt, um Trauben von optimaler Qualit\u00e4t zu erhalten. Wie bei der Bio-Zertifizierung sind auch die Dosierungen von Schwefel und Kupfer begrenzt. Im Keller werden auch die Sulfitdosen reduziert.\" \/>\n<meta property=\"og:url\" content=\"https:\/\/www.loire-gourmande.fr\/de\/Produkt\/einhorn-aop-saumur-clos-maurice\/\" \/>\n<meta property=\"og:site_name\" content=\"Loire Gourmande - une \u00e9tape savoureuse\" \/>\n<meta property=\"article:publisher\" content=\"https:\/\/www.facebook.com\/Loire-Gourmande-Turquant-101991328328493\/\" \/>\n<meta property=\"article:modified_time\" content=\"2026-05-04T18:07:42+00:00\" \/>\n<meta property=\"og:image\" content=\"https:\/\/www.loire-gourmande.fr\/wp-content\/uploads\/2026\/05\/La-Licorbe-Clos-Maurice-1.jpg\" \/>\n\t<meta property=\"og:image:width\" content=\"1130\" \/>\n\t<meta property=\"og:image:height\" content=\"1218\" \/>\n\t<meta property=\"og:image:type\" content=\"image\/jpeg\" \/>\n<meta name=\"twitter:card\" content=\"summary_large_image\" \/>\n<meta name=\"twitter:label1\" content=\"Gesch\u00e4tzte Lesezeit\" \/>\n\t<meta name=\"twitter:data1\" content=\"4\u00a0Minuten\" \/>\n<script type=\"application\/ld+json\" class=\"yoast-schema-graph\">{\"@context\":\"https:\\\/\\\/schema.org\",\"@graph\":[{\"@type\":\"WebPage\",\"@id\":\"https:\\\/\\\/www.loire-gourmande.fr\\\/de\\\/Produkt\\\/einhorn-aop-saumur-clos-maurice\\\/\",\"url\":\"https:\\\/\\\/www.loire-gourmande.fr\\\/de\\\/Produkt\\\/einhorn-aop-saumur-clos-maurice\\\/\",\"name\":\"EINHORN AOP SAUMUR CLOS MAURICE - Loire Gourmande - une \u00e9tape savoureuse\",\"isPartOf\":{\"@id\":\"https:\\\/\\\/www.loire-gourmande.fr\\\/de\\\/#website\"},\"primaryImageOfPage\":{\"@id\":\"https:\\\/\\\/www.loire-gourmande.fr\\\/de\\\/Produkt\\\/einhorn-aop-saumur-clos-maurice\\\/#primaryimage\"},\"image\":{\"@id\":\"https:\\\/\\\/www.loire-gourmande.fr\\\/de\\\/Produkt\\\/einhorn-aop-saumur-clos-maurice\\\/#primaryimage\"},\"thumbnailUrl\":\"https:\\\/\\\/www.loire-gourmande.fr\\\/wp-content\\\/uploads\\\/2026\\\/05\\\/La-Licorbe-Clos-Maurice-1.jpg\",\"datePublished\":\"2026-05-03T16:03:06+00:00\",\"dateModified\":\"2026-05-04T18:07:42+00:00\",\"breadcrumb\":{\"@id\":\"https:\\\/\\\/www.loire-gourmande.fr\\\/de\\\/Produkt\\\/einhorn-aop-saumur-clos-maurice\\\/#breadcrumb\"},\"inLanguage\":\"de\",\"potentialAction\":[{\"@type\":\"ReadAction\",\"target\":[\"https:\\\/\\\/www.loire-gourmande.fr\\\/de\\\/Produkt\\\/einhorn-aop-saumur-clos-maurice\\\/\"]}]},{\"@type\":\"ImageObject\",\"inLanguage\":\"de\",\"@id\":\"https:\\\/\\\/www.loire-gourmande.fr\\\/de\\\/Produkt\\\/einhorn-aop-saumur-clos-maurice\\\/#primaryimage\",\"url\":\"https:\\\/\\\/www.loire-gourmande.fr\\\/wp-content\\\/uploads\\\/2026\\\/05\\\/La-Licorbe-Clos-Maurice-1.jpg\",\"contentUrl\":\"https:\\\/\\\/www.loire-gourmande.fr\\\/wp-content\\\/uploads\\\/2026\\\/05\\\/La-Licorbe-Clos-Maurice-1.jpg\",\"width\":1130,\"height\":1218},{\"@type\":\"BreadcrumbList\",\"@id\":\"https:\\\/\\\/www.loire-gourmande.fr\\\/de\\\/Produkt\\\/einhorn-aop-saumur-clos-maurice\\\/#breadcrumb\",\"itemListElement\":[{\"@type\":\"ListItem\",\"position\":1,\"name\":\"Startseite\",\"item\":\"https:\\\/\\\/www.loire-gourmande.fr\\\/de\\\/\"},{\"@type\":\"ListItem\",\"position\":2,\"name\":\"Die Boutique de Loire Gourmande: die Weine der Loire\",\"item\":\"https:\\\/\\\/www.loire-gourmande.fr\\\/de\\\/woocommerce\\\/\"},{\"@type\":\"ListItem\",\"position\":3,\"name\":\"Die Weine\",\"item\":\"https:\\\/\\\/www.loire-gourmande.fr\\\/de\\\/Produktkategorie\\\/die-weine\\\/\"},{\"@type\":\"ListItem\",\"position\":4,\"name\":\"Bio Wein\",\"item\":\"https:\\\/\\\/www.loire-gourmande.fr\\\/de\\\/Produktkategorie\\\/die-weine\\\/bio-wein\\\/\"},{\"@type\":\"ListItem\",\"position\":5,\"name\":\"EINHORN AOP SAUMUR CLOS MAURICE\"}]},{\"@type\":\"WebSite\",\"@id\":\"https:\\\/\\\/www.loire-gourmande.fr\\\/de\\\/#website\",\"url\":\"https:\\\/\\\/www.loire-gourmande.fr\\\/de\\\/\",\"name\":\"Loire Gourmande, une \u00e9tape savoureuse\",\"description\":\"une d\u00e9gustation \u00e0 toute heure et une boutique \u00e0 visiter \u00e0 Turquant (49)\",\"publisher\":{\"@id\":\"https:\\\/\\\/www.loire-gourmande.fr\\\/de\\\/#organization\"},\"potentialAction\":[{\"@type\":\"SearchAction\",\"target\":{\"@type\":\"EntryPoint\",\"urlTemplate\":\"https:\\\/\\\/www.loire-gourmande.fr\\\/de\\\/?s={search_term_string}\"},\"query-input\":{\"@type\":\"PropertyValueSpecification\",\"valueRequired\":true,\"valueName\":\"search_term_string\"}}],\"inLanguage\":\"de\"},{\"@type\":\"Organization\",\"@id\":\"https:\\\/\\\/www.loire-gourmande.fr\\\/de\\\/#organization\",\"name\":\"Loire Gourmande - Schnellrestaurant und Besuch in Turquant (49)\",\"url\":\"https:\\\/\\\/www.loire-gourmande.fr\\\/de\\\/\",\"logo\":{\"@type\":\"ImageObject\",\"inLanguage\":\"de\",\"@id\":\"https:\\\/\\\/www.loire-gourmande.fr\\\/de\\\/#\\\/schema\\\/logo\\\/image\\\/\",\"url\":\"https:\\\/\\\/www.loire-gourmande.fr\\\/wp-content\\\/uploads\\\/2020\\\/10\\\/loire-gourmande-logo.jpg\",\"contentUrl\":\"https:\\\/\\\/www.loire-gourmande.fr\\\/wp-content\\\/uploads\\\/2020\\\/10\\\/loire-gourmande-logo.jpg\",\"width\":800,\"height\":415,\"caption\":\"Loire Gourmande - Schnellrestaurant und Besuch in Turquant (49)\"},\"image\":{\"@id\":\"https:\\\/\\\/www.loire-gourmande.fr\\\/de\\\/#\\\/schema\\\/logo\\\/image\\\/\"},\"sameAs\":[\"https:\\\/\\\/www.facebook.com\\\/Loire-Gourmande-Turquant-101991328328493\\\/\",\"https:\\\/\\\/www.instagram.com\\\/jean_yves_auradon\\\/?igshid=1ta3mfjka326t\"]}]}<\/script>\n<!-- \/ Yoast SEO plugin. -->","yoast_head_json":{"title":"EINHORN AOP SAUMUR CLOS MAURICE - Loire Gourmande - une \u00e9tape savoureuse","robots":{"index":"index","follow":"follow","max-snippet":"max-snippet:-1","max-image-preview":"max-image-preview:large","max-video-preview":"max-video-preview:-1"},"canonical":"https:\/\/www.loire-gourmande.fr\/de\/Produkt\/einhorn-aop-saumur-clos-maurice\/","og_locale":"de_DE","og_type":"article","og_title":"EINHORN AOP SAUMUR CLOS MAURICE - Loire Gourmande - une \u00e9tape savoureuse","og_description":"Wei\u00dfwein aus Saumur, ein Muss f\u00fcr Liebhaber von Finesse Vielseitig, ausdrucksstark und stets elegant \u2013 Saumur-Blanc-Wein ist ein Wein zum Teilen. Ob er nun als Aperitif, bei einem Sommeressen oder bei einer raffinierten Mahlzeit genossen wird \u2013 er veranschaulicht perfekt das Loire-Know-how: Frische, Pr\u00e4zision und Ausgewogenheit.  Le Clos Maurice ist ein 21 Hektar gro\u00dfes Weingut in den Appellationen Saumur Champigny, Saumur Rouge, Saumur Blanc, Cr\u00e9mant de Loire und Saumur Ros\u00e9. Seit 2012 von Ecocert auf Bio-Landwirtschaft zertifiziert, war diese Entwicklung eine offensichtliche Wahl. Der \u00dcbergang zu Bio erfordert mehr F\u00e4higkeiten, Personal und Pr\u00e4zision. Unser Ziel ist es, Ihnen hochwertige Weine anzubieten, die die Rebsorten und deren Terroirs ausdr\u00fccken.  Seit 2021 sind wir ein zertifiziertes biodynamisches Anwesen, das sowohl in den Weinbergen als auch im Keller verschiedene Herausforderungen mit sich gebracht hat. Biodynamik ist vor allem eine Philosophie. Wir versuchen, so nah wie m\u00f6glich an den nat\u00fcrlichen Zyklen der Rebe und der umgebenden Biodiversit\u00e4t zu sein. Vor allem ist es die Beobachtung der Lebenden und die Erwartung der Ungleichgewichte und Gesundheitsprobleme, unter denen die Rebe leiden wird, um unsere Anbaumethoden anzupassen. Es handelt sich auch um die Anwendung verschiedener energetisierter und pflanzenspezifischer Pr\u00e4parate, Boden- und Kulturpflanzen. Sie werden durch den Mondkalender bestimmt, um Trauben von optimaler Qualit\u00e4t zu erhalten. Wie bei der Bio-Zertifizierung sind auch die Dosierungen von Schwefel und Kupfer begrenzt. Im Keller werden auch die Sulfitdosen reduziert.","og_url":"https:\/\/www.loire-gourmande.fr\/de\/Produkt\/einhorn-aop-saumur-clos-maurice\/","og_site_name":"Loire Gourmande - une \u00e9tape savoureuse","article_publisher":"https:\/\/www.facebook.com\/Loire-Gourmande-Turquant-101991328328493\/","article_modified_time":"2026-05-04T18:07:42+00:00","og_image":[{"width":1130,"height":1218,"url":"https:\/\/www.loire-gourmande.fr\/wp-content\/uploads\/2026\/05\/La-Licorbe-Clos-Maurice-1.jpg","type":"image\/jpeg"}],"twitter_card":"summary_large_image","twitter_misc":{"Gesch\u00e4tzte Lesezeit":"4\u00a0Minuten"},"schema":{"@context":"https:\/\/schema.org","@graph":[{"@type":"WebPage","@id":"https:\/\/www.loire-gourmande.fr\/de\/Produkt\/einhorn-aop-saumur-clos-maurice\/","url":"https:\/\/www.loire-gourmande.fr\/de\/Produkt\/einhorn-aop-saumur-clos-maurice\/","name":"EINHORN AOP SAUMUR CLOS MAURICE - Loire Gourmande - une \u00e9tape savoureuse","isPartOf":{"@id":"https:\/\/www.loire-gourmande.fr\/de\/#website"},"primaryImageOfPage":{"@id":"https:\/\/www.loire-gourmande.fr\/de\/Produkt\/einhorn-aop-saumur-clos-maurice\/#primaryimage"},"image":{"@id":"https:\/\/www.loire-gourmande.fr\/de\/Produkt\/einhorn-aop-saumur-clos-maurice\/#primaryimage"},"thumbnailUrl":"https:\/\/www.loire-gourmande.fr\/wp-content\/uploads\/2026\/05\/La-Licorbe-Clos-Maurice-1.jpg","datePublished":"2026-05-03T16:03:06+00:00","dateModified":"2026-05-04T18:07:42+00:00","breadcrumb":{"@id":"https:\/\/www.loire-gourmande.fr\/de\/Produkt\/einhorn-aop-saumur-clos-maurice\/#breadcrumb"},"inLanguage":"de","potentialAction":[{"@type":"ReadAction","target":["https:\/\/www.loire-gourmande.fr\/de\/Produkt\/einhorn-aop-saumur-clos-maurice\/"]}]},{"@type":"ImageObject","inLanguage":"de","@id":"https:\/\/www.loire-gourmande.fr\/de\/Produkt\/einhorn-aop-saumur-clos-maurice\/#primaryimage","url":"https:\/\/www.loire-gourmande.fr\/wp-content\/uploads\/2026\/05\/La-Licorbe-Clos-Maurice-1.jpg","contentUrl":"https:\/\/www.loire-gourmande.fr\/wp-content\/uploads\/2026\/05\/La-Licorbe-Clos-Maurice-1.jpg","width":1130,"height":1218},{"@type":"BreadcrumbList","@id":"https:\/\/www.loire-gourmande.fr\/de\/Produkt\/einhorn-aop-saumur-clos-maurice\/#breadcrumb","itemListElement":[{"@type":"ListItem","position":1,"name":"Startseite","item":"https:\/\/www.loire-gourmande.fr\/de\/"},{"@type":"ListItem","position":2,"name":"Die Boutique de Loire Gourmande: die Weine der Loire","item":"https:\/\/www.loire-gourmande.fr\/de\/woocommerce\/"},{"@type":"ListItem","position":3,"name":"Die Weine","item":"https:\/\/www.loire-gourmande.fr\/de\/Produktkategorie\/die-weine\/"},{"@type":"ListItem","position":4,"name":"Bio Wein","item":"https:\/\/www.loire-gourmande.fr\/de\/Produktkategorie\/die-weine\/bio-wein\/"},{"@type":"ListItem","position":5,"name":"EINHORN AOP SAUMUR CLOS MAURICE"}]},{"@type":"WebSite","@id":"https:\/\/www.loire-gourmande.fr\/de\/#website","url":"https:\/\/www.loire-gourmande.fr\/de\/","name":"Loire Gourmande, une \u00e9tape savoureuse","description":"une d\u00e9gustation \u00e0 toute heure et une boutique \u00e0 visiter \u00e0 Turquant (49)","publisher":{"@id":"https:\/\/www.loire-gourmande.fr\/de\/#organization"},"potentialAction":[{"@type":"SearchAction","target":{"@type":"EntryPoint","urlTemplate":"https:\/\/www.loire-gourmande.fr\/de\/?s={search_term_string}"},"query-input":{"@type":"PropertyValueSpecification","valueRequired":true,"valueName":"search_term_string"}}],"inLanguage":"de"},{"@type":"Organization","@id":"https:\/\/www.loire-gourmande.fr\/de\/#organization","name":"Loire Gourmande - Schnellrestaurant und Besuch in Turquant (49)","url":"https:\/\/www.loire-gourmande.fr\/de\/","logo":{"@type":"ImageObject","inLanguage":"de","@id":"https:\/\/www.loire-gourmande.fr\/de\/#\/schema\/logo\/image\/","url":"https:\/\/www.loire-gourmande.fr\/wp-content\/uploads\/2020\/10\/loire-gourmande-logo.jpg","contentUrl":"https:\/\/www.loire-gourmande.fr\/wp-content\/uploads\/2020\/10\/loire-gourmande-logo.jpg","width":800,"height":415,"caption":"Loire Gourmande - Schnellrestaurant und Besuch in Turquant (49)"},"image":{"@id":"https:\/\/www.loire-gourmande.fr\/de\/#\/schema\/logo\/image\/"},"sameAs":["https:\/\/www.facebook.com\/Loire-Gourmande-Turquant-101991328328493\/","https:\/\/www.instagram.com\/jean_yves_auradon\/?igshid=1ta3mfjka326t"]}]}},"_links":{"self":[{"href":"https:\/\/www.loire-gourmande.fr\/de\/wp-json\/wp\/v2\/product\/14903","targetHints":{"allow":["GET"]}}],"collection":[{"href":"https:\/\/www.loire-gourmande.fr\/de\/wp-json\/wp\/v2\/product"}],"about":[{"href":"https:\/\/www.loire-gourmande.fr\/de\/wp-json\/wp\/v2\/types\/product"}],"version-history":[{"count":1,"href":"https:\/\/www.loire-gourmande.fr\/de\/wp-json\/wp\/v2\/product\/14903\/revisions"}],"predecessor-version":[{"id":14931,"href":"https:\/\/www.loire-gourmande.fr\/de\/wp-json\/wp\/v2\/product\/14903\/revisions\/14931"}],"wp:featuredmedia":[{"embeddable":true,"href":"https:\/\/www.loire-gourmande.fr\/de\/wp-json\/wp\/v2\/media\/14889"}],"wp:attachment":[{"href":"https:\/\/www.loire-gourmande.fr\/de\/wp-json\/wp\/v2\/media?parent=14903"}],"wp:term":[{"taxonomy":"product_brand","embeddable":true,"href":"https:\/\/www.loire-gourmande.fr\/de\/wp-json\/wp\/v2\/product_brand?post=14903"},{"taxonomy":"product_cat","embeddable":true,"href":"https:\/\/www.loire-gourmande.fr\/de\/wp-json\/wp\/v2\/product_cat?post=14903"},{"taxonomy":"product_tag","embeddable":true,"href":"https:\/\/www.loire-gourmande.fr\/de\/wp-json\/wp\/v2\/product_tag?post=14903"}],"curies":[{"name":"wp","href":"https:\/\/api.w.org\/{rel}","templated":true}]}}