{"id":14988,"date":"2026-05-05T06:17:10","date_gmt":"2026-05-05T05:17:10","guid":{"rendered":"https:\/\/www.loire-gourmande.fr\/produit\/lamelie-saumur-blanc-domaine-de-la-fessardiere\/"},"modified":"2026-05-05T06:17:10","modified_gmt":"2026-05-05T05:17:10","slug":"lamelie-saumur-blanc-domaine-de-la-fessardiere","status":"publish","type":"product","link":"https:\/\/www.loire-gourmande.fr\/de\/Produkt\/lamelie-saumur-blanc-domaine-de-la-fessardiere\/","title":{"rendered":"L&#8217;AM\u00c9LIE SAUMUR BLANC DOMAINE DE LA FESSARDI\u00c8RE"},"content":{"rendered":"<div class=\"\">\n<div class=\"uppercase font-semibold font-din2014narrow\">WEINHERSTELLUNG<\/div>\n<div>\n<p>Zweite Sortierung im Chenin, um goldene Trauben zu ernten. Die Reifung erfolgt in 400-Liter-F\u00e4ssern auf feinen Leesen f\u00fcr 8 bis 9 Monate. <\/p>\n<\/div>\n<\/div>\n<div class=\"\">\n<div class=\"uppercase font-semibold font-din2014narrow\">VERKOSTUNG<\/div>\n<div>\n<p>Klare goldene Farbe. Komplexe Nase aus Bl\u00fcten und Zitrusfr\u00fcchten. Lebendig und fruchtig im Gaumen, getragen von einer eleganten Holzigkeit. Die Am\u00e9lie verdankt ihren Namen der ersten Fregatte, auf der der Schiffsmaat Abel Aubert Du Petit Thouars an <i><em>Bord war (siehe The Estate).<\/em><\/i>   <\/p>\n<\/div>\n<\/div>\n<div class=\"!border-none\">\n<div class=\"uppercase font-semibold font-din2014narrow\">SERVICE UND VEREINBARUNGEN<\/div>\n<div>\n<p>Dieser harmonische Wein kann ab 12\u00b0 als Aperitif serviert werden, er passt sehr gut zu wei\u00dfem Fleisch wie Kalbschnitzel mit Sahne und kleinen wei\u00dfen Pilzen und passt hervorragend zu Ziegenk\u00e4se aus der Region. Bis zu 5 Jahre aufbewahrt. <\/p>\n<\/div>\n<\/div>\n","protected":false},"excerpt":{"rendered":"<p>Das Ch\u00e2teau de la Fessardi\u00e8re, erbaut im siebzehnten Jahrhundert, beherbergt unter seiner gro\u00dfen Terrasse den Eingang zum \u00e4lteren Weinkeller, der sich unter den Reben am hinteren Ende der Burg erstreckt. Der Keller wurde so gestaltet, dass er die Trauben aufnehmen und verwinnen sollte; seine Konstruktion besteht aus Gew\u00f6lben und Kuppeln und enth\u00e4lt imposante Becken, die in den Tufstein gegraben sind. <\/p>\n","protected":false},"featured_media":14962,"template":"","meta":{"inline_featured_image":false},"product_brand":[],"product_cat":[602,660,608],"product_tag":[626,663,833],"class_list":{"0":"post-14988","1":"product","2":"type-product","3":"status-publish","4":"has-post-thumbnail","6":"product_cat-anjou-de","7":"product_cat-land-der-loire","8":"product_cat-weis","9":"product_tag-aperitif-kase-aufschnitt-de","10":"product_tag-weises-fleisch","11":"product_tag-ziegenkase-2","13":"first","14":"instock","15":"taxable","16":"shipping-taxable","17":"purchasable","18":"product-type-simple"},"yoast_head":"<!-- This site is optimized with the Yoast SEO plugin v27.6 - https:\/\/yoast.com\/product\/yoast-seo-wordpress\/ -->\n<title>L&#039;AM\u00c9LIE SAUMUR BLANC DOMAINE DE LA FESSARDI\u00c8RE - Loire Gourmande - une \u00e9tape savoureuse<\/title>\n<meta name=\"robots\" content=\"index, follow, max-snippet:-1, max-image-preview:large, max-video-preview:-1\" \/>\n<link rel=\"canonical\" href=\"https:\/\/www.loire-gourmande.fr\/de\/Produkt\/lamelie-saumur-blanc-domaine-de-la-fessardiere\/\" \/>\n<meta property=\"og:locale\" content=\"de_DE\" \/>\n<meta property=\"og:type\" content=\"article\" \/>\n<meta property=\"og:title\" content=\"L&#039;AM\u00c9LIE SAUMUR BLANC DOMAINE DE LA FESSARDI\u00c8RE - Loire Gourmande - une \u00e9tape savoureuse\" \/>\n<meta property=\"og:description\" content=\"Das Ch\u00e2teau de la Fessardi\u00e8re, erbaut im siebzehnten Jahrhundert, beherbergt unter seiner gro\u00dfen Terrasse den Eingang zum \u00e4lteren Weinkeller, der sich unter den Reben am hinteren Ende der Burg erstreckt. Der Keller wurde so gestaltet, dass er die Trauben aufnehmen und verwinnen sollte; seine Konstruktion besteht aus Gew\u00f6lben und Kuppeln und enth\u00e4lt imposante Becken, die in den Tufstein gegraben sind.\" \/>\n<meta property=\"og:url\" content=\"https:\/\/www.loire-gourmande.fr\/de\/Produkt\/lamelie-saumur-blanc-domaine-de-la-fessardiere\/\" \/>\n<meta property=\"og:site_name\" content=\"Loire Gourmande - une \u00e9tape savoureuse\" \/>\n<meta property=\"article:publisher\" content=\"https:\/\/www.facebook.com\/Loire-Gourmande-Turquant-101991328328493\/\" \/>\n<meta property=\"og:image\" content=\"https:\/\/www.loire-gourmande.fr\/wp-content\/uploads\/2026\/05\/Amelie-Fessardiere-blanc.jpg\" \/>\n\t<meta property=\"og:image:width\" content=\"800\" \/>\n\t<meta property=\"og:image:height\" content=\"800\" \/>\n\t<meta property=\"og:image:type\" content=\"image\/jpeg\" \/>\n<meta name=\"twitter:card\" content=\"summary_large_image\" \/>\n<meta name=\"twitter:label1\" content=\"Gesch\u00e4tzte Lesezeit\" \/>\n\t<meta name=\"twitter:data1\" content=\"1\u00a0Minute\" \/>\n<script type=\"application\/ld+json\" class=\"yoast-schema-graph\">{\"@context\":\"https:\\\/\\\/schema.org\",\"@graph\":[{\"@type\":\"WebPage\",\"@id\":\"https:\\\/\\\/www.loire-gourmande.fr\\\/de\\\/Produkt\\\/lamelie-saumur-blanc-domaine-de-la-fessardiere\\\/\",\"url\":\"https:\\\/\\\/www.loire-gourmande.fr\\\/de\\\/Produkt\\\/lamelie-saumur-blanc-domaine-de-la-fessardiere\\\/\",\"name\":\"L'AM\u00c9LIE SAUMUR BLANC DOMAINE DE LA FESSARDI\u00c8RE - Loire Gourmande - une \u00e9tape savoureuse\",\"isPartOf\":{\"@id\":\"https:\\\/\\\/www.loire-gourmande.fr\\\/de\\\/#website\"},\"primaryImageOfPage\":{\"@id\":\"https:\\\/\\\/www.loire-gourmande.fr\\\/de\\\/Produkt\\\/lamelie-saumur-blanc-domaine-de-la-fessardiere\\\/#primaryimage\"},\"image\":{\"@id\":\"https:\\\/\\\/www.loire-gourmande.fr\\\/de\\\/Produkt\\\/lamelie-saumur-blanc-domaine-de-la-fessardiere\\\/#primaryimage\"},\"thumbnailUrl\":\"https:\\\/\\\/www.loire-gourmande.fr\\\/wp-content\\\/uploads\\\/2026\\\/05\\\/Amelie-Fessardiere-blanc.jpg\",\"datePublished\":\"2026-05-05T05:17:10+00:00\",\"breadcrumb\":{\"@id\":\"https:\\\/\\\/www.loire-gourmande.fr\\\/de\\\/Produkt\\\/lamelie-saumur-blanc-domaine-de-la-fessardiere\\\/#breadcrumb\"},\"inLanguage\":\"de\",\"potentialAction\":[{\"@type\":\"ReadAction\",\"target\":[\"https:\\\/\\\/www.loire-gourmande.fr\\\/de\\\/Produkt\\\/lamelie-saumur-blanc-domaine-de-la-fessardiere\\\/\"]}]},{\"@type\":\"ImageObject\",\"inLanguage\":\"de\",\"@id\":\"https:\\\/\\\/www.loire-gourmande.fr\\\/de\\\/Produkt\\\/lamelie-saumur-blanc-domaine-de-la-fessardiere\\\/#primaryimage\",\"url\":\"https:\\\/\\\/www.loire-gourmande.fr\\\/wp-content\\\/uploads\\\/2026\\\/05\\\/Amelie-Fessardiere-blanc.jpg\",\"contentUrl\":\"https:\\\/\\\/www.loire-gourmande.fr\\\/wp-content\\\/uploads\\\/2026\\\/05\\\/Amelie-Fessardiere-blanc.jpg\",\"width\":800,\"height\":800},{\"@type\":\"BreadcrumbList\",\"@id\":\"https:\\\/\\\/www.loire-gourmande.fr\\\/de\\\/Produkt\\\/lamelie-saumur-blanc-domaine-de-la-fessardiere\\\/#breadcrumb\",\"itemListElement\":[{\"@type\":\"ListItem\",\"position\":1,\"name\":\"Startseite\",\"item\":\"https:\\\/\\\/www.loire-gourmande.fr\\\/de\\\/\"},{\"@type\":\"ListItem\",\"position\":2,\"name\":\"Die Boutique de Loire Gourmande: die Weine der Loire\",\"item\":\"https:\\\/\\\/www.loire-gourmande.fr\\\/de\\\/woocommerce\\\/\"},{\"@type\":\"ListItem\",\"position\":3,\"name\":\"L&#8217;AM\u00c9LIE SAUMUR BLANC DOMAINE DE LA FESSARDI\u00c8RE\"}]},{\"@type\":\"WebSite\",\"@id\":\"https:\\\/\\\/www.loire-gourmande.fr\\\/de\\\/#website\",\"url\":\"https:\\\/\\\/www.loire-gourmande.fr\\\/de\\\/\",\"name\":\"Loire Gourmande, une \u00e9tape savoureuse\",\"description\":\"une d\u00e9gustation \u00e0 toute heure et une boutique \u00e0 visiter \u00e0 Turquant (49)\",\"publisher\":{\"@id\":\"https:\\\/\\\/www.loire-gourmande.fr\\\/de\\\/#organization\"},\"potentialAction\":[{\"@type\":\"SearchAction\",\"target\":{\"@type\":\"EntryPoint\",\"urlTemplate\":\"https:\\\/\\\/www.loire-gourmande.fr\\\/de\\\/?s={search_term_string}\"},\"query-input\":{\"@type\":\"PropertyValueSpecification\",\"valueRequired\":true,\"valueName\":\"search_term_string\"}}],\"inLanguage\":\"de\"},{\"@type\":\"Organization\",\"@id\":\"https:\\\/\\\/www.loire-gourmande.fr\\\/de\\\/#organization\",\"name\":\"Loire Gourmande - Schnellrestaurant und Besuch in Turquant (49)\",\"url\":\"https:\\\/\\\/www.loire-gourmande.fr\\\/de\\\/\",\"logo\":{\"@type\":\"ImageObject\",\"inLanguage\":\"de\",\"@id\":\"https:\\\/\\\/www.loire-gourmande.fr\\\/de\\\/#\\\/schema\\\/logo\\\/image\\\/\",\"url\":\"https:\\\/\\\/www.loire-gourmande.fr\\\/wp-content\\\/uploads\\\/2020\\\/10\\\/loire-gourmande-logo.jpg\",\"contentUrl\":\"https:\\\/\\\/www.loire-gourmande.fr\\\/wp-content\\\/uploads\\\/2020\\\/10\\\/loire-gourmande-logo.jpg\",\"width\":800,\"height\":415,\"caption\":\"Loire Gourmande - Schnellrestaurant und Besuch in Turquant (49)\"},\"image\":{\"@id\":\"https:\\\/\\\/www.loire-gourmande.fr\\\/de\\\/#\\\/schema\\\/logo\\\/image\\\/\"},\"sameAs\":[\"https:\\\/\\\/www.facebook.com\\\/Loire-Gourmande-Turquant-101991328328493\\\/\",\"https:\\\/\\\/www.instagram.com\\\/jean_yves_auradon\\\/?igshid=1ta3mfjka326t\"]}]}<\/script>\n<!-- \/ Yoast SEO plugin. -->","yoast_head_json":{"title":"L'AM\u00c9LIE SAUMUR BLANC DOMAINE DE LA FESSARDI\u00c8RE - Loire Gourmande - une \u00e9tape savoureuse","robots":{"index":"index","follow":"follow","max-snippet":"max-snippet:-1","max-image-preview":"max-image-preview:large","max-video-preview":"max-video-preview:-1"},"canonical":"https:\/\/www.loire-gourmande.fr\/de\/Produkt\/lamelie-saumur-blanc-domaine-de-la-fessardiere\/","og_locale":"de_DE","og_type":"article","og_title":"L'AM\u00c9LIE SAUMUR BLANC DOMAINE DE LA FESSARDI\u00c8RE - Loire Gourmande - une \u00e9tape savoureuse","og_description":"Das Ch\u00e2teau de la Fessardi\u00e8re, erbaut im siebzehnten Jahrhundert, beherbergt unter seiner gro\u00dfen Terrasse den Eingang zum \u00e4lteren Weinkeller, der sich unter den Reben am hinteren Ende der Burg erstreckt. Der Keller wurde so gestaltet, dass er die Trauben aufnehmen und verwinnen sollte; seine Konstruktion besteht aus Gew\u00f6lben und Kuppeln und enth\u00e4lt imposante Becken, die in den Tufstein gegraben sind.","og_url":"https:\/\/www.loire-gourmande.fr\/de\/Produkt\/lamelie-saumur-blanc-domaine-de-la-fessardiere\/","og_site_name":"Loire Gourmande - une \u00e9tape savoureuse","article_publisher":"https:\/\/www.facebook.com\/Loire-Gourmande-Turquant-101991328328493\/","og_image":[{"width":800,"height":800,"url":"https:\/\/www.loire-gourmande.fr\/wp-content\/uploads\/2026\/05\/Amelie-Fessardiere-blanc.jpg","type":"image\/jpeg"}],"twitter_card":"summary_large_image","twitter_misc":{"Gesch\u00e4tzte Lesezeit":"1\u00a0Minute"},"schema":{"@context":"https:\/\/schema.org","@graph":[{"@type":"WebPage","@id":"https:\/\/www.loire-gourmande.fr\/de\/Produkt\/lamelie-saumur-blanc-domaine-de-la-fessardiere\/","url":"https:\/\/www.loire-gourmande.fr\/de\/Produkt\/lamelie-saumur-blanc-domaine-de-la-fessardiere\/","name":"L'AM\u00c9LIE SAUMUR BLANC DOMAINE DE LA FESSARDI\u00c8RE - Loire Gourmande - une \u00e9tape savoureuse","isPartOf":{"@id":"https:\/\/www.loire-gourmande.fr\/de\/#website"},"primaryImageOfPage":{"@id":"https:\/\/www.loire-gourmande.fr\/de\/Produkt\/lamelie-saumur-blanc-domaine-de-la-fessardiere\/#primaryimage"},"image":{"@id":"https:\/\/www.loire-gourmande.fr\/de\/Produkt\/lamelie-saumur-blanc-domaine-de-la-fessardiere\/#primaryimage"},"thumbnailUrl":"https:\/\/www.loire-gourmande.fr\/wp-content\/uploads\/2026\/05\/Amelie-Fessardiere-blanc.jpg","datePublished":"2026-05-05T05:17:10+00:00","breadcrumb":{"@id":"https:\/\/www.loire-gourmande.fr\/de\/Produkt\/lamelie-saumur-blanc-domaine-de-la-fessardiere\/#breadcrumb"},"inLanguage":"de","potentialAction":[{"@type":"ReadAction","target":["https:\/\/www.loire-gourmande.fr\/de\/Produkt\/lamelie-saumur-blanc-domaine-de-la-fessardiere\/"]}]},{"@type":"ImageObject","inLanguage":"de","@id":"https:\/\/www.loire-gourmande.fr\/de\/Produkt\/lamelie-saumur-blanc-domaine-de-la-fessardiere\/#primaryimage","url":"https:\/\/www.loire-gourmande.fr\/wp-content\/uploads\/2026\/05\/Amelie-Fessardiere-blanc.jpg","contentUrl":"https:\/\/www.loire-gourmande.fr\/wp-content\/uploads\/2026\/05\/Amelie-Fessardiere-blanc.jpg","width":800,"height":800},{"@type":"BreadcrumbList","@id":"https:\/\/www.loire-gourmande.fr\/de\/Produkt\/lamelie-saumur-blanc-domaine-de-la-fessardiere\/#breadcrumb","itemListElement":[{"@type":"ListItem","position":1,"name":"Startseite","item":"https:\/\/www.loire-gourmande.fr\/de\/"},{"@type":"ListItem","position":2,"name":"Die Boutique de Loire Gourmande: die Weine der Loire","item":"https:\/\/www.loire-gourmande.fr\/de\/woocommerce\/"},{"@type":"ListItem","position":3,"name":"L&#8217;AM\u00c9LIE SAUMUR BLANC DOMAINE DE LA FESSARDI\u00c8RE"}]},{"@type":"WebSite","@id":"https:\/\/www.loire-gourmande.fr\/de\/#website","url":"https:\/\/www.loire-gourmande.fr\/de\/","name":"Loire Gourmande, une \u00e9tape savoureuse","description":"une d\u00e9gustation \u00e0 toute heure et une boutique \u00e0 visiter \u00e0 Turquant (49)","publisher":{"@id":"https:\/\/www.loire-gourmande.fr\/de\/#organization"},"potentialAction":[{"@type":"SearchAction","target":{"@type":"EntryPoint","urlTemplate":"https:\/\/www.loire-gourmande.fr\/de\/?s={search_term_string}"},"query-input":{"@type":"PropertyValueSpecification","valueRequired":true,"valueName":"search_term_string"}}],"inLanguage":"de"},{"@type":"Organization","@id":"https:\/\/www.loire-gourmande.fr\/de\/#organization","name":"Loire Gourmande - Schnellrestaurant und Besuch in Turquant (49)","url":"https:\/\/www.loire-gourmande.fr\/de\/","logo":{"@type":"ImageObject","inLanguage":"de","@id":"https:\/\/www.loire-gourmande.fr\/de\/#\/schema\/logo\/image\/","url":"https:\/\/www.loire-gourmande.fr\/wp-content\/uploads\/2020\/10\/loire-gourmande-logo.jpg","contentUrl":"https:\/\/www.loire-gourmande.fr\/wp-content\/uploads\/2020\/10\/loire-gourmande-logo.jpg","width":800,"height":415,"caption":"Loire Gourmande - Schnellrestaurant und Besuch in Turquant (49)"},"image":{"@id":"https:\/\/www.loire-gourmande.fr\/de\/#\/schema\/logo\/image\/"},"sameAs":["https:\/\/www.facebook.com\/Loire-Gourmande-Turquant-101991328328493\/","https:\/\/www.instagram.com\/jean_yves_auradon\/?igshid=1ta3mfjka326t"]}]}},"_links":{"self":[{"href":"https:\/\/www.loire-gourmande.fr\/de\/wp-json\/wp\/v2\/product\/14988","targetHints":{"allow":["GET"]}}],"collection":[{"href":"https:\/\/www.loire-gourmande.fr\/de\/wp-json\/wp\/v2\/product"}],"about":[{"href":"https:\/\/www.loire-gourmande.fr\/de\/wp-json\/wp\/v2\/types\/product"}],"version-history":[{"count":0,"href":"https:\/\/www.loire-gourmande.fr\/de\/wp-json\/wp\/v2\/product\/14988\/revisions"}],"wp:featuredmedia":[{"embeddable":true,"href":"https:\/\/www.loire-gourmande.fr\/de\/wp-json\/wp\/v2\/media\/14962"}],"wp:attachment":[{"href":"https:\/\/www.loire-gourmande.fr\/de\/wp-json\/wp\/v2\/media?parent=14988"}],"wp:term":[{"taxonomy":"product_brand","embeddable":true,"href":"https:\/\/www.loire-gourmande.fr\/de\/wp-json\/wp\/v2\/product_brand?post=14988"},{"taxonomy":"product_cat","embeddable":true,"href":"https:\/\/www.loire-gourmande.fr\/de\/wp-json\/wp\/v2\/product_cat?post=14988"},{"taxonomy":"product_tag","embeddable":true,"href":"https:\/\/www.loire-gourmande.fr\/de\/wp-json\/wp\/v2\/product_tag?post=14988"}],"curies":[{"name":"wp","href":"https:\/\/api.w.org\/{rel}","templated":true}]}}