{"id":14990,"date":"2026-05-07T08:20:17","date_gmt":"2026-05-07T07:20:17","guid":{"rendered":"https:\/\/www.loire-gourmande.fr\/produit\/anjou-blanc-cuvee-landry\/"},"modified":"2026-05-07T08:20:17","modified_gmt":"2026-05-07T07:20:17","slug":"anjou-blanc-cuvee-landry","status":"publish","type":"product","link":"https:\/\/www.loire-gourmande.fr\/de\/Produkt\/anjou-blanc-cuvee-landry\/","title":{"rendered":"ANJOU BLANC CUV\u00c9E LANDRY"},"content":{"rendered":"<p>Anjou Blanc ist ein trockener und fruchtiger Wein, der perfekt zu Fisch und wei\u00dfem Fleisch passt. Sein Terroir, das im Bonnezeaux-Sektor liegt, basiert auf Schiefer- und Phtanitb\u00f6den, die diesem Cuv\u00e9e eine sch\u00f6ne Mineralit\u00e4t und eine ausgepr\u00e4gte Identit\u00e4t verleihen. Der Wein zeichnet sich durch sein Gleichgewicht zwischen Frische, Fruchtigkeit und Struktur aus und bietet einen authentischen und harmonischen Ausdruck.  <\/p>\n<p>&nbsp;<\/p>\n<p><strong>PR\u00c4SENTATION :<\/strong><\/p>\n<ul>\n<li><strong>Bezeichnung: <\/strong>Anjou Blanc A.O.P. (Gesch\u00fctzte Herkunftsbezeichnung)<\/li>\n<li><strong>Cuv\u00e9e: <\/strong>&#8222;Landry&#8220;<\/li>\n<li><strong>Inhalt:<\/strong> 75cl<\/li>\n<\/ul>\n<p>&nbsp;<\/p>\n<p><strong>MERKMALE :<\/strong><\/p>\n<ul>\n<li><strong>Rebsorte:<\/strong> 100 % sehr reifer Chenin.<\/li>\n<li><strong>Terroir:<\/strong> Schiefer und Phtanit.<\/li>\n<li><strong>Merkmale: <\/strong>Trockener Wei\u00dfwein, Aromen von Quitte, Aprikose, s\u00fc\u00dfen Gew\u00fcrzen und Honig.<\/li>\n<li><strong>Begleitung:<\/strong> Aperitif, festfleischiger Fisch, Gefl\u00fcgel-Gigolette.<\/li>\n<li><strong>Temperatur:<\/strong> Gek\u00fchlt servieren (zwischen 12\u00b0C und 14\u00b0C).<\/li>\n<li><strong>Reife <\/strong>:Wein, der innerhalb von 5 Jahren konsumiert werden muss.<\/li>\n<\/ul>\n<p>&nbsp;<\/p>\n<p>Anjou Blanc ist ein Wein mit einer gesch\u00fctzten Herkunftsbezeichnung.<\/p>\n<p>Trockener Wei\u00dfwein Chenin-Rebsorte. Aus einem Schiefer-Terroir stammend, zeichnet sich dieser Wein durch seine Frische und seine erstaunliche aromatische Finesse aus, mit Noten von Limettenbl\u00fcte und ger\u00f6steten Mandeln. Als Aperitif gesch\u00e4tzt, passt er auch gut zu Meeresfr\u00fcchten.  <\/p>\n","protected":false},"excerpt":{"rendered":"<p>Entdecken Sie den Anjou Blanc &#8222;Cuv\u00e9e Landry&#8220; von Domaine des Fontaines, einen frischen und fruchtigen Wein aus Chenin Blanc. Mit seinen Zitrusaromen und der sch\u00f6nen S\u00e4ure passt er perfekt zu Meeresfr\u00fcchten und Gefl\u00fcgelgerichten. <\/p>\n<div>\n<p>Blassgelb, gl\u00e4nzend, mit leichten gr\u00fcnlichen Reflexionen.<\/p>\n<\/div>\n<div>\n<p>Aromen von frischer Zitrus, darunter Zitrone, gr\u00fcner Apfel und ein floraler Akzent.<\/p>\n<\/div>\n<div>\n<p>Frisch und elegant, mit einer sch\u00f6nen S\u00e4ure, fruchtigen Noten von Apfel und Birne sowie einer dezenten Mineralit\u00e4t.<\/p>\n<\/div>\n<div>\n<p>Beharrlich, mit zitrusartigen Aromen und einer wundersch\u00f6nen Lebendigkeit.<\/p>\n<\/div>\n","protected":false},"featured_media":14983,"template":"","meta":{"inline_featured_image":false},"product_brand":[],"product_cat":[602,660,608],"product_tag":[618,610,778,680],"class_list":{"0":"post-14990","1":"product","2":"type-product","3":"status-publish","4":"has-post-thumbnail","6":"product_cat-anjou-de","7":"product_cat-land-der-loire","8":"product_cat-weis","9":"product_tag-aperitif-de","10":"product_tag-austern-und-schalentiere","11":"product_tag-edler-fisch","12":"product_tag-gegrillter-fisch","14":"first","15":"instock","16":"taxable","17":"shipping-taxable","18":"purchasable","19":"product-type-simple"},"yoast_head":"<!-- This site is optimized with the Yoast SEO plugin v27.6 - https:\/\/yoast.com\/product\/yoast-seo-wordpress\/ -->\n<title>ANJOU BLANC CUV\u00c9E LANDRY - Loire Gourmande - une \u00e9tape savoureuse<\/title>\n<meta name=\"robots\" content=\"index, follow, max-snippet:-1, max-image-preview:large, max-video-preview:-1\" \/>\n<link rel=\"canonical\" href=\"https:\/\/www.loire-gourmande.fr\/de\/Produkt\/anjou-blanc-cuvee-landry\/\" \/>\n<meta property=\"og:locale\" content=\"de_DE\" \/>\n<meta property=\"og:type\" content=\"article\" \/>\n<meta property=\"og:title\" content=\"ANJOU BLANC CUV\u00c9E LANDRY - Loire Gourmande - une \u00e9tape savoureuse\" \/>\n<meta property=\"og:description\" content=\"Entdecken Sie den Anjou Blanc &quot;Cuv\u00e9e Landry&quot; von Domaine des Fontaines, einen frischen und fruchtigen Wein aus Chenin Blanc. Mit seinen Zitrusaromen und der sch\u00f6nen S\u00e4ure passt er perfekt zu Meeresfr\u00fcchten und Gefl\u00fcgelgerichten.  Blassgelb, gl\u00e4nzend, mit leichten gr\u00fcnlichen Reflexionen.   Aromen von frischer Zitrus, darunter Zitrone, gr\u00fcner Apfel und ein floraler Akzent.   Frisch und elegant, mit einer sch\u00f6nen S\u00e4ure, fruchtigen Noten von Apfel und Birne sowie einer dezenten Mineralit\u00e4t.   Beharrlich, mit zitrusartigen Aromen und einer wundersch\u00f6nen Lebendigkeit.\" \/>\n<meta property=\"og:url\" content=\"https:\/\/www.loire-gourmande.fr\/de\/Produkt\/anjou-blanc-cuvee-landry\/\" \/>\n<meta property=\"og:site_name\" content=\"Loire Gourmande - une \u00e9tape savoureuse\" \/>\n<meta property=\"article:publisher\" content=\"https:\/\/www.facebook.com\/Loire-Gourmande-Turquant-101991328328493\/\" \/>\n<meta property=\"og:image\" content=\"https:\/\/www.loire-gourmande.fr\/wp-content\/uploads\/2026\/05\/Anjou-Cuvee-Landry.jpg\" \/>\n\t<meta property=\"og:image:width\" content=\"800\" \/>\n\t<meta property=\"og:image:height\" content=\"800\" \/>\n\t<meta property=\"og:image:type\" content=\"image\/jpeg\" \/>\n<meta name=\"twitter:card\" content=\"summary_large_image\" \/>\n<meta name=\"twitter:label1\" content=\"Gesch\u00e4tzte Lesezeit\" \/>\n\t<meta name=\"twitter:data1\" content=\"1\u00a0Minute\" \/>\n<script type=\"application\/ld+json\" class=\"yoast-schema-graph\">{\"@context\":\"https:\\\/\\\/schema.org\",\"@graph\":[{\"@type\":\"WebPage\",\"@id\":\"https:\\\/\\\/www.loire-gourmande.fr\\\/de\\\/Produkt\\\/anjou-blanc-cuvee-landry\\\/\",\"url\":\"https:\\\/\\\/www.loire-gourmande.fr\\\/de\\\/Produkt\\\/anjou-blanc-cuvee-landry\\\/\",\"name\":\"ANJOU BLANC CUV\u00c9E LANDRY - Loire Gourmande - une \u00e9tape savoureuse\",\"isPartOf\":{\"@id\":\"https:\\\/\\\/www.loire-gourmande.fr\\\/de\\\/#website\"},\"primaryImageOfPage\":{\"@id\":\"https:\\\/\\\/www.loire-gourmande.fr\\\/de\\\/Produkt\\\/anjou-blanc-cuvee-landry\\\/#primaryimage\"},\"image\":{\"@id\":\"https:\\\/\\\/www.loire-gourmande.fr\\\/de\\\/Produkt\\\/anjou-blanc-cuvee-landry\\\/#primaryimage\"},\"thumbnailUrl\":\"https:\\\/\\\/www.loire-gourmande.fr\\\/wp-content\\\/uploads\\\/2026\\\/05\\\/Anjou-Cuvee-Landry.jpg\",\"datePublished\":\"2026-05-07T07:20:17+00:00\",\"breadcrumb\":{\"@id\":\"https:\\\/\\\/www.loire-gourmande.fr\\\/de\\\/Produkt\\\/anjou-blanc-cuvee-landry\\\/#breadcrumb\"},\"inLanguage\":\"de\",\"potentialAction\":[{\"@type\":\"ReadAction\",\"target\":[\"https:\\\/\\\/www.loire-gourmande.fr\\\/de\\\/Produkt\\\/anjou-blanc-cuvee-landry\\\/\"]}]},{\"@type\":\"ImageObject\",\"inLanguage\":\"de\",\"@id\":\"https:\\\/\\\/www.loire-gourmande.fr\\\/de\\\/Produkt\\\/anjou-blanc-cuvee-landry\\\/#primaryimage\",\"url\":\"https:\\\/\\\/www.loire-gourmande.fr\\\/wp-content\\\/uploads\\\/2026\\\/05\\\/Anjou-Cuvee-Landry.jpg\",\"contentUrl\":\"https:\\\/\\\/www.loire-gourmande.fr\\\/wp-content\\\/uploads\\\/2026\\\/05\\\/Anjou-Cuvee-Landry.jpg\",\"width\":800,\"height\":800},{\"@type\":\"BreadcrumbList\",\"@id\":\"https:\\\/\\\/www.loire-gourmande.fr\\\/de\\\/Produkt\\\/anjou-blanc-cuvee-landry\\\/#breadcrumb\",\"itemListElement\":[{\"@type\":\"ListItem\",\"position\":1,\"name\":\"Startseite\",\"item\":\"https:\\\/\\\/www.loire-gourmande.fr\\\/de\\\/\"},{\"@type\":\"ListItem\",\"position\":2,\"name\":\"Die Boutique de Loire Gourmande: die Weine der Loire\",\"item\":\"https:\\\/\\\/www.loire-gourmande.fr\\\/de\\\/woocommerce\\\/\"},{\"@type\":\"ListItem\",\"position\":3,\"name\":\"ANJOU BLANC CUV\u00c9E LANDRY\"}]},{\"@type\":\"WebSite\",\"@id\":\"https:\\\/\\\/www.loire-gourmande.fr\\\/de\\\/#website\",\"url\":\"https:\\\/\\\/www.loire-gourmande.fr\\\/de\\\/\",\"name\":\"Loire Gourmande, une \u00e9tape savoureuse\",\"description\":\"une d\u00e9gustation \u00e0 toute heure et une boutique \u00e0 visiter \u00e0 Turquant (49)\",\"publisher\":{\"@id\":\"https:\\\/\\\/www.loire-gourmande.fr\\\/de\\\/#organization\"},\"potentialAction\":[{\"@type\":\"SearchAction\",\"target\":{\"@type\":\"EntryPoint\",\"urlTemplate\":\"https:\\\/\\\/www.loire-gourmande.fr\\\/de\\\/?s={search_term_string}\"},\"query-input\":{\"@type\":\"PropertyValueSpecification\",\"valueRequired\":true,\"valueName\":\"search_term_string\"}}],\"inLanguage\":\"de\"},{\"@type\":\"Organization\",\"@id\":\"https:\\\/\\\/www.loire-gourmande.fr\\\/de\\\/#organization\",\"name\":\"Loire Gourmande - Schnellrestaurant und Besuch in Turquant (49)\",\"url\":\"https:\\\/\\\/www.loire-gourmande.fr\\\/de\\\/\",\"logo\":{\"@type\":\"ImageObject\",\"inLanguage\":\"de\",\"@id\":\"https:\\\/\\\/www.loire-gourmande.fr\\\/de\\\/#\\\/schema\\\/logo\\\/image\\\/\",\"url\":\"https:\\\/\\\/www.loire-gourmande.fr\\\/wp-content\\\/uploads\\\/2020\\\/10\\\/loire-gourmande-logo.jpg\",\"contentUrl\":\"https:\\\/\\\/www.loire-gourmande.fr\\\/wp-content\\\/uploads\\\/2020\\\/10\\\/loire-gourmande-logo.jpg\",\"width\":800,\"height\":415,\"caption\":\"Loire Gourmande - Schnellrestaurant und Besuch in Turquant (49)\"},\"image\":{\"@id\":\"https:\\\/\\\/www.loire-gourmande.fr\\\/de\\\/#\\\/schema\\\/logo\\\/image\\\/\"},\"sameAs\":[\"https:\\\/\\\/www.facebook.com\\\/Loire-Gourmande-Turquant-101991328328493\\\/\",\"https:\\\/\\\/www.instagram.com\\\/jean_yves_auradon\\\/?igshid=1ta3mfjka326t\"]}]}<\/script>\n<!-- \/ Yoast SEO plugin. -->","yoast_head_json":{"title":"ANJOU BLANC CUV\u00c9E LANDRY - Loire Gourmande - une \u00e9tape savoureuse","robots":{"index":"index","follow":"follow","max-snippet":"max-snippet:-1","max-image-preview":"max-image-preview:large","max-video-preview":"max-video-preview:-1"},"canonical":"https:\/\/www.loire-gourmande.fr\/de\/Produkt\/anjou-blanc-cuvee-landry\/","og_locale":"de_DE","og_type":"article","og_title":"ANJOU BLANC CUV\u00c9E LANDRY - Loire Gourmande - une \u00e9tape savoureuse","og_description":"Entdecken Sie den Anjou Blanc \"Cuv\u00e9e Landry\" von Domaine des Fontaines, einen frischen und fruchtigen Wein aus Chenin Blanc. Mit seinen Zitrusaromen und der sch\u00f6nen S\u00e4ure passt er perfekt zu Meeresfr\u00fcchten und Gefl\u00fcgelgerichten.  Blassgelb, gl\u00e4nzend, mit leichten gr\u00fcnlichen Reflexionen.   Aromen von frischer Zitrus, darunter Zitrone, gr\u00fcner Apfel und ein floraler Akzent.   Frisch und elegant, mit einer sch\u00f6nen S\u00e4ure, fruchtigen Noten von Apfel und Birne sowie einer dezenten Mineralit\u00e4t.   Beharrlich, mit zitrusartigen Aromen und einer wundersch\u00f6nen Lebendigkeit.","og_url":"https:\/\/www.loire-gourmande.fr\/de\/Produkt\/anjou-blanc-cuvee-landry\/","og_site_name":"Loire Gourmande - une \u00e9tape savoureuse","article_publisher":"https:\/\/www.facebook.com\/Loire-Gourmande-Turquant-101991328328493\/","og_image":[{"width":800,"height":800,"url":"https:\/\/www.loire-gourmande.fr\/wp-content\/uploads\/2026\/05\/Anjou-Cuvee-Landry.jpg","type":"image\/jpeg"}],"twitter_card":"summary_large_image","twitter_misc":{"Gesch\u00e4tzte Lesezeit":"1\u00a0Minute"},"schema":{"@context":"https:\/\/schema.org","@graph":[{"@type":"WebPage","@id":"https:\/\/www.loire-gourmande.fr\/de\/Produkt\/anjou-blanc-cuvee-landry\/","url":"https:\/\/www.loire-gourmande.fr\/de\/Produkt\/anjou-blanc-cuvee-landry\/","name":"ANJOU BLANC CUV\u00c9E LANDRY - Loire Gourmande - une \u00e9tape savoureuse","isPartOf":{"@id":"https:\/\/www.loire-gourmande.fr\/de\/#website"},"primaryImageOfPage":{"@id":"https:\/\/www.loire-gourmande.fr\/de\/Produkt\/anjou-blanc-cuvee-landry\/#primaryimage"},"image":{"@id":"https:\/\/www.loire-gourmande.fr\/de\/Produkt\/anjou-blanc-cuvee-landry\/#primaryimage"},"thumbnailUrl":"https:\/\/www.loire-gourmande.fr\/wp-content\/uploads\/2026\/05\/Anjou-Cuvee-Landry.jpg","datePublished":"2026-05-07T07:20:17+00:00","breadcrumb":{"@id":"https:\/\/www.loire-gourmande.fr\/de\/Produkt\/anjou-blanc-cuvee-landry\/#breadcrumb"},"inLanguage":"de","potentialAction":[{"@type":"ReadAction","target":["https:\/\/www.loire-gourmande.fr\/de\/Produkt\/anjou-blanc-cuvee-landry\/"]}]},{"@type":"ImageObject","inLanguage":"de","@id":"https:\/\/www.loire-gourmande.fr\/de\/Produkt\/anjou-blanc-cuvee-landry\/#primaryimage","url":"https:\/\/www.loire-gourmande.fr\/wp-content\/uploads\/2026\/05\/Anjou-Cuvee-Landry.jpg","contentUrl":"https:\/\/www.loire-gourmande.fr\/wp-content\/uploads\/2026\/05\/Anjou-Cuvee-Landry.jpg","width":800,"height":800},{"@type":"BreadcrumbList","@id":"https:\/\/www.loire-gourmande.fr\/de\/Produkt\/anjou-blanc-cuvee-landry\/#breadcrumb","itemListElement":[{"@type":"ListItem","position":1,"name":"Startseite","item":"https:\/\/www.loire-gourmande.fr\/de\/"},{"@type":"ListItem","position":2,"name":"Die Boutique de Loire Gourmande: die Weine der Loire","item":"https:\/\/www.loire-gourmande.fr\/de\/woocommerce\/"},{"@type":"ListItem","position":3,"name":"ANJOU BLANC CUV\u00c9E LANDRY"}]},{"@type":"WebSite","@id":"https:\/\/www.loire-gourmande.fr\/de\/#website","url":"https:\/\/www.loire-gourmande.fr\/de\/","name":"Loire Gourmande, une \u00e9tape savoureuse","description":"une d\u00e9gustation \u00e0 toute heure et une boutique \u00e0 visiter \u00e0 Turquant (49)","publisher":{"@id":"https:\/\/www.loire-gourmande.fr\/de\/#organization"},"potentialAction":[{"@type":"SearchAction","target":{"@type":"EntryPoint","urlTemplate":"https:\/\/www.loire-gourmande.fr\/de\/?s={search_term_string}"},"query-input":{"@type":"PropertyValueSpecification","valueRequired":true,"valueName":"search_term_string"}}],"inLanguage":"de"},{"@type":"Organization","@id":"https:\/\/www.loire-gourmande.fr\/de\/#organization","name":"Loire Gourmande - Schnellrestaurant und Besuch in Turquant (49)","url":"https:\/\/www.loire-gourmande.fr\/de\/","logo":{"@type":"ImageObject","inLanguage":"de","@id":"https:\/\/www.loire-gourmande.fr\/de\/#\/schema\/logo\/image\/","url":"https:\/\/www.loire-gourmande.fr\/wp-content\/uploads\/2020\/10\/loire-gourmande-logo.jpg","contentUrl":"https:\/\/www.loire-gourmande.fr\/wp-content\/uploads\/2020\/10\/loire-gourmande-logo.jpg","width":800,"height":415,"caption":"Loire Gourmande - Schnellrestaurant und Besuch in Turquant (49)"},"image":{"@id":"https:\/\/www.loire-gourmande.fr\/de\/#\/schema\/logo\/image\/"},"sameAs":["https:\/\/www.facebook.com\/Loire-Gourmande-Turquant-101991328328493\/","https:\/\/www.instagram.com\/jean_yves_auradon\/?igshid=1ta3mfjka326t"]}]}},"_links":{"self":[{"href":"https:\/\/www.loire-gourmande.fr\/de\/wp-json\/wp\/v2\/product\/14990","targetHints":{"allow":["GET"]}}],"collection":[{"href":"https:\/\/www.loire-gourmande.fr\/de\/wp-json\/wp\/v2\/product"}],"about":[{"href":"https:\/\/www.loire-gourmande.fr\/de\/wp-json\/wp\/v2\/types\/product"}],"version-history":[{"count":0,"href":"https:\/\/www.loire-gourmande.fr\/de\/wp-json\/wp\/v2\/product\/14990\/revisions"}],"wp:featuredmedia":[{"embeddable":true,"href":"https:\/\/www.loire-gourmande.fr\/de\/wp-json\/wp\/v2\/media\/14983"}],"wp:attachment":[{"href":"https:\/\/www.loire-gourmande.fr\/de\/wp-json\/wp\/v2\/media?parent=14990"}],"wp:term":[{"taxonomy":"product_brand","embeddable":true,"href":"https:\/\/www.loire-gourmande.fr\/de\/wp-json\/wp\/v2\/product_brand?post=14990"},{"taxonomy":"product_cat","embeddable":true,"href":"https:\/\/www.loire-gourmande.fr\/de\/wp-json\/wp\/v2\/product_cat?post=14990"},{"taxonomy":"product_tag","embeddable":true,"href":"https:\/\/www.loire-gourmande.fr\/de\/wp-json\/wp\/v2\/product_tag?post=14990"}],"curies":[{"name":"wp","href":"https:\/\/api.w.org\/{rel}","templated":true}]}}