{"id":10067,"date":"2024-02-20T15:22:54","date_gmt":"2024-02-20T15:22:54","guid":{"rendered":"https:\/\/www.loire-gourmande.fr\/?post_type=product&#038;p=10067"},"modified":"2026-02-11T15:28:53","modified_gmt":"2026-02-11T14:28:53","slug":"orleans-dpo-rouge-clos-st-fiacre-copie","status":"publish","type":"product","link":"https:\/\/www.loire-gourmande.fr\/en\/product\/orleans-dpo-rouge-clos-st-fiacre-copie\/","title":{"rendered":"ORLEANS AOP ROUGE CLERY CLOS ST FIACRE"},"content":{"rendered":"<p>A 100% Cabernet Franc with an intense nose of blackcurrants and spicy nuances and a dense, harmonious palate with well blended tannins. It goes perfectly with red meats, spicy dishes, sauces and game.<\/p>\n<p><strong>Tasting :<br \/>\n<\/strong>The color is ruby red to purplish with an intense nose of blackcurrant with spicy nuances and a dense, harmonious mouth and well-blended tannins<\/p>\n<p><strong>Agreement:<br \/>\n<\/strong>Red meat or game<br \/>\nSpicy<br \/>\ndishes Dishes with sauce<\/p>\n<p><strong>Grape variety:<br \/>\n<\/strong>100 % cabernet franc<\/p>\n<p><strong>Vineyard:<\/strong><\/p>\n<ul>\n<li><strong>Terroir :<\/strong>sandy-gravel<\/li>\n<li><strong>Average age of vines :<\/strong> 50 years<\/li>\n<li><strong>Average yield :<\/strong> 36 hl\/ha<\/li>\n<li><strong>Planting density :<\/strong> 6,000 plants\/ha<\/li>\n<\/ul>\n<p><strong>Culture:<\/strong><\/p>\n<p>The vineyards are cultivated using sustainable methods. The vines are grassed and pruned short. Every year, we carry out meticulous disbudding, removing double buds to give the main bud maximum ventilation and light so that the grapes reach optimum ripeness. We also carry out green harvesting if necessary.<\/p>\n<p>Winemaking<\/p>\n<p>The grapes are destemmed before undergoing 48 hours of cold maceration. This is followed by alcoholic fermentation in temperature-controlled stainless steel vats with daily pump-overs. This is followed by alcoholic fermentation in temperature-controlled stainless steel vats with daily pump-overs.<\/p>\n<p><span style=\"font-size: 15pt;\"><strong><span style=\"font-size: 12pt;\">Food &amp; wine<\/span><\/strong><br \/>\npairing<\/span>Red meat or game<br \/>\nSpicy<br \/>\ndishes Dishes with sauce<\/p>\n<p>These aromas are reflected in a perfectly balanced, long, suave and supple palate. It is both juicy and invigorating, perfect for accompanying white meats, grilled meats and grilled fish.<\/p>\n","protected":false},"excerpt":{"rendered":"<p><strong>The History of Clos Saint-Fiacre<\/strong><br \/>\nThe Montigny-Piel family has been perpetuating the winemaking tradition of Clos Saint-Fiacre in Mareau-aux-Pr\u00e9s for several generations. The family has been cultivating vines there since 1635 on the best terroirs of the <a href=\"http:\/\/www.aoc-orleans.fr\/\" target=\"_blank\" rel=\"noreferrer noopener\">Orl\u00e9ans and Orl\u00e9ans-Cl\u00e9ry appellations of controlled origin (AOC<\/a>).<br \/>\nB\u00e9n\u00e9dicte and Hubert Piel took over the family estate in 2001, following in the footsteps of Daniel Montigny who worked for 25 years at the head of the wine syndicate to obtain the Orl\u00e9ans and Orl\u00e9ans-Cl\u00e9ry appellations.<br \/>\nThe family now operates 15 hectares of vines.<\/p>\n","protected":false},"featured_media":10071,"template":"","meta":{"inline_featured_image":false},"product_brand":[],"product_cat":[343,344,333],"product_tag":[354,383,362,394],"class_list":{"0":"post-10067","1":"product","2":"type-product","3":"status-publish","4":"has-post-thumbnail","6":"product_cat-red-wines","7":"product_cat-touraine-en","8":"product_cat-wines","9":"product_tag-aperitif-en","10":"product_tag-aperitif-cheese-cold-cuts","11":"product_tag-meat","12":"product_tag-meat-charcuterie","13":"product_shipping_class-bottle","15":"first","16":"instock","17":"featured","18":"taxable","19":"shipping-taxable","20":"purchasable","21":"product-type-simple"},"yoast_head":"<!-- This site is optimized with the Yoast SEO plugin v27.6 - https:\/\/yoast.com\/product\/yoast-seo-wordpress\/ -->\n<title>ORLEANS AOP ROUGE CLERY CLOS ST FIACRE - Loire Gourmande - a tasty stage<\/title>\n<meta name=\"description\" content=\"ORLEANS AOP ROUGE CLOS ST FIACRE. Loire Valley wine. Order from the Loire Gourmande website. Wine merchant in Turquant (49).\" \/>\n<meta name=\"robots\" content=\"index, follow, max-snippet:-1, max-image-preview:large, max-video-preview:-1\" \/>\n<link rel=\"canonical\" href=\"https:\/\/www.loire-gourmande.fr\/en\/product\/orleans-dpo-rouge-clos-st-fiacre-copie\/\" \/>\n<meta property=\"og:locale\" content=\"en_US\" \/>\n<meta property=\"og:type\" content=\"article\" \/>\n<meta property=\"og:title\" content=\"ORLEANS AOP ROUGE CLERY CLOS ST FIACRE - Loire Gourmande - a tasty stage\" \/>\n<meta property=\"og:description\" content=\"ORLEANS AOP ROUGE CLOS ST FIACRE. Loire Valley wine. Order from the Loire Gourmande website. Wine merchant in Turquant (49).\" \/>\n<meta property=\"og:url\" content=\"https:\/\/www.loire-gourmande.fr\/en\/product\/orleans-dpo-rouge-clos-st-fiacre-copie\/\" \/>\n<meta property=\"og:site_name\" content=\"Loire Gourmande - a tasty stage\" \/>\n<meta property=\"article:publisher\" content=\"https:\/\/www.facebook.com\/Loire-Gourmande-Turquant-101991328328493\/\" \/>\n<meta property=\"article:modified_time\" content=\"2026-02-11T14:28:53+00:00\" \/>\n<meta property=\"og:image\" content=\"https:\/\/www.loire-gourmande.fr\/wp-content\/uploads\/2024\/02\/Clos-St-Fiacre-Clery-Rouge-1.jpg\" \/>\n\t<meta property=\"og:image:width\" content=\"800\" \/>\n\t<meta property=\"og:image:height\" content=\"800\" \/>\n\t<meta property=\"og:image:type\" content=\"image\/jpeg\" \/>\n<meta name=\"twitter:card\" content=\"summary_large_image\" \/>\n<meta name=\"twitter:label1\" content=\"Est. reading time\" \/>\n\t<meta name=\"twitter:data1\" content=\"2 minutes\" \/>\n<script type=\"application\/ld+json\" class=\"yoast-schema-graph\">{\"@context\":\"https:\\\/\\\/schema.org\",\"@graph\":[{\"@type\":\"WebPage\",\"@id\":\"https:\\\/\\\/www.loire-gourmande.fr\\\/en\\\/product\\\/orleans-dpo-rouge-clos-st-fiacre-copie\\\/\",\"url\":\"https:\\\/\\\/www.loire-gourmande.fr\\\/en\\\/product\\\/orleans-dpo-rouge-clos-st-fiacre-copie\\\/\",\"name\":\"ORLEANS AOP ROUGE CLERY CLOS ST FIACRE - Loire Gourmande - a tasty stage\",\"isPartOf\":{\"@id\":\"https:\\\/\\\/www.loire-gourmande.fr\\\/en\\\/#website\"},\"primaryImageOfPage\":{\"@id\":\"https:\\\/\\\/www.loire-gourmande.fr\\\/en\\\/product\\\/orleans-dpo-rouge-clos-st-fiacre-copie\\\/#primaryimage\"},\"image\":{\"@id\":\"https:\\\/\\\/www.loire-gourmande.fr\\\/en\\\/product\\\/orleans-dpo-rouge-clos-st-fiacre-copie\\\/#primaryimage\"},\"thumbnailUrl\":\"https:\\\/\\\/www.loire-gourmande.fr\\\/wp-content\\\/uploads\\\/2024\\\/02\\\/Clos-St-Fiacre-Clery-Rouge-1.jpg\",\"datePublished\":\"2024-02-20T15:22:54+00:00\",\"dateModified\":\"2026-02-11T14:28:53+00:00\",\"description\":\"ORLEANS AOP ROUGE CLOS ST FIACRE. Loire Valley wine. Order from the Loire Gourmande website. Wine merchant in Turquant (49).\",\"breadcrumb\":{\"@id\":\"https:\\\/\\\/www.loire-gourmande.fr\\\/en\\\/product\\\/orleans-dpo-rouge-clos-st-fiacre-copie\\\/#breadcrumb\"},\"inLanguage\":\"en-US\",\"potentialAction\":[{\"@type\":\"ReadAction\",\"target\":[\"https:\\\/\\\/www.loire-gourmande.fr\\\/en\\\/product\\\/orleans-dpo-rouge-clos-st-fiacre-copie\\\/\"]}]},{\"@type\":\"ImageObject\",\"inLanguage\":\"en-US\",\"@id\":\"https:\\\/\\\/www.loire-gourmande.fr\\\/en\\\/product\\\/orleans-dpo-rouge-clos-st-fiacre-copie\\\/#primaryimage\",\"url\":\"https:\\\/\\\/www.loire-gourmande.fr\\\/wp-content\\\/uploads\\\/2024\\\/02\\\/Clos-St-Fiacre-Clery-Rouge-1.jpg\",\"contentUrl\":\"https:\\\/\\\/www.loire-gourmande.fr\\\/wp-content\\\/uploads\\\/2024\\\/02\\\/Clos-St-Fiacre-Clery-Rouge-1.jpg\",\"width\":800,\"height\":800},{\"@type\":\"BreadcrumbList\",\"@id\":\"https:\\\/\\\/www.loire-gourmande.fr\\\/en\\\/product\\\/orleans-dpo-rouge-clos-st-fiacre-copie\\\/#breadcrumb\",\"itemListElement\":[{\"@type\":\"ListItem\",\"position\":1,\"name\":\"Home\",\"item\":\"https:\\\/\\\/www.loire-gourmande.fr\\\/en\\\/\"},{\"@type\":\"ListItem\",\"position\":2,\"name\":\"The Boutique de Loire Gourmande: the wines of the Loire\",\"item\":\"https:\\\/\\\/www.loire-gourmande.fr\\\/en\\\/woocommerce\\\/\"},{\"@type\":\"ListItem\",\"position\":3,\"name\":\"Wines\",\"item\":\"https:\\\/\\\/www.loire-gourmande.fr\\\/en\\\/product-category\\\/wines\\\/\"},{\"@type\":\"ListItem\",\"position\":4,\"name\":\"Red wines\",\"item\":\"https:\\\/\\\/www.loire-gourmande.fr\\\/en\\\/product-category\\\/wines\\\/red-wines\\\/\"},{\"@type\":\"ListItem\",\"position\":5,\"name\":\"ORLEANS AOP ROUGE CLERY CLOS ST FIACRE\"}]},{\"@type\":\"WebSite\",\"@id\":\"https:\\\/\\\/www.loire-gourmande.fr\\\/en\\\/#website\",\"url\":\"https:\\\/\\\/www.loire-gourmande.fr\\\/en\\\/\",\"name\":\"Loire Gourmande, une \u00e9tape savoureuse\",\"description\":\"a tasting session at any time and a shop to visit in Turquant (49)\\n\\n\\n\\n\\n\\n\\n\\n\",\"publisher\":{\"@id\":\"https:\\\/\\\/www.loire-gourmande.fr\\\/en\\\/#organization\"},\"potentialAction\":[{\"@type\":\"SearchAction\",\"target\":{\"@type\":\"EntryPoint\",\"urlTemplate\":\"https:\\\/\\\/www.loire-gourmande.fr\\\/en\\\/?s={search_term_string}\"},\"query-input\":{\"@type\":\"PropertyValueSpecification\",\"valueRequired\":true,\"valueName\":\"search_term_string\"}}],\"inLanguage\":\"en-US\"},{\"@type\":\"Organization\",\"@id\":\"https:\\\/\\\/www.loire-gourmande.fr\\\/en\\\/#organization\",\"name\":\"Loire Gourmande - restauration rapide et visite \u00e0 Turquant (49)\",\"url\":\"https:\\\/\\\/www.loire-gourmande.fr\\\/en\\\/\",\"logo\":{\"@type\":\"ImageObject\",\"inLanguage\":\"en-US\",\"@id\":\"https:\\\/\\\/www.loire-gourmande.fr\\\/en\\\/#\\\/schema\\\/logo\\\/image\\\/\",\"url\":\"https:\\\/\\\/www.loire-gourmande.fr\\\/wp-content\\\/uploads\\\/2020\\\/10\\\/loire-gourmande-logo.jpg\",\"contentUrl\":\"https:\\\/\\\/www.loire-gourmande.fr\\\/wp-content\\\/uploads\\\/2020\\\/10\\\/loire-gourmande-logo.jpg\",\"width\":800,\"height\":415,\"caption\":\"Loire Gourmande - restauration rapide et visite \u00e0 Turquant (49)\"},\"image\":{\"@id\":\"https:\\\/\\\/www.loire-gourmande.fr\\\/en\\\/#\\\/schema\\\/logo\\\/image\\\/\"},\"sameAs\":[\"https:\\\/\\\/www.facebook.com\\\/Loire-Gourmande-Turquant-101991328328493\\\/\",\"https:\\\/\\\/www.instagram.com\\\/jean_yves_auradon\\\/?igshid=1ta3mfjka326t\"]}]}<\/script>\n<!-- \/ Yoast SEO plugin. -->","yoast_head_json":{"title":"ORLEANS AOP ROUGE CLERY CLOS ST FIACRE - Loire Gourmande - a tasty stage","description":"ORLEANS AOP ROUGE CLOS ST FIACRE. Loire Valley wine. Order from the Loire Gourmande website. Wine merchant in Turquant (49).","robots":{"index":"index","follow":"follow","max-snippet":"max-snippet:-1","max-image-preview":"max-image-preview:large","max-video-preview":"max-video-preview:-1"},"canonical":"https:\/\/www.loire-gourmande.fr\/en\/product\/orleans-dpo-rouge-clos-st-fiacre-copie\/","og_locale":"en_US","og_type":"article","og_title":"ORLEANS AOP ROUGE CLERY CLOS ST FIACRE - Loire Gourmande - a tasty stage","og_description":"ORLEANS AOP ROUGE CLOS ST FIACRE. Loire Valley wine. Order from the Loire Gourmande website. Wine merchant in Turquant (49).","og_url":"https:\/\/www.loire-gourmande.fr\/en\/product\/orleans-dpo-rouge-clos-st-fiacre-copie\/","og_site_name":"Loire Gourmande - a tasty stage","article_publisher":"https:\/\/www.facebook.com\/Loire-Gourmande-Turquant-101991328328493\/","article_modified_time":"2026-02-11T14:28:53+00:00","og_image":[{"width":800,"height":800,"url":"https:\/\/www.loire-gourmande.fr\/wp-content\/uploads\/2024\/02\/Clos-St-Fiacre-Clery-Rouge-1.jpg","type":"image\/jpeg"}],"twitter_card":"summary_large_image","twitter_misc":{"Est. reading time":"2 minutes"},"schema":{"@context":"https:\/\/schema.org","@graph":[{"@type":"WebPage","@id":"https:\/\/www.loire-gourmande.fr\/en\/product\/orleans-dpo-rouge-clos-st-fiacre-copie\/","url":"https:\/\/www.loire-gourmande.fr\/en\/product\/orleans-dpo-rouge-clos-st-fiacre-copie\/","name":"ORLEANS AOP ROUGE CLERY CLOS ST FIACRE - Loire Gourmande - a tasty stage","isPartOf":{"@id":"https:\/\/www.loire-gourmande.fr\/en\/#website"},"primaryImageOfPage":{"@id":"https:\/\/www.loire-gourmande.fr\/en\/product\/orleans-dpo-rouge-clos-st-fiacre-copie\/#primaryimage"},"image":{"@id":"https:\/\/www.loire-gourmande.fr\/en\/product\/orleans-dpo-rouge-clos-st-fiacre-copie\/#primaryimage"},"thumbnailUrl":"https:\/\/www.loire-gourmande.fr\/wp-content\/uploads\/2024\/02\/Clos-St-Fiacre-Clery-Rouge-1.jpg","datePublished":"2024-02-20T15:22:54+00:00","dateModified":"2026-02-11T14:28:53+00:00","description":"ORLEANS AOP ROUGE CLOS ST FIACRE. Loire Valley wine. Order from the Loire Gourmande website. Wine merchant in Turquant (49).","breadcrumb":{"@id":"https:\/\/www.loire-gourmande.fr\/en\/product\/orleans-dpo-rouge-clos-st-fiacre-copie\/#breadcrumb"},"inLanguage":"en-US","potentialAction":[{"@type":"ReadAction","target":["https:\/\/www.loire-gourmande.fr\/en\/product\/orleans-dpo-rouge-clos-st-fiacre-copie\/"]}]},{"@type":"ImageObject","inLanguage":"en-US","@id":"https:\/\/www.loire-gourmande.fr\/en\/product\/orleans-dpo-rouge-clos-st-fiacre-copie\/#primaryimage","url":"https:\/\/www.loire-gourmande.fr\/wp-content\/uploads\/2024\/02\/Clos-St-Fiacre-Clery-Rouge-1.jpg","contentUrl":"https:\/\/www.loire-gourmande.fr\/wp-content\/uploads\/2024\/02\/Clos-St-Fiacre-Clery-Rouge-1.jpg","width":800,"height":800},{"@type":"BreadcrumbList","@id":"https:\/\/www.loire-gourmande.fr\/en\/product\/orleans-dpo-rouge-clos-st-fiacre-copie\/#breadcrumb","itemListElement":[{"@type":"ListItem","position":1,"name":"Home","item":"https:\/\/www.loire-gourmande.fr\/en\/"},{"@type":"ListItem","position":2,"name":"The Boutique de Loire Gourmande: the wines of the Loire","item":"https:\/\/www.loire-gourmande.fr\/en\/woocommerce\/"},{"@type":"ListItem","position":3,"name":"Wines","item":"https:\/\/www.loire-gourmande.fr\/en\/product-category\/wines\/"},{"@type":"ListItem","position":4,"name":"Red wines","item":"https:\/\/www.loire-gourmande.fr\/en\/product-category\/wines\/red-wines\/"},{"@type":"ListItem","position":5,"name":"ORLEANS AOP ROUGE CLERY CLOS ST FIACRE"}]},{"@type":"WebSite","@id":"https:\/\/www.loire-gourmande.fr\/en\/#website","url":"https:\/\/www.loire-gourmande.fr\/en\/","name":"Loire Gourmande, une \u00e9tape savoureuse","description":"a tasting session at any time and a shop to visit in Turquant (49)\n\n\n\n\n\n\n\n","publisher":{"@id":"https:\/\/www.loire-gourmande.fr\/en\/#organization"},"potentialAction":[{"@type":"SearchAction","target":{"@type":"EntryPoint","urlTemplate":"https:\/\/www.loire-gourmande.fr\/en\/?s={search_term_string}"},"query-input":{"@type":"PropertyValueSpecification","valueRequired":true,"valueName":"search_term_string"}}],"inLanguage":"en-US"},{"@type":"Organization","@id":"https:\/\/www.loire-gourmande.fr\/en\/#organization","name":"Loire Gourmande - restauration rapide et visite \u00e0 Turquant (49)","url":"https:\/\/www.loire-gourmande.fr\/en\/","logo":{"@type":"ImageObject","inLanguage":"en-US","@id":"https:\/\/www.loire-gourmande.fr\/en\/#\/schema\/logo\/image\/","url":"https:\/\/www.loire-gourmande.fr\/wp-content\/uploads\/2020\/10\/loire-gourmande-logo.jpg","contentUrl":"https:\/\/www.loire-gourmande.fr\/wp-content\/uploads\/2020\/10\/loire-gourmande-logo.jpg","width":800,"height":415,"caption":"Loire Gourmande - restauration rapide et visite \u00e0 Turquant (49)"},"image":{"@id":"https:\/\/www.loire-gourmande.fr\/en\/#\/schema\/logo\/image\/"},"sameAs":["https:\/\/www.facebook.com\/Loire-Gourmande-Turquant-101991328328493\/","https:\/\/www.instagram.com\/jean_yves_auradon\/?igshid=1ta3mfjka326t"]}]}},"_links":{"self":[{"href":"https:\/\/www.loire-gourmande.fr\/en\/wp-json\/wp\/v2\/product\/10067","targetHints":{"allow":["GET"]}}],"collection":[{"href":"https:\/\/www.loire-gourmande.fr\/en\/wp-json\/wp\/v2\/product"}],"about":[{"href":"https:\/\/www.loire-gourmande.fr\/en\/wp-json\/wp\/v2\/types\/product"}],"version-history":[{"count":3,"href":"https:\/\/www.loire-gourmande.fr\/en\/wp-json\/wp\/v2\/product\/10067\/revisions"}],"predecessor-version":[{"id":14478,"href":"https:\/\/www.loire-gourmande.fr\/en\/wp-json\/wp\/v2\/product\/10067\/revisions\/14478"}],"wp:featuredmedia":[{"embeddable":true,"href":"https:\/\/www.loire-gourmande.fr\/en\/wp-json\/wp\/v2\/media\/10071"}],"wp:attachment":[{"href":"https:\/\/www.loire-gourmande.fr\/en\/wp-json\/wp\/v2\/media?parent=10067"}],"wp:term":[{"taxonomy":"product_brand","embeddable":true,"href":"https:\/\/www.loire-gourmande.fr\/en\/wp-json\/wp\/v2\/product_brand?post=10067"},{"taxonomy":"product_cat","embeddable":true,"href":"https:\/\/www.loire-gourmande.fr\/en\/wp-json\/wp\/v2\/product_cat?post=10067"},{"taxonomy":"product_tag","embeddable":true,"href":"https:\/\/www.loire-gourmande.fr\/en\/wp-json\/wp\/v2\/product_tag?post=10067"}],"curies":[{"name":"wp","href":"https:\/\/api.w.org\/{rel}","templated":true}]}}