{"id":10140,"date":"2024-02-25T09:16:17","date_gmt":"2024-02-25T09:16:17","guid":{"rendered":"https:\/\/www.loire-gourmande.fr\/produit\/vouvray-blanc-petillant-domaine-montdomaine\/"},"modified":"2025-05-06T07:21:55","modified_gmt":"2025-05-06T06:21:55","slug":"vouvray-blanc-petillant-domaine-montdomaine","status":"publish","type":"product","link":"https:\/\/www.loire-gourmande.fr\/en\/product\/vouvray-blanc-petillant-domaine-montdomaine\/","title":{"rendered":"VOUVRAY BLANC PETILLANT DOMAINE MONTDOMAINE"},"content":{"rendered":"<p><span class=\"s1\">Fine bubbles: the liveliness of Chenin, with citrus notes. A wine with good balance.<\/span><\/p>\n<p style=\"font-weight: 400;\"><strong>Type of wine:<\/strong> Sparkling or Effervescent<br \/>\n<strong>Colour:<\/strong> White<br \/>\n<strong>Vintage:<br \/>\n<\/strong><strong>Grape variety:<\/strong> Chenin Blanc<br \/>\n<strong>Character:<\/strong> Brut<br \/>\n<strong>Serving temperature:<\/strong> 6-8\u00b0 C<br \/>\n<strong>Aging potential:<\/strong> 1-3 years<\/p>\n<div class=\"et_pb_row et_pb_row_1_tb_body et_pb_equal_columns\">\n<div class=\"et_pb_column et_pb_column_2_3 et_pb_column_3_tb_body et_pb_css_mix_blend_mode_passthrough et-last-child\">\n<div class=\"et_pb_module et_pb_blurb et_pb_blurb_0_tb_body et_pb_text_align_left et_pb_blurb_position_top et_pb_bg_layout_light\">\n<div class=\"et_pb_blurb_content\">\n<div class=\"et_pb_blurb_container\">\n<div class=\"et_pb_blurb_description\"><strong>Vinification :<\/strong> Pressing Clearing the sludge. Controlled fermentation at low temperature (18\u00b0). Blend of 2 vintages. Produced according to the Traditional Method with secondary fermentation in the bottle at a carbon dioxide pressure of 3 bars. Aged on laths for a minimum of 12 months before disgorging. No souffres or liqueurs added.<\/div>\n<\/div>\n<\/div>\n<\/div>\n<div class=\"et_pb_module et_pb_wc_description et_pb_wc_description_1_tb_body et_pb_bg_layout_light et_pb_text_align_justified\">\n<div class=\"et_pb_module_inner\">\n<p><strong> Tasting :<\/strong>Chenin has a lovely light yellow colour with green highlights. The light effervescence appears in the form of a few fine bubbles. On the nose, this wine offers more or less pronounced notes of almonds, dried fruit and exotic fruit. On the palate, the attack is lively and fresh. The lower carbon dioxide pressure gives it a windier character and discreet bubbles. But they&#8217;re enough to tantalise our taste buds. Quince and citrus aromas on the palate.<\/p>\n<div class=\"et_pb_module et_pb_text et_pb_text_1_tb_body et_pb_text_align_left et_pb_bg_layout_light\">\n<div class=\"et_pb_text_inner\">\n<p><strong>Food &amp; wine pairing:<br \/>\n<\/strong><span class=\"s1\">Serve as an aperitif or at the end of a meal, with salmon in sorrel sauce or cod in a chorizo crust.<\/span> Aperitif bites, salmon rillettes, country buffets. Its winey character makes it an ideal accompaniment to salads or fish dishes.<\/p>\n<\/div>\n<\/div>\n<\/div>\n<\/div>\n<\/div>\n<\/div>\n<p><span class=\"s1\"> <\/span><\/p>\n","protected":false},"excerpt":{"rendered":"<p>Montdomaine is Fr\u00e9d\u00e9ric Plou&#8217;s winegrowing dream. Born into a family of winegrowers that has existed for over 500 years. Fr\u00e9d\u00e9ric Plou and his wife Louisa Plou took over Ch\u00e2teau de Montdomaine in 2015.<span class=\"Apple-converted-space\">  <\/span>They are constantly highlighting<span class=\"Apple-converted-space\">  <\/span>This site steeped in history and these<span class=\"Apple-converted-space\">  <\/span>vineyards nestling in the heart of the Loire Valley.<\/p>\n<p>Natural wines grown with love and respect for the land.<\/p>\n","protected":false},"featured_media":10128,"template":"","meta":{"inline_featured_image":false},"product_brand":[],"product_cat":[345,339,344,337],"product_tag":[354,551,366,552],"class_list":{"0":"post-10140","1":"product","2":"type-product","3":"status-publish","4":"has-post-thumbnail","6":"product_cat-organic-wines","7":"product_cat-sparkling-wine","8":"product_cat-touraine-en","9":"product_cat-white-wines","10":"product_tag-aperitif-en","11":"product_tag-country-buffets","12":"product_tag-fish-en","13":"product_tag-salmon-rillettes","14":"product_shipping_class-bottle","16":"first","17":"instock","18":"taxable","19":"shipping-taxable","20":"purchasable","21":"product-type-simple"},"yoast_head":"<!-- This site is optimized with the Yoast SEO plugin v27.6 - https:\/\/yoast.com\/product\/yoast-seo-wordpress\/ -->\n<title>VOUVRAY BLANC PETILLANT DOMAINE MONTDOMAINE - Loire Gourmande - a tasty stage<\/title>\n<meta name=\"description\" content=\"VOUVRAY BLANC PETILLANT DOMAINE MONTDOMAINE. Loire Valley wine. Order from the Loire Gourmande website. Wine merchant in Turquant (49).\" \/>\n<meta name=\"robots\" content=\"index, follow, max-snippet:-1, max-image-preview:large, max-video-preview:-1\" \/>\n<link rel=\"canonical\" href=\"https:\/\/www.loire-gourmande.fr\/en\/product\/vouvray-blanc-petillant-domaine-montdomaine\/\" \/>\n<meta property=\"og:locale\" content=\"en_US\" \/>\n<meta property=\"og:type\" content=\"article\" \/>\n<meta property=\"og:title\" content=\"VOUVRAY BLANC PETILLANT DOMAINE MONTDOMAINE - Loire Gourmande - a tasty stage\" \/>\n<meta property=\"og:description\" content=\"VOUVRAY BLANC PETILLANT DOMAINE MONTDOMAINE. Loire Valley wine. Order from the Loire Gourmande website. Wine merchant in Turquant (49).\" \/>\n<meta property=\"og:url\" content=\"https:\/\/www.loire-gourmande.fr\/en\/product\/vouvray-blanc-petillant-domaine-montdomaine\/\" \/>\n<meta property=\"og:site_name\" content=\"Loire Gourmande - a tasty stage\" \/>\n<meta property=\"article:publisher\" content=\"https:\/\/www.facebook.com\/Loire-Gourmande-Turquant-101991328328493\/\" \/>\n<meta property=\"article:modified_time\" content=\"2025-05-06T06:21:55+00:00\" \/>\n<meta property=\"og:image\" content=\"https:\/\/www.loire-gourmande.fr\/wp-content\/uploads\/2024\/02\/Vouvray.jpg\" \/>\n\t<meta property=\"og:image:width\" content=\"800\" \/>\n\t<meta property=\"og:image:height\" content=\"800\" \/>\n\t<meta property=\"og:image:type\" content=\"image\/jpeg\" \/>\n<meta name=\"twitter:card\" content=\"summary_large_image\" \/>\n<meta name=\"twitter:label1\" content=\"Est. reading time\" \/>\n\t<meta name=\"twitter:data1\" content=\"1 minute\" \/>\n<script type=\"application\/ld+json\" class=\"yoast-schema-graph\">{\"@context\":\"https:\\\/\\\/schema.org\",\"@graph\":[{\"@type\":\"WebPage\",\"@id\":\"https:\\\/\\\/www.loire-gourmande.fr\\\/en\\\/product\\\/vouvray-blanc-petillant-domaine-montdomaine\\\/\",\"url\":\"https:\\\/\\\/www.loire-gourmande.fr\\\/en\\\/product\\\/vouvray-blanc-petillant-domaine-montdomaine\\\/\",\"name\":\"VOUVRAY BLANC PETILLANT DOMAINE MONTDOMAINE - Loire Gourmande - a tasty stage\",\"isPartOf\":{\"@id\":\"https:\\\/\\\/www.loire-gourmande.fr\\\/en\\\/#website\"},\"primaryImageOfPage\":{\"@id\":\"https:\\\/\\\/www.loire-gourmande.fr\\\/en\\\/product\\\/vouvray-blanc-petillant-domaine-montdomaine\\\/#primaryimage\"},\"image\":{\"@id\":\"https:\\\/\\\/www.loire-gourmande.fr\\\/en\\\/product\\\/vouvray-blanc-petillant-domaine-montdomaine\\\/#primaryimage\"},\"thumbnailUrl\":\"https:\\\/\\\/www.loire-gourmande.fr\\\/wp-content\\\/uploads\\\/2024\\\/02\\\/Vouvray.jpg\",\"datePublished\":\"2024-02-25T09:16:17+00:00\",\"dateModified\":\"2025-05-06T06:21:55+00:00\",\"description\":\"VOUVRAY BLANC PETILLANT DOMAINE MONTDOMAINE. Loire Valley wine. Order from the Loire Gourmande website. Wine merchant in Turquant (49).\",\"breadcrumb\":{\"@id\":\"https:\\\/\\\/www.loire-gourmande.fr\\\/en\\\/product\\\/vouvray-blanc-petillant-domaine-montdomaine\\\/#breadcrumb\"},\"inLanguage\":\"en-US\",\"potentialAction\":[{\"@type\":\"ReadAction\",\"target\":[\"https:\\\/\\\/www.loire-gourmande.fr\\\/en\\\/product\\\/vouvray-blanc-petillant-domaine-montdomaine\\\/\"]}]},{\"@type\":\"ImageObject\",\"inLanguage\":\"en-US\",\"@id\":\"https:\\\/\\\/www.loire-gourmande.fr\\\/en\\\/product\\\/vouvray-blanc-petillant-domaine-montdomaine\\\/#primaryimage\",\"url\":\"https:\\\/\\\/www.loire-gourmande.fr\\\/wp-content\\\/uploads\\\/2024\\\/02\\\/Vouvray.jpg\",\"contentUrl\":\"https:\\\/\\\/www.loire-gourmande.fr\\\/wp-content\\\/uploads\\\/2024\\\/02\\\/Vouvray.jpg\",\"width\":800,\"height\":800},{\"@type\":\"BreadcrumbList\",\"@id\":\"https:\\\/\\\/www.loire-gourmande.fr\\\/en\\\/product\\\/vouvray-blanc-petillant-domaine-montdomaine\\\/#breadcrumb\",\"itemListElement\":[{\"@type\":\"ListItem\",\"position\":1,\"name\":\"Home\",\"item\":\"https:\\\/\\\/www.loire-gourmande.fr\\\/en\\\/\"},{\"@type\":\"ListItem\",\"position\":2,\"name\":\"The Boutique de Loire Gourmande: the wines of the Loire\",\"item\":\"https:\\\/\\\/www.loire-gourmande.fr\\\/en\\\/woocommerce\\\/\"},{\"@type\":\"ListItem\",\"position\":3,\"name\":\"Wines\",\"item\":\"https:\\\/\\\/www.loire-gourmande.fr\\\/en\\\/product-category\\\/wines\\\/\"},{\"@type\":\"ListItem\",\"position\":4,\"name\":\"Organic wines\",\"item\":\"https:\\\/\\\/www.loire-gourmande.fr\\\/en\\\/product-category\\\/wines\\\/organic-wines\\\/\"},{\"@type\":\"ListItem\",\"position\":5,\"name\":\"VOUVRAY BLANC PETILLANT DOMAINE MONTDOMAINE\"}]},{\"@type\":\"WebSite\",\"@id\":\"https:\\\/\\\/www.loire-gourmande.fr\\\/en\\\/#website\",\"url\":\"https:\\\/\\\/www.loire-gourmande.fr\\\/en\\\/\",\"name\":\"Loire Gourmande, une \u00e9tape savoureuse\",\"description\":\"a tasting session at any time and a shop to visit in Turquant (49)\\n\\n\\n\\n\\n\\n\\n\\n\",\"publisher\":{\"@id\":\"https:\\\/\\\/www.loire-gourmande.fr\\\/en\\\/#organization\"},\"potentialAction\":[{\"@type\":\"SearchAction\",\"target\":{\"@type\":\"EntryPoint\",\"urlTemplate\":\"https:\\\/\\\/www.loire-gourmande.fr\\\/en\\\/?s={search_term_string}\"},\"query-input\":{\"@type\":\"PropertyValueSpecification\",\"valueRequired\":true,\"valueName\":\"search_term_string\"}}],\"inLanguage\":\"en-US\"},{\"@type\":\"Organization\",\"@id\":\"https:\\\/\\\/www.loire-gourmande.fr\\\/en\\\/#organization\",\"name\":\"Loire Gourmande - restauration rapide et visite \u00e0 Turquant (49)\",\"url\":\"https:\\\/\\\/www.loire-gourmande.fr\\\/en\\\/\",\"logo\":{\"@type\":\"ImageObject\",\"inLanguage\":\"en-US\",\"@id\":\"https:\\\/\\\/www.loire-gourmande.fr\\\/en\\\/#\\\/schema\\\/logo\\\/image\\\/\",\"url\":\"https:\\\/\\\/www.loire-gourmande.fr\\\/wp-content\\\/uploads\\\/2020\\\/10\\\/loire-gourmande-logo.jpg\",\"contentUrl\":\"https:\\\/\\\/www.loire-gourmande.fr\\\/wp-content\\\/uploads\\\/2020\\\/10\\\/loire-gourmande-logo.jpg\",\"width\":800,\"height\":415,\"caption\":\"Loire Gourmande - restauration rapide et visite \u00e0 Turquant (49)\"},\"image\":{\"@id\":\"https:\\\/\\\/www.loire-gourmande.fr\\\/en\\\/#\\\/schema\\\/logo\\\/image\\\/\"},\"sameAs\":[\"https:\\\/\\\/www.facebook.com\\\/Loire-Gourmande-Turquant-101991328328493\\\/\",\"https:\\\/\\\/www.instagram.com\\\/jean_yves_auradon\\\/?igshid=1ta3mfjka326t\"]}]}<\/script>\n<!-- \/ Yoast SEO plugin. -->","yoast_head_json":{"title":"VOUVRAY BLANC PETILLANT DOMAINE MONTDOMAINE - Loire Gourmande - a tasty stage","description":"VOUVRAY BLANC PETILLANT DOMAINE MONTDOMAINE. Loire Valley wine. Order from the Loire Gourmande website. Wine merchant in Turquant (49).","robots":{"index":"index","follow":"follow","max-snippet":"max-snippet:-1","max-image-preview":"max-image-preview:large","max-video-preview":"max-video-preview:-1"},"canonical":"https:\/\/www.loire-gourmande.fr\/en\/product\/vouvray-blanc-petillant-domaine-montdomaine\/","og_locale":"en_US","og_type":"article","og_title":"VOUVRAY BLANC PETILLANT DOMAINE MONTDOMAINE - Loire Gourmande - a tasty stage","og_description":"VOUVRAY BLANC PETILLANT DOMAINE MONTDOMAINE. Loire Valley wine. Order from the Loire Gourmande website. Wine merchant in Turquant (49).","og_url":"https:\/\/www.loire-gourmande.fr\/en\/product\/vouvray-blanc-petillant-domaine-montdomaine\/","og_site_name":"Loire Gourmande - a tasty stage","article_publisher":"https:\/\/www.facebook.com\/Loire-Gourmande-Turquant-101991328328493\/","article_modified_time":"2025-05-06T06:21:55+00:00","og_image":[{"width":800,"height":800,"url":"https:\/\/www.loire-gourmande.fr\/wp-content\/uploads\/2024\/02\/Vouvray.jpg","type":"image\/jpeg"}],"twitter_card":"summary_large_image","twitter_misc":{"Est. reading time":"1 minute"},"schema":{"@context":"https:\/\/schema.org","@graph":[{"@type":"WebPage","@id":"https:\/\/www.loire-gourmande.fr\/en\/product\/vouvray-blanc-petillant-domaine-montdomaine\/","url":"https:\/\/www.loire-gourmande.fr\/en\/product\/vouvray-blanc-petillant-domaine-montdomaine\/","name":"VOUVRAY BLANC PETILLANT DOMAINE MONTDOMAINE - Loire Gourmande - a tasty stage","isPartOf":{"@id":"https:\/\/www.loire-gourmande.fr\/en\/#website"},"primaryImageOfPage":{"@id":"https:\/\/www.loire-gourmande.fr\/en\/product\/vouvray-blanc-petillant-domaine-montdomaine\/#primaryimage"},"image":{"@id":"https:\/\/www.loire-gourmande.fr\/en\/product\/vouvray-blanc-petillant-domaine-montdomaine\/#primaryimage"},"thumbnailUrl":"https:\/\/www.loire-gourmande.fr\/wp-content\/uploads\/2024\/02\/Vouvray.jpg","datePublished":"2024-02-25T09:16:17+00:00","dateModified":"2025-05-06T06:21:55+00:00","description":"VOUVRAY BLANC PETILLANT DOMAINE MONTDOMAINE. Loire Valley wine. Order from the Loire Gourmande website. Wine merchant in Turquant (49).","breadcrumb":{"@id":"https:\/\/www.loire-gourmande.fr\/en\/product\/vouvray-blanc-petillant-domaine-montdomaine\/#breadcrumb"},"inLanguage":"en-US","potentialAction":[{"@type":"ReadAction","target":["https:\/\/www.loire-gourmande.fr\/en\/product\/vouvray-blanc-petillant-domaine-montdomaine\/"]}]},{"@type":"ImageObject","inLanguage":"en-US","@id":"https:\/\/www.loire-gourmande.fr\/en\/product\/vouvray-blanc-petillant-domaine-montdomaine\/#primaryimage","url":"https:\/\/www.loire-gourmande.fr\/wp-content\/uploads\/2024\/02\/Vouvray.jpg","contentUrl":"https:\/\/www.loire-gourmande.fr\/wp-content\/uploads\/2024\/02\/Vouvray.jpg","width":800,"height":800},{"@type":"BreadcrumbList","@id":"https:\/\/www.loire-gourmande.fr\/en\/product\/vouvray-blanc-petillant-domaine-montdomaine\/#breadcrumb","itemListElement":[{"@type":"ListItem","position":1,"name":"Home","item":"https:\/\/www.loire-gourmande.fr\/en\/"},{"@type":"ListItem","position":2,"name":"The Boutique de Loire Gourmande: the wines of the Loire","item":"https:\/\/www.loire-gourmande.fr\/en\/woocommerce\/"},{"@type":"ListItem","position":3,"name":"Wines","item":"https:\/\/www.loire-gourmande.fr\/en\/product-category\/wines\/"},{"@type":"ListItem","position":4,"name":"Organic wines","item":"https:\/\/www.loire-gourmande.fr\/en\/product-category\/wines\/organic-wines\/"},{"@type":"ListItem","position":5,"name":"VOUVRAY BLANC PETILLANT DOMAINE MONTDOMAINE"}]},{"@type":"WebSite","@id":"https:\/\/www.loire-gourmande.fr\/en\/#website","url":"https:\/\/www.loire-gourmande.fr\/en\/","name":"Loire Gourmande, une \u00e9tape savoureuse","description":"a tasting session at any time and a shop to visit in Turquant (49)\n\n\n\n\n\n\n\n","publisher":{"@id":"https:\/\/www.loire-gourmande.fr\/en\/#organization"},"potentialAction":[{"@type":"SearchAction","target":{"@type":"EntryPoint","urlTemplate":"https:\/\/www.loire-gourmande.fr\/en\/?s={search_term_string}"},"query-input":{"@type":"PropertyValueSpecification","valueRequired":true,"valueName":"search_term_string"}}],"inLanguage":"en-US"},{"@type":"Organization","@id":"https:\/\/www.loire-gourmande.fr\/en\/#organization","name":"Loire Gourmande - restauration rapide et visite \u00e0 Turquant (49)","url":"https:\/\/www.loire-gourmande.fr\/en\/","logo":{"@type":"ImageObject","inLanguage":"en-US","@id":"https:\/\/www.loire-gourmande.fr\/en\/#\/schema\/logo\/image\/","url":"https:\/\/www.loire-gourmande.fr\/wp-content\/uploads\/2020\/10\/loire-gourmande-logo.jpg","contentUrl":"https:\/\/www.loire-gourmande.fr\/wp-content\/uploads\/2020\/10\/loire-gourmande-logo.jpg","width":800,"height":415,"caption":"Loire Gourmande - restauration rapide et visite \u00e0 Turquant (49)"},"image":{"@id":"https:\/\/www.loire-gourmande.fr\/en\/#\/schema\/logo\/image\/"},"sameAs":["https:\/\/www.facebook.com\/Loire-Gourmande-Turquant-101991328328493\/","https:\/\/www.instagram.com\/jean_yves_auradon\/?igshid=1ta3mfjka326t"]}]}},"_links":{"self":[{"href":"https:\/\/www.loire-gourmande.fr\/en\/wp-json\/wp\/v2\/product\/10140","targetHints":{"allow":["GET"]}}],"collection":[{"href":"https:\/\/www.loire-gourmande.fr\/en\/wp-json\/wp\/v2\/product"}],"about":[{"href":"https:\/\/www.loire-gourmande.fr\/en\/wp-json\/wp\/v2\/types\/product"}],"version-history":[{"count":1,"href":"https:\/\/www.loire-gourmande.fr\/en\/wp-json\/wp\/v2\/product\/10140\/revisions"}],"predecessor-version":[{"id":12829,"href":"https:\/\/www.loire-gourmande.fr\/en\/wp-json\/wp\/v2\/product\/10140\/revisions\/12829"}],"wp:featuredmedia":[{"embeddable":true,"href":"https:\/\/www.loire-gourmande.fr\/en\/wp-json\/wp\/v2\/media\/10128"}],"wp:attachment":[{"href":"https:\/\/www.loire-gourmande.fr\/en\/wp-json\/wp\/v2\/media?parent=10140"}],"wp:term":[{"taxonomy":"product_brand","embeddable":true,"href":"https:\/\/www.loire-gourmande.fr\/en\/wp-json\/wp\/v2\/product_brand?post=10140"},{"taxonomy":"product_cat","embeddable":true,"href":"https:\/\/www.loire-gourmande.fr\/en\/wp-json\/wp\/v2\/product_cat?post=10140"},{"taxonomy":"product_tag","embeddable":true,"href":"https:\/\/www.loire-gourmande.fr\/en\/wp-json\/wp\/v2\/product_tag?post=10140"}],"curies":[{"name":"wp","href":"https:\/\/api.w.org\/{rel}","templated":true}]}}