{"id":12627,"date":"2024-02-24T16:34:36","date_gmt":"2024-02-24T16:34:36","guid":{"rendered":"https:\/\/www.loire-gourmande.fr\/produit\/touraine-chenonceaux-dpo-blanc-domaine-pere-auguste\/"},"modified":"2024-02-24T16:34:36","modified_gmt":"2024-02-24T15:34:36","slug":"touraine-chenonceaux-dpo-blanc-domaine-pere-auguste","status":"publish","type":"product","link":"https:\/\/www.loire-gourmande.fr\/en\/product\/touraine-chenonceaux-dpo-blanc-domaine-pere-auguste\/","title":{"rendered":"TOURAINE CHENONCEAUX DPO BLANC DOMAINE P\u00c8RE AUGUSTE"},"content":{"rendered":"<p>It is made from the ripest Sauvignon Blanc grapes. Ageing on the lees gives it a lovely roundness on the palate, reinforcing its yellow fruit and citrus aromas. <\/p>\n<div class=\"vc_custom_heading_wrap \">\n<div class=\"heading-text el-text\">\n<p class=\"h1\">Ageing on lees.<br \/>\n<span style=\"font-size: 16px;\">After alcoholic fermentation, the yeasts die and settle to the bottom of the tank, forming what are known as lees. Little by little, these dead cells disintegrate, releasing molecules into the wine that give it volume and fatness to support the fruitiness! <\/span><\/p>\n<\/div>\n<\/div>\n<p>Attractive pale color with green and golden highlights.<br \/>\nThe nose is immediately seductive with its finesse, freshness and complexity. The dominant aroma is fruity, with a base of citrus and white fruits.<br \/>\nThe palate is characterized by a balance between volume and freshness, with an omnipresent aromatic accompaniment (citrus, then blackcurrant and candied citrus on the finish).<br \/>\n<strong>Grape variety:<\/strong> Sauvignon Blanc<br \/>\n<strong>Vintage<\/strong>: 2022<br \/>\n<strong>Suggested dishes:<\/strong> Aperitif, fish, seafood<br \/>\n<strong>Tasting temperature:<\/strong> 8\u00b0C<br \/>\n<strong>Ageing potential:<\/strong> To be appreciated between now and 3 years.<br \/>\n<strong>Food &amp; wine: <\/strong>This wine goes perfectly with : Aperitif \/ Cheese \/ Fish.<\/p>\n","protected":false},"excerpt":{"rendered":"<div id=\"row-unique-1\" class=\"vc_row row-container\" data-parent=\"true\" data-section=\"1\">\n<div class=\"row single-top-padding one-bottom-padding single-h-padding limit-width row-parent\" data-imgready=\"true\">\n<div class=\"wpb_row row-inner\">\n<div class=\"wpb_column pos-middle pos-center align_center column_parent col-lg-12 half-internal-gutter\">\n<div class=\"uncol style-light\">\n<div class=\"uncoltable\">\n<div class=\"uncell no-block-padding\">\n<div class=\"uncont\">\n<div class=\"vc_custom_heading_wrap \">\n<div class=\"heading-text el-text\">\n<p class=\"h2\">L&#8217;histoire des Godeau : une famille de vignerons<\/p>\n<\/div>\n<\/div>\n<\/div>\n<\/div>\n<\/div>\n<\/div>\n<\/div>\n<\/div>\n<\/div>\n<\/div>\n<div class=\"row single-top-padding one-bottom-padding single-h-padding limit-width row-parent\" data-imgready=\"true\">\n<div class=\"wpb_row row-inner\">\n<div class=\"wpb_column pos-middle pos-center align_left column_parent col-lg-9 single-internal-gutter\">\n<div class=\"uncol style-light\">\n<div class=\"uncoltable\">\n<div class=\"uncell no-block-padding\">\n<div class=\"uncont\">\n<div class=\"uncode_text_column\">\n<p>It was 145 years ago that our ancestor, Auguste, settled here and began digging in the tufa stone beneath the hillside supporting his vines. Tandis que la plus grande cave \u00e9tait destin\u00e9e \u00e0 la production des vins, les autres ont h\u00e9berg\u00e9 les vaches, chevaux et cochons. The stones extracted were used to build the house and the farmhouse.<\/p>\n<p><strong>It is in these cellars that 6 generations of our family have passed on their passion for our terroir and wines.<\/strong><\/p>\n<\/div>\n<\/div>\n<\/div>\n<\/div>\n<\/div>\n<\/div>\n<\/div>\n<\/div>\n<div id=\"row-unique-3\" class=\"vc_row row-container\" data-parent=\"true\" data-section=\"3\">\n<div class=\"row single-top-padding one-bottom-padding single-h-padding limit-width row-parent\" data-imgready=\"true\">\n<div class=\"wpb_row row-inner\">\n<div class=\"wpb_column pos-top pos-center align_center column_parent col-lg-8 half-internal-gutter\">\n<div class=\"uncol style-light\">\n<div class=\"uncoltable\">\n<div class=\"uncell no-block-padding\">\n<div class=\"uncont\">\n<div class=\"uncode_text_column\">\n<p>Today,<strong> the estate is classified as &#8220;High Environmental Value&#8221;<\/strong> represents 45 hectares of vines and covers the entire hillside between the villages of Civray-de-Touraine and Chenonceaux.<\/p>\n<p>With our<strong>7 different grape varieties<\/strong>,we have a wine to suit every palate. From the very outskirts of Ch\u00e2teau de Chenonceau, you&#8217;ll be able to see what we do.<strong>we work the vines and wines for our illustrious neighbour.<\/strong><\/p>\n<\/div>\n<\/div>\n<\/div>\n<\/div>\n<\/div>\n<\/div>\n<\/div>\n<\/div>\n<\/div>\n","protected":false},"featured_media":10106,"template":"","meta":{"inline_featured_image":false},"product_brand":[],"product_cat":[344,337,333],"product_tag":[354,374,356],"class_list":{"0":"post-12627","1":"product","2":"type-product","3":"status-publish","4":"has-post-thumbnail","6":"product_cat-touraine-en","7":"product_cat-white-wines","8":"product_cat-wines","9":"product_tag-aperitif-en","10":"product_tag-cheese","11":"product_tag-fish","12":"product_shipping_class-bottle","14":"first","15":"instock","16":"taxable","17":"shipping-taxable","18":"purchasable","19":"product-type-simple"},"yoast_head":"<!-- This site is optimized with the Yoast SEO plugin v27.6 - https:\/\/yoast.com\/product\/yoast-seo-wordpress\/ -->\n<title>TOURAINE CHENONCEAUX DPO BLANC DOMAINE P\u00c8RE AUGUSTE - Loire Gourmande - a tasty stage<\/title>\n<meta name=\"description\" content=\"TOURAINE CHENONCEAUX DPO BLANC DOMAINE P\u00c8RE AUGUSTE. Loire Valley wine. Order from the Loire Gourmande website. Wine merchant in Turquant (49).\" \/>\n<meta name=\"robots\" content=\"index, follow, max-snippet:-1, max-image-preview:large, max-video-preview:-1\" \/>\n<link rel=\"canonical\" href=\"https:\/\/www.loire-gourmande.fr\/en\/product\/touraine-chenonceaux-dpo-blanc-domaine-pere-auguste\/\" \/>\n<meta property=\"og:locale\" content=\"en_US\" \/>\n<meta property=\"og:type\" content=\"article\" \/>\n<meta property=\"og:title\" content=\"TOURAINE CHENONCEAUX DPO BLANC DOMAINE P\u00c8RE AUGUSTE - Loire Gourmande - a tasty stage\" \/>\n<meta property=\"og:description\" content=\"TOURAINE CHENONCEAUX DPO BLANC DOMAINE P\u00c8RE AUGUSTE. Loire Valley wine. Order from the Loire Gourmande website. Wine merchant in Turquant (49).\" \/>\n<meta property=\"og:url\" content=\"https:\/\/www.loire-gourmande.fr\/en\/product\/touraine-chenonceaux-dpo-blanc-domaine-pere-auguste\/\" \/>\n<meta property=\"og:site_name\" content=\"Loire Gourmande - a tasty stage\" \/>\n<meta property=\"article:publisher\" content=\"https:\/\/www.facebook.com\/Loire-Gourmande-Turquant-101991328328493\/\" \/>\n<meta property=\"og:image\" content=\"https:\/\/www.loire-gourmande.fr\/wp-content\/uploads\/2024\/02\/Chenonceaux-blanc.jpg\" \/>\n\t<meta property=\"og:image:width\" content=\"800\" \/>\n\t<meta property=\"og:image:height\" content=\"800\" \/>\n\t<meta property=\"og:image:type\" content=\"image\/jpeg\" \/>\n<meta name=\"twitter:card\" content=\"summary_large_image\" \/>\n<meta name=\"twitter:label1\" content=\"Est. reading time\" \/>\n\t<meta name=\"twitter:data1\" content=\"1 minute\" \/>\n<script type=\"application\/ld+json\" class=\"yoast-schema-graph\">{\"@context\":\"https:\\\/\\\/schema.org\",\"@graph\":[{\"@type\":\"WebPage\",\"@id\":\"https:\\\/\\\/www.loire-gourmande.fr\\\/en\\\/product\\\/touraine-chenonceaux-dpo-blanc-domaine-pere-auguste\\\/\",\"url\":\"https:\\\/\\\/www.loire-gourmande.fr\\\/en\\\/product\\\/touraine-chenonceaux-dpo-blanc-domaine-pere-auguste\\\/\",\"name\":\"TOURAINE CHENONCEAUX DPO BLANC DOMAINE P\u00c8RE AUGUSTE - Loire Gourmande - a tasty stage\",\"isPartOf\":{\"@id\":\"https:\\\/\\\/www.loire-gourmande.fr\\\/en\\\/#website\"},\"primaryImageOfPage\":{\"@id\":\"https:\\\/\\\/www.loire-gourmande.fr\\\/en\\\/product\\\/touraine-chenonceaux-dpo-blanc-domaine-pere-auguste\\\/#primaryimage\"},\"image\":{\"@id\":\"https:\\\/\\\/www.loire-gourmande.fr\\\/en\\\/product\\\/touraine-chenonceaux-dpo-blanc-domaine-pere-auguste\\\/#primaryimage\"},\"thumbnailUrl\":\"https:\\\/\\\/www.loire-gourmande.fr\\\/wp-content\\\/uploads\\\/2024\\\/02\\\/Chenonceaux-blanc.jpg\",\"datePublished\":\"2024-02-24T16:34:36+00:00\",\"description\":\"TOURAINE CHENONCEAUX DPO BLANC DOMAINE P\u00c8RE AUGUSTE. Loire Valley wine. Order from the Loire Gourmande website. Wine merchant in Turquant (49).\",\"breadcrumb\":{\"@id\":\"https:\\\/\\\/www.loire-gourmande.fr\\\/en\\\/product\\\/touraine-chenonceaux-dpo-blanc-domaine-pere-auguste\\\/#breadcrumb\"},\"inLanguage\":\"en-US\",\"potentialAction\":[{\"@type\":\"ReadAction\",\"target\":[\"https:\\\/\\\/www.loire-gourmande.fr\\\/en\\\/product\\\/touraine-chenonceaux-dpo-blanc-domaine-pere-auguste\\\/\"]}]},{\"@type\":\"ImageObject\",\"inLanguage\":\"en-US\",\"@id\":\"https:\\\/\\\/www.loire-gourmande.fr\\\/en\\\/product\\\/touraine-chenonceaux-dpo-blanc-domaine-pere-auguste\\\/#primaryimage\",\"url\":\"https:\\\/\\\/www.loire-gourmande.fr\\\/wp-content\\\/uploads\\\/2024\\\/02\\\/Chenonceaux-blanc.jpg\",\"contentUrl\":\"https:\\\/\\\/www.loire-gourmande.fr\\\/wp-content\\\/uploads\\\/2024\\\/02\\\/Chenonceaux-blanc.jpg\",\"width\":800,\"height\":800},{\"@type\":\"BreadcrumbList\",\"@id\":\"https:\\\/\\\/www.loire-gourmande.fr\\\/en\\\/product\\\/touraine-chenonceaux-dpo-blanc-domaine-pere-auguste\\\/#breadcrumb\",\"itemListElement\":[{\"@type\":\"ListItem\",\"position\":1,\"name\":\"Home\",\"item\":\"https:\\\/\\\/www.loire-gourmande.fr\\\/en\\\/\"},{\"@type\":\"ListItem\",\"position\":2,\"name\":\"The Boutique de Loire Gourmande: the wines of the Loire\",\"item\":\"https:\\\/\\\/www.loire-gourmande.fr\\\/en\\\/woocommerce\\\/\"},{\"@type\":\"ListItem\",\"position\":3,\"name\":\"Wines\",\"item\":\"https:\\\/\\\/www.loire-gourmande.fr\\\/en\\\/product-category\\\/wines\\\/\"},{\"@type\":\"ListItem\",\"position\":4,\"name\":\"TOURAINE CHENONCEAUX DPO BLANC DOMAINE P\u00c8RE AUGUSTE\"}]},{\"@type\":\"WebSite\",\"@id\":\"https:\\\/\\\/www.loire-gourmande.fr\\\/en\\\/#website\",\"url\":\"https:\\\/\\\/www.loire-gourmande.fr\\\/en\\\/\",\"name\":\"Loire Gourmande, une \u00e9tape savoureuse\",\"description\":\"a tasting session at any time and a shop to visit in Turquant (49)\\n\\n\\n\\n\\n\\n\\n\\n\",\"publisher\":{\"@id\":\"https:\\\/\\\/www.loire-gourmande.fr\\\/en\\\/#organization\"},\"potentialAction\":[{\"@type\":\"SearchAction\",\"target\":{\"@type\":\"EntryPoint\",\"urlTemplate\":\"https:\\\/\\\/www.loire-gourmande.fr\\\/en\\\/?s={search_term_string}\"},\"query-input\":{\"@type\":\"PropertyValueSpecification\",\"valueRequired\":true,\"valueName\":\"search_term_string\"}}],\"inLanguage\":\"en-US\"},{\"@type\":\"Organization\",\"@id\":\"https:\\\/\\\/www.loire-gourmande.fr\\\/en\\\/#organization\",\"name\":\"Loire Gourmande - restauration rapide et visite \u00e0 Turquant (49)\",\"url\":\"https:\\\/\\\/www.loire-gourmande.fr\\\/en\\\/\",\"logo\":{\"@type\":\"ImageObject\",\"inLanguage\":\"en-US\",\"@id\":\"https:\\\/\\\/www.loire-gourmande.fr\\\/en\\\/#\\\/schema\\\/logo\\\/image\\\/\",\"url\":\"https:\\\/\\\/www.loire-gourmande.fr\\\/wp-content\\\/uploads\\\/2020\\\/10\\\/loire-gourmande-logo.jpg\",\"contentUrl\":\"https:\\\/\\\/www.loire-gourmande.fr\\\/wp-content\\\/uploads\\\/2020\\\/10\\\/loire-gourmande-logo.jpg\",\"width\":800,\"height\":415,\"caption\":\"Loire Gourmande - restauration rapide et visite \u00e0 Turquant (49)\"},\"image\":{\"@id\":\"https:\\\/\\\/www.loire-gourmande.fr\\\/en\\\/#\\\/schema\\\/logo\\\/image\\\/\"},\"sameAs\":[\"https:\\\/\\\/www.facebook.com\\\/Loire-Gourmande-Turquant-101991328328493\\\/\",\"https:\\\/\\\/www.instagram.com\\\/jean_yves_auradon\\\/?igshid=1ta3mfjka326t\"]}]}<\/script>\n<!-- \/ Yoast SEO plugin. -->","yoast_head_json":{"title":"TOURAINE CHENONCEAUX DPO BLANC DOMAINE P\u00c8RE AUGUSTE - Loire Gourmande - a tasty stage","description":"TOURAINE CHENONCEAUX DPO BLANC DOMAINE P\u00c8RE AUGUSTE. Loire Valley wine. Order from the Loire Gourmande website. Wine merchant in Turquant (49).","robots":{"index":"index","follow":"follow","max-snippet":"max-snippet:-1","max-image-preview":"max-image-preview:large","max-video-preview":"max-video-preview:-1"},"canonical":"https:\/\/www.loire-gourmande.fr\/en\/product\/touraine-chenonceaux-dpo-blanc-domaine-pere-auguste\/","og_locale":"en_US","og_type":"article","og_title":"TOURAINE CHENONCEAUX DPO BLANC DOMAINE P\u00c8RE AUGUSTE - Loire Gourmande - a tasty stage","og_description":"TOURAINE CHENONCEAUX DPO BLANC DOMAINE P\u00c8RE AUGUSTE. Loire Valley wine. Order from the Loire Gourmande website. Wine merchant in Turquant (49).","og_url":"https:\/\/www.loire-gourmande.fr\/en\/product\/touraine-chenonceaux-dpo-blanc-domaine-pere-auguste\/","og_site_name":"Loire Gourmande - a tasty stage","article_publisher":"https:\/\/www.facebook.com\/Loire-Gourmande-Turquant-101991328328493\/","og_image":[{"width":800,"height":800,"url":"https:\/\/www.loire-gourmande.fr\/wp-content\/uploads\/2024\/02\/Chenonceaux-blanc.jpg","type":"image\/jpeg"}],"twitter_card":"summary_large_image","twitter_misc":{"Est. reading time":"1 minute"},"schema":{"@context":"https:\/\/schema.org","@graph":[{"@type":"WebPage","@id":"https:\/\/www.loire-gourmande.fr\/en\/product\/touraine-chenonceaux-dpo-blanc-domaine-pere-auguste\/","url":"https:\/\/www.loire-gourmande.fr\/en\/product\/touraine-chenonceaux-dpo-blanc-domaine-pere-auguste\/","name":"TOURAINE CHENONCEAUX DPO BLANC DOMAINE P\u00c8RE AUGUSTE - Loire Gourmande - a tasty stage","isPartOf":{"@id":"https:\/\/www.loire-gourmande.fr\/en\/#website"},"primaryImageOfPage":{"@id":"https:\/\/www.loire-gourmande.fr\/en\/product\/touraine-chenonceaux-dpo-blanc-domaine-pere-auguste\/#primaryimage"},"image":{"@id":"https:\/\/www.loire-gourmande.fr\/en\/product\/touraine-chenonceaux-dpo-blanc-domaine-pere-auguste\/#primaryimage"},"thumbnailUrl":"https:\/\/www.loire-gourmande.fr\/wp-content\/uploads\/2024\/02\/Chenonceaux-blanc.jpg","datePublished":"2024-02-24T16:34:36+00:00","description":"TOURAINE CHENONCEAUX DPO BLANC DOMAINE P\u00c8RE AUGUSTE. Loire Valley wine. Order from the Loire Gourmande website. Wine merchant in Turquant (49).","breadcrumb":{"@id":"https:\/\/www.loire-gourmande.fr\/en\/product\/touraine-chenonceaux-dpo-blanc-domaine-pere-auguste\/#breadcrumb"},"inLanguage":"en-US","potentialAction":[{"@type":"ReadAction","target":["https:\/\/www.loire-gourmande.fr\/en\/product\/touraine-chenonceaux-dpo-blanc-domaine-pere-auguste\/"]}]},{"@type":"ImageObject","inLanguage":"en-US","@id":"https:\/\/www.loire-gourmande.fr\/en\/product\/touraine-chenonceaux-dpo-blanc-domaine-pere-auguste\/#primaryimage","url":"https:\/\/www.loire-gourmande.fr\/wp-content\/uploads\/2024\/02\/Chenonceaux-blanc.jpg","contentUrl":"https:\/\/www.loire-gourmande.fr\/wp-content\/uploads\/2024\/02\/Chenonceaux-blanc.jpg","width":800,"height":800},{"@type":"BreadcrumbList","@id":"https:\/\/www.loire-gourmande.fr\/en\/product\/touraine-chenonceaux-dpo-blanc-domaine-pere-auguste\/#breadcrumb","itemListElement":[{"@type":"ListItem","position":1,"name":"Home","item":"https:\/\/www.loire-gourmande.fr\/en\/"},{"@type":"ListItem","position":2,"name":"The Boutique de Loire Gourmande: the wines of the Loire","item":"https:\/\/www.loire-gourmande.fr\/en\/woocommerce\/"},{"@type":"ListItem","position":3,"name":"Wines","item":"https:\/\/www.loire-gourmande.fr\/en\/product-category\/wines\/"},{"@type":"ListItem","position":4,"name":"TOURAINE CHENONCEAUX DPO BLANC DOMAINE P\u00c8RE AUGUSTE"}]},{"@type":"WebSite","@id":"https:\/\/www.loire-gourmande.fr\/en\/#website","url":"https:\/\/www.loire-gourmande.fr\/en\/","name":"Loire Gourmande, une \u00e9tape savoureuse","description":"a tasting session at any time and a shop to visit in Turquant (49)\n\n\n\n\n\n\n\n","publisher":{"@id":"https:\/\/www.loire-gourmande.fr\/en\/#organization"},"potentialAction":[{"@type":"SearchAction","target":{"@type":"EntryPoint","urlTemplate":"https:\/\/www.loire-gourmande.fr\/en\/?s={search_term_string}"},"query-input":{"@type":"PropertyValueSpecification","valueRequired":true,"valueName":"search_term_string"}}],"inLanguage":"en-US"},{"@type":"Organization","@id":"https:\/\/www.loire-gourmande.fr\/en\/#organization","name":"Loire Gourmande - restauration rapide et visite \u00e0 Turquant (49)","url":"https:\/\/www.loire-gourmande.fr\/en\/","logo":{"@type":"ImageObject","inLanguage":"en-US","@id":"https:\/\/www.loire-gourmande.fr\/en\/#\/schema\/logo\/image\/","url":"https:\/\/www.loire-gourmande.fr\/wp-content\/uploads\/2020\/10\/loire-gourmande-logo.jpg","contentUrl":"https:\/\/www.loire-gourmande.fr\/wp-content\/uploads\/2020\/10\/loire-gourmande-logo.jpg","width":800,"height":415,"caption":"Loire Gourmande - restauration rapide et visite \u00e0 Turquant (49)"},"image":{"@id":"https:\/\/www.loire-gourmande.fr\/en\/#\/schema\/logo\/image\/"},"sameAs":["https:\/\/www.facebook.com\/Loire-Gourmande-Turquant-101991328328493\/","https:\/\/www.instagram.com\/jean_yves_auradon\/?igshid=1ta3mfjka326t"]}]}},"_links":{"self":[{"href":"https:\/\/www.loire-gourmande.fr\/en\/wp-json\/wp\/v2\/product\/12627","targetHints":{"allow":["GET"]}}],"collection":[{"href":"https:\/\/www.loire-gourmande.fr\/en\/wp-json\/wp\/v2\/product"}],"about":[{"href":"https:\/\/www.loire-gourmande.fr\/en\/wp-json\/wp\/v2\/types\/product"}],"version-history":[{"count":0,"href":"https:\/\/www.loire-gourmande.fr\/en\/wp-json\/wp\/v2\/product\/12627\/revisions"}],"wp:featuredmedia":[{"embeddable":true,"href":"https:\/\/www.loire-gourmande.fr\/en\/wp-json\/wp\/v2\/media\/10106"}],"wp:attachment":[{"href":"https:\/\/www.loire-gourmande.fr\/en\/wp-json\/wp\/v2\/media?parent=12627"}],"wp:term":[{"taxonomy":"product_brand","embeddable":true,"href":"https:\/\/www.loire-gourmande.fr\/en\/wp-json\/wp\/v2\/product_brand?post=12627"},{"taxonomy":"product_cat","embeddable":true,"href":"https:\/\/www.loire-gourmande.fr\/en\/wp-json\/wp\/v2\/product_cat?post=12627"},{"taxonomy":"product_tag","embeddable":true,"href":"https:\/\/www.loire-gourmande.fr\/en\/wp-json\/wp\/v2\/product_tag?post=12627"}],"curies":[{"name":"wp","href":"https:\/\/api.w.org\/{rel}","templated":true}]}}