{"id":13163,"date":"2025-05-08T08:13:46","date_gmt":"2025-05-08T07:13:46","guid":{"rendered":"https:\/\/www.loire-gourmande.fr\/produit\/cremant-de-loire-brut-chateau-de-la-fassardiere\/"},"modified":"2025-05-08T08:13:46","modified_gmt":"2025-05-08T07:13:46","slug":"cremant-de-loire-brut-chateau-de-la-fassardiere","status":"publish","type":"product","link":"https:\/\/www.loire-gourmande.fr\/en\/product\/cremant-de-loire-brut-chateau-de-la-fassardiere\/","title":{"rendered":"CR\u00c9MANT DE LOIRE BRUT CH\u00c2TEAU DE LA FASSARDI\u00c8RE"},"content":{"rendered":"<div class=\"-mt-8 mb-2 leading-none\">\n<div class=\"text-4xl font-din2014narrow\">Cr\u00e9mant Blanc<\/div>\n<div>Cr\u00e9mant de Loire<\/div>\n<\/div>\n<div class=\"\">\n<div>\n<p class=\"editor-paragraph\" dir=\"ltr\">Appellation d&#8217;origine contr\u00f4l\u00e9e, traditional method. The early harvest is done manually in the crate in order to select the bunches as well as possible. Cr\u00e9mant de Loire blanc is a blend of the Cabernet Franc, Chenin and Chardonnay grape varieties.  <\/p>\n<\/div>\n<\/div>\n<div class=\"\">\n<div class=\"uppercase font-semibold font-din2014narrow\">TASTING<\/div>\n<div>\n<p class=\"editor-paragraph\" dir=\"ltr\">Crystal clear, straw yellow colour with golden shades. The nose presents aromatic complexities ranging from floral scents and white fruits to notes of toast or brioche. Fine and elegant bubbles on the palate with a remarkable freshness and citrus flavours.  <\/p>\n<\/div>\n<\/div>\n<div class=\"!border-none\">\n<div class=\"uppercase font-semibold font-din2014narrow\">SERVICE AND AGREEMENTS<\/div>\n<div>\n<p class=\"editor-paragraph\" dir=\"ltr\">Serve between 4\u00b0 and 6\u00b0 as an aperitif or dessert. Its finesse is perfect for a gourmet meal. Ageing potential: fully expressed within two to three years of marketing.  <\/p>\n<\/div>\n<\/div>\n","protected":false},"excerpt":{"rendered":"<p class=\"prose text-primary col-start-1 px-4 col-span-full md:col-span-8 row-start-[calc(3+var(--index))] text-md leading-snug md:leading-auto md:text-xl font-din2014 py-1 md:pt-0 md:pb-4 md:px-20 text-justify max-w-3xl\">The vineyard, managed by the Poitevin family, extends over the communes of Turquant and Montsoreau, which are part of the AOC Saumur Champigny. The terroir is made up of clay-limestone soil and precious tufa rock in the subsoil. This tuffeau stone, which is the hallmark of the Loire Valley&#8217;s cultural identity through its countless castles, abbeys, towns and villages, provides vines with a regular supply of water, even in times of drought, thanks to its porosity. Tuffeau also brings freshness and fruitiness to our cuv\u00e9es.<\/p>\n<p class=\"prose text-primary col-start-1 px-4 col-span-full md:col-span-8 row-start-[calc(3+var(--index))] text-md leading-snug md:leading-auto md:text-xl font-din2014 py-1 md:pt-0 md:pb-4 md:px-20 text-justify max-w-3xl\">The two characteristic grape varieties of our appellation are Cabernet Franc and Chenin. Cabernet Franc for the production of red wines in the Saumur Champigny appellation which gives us cuv\u00e9es with velvety and fruity tannins with different structures depending on the winemaking method. <\/p>\n","protected":false},"featured_media":12991,"template":"","meta":{"inline_featured_image":false},"product_brand":[],"product_cat":[334,540,339,337],"product_tag":[354,381],"class_list":{"0":"post-13163","1":"product","2":"type-product","3":"status-publish","4":"has-post-thumbnail","6":"product_cat-anjou-en","7":"product_cat-loire-valley","8":"product_cat-sparkling-wine","9":"product_cat-white-wines","10":"product_tag-aperitif-en","11":"product_tag-dessert-en","12":"product_shipping_class-bottle","14":"first","15":"instock","16":"taxable","17":"shipping-taxable","18":"purchasable","19":"product-type-simple"},"yoast_head":"<!-- This site is optimized with the Yoast SEO plugin v27.6 - https:\/\/yoast.com\/product\/yoast-seo-wordpress\/ -->\n<title>CR\u00c9MANT DE LOIRE BRUT CH\u00c2TEAU DE LA FASSARDI\u00c8RE - Loire Gourmande - a tasty stage<\/title>\n<meta name=\"robots\" content=\"index, follow, max-snippet:-1, max-image-preview:large, max-video-preview:-1\" \/>\n<link rel=\"canonical\" href=\"https:\/\/www.loire-gourmande.fr\/en\/product\/cremant-de-loire-brut-chateau-de-la-fassardiere\/\" \/>\n<meta property=\"og:locale\" content=\"en_US\" \/>\n<meta property=\"og:type\" content=\"article\" \/>\n<meta property=\"og:title\" content=\"CR\u00c9MANT DE LOIRE BRUT CH\u00c2TEAU DE LA FASSARDI\u00c8RE - Loire Gourmande - a tasty stage\" \/>\n<meta property=\"og:description\" content=\"The vineyard, managed by the Poitevin family, extends over the communes of Turquant and Montsoreau, which are part of the AOC Saumur Champigny. The terroir is made up of clay-limestone soil and precious tufa rock in the subsoil. This tuffeau stone, which is the hallmark of the Loire Valley&#039;s cultural identity through its countless castles, abbeys, towns and villages, provides vines with a regular supply of water, even in times of drought, thanks to its porosity. Tuffeau also brings freshness and fruitiness to our cuv\u00e9es. The two characteristic grape varieties of our appellation are Cabernet Franc and Chenin. Cabernet Franc for the production of red wines in the Saumur Champigny appellation which gives us cuv\u00e9es with velvety and fruity tannins with different structures depending on the winemaking method.\" \/>\n<meta property=\"og:url\" content=\"https:\/\/www.loire-gourmande.fr\/en\/product\/cremant-de-loire-brut-chateau-de-la-fassardiere\/\" \/>\n<meta property=\"og:site_name\" content=\"Loire Gourmande - a tasty stage\" \/>\n<meta property=\"article:publisher\" content=\"https:\/\/www.facebook.com\/Loire-Gourmande-Turquant-101991328328493\/\" \/>\n<meta property=\"og:image\" content=\"https:\/\/www.loire-gourmande.fr\/wp-content\/uploads\/2025\/05\/Cremant-Fessardiere.png\" \/>\n\t<meta property=\"og:image:width\" content=\"800\" \/>\n\t<meta property=\"og:image:height\" content=\"800\" \/>\n\t<meta property=\"og:image:type\" content=\"image\/png\" \/>\n<meta name=\"twitter:card\" content=\"summary_large_image\" \/>\n<meta name=\"twitter:label1\" content=\"Est. reading time\" \/>\n\t<meta name=\"twitter:data1\" content=\"1 minute\" \/>\n<script type=\"application\/ld+json\" class=\"yoast-schema-graph\">{\"@context\":\"https:\\\/\\\/schema.org\",\"@graph\":[{\"@type\":\"WebPage\",\"@id\":\"https:\\\/\\\/www.loire-gourmande.fr\\\/en\\\/product\\\/cremant-de-loire-brut-chateau-de-la-fassardiere\\\/\",\"url\":\"https:\\\/\\\/www.loire-gourmande.fr\\\/en\\\/product\\\/cremant-de-loire-brut-chateau-de-la-fassardiere\\\/\",\"name\":\"CR\u00c9MANT DE LOIRE BRUT CH\u00c2TEAU DE LA FASSARDI\u00c8RE - Loire Gourmande - a tasty stage\",\"isPartOf\":{\"@id\":\"https:\\\/\\\/www.loire-gourmande.fr\\\/en\\\/#website\"},\"primaryImageOfPage\":{\"@id\":\"https:\\\/\\\/www.loire-gourmande.fr\\\/en\\\/product\\\/cremant-de-loire-brut-chateau-de-la-fassardiere\\\/#primaryimage\"},\"image\":{\"@id\":\"https:\\\/\\\/www.loire-gourmande.fr\\\/en\\\/product\\\/cremant-de-loire-brut-chateau-de-la-fassardiere\\\/#primaryimage\"},\"thumbnailUrl\":\"https:\\\/\\\/www.loire-gourmande.fr\\\/wp-content\\\/uploads\\\/2025\\\/05\\\/Cremant-Fessardiere.png\",\"datePublished\":\"2025-05-08T07:13:46+00:00\",\"breadcrumb\":{\"@id\":\"https:\\\/\\\/www.loire-gourmande.fr\\\/en\\\/product\\\/cremant-de-loire-brut-chateau-de-la-fassardiere\\\/#breadcrumb\"},\"inLanguage\":\"en-US\",\"potentialAction\":[{\"@type\":\"ReadAction\",\"target\":[\"https:\\\/\\\/www.loire-gourmande.fr\\\/en\\\/product\\\/cremant-de-loire-brut-chateau-de-la-fassardiere\\\/\"]}]},{\"@type\":\"ImageObject\",\"inLanguage\":\"en-US\",\"@id\":\"https:\\\/\\\/www.loire-gourmande.fr\\\/en\\\/product\\\/cremant-de-loire-brut-chateau-de-la-fassardiere\\\/#primaryimage\",\"url\":\"https:\\\/\\\/www.loire-gourmande.fr\\\/wp-content\\\/uploads\\\/2025\\\/05\\\/Cremant-Fessardiere.png\",\"contentUrl\":\"https:\\\/\\\/www.loire-gourmande.fr\\\/wp-content\\\/uploads\\\/2025\\\/05\\\/Cremant-Fessardiere.png\",\"width\":800,\"height\":800},{\"@type\":\"BreadcrumbList\",\"@id\":\"https:\\\/\\\/www.loire-gourmande.fr\\\/en\\\/product\\\/cremant-de-loire-brut-chateau-de-la-fassardiere\\\/#breadcrumb\",\"itemListElement\":[{\"@type\":\"ListItem\",\"position\":1,\"name\":\"Home\",\"item\":\"https:\\\/\\\/www.loire-gourmande.fr\\\/en\\\/\"},{\"@type\":\"ListItem\",\"position\":2,\"name\":\"The Boutique de Loire Gourmande: the wines of the Loire\",\"item\":\"https:\\\/\\\/www.loire-gourmande.fr\\\/en\\\/woocommerce\\\/\"},{\"@type\":\"ListItem\",\"position\":3,\"name\":\"Loire Valley\",\"item\":\"https:\\\/\\\/www.loire-gourmande.fr\\\/en\\\/product-category\\\/loire-valley\\\/\"},{\"@type\":\"ListItem\",\"position\":4,\"name\":\"CR\u00c9MANT DE LOIRE BRUT CH\u00c2TEAU DE LA FASSARDI\u00c8RE\"}]},{\"@type\":\"WebSite\",\"@id\":\"https:\\\/\\\/www.loire-gourmande.fr\\\/en\\\/#website\",\"url\":\"https:\\\/\\\/www.loire-gourmande.fr\\\/en\\\/\",\"name\":\"Loire Gourmande, une \u00e9tape savoureuse\",\"description\":\"a tasting session at any time and a shop to visit in Turquant (49)\\n\\n\\n\\n\\n\\n\\n\\n\",\"publisher\":{\"@id\":\"https:\\\/\\\/www.loire-gourmande.fr\\\/en\\\/#organization\"},\"potentialAction\":[{\"@type\":\"SearchAction\",\"target\":{\"@type\":\"EntryPoint\",\"urlTemplate\":\"https:\\\/\\\/www.loire-gourmande.fr\\\/en\\\/?s={search_term_string}\"},\"query-input\":{\"@type\":\"PropertyValueSpecification\",\"valueRequired\":true,\"valueName\":\"search_term_string\"}}],\"inLanguage\":\"en-US\"},{\"@type\":\"Organization\",\"@id\":\"https:\\\/\\\/www.loire-gourmande.fr\\\/en\\\/#organization\",\"name\":\"Loire Gourmande - restauration rapide et visite \u00e0 Turquant (49)\",\"url\":\"https:\\\/\\\/www.loire-gourmande.fr\\\/en\\\/\",\"logo\":{\"@type\":\"ImageObject\",\"inLanguage\":\"en-US\",\"@id\":\"https:\\\/\\\/www.loire-gourmande.fr\\\/en\\\/#\\\/schema\\\/logo\\\/image\\\/\",\"url\":\"https:\\\/\\\/www.loire-gourmande.fr\\\/wp-content\\\/uploads\\\/2020\\\/10\\\/loire-gourmande-logo.jpg\",\"contentUrl\":\"https:\\\/\\\/www.loire-gourmande.fr\\\/wp-content\\\/uploads\\\/2020\\\/10\\\/loire-gourmande-logo.jpg\",\"width\":800,\"height\":415,\"caption\":\"Loire Gourmande - restauration rapide et visite \u00e0 Turquant (49)\"},\"image\":{\"@id\":\"https:\\\/\\\/www.loire-gourmande.fr\\\/en\\\/#\\\/schema\\\/logo\\\/image\\\/\"},\"sameAs\":[\"https:\\\/\\\/www.facebook.com\\\/Loire-Gourmande-Turquant-101991328328493\\\/\",\"https:\\\/\\\/www.instagram.com\\\/jean_yves_auradon\\\/?igshid=1ta3mfjka326t\"]}]}<\/script>\n<!-- \/ Yoast SEO plugin. -->","yoast_head_json":{"title":"CR\u00c9MANT DE LOIRE BRUT CH\u00c2TEAU DE LA FASSARDI\u00c8RE - Loire Gourmande - a tasty stage","robots":{"index":"index","follow":"follow","max-snippet":"max-snippet:-1","max-image-preview":"max-image-preview:large","max-video-preview":"max-video-preview:-1"},"canonical":"https:\/\/www.loire-gourmande.fr\/en\/product\/cremant-de-loire-brut-chateau-de-la-fassardiere\/","og_locale":"en_US","og_type":"article","og_title":"CR\u00c9MANT DE LOIRE BRUT CH\u00c2TEAU DE LA FASSARDI\u00c8RE - Loire Gourmande - a tasty stage","og_description":"The vineyard, managed by the Poitevin family, extends over the communes of Turquant and Montsoreau, which are part of the AOC Saumur Champigny. The terroir is made up of clay-limestone soil and precious tufa rock in the subsoil. This tuffeau stone, which is the hallmark of the Loire Valley's cultural identity through its countless castles, abbeys, towns and villages, provides vines with a regular supply of water, even in times of drought, thanks to its porosity. Tuffeau also brings freshness and fruitiness to our cuv\u00e9es. The two characteristic grape varieties of our appellation are Cabernet Franc and Chenin. Cabernet Franc for the production of red wines in the Saumur Champigny appellation which gives us cuv\u00e9es with velvety and fruity tannins with different structures depending on the winemaking method.","og_url":"https:\/\/www.loire-gourmande.fr\/en\/product\/cremant-de-loire-brut-chateau-de-la-fassardiere\/","og_site_name":"Loire Gourmande - a tasty stage","article_publisher":"https:\/\/www.facebook.com\/Loire-Gourmande-Turquant-101991328328493\/","og_image":[{"width":800,"height":800,"url":"https:\/\/www.loire-gourmande.fr\/wp-content\/uploads\/2025\/05\/Cremant-Fessardiere.png","type":"image\/png"}],"twitter_card":"summary_large_image","twitter_misc":{"Est. reading time":"1 minute"},"schema":{"@context":"https:\/\/schema.org","@graph":[{"@type":"WebPage","@id":"https:\/\/www.loire-gourmande.fr\/en\/product\/cremant-de-loire-brut-chateau-de-la-fassardiere\/","url":"https:\/\/www.loire-gourmande.fr\/en\/product\/cremant-de-loire-brut-chateau-de-la-fassardiere\/","name":"CR\u00c9MANT DE LOIRE BRUT CH\u00c2TEAU DE LA FASSARDI\u00c8RE - Loire Gourmande - a tasty stage","isPartOf":{"@id":"https:\/\/www.loire-gourmande.fr\/en\/#website"},"primaryImageOfPage":{"@id":"https:\/\/www.loire-gourmande.fr\/en\/product\/cremant-de-loire-brut-chateau-de-la-fassardiere\/#primaryimage"},"image":{"@id":"https:\/\/www.loire-gourmande.fr\/en\/product\/cremant-de-loire-brut-chateau-de-la-fassardiere\/#primaryimage"},"thumbnailUrl":"https:\/\/www.loire-gourmande.fr\/wp-content\/uploads\/2025\/05\/Cremant-Fessardiere.png","datePublished":"2025-05-08T07:13:46+00:00","breadcrumb":{"@id":"https:\/\/www.loire-gourmande.fr\/en\/product\/cremant-de-loire-brut-chateau-de-la-fassardiere\/#breadcrumb"},"inLanguage":"en-US","potentialAction":[{"@type":"ReadAction","target":["https:\/\/www.loire-gourmande.fr\/en\/product\/cremant-de-loire-brut-chateau-de-la-fassardiere\/"]}]},{"@type":"ImageObject","inLanguage":"en-US","@id":"https:\/\/www.loire-gourmande.fr\/en\/product\/cremant-de-loire-brut-chateau-de-la-fassardiere\/#primaryimage","url":"https:\/\/www.loire-gourmande.fr\/wp-content\/uploads\/2025\/05\/Cremant-Fessardiere.png","contentUrl":"https:\/\/www.loire-gourmande.fr\/wp-content\/uploads\/2025\/05\/Cremant-Fessardiere.png","width":800,"height":800},{"@type":"BreadcrumbList","@id":"https:\/\/www.loire-gourmande.fr\/en\/product\/cremant-de-loire-brut-chateau-de-la-fassardiere\/#breadcrumb","itemListElement":[{"@type":"ListItem","position":1,"name":"Home","item":"https:\/\/www.loire-gourmande.fr\/en\/"},{"@type":"ListItem","position":2,"name":"The Boutique de Loire Gourmande: the wines of the Loire","item":"https:\/\/www.loire-gourmande.fr\/en\/woocommerce\/"},{"@type":"ListItem","position":3,"name":"Loire Valley","item":"https:\/\/www.loire-gourmande.fr\/en\/product-category\/loire-valley\/"},{"@type":"ListItem","position":4,"name":"CR\u00c9MANT DE LOIRE BRUT CH\u00c2TEAU DE LA FASSARDI\u00c8RE"}]},{"@type":"WebSite","@id":"https:\/\/www.loire-gourmande.fr\/en\/#website","url":"https:\/\/www.loire-gourmande.fr\/en\/","name":"Loire Gourmande, une \u00e9tape savoureuse","description":"a tasting session at any time and a shop to visit in Turquant (49)\n\n\n\n\n\n\n\n","publisher":{"@id":"https:\/\/www.loire-gourmande.fr\/en\/#organization"},"potentialAction":[{"@type":"SearchAction","target":{"@type":"EntryPoint","urlTemplate":"https:\/\/www.loire-gourmande.fr\/en\/?s={search_term_string}"},"query-input":{"@type":"PropertyValueSpecification","valueRequired":true,"valueName":"search_term_string"}}],"inLanguage":"en-US"},{"@type":"Organization","@id":"https:\/\/www.loire-gourmande.fr\/en\/#organization","name":"Loire Gourmande - restauration rapide et visite \u00e0 Turquant (49)","url":"https:\/\/www.loire-gourmande.fr\/en\/","logo":{"@type":"ImageObject","inLanguage":"en-US","@id":"https:\/\/www.loire-gourmande.fr\/en\/#\/schema\/logo\/image\/","url":"https:\/\/www.loire-gourmande.fr\/wp-content\/uploads\/2020\/10\/loire-gourmande-logo.jpg","contentUrl":"https:\/\/www.loire-gourmande.fr\/wp-content\/uploads\/2020\/10\/loire-gourmande-logo.jpg","width":800,"height":415,"caption":"Loire Gourmande - restauration rapide et visite \u00e0 Turquant (49)"},"image":{"@id":"https:\/\/www.loire-gourmande.fr\/en\/#\/schema\/logo\/image\/"},"sameAs":["https:\/\/www.facebook.com\/Loire-Gourmande-Turquant-101991328328493\/","https:\/\/www.instagram.com\/jean_yves_auradon\/?igshid=1ta3mfjka326t"]}]}},"_links":{"self":[{"href":"https:\/\/www.loire-gourmande.fr\/en\/wp-json\/wp\/v2\/product\/13163","targetHints":{"allow":["GET"]}}],"collection":[{"href":"https:\/\/www.loire-gourmande.fr\/en\/wp-json\/wp\/v2\/product"}],"about":[{"href":"https:\/\/www.loire-gourmande.fr\/en\/wp-json\/wp\/v2\/types\/product"}],"version-history":[{"count":0,"href":"https:\/\/www.loire-gourmande.fr\/en\/wp-json\/wp\/v2\/product\/13163\/revisions"}],"wp:featuredmedia":[{"embeddable":true,"href":"https:\/\/www.loire-gourmande.fr\/en\/wp-json\/wp\/v2\/media\/12991"}],"wp:attachment":[{"href":"https:\/\/www.loire-gourmande.fr\/en\/wp-json\/wp\/v2\/media?parent=13163"}],"wp:term":[{"taxonomy":"product_brand","embeddable":true,"href":"https:\/\/www.loire-gourmande.fr\/en\/wp-json\/wp\/v2\/product_brand?post=13163"},{"taxonomy":"product_cat","embeddable":true,"href":"https:\/\/www.loire-gourmande.fr\/en\/wp-json\/wp\/v2\/product_cat?post=13163"},{"taxonomy":"product_tag","embeddable":true,"href":"https:\/\/www.loire-gourmande.fr\/en\/wp-json\/wp\/v2\/product_tag?post=13163"}],"curies":[{"name":"wp","href":"https:\/\/api.w.org\/{rel}","templated":true}]}}