{"id":14147,"date":"2026-01-25T14:40:59","date_gmt":"2026-01-25T13:40:59","guid":{"rendered":"https:\/\/www.loire-gourmande.fr\/produit\/muscadet-cuvee-academie-martin-luneau\/"},"modified":"2026-01-25T14:40:59","modified_gmt":"2026-01-25T13:40:59","slug":"muscadet-cuvee-academie-martin-luneau","status":"publish","type":"product","link":"https:\/\/www.loire-gourmande.fr\/en\/product\/muscadet-cuvee-academie-martin-luneau\/","title":{"rendered":"MUSCADET CUV\u00c9E ACAD\u00c9MIE MARTIN LUNEAU"},"content":{"rendered":"<p>Muscadet S\u00e8vre et Maine sur Lie: a rich, powerful, mineral wine of exceptional finesse, it will seduce you with noble fish and scallops.<\/p>\n<p>This Muscadet is selected with the greatest care. It is reared on lees for one year. Its original terroir (very clayey) associated with a respectable vine gives us a wine of character with accents of gunflint. This top-of-the-range cuv\u00e9e will be a worthy accompaniment to your aperitifs and fish.   <\/p>\n<p>Serve chilled at 8-10\u00b0.<\/p>\n","protected":false},"excerpt":{"rendered":"<p>The Nantes region, located in the far west of the Loire Valley, benefits from a temperate oceanic climate, with maritime influences that promote the ripeness of the grapes while preserving the natural acidity. The very varied soils give the wines of Muscadet-S\u00e8vre-et-Maine an incomparable typicity, recognized since the seventeenth century for the production of great gastronomic whites. These wines have the ability to age admirably thanks to their natural balance between liveliness and mineral finesse.  <\/p>\n<p>In terms of food and wine pairings, the Muscadet-S\u00e8vre-et-Maine from Domaine Martin Luneau goes wonderfully with seafood. We naturally think of oysters, shellfish and crustaceans, whose iodized freshness it will sublimate. It will also go very well with grilled fish, a plate of sardines from Saint-Gilles-Croix-de-Vie, or the regional speciality that is the &#8220;mouclade&#8221; (mussels with cream and curry). For more refined pairings, a fish terrine or fresh goat&#8217;s cheese will also find their place at the table.   <\/p>\n<p>For optimal tasting, serve this dry white between 8 and 10\u00b0C.  This temperature will reveal all its freshness, vivacity and subtle mineral notes, while appreciating the silkiness brought by the ageing on lees. To be enjoyed in the next two to three years to fully enjoy its aromatic expression.  <\/p>\n","protected":false},"featured_media":14144,"template":"","meta":{"inline_featured_image":false},"product_brand":[],"product_cat":[540,341,337],"product_tag":[519,356,777,423],"class_list":{"0":"post-14147","1":"product","2":"type-product","3":"status-publish","4":"has-post-thumbnail","6":"product_cat-loire-valley","7":"product_cat-nantes-vinyards","8":"product_cat-white-wines","9":"product_tag-carpaccio-of-scallops","10":"product_tag-fish","11":"product_tag-noble-fish","12":"product_tag-saint-jacques-en","13":"product_shipping_class-bottle","15":"first","16":"instock","17":"taxable","18":"shipping-taxable","19":"purchasable","20":"product-type-simple"},"yoast_head":"<!-- This site is optimized with the Yoast SEO plugin v27.5 - https:\/\/yoast.com\/product\/yoast-seo-wordpress\/ -->\n<title>MUSCADET CUV\u00c9E ACAD\u00c9MIE MARTIN LUNEAU - Loire Gourmande - a tasty stage<\/title>\n<meta name=\"robots\" content=\"index, follow, max-snippet:-1, max-image-preview:large, max-video-preview:-1\" \/>\n<link rel=\"canonical\" href=\"https:\/\/www.loire-gourmande.fr\/en\/product\/muscadet-cuvee-academie-martin-luneau\/\" \/>\n<meta property=\"og:locale\" content=\"en_US\" \/>\n<meta property=\"og:type\" content=\"article\" \/>\n<meta property=\"og:title\" content=\"MUSCADET CUV\u00c9E ACAD\u00c9MIE MARTIN LUNEAU - Loire Gourmande - a tasty stage\" \/>\n<meta property=\"og:description\" content=\"The Nantes region, located in the far west of the Loire Valley, benefits from a temperate oceanic climate, with maritime influences that promote the ripeness of the grapes while preserving the natural acidity. The very varied soils give the wines of Muscadet-S\u00e8vre-et-Maine an incomparable typicity, recognized since the seventeenth century for the production of great gastronomic whites. These wines have the ability to age admirably thanks to their natural balance between liveliness and mineral finesse.  In terms of food and wine pairings, the Muscadet-S\u00e8vre-et-Maine from Domaine Martin Luneau goes wonderfully with seafood. We naturally think of oysters, shellfish and crustaceans, whose iodized freshness it will sublimate. It will also go very well with grilled fish, a plate of sardines from Saint-Gilles-Croix-de-Vie, or the regional speciality that is the &quot;mouclade&quot; (mussels with cream and curry). For more refined pairings, a fish terrine or fresh goat&#039;s cheese will also find their place at the table.   For optimal tasting, serve this dry white between 8 and 10\u00b0C. This temperature will reveal all its freshness, vivacity and subtle mineral notes, while appreciating the silkiness brought by the ageing on lees. To be enjoyed in the next two to three years to fully enjoy its aromatic expression.\" \/>\n<meta property=\"og:url\" content=\"https:\/\/www.loire-gourmande.fr\/en\/product\/muscadet-cuvee-academie-martin-luneau\/\" \/>\n<meta property=\"og:site_name\" content=\"Loire Gourmande - a tasty stage\" \/>\n<meta property=\"article:publisher\" content=\"https:\/\/www.facebook.com\/Loire-Gourmande-Turquant-101991328328493\/\" \/>\n<meta property=\"og:image\" content=\"https:\/\/www.loire-gourmande.fr\/wp-content\/uploads\/2026\/01\/Cuvee-academie.png\" \/>\n\t<meta property=\"og:image:width\" content=\"764\" \/>\n\t<meta property=\"og:image:height\" content=\"956\" \/>\n\t<meta property=\"og:image:type\" content=\"image\/png\" \/>\n<meta name=\"twitter:card\" content=\"summary_large_image\" \/>\n<script type=\"application\/ld+json\" class=\"yoast-schema-graph\">{\"@context\":\"https:\\\/\\\/schema.org\",\"@graph\":[{\"@type\":\"WebPage\",\"@id\":\"https:\\\/\\\/www.loire-gourmande.fr\\\/en\\\/product\\\/muscadet-cuvee-academie-martin-luneau\\\/\",\"url\":\"https:\\\/\\\/www.loire-gourmande.fr\\\/en\\\/product\\\/muscadet-cuvee-academie-martin-luneau\\\/\",\"name\":\"MUSCADET CUV\u00c9E ACAD\u00c9MIE MARTIN LUNEAU - Loire Gourmande - a tasty stage\",\"isPartOf\":{\"@id\":\"https:\\\/\\\/www.loire-gourmande.fr\\\/en\\\/#website\"},\"primaryImageOfPage\":{\"@id\":\"https:\\\/\\\/www.loire-gourmande.fr\\\/en\\\/product\\\/muscadet-cuvee-academie-martin-luneau\\\/#primaryimage\"},\"image\":{\"@id\":\"https:\\\/\\\/www.loire-gourmande.fr\\\/en\\\/product\\\/muscadet-cuvee-academie-martin-luneau\\\/#primaryimage\"},\"thumbnailUrl\":\"https:\\\/\\\/www.loire-gourmande.fr\\\/wp-content\\\/uploads\\\/2026\\\/01\\\/Cuvee-academie.png\",\"datePublished\":\"2026-01-25T13:40:59+00:00\",\"breadcrumb\":{\"@id\":\"https:\\\/\\\/www.loire-gourmande.fr\\\/en\\\/product\\\/muscadet-cuvee-academie-martin-luneau\\\/#breadcrumb\"},\"inLanguage\":\"en-US\",\"potentialAction\":[{\"@type\":\"ReadAction\",\"target\":[\"https:\\\/\\\/www.loire-gourmande.fr\\\/en\\\/product\\\/muscadet-cuvee-academie-martin-luneau\\\/\"]}]},{\"@type\":\"ImageObject\",\"inLanguage\":\"en-US\",\"@id\":\"https:\\\/\\\/www.loire-gourmande.fr\\\/en\\\/product\\\/muscadet-cuvee-academie-martin-luneau\\\/#primaryimage\",\"url\":\"https:\\\/\\\/www.loire-gourmande.fr\\\/wp-content\\\/uploads\\\/2026\\\/01\\\/Cuvee-academie.png\",\"contentUrl\":\"https:\\\/\\\/www.loire-gourmande.fr\\\/wp-content\\\/uploads\\\/2026\\\/01\\\/Cuvee-academie.png\",\"width\":764,\"height\":956},{\"@type\":\"BreadcrumbList\",\"@id\":\"https:\\\/\\\/www.loire-gourmande.fr\\\/en\\\/product\\\/muscadet-cuvee-academie-martin-luneau\\\/#breadcrumb\",\"itemListElement\":[{\"@type\":\"ListItem\",\"position\":1,\"name\":\"Home\",\"item\":\"https:\\\/\\\/www.loire-gourmande.fr\\\/en\\\/\"},{\"@type\":\"ListItem\",\"position\":2,\"name\":\"The Boutique de Loire Gourmande: the wines of the Loire\",\"item\":\"https:\\\/\\\/www.loire-gourmande.fr\\\/en\\\/woocommerce\\\/\"},{\"@type\":\"ListItem\",\"position\":3,\"name\":\"MUSCADET CUV\u00c9E ACAD\u00c9MIE MARTIN LUNEAU\"}]},{\"@type\":\"WebSite\",\"@id\":\"https:\\\/\\\/www.loire-gourmande.fr\\\/en\\\/#website\",\"url\":\"https:\\\/\\\/www.loire-gourmande.fr\\\/en\\\/\",\"name\":\"Loire Gourmande, une \u00e9tape savoureuse\",\"description\":\"a tasting session at any time and a shop to visit in Turquant (49)\\n\\n\\n\\n\\n\\n\\n\\n\",\"publisher\":{\"@id\":\"https:\\\/\\\/www.loire-gourmande.fr\\\/en\\\/#organization\"},\"potentialAction\":[{\"@type\":\"SearchAction\",\"target\":{\"@type\":\"EntryPoint\",\"urlTemplate\":\"https:\\\/\\\/www.loire-gourmande.fr\\\/en\\\/?s={search_term_string}\"},\"query-input\":{\"@type\":\"PropertyValueSpecification\",\"valueRequired\":true,\"valueName\":\"search_term_string\"}}],\"inLanguage\":\"en-US\"},{\"@type\":\"Organization\",\"@id\":\"https:\\\/\\\/www.loire-gourmande.fr\\\/en\\\/#organization\",\"name\":\"Loire Gourmande - restauration rapide et visite \u00e0 Turquant (49)\",\"url\":\"https:\\\/\\\/www.loire-gourmande.fr\\\/en\\\/\",\"logo\":{\"@type\":\"ImageObject\",\"inLanguage\":\"en-US\",\"@id\":\"https:\\\/\\\/www.loire-gourmande.fr\\\/en\\\/#\\\/schema\\\/logo\\\/image\\\/\",\"url\":\"https:\\\/\\\/www.loire-gourmande.fr\\\/wp-content\\\/uploads\\\/2020\\\/10\\\/loire-gourmande-logo.jpg\",\"contentUrl\":\"https:\\\/\\\/www.loire-gourmande.fr\\\/wp-content\\\/uploads\\\/2020\\\/10\\\/loire-gourmande-logo.jpg\",\"width\":800,\"height\":415,\"caption\":\"Loire Gourmande - restauration rapide et visite \u00e0 Turquant (49)\"},\"image\":{\"@id\":\"https:\\\/\\\/www.loire-gourmande.fr\\\/en\\\/#\\\/schema\\\/logo\\\/image\\\/\"},\"sameAs\":[\"https:\\\/\\\/www.facebook.com\\\/Loire-Gourmande-Turquant-101991328328493\\\/\",\"https:\\\/\\\/www.instagram.com\\\/jean_yves_auradon\\\/?igshid=1ta3mfjka326t\"]}]}<\/script>\n<!-- \/ Yoast SEO plugin. -->","yoast_head_json":{"title":"MUSCADET CUV\u00c9E ACAD\u00c9MIE MARTIN LUNEAU - Loire Gourmande - a tasty stage","robots":{"index":"index","follow":"follow","max-snippet":"max-snippet:-1","max-image-preview":"max-image-preview:large","max-video-preview":"max-video-preview:-1"},"canonical":"https:\/\/www.loire-gourmande.fr\/en\/product\/muscadet-cuvee-academie-martin-luneau\/","og_locale":"en_US","og_type":"article","og_title":"MUSCADET CUV\u00c9E ACAD\u00c9MIE MARTIN LUNEAU - Loire Gourmande - a tasty stage","og_description":"The Nantes region, located in the far west of the Loire Valley, benefits from a temperate oceanic climate, with maritime influences that promote the ripeness of the grapes while preserving the natural acidity. The very varied soils give the wines of Muscadet-S\u00e8vre-et-Maine an incomparable typicity, recognized since the seventeenth century for the production of great gastronomic whites. These wines have the ability to age admirably thanks to their natural balance between liveliness and mineral finesse.  In terms of food and wine pairings, the Muscadet-S\u00e8vre-et-Maine from Domaine Martin Luneau goes wonderfully with seafood. We naturally think of oysters, shellfish and crustaceans, whose iodized freshness it will sublimate. It will also go very well with grilled fish, a plate of sardines from Saint-Gilles-Croix-de-Vie, or the regional speciality that is the \"mouclade\" (mussels with cream and curry). For more refined pairings, a fish terrine or fresh goat's cheese will also find their place at the table.   For optimal tasting, serve this dry white between 8 and 10\u00b0C. This temperature will reveal all its freshness, vivacity and subtle mineral notes, while appreciating the silkiness brought by the ageing on lees. To be enjoyed in the next two to three years to fully enjoy its aromatic expression.","og_url":"https:\/\/www.loire-gourmande.fr\/en\/product\/muscadet-cuvee-academie-martin-luneau\/","og_site_name":"Loire Gourmande - a tasty stage","article_publisher":"https:\/\/www.facebook.com\/Loire-Gourmande-Turquant-101991328328493\/","og_image":[{"width":764,"height":956,"url":"https:\/\/www.loire-gourmande.fr\/wp-content\/uploads\/2026\/01\/Cuvee-academie.png","type":"image\/png"}],"twitter_card":"summary_large_image","schema":{"@context":"https:\/\/schema.org","@graph":[{"@type":"WebPage","@id":"https:\/\/www.loire-gourmande.fr\/en\/product\/muscadet-cuvee-academie-martin-luneau\/","url":"https:\/\/www.loire-gourmande.fr\/en\/product\/muscadet-cuvee-academie-martin-luneau\/","name":"MUSCADET CUV\u00c9E ACAD\u00c9MIE MARTIN LUNEAU - Loire Gourmande - a tasty stage","isPartOf":{"@id":"https:\/\/www.loire-gourmande.fr\/en\/#website"},"primaryImageOfPage":{"@id":"https:\/\/www.loire-gourmande.fr\/en\/product\/muscadet-cuvee-academie-martin-luneau\/#primaryimage"},"image":{"@id":"https:\/\/www.loire-gourmande.fr\/en\/product\/muscadet-cuvee-academie-martin-luneau\/#primaryimage"},"thumbnailUrl":"https:\/\/www.loire-gourmande.fr\/wp-content\/uploads\/2026\/01\/Cuvee-academie.png","datePublished":"2026-01-25T13:40:59+00:00","breadcrumb":{"@id":"https:\/\/www.loire-gourmande.fr\/en\/product\/muscadet-cuvee-academie-martin-luneau\/#breadcrumb"},"inLanguage":"en-US","potentialAction":[{"@type":"ReadAction","target":["https:\/\/www.loire-gourmande.fr\/en\/product\/muscadet-cuvee-academie-martin-luneau\/"]}]},{"@type":"ImageObject","inLanguage":"en-US","@id":"https:\/\/www.loire-gourmande.fr\/en\/product\/muscadet-cuvee-academie-martin-luneau\/#primaryimage","url":"https:\/\/www.loire-gourmande.fr\/wp-content\/uploads\/2026\/01\/Cuvee-academie.png","contentUrl":"https:\/\/www.loire-gourmande.fr\/wp-content\/uploads\/2026\/01\/Cuvee-academie.png","width":764,"height":956},{"@type":"BreadcrumbList","@id":"https:\/\/www.loire-gourmande.fr\/en\/product\/muscadet-cuvee-academie-martin-luneau\/#breadcrumb","itemListElement":[{"@type":"ListItem","position":1,"name":"Home","item":"https:\/\/www.loire-gourmande.fr\/en\/"},{"@type":"ListItem","position":2,"name":"The Boutique de Loire Gourmande: the wines of the Loire","item":"https:\/\/www.loire-gourmande.fr\/en\/woocommerce\/"},{"@type":"ListItem","position":3,"name":"MUSCADET CUV\u00c9E ACAD\u00c9MIE MARTIN LUNEAU"}]},{"@type":"WebSite","@id":"https:\/\/www.loire-gourmande.fr\/en\/#website","url":"https:\/\/www.loire-gourmande.fr\/en\/","name":"Loire Gourmande, une \u00e9tape savoureuse","description":"a tasting session at any time and a shop to visit in Turquant (49)\n\n\n\n\n\n\n\n","publisher":{"@id":"https:\/\/www.loire-gourmande.fr\/en\/#organization"},"potentialAction":[{"@type":"SearchAction","target":{"@type":"EntryPoint","urlTemplate":"https:\/\/www.loire-gourmande.fr\/en\/?s={search_term_string}"},"query-input":{"@type":"PropertyValueSpecification","valueRequired":true,"valueName":"search_term_string"}}],"inLanguage":"en-US"},{"@type":"Organization","@id":"https:\/\/www.loire-gourmande.fr\/en\/#organization","name":"Loire Gourmande - restauration rapide et visite \u00e0 Turquant (49)","url":"https:\/\/www.loire-gourmande.fr\/en\/","logo":{"@type":"ImageObject","inLanguage":"en-US","@id":"https:\/\/www.loire-gourmande.fr\/en\/#\/schema\/logo\/image\/","url":"https:\/\/www.loire-gourmande.fr\/wp-content\/uploads\/2020\/10\/loire-gourmande-logo.jpg","contentUrl":"https:\/\/www.loire-gourmande.fr\/wp-content\/uploads\/2020\/10\/loire-gourmande-logo.jpg","width":800,"height":415,"caption":"Loire Gourmande - restauration rapide et visite \u00e0 Turquant (49)"},"image":{"@id":"https:\/\/www.loire-gourmande.fr\/en\/#\/schema\/logo\/image\/"},"sameAs":["https:\/\/www.facebook.com\/Loire-Gourmande-Turquant-101991328328493\/","https:\/\/www.instagram.com\/jean_yves_auradon\/?igshid=1ta3mfjka326t"]}]}},"_links":{"self":[{"href":"https:\/\/www.loire-gourmande.fr\/en\/wp-json\/wp\/v2\/product\/14147","targetHints":{"allow":["GET"]}}],"collection":[{"href":"https:\/\/www.loire-gourmande.fr\/en\/wp-json\/wp\/v2\/product"}],"about":[{"href":"https:\/\/www.loire-gourmande.fr\/en\/wp-json\/wp\/v2\/types\/product"}],"version-history":[{"count":0,"href":"https:\/\/www.loire-gourmande.fr\/en\/wp-json\/wp\/v2\/product\/14147\/revisions"}],"wp:featuredmedia":[{"embeddable":true,"href":"https:\/\/www.loire-gourmande.fr\/en\/wp-json\/wp\/v2\/media\/14144"}],"wp:attachment":[{"href":"https:\/\/www.loire-gourmande.fr\/en\/wp-json\/wp\/v2\/media?parent=14147"}],"wp:term":[{"taxonomy":"product_brand","embeddable":true,"href":"https:\/\/www.loire-gourmande.fr\/en\/wp-json\/wp\/v2\/product_brand?post=14147"},{"taxonomy":"product_cat","embeddable":true,"href":"https:\/\/www.loire-gourmande.fr\/en\/wp-json\/wp\/v2\/product_cat?post=14147"},{"taxonomy":"product_tag","embeddable":true,"href":"https:\/\/www.loire-gourmande.fr\/en\/wp-json\/wp\/v2\/product_tag?post=14147"}],"curies":[{"name":"wp","href":"https:\/\/api.w.org\/{rel}","templated":true}]}}