{"id":14921,"date":"2026-04-16T13:35:05","date_gmt":"2026-04-16T12:35:05","guid":{"rendered":"https:\/\/www.loire-gourmande.fr\/produit\/chenin-sec-domaine-badiller-2023\/"},"modified":"2026-05-04T17:53:52","modified_gmt":"2026-05-04T16:53:52","slug":"chenin-sec-domaine-badiller-2023","status":"publish","type":"product","link":"https:\/\/www.loire-gourmande.fr\/en\/product\/chenin-sec-domaine-badiller-2023\/","title":{"rendered":"CHENIN SEC DOMAINE BADILLER 2023"},"content":{"rendered":"<div class=\"elementor-column elementor-col-50 elementor-inner-column elementor-element elementor-element-4b1d3aa\" data-id=\"4b1d3aa\" data-element_type=\"column\" data-e-type=\"column\" data-settings=\"{\"background_background\":\"classic\"}\">\n<div class=\"elementor-widget-wrap elementor-element-populated\">\n<div class=\"elementor-element elementor-element-38e0e13 elementor-widget elementor-widget-elementskit-heading\" data-id=\"38e0e13\" data-element_type=\"widget\" data-e-type=\"widget\" data-widget_type=\"elementskit-heading.default\">\n<div class=\"elementor-widget-container\">\n<div class=\"ekit-wid-con\">\n<div class=\"ekit-heading elementskit-section-title-wraper text_left ekit_heading_tablet- ekit_heading_mobile-\">\n<section class=\"elementor-section elementor-inner-section elementor-element elementor-element-cba9a55 elementor-section-boxed elementor-section-height-default elementor-section-height-default\" data-id=\"cba9a55\" data-element_type=\"section\" data-e-type=\"section\">\n<div class=\"elementor-container elementor-column-gap-default\">\n<div class=\"elementor-column elementor-col-50 elementor-inner-column elementor-element elementor-element-e7be9b2\" data-id=\"e7be9b2\" data-element_type=\"column\" data-e-type=\"column\">\n<div class=\"elementor-widget-wrap elementor-element-populated\">\n<div class=\"elementor-element elementor-element-515ce92 elementor-position-left elementor-vertical-align-top elementor-widget elementor-widget-image-box\" data-id=\"515ce92\" data-element_type=\"widget\" data-e-type=\"widget\" data-widget_type=\"image-box.default\">\n<div class=\"elementor-widget-container\">\n<div class=\"elementor-image-box-wrapper\">\n<div class=\"elementor-image-box-content\">\n<p>Issue de la 1\u00e8re trie de vendange de Chenin, cette cuv\u00e9e se caract\u00e9rise par sa fraicheur intense qui vient \u00e9veiller les papilles.<br \/>\nVif et fruit\u00e9, elle poss\u00e8de un bouquet intense d\u2019ar\u00f4mes de fleurs et de fruits confits.<\/p>\n<p class=\"elementor-image-box-title\">APPELLATION<\/p>\n<p class=\"elementor-image-box-description\">Touraine Azay-le-Rideau<\/p>\n<\/div>\n<\/div>\n<\/div>\n<\/div>\n<div class=\"elementor-widget-container\">\n<div class=\"elementor-image-box-wrapper\">\n<div class=\"elementor-image-box-content\">\n<p class=\"elementor-image-box-title\">VINIFICATION ET \u00c9LEVAGE<\/p>\n<p class=\"elementor-image-box-description\">Grapes harvested by hand. Alcoholic fermentation in stainless steel vats. Ageing on lees in the bottle.  <\/p>\n<\/div>\n<\/div>\n<\/div>\n<\/div>\n<\/div>\n<div class=\"elementor-column elementor-col-50 elementor-inner-column elementor-element elementor-element-60533a8\" data-id=\"60533a8\" data-element_type=\"column\" data-e-type=\"column\">\n<div class=\"elementor-widget-wrap elementor-element-populated\">\n<div class=\"elementor-widget-container\">\n<div class=\"elementor-image-box-wrapper\">\n<div class=\"elementor-image-box-content\">\n<h5 class=\"elementor-image-box-title\">TYPE OF WINE<\/h5>\n<p class=\"elementor-image-box-description\">Dry white wine 100% Chenin<\/p>\n<\/div>\n<\/div>\n<\/div>\n<div class=\"elementor-element elementor-element-92c9a19 elementor-position-left elementor-vertical-align-top elementor-widget elementor-widget-image-box\" data-id=\"92c9a19\" data-element_type=\"widget\" data-e-type=\"widget\" data-widget_type=\"image-box.default\">\n<div class=\"elementor-widget-container\">\n<div class=\"elementor-image-box-wrapper\">\n<div class=\"elementor-image-box-content\">\n<p class=\"elementor-image-box-title\">TASTING<\/p>\n<p class=\"elementor-image-box-description\">A deep colour with brilliant reflections. An intense and expressive nose with floral, dried and candied fruit notes. Lively and fruity with a nice grip on the palate. A wine that awakens the taste buds.   <\/p>\n<\/div>\n<\/div>\n<\/div>\n<\/div>\n<\/div>\n<\/div>\n<\/div>\n<\/section>\n<div class=\"elementor-element elementor-element-1518e74 elementor-widget elementor-widget-toggle\" data-id=\"1518e74\" data-element_type=\"widget\" data-e-type=\"widget\" data-widget_type=\"toggle.default\">\n<div class=\"elementor-widget-container\">\n<div class=\"elementor-toggle\">\n<div class=\"elementor-toggle-item\">\n<div id=\"elementor-tab-title-2211\" class=\"elementor-tab-title elementor-active\" tabindex=\"0\" role=\"button\" data-tab=\"1\" aria-controls=\"elementor-tab-content-2211\" aria-expanded=\"true\" aria-selected=\"true\"><\/div>\n<\/div>\n<\/div>\n<\/div>\n<\/div>\n<\/div>\n<\/div>\n<\/div>\n<\/div>\n<\/div>\n<\/div>\n","protected":false},"excerpt":{"rendered":"<div class=\"elementor-element elementor-element-f631054 elementor-widget elementor-widget-text-editor\" data-id=\"f631054\" data-element_type=\"widget\" data-e-type=\"widget\" data-settings=\"{\"_animation_mobile\":\"fadeIn\"}\" data-widget_type=\"text-editor.default\">\n<div class=\"elementor-widget-container\">\n<p>It is nestled on the slopes of the Indre valley, in the village of Cheill\u00e9, that we produce wine on the <strong>land of Azay-Le-Rideau.<\/strong><br \/>\nWe are <strong>Vincent and Pierre<\/strong>, two brothers who work together to safeguard our history and our family estate.<\/p>\n<p>We cultivate 12 hectares of vines in organic farming (2024 certification) and produce white, red, ros\u00e9 and sparkling wines in <strong>AOC Touraine and AOC Touraine Azay-le-Rideau. <\/strong>Our wines are made from local grape varieties \u2014 Grolleau de Cinq-Mars, Parisienne, Chenin, Cabernet \u2014 worked in a constant search for accuracy and balance.<\/p>\n<\/div>\n<\/div>\n<div class=\"elementor-element elementor-element-411f3b4 elementor-hidden-mobile elementor-widget elementor-widget-image\" data-id=\"411f3b4\" data-element_type=\"widget\" data-e-type=\"widget\" data-widget_type=\"image.default\"><\/div>\n","protected":false},"featured_media":14861,"template":"","meta":{"inline_featured_image":false},"product_brand":[],"product_cat":[345,344,337,333],"product_tag":[383],"class_list":{"0":"post-14921","1":"product","2":"type-product","3":"status-publish","4":"has-post-thumbnail","6":"product_cat-organic-wines","7":"product_cat-touraine-en","8":"product_cat-white-wines","9":"product_cat-wines","10":"product_tag-aperitif-cheese-cold-cuts","11":"product_shipping_class-bottle","13":"first","14":"instock","15":"taxable","16":"shipping-taxable","17":"purchasable","18":"product-type-simple"},"yoast_head":"<!-- This site is optimized with the Yoast SEO plugin v27.5 - https:\/\/yoast.com\/product\/yoast-seo-wordpress\/ -->\n<title>CHENIN SEC DOMAINE BADILLER 2023 - Loire Gourmande - a tasty stage<\/title>\n<meta name=\"robots\" content=\"index, follow, max-snippet:-1, max-image-preview:large, max-video-preview:-1\" \/>\n<link rel=\"canonical\" href=\"https:\/\/www.loire-gourmande.fr\/en\/product\/chenin-sec-domaine-badiller-2023\/\" \/>\n<meta property=\"og:locale\" content=\"en_US\" \/>\n<meta property=\"og:type\" content=\"article\" \/>\n<meta property=\"og:title\" content=\"CHENIN SEC DOMAINE BADILLER 2023 - Loire Gourmande - a tasty stage\" \/>\n<meta property=\"og:description\" content=\"It is nestled on the slopes of the Indre valley, in the village of Cheill\u00e9, that we produce wine on the land of Azay-Le-Rideau. We are Vincent and Pierre, two brothers who work together to safeguard our history and our family estate. We cultivate 12 hectares of vines in organic farming (2024 certification) and produce white, red, ros\u00e9 and sparkling wines in AOC Touraine and AOC Touraine Azay-le-Rideau. Our wines are made from local grape varieties \u2014 Grolleau de Cinq-Mars, Parisienne, Chenin, Cabernet \u2014 worked in a constant search for accuracy and balance.\" \/>\n<meta property=\"og:url\" content=\"https:\/\/www.loire-gourmande.fr\/en\/product\/chenin-sec-domaine-badiller-2023\/\" \/>\n<meta property=\"og:site_name\" content=\"Loire Gourmande - a tasty stage\" \/>\n<meta property=\"article:publisher\" content=\"https:\/\/www.facebook.com\/Loire-Gourmande-Turquant-101991328328493\/\" \/>\n<meta property=\"article:modified_time\" content=\"2026-05-04T16:53:52+00:00\" \/>\n<meta property=\"og:image\" content=\"https:\/\/www.loire-gourmande.fr\/wp-content\/uploads\/2026\/04\/Blanc-Sec-Badiller.jpeg\" \/>\n\t<meta property=\"og:image:width\" content=\"918\" \/>\n\t<meta property=\"og:image:height\" content=\"1072\" \/>\n\t<meta property=\"og:image:type\" content=\"image\/jpeg\" \/>\n<meta name=\"twitter:card\" content=\"summary_large_image\" \/>\n<meta name=\"twitter:label1\" content=\"Est. reading time\" \/>\n\t<meta name=\"twitter:data1\" content=\"1 minute\" \/>\n<script type=\"application\/ld+json\" class=\"yoast-schema-graph\">{\"@context\":\"https:\\\/\\\/schema.org\",\"@graph\":[{\"@type\":\"WebPage\",\"@id\":\"https:\\\/\\\/www.loire-gourmande.fr\\\/en\\\/product\\\/chenin-sec-domaine-badiller-2023\\\/\",\"url\":\"https:\\\/\\\/www.loire-gourmande.fr\\\/en\\\/product\\\/chenin-sec-domaine-badiller-2023\\\/\",\"name\":\"CHENIN SEC DOMAINE BADILLER 2023 - Loire Gourmande - a tasty stage\",\"isPartOf\":{\"@id\":\"https:\\\/\\\/www.loire-gourmande.fr\\\/en\\\/#website\"},\"primaryImageOfPage\":{\"@id\":\"https:\\\/\\\/www.loire-gourmande.fr\\\/en\\\/product\\\/chenin-sec-domaine-badiller-2023\\\/#primaryimage\"},\"image\":{\"@id\":\"https:\\\/\\\/www.loire-gourmande.fr\\\/en\\\/product\\\/chenin-sec-domaine-badiller-2023\\\/#primaryimage\"},\"thumbnailUrl\":\"https:\\\/\\\/www.loire-gourmande.fr\\\/wp-content\\\/uploads\\\/2026\\\/04\\\/Blanc-Sec-Badiller.jpeg\",\"datePublished\":\"2026-04-16T12:35:05+00:00\",\"dateModified\":\"2026-05-04T16:53:52+00:00\",\"breadcrumb\":{\"@id\":\"https:\\\/\\\/www.loire-gourmande.fr\\\/en\\\/product\\\/chenin-sec-domaine-badiller-2023\\\/#breadcrumb\"},\"inLanguage\":\"en-US\",\"potentialAction\":[{\"@type\":\"ReadAction\",\"target\":[\"https:\\\/\\\/www.loire-gourmande.fr\\\/en\\\/product\\\/chenin-sec-domaine-badiller-2023\\\/\"]}]},{\"@type\":\"ImageObject\",\"inLanguage\":\"en-US\",\"@id\":\"https:\\\/\\\/www.loire-gourmande.fr\\\/en\\\/product\\\/chenin-sec-domaine-badiller-2023\\\/#primaryimage\",\"url\":\"https:\\\/\\\/www.loire-gourmande.fr\\\/wp-content\\\/uploads\\\/2026\\\/04\\\/Blanc-Sec-Badiller.jpeg\",\"contentUrl\":\"https:\\\/\\\/www.loire-gourmande.fr\\\/wp-content\\\/uploads\\\/2026\\\/04\\\/Blanc-Sec-Badiller.jpeg\",\"width\":918,\"height\":1072},{\"@type\":\"BreadcrumbList\",\"@id\":\"https:\\\/\\\/www.loire-gourmande.fr\\\/en\\\/product\\\/chenin-sec-domaine-badiller-2023\\\/#breadcrumb\",\"itemListElement\":[{\"@type\":\"ListItem\",\"position\":1,\"name\":\"Home\",\"item\":\"https:\\\/\\\/www.loire-gourmande.fr\\\/en\\\/\"},{\"@type\":\"ListItem\",\"position\":2,\"name\":\"The Boutique de Loire Gourmande: the wines of the Loire\",\"item\":\"https:\\\/\\\/www.loire-gourmande.fr\\\/en\\\/woocommerce\\\/\"},{\"@type\":\"ListItem\",\"position\":3,\"name\":\"Wines\",\"item\":\"https:\\\/\\\/www.loire-gourmande.fr\\\/en\\\/product-category\\\/wines\\\/\"},{\"@type\":\"ListItem\",\"position\":4,\"name\":\"CHENIN SEC DOMAINE BADILLER 2023\"}]},{\"@type\":\"WebSite\",\"@id\":\"https:\\\/\\\/www.loire-gourmande.fr\\\/en\\\/#website\",\"url\":\"https:\\\/\\\/www.loire-gourmande.fr\\\/en\\\/\",\"name\":\"Loire Gourmande, une \u00e9tape savoureuse\",\"description\":\"a tasting session at any time and a shop to visit in Turquant (49)\\n\\n\\n\\n\\n\\n\\n\\n\",\"publisher\":{\"@id\":\"https:\\\/\\\/www.loire-gourmande.fr\\\/en\\\/#organization\"},\"potentialAction\":[{\"@type\":\"SearchAction\",\"target\":{\"@type\":\"EntryPoint\",\"urlTemplate\":\"https:\\\/\\\/www.loire-gourmande.fr\\\/en\\\/?s={search_term_string}\"},\"query-input\":{\"@type\":\"PropertyValueSpecification\",\"valueRequired\":true,\"valueName\":\"search_term_string\"}}],\"inLanguage\":\"en-US\"},{\"@type\":\"Organization\",\"@id\":\"https:\\\/\\\/www.loire-gourmande.fr\\\/en\\\/#organization\",\"name\":\"Loire Gourmande - restauration rapide et visite \u00e0 Turquant (49)\",\"url\":\"https:\\\/\\\/www.loire-gourmande.fr\\\/en\\\/\",\"logo\":{\"@type\":\"ImageObject\",\"inLanguage\":\"en-US\",\"@id\":\"https:\\\/\\\/www.loire-gourmande.fr\\\/en\\\/#\\\/schema\\\/logo\\\/image\\\/\",\"url\":\"https:\\\/\\\/www.loire-gourmande.fr\\\/wp-content\\\/uploads\\\/2020\\\/10\\\/loire-gourmande-logo.jpg\",\"contentUrl\":\"https:\\\/\\\/www.loire-gourmande.fr\\\/wp-content\\\/uploads\\\/2020\\\/10\\\/loire-gourmande-logo.jpg\",\"width\":800,\"height\":415,\"caption\":\"Loire Gourmande - restauration rapide et visite \u00e0 Turquant (49)\"},\"image\":{\"@id\":\"https:\\\/\\\/www.loire-gourmande.fr\\\/en\\\/#\\\/schema\\\/logo\\\/image\\\/\"},\"sameAs\":[\"https:\\\/\\\/www.facebook.com\\\/Loire-Gourmande-Turquant-101991328328493\\\/\",\"https:\\\/\\\/www.instagram.com\\\/jean_yves_auradon\\\/?igshid=1ta3mfjka326t\"]}]}<\/script>\n<!-- \/ Yoast SEO plugin. -->","yoast_head_json":{"title":"CHENIN SEC DOMAINE BADILLER 2023 - Loire Gourmande - a tasty stage","robots":{"index":"index","follow":"follow","max-snippet":"max-snippet:-1","max-image-preview":"max-image-preview:large","max-video-preview":"max-video-preview:-1"},"canonical":"https:\/\/www.loire-gourmande.fr\/en\/product\/chenin-sec-domaine-badiller-2023\/","og_locale":"en_US","og_type":"article","og_title":"CHENIN SEC DOMAINE BADILLER 2023 - Loire Gourmande - a tasty stage","og_description":"It is nestled on the slopes of the Indre valley, in the village of Cheill\u00e9, that we produce wine on the land of Azay-Le-Rideau. We are Vincent and Pierre, two brothers who work together to safeguard our history and our family estate. We cultivate 12 hectares of vines in organic farming (2024 certification) and produce white, red, ros\u00e9 and sparkling wines in AOC Touraine and AOC Touraine Azay-le-Rideau. Our wines are made from local grape varieties \u2014 Grolleau de Cinq-Mars, Parisienne, Chenin, Cabernet \u2014 worked in a constant search for accuracy and balance.","og_url":"https:\/\/www.loire-gourmande.fr\/en\/product\/chenin-sec-domaine-badiller-2023\/","og_site_name":"Loire Gourmande - a tasty stage","article_publisher":"https:\/\/www.facebook.com\/Loire-Gourmande-Turquant-101991328328493\/","article_modified_time":"2026-05-04T16:53:52+00:00","og_image":[{"width":918,"height":1072,"url":"https:\/\/www.loire-gourmande.fr\/wp-content\/uploads\/2026\/04\/Blanc-Sec-Badiller.jpeg","type":"image\/jpeg"}],"twitter_card":"summary_large_image","twitter_misc":{"Est. reading time":"1 minute"},"schema":{"@context":"https:\/\/schema.org","@graph":[{"@type":"WebPage","@id":"https:\/\/www.loire-gourmande.fr\/en\/product\/chenin-sec-domaine-badiller-2023\/","url":"https:\/\/www.loire-gourmande.fr\/en\/product\/chenin-sec-domaine-badiller-2023\/","name":"CHENIN SEC DOMAINE BADILLER 2023 - Loire Gourmande - a tasty stage","isPartOf":{"@id":"https:\/\/www.loire-gourmande.fr\/en\/#website"},"primaryImageOfPage":{"@id":"https:\/\/www.loire-gourmande.fr\/en\/product\/chenin-sec-domaine-badiller-2023\/#primaryimage"},"image":{"@id":"https:\/\/www.loire-gourmande.fr\/en\/product\/chenin-sec-domaine-badiller-2023\/#primaryimage"},"thumbnailUrl":"https:\/\/www.loire-gourmande.fr\/wp-content\/uploads\/2026\/04\/Blanc-Sec-Badiller.jpeg","datePublished":"2026-04-16T12:35:05+00:00","dateModified":"2026-05-04T16:53:52+00:00","breadcrumb":{"@id":"https:\/\/www.loire-gourmande.fr\/en\/product\/chenin-sec-domaine-badiller-2023\/#breadcrumb"},"inLanguage":"en-US","potentialAction":[{"@type":"ReadAction","target":["https:\/\/www.loire-gourmande.fr\/en\/product\/chenin-sec-domaine-badiller-2023\/"]}]},{"@type":"ImageObject","inLanguage":"en-US","@id":"https:\/\/www.loire-gourmande.fr\/en\/product\/chenin-sec-domaine-badiller-2023\/#primaryimage","url":"https:\/\/www.loire-gourmande.fr\/wp-content\/uploads\/2026\/04\/Blanc-Sec-Badiller.jpeg","contentUrl":"https:\/\/www.loire-gourmande.fr\/wp-content\/uploads\/2026\/04\/Blanc-Sec-Badiller.jpeg","width":918,"height":1072},{"@type":"BreadcrumbList","@id":"https:\/\/www.loire-gourmande.fr\/en\/product\/chenin-sec-domaine-badiller-2023\/#breadcrumb","itemListElement":[{"@type":"ListItem","position":1,"name":"Home","item":"https:\/\/www.loire-gourmande.fr\/en\/"},{"@type":"ListItem","position":2,"name":"The Boutique de Loire Gourmande: the wines of the Loire","item":"https:\/\/www.loire-gourmande.fr\/en\/woocommerce\/"},{"@type":"ListItem","position":3,"name":"Wines","item":"https:\/\/www.loire-gourmande.fr\/en\/product-category\/wines\/"},{"@type":"ListItem","position":4,"name":"CHENIN SEC DOMAINE BADILLER 2023"}]},{"@type":"WebSite","@id":"https:\/\/www.loire-gourmande.fr\/en\/#website","url":"https:\/\/www.loire-gourmande.fr\/en\/","name":"Loire Gourmande, une \u00e9tape savoureuse","description":"a tasting session at any time and a shop to visit in Turquant (49)\n\n\n\n\n\n\n\n","publisher":{"@id":"https:\/\/www.loire-gourmande.fr\/en\/#organization"},"potentialAction":[{"@type":"SearchAction","target":{"@type":"EntryPoint","urlTemplate":"https:\/\/www.loire-gourmande.fr\/en\/?s={search_term_string}"},"query-input":{"@type":"PropertyValueSpecification","valueRequired":true,"valueName":"search_term_string"}}],"inLanguage":"en-US"},{"@type":"Organization","@id":"https:\/\/www.loire-gourmande.fr\/en\/#organization","name":"Loire Gourmande - restauration rapide et visite \u00e0 Turquant (49)","url":"https:\/\/www.loire-gourmande.fr\/en\/","logo":{"@type":"ImageObject","inLanguage":"en-US","@id":"https:\/\/www.loire-gourmande.fr\/en\/#\/schema\/logo\/image\/","url":"https:\/\/www.loire-gourmande.fr\/wp-content\/uploads\/2020\/10\/loire-gourmande-logo.jpg","contentUrl":"https:\/\/www.loire-gourmande.fr\/wp-content\/uploads\/2020\/10\/loire-gourmande-logo.jpg","width":800,"height":415,"caption":"Loire Gourmande - restauration rapide et visite \u00e0 Turquant (49)"},"image":{"@id":"https:\/\/www.loire-gourmande.fr\/en\/#\/schema\/logo\/image\/"},"sameAs":["https:\/\/www.facebook.com\/Loire-Gourmande-Turquant-101991328328493\/","https:\/\/www.instagram.com\/jean_yves_auradon\/?igshid=1ta3mfjka326t"]}]}},"_links":{"self":[{"href":"https:\/\/www.loire-gourmande.fr\/en\/wp-json\/wp\/v2\/product\/14921","targetHints":{"allow":["GET"]}}],"collection":[{"href":"https:\/\/www.loire-gourmande.fr\/en\/wp-json\/wp\/v2\/product"}],"about":[{"href":"https:\/\/www.loire-gourmande.fr\/en\/wp-json\/wp\/v2\/types\/product"}],"version-history":[{"count":1,"href":"https:\/\/www.loire-gourmande.fr\/en\/wp-json\/wp\/v2\/product\/14921\/revisions"}],"predecessor-version":[{"id":14924,"href":"https:\/\/www.loire-gourmande.fr\/en\/wp-json\/wp\/v2\/product\/14921\/revisions\/14924"}],"wp:featuredmedia":[{"embeddable":true,"href":"https:\/\/www.loire-gourmande.fr\/en\/wp-json\/wp\/v2\/media\/14861"}],"wp:attachment":[{"href":"https:\/\/www.loire-gourmande.fr\/en\/wp-json\/wp\/v2\/media?parent=14921"}],"wp:term":[{"taxonomy":"product_brand","embeddable":true,"href":"https:\/\/www.loire-gourmande.fr\/en\/wp-json\/wp\/v2\/product_brand?post=14921"},{"taxonomy":"product_cat","embeddable":true,"href":"https:\/\/www.loire-gourmande.fr\/en\/wp-json\/wp\/v2\/product_cat?post=14921"},{"taxonomy":"product_tag","embeddable":true,"href":"https:\/\/www.loire-gourmande.fr\/en\/wp-json\/wp\/v2\/product_tag?post=14921"}],"curies":[{"name":"wp","href":"https:\/\/api.w.org\/{rel}","templated":true}]}}