{"id":14987,"date":"2026-05-05T06:17:10","date_gmt":"2026-05-05T05:17:10","guid":{"rendered":"https:\/\/www.loire-gourmande.fr\/produit\/lamelie-saumur-blanc-domaine-de-la-fessardiere\/"},"modified":"2026-05-05T06:17:10","modified_gmt":"2026-05-05T05:17:10","slug":"lamelie-saumur-blanc-domaine-de-la-fessardiere","status":"publish","type":"product","link":"https:\/\/www.loire-gourmande.fr\/en\/product\/lamelie-saumur-blanc-domaine-de-la-fessardiere\/","title":{"rendered":"L&#8217;AM\u00c9LIE SAUMUR BLANC DOMAINE DE LA FESSARDI\u00c8RE"},"content":{"rendered":"<div class=\"\">\n<div class=\"uppercase font-semibold font-din2014narrow\">WINEMAKING<\/div>\n<div>\n<p>Second sorting in the Chenin to harvest golden grapes. Ageing is done in 400-litre barrels on fine lees for 8 to 9 months. <\/p>\n<\/div>\n<\/div>\n<div class=\"\">\n<div class=\"uppercase font-semibold font-din2014narrow\">TASTING<\/div>\n<div>\n<p>Clear golden colour. Complex nose of flowers and citrus. Lively and fruity on the palate, carried by an elegant woodiness. The Am\u00e9lie owes its name to the first frigate on which the ship&#8217;s mate Abel Aubert Du Petit Thouars <i><em>embarked (see The Estate).<\/em><\/i>   <\/p>\n<\/div>\n<\/div>\n<div class=\"!border-none\">\n<div class=\"uppercase font-semibold font-din2014narrow\">SERVICE AND AGREEMENTS<\/div>\n<div>\n<p>This harmonious wine can be served as an aperitif from 12\u00b0, it goes very well with white meats such as a veal cutlet with cream and small white mushrooms and it goes very well with goat&#8217;s cheeses from the region. To be kept for up to 5 years. <\/p>\n<\/div>\n<\/div>\n","protected":false},"excerpt":{"rendered":"<p>The Ch\u00e2teau de la Fessardi\u00e8re, built in the seventeenth century, houses under its large terrace the entrance to the older wine cellar, which extends under the vines located at the back of the castle. The cellar was designed to receive the grapes and vinify them, its construction is made of vaults and domes and contains imposing vats dug into the tufa stone. <\/p>\n","protected":false},"featured_media":14961,"template":"","meta":{"inline_featured_image":false},"product_brand":[],"product_cat":[334,540,337],"product_tag":[383,832,357],"class_list":{"0":"post-14987","1":"product","2":"type-product","3":"status-publish","4":"has-post-thumbnail","6":"product_cat-anjou-en","7":"product_cat-loire-valley","8":"product_cat-white-wines","9":"product_tag-aperitif-cheese-cold-cuts","10":"product_tag-goat-cheese","11":"product_tag-white-meat","13":"first","14":"instock","15":"taxable","16":"shipping-taxable","17":"purchasable","18":"product-type-simple"},"yoast_head":"<!-- This site is optimized with the Yoast SEO plugin v27.6 - https:\/\/yoast.com\/product\/yoast-seo-wordpress\/ -->\n<title>L&#039;AM\u00c9LIE SAUMUR BLANC DOMAINE DE LA FESSARDI\u00c8RE - Loire Gourmande - a tasty stage<\/title>\n<meta name=\"robots\" content=\"index, follow, max-snippet:-1, max-image-preview:large, max-video-preview:-1\" \/>\n<link rel=\"canonical\" href=\"https:\/\/www.loire-gourmande.fr\/en\/product\/lamelie-saumur-blanc-domaine-de-la-fessardiere\/\" \/>\n<meta property=\"og:locale\" content=\"en_US\" \/>\n<meta property=\"og:type\" content=\"article\" \/>\n<meta property=\"og:title\" content=\"L&#039;AM\u00c9LIE SAUMUR BLANC DOMAINE DE LA FESSARDI\u00c8RE - Loire Gourmande - a tasty stage\" \/>\n<meta property=\"og:description\" content=\"The Ch\u00e2teau de la Fessardi\u00e8re, built in the seventeenth century, houses under its large terrace the entrance to the older wine cellar, which extends under the vines located at the back of the castle. The cellar was designed to receive the grapes and vinify them, its construction is made of vaults and domes and contains imposing vats dug into the tufa stone.\" \/>\n<meta property=\"og:url\" content=\"https:\/\/www.loire-gourmande.fr\/en\/product\/lamelie-saumur-blanc-domaine-de-la-fessardiere\/\" \/>\n<meta property=\"og:site_name\" content=\"Loire Gourmande - a tasty stage\" \/>\n<meta property=\"article:publisher\" content=\"https:\/\/www.facebook.com\/Loire-Gourmande-Turquant-101991328328493\/\" \/>\n<meta property=\"og:image\" content=\"https:\/\/www.loire-gourmande.fr\/wp-content\/uploads\/2026\/05\/Amelie-Fessardiere-blanc.jpg\" \/>\n\t<meta property=\"og:image:width\" content=\"800\" \/>\n\t<meta property=\"og:image:height\" content=\"800\" \/>\n\t<meta property=\"og:image:type\" content=\"image\/jpeg\" \/>\n<meta name=\"twitter:card\" content=\"summary_large_image\" \/>\n<meta name=\"twitter:label1\" content=\"Est. reading time\" \/>\n\t<meta name=\"twitter:data1\" content=\"1 minute\" \/>\n<script type=\"application\/ld+json\" class=\"yoast-schema-graph\">{\"@context\":\"https:\\\/\\\/schema.org\",\"@graph\":[{\"@type\":\"WebPage\",\"@id\":\"https:\\\/\\\/www.loire-gourmande.fr\\\/en\\\/product\\\/lamelie-saumur-blanc-domaine-de-la-fessardiere\\\/\",\"url\":\"https:\\\/\\\/www.loire-gourmande.fr\\\/en\\\/product\\\/lamelie-saumur-blanc-domaine-de-la-fessardiere\\\/\",\"name\":\"L'AM\u00c9LIE SAUMUR BLANC DOMAINE DE LA FESSARDI\u00c8RE - Loire Gourmande - a tasty stage\",\"isPartOf\":{\"@id\":\"https:\\\/\\\/www.loire-gourmande.fr\\\/en\\\/#website\"},\"primaryImageOfPage\":{\"@id\":\"https:\\\/\\\/www.loire-gourmande.fr\\\/en\\\/product\\\/lamelie-saumur-blanc-domaine-de-la-fessardiere\\\/#primaryimage\"},\"image\":{\"@id\":\"https:\\\/\\\/www.loire-gourmande.fr\\\/en\\\/product\\\/lamelie-saumur-blanc-domaine-de-la-fessardiere\\\/#primaryimage\"},\"thumbnailUrl\":\"https:\\\/\\\/www.loire-gourmande.fr\\\/wp-content\\\/uploads\\\/2026\\\/05\\\/Amelie-Fessardiere-blanc.jpg\",\"datePublished\":\"2026-05-05T05:17:10+00:00\",\"breadcrumb\":{\"@id\":\"https:\\\/\\\/www.loire-gourmande.fr\\\/en\\\/product\\\/lamelie-saumur-blanc-domaine-de-la-fessardiere\\\/#breadcrumb\"},\"inLanguage\":\"en-US\",\"potentialAction\":[{\"@type\":\"ReadAction\",\"target\":[\"https:\\\/\\\/www.loire-gourmande.fr\\\/en\\\/product\\\/lamelie-saumur-blanc-domaine-de-la-fessardiere\\\/\"]}]},{\"@type\":\"ImageObject\",\"inLanguage\":\"en-US\",\"@id\":\"https:\\\/\\\/www.loire-gourmande.fr\\\/en\\\/product\\\/lamelie-saumur-blanc-domaine-de-la-fessardiere\\\/#primaryimage\",\"url\":\"https:\\\/\\\/www.loire-gourmande.fr\\\/wp-content\\\/uploads\\\/2026\\\/05\\\/Amelie-Fessardiere-blanc.jpg\",\"contentUrl\":\"https:\\\/\\\/www.loire-gourmande.fr\\\/wp-content\\\/uploads\\\/2026\\\/05\\\/Amelie-Fessardiere-blanc.jpg\",\"width\":800,\"height\":800},{\"@type\":\"BreadcrumbList\",\"@id\":\"https:\\\/\\\/www.loire-gourmande.fr\\\/en\\\/product\\\/lamelie-saumur-blanc-domaine-de-la-fessardiere\\\/#breadcrumb\",\"itemListElement\":[{\"@type\":\"ListItem\",\"position\":1,\"name\":\"Home\",\"item\":\"https:\\\/\\\/www.loire-gourmande.fr\\\/en\\\/\"},{\"@type\":\"ListItem\",\"position\":2,\"name\":\"The Boutique de Loire Gourmande: the wines of the Loire\",\"item\":\"https:\\\/\\\/www.loire-gourmande.fr\\\/en\\\/woocommerce\\\/\"},{\"@type\":\"ListItem\",\"position\":3,\"name\":\"L&#8217;AM\u00c9LIE SAUMUR BLANC DOMAINE DE LA FESSARDI\u00c8RE\"}]},{\"@type\":\"WebSite\",\"@id\":\"https:\\\/\\\/www.loire-gourmande.fr\\\/en\\\/#website\",\"url\":\"https:\\\/\\\/www.loire-gourmande.fr\\\/en\\\/\",\"name\":\"Loire Gourmande, une \u00e9tape savoureuse\",\"description\":\"a tasting session at any time and a shop to visit in Turquant (49)\\n\\n\\n\\n\\n\\n\\n\\n\",\"publisher\":{\"@id\":\"https:\\\/\\\/www.loire-gourmande.fr\\\/en\\\/#organization\"},\"potentialAction\":[{\"@type\":\"SearchAction\",\"target\":{\"@type\":\"EntryPoint\",\"urlTemplate\":\"https:\\\/\\\/www.loire-gourmande.fr\\\/en\\\/?s={search_term_string}\"},\"query-input\":{\"@type\":\"PropertyValueSpecification\",\"valueRequired\":true,\"valueName\":\"search_term_string\"}}],\"inLanguage\":\"en-US\"},{\"@type\":\"Organization\",\"@id\":\"https:\\\/\\\/www.loire-gourmande.fr\\\/en\\\/#organization\",\"name\":\"Loire Gourmande - restauration rapide et visite \u00e0 Turquant (49)\",\"url\":\"https:\\\/\\\/www.loire-gourmande.fr\\\/en\\\/\",\"logo\":{\"@type\":\"ImageObject\",\"inLanguage\":\"en-US\",\"@id\":\"https:\\\/\\\/www.loire-gourmande.fr\\\/en\\\/#\\\/schema\\\/logo\\\/image\\\/\",\"url\":\"https:\\\/\\\/www.loire-gourmande.fr\\\/wp-content\\\/uploads\\\/2020\\\/10\\\/loire-gourmande-logo.jpg\",\"contentUrl\":\"https:\\\/\\\/www.loire-gourmande.fr\\\/wp-content\\\/uploads\\\/2020\\\/10\\\/loire-gourmande-logo.jpg\",\"width\":800,\"height\":415,\"caption\":\"Loire Gourmande - restauration rapide et visite \u00e0 Turquant (49)\"},\"image\":{\"@id\":\"https:\\\/\\\/www.loire-gourmande.fr\\\/en\\\/#\\\/schema\\\/logo\\\/image\\\/\"},\"sameAs\":[\"https:\\\/\\\/www.facebook.com\\\/Loire-Gourmande-Turquant-101991328328493\\\/\",\"https:\\\/\\\/www.instagram.com\\\/jean_yves_auradon\\\/?igshid=1ta3mfjka326t\"]}]}<\/script>\n<!-- \/ Yoast SEO plugin. -->","yoast_head_json":{"title":"L'AM\u00c9LIE SAUMUR BLANC DOMAINE DE LA FESSARDI\u00c8RE - Loire Gourmande - a tasty stage","robots":{"index":"index","follow":"follow","max-snippet":"max-snippet:-1","max-image-preview":"max-image-preview:large","max-video-preview":"max-video-preview:-1"},"canonical":"https:\/\/www.loire-gourmande.fr\/en\/product\/lamelie-saumur-blanc-domaine-de-la-fessardiere\/","og_locale":"en_US","og_type":"article","og_title":"L'AM\u00c9LIE SAUMUR BLANC DOMAINE DE LA FESSARDI\u00c8RE - Loire Gourmande - a tasty stage","og_description":"The Ch\u00e2teau de la Fessardi\u00e8re, built in the seventeenth century, houses under its large terrace the entrance to the older wine cellar, which extends under the vines located at the back of the castle. The cellar was designed to receive the grapes and vinify them, its construction is made of vaults and domes and contains imposing vats dug into the tufa stone.","og_url":"https:\/\/www.loire-gourmande.fr\/en\/product\/lamelie-saumur-blanc-domaine-de-la-fessardiere\/","og_site_name":"Loire Gourmande - a tasty stage","article_publisher":"https:\/\/www.facebook.com\/Loire-Gourmande-Turquant-101991328328493\/","og_image":[{"width":800,"height":800,"url":"https:\/\/www.loire-gourmande.fr\/wp-content\/uploads\/2026\/05\/Amelie-Fessardiere-blanc.jpg","type":"image\/jpeg"}],"twitter_card":"summary_large_image","twitter_misc":{"Est. reading time":"1 minute"},"schema":{"@context":"https:\/\/schema.org","@graph":[{"@type":"WebPage","@id":"https:\/\/www.loire-gourmande.fr\/en\/product\/lamelie-saumur-blanc-domaine-de-la-fessardiere\/","url":"https:\/\/www.loire-gourmande.fr\/en\/product\/lamelie-saumur-blanc-domaine-de-la-fessardiere\/","name":"L'AM\u00c9LIE SAUMUR BLANC DOMAINE DE LA FESSARDI\u00c8RE - Loire Gourmande - a tasty stage","isPartOf":{"@id":"https:\/\/www.loire-gourmande.fr\/en\/#website"},"primaryImageOfPage":{"@id":"https:\/\/www.loire-gourmande.fr\/en\/product\/lamelie-saumur-blanc-domaine-de-la-fessardiere\/#primaryimage"},"image":{"@id":"https:\/\/www.loire-gourmande.fr\/en\/product\/lamelie-saumur-blanc-domaine-de-la-fessardiere\/#primaryimage"},"thumbnailUrl":"https:\/\/www.loire-gourmande.fr\/wp-content\/uploads\/2026\/05\/Amelie-Fessardiere-blanc.jpg","datePublished":"2026-05-05T05:17:10+00:00","breadcrumb":{"@id":"https:\/\/www.loire-gourmande.fr\/en\/product\/lamelie-saumur-blanc-domaine-de-la-fessardiere\/#breadcrumb"},"inLanguage":"en-US","potentialAction":[{"@type":"ReadAction","target":["https:\/\/www.loire-gourmande.fr\/en\/product\/lamelie-saumur-blanc-domaine-de-la-fessardiere\/"]}]},{"@type":"ImageObject","inLanguage":"en-US","@id":"https:\/\/www.loire-gourmande.fr\/en\/product\/lamelie-saumur-blanc-domaine-de-la-fessardiere\/#primaryimage","url":"https:\/\/www.loire-gourmande.fr\/wp-content\/uploads\/2026\/05\/Amelie-Fessardiere-blanc.jpg","contentUrl":"https:\/\/www.loire-gourmande.fr\/wp-content\/uploads\/2026\/05\/Amelie-Fessardiere-blanc.jpg","width":800,"height":800},{"@type":"BreadcrumbList","@id":"https:\/\/www.loire-gourmande.fr\/en\/product\/lamelie-saumur-blanc-domaine-de-la-fessardiere\/#breadcrumb","itemListElement":[{"@type":"ListItem","position":1,"name":"Home","item":"https:\/\/www.loire-gourmande.fr\/en\/"},{"@type":"ListItem","position":2,"name":"The Boutique de Loire Gourmande: the wines of the Loire","item":"https:\/\/www.loire-gourmande.fr\/en\/woocommerce\/"},{"@type":"ListItem","position":3,"name":"L&#8217;AM\u00c9LIE SAUMUR BLANC DOMAINE DE LA FESSARDI\u00c8RE"}]},{"@type":"WebSite","@id":"https:\/\/www.loire-gourmande.fr\/en\/#website","url":"https:\/\/www.loire-gourmande.fr\/en\/","name":"Loire Gourmande, une \u00e9tape savoureuse","description":"a tasting session at any time and a shop to visit in Turquant (49)\n\n\n\n\n\n\n\n","publisher":{"@id":"https:\/\/www.loire-gourmande.fr\/en\/#organization"},"potentialAction":[{"@type":"SearchAction","target":{"@type":"EntryPoint","urlTemplate":"https:\/\/www.loire-gourmande.fr\/en\/?s={search_term_string}"},"query-input":{"@type":"PropertyValueSpecification","valueRequired":true,"valueName":"search_term_string"}}],"inLanguage":"en-US"},{"@type":"Organization","@id":"https:\/\/www.loire-gourmande.fr\/en\/#organization","name":"Loire Gourmande - restauration rapide et visite \u00e0 Turquant (49)","url":"https:\/\/www.loire-gourmande.fr\/en\/","logo":{"@type":"ImageObject","inLanguage":"en-US","@id":"https:\/\/www.loire-gourmande.fr\/en\/#\/schema\/logo\/image\/","url":"https:\/\/www.loire-gourmande.fr\/wp-content\/uploads\/2020\/10\/loire-gourmande-logo.jpg","contentUrl":"https:\/\/www.loire-gourmande.fr\/wp-content\/uploads\/2020\/10\/loire-gourmande-logo.jpg","width":800,"height":415,"caption":"Loire Gourmande - restauration rapide et visite \u00e0 Turquant (49)"},"image":{"@id":"https:\/\/www.loire-gourmande.fr\/en\/#\/schema\/logo\/image\/"},"sameAs":["https:\/\/www.facebook.com\/Loire-Gourmande-Turquant-101991328328493\/","https:\/\/www.instagram.com\/jean_yves_auradon\/?igshid=1ta3mfjka326t"]}]}},"_links":{"self":[{"href":"https:\/\/www.loire-gourmande.fr\/en\/wp-json\/wp\/v2\/product\/14987","targetHints":{"allow":["GET"]}}],"collection":[{"href":"https:\/\/www.loire-gourmande.fr\/en\/wp-json\/wp\/v2\/product"}],"about":[{"href":"https:\/\/www.loire-gourmande.fr\/en\/wp-json\/wp\/v2\/types\/product"}],"version-history":[{"count":0,"href":"https:\/\/www.loire-gourmande.fr\/en\/wp-json\/wp\/v2\/product\/14987\/revisions"}],"wp:featuredmedia":[{"embeddable":true,"href":"https:\/\/www.loire-gourmande.fr\/en\/wp-json\/wp\/v2\/media\/14961"}],"wp:attachment":[{"href":"https:\/\/www.loire-gourmande.fr\/en\/wp-json\/wp\/v2\/media?parent=14987"}],"wp:term":[{"taxonomy":"product_brand","embeddable":true,"href":"https:\/\/www.loire-gourmande.fr\/en\/wp-json\/wp\/v2\/product_brand?post=14987"},{"taxonomy":"product_cat","embeddable":true,"href":"https:\/\/www.loire-gourmande.fr\/en\/wp-json\/wp\/v2\/product_cat?post=14987"},{"taxonomy":"product_tag","embeddable":true,"href":"https:\/\/www.loire-gourmande.fr\/en\/wp-json\/wp\/v2\/product_tag?post=14987"}],"curies":[{"name":"wp","href":"https:\/\/api.w.org\/{rel}","templated":true}]}}