{"id":7498,"date":"2023-02-18T14:57:43","date_gmt":"2023-02-18T14:57:43","guid":{"rendered":"https:\/\/www.loire-gourmande.fr\/produit\/muscadet-coteaux-de-la-loire-sur-lie-chateau-de-la-baronniere\/"},"modified":"2025-05-27T16:03:19","modified_gmt":"2025-05-27T15:03:19","slug":"muscadet-coteaux-de-la-loire-sur-lie-chateau-de-la-baronniere","status":"publish","type":"product","link":"https:\/\/www.loire-gourmande.fr\/en\/product\/muscadet-coteaux-de-la-loire-sur-lie-chateau-de-la-baronniere\/","title":{"rendered":"MUSCADET COTEAUX DE LA LOIRE SUR LIE CHATEAU DE LA BARONNIERE"},"content":{"rendered":"<p>La Baronni\u00e8re is a family property set in a green setting in the heart of the Mauges. The 19th-century ch\u00e2teau, built near the ruins of the ch\u00e2teau of the Vend\u00e9e general Bonchamps, is surrounded by superb romantic parkland, a vegetable garden that encourages biodiversity, outbuildings and a chapel where the Arnous Rivi\u00e8re descendants still celebrate family events.<br \/>\nCh\u00e2teau de La Baronni\u00e8re is an ideal venue for celebrations, but it&#8217;s also an unspoilt site where calm and serenity reign; here you&#8217;ll find a deep, peaceful sleep.<\/p>\n<p class=\"font_7\"><strong>Designation:<\/strong> PDO<br \/>\n<strong>Grape variety:<\/strong> Melon de Bourgogne<br \/>\n<strong>Soil<\/strong>: Clay-limestone<br \/>\n<strong>Wine type :<\/strong> Dry<br \/>\n<strong>Alcohol content:<\/strong> 12%.<br \/>\n<strong>Colour:<\/strong> Pale gold with green highlights<br \/>\n<strong>Tasting notes:<\/strong> White flowers, citrus fruit and mineral <span class=\"wixGuard\">notes<br \/>\n<\/span> <strong>Serving temperature:<\/strong> 8 to 10\u00b0C.<br \/>\n<strong>Aging potential:<\/strong> 11 to 13\u00b0<span class=\"wixGuard\">C<br \/>\n<\/span> <strong>Ageing potential:<\/strong> 1 to 3 years<br \/>\n<strong>Wine and food pairing:<\/strong> Fish, grilled fish, shellfish<\/p>\n","protected":false},"excerpt":{"rendered":"<p>Its brilliant pale yellow colour with white highlights opens up to an expressive, complex nose that combines the scents of exotic fruits (mango, passion fruit) with those of &#8216;Arlequin&#8217; sweets (banana). On the palate, the pearly, supple attack offers a fleshy, unctuous body and fine balance, as well as fruity (pear) and slightly toasted aromas that linger in a long, delicately mineral finish. A very fine Muscadet Coteaux de la Loire sur lie.<\/p>\n","protected":false},"featured_media":6979,"template":"","meta":{"inline_featured_image":false},"product_brand":[],"product_cat":[341,337],"product_tag":[366,368,367],"class_list":{"0":"post-7498","1":"product","2":"type-product","3":"status-publish","4":"has-post-thumbnail","6":"product_cat-nantes-vinyards","7":"product_cat-white-wines","8":"product_tag-fish-en","9":"product_tag-grilled-fish","10":"product_tag-oysters-and-shellfish","11":"product_shipping_class-bottle","13":"first","14":"instock","15":"featured","16":"taxable","17":"shipping-taxable","18":"purchasable","19":"product-type-simple"},"yoast_head":"<!-- This site is optimized with the Yoast SEO plugin v27.6 - https:\/\/yoast.com\/product\/yoast-seo-wordpress\/ -->\n<title>MUSCADET COTEAUX DE LA LOIRE SUR LIE CHATEAU DE LA BARONNIERE - Loire Gourmande - a tasty stage<\/title>\n<meta name=\"description\" content=\"The Muscadet Coteaux de la Loire Sur Lie. Loire Valley wines. Order from the Loire Gourmande website. Wine merchant in Turquant (49).\" \/>\n<meta name=\"robots\" content=\"index, follow, max-snippet:-1, max-image-preview:large, max-video-preview:-1\" \/>\n<link rel=\"canonical\" href=\"https:\/\/www.loire-gourmande.fr\/en\/product\/muscadet-coteaux-de-la-loire-sur-lie-chateau-de-la-baronniere\/\" \/>\n<meta property=\"og:locale\" content=\"en_US\" \/>\n<meta property=\"og:type\" content=\"article\" \/>\n<meta property=\"og:title\" content=\"MUSCADET COTEAUX DE LA LOIRE SUR LIE CHATEAU DE LA BARONNIERE - Loire Gourmande - a tasty stage\" \/>\n<meta property=\"og:description\" content=\"The Muscadet Coteaux de la Loire Sur Lie. Loire Valley wines. Order from the Loire Gourmande website. Wine merchant in Turquant (49).\" \/>\n<meta property=\"og:url\" content=\"https:\/\/www.loire-gourmande.fr\/en\/product\/muscadet-coteaux-de-la-loire-sur-lie-chateau-de-la-baronniere\/\" \/>\n<meta property=\"og:site_name\" content=\"Loire Gourmande - a tasty stage\" \/>\n<meta property=\"article:publisher\" content=\"https:\/\/www.facebook.com\/Loire-Gourmande-Turquant-101991328328493\/\" \/>\n<meta property=\"article:modified_time\" content=\"2025-05-27T15:03:19+00:00\" \/>\n<meta property=\"og:image\" content=\"https:\/\/www.loire-gourmande.fr\/wp-content\/uploads\/2023\/02\/AOC-Muscadet-Coteaux-de-la-Loire-sur-Lie-22Chateau-de-la-Baronniere22.png\" \/>\n\t<meta property=\"og:image:width\" content=\"1468\" \/>\n\t<meta property=\"og:image:height\" content=\"1800\" \/>\n\t<meta property=\"og:image:type\" content=\"image\/png\" \/>\n<meta name=\"twitter:card\" content=\"summary_large_image\" \/>\n<meta name=\"twitter:label1\" content=\"Est. reading time\" \/>\n\t<meta name=\"twitter:data1\" content=\"1 minute\" \/>\n<script type=\"application\/ld+json\" class=\"yoast-schema-graph\">{\"@context\":\"https:\\\/\\\/schema.org\",\"@graph\":[{\"@type\":\"WebPage\",\"@id\":\"https:\\\/\\\/www.loire-gourmande.fr\\\/en\\\/product\\\/muscadet-coteaux-de-la-loire-sur-lie-chateau-de-la-baronniere\\\/\",\"url\":\"https:\\\/\\\/www.loire-gourmande.fr\\\/en\\\/product\\\/muscadet-coteaux-de-la-loire-sur-lie-chateau-de-la-baronniere\\\/\",\"name\":\"MUSCADET COTEAUX DE LA LOIRE SUR LIE CHATEAU DE LA BARONNIERE - Loire Gourmande - a tasty stage\",\"isPartOf\":{\"@id\":\"https:\\\/\\\/www.loire-gourmande.fr\\\/en\\\/#website\"},\"primaryImageOfPage\":{\"@id\":\"https:\\\/\\\/www.loire-gourmande.fr\\\/en\\\/product\\\/muscadet-coteaux-de-la-loire-sur-lie-chateau-de-la-baronniere\\\/#primaryimage\"},\"image\":{\"@id\":\"https:\\\/\\\/www.loire-gourmande.fr\\\/en\\\/product\\\/muscadet-coteaux-de-la-loire-sur-lie-chateau-de-la-baronniere\\\/#primaryimage\"},\"thumbnailUrl\":\"https:\\\/\\\/www.loire-gourmande.fr\\\/wp-content\\\/uploads\\\/2023\\\/02\\\/AOC-Muscadet-Coteaux-de-la-Loire-sur-Lie-22Chateau-de-la-Baronniere22.png\",\"datePublished\":\"2023-02-18T14:57:43+00:00\",\"dateModified\":\"2025-05-27T15:03:19+00:00\",\"description\":\"The Muscadet Coteaux de la Loire Sur Lie. Loire Valley wines. Order from the Loire Gourmande website. Wine merchant in Turquant (49).\",\"breadcrumb\":{\"@id\":\"https:\\\/\\\/www.loire-gourmande.fr\\\/en\\\/product\\\/muscadet-coteaux-de-la-loire-sur-lie-chateau-de-la-baronniere\\\/#breadcrumb\"},\"inLanguage\":\"en-US\",\"potentialAction\":[{\"@type\":\"ReadAction\",\"target\":[\"https:\\\/\\\/www.loire-gourmande.fr\\\/en\\\/product\\\/muscadet-coteaux-de-la-loire-sur-lie-chateau-de-la-baronniere\\\/\"]}]},{\"@type\":\"ImageObject\",\"inLanguage\":\"en-US\",\"@id\":\"https:\\\/\\\/www.loire-gourmande.fr\\\/en\\\/product\\\/muscadet-coteaux-de-la-loire-sur-lie-chateau-de-la-baronniere\\\/#primaryimage\",\"url\":\"https:\\\/\\\/www.loire-gourmande.fr\\\/wp-content\\\/uploads\\\/2023\\\/02\\\/AOC-Muscadet-Coteaux-de-la-Loire-sur-Lie-22Chateau-de-la-Baronniere22.png\",\"contentUrl\":\"https:\\\/\\\/www.loire-gourmande.fr\\\/wp-content\\\/uploads\\\/2023\\\/02\\\/AOC-Muscadet-Coteaux-de-la-Loire-sur-Lie-22Chateau-de-la-Baronniere22.png\",\"width\":1468,\"height\":1800},{\"@type\":\"BreadcrumbList\",\"@id\":\"https:\\\/\\\/www.loire-gourmande.fr\\\/en\\\/product\\\/muscadet-coteaux-de-la-loire-sur-lie-chateau-de-la-baronniere\\\/#breadcrumb\",\"itemListElement\":[{\"@type\":\"ListItem\",\"position\":1,\"name\":\"Home\",\"item\":\"https:\\\/\\\/www.loire-gourmande.fr\\\/en\\\/\"},{\"@type\":\"ListItem\",\"position\":2,\"name\":\"The Boutique de Loire Gourmande: the wines of the Loire\",\"item\":\"https:\\\/\\\/www.loire-gourmande.fr\\\/en\\\/woocommerce\\\/\"},{\"@type\":\"ListItem\",\"position\":3,\"name\":\"Wines\",\"item\":\"https:\\\/\\\/www.loire-gourmande.fr\\\/en\\\/product-category\\\/wines\\\/\"},{\"@type\":\"ListItem\",\"position\":4,\"name\":\"White wines\",\"item\":\"https:\\\/\\\/www.loire-gourmande.fr\\\/en\\\/product-category\\\/wines\\\/white-wines\\\/\"},{\"@type\":\"ListItem\",\"position\":5,\"name\":\"MUSCADET COTEAUX DE LA LOIRE SUR LIE CHATEAU DE LA BARONNIERE\"}]},{\"@type\":\"WebSite\",\"@id\":\"https:\\\/\\\/www.loire-gourmande.fr\\\/en\\\/#website\",\"url\":\"https:\\\/\\\/www.loire-gourmande.fr\\\/en\\\/\",\"name\":\"Loire Gourmande, une \u00e9tape savoureuse\",\"description\":\"a tasting session at any time and a shop to visit in Turquant (49)\\n\\n\\n\\n\\n\\n\\n\\n\",\"publisher\":{\"@id\":\"https:\\\/\\\/www.loire-gourmande.fr\\\/en\\\/#organization\"},\"potentialAction\":[{\"@type\":\"SearchAction\",\"target\":{\"@type\":\"EntryPoint\",\"urlTemplate\":\"https:\\\/\\\/www.loire-gourmande.fr\\\/en\\\/?s={search_term_string}\"},\"query-input\":{\"@type\":\"PropertyValueSpecification\",\"valueRequired\":true,\"valueName\":\"search_term_string\"}}],\"inLanguage\":\"en-US\"},{\"@type\":\"Organization\",\"@id\":\"https:\\\/\\\/www.loire-gourmande.fr\\\/en\\\/#organization\",\"name\":\"Loire Gourmande - restauration rapide et visite \u00e0 Turquant (49)\",\"url\":\"https:\\\/\\\/www.loire-gourmande.fr\\\/en\\\/\",\"logo\":{\"@type\":\"ImageObject\",\"inLanguage\":\"en-US\",\"@id\":\"https:\\\/\\\/www.loire-gourmande.fr\\\/en\\\/#\\\/schema\\\/logo\\\/image\\\/\",\"url\":\"https:\\\/\\\/www.loire-gourmande.fr\\\/wp-content\\\/uploads\\\/2020\\\/10\\\/loire-gourmande-logo.jpg\",\"contentUrl\":\"https:\\\/\\\/www.loire-gourmande.fr\\\/wp-content\\\/uploads\\\/2020\\\/10\\\/loire-gourmande-logo.jpg\",\"width\":800,\"height\":415,\"caption\":\"Loire Gourmande - restauration rapide et visite \u00e0 Turquant (49)\"},\"image\":{\"@id\":\"https:\\\/\\\/www.loire-gourmande.fr\\\/en\\\/#\\\/schema\\\/logo\\\/image\\\/\"},\"sameAs\":[\"https:\\\/\\\/www.facebook.com\\\/Loire-Gourmande-Turquant-101991328328493\\\/\",\"https:\\\/\\\/www.instagram.com\\\/jean_yves_auradon\\\/?igshid=1ta3mfjka326t\"]}]}<\/script>\n<!-- \/ Yoast SEO plugin. -->","yoast_head_json":{"title":"MUSCADET COTEAUX DE LA LOIRE SUR LIE CHATEAU DE LA BARONNIERE - Loire Gourmande - a tasty stage","description":"The Muscadet Coteaux de la Loire Sur Lie. Loire Valley wines. Order from the Loire Gourmande website. Wine merchant in Turquant (49).","robots":{"index":"index","follow":"follow","max-snippet":"max-snippet:-1","max-image-preview":"max-image-preview:large","max-video-preview":"max-video-preview:-1"},"canonical":"https:\/\/www.loire-gourmande.fr\/en\/product\/muscadet-coteaux-de-la-loire-sur-lie-chateau-de-la-baronniere\/","og_locale":"en_US","og_type":"article","og_title":"MUSCADET COTEAUX DE LA LOIRE SUR LIE CHATEAU DE LA BARONNIERE - Loire Gourmande - a tasty stage","og_description":"The Muscadet Coteaux de la Loire Sur Lie. Loire Valley wines. Order from the Loire Gourmande website. Wine merchant in Turquant (49).","og_url":"https:\/\/www.loire-gourmande.fr\/en\/product\/muscadet-coteaux-de-la-loire-sur-lie-chateau-de-la-baronniere\/","og_site_name":"Loire Gourmande - a tasty stage","article_publisher":"https:\/\/www.facebook.com\/Loire-Gourmande-Turquant-101991328328493\/","article_modified_time":"2025-05-27T15:03:19+00:00","og_image":[{"width":1468,"height":1800,"url":"https:\/\/www.loire-gourmande.fr\/wp-content\/uploads\/2023\/02\/AOC-Muscadet-Coteaux-de-la-Loire-sur-Lie-22Chateau-de-la-Baronniere22.png","type":"image\/png"}],"twitter_card":"summary_large_image","twitter_misc":{"Est. reading time":"1 minute"},"schema":{"@context":"https:\/\/schema.org","@graph":[{"@type":"WebPage","@id":"https:\/\/www.loire-gourmande.fr\/en\/product\/muscadet-coteaux-de-la-loire-sur-lie-chateau-de-la-baronniere\/","url":"https:\/\/www.loire-gourmande.fr\/en\/product\/muscadet-coteaux-de-la-loire-sur-lie-chateau-de-la-baronniere\/","name":"MUSCADET COTEAUX DE LA LOIRE SUR LIE CHATEAU DE LA BARONNIERE - Loire Gourmande - a tasty stage","isPartOf":{"@id":"https:\/\/www.loire-gourmande.fr\/en\/#website"},"primaryImageOfPage":{"@id":"https:\/\/www.loire-gourmande.fr\/en\/product\/muscadet-coteaux-de-la-loire-sur-lie-chateau-de-la-baronniere\/#primaryimage"},"image":{"@id":"https:\/\/www.loire-gourmande.fr\/en\/product\/muscadet-coteaux-de-la-loire-sur-lie-chateau-de-la-baronniere\/#primaryimage"},"thumbnailUrl":"https:\/\/www.loire-gourmande.fr\/wp-content\/uploads\/2023\/02\/AOC-Muscadet-Coteaux-de-la-Loire-sur-Lie-22Chateau-de-la-Baronniere22.png","datePublished":"2023-02-18T14:57:43+00:00","dateModified":"2025-05-27T15:03:19+00:00","description":"The Muscadet Coteaux de la Loire Sur Lie. Loire Valley wines. Order from the Loire Gourmande website. Wine merchant in Turquant (49).","breadcrumb":{"@id":"https:\/\/www.loire-gourmande.fr\/en\/product\/muscadet-coteaux-de-la-loire-sur-lie-chateau-de-la-baronniere\/#breadcrumb"},"inLanguage":"en-US","potentialAction":[{"@type":"ReadAction","target":["https:\/\/www.loire-gourmande.fr\/en\/product\/muscadet-coteaux-de-la-loire-sur-lie-chateau-de-la-baronniere\/"]}]},{"@type":"ImageObject","inLanguage":"en-US","@id":"https:\/\/www.loire-gourmande.fr\/en\/product\/muscadet-coteaux-de-la-loire-sur-lie-chateau-de-la-baronniere\/#primaryimage","url":"https:\/\/www.loire-gourmande.fr\/wp-content\/uploads\/2023\/02\/AOC-Muscadet-Coteaux-de-la-Loire-sur-Lie-22Chateau-de-la-Baronniere22.png","contentUrl":"https:\/\/www.loire-gourmande.fr\/wp-content\/uploads\/2023\/02\/AOC-Muscadet-Coteaux-de-la-Loire-sur-Lie-22Chateau-de-la-Baronniere22.png","width":1468,"height":1800},{"@type":"BreadcrumbList","@id":"https:\/\/www.loire-gourmande.fr\/en\/product\/muscadet-coteaux-de-la-loire-sur-lie-chateau-de-la-baronniere\/#breadcrumb","itemListElement":[{"@type":"ListItem","position":1,"name":"Home","item":"https:\/\/www.loire-gourmande.fr\/en\/"},{"@type":"ListItem","position":2,"name":"The Boutique de Loire Gourmande: the wines of the Loire","item":"https:\/\/www.loire-gourmande.fr\/en\/woocommerce\/"},{"@type":"ListItem","position":3,"name":"Wines","item":"https:\/\/www.loire-gourmande.fr\/en\/product-category\/wines\/"},{"@type":"ListItem","position":4,"name":"White wines","item":"https:\/\/www.loire-gourmande.fr\/en\/product-category\/wines\/white-wines\/"},{"@type":"ListItem","position":5,"name":"MUSCADET COTEAUX DE LA LOIRE SUR LIE CHATEAU DE LA BARONNIERE"}]},{"@type":"WebSite","@id":"https:\/\/www.loire-gourmande.fr\/en\/#website","url":"https:\/\/www.loire-gourmande.fr\/en\/","name":"Loire Gourmande, une \u00e9tape savoureuse","description":"a tasting session at any time and a shop to visit in Turquant (49)\n\n\n\n\n\n\n\n","publisher":{"@id":"https:\/\/www.loire-gourmande.fr\/en\/#organization"},"potentialAction":[{"@type":"SearchAction","target":{"@type":"EntryPoint","urlTemplate":"https:\/\/www.loire-gourmande.fr\/en\/?s={search_term_string}"},"query-input":{"@type":"PropertyValueSpecification","valueRequired":true,"valueName":"search_term_string"}}],"inLanguage":"en-US"},{"@type":"Organization","@id":"https:\/\/www.loire-gourmande.fr\/en\/#organization","name":"Loire Gourmande - restauration rapide et visite \u00e0 Turquant (49)","url":"https:\/\/www.loire-gourmande.fr\/en\/","logo":{"@type":"ImageObject","inLanguage":"en-US","@id":"https:\/\/www.loire-gourmande.fr\/en\/#\/schema\/logo\/image\/","url":"https:\/\/www.loire-gourmande.fr\/wp-content\/uploads\/2020\/10\/loire-gourmande-logo.jpg","contentUrl":"https:\/\/www.loire-gourmande.fr\/wp-content\/uploads\/2020\/10\/loire-gourmande-logo.jpg","width":800,"height":415,"caption":"Loire Gourmande - restauration rapide et visite \u00e0 Turquant (49)"},"image":{"@id":"https:\/\/www.loire-gourmande.fr\/en\/#\/schema\/logo\/image\/"},"sameAs":["https:\/\/www.facebook.com\/Loire-Gourmande-Turquant-101991328328493\/","https:\/\/www.instagram.com\/jean_yves_auradon\/?igshid=1ta3mfjka326t"]}]}},"_links":{"self":[{"href":"https:\/\/www.loire-gourmande.fr\/en\/wp-json\/wp\/v2\/product\/7498","targetHints":{"allow":["GET"]}}],"collection":[{"href":"https:\/\/www.loire-gourmande.fr\/en\/wp-json\/wp\/v2\/product"}],"about":[{"href":"https:\/\/www.loire-gourmande.fr\/en\/wp-json\/wp\/v2\/types\/product"}],"version-history":[{"count":4,"href":"https:\/\/www.loire-gourmande.fr\/en\/wp-json\/wp\/v2\/product\/7498\/revisions"}],"predecessor-version":[{"id":9556,"href":"https:\/\/www.loire-gourmande.fr\/en\/wp-json\/wp\/v2\/product\/7498\/revisions\/9556"}],"wp:featuredmedia":[{"embeddable":true,"href":"https:\/\/www.loire-gourmande.fr\/en\/wp-json\/wp\/v2\/media\/6979"}],"wp:attachment":[{"href":"https:\/\/www.loire-gourmande.fr\/en\/wp-json\/wp\/v2\/media?parent=7498"}],"wp:term":[{"taxonomy":"product_brand","embeddable":true,"href":"https:\/\/www.loire-gourmande.fr\/en\/wp-json\/wp\/v2\/product_brand?post=7498"},{"taxonomy":"product_cat","embeddable":true,"href":"https:\/\/www.loire-gourmande.fr\/en\/wp-json\/wp\/v2\/product_cat?post=7498"},{"taxonomy":"product_tag","embeddable":true,"href":"https:\/\/www.loire-gourmande.fr\/en\/wp-json\/wp\/v2\/product_tag?post=7498"}],"curies":[{"name":"wp","href":"https:\/\/api.w.org\/{rel}","templated":true}]}}